{"id":983,"date":"2022-03-18T10:22:19","date_gmt":"2022-03-18T02:22:19","guid":{"rendered":"http:\/\/www.oklee.ga\/?page_id=983"},"modified":"2022-12-01T15:41:13","modified_gmt":"2022-12-01T07:41:13","slug":"uz-min-pool-filter-media","status":"publish","type":"page","link":"https:\/\/zeolitemin.com\/vn\/products\/uz-min-pool-filter-media\/","title":{"rendered":"Ph\u01b0\u01a1ng ti\u1ec7n l\u1ecdc h\u1ed3 b\u01a1i UZ-Min"},"content":{"rendered":"<div data-elementor-type=\"wp-page\" data-elementor-id=\"983\" class=\"elementor elementor-983\" data-elementor-post-type=\"page\">\n\t\t\t\t\t\t<section class=\"elementor-section elementor-top-section elementor-element elementor-element-54a1563a elementor-section-height-min-height elementor-section-content-middle elementor-section-boxed elementor-section-height-default elementor-section-items-middle\" data-id=\"54a1563a\" data-element_type=\"section\" data-settings=\"{&quot;background_background&quot;:&quot;classic&quot;}\">\n\t\t\t\t\t\t<div class=\"elementor-container elementor-column-gap-default\">\n\t\t\t\t\t<div class=\"elementor-column elementor-col-100 elementor-top-column elementor-element elementor-element-9068106\" data-id=\"9068106\" data-element_type=\"column\">\n\t\t\t<div class=\"elementor-widget-wrap elementor-element-populated\">\n\t\t\t\t\t\t<div class=\"elementor-element elementor-element-2b6463c8 elementor-widget elementor-widget-theme-post-title elementor-page-title elementor-widget-heading\" data-id=\"2b6463c8\" data-element_type=\"widget\" data-widget_type=\"theme-post-title.default\">\n\t\t\t\t<div class=\"elementor-widget-container\">\n\t\t\t<h1 class=\"elementor-heading-title elementor-size-default\">Ph\u01b0\u01a1ng ti\u1ec7n l\u1ecdc h\u1ed3 b\u01a1i UZ-Min<\/h1>\t\t<\/div>\n\t\t\t\t<\/div>\n\t\t\t\t\t<\/div>\n\t\t<\/div>\n\t\t\t\t\t<\/div>\n\t\t<\/section>\n\t\t\t\t<section class=\"elementor-section elementor-top-section elementor-element elementor-element-171710c8 elementor-section-stretched elementor-section-boxed elementor-section-height-default elementor-section-height-default\" data-id=\"171710c8\" data-element_type=\"section\" data-settings=\"{&quot;stretch_section&quot;:&quot;section-stretched&quot;,&quot;background_background&quot;:&quot;classic&quot;}\">\n\t\t\t\t\t\t<div class=\"elementor-container elementor-column-gap-default\">\n\t\t\t\t\t<div class=\"elementor-column elementor-col-50 elementor-top-column elementor-element elementor-element-4f0fe147\" data-id=\"4f0fe147\" data-element_type=\"column\">\n\t\t\t<div class=\"elementor-widget-wrap elementor-element-populated\">\n\t\t\t\t\t\t<div class=\"elementor-element elementor-element-15ec52b6 elementor-widget elementor-widget-image\" data-id=\"15ec52b6\" data-element_type=\"widget\" data-widget_type=\"image.default\">\n\t\t\t\t<div class=\"elementor-widget-container\">\n\t\t\t\t\t\t\t\t\t\t\t\t\t<img fetchpriority=\"high\" decoding=\"async\" width=\"420\" height=\"276\" src=\"https:\/\/zeolitemin.com\/wp-content\/uploads\/2022\/03\/pool.jpg\" class=\"attachment-large size-large wp-image-676\" alt=\"Ph\u01b0\u01a1ng ti\u1ec7n l\u1ecdc h\u1ed3 b\u01a1i cho h\u1ed3 b\u01a1i\" srcset=\"https:\/\/zeolitemin.com\/wp-content\/uploads\/2022\/03\/pool.jpg 420w, https:\/\/zeolitemin.com\/wp-content\/uploads\/2022\/03\/pool-300x197.jpg 300w\" sizes=\"(max-width: 420px) 100vw, 420px\" \/>\t\t\t\t\t\t\t\t\t\t\t\t\t<\/div>\n\t\t\t\t<\/div>\n\t\t\t\t\t<\/div>\n\t\t<\/div>\n\t\t\t\t<div class=\"elementor-column elementor-col-50 elementor-top-column elementor-element elementor-element-18902fd2\" data-id=\"18902fd2\" data-element_type=\"column\">\n\t\t\t<div class=\"elementor-widget-wrap elementor-element-populated\">\n\t\t\t\t\t\t<div class=\"elementor-element elementor-element-64b8917e elementor-widget elementor-widget-heading\" data-id=\"64b8917e\" data-element_type=\"widget\" data-widget_type=\"heading.default\">\n\t\t\t\t<div class=\"elementor-widget-container\">\n\t\t\t<h2 class=\"elementor-heading-title elementor-size-default\">Ph\u01b0\u01a1ng ti\u1ec7n l\u1ecdc h\u1ed3 b\u01a1i UZ-Min<\/h2>\t\t<\/div>\n\t\t\t\t<\/div>\n\t\t\t\t<div class=\"elementor-element elementor-element-e6e354c elementor-widget elementor-widget-text-editor\" data-id=\"e6e354c\" data-element_type=\"widget\" data-widget_type=\"text-editor.default\">\n\t\t\t\t<div class=\"elementor-widget-container\">\n\t\t\t\t\t\t\t<p><a href=\"https:\/\/zeolitemin.com\/vn\/zeolite-applications\/pool-sand-and-hot-tubs\/\">B\u1ed9 l\u1ecdc ph\u01b0\u01a1ng ti\u1ec7n h\u1ed3 b\u01a1i<\/a> \u0111\u1ee7 \u0111\u01a1n gi\u1ea3n \u0111\u1ec3 ch\u00fang c\u00f3 th\u1ec3 \u0111\u01b0\u1ee3c x\u00e2y d\u1ef1ng t\u1ea1i nh\u00e0. L\u1ecdc Medias \u0111\u01b0\u1ee3c s\u1eed d\u1ee5ng trong c\u00e1c b\u1ed9 l\u1ecdc nh\u01b0 v\u1eady bao g\u1ed3m than antraxit, granat v\u00e0 than ho\u1ea1t t\u00ednh. M\u1ed7i lo\u1ea1i trong s\u1ed1 ch\u00fang, bao g\u1ed3m c\u00e1t v\u00e0 zeolit, c\u00f3 c\u00e1c \u0111\u1eb7c t\u00ednh gi\u00fap ch\u00fang kh\u1ea3 thi cho c\u00e1c \u1ee9ng d\u1ee5ng kh\u00e1c nhau d\u1ef1a tr\u00ean nh\u1eefng g\u00ec ch\u00fang c\u00f3 th\u1ec3 lo\u1ea1i b\u1ecf. Zeolit t\u1ef1 nhi\u00ean nh\u01b0 <a href=\"https:\/\/antenchem.com\" rel=\"noopener\">s\u00e0ng ph\u00e2n t\u1eed<\/a> c\u00f3 ch\u1ee9c n\u0103ng l\u1ecdc s\u1ea1ch n\u01b0\u1edbc d\u1ef1a tr\u00ean chi ph\u00ed th\u1ea5p v\u00e0 hi\u1ec7u qu\u1ea3 cao.<\/p>\t\t\t\t\t\t<\/div>\n\t\t\t\t<\/div>\n\t\t\t\t<div class=\"elementor-element elementor-element-2d828608 elementor-widget elementor-widget-text-editor\" data-id=\"2d828608\" data-element_type=\"widget\" data-widget_type=\"text-editor.default\">\n\t\t\t\t<div class=\"elementor-widget-container\">\n\t\t\t\t\t\t\t<p>L\u00f4 h\u00e0ng: Container \/ T\u00e0u s\u1ed1 l\u01b0\u1ee3ng l\u1edbn<br \/>Th\u1eddi gian giao h\u00e0ng: 10 ng\u00e0y sau PO<br \/>C\u00f4ng su\u1ea5t: 3500 MT \/ th\u00e1ng<br \/>\u0110\u00f3ng g\u00f3i: 25kgs \/ 50kgs \/ 700kgs<\/p>\t\t\t\t\t\t<\/div>\n\t\t\t\t<\/div>\n\t\t\t\t<div class=\"elementor-element elementor-element-a110c3d elementor-widget elementor-widget-text-editor\" data-id=\"a110c3d\" data-element_type=\"widget\" data-widget_type=\"text-editor.default\">\n\t\t\t\t<div class=\"elementor-widget-container\">\n\t\t\t\t\t\t\t<p>Ph\u01b0\u01a1ng ti\u1ec7n l\u1ecdc hi\u1ec7u qu\u1ea3 t\u1eeb 100% kho\u00e1ng ch\u1ea5t t\u1ef1 nhi\u00ean, ch\u1ea5t l\u01b0\u1ee3ng n\u01b0\u1edbc v\u01b0\u1ee3t tr\u1ed9i ch\u01b0a t\u1eebng c\u00f3 b\u1eb1ng c\u00e1c ph\u01b0\u01a1ng ph\u00e1p l\u1ecdc h\u1ed3 b\u01a1i truy\u1ec1n th\u1ed1ng<\/p>\t\t\t\t\t\t<\/div>\n\t\t\t\t<\/div>\n\t\t\t\t\t<\/div>\n\t\t<\/div>\n\t\t\t\t\t<\/div>\n\t\t<\/section>\n\t\t\t\t<section class=\"elementor-section elementor-top-section elementor-element elementor-element-61cb9873 elementor-section-boxed elementor-section-height-default elementor-section-height-default\" data-id=\"61cb9873\" data-element_type=\"section\" data-settings=\"{&quot;background_background&quot;:&quot;classic&quot;}\">\n\t\t\t\t\t\t<div class=\"elementor-container elementor-column-gap-default\">\n\t\t\t\t\t<div class=\"elementor-column elementor-col-100 elementor-top-column elementor-element elementor-element-649d42aa\" data-id=\"649d42aa\" data-element_type=\"column\">\n\t\t\t<div class=\"elementor-widget-wrap elementor-element-populated\">\n\t\t\t\t\t\t<div class=\"elementor-element elementor-element-603cbd52 elementor-widget elementor-widget-heading\" data-id=\"603cbd52\" data-element_type=\"widget\" data-widget_type=\"heading.default\">\n\t\t\t\t<div class=\"elementor-widget-container\">\n\t\t\t<h3 class=\"elementor-heading-title elementor-size-default\">L\u1ee3i \u00edch c\u1ee7a ph\u01b0\u01a1ng ti\u1ec7n l\u1ecdc b\u1ec3 b\u01a1i UZ-Min (Zeolite d\u1ef1a tr\u00ean Clinoptilolite)<\/h3>\t\t<\/div>\n\t\t\t\t<\/div>\n\t\t\t\t<div class=\"elementor-element elementor-element-44da6631 elementor-widget elementor-widget-text-editor\" data-id=\"44da6631\" data-element_type=\"widget\" data-widget_type=\"text-editor.default\">\n\t\t\t\t<div class=\"elementor-widget-container\">\n\t\t\t\t\t\t\t<ul><li>L\u1ecdc t\u1ed1t h\u01a1n - gi\u1ea3m t\u1edbi 2 microns Kh\u1ea3 n\u0103ng l\u1ecdc b\u1ee5i b\u1ea9n cao h\u01a1n so v\u1edbi b\u1ed9 l\u1ecdc c\u00e1t ho\u1eb7c th\u1ee7y tinh<\/li><li>Kh\u1ea3 n\u0103ng trao \u0111\u1ed5i Cation cao (gi\u1ea3m TDS)<\/li><li>H\u1ea5p th\u1ee5 amoniac v\u00e0 ng\u0103n ng\u1eeba s\u1ef1 t\u00edch t\u1ee5 cloramin<\/li><li>Ti\u1ebft ki\u1ec7m n\u01b0\u1edbc - L\u00ean \u0111\u1ebfn 30% (th\u00f4ng qua r\u1eeda ng\u01b0\u1ee3c \u00edt th\u01b0\u1eddng xuy\u00ean h\u01a1n)<\/li><li>Ti\u1ebft ki\u1ec7m h\u00f3a ch\u1ea5t - \u00cdt clo, v.v.<\/li><li>C\u00f3 th\u1ec3 t\u00e1i sinh \u0111\u1ec3 \u0111\u1ea1t hi\u1ec7u qu\u1ea3 cao l\u00e2u d\u00e0i V\u00f2ng \u0111\u1eddi k\u00e9o d\u00e0i (5-7 n\u0103m)<\/li><li>D\u1ec5 s\u1eed d\u1ee5ng (thay th\u1ebf tr\u1ef1c ti\u1ebfp c\u00e1t).<\/li><\/ul>\t\t\t\t\t\t<\/div>\n\t\t\t\t<\/div>\n\t\t\t\t\t<\/div>\n\t\t<\/div>\n\t\t\t\t\t<\/div>\n\t\t<\/section>\n\t\t\t\t<section class=\"elementor-section elementor-top-section elementor-element elementor-element-b1e096d elementor-section-boxed elementor-section-height-default elementor-section-height-default\" data-id=\"b1e096d\" data-element_type=\"section\">\n\t\t\t\t\t\t<div class=\"elementor-container elementor-column-gap-default\">\n\t\t\t\t\t<div class=\"elementor-column elementor-col-100 elementor-top-column elementor-element elementor-element-45a0abe\" data-id=\"45a0abe\" data-element_type=\"column\">\n\t\t\t<div class=\"elementor-widget-wrap elementor-element-populated\">\n\t\t\t\t\t\t<div class=\"elementor-element elementor-element-27029fa elementor-widget elementor-widget-heading\" data-id=\"27029fa\" data-element_type=\"widget\" data-widget_type=\"heading.default\">\n\t\t\t\t<div class=\"elementor-widget-container\">\n\t\t\t<h3 class=\"elementor-heading-title elementor-size-default\">Tinh th\u1ec3 n\u01b0\u1edbc r\u00f5 r\u00e0ng<\/h3>\t\t<\/div>\n\t\t\t\t<\/div>\n\t\t\t\t<section class=\"elementor-section elementor-inner-section elementor-element elementor-element-bcdb35b elementor-section-boxed elementor-section-height-default elementor-section-height-default\" data-id=\"bcdb35b\" data-element_type=\"section\">\n\t\t\t\t\t\t<div class=\"elementor-container elementor-column-gap-default\">\n\t\t\t\t\t<div class=\"elementor-column elementor-col-50 elementor-inner-column elementor-element elementor-element-1ad61f0\" data-id=\"1ad61f0\" data-element_type=\"column\">\n\t\t\t<div class=\"elementor-widget-wrap elementor-element-populated\">\n\t\t\t\t\t\t<div class=\"elementor-element elementor-element-6c2ddd9 elementor-widget elementor-widget-heading\" data-id=\"6c2ddd9\" data-element_type=\"widget\" data-widget_type=\"heading.default\">\n\t\t\t\t<div class=\"elementor-widget-container\">\n\t\t\t<h4 class=\"elementor-heading-title elementor-size-default\">Di\u1ec7n t\u00edch b\u1ec1 m\u1eb7t cao<\/h4>\t\t<\/div>\n\t\t\t\t<\/div>\n\t\t\t\t<div class=\"elementor-element elementor-element-3a49e29 elementor-widget elementor-widget-text-editor\" data-id=\"3a49e29\" data-element_type=\"widget\" data-widget_type=\"text-editor.default\">\n\t\t\t\t<div class=\"elementor-widget-container\">\n\t\t\t\t\t\t\t<ul><li>N\u01b0\u1edbc trong su\u1ed1t nh\u01b0 pha l\u00ea \u2013 DE Like Clarity<\/li><li>B\u1eaby nhi\u1ec1u B\u1ee5i b\u1ea9n<\/li><li>Ti\u1ebft ki\u1ec7m n\u01b0\u1edbc \u2013 \u00cdt ph\u1ea3i r\u1eeda ng\u01b0\u1ee3c<\/li><\/ul>\t\t\t\t\t\t<\/div>\n\t\t\t\t<\/div>\n\t\t\t\t\t<\/div>\n\t\t<\/div>\n\t\t\t\t<div class=\"elementor-column elementor-col-50 elementor-inner-column elementor-element elementor-element-f13b5b4\" data-id=\"f13b5b4\" data-element_type=\"column\">\n\t\t\t<div class=\"elementor-widget-wrap elementor-element-populated\">\n\t\t\t\t\t\t<div class=\"elementor-element elementor-element-95707ee elementor-widget elementor-widget-heading\" data-id=\"95707ee\" data-element_type=\"widget\" data-widget_type=\"heading.default\">\n\t\t\t\t<div class=\"elementor-widget-container\">\n\t\t\t<h4 class=\"elementor-heading-title elementor-size-default\">Trao \u0111\u1ed5i ion Ca<\/h4>\t\t<\/div>\n\t\t\t\t<\/div>\n\t\t\t\t<div class=\"elementor-element elementor-element-1421f15 elementor-widget elementor-widget-text-editor\" data-id=\"1421f15\" data-element_type=\"widget\" data-widget_type=\"text-editor.default\">\n\t\t\t\t<div class=\"elementor-widget-container\">\n\t\t\t\t\t\t\t<ul><li>L\u00e0m s\u1ea1ch n\u01b0\u1edbc<\/li>\n<li>B\u1eaby Amoniac, Amin v\u00e0 kim lo\u1ea1i n\u1eb7ng<\/li>\n<\/ul>\t\t\t\t\t\t<\/div>\n\t\t\t\t<\/div>\n\t\t\t\t\t<\/div>\n\t\t<\/div>\n\t\t\t\t\t<\/div>\n\t\t<\/section>\n\t\t\t\t<section class=\"elementor-section elementor-inner-section elementor-element elementor-element-f568d8e elementor-section-boxed elementor-section-height-default elementor-section-height-default\" data-id=\"f568d8e\" data-element_type=\"section\">\n\t\t\t\t\t\t<div class=\"elementor-container elementor-column-gap-default\">\n\t\t\t\t\t<div class=\"elementor-column elementor-col-50 elementor-inner-column elementor-element elementor-element-a54ea08\" data-id=\"a54ea08\" data-element_type=\"column\">\n\t\t\t<div class=\"elementor-widget-wrap elementor-element-populated\">\n\t\t\t\t\t\t<div class=\"elementor-element elementor-element-1c5f7c9 elementor-widget elementor-widget-heading\" data-id=\"1c5f7c9\" data-element_type=\"widget\" data-widget_type=\"heading.default\">\n\t\t\t\t<div class=\"elementor-widget-container\">\n\t\t\t<h4 class=\"elementor-heading-title elementor-size-default\">Ch\u1ee9ng minh<\/h4>\t\t<\/div>\n\t\t\t\t<\/div>\n\t\t\t\t<div class=\"elementor-element elementor-element-6b92dda elementor-widget elementor-widget-text-editor\" data-id=\"6b92dda\" data-element_type=\"widget\" data-widget_type=\"text-editor.default\">\n\t\t\t\t<div class=\"elementor-widget-container\">\n\t\t\t\t\t\t\t<ul><li>S\u1eed d\u1ee5ng cho nh\u00e0 \u1edf v\u00e0 th\u01b0\u01a1ng m\u1ea1i<\/li>\n<li>\u0110\u1ea1t ti\u00eau chu\u1ea9n NSF \/ ANSI<\/li>\n<\/ul>\t\t\t\t\t\t<\/div>\n\t\t\t\t<\/div>\n\t\t\t\t\t<\/div>\n\t\t<\/div>\n\t\t\t\t<div class=\"elementor-column elementor-col-50 elementor-inner-column elementor-element elementor-element-0ab980f\" data-id=\"0ab980f\" data-element_type=\"column\">\n\t\t\t<div class=\"elementor-widget-wrap elementor-element-populated\">\n\t\t\t\t\t\t<div class=\"elementor-element elementor-element-14b368e elementor-widget elementor-widget-heading\" data-id=\"14b368e\" data-element_type=\"widget\" data-widget_type=\"heading.default\">\n\t\t\t\t<div class=\"elementor-widget-container\">\n\t\t\t<h4 class=\"elementor-heading-title elementor-size-default\">L\u00e2u d\u00e0i<\/h4>\t\t<\/div>\n\t\t\t\t<\/div>\n\t\t\t\t<div class=\"elementor-element elementor-element-a4ee517 elementor-widget elementor-widget-text-editor\" data-id=\"a4ee517\" data-element_type=\"widget\" data-widget_type=\"text-editor.default\">\n\t\t\t\t<div class=\"elementor-widget-container\">\n\t\t\t\t\t\t\t<ul><li>Thay th\u1ebf th\u01b0\u1eddng xuy\u00ean nh\u01b0 Sand<\/li>\n<\/ul>\t\t\t\t\t\t<\/div>\n\t\t\t\t<\/div>\n\t\t\t\t\t<\/div>\n\t\t<\/div>\n\t\t\t\t\t<\/div>\n\t\t<\/section>\n\t\t\t\t\t<\/div>\n\t\t<\/div>\n\t\t\t\t\t<\/div>\n\t\t<\/section>\n\t\t\t\t<section class=\"elementor-section elementor-top-section elementor-element elementor-element-2483f07e elementor-section-boxed elementor-section-height-default elementor-section-height-default\" data-id=\"2483f07e\" data-element_type=\"section\">\n\t\t\t\t\t\t<div class=\"elementor-container elementor-column-gap-default\">\n\t\t\t\t\t<div class=\"elementor-column elementor-col-100 elementor-top-column elementor-element elementor-element-10f53e59\" data-id=\"10f53e59\" data-element_type=\"column\">\n\t\t\t<div class=\"elementor-widget-wrap elementor-element-populated\">\n\t\t\t\t\t\t<section class=\"elementor-section elementor-inner-section elementor-element elementor-element-6e220d2f elementor-section-boxed elementor-section-height-default elementor-section-height-default\" data-id=\"6e220d2f\" data-element_type=\"section\" data-settings=\"{&quot;sticky&quot;:&quot;top&quot;,&quot;sticky_on&quot;:[&quot;desktop&quot;,&quot;tablet&quot;],&quot;sticky_parent&quot;:&quot;yes&quot;,&quot;sticky_offset&quot;:0,&quot;sticky_effects_offset&quot;:0}\">\n\t\t\t\t\t\t<div class=\"elementor-container elementor-column-gap-default\">\n\t\t\t\t\t<div class=\"elementor-column elementor-col-100 elementor-inner-column elementor-element elementor-element-2b1a4185\" data-id=\"2b1a4185\" data-element_type=\"column\" data-settings=\"{&quot;background_background&quot;:&quot;classic&quot;}\">\n\t\t\t<div class=\"elementor-widget-wrap elementor-element-populated\">\n\t\t\t\t\t\t<div class=\"elementor-element elementor-element-79cd0dc6 elementor-widget elementor-widget-heading\" data-id=\"79cd0dc6\" data-element_type=\"widget\" data-widget_type=\"heading.default\">\n\t\t\t\t<div class=\"elementor-widget-container\">\n\t\t\t<h2 class=\"elementor-heading-title elementor-size-default\">G\u1eedi y\u00eau c\u1ea7u c\u1ee7a b\u1ea1n ngay h\u00f4m nay<\/h2>\t\t<\/div>\n\t\t\t\t<\/div>\n\t\t\t\t<div class=\"elementor-element elementor-element-1964b3fb elementor-widget elementor-widget-template\" data-id=\"1964b3fb\" data-element_type=\"widget\" data-widget_type=\"template.default\">\n\t\t\t\t<div class=\"elementor-widget-container\">\n\t\t\t\t\t<div class=\"elementor-template\">\n\t\t\t\t\t<div data-elementor-type=\"section\" data-elementor-id=\"213\" class=\"elementor elementor-213\" data-elementor-post-type=\"elementor_library\">\n\t\t\t\t\t<section class=\"elementor-section elementor-top-section elementor-element elementor-element-147d694 elementor-section-boxed elementor-section-height-default elementor-section-height-default\" data-id=\"147d694\" data-element_type=\"section\">\n\t\t\t\t\t\t<div class=\"elementor-container elementor-column-gap-default\">\n\t\t\t\t\t<div class=\"elementor-column elementor-col-100 elementor-top-column elementor-element elementor-element-8955c09\" data-id=\"8955c09\" data-element_type=\"column\">\n\t\t\t<div class=\"elementor-widget-wrap elementor-element-populated\">\n\t\t\t\t\t\t<div class=\"elementor-element elementor-element-5294796 elementor-button-align-stretch elementor-widget elementor-widget-global elementor-global-2532 elementor-widget-form\" data-id=\"5294796\" data-element_type=\"widget\" data-settings=\"{&quot;step_next_label&quot;:&quot;Next&quot;,&quot;step_previous_label&quot;:&quot;Previous&quot;,&quot;button_width&quot;:&quot;100&quot;,&quot;step_type&quot;:&quot;number_text&quot;,&quot;step_icon_shape&quot;:&quot;circle&quot;}\" data-widget_type=\"form.default\">\n\t\t\t\t<div class=\"elementor-widget-container\">\n\t\t\t\t\t<form class=\"elementor-form\" method=\"post\" name=\"New Form\" action=\"\">\n\t\t\t<input type=\"hidden\" name=\"post_id\" value=\"213\"\/>\n\t\t\t<input type=\"hidden\" name=\"form_id\" value=\"5294796\"\/>\n\t\t\t<input type=\"hidden\" name=\"referer_title\" value=\"\" \/>\n\n\t\t\t\n\t\t\t<div class=\"elementor-form-fields-wrapper elementor-labels-\">\n\t\t\t\t\t\t\t\t<div class=\"elementor-field-type-text elementor-field-group elementor-column elementor-field-group-name elementor-col-50 elementor-field-required\">\n\t\t\t\t\t\t\t\t\t\t\t\t\t<input size=\"1\" type=\"text\" name=\"form_fields[name]\" id=\"form-field-name\" class=\"elementor-field elementor-size-sm  elementor-field-textual\" placeholder=\"T\u00ean *\" required=\"required\" aria-required=\"true\">\n\t\t\t\t\t\t\t\t\t\t\t<\/div>\n\t\t\t\t\t\t\t\t<div class=\"elementor-field-type-email elementor-field-group elementor-column elementor-field-group-email elementor-col-50 elementor-field-required\">\n\t\t\t\t\t\t\t\t\t\t\t\t\t<input size=\"1\" type=\"email\" name=\"form_fields[email]\" id=\"form-field-email\" class=\"elementor-field elementor-size-sm  elementor-field-textual\" placeholder=\"Email *\" required=\"required\" aria-required=\"true\">\n\t\t\t\t\t\t\t\t\t\t\t<\/div>\n\t\t\t\t\t\t\t\t<div class=\"elementor-field-type-text elementor-field-group elementor-column elementor-field-group-yourcompany elementor-col-50 elementor-field-required\">\n\t\t\t\t\t\t\t\t\t\t\t\t\t<input size=\"1\" type=\"text\" name=\"form_fields[yourcompany]\" id=\"form-field-yourcompany\" class=\"elementor-field elementor-size-sm  elementor-field-textual\" placeholder=\"C\u00f4ng ty *\" required=\"required\" aria-required=\"true\">\n\t\t\t\t\t\t\t\t\t\t\t<\/div>\n\t\t\t\t\t\t\t\t<div class=\"elementor-field-type-tel elementor-field-group elementor-column elementor-field-group-phone elementor-col-50 elementor-field-required\">\n\t\t\t\t\t\t\t<input size=\"1\" type=\"tel\" name=\"form_fields[phone]\" id=\"form-field-phone\" class=\"elementor-field elementor-size-sm  elementor-field-textual\" placeholder=\"\u0110i\u1ec7n tho\u1ea1i *\" required=\"required\" aria-required=\"true\" pattern=\"[0-9()#&amp;+*-=.]+\" title=\"Ch\u1ec9 s\u1ed1 v\u00e0 k\u00fd t\u1ef1 \u0111i\u1ec7n tho\u1ea1i (#, -, *, v.v.) m\u1edbi \u0111\u01b0\u1ee3c ch\u1ea5p nh\u1eadn.\">\n\n\t\t\t\t\t\t<\/div>\n\t\t\t\t\t\t\t\t<div class=\"elementor-field-type-text elementor-field-group elementor-column elementor-field-group-country elementor-col-50 elementor-field-required\">\n\t\t\t\t\t\t\t\t\t\t\t\t\t<input size=\"1\" type=\"text\" name=\"form_fields[country]\" id=\"form-field-country\" class=\"elementor-field elementor-size-sm  elementor-field-textual\" placeholder=\"Qu\u1ed1c gia\" required=\"required\" aria-required=\"true\">\n\t\t\t\t\t\t\t\t\t\t\t<\/div>\n\t\t\t\t\t\t\t\t<div class=\"elementor-field-type-text elementor-field-group elementor-column elementor-field-group-yourmobile elementor-col-50 elementor-field-required\">\n\t\t\t\t\t\t\t\t\t\t\t\t\t<input size=\"1\" type=\"text\" name=\"form_fields[yourmobile]\" id=\"form-field-yourmobile\" class=\"elementor-field elementor-size-sm  elementor-field-textual\" placeholder=\"Di \u0111\u1ed9ng *\" required=\"required\" aria-required=\"true\">\n\t\t\t\t\t\t\t\t\t\t\t<\/div>\n\t\t\t\t\t\t\t\t<div class=\"elementor-field-type-textarea elementor-field-group elementor-column elementor-field-group-message elementor-col-100 elementor-field-required\">\n\t\t\t\t\t<textarea class=\"elementor-field-textual elementor-field  elementor-size-sm\" name=\"form_fields[message]\" id=\"form-field-message\" rows=\"4\" placeholder=\"Th\u00f4ng \u0111i\u1ec7p *\" required=\"required\" aria-required=\"true\"><\/textarea>\t\t\t\t<\/div>\n\t\t\t\t\t\t\t\t<div class=\"elementor-field-type-recaptcha elementor-field-group elementor-column elementor-field-group-field_recaptcha elementor-col-100\">\n\t\t\t\t\t<div class=\"elementor-field\" id=\"form-field-field_recaptcha\"><div class=\"elementor-g-recaptcha\" data-sitekey=\"6LdTXg0iAAAAAJQWCjxvpI7P0vJF3Al_7EIzWP9u\" data-type=\"v2_checkbox\" data-theme=\"light\" data-size=\"normal\"><\/div><\/div>\t\t\t\t<\/div>\n\t\t\t\t\t\t\t\t<div class=\"elementor-field-group elementor-column elementor-field-type-submit elementor-col-100 e-form__buttons\">\n\t\t\t\t\t<button class=\"elementor-button elementor-size-sm\" type=\"submit\">\n\t\t\t\t\t\t<span class=\"elementor-button-content-wrapper\">\n\t\t\t\t\t\t\t\t\t\t\t\t\t\t\t\t\t\t\t\t\t\t<span class=\"elementor-button-text\">G\u1eedi<\/span>\n\t\t\t\t\t\t\t\t\t\t\t\t\t<\/span>\n\t\t\t\t\t<\/button>\n\t\t\t\t<\/div>\n\t\t\t<\/div>\n\t\t<input type=\"hidden\" name=\"trp-form-language\" value=\"vn\"\/><\/form>\n\t\t\t\t<\/div>\n\t\t\t\t<\/div>\n\t\t\t\t\t<\/div>\n\t\t<\/div>\n\t\t\t\t\t<\/div>\n\t\t<\/section>\n\t\t\t\t<\/div>\n\t\t\t\t<\/div>\n\t\t\t\t<\/div>\n\t\t\t\t<\/div>\n\t\t\t\t\t<\/div>\n\t\t<\/div>\n\t\t\t\t\t<\/div>\n\t\t<\/section>\n\t\t\t\t\t<\/div>\n\t\t<\/div>\n\t\t\t\t\t<\/div>\n\t\t<\/section>\n\t\t\t\t<\/div>","protected":false},"excerpt":{"rendered":"<p>B\u1ed9 l\u1ecdc Pool Media \u0111\u1ee7 \u0111\u01a1n gi\u1ea3n \u0111\u1ec3 ch\u00fang c\u00f3 th\u1ec3 \u0111\u01b0\u1ee3c x\u00e2y d\u1ef1ng t\u1ea1i nh\u00e0. L\u1ecdc Medias \u0111\u01b0\u1ee3c s\u1eed d\u1ee5ng trong c\u00e1c b\u1ed9 l\u1ecdc nh\u01b0 v\u1eady bao g\u1ed3m than antraxit, granat v\u00e0 than ho\u1ea1t t\u00ednh. M\u1ed7i lo\u1ea1i trong s\u1ed1 ch\u00fang, bao g\u1ed3m c\u00e1t v\u00e0 zeolit, c\u00f3 c\u00e1c \u0111\u1eb7c t\u00ednh gi\u00fap ch\u00fang kh\u1ea3 thi cho c\u00e1c \u1ee9ng d\u1ee5ng kh\u00e1c nhau d\u1ef1a tr\u00ean nh\u1eefng g\u00ec ch\u00fang c\u00f3 th\u1ec3 lo\u1ea1i b\u1ecf. Zeolit t\u1ef1 nhi\u00ean nh\u01b0 r\u00e2y ph\u00e2n t\u1eed c\u00f3 ch\u1ee9c n\u0103ng [\u2026]<\/p>","protected":false},"author":1,"featured_media":676,"parent":34,"menu_order":6,"comment_status":"closed","ping_status":"closed","template":"elementor_header_footer","meta":{"footnotes":""},"class_list":["post-983","page","type-page","status-publish","has-post-thumbnail","hentry"],"_links":{"self":[{"href":"https:\/\/zeolitemin.com\/vn\/wp-json\/wp\/v2\/pages\/983","targetHints":{"allow":["GET"]}}],"collection":[{"href":"https:\/\/zeolitemin.com\/vn\/wp-json\/wp\/v2\/pages"}],"about":[{"href":"https:\/\/zeolitemin.com\/vn\/wp-json\/wp\/v2\/types\/page"}],"author":[{"embeddable":true,"href":"https:\/\/zeolitemin.com\/vn\/wp-json\/wp\/v2\/users\/1"}],"replies":[{"embeddable":true,"href":"https:\/\/zeolitemin.com\/vn\/wp-json\/wp\/v2\/comments?post=983"}],"version-history":[{"count":0,"href":"https:\/\/zeolitemin.com\/vn\/wp-json\/wp\/v2\/pages\/983\/revisions"}],"up":[{"embeddable":true,"href":"https:\/\/zeolitemin.com\/vn\/wp-json\/wp\/v2\/pages\/34"}],"wp:featuredmedia":[{"embeddable":true,"href":"https:\/\/zeolitemin.com\/vn\/wp-json\/wp\/v2\/media\/676"}],"wp:attachment":[{"href":"https:\/\/zeolitemin.com\/vn\/wp-json\/wp\/v2\/media?parent=983"}],"curies":[{"name":"wp","href":"https:\/\/api.w.org\/{rel}","templated":true}]}}