{"id":7318,"date":"2024-06-06T16:42:45","date_gmt":"2024-06-06T08:42:45","guid":{"rendered":"https:\/\/zeolitemin.com\/?page_id=7318"},"modified":"2024-06-06T18:31:11","modified_gmt":"2024-06-06T10:31:11","slug":"make-an-inquire","status":"publish","type":"page","link":"https:\/\/zeolitemin.com\/vn\/make-an-inquire\/","title":{"rendered":"Th\u1ef1c hi\u1ec7n m\u1ed9t cu\u1ed9c \u0111i\u1ec1u tra"},"content":{"rendered":"<div data-elementor-type=\"wp-page\" data-elementor-id=\"7318\" class=\"elementor elementor-7318\" data-elementor-post-type=\"page\">\n\t\t\t\t\t\t<section class=\"elementor-section elementor-top-section elementor-element elementor-element-90aee5f elementor-section-height-min-height elementor-section-boxed elementor-section-height-default elementor-section-items-middle\" data-id=\"90aee5f\" data-element_type=\"section\" data-settings=\"{&quot;background_background&quot;:&quot;classic&quot;}\">\n\t\t\t\t\t\t<div class=\"elementor-container elementor-column-gap-default\">\n\t\t\t\t\t<div class=\"elementor-column elementor-col-100 elementor-top-column elementor-element elementor-element-7ea38d03\" data-id=\"7ea38d03\" data-element_type=\"column\">\n\t\t\t<div class=\"elementor-widget-wrap elementor-element-populated\">\n\t\t\t\t\t\t<div class=\"elementor-element elementor-element-6bdbb9b5 elementor-widget elementor-widget-heading\" data-id=\"6bdbb9b5\" data-element_type=\"widget\" data-widget_type=\"heading.default\">\n\t\t\t\t<div class=\"elementor-widget-container\">\n\t\t\t<h1 class=\"elementor-heading-title elementor-size-default\">Th\u1ef1c hi\u1ec7n m\u1ed9t cu\u1ed9c \u0111i\u1ec1u tra<\/h1>\t\t<\/div>\n\t\t\t\t<\/div>\n\t\t\t\t<div class=\"elementor-element elementor-element-5486b900 elementor-widget elementor-widget-text-editor\" data-id=\"5486b900\" data-element_type=\"widget\" data-widget_type=\"text-editor.default\">\n\t\t\t\t<div class=\"elementor-widget-container\">\n\t\t\t\t\t\t\t<p>Zeolite l\u00e0 v\u1eadt li\u1ec7u \u0111\u1eb7c bi\u1ec7t \u0111\u01b0\u1ee3c s\u1eed d\u1ee5ng trong nhi\u1ec1u \u1ee9ng d\u1ee5ng. Ch\u00fang t\u00f4i s\u1ebd h\u1ed7 tr\u1ee3 b\u1ea1n v\u1edbi \u1ee9ng d\u1ee5ng c\u00f4ng ngh\u1ec7 c\u1ee7a ch\u00fang t\u00f4i.<\/p>\t\t\t\t\t\t<\/div>\n\t\t\t\t<\/div>\n\t\t\t\t\t<\/div>\n\t\t<\/div>\n\t\t\t\t\t<\/div>\n\t\t<\/section>\n\t\t\t\t<section class=\"elementor-section elementor-top-section elementor-element elementor-element-c5192f2 elementor-section-boxed elementor-section-height-default elementor-section-height-default\" data-id=\"c5192f2\" data-element_type=\"section\">\n\t\t\t\t\t\t<div class=\"elementor-container elementor-column-gap-default\">\n\t\t\t\t\t<div class=\"elementor-column elementor-col-100 elementor-top-column elementor-element elementor-element-b5336af\" data-id=\"b5336af\" data-element_type=\"column\">\n\t\t\t<div class=\"elementor-widget-wrap elementor-element-populated\">\n\t\t\t\t\t\t<div class=\"elementor-element elementor-element-adc2c7a elementor-widget elementor-widget-spacer\" data-id=\"adc2c7a\" data-element_type=\"widget\" data-widget_type=\"spacer.default\">\n\t\t\t\t<div class=\"elementor-widget-container\">\n\t\t\t\t\t<div class=\"elementor-spacer\">\n\t\t\t<div class=\"elementor-spacer-inner\"><\/div>\n\t\t<\/div>\n\t\t\t\t<\/div>\n\t\t\t\t<\/div>\n\t\t\t\t<div class=\"elementor-element elementor-element-381e7aab elementor-widget elementor-widget-heading\" data-id=\"381e7aab\" data-element_type=\"widget\" data-widget_type=\"heading.default\">\n\t\t\t\t<div class=\"elementor-widget-container\">\n\t\t\t<h2 class=\"elementor-heading-title elementor-size-default\">Th\u1ef1c hi\u1ec7n m\u1ed9t cu\u1ed9c \u0111i\u1ec1u tra<\/h2>\t\t<\/div>\n\t\t\t\t<\/div>\n\t\t\t\t<div class=\"elementor-element elementor-element-607e6e3 elementor-widget elementor-widget-text-editor\" data-id=\"607e6e3\" data-element_type=\"widget\" data-widget_type=\"text-editor.default\">\n\t\t\t\t<div class=\"elementor-widget-container\">\n\t\t\t\t\t\t\t<p>H\u00e3y l\u00e0m theo m\u1eabu 4 b\u01b0\u1edbc c\u1ee7a ch\u00fang t\u00f4i \u0111\u1ec3 gi\u00fap b\u1ea1n \u0111i\u1ec1u h\u01b0\u1edbng quy tr\u00ecnh m\u1ed9t c\u00e1ch hi\u1ec7u qu\u1ea3.<br \/>Khi nh\u1eadn \u0111\u01b0\u1ee3c y\u00eau c\u1ea7u c\u1ee7a b\u1ea1n, ch\u00fang t\u00f4i s\u1ebd th\u1ef1c hi\u1ec7n theo l\u1eddi \u0111\u1ec1 ngh\u1ecb c\u1ee7a ch\u00fang t\u00f4i.<\/p>\t\t\t\t\t\t<\/div>\n\t\t\t\t<\/div>\n\t\t\t\t\t<\/div>\n\t\t<\/div>\n\t\t\t\t\t<\/div>\n\t\t<\/section>\n\t\t\t\t<section class=\"elementor-section elementor-top-section elementor-element elementor-element-d07f45c elementor-section-boxed elementor-section-height-default elementor-section-height-default\" data-id=\"d07f45c\" data-element_type=\"section\">\n\t\t\t\t\t\t<div class=\"elementor-container elementor-column-gap-default\">\n\t\t\t\t\t<div class=\"elementor-column elementor-col-100 elementor-top-column elementor-element elementor-element-e1bceb8\" data-id=\"e1bceb8\" data-element_type=\"column\">\n\t\t\t<div class=\"elementor-widget-wrap elementor-element-populated\">\n\t\t\t\t\t\t<div class=\"elementor-element elementor-element-2825a14 elementor-widget elementor-widget-spacer\" data-id=\"2825a14\" data-element_type=\"widget\" data-widget_type=\"spacer.default\">\n\t\t\t\t<div class=\"elementor-widget-container\">\n\t\t\t\t\t<div class=\"elementor-spacer\">\n\t\t\t<div class=\"elementor-spacer-inner\"><\/div>\n\t\t<\/div>\n\t\t\t\t<\/div>\n\t\t\t\t<\/div>\n\t\t\t\t\t<\/div>\n\t\t<\/div>\n\t\t\t\t\t<\/div>\n\t\t<\/section>\n\t\t\t\t<\/div>","protected":false},"excerpt":{"rendered":"<p>Zeolite l\u00e0 v\u1eadt li\u1ec7u \u0111\u1eb7c bi\u1ec7t \u0111\u01b0\u1ee3c s\u1eed d\u1ee5ng trong nhi\u1ec1u \u1ee9ng d\u1ee5ng. Ch\u00fang t\u00f4i s\u1ebd h\u1ed7 tr\u1ee3 b\u1ea1n v\u1edbi \u1ee9ng d\u1ee5ng c\u00f4ng ngh\u1ec7 c\u1ee7a ch\u00fang t\u00f4i. H\u00e3y l\u00e0m theo m\u1eabu 4 b\u01b0\u1edbc c\u1ee7a ch\u00fang t\u00f4i \u0111\u1ec3 gi\u00fap b\u1ea1n \u0111i\u1ec1u h\u01b0\u1edbng quy tr\u00ecnh m\u1ed9t c\u00e1ch hi\u1ec7u qu\u1ea3. Sau khi nh\u1eadn \u0111\u01b0\u1ee3c y\u00eau c\u1ea7u c\u1ee7a b\u1ea1n, ch\u00fang t\u00f4i s\u1ebd th\u1ef1c hi\u1ec7n theo \u0111\u1ec1 ngh\u1ecb c\u1ee7a m\u00ecnh. Multi-MyLinkForm B\u01b0\u1edbc 1 tr\u00ean 4 Ch\u00fang t\u00f4i c\u1ea7n th\u00f4ng tin n\u00e0y \u0111\u1ec3 li\u00ean h\u1ec7 l\u1ea1i v\u1edbi b\u1ea1n [\u2026]<\/p>","protected":false},"author":1,"featured_media":654,"parent":0,"menu_order":0,"comment_status":"closed","ping_status":"closed","template":"elementor_header_footer","meta":{"footnotes":""},"class_list":["post-7318","page","type-page","status-publish","has-post-thumbnail","hentry"],"_links":{"self":[{"href":"https:\/\/zeolitemin.com\/vn\/wp-json\/wp\/v2\/pages\/7318","targetHints":{"allow":["GET"]}}],"collection":[{"href":"https:\/\/zeolitemin.com\/vn\/wp-json\/wp\/v2\/pages"}],"about":[{"href":"https:\/\/zeolitemin.com\/vn\/wp-json\/wp\/v2\/types\/page"}],"author":[{"embeddable":true,"href":"https:\/\/zeolitemin.com\/vn\/wp-json\/wp\/v2\/users\/1"}],"replies":[{"embeddable":true,"href":"https:\/\/zeolitemin.com\/vn\/wp-json\/wp\/v2\/comments?post=7318"}],"version-history":[{"count":0,"href":"https:\/\/zeolitemin.com\/vn\/wp-json\/wp\/v2\/pages\/7318\/revisions"}],"wp:featuredmedia":[{"embeddable":true,"href":"https:\/\/zeolitemin.com\/vn\/wp-json\/wp\/v2\/media\/654"}],"wp:attachment":[{"href":"https:\/\/zeolitemin.com\/vn\/wp-json\/wp\/v2\/media?parent=7318"}],"curies":[{"name":"wp","href":"https:\/\/api.w.org\/{rel}","templated":true}]}}