{"id":5433,"date":"2022-05-24T16:20:09","date_gmt":"2022-05-24T08:20:09","guid":{"rendered":"https:\/\/zeolitemin.com\/?page_id=5433"},"modified":"2022-08-25T18:34:26","modified_gmt":"2022-08-25T10:34:26","slug":"sampling-policy","status":"publish","type":"page","link":"https:\/\/zeolitemin.com\/vn\/sampling-policy\/","title":{"rendered":"Ch\u00ednh s\u00e1ch l\u1ea5y m\u1eabu"},"content":{"rendered":"<div data-elementor-type=\"wp-page\" data-elementor-id=\"5433\" class=\"elementor elementor-5433\" data-elementor-post-type=\"page\">\n\t\t\t\t\t\t<section class=\"elementor-section elementor-top-section elementor-element elementor-element-42a6ba00 elementor-section-height-min-height elementor-section-boxed elementor-section-height-default elementor-section-items-middle\" data-id=\"42a6ba00\" data-element_type=\"section\" data-settings=\"{&quot;background_background&quot;:&quot;classic&quot;}\">\n\t\t\t\t\t\t<div class=\"elementor-container elementor-column-gap-default\">\n\t\t\t\t\t<div class=\"elementor-column elementor-col-100 elementor-top-column elementor-element elementor-element-4b9c564f\" data-id=\"4b9c564f\" data-element_type=\"column\">\n\t\t\t<div class=\"elementor-widget-wrap elementor-element-populated\">\n\t\t\t\t\t\t<div class=\"elementor-element elementor-element-1a223263 elementor-widget elementor-widget-theme-post-title elementor-page-title elementor-widget-heading\" data-id=\"1a223263\" data-element_type=\"widget\" data-widget_type=\"theme-post-title.default\">\n\t\t\t\t<div class=\"elementor-widget-container\">\n\t\t\t<h1 class=\"elementor-heading-title elementor-size-default\">Ch\u00ednh s\u00e1ch l\u1ea5y m\u1eabu<\/h1>\t\t<\/div>\n\t\t\t\t<\/div>\n\t\t\t\t\t<\/div>\n\t\t<\/div>\n\t\t\t\t\t<\/div>\n\t\t<\/section>\n\t\t\t\t<section class=\"elementor-section elementor-top-section elementor-element elementor-element-2664b996 elementor-section-boxed elementor-section-height-default elementor-section-height-default\" data-id=\"2664b996\" data-element_type=\"section\" data-settings=\"{&quot;background_background&quot;:&quot;classic&quot;}\">\n\t\t\t\t\t\t<div class=\"elementor-container elementor-column-gap-default\">\n\t\t\t\t\t<div class=\"elementor-column elementor-col-100 elementor-top-column elementor-element elementor-element-7a52a79a\" data-id=\"7a52a79a\" data-element_type=\"column\">\n\t\t\t<div class=\"elementor-widget-wrap elementor-element-populated\">\n\t\t\t\t\t\t<div class=\"elementor-element elementor-element-11b40872 elementor-widget elementor-widget-heading\" data-id=\"11b40872\" data-element_type=\"widget\" data-widget_type=\"heading.default\">\n\t\t\t\t<div class=\"elementor-widget-container\">\n\t\t\t<h3 class=\"elementor-heading-title elementor-size-default\">Ch\u00ednh s\u00e1ch l\u1ea5y m\u1eabu<\/h3>\t\t<\/div>\n\t\t\t\t<\/div>\n\t\t\t\t<div class=\"elementor-element elementor-element-66b7c5d elementor-widget elementor-widget-text-editor\" data-id=\"66b7c5d\" data-element_type=\"widget\" data-widget_type=\"text-editor.default\">\n\t\t\t\t<div class=\"elementor-widget-container\">\n\t\t\t\t\t\t\t<p>ZeoliteMin Biotech \u0111\u00e3 cung c\u1ea5p c\u00e1c m\u1eabu mi\u1ec5n ph\u00ed c\u1ee7a <a href=\"https:\/\/zeolitemin.com\/vn\/zeolite-science\/what-is-the-best-zeolite\/\">zeolit t\u1ef1 nhi\u00ean<\/a> <a href=\"https:\/\/zeolitemin.com\/vn\/zeolite-science\/what-is-natural-clinoptilolite\/\">clinoptilolit<\/a> Ti\u00eau chu\u1ea9n <a href=\"https:\/\/zeolitemin.com\/vn\/products\/\">M\u1ef9 ph\u1ea9m<\/a> cho c\u1ed9ng \u0111\u1ed3ng h\u1ecdc thu\u1eadt cho c\u00e1c m\u1ee5c \u0111\u00edch nghi\u00ean c\u1ee9u.<br \/>Bi\u1ec3u m\u1eabu ph\u1ea3n h\u1ed3i trong h\u1ecdc t\u1eadp<\/p><p>C\u00e1c th\u00f4ng tin sau l\u00e0 b\u1eaft bu\u1ed9c:<\/p><p>T\u00ean li\u00ean h\u1ec7, T\u00ean t\u1ed5 ch\u1ee9c, \u0110\u1ecba ch\u1ec9 giao h\u00e0ng (ph\u1ea3i l\u00e0 c\u1ee7a T\u1ed5 ch\u1ee9c), \u0110\u1ecba ch\u1ec9 thanh to\u00e1n (ph\u1ea3i bao g\u1ed3m t\u00ean li\u00ean h\u1ec7 ho\u1eb7c b\u1ed9 ph\u1eadn t\u1ea1i T\u1ed5 ch\u1ee9c), S\u1ed1 \u0111i\u1ec7n tho\u1ea1i, S\u1ed1 fax, Lo\u1ea1i s\u1ea3n ph\u1ea9m, S\u1ed1 l\u01b0\u1ee3ng.<\/p><p>Gi\u1ea3i th\u00edch sau \u0111\u00e2y v\u1ec1 c\u00e1c tr\u01b0\u1eddng bi\u1ec3u m\u1eabu s\u1ebd gi\u00fap b\u1ea1n ho\u00e0n th\u00e0nh y\u00eau c\u1ea7u:<br \/>Danh ph\u00e1p s\u1ea3n ph\u1ea9m<br \/>S\u1eed d\u1ee5ng t\u00ean c\u1ee7a s\u1ea3n ph\u1ea9m \u0111\u01b0\u1ee3c y\u00eau c\u1ea7u, nh\u01b0 \u0111\u01b0\u1ee3c li\u1ec7t k\u00ea tr\u00ean trang S\u1ea3n ph\u1ea9m ti\u00eau chu\u1ea9n.<br \/>S\u1ed1 l\u01b0\u1ee3ng s\u1ea3n ph\u1ea9m t\u1ed1i \u0111a S\u1ed1 l\u01b0\u1ee3ng m\u1eabu t\u1ed1i \u0111a, ho\u1eb7c m\u1ed9t ph\u1ea7n c\u1ee7a n\u00f3, l\u00e0 2 kg cho m\u1ed7i s\u1ea3n ph\u1ea9m. T\u1ed1i \u0111a 2 kg nguy\u00ean li\u1ec7u s\u1ebd \u0111\u01b0\u1ee3c cung c\u1ea5p tr\u00ean c\u01a1 s\u1edf n\u1eeda n\u0103m m\u1ed9t l\u1ea7n cho c\u00f9ng m\u1ed9t c\u01a1 s\u1edf.<br \/>N\u1ebfu b\u1ea1n c\u00f3 b\u1ea5t k\u1ef3 y\u00eau c\u1ea7u, xin vui l\u00f2ng <a href=\"https:\/\/zeolitemin.com\/vn\/contact\/\">ti\u1ebfp x\u00fac<\/a> ch\u00fang t\u00f4i tr\u1ef1c ti\u1ebfp.<\/p>\t\t\t\t\t\t<\/div>\n\t\t\t\t<\/div>\n\t\t\t\t\t<\/div>\n\t\t<\/div>\n\t\t\t\t\t<\/div>\n\t\t<\/section>\n\t\t\t\t<\/div>","protected":false},"excerpt":{"rendered":"<p>ZeoliteMin Biotech \u0111\u00e3 cung c\u1ea5p mi\u1ec5n ph\u00ed c\u00e1c m\u1eabu s\u1ea3n ph\u1ea9m ti\u00eau chu\u1ea9n zeolite clinoptilolite t\u1ef1 nhi\u00ean cho c\u1ed9ng \u0111\u1ed3ng h\u1ecdc thu\u1eadt v\u00ec m\u1ee5c \u0111\u00edch nghi\u00ean c\u1ee9u. M\u1eabu ph\u1ea3n h\u1ed3i c\u1ee7a h\u1ecdc vi\u1ec7n C\u1ea7n c\u00f3 c\u00e1c th\u00f4ng tin sau: T\u00ean li\u00ean h\u1ec7, T\u00ean t\u1ed5 ch\u1ee9c, \u0110\u1ecba ch\u1ec9 giao h\u00e0ng (ph\u1ea3i \u0111\u1ebfn T\u1ed5 ch\u1ee9c), \u0110\u1ecba ch\u1ec9 thanh to\u00e1n (ph\u1ea3i bao g\u1ed3m t\u00ean li\u00ean h\u1ec7 ho\u1eb7c b\u1ed9 ph\u1eadn t\u1ea1i T\u1ed5 ch\u1ee9c), S\u1ed1 \u0111i\u1ec7n tho\u1ea1i, S\u1ed1 fax, Lo\u1ea1i s\u1ea3n ph\u1ea9m, S\u1ed1 l\u01b0\u1ee3ng. C\u00e1c [\u2026]<\/p>","protected":false},"author":1,"featured_media":0,"parent":0,"menu_order":0,"comment_status":"closed","ping_status":"closed","template":"elementor_header_footer","meta":{"footnotes":""},"class_list":["post-5433","page","type-page","status-publish","hentry"],"_links":{"self":[{"href":"https:\/\/zeolitemin.com\/vn\/wp-json\/wp\/v2\/pages\/5433","targetHints":{"allow":["GET"]}}],"collection":[{"href":"https:\/\/zeolitemin.com\/vn\/wp-json\/wp\/v2\/pages"}],"about":[{"href":"https:\/\/zeolitemin.com\/vn\/wp-json\/wp\/v2\/types\/page"}],"author":[{"embeddable":true,"href":"https:\/\/zeolitemin.com\/vn\/wp-json\/wp\/v2\/users\/1"}],"replies":[{"embeddable":true,"href":"https:\/\/zeolitemin.com\/vn\/wp-json\/wp\/v2\/comments?post=5433"}],"version-history":[{"count":0,"href":"https:\/\/zeolitemin.com\/vn\/wp-json\/wp\/v2\/pages\/5433\/revisions"}],"wp:attachment":[{"href":"https:\/\/zeolitemin.com\/vn\/wp-json\/wp\/v2\/media?parent=5433"}],"curies":[{"name":"wp","href":"https:\/\/api.w.org\/{rel}","templated":true}]}}