{"id":5423,"date":"2022-05-24T16:14:37","date_gmt":"2022-05-24T08:14:37","guid":{"rendered":"https:\/\/zeolitemin.com\/?page_id=5423"},"modified":"2022-06-17T11:09:03","modified_gmt":"2022-06-17T03:09:03","slug":"legal-information","status":"publish","type":"page","link":"https:\/\/zeolitemin.com\/vn\/legal-information\/","title":{"rendered":"Th\u00f4ng tin h\u1ee3p ph\u00e1p"},"content":{"rendered":"<div data-elementor-type=\"wp-page\" data-elementor-id=\"5423\" class=\"elementor elementor-5423\" data-elementor-post-type=\"page\">\n\t\t\t\t\t\t<section class=\"elementor-section elementor-top-section elementor-element elementor-element-366d7675 elementor-section-height-min-height elementor-section-boxed elementor-section-height-default elementor-section-items-middle\" data-id=\"366d7675\" data-element_type=\"section\" data-settings=\"{&quot;background_background&quot;:&quot;classic&quot;}\">\n\t\t\t\t\t\t<div class=\"elementor-container elementor-column-gap-default\">\n\t\t\t\t\t<div class=\"elementor-column elementor-col-100 elementor-top-column elementor-element elementor-element-73b07d83\" data-id=\"73b07d83\" data-element_type=\"column\">\n\t\t\t<div class=\"elementor-widget-wrap elementor-element-populated\">\n\t\t\t\t\t\t<div class=\"elementor-element elementor-element-348f9bbe elementor-widget elementor-widget-theme-post-title elementor-page-title elementor-widget-heading\" data-id=\"348f9bbe\" data-element_type=\"widget\" data-widget_type=\"theme-post-title.default\">\n\t\t\t\t<div class=\"elementor-widget-container\">\n\t\t\t<h1 class=\"elementor-heading-title elementor-size-default\">Th\u00f4ng tin h\u1ee3p ph\u00e1p<\/h1>\t\t<\/div>\n\t\t\t\t<\/div>\n\t\t\t\t<div class=\"elementor-element elementor-element-1fdd9f4b elementor-widget elementor-widget-text-editor\" data-id=\"1fdd9f4b\" data-element_type=\"widget\" data-widget_type=\"text-editor.default\">\n\t\t\t\t<div class=\"elementor-widget-container\">\n\t\t\t\t\t\t\t<p>Trang web n\u00e0y c\u00f3 th\u1ec3 ch\u1ee9a c\u00e1c th\u00f4ng b\u00e1o \u0111\u1ed9c quy\u1ec1n v\u00e0 th\u00f4ng tin b\u1ea3n quy\u1ec1n kh\u00e1c, c\u00e1c \u0111i\u1ec1u kho\u1ea3n trong \u0111\u00f3 ph\u1ea3i \u0111\u01b0\u1ee3c tu\u00e2n th\u1ee7 v\u00e0 tu\u00e2n theo.<\/p>\t\t\t\t\t\t<\/div>\n\t\t\t\t<\/div>\n\t\t\t\t\t<\/div>\n\t\t<\/div>\n\t\t\t\t\t<\/div>\n\t\t<\/section>\n\t\t\t\t<section class=\"elementor-section elementor-top-section elementor-element elementor-element-f6605d0 elementor-section-boxed elementor-section-height-default elementor-section-height-default\" data-id=\"f6605d0\" data-element_type=\"section\" data-settings=\"{&quot;background_background&quot;:&quot;classic&quot;}\">\n\t\t\t\t\t\t<div class=\"elementor-container elementor-column-gap-default\">\n\t\t\t\t\t<div class=\"elementor-column elementor-col-100 elementor-top-column elementor-element elementor-element-83b9ada\" data-id=\"83b9ada\" data-element_type=\"column\">\n\t\t\t<div class=\"elementor-widget-wrap elementor-element-populated\">\n\t\t\t\t\t\t<div class=\"elementor-element elementor-element-1ee24262 elementor-widget elementor-widget-heading\" data-id=\"1ee24262\" data-element_type=\"widget\" data-widget_type=\"heading.default\">\n\t\t\t\t<div class=\"elementor-widget-container\">\n\t\t\t<h3 class=\"elementor-heading-title elementor-size-default\">Th\u00f4ng tin h\u1ee3p ph\u00e1p<\/h3>\t\t<\/div>\n\t\t\t\t<\/div>\n\t\t\t\t<div class=\"elementor-element elementor-element-57e63c8 elementor-widget elementor-widget-text-editor\" data-id=\"57e63c8\" data-element_type=\"widget\" data-widget_type=\"text-editor.default\">\n\t\t\t\t<div class=\"elementor-widget-container\">\n\t\t\t\t\t\t\t<p>Trang web n\u00e0y c\u00f3 th\u1ec3 ch\u1ee9a c\u00e1c th\u00f4ng b\u00e1o \u0111\u1ed9c quy\u1ec1n v\u00e0 th\u00f4ng tin b\u1ea3n quy\u1ec1n kh\u00e1c, c\u00e1c \u0111i\u1ec1u kho\u1ea3n trong \u0111\u00f3 ph\u1ea3i \u0111\u01b0\u1ee3c tu\u00e2n th\u1ee7 v\u00e0 tu\u00e2n theo. Th\u00f4ng tin ph\u00e1p l\u00fd tr\u00ean trang web n\u00e0y c\u00f3 th\u1ec3 kh\u00f4ng ch\u00ednh x\u00e1c v\u1ec1 k\u1ef9 thu\u1eadt ho\u1eb7c l\u1ed7i \u0111\u00e1nh m\u00e1y. Th\u00f4ng tin c\u00f3 th\u1ec3 \u0111\u01b0\u1ee3c thay \u0111\u1ed5i ho\u1eb7c c\u1eadp nh\u1eadt m\u00e0 kh\u00f4ng c\u1ea7n th\u00f4ng b\u00e1o. ZeoliteMin c\u0169ng c\u00f3 th\u1ec3 c\u1ea3i ti\u1ebfn v\u00e0 \/ ho\u1eb7c thay \u0111\u1ed5i c\u00e1c s\u1ea3n ph\u1ea9m v\u00e0 \/ ho\u1eb7c c\u00e1c ch\u01b0\u01a1ng tr\u00ecnh \u0111\u01b0\u1ee3c m\u00f4 t\u1ea3 trong th\u00f4ng tin n\u00e0y b\u1ea5t k\u1ef3 l\u00fac n\u00e0o m\u00e0 kh\u00f4ng c\u1ea7n th\u00f4ng b\u00e1o. Xiamen Zeolitemin Biotech Co., Ltd. kh\u00f4ng mu\u1ed1n nh\u1eadn th\u00f4ng tin b\u00ed m\u1eadt ho\u1eb7c \u0111\u1ed9c quy\u1ec1n t\u1eeb b\u1ea1n th\u00f4ng qua trang web c\u1ee7a ch\u00fang t\u00f4i. Xin l\u01b0u \u00fd r\u1eb1ng b\u1ea5t k\u1ef3 th\u00f4ng tin ph\u00e1p l\u00fd ho\u1eb7c t\u00e0i li\u1ec7u n\u00e0o \u0111\u01b0\u1ee3c g\u1eedi \u0111\u1ebfn Xiamen Zeolitemin Biotech Co., Ltd. s\u1ebd \u0111\u01b0\u1ee3c coi l\u00e0 KH\u00d4NG \u0111\u01b0\u1ee3c b\u1ea3o m\u1eadt. B\u1eb1ng c\u00e1ch g\u1eedi Xiamen Zeolitemin Biotech Co., Ltd. b\u1ea5t k\u1ef3 th\u00f4ng tin ho\u1eb7c t\u00e0i li\u1ec7u n\u00e0o, b\u1ea1n c\u1ea5p cho Xiamen Zeolitemin Biotech Co., Ltd. gi\u1ea5y ph\u00e9p kh\u00f4ng h\u1ea1n ch\u1ebf, kh\u00f4ng th\u1ec3 thu h\u1ed3i \u0111\u1ec3 s\u1eed d\u1ee5ng, t\u00e1i s\u1ea3n xu\u1ea5t, hi\u1ec3n th\u1ecb, th\u1ef1c hi\u1ec7n, s\u1eeda \u0111\u1ed5i, truy\u1ec1n v\u00e0 ph\u00e2n ph\u1ed1i c\u00e1c t\u00e0i li\u1ec7u ho\u1eb7c th\u00f4ng tin \u0111\u00f3 v\u00e0 b\u1ea1n c\u0169ng \u0111\u1ed3ng \u00fd r\u1eb1ng Xiamen Zeolitemin Biotech Co., Ltd. \u0111\u01b0\u1ee3c t\u1ef1 do s\u1eed d\u1ee5ng b\u1ea5t k\u1ef3 \u00fd t\u01b0\u1edfng, kh\u00e1i ni\u1ec7m, b\u00ed quy\u1ebft ho\u1eb7c k\u1ef9 thu\u1eadt n\u00e0o m\u00e0 b\u1ea1n g\u1eedi cho ch\u00fang t\u00f4i cho b\u1ea5t k\u1ef3 m\u1ee5c \u0111\u00edch n\u00e0o.<br \/>Tuy nhi\u00ean, ch\u00fang t\u00f4i s\u1ebd kh\u00f4ng ti\u1ebft l\u1ed9 t\u00ean c\u1ee7a b\u1ea1n ho\u1eb7c c\u00f4ng khai vi\u1ec7c b\u1ea1n \u0111\u00e3 g\u1eedi t\u00e0i li\u1ec7u ho\u1eb7c th\u00f4ng tin kh\u00e1c cho ch\u00fang t\u00f4i tr\u1eeb khi:<\/p><p>(a) Ch\u00fang t\u00f4i xin ph\u00e9p b\u1ea1n s\u1eed d\u1ee5ng t\u00ean c\u1ee7a b\u1ea1n; ho\u1eb7c<\/p><p>(b) Tr\u01b0\u1edbc ti\u00ean, ch\u00fang t\u00f4i th\u00f4ng b\u00e1o cho b\u1ea1n r\u1eb1ng c\u00e1c t\u00e0i li\u1ec7u ho\u1eb7c th\u00f4ng tin kh\u00e1c m\u00e0 b\u1ea1n g\u1eedi \u0111\u1ebfn m\u1ed9t ph\u1ea7n c\u1ee5 th\u1ec3 c\u1ee7a trang web n\u00e0y s\u1ebd \u0111\u01b0\u1ee3c xu\u1ea5t b\u1ea3n ho\u1eb7c \u0111\u01b0\u1ee3c s\u1eed d\u1ee5ng v\u1edbi t\u00ean c\u1ee7a b\u1ea1n tr\u00ean \u0111\u00f3; ho\u1eb7c<\/p><p>(c) Ch\u00fang t\u00f4i bu\u1ed9c ph\u1ea3i l\u00e0m nh\u01b0 v\u1eady theo lu\u1eadt.<\/p><p>B\u1ea1n c\u00f3 th\u1ec3 t\u00ecm hi\u1ec3u th\u00eam v\u1ec1 Xiamen Zeolitemin Biotech Co., Ltd. th\u1ef1c h\u00e0nh quy\u1ec1n ri\u00eang t\u01b0 tr\u00ean Web. Th\u00f4ng tin Xiamen Zeolitemin Biotech Co., Ltd. xu\u1ea5t b\u1ea3n tr\u00ean Worldwide Web c\u00f3 th\u1ec3 ch\u1ee9a tham chi\u1ebfu ho\u1eb7c tham chi\u1ebfu ch\u00e9o \u0111\u1ebfn Xiamen Zeolitemin Biotech Co., Ltd. c\u00e1c s\u1ea3n ph\u1ea9m, ch\u01b0\u01a1ng tr\u00ecnh v\u00e0 d\u1ecbch v\u1ee5 kh\u00f4ng \u0111\u01b0\u1ee3c c\u00f4ng b\u1ed1 ho\u1eb7c kh\u00f4ng c\u00f3 s\u1eb5n \u1edf qu\u1ed1c gia c\u1ee7a b\u1ea1n. C\u00e1c tham chi\u1ebfu nh\u01b0 v\u1eady kh\u00f4ng ng\u1ee5 \u00fd r\u1eb1ng Xiamen Zeolitemin Biotech Co., Ltd. d\u1ef1 \u0111\u1ecbnh c\u00f4ng b\u1ed1 c\u00e1c s\u1ea3n ph\u1ea9m, ch\u01b0\u01a1ng tr\u00ecnh ho\u1eb7c d\u1ecbch v\u1ee5 nh\u01b0 v\u1eady \u1edf qu\u1ed1c gia c\u1ee7a b\u1ea1n. Tham kh\u1ea3o \u00fd ki\u1ebfn c\u1ee7a C\u00f4ng ty TNHH C\u00f4ng ngh\u1ec7 sinh h\u1ecdc Xiamen Zeolitemin t\u1ea1i \u0111\u1ecba ph\u01b0\u01a1ng c\u1ee7a b\u1ea1n. li\u00ean h\u1ec7 kinh doanh \u0111\u1ec3 bi\u1ebft th\u00f4ng tin v\u1ec1 c\u00e1c s\u1ea3n ph\u1ea9m, ch\u01b0\u01a1ng tr\u00ecnh v\u00e0 d\u1ecbch v\u1ee5 c\u00f3 th\u1ec3 c\u00f3 s\u1eb5n cho b\u1ea1n. C\u00e1c ngh\u0129a v\u1ee5 c\u1ee7a ZeoliteMin \u0111\u1ed1i v\u1edbi c\u00e1c s\u1ea3n ph\u1ea9m v\u00e0 d\u1ecbch v\u1ee5 c\u1ee7a m\u00ecnh ch\u1ec9 \u0111\u01b0\u1ee3c \u0111i\u1ec1u ch\u1ec9nh b\u1edfi c\u00e1c th\u1ecfa thu\u1eadn m\u00e0 ch\u00fang \u0111\u01b0\u1ee3c cung c\u1ea5p. N\u1ebfu b\u1ea1n nh\u1eadn \u0111\u01b0\u1ee3c s\u1ea3n ph\u1ea9m ho\u1eb7c d\u1ecbch v\u1ee5 t\u1eeb Xiamen Zeolitemin Biotech Co., Ltd. ngo\u00e0i trang web n\u00e0y \u0111\u01b0\u1ee3c cung c\u1ea5p m\u00e0 kh\u00f4ng c\u00f3 th\u1ecfa thu\u1eadn, s\u1ea3n ph\u1ea9m ho\u1eb7c d\u1ecbch v\u1ee5 \u0111\u00f3 \u0111\u01b0\u1ee3c cung c\u1ea5p \u201cNGUY\u00caN TR\u1ea0NG\u201d m\u00e0 kh\u00f4ng c\u00f3 b\u1ea5t k\u1ef3 b\u1ea3o \u0111\u1ea3m n\u00e0o, r\u00f5 r\u00e0ng hay ng\u1ee5 \u00fd, v\u00e0 vi\u1ec7c b\u1ea1n s\u1eed d\u1ee5ng s\u1ea3n ph\u1ea9m ho\u1eb7c d\u1ecbch v\u1ee5 \u0111\u00f3 l\u00e0 r\u1ee7i ro c\u1ee7a ri\u00eang b\u1ea1n.<\/p><p><a href=\"https:\/\/zeolitemin.com\/vn\/\">Xiamen Zeolitemin Biotech Co., Ltd<\/a>. kh\u00f4ng tuy\u00ean b\u1ed1 b\u1ea5t k\u1ef3 \u0111i\u1ec1u g\u00ec v\u1ec1 b\u1ea5t k\u1ef3 trang web n\u00e0o kh\u00e1c m\u00e0 b\u1ea1n c\u00f3 th\u1ec3 truy c\u1eadp th\u00f4ng qua trang web n\u00e0y. Khi b\u1ea1n truy c\u1eadp trang web c\u1ee7a ch\u00fang t\u00f4i, ngay c\u1ea3 m\u1ed9t trang web c\u00f3 th\u1ec3 ch\u1ee9a Xiamen Zeolitemin Biotech Co., Ltd. -logo, vui l\u00f2ng hi\u1ec3u r\u1eb1ng n\u00f3 \u0111\u1ed9c l\u1eadp v\u1edbi Xiamen Zeolitemin Biotech Co., Ltd. v\u00e0 Xiamen Zeolitemin Biotech Co., Ltd. kh\u00f4ng c\u00f3 quy\u1ec1n ki\u1ec3m so\u00e1t n\u1ed9i dung tr\u00ean trang web \u0111\u00f3.<\/p><p>Ngo\u00e0i ra, m\u1ed9t li\u00ean k\u1ebft \u0111\u1ebfn C\u00f4ng ty TNHH C\u00f4ng ngh\u1ec7 sinh h\u1ecdc Zeolitemin kh\u00f4ng thu\u1ed9c H\u1ea1 M\u00f4n. trang web kh\u00f4ng c\u00f3 ngh\u0129a l\u00e0 Xiamen Zeolitemin Biotech Co., Ltd. x\u00e1c nh\u1eadn ho\u1eb7c ch\u1ea5p nh\u1eadn b\u1ea5t k\u1ef3 tr\u00e1ch nhi\u1ec7m n\u00e0o \u0111\u1ed1i v\u1edbi n\u1ed9i dung ho\u1eb7c vi\u1ec7c s\u1eed d\u1ee5ng trang web \u0111\u00f3.<\/p><p>B\u1ea1n t\u00f9y thu\u1ed9c v\u00e0o c\u00e1c bi\u1ec7n ph\u00e1p ph\u00f2ng ng\u1eeba \u0111\u1ec3 \u0111\u1ea3m b\u1ea3o r\u1eb1ng b\u1ea5t c\u1ee9 th\u1ee9 g\u00ec b\u1ea1n ch\u1ecdn \u0111\u1ec3 s\u1eed d\u1ee5ng \u0111\u1ec1u kh\u00f4ng c\u00f3 c\u00e1c m\u1ee5c nh\u01b0 vi r\u00fat, s\u00e2u, trojan v\u00e0 c\u00e1c m\u1ee5c kh\u00e1c c\u00f3 t\u00ednh ch\u1ea5t ph\u00e1 ho\u1ea1i.<\/p><p>TRONG M\u1eccI S\u1ef0 KI\u1ec6N ORGANIK KIMYA S\u1ebc CH\u1ecaU TR\u00c1CH NHI\u1ec6M V\u1edaI B\u1ea4T K\u1ef2 B\u00caN B\u00caN V\u1ec0 B\u1ea4T K\u1ef2 THI\u1ec6T H\u1ea0I TR\u1ef0C TI\u1ebeP, CH\u1ec8 S\u1ed0, \u0110\u1eb6C BI\u1ec6T HO\u1eb6C H\u1eacU QU\u1ea2 KH\u00c1C \u0110\u1ed0I V\u1edaI B\u1ea4T K\u1ef2 VI\u1ec6C S\u1eec D\u1ee4NG TRANG WEB N\u00c0Y HO\u1eb6C TR\u00caN B\u1ea4T K\u1ef2 TRANG WEB LI\u00caN K\u1ebeT HYPER KH\u00c1C, BAO G\u1ed2M KH\u00d4NG GI\u1edaI H\u1ea0N, M\u1eccI L\u1ee2I NHU\u1eacN M\u1ea4T, T\u01af\u01a0NG T\u00c1C KINH DOANH, M\u1ea4T CH\u01af\u01a0NG TR\u00ccNH HO\u1eb6C D\u1eee LI\u1ec6U KH\u00c1C TR\u00caN H\u1ec6 TH\u1ed0NG X\u1eec L\u00dd TH\u00d4NG TIN C\u1ee6A B\u1ea0N HO\u1eb6C C\u00c1CH KH\u00c1C, NGAY C\u1ea2 N\u1ebeU CH\u00daNG T\u00d4I \u0110\u01af\u1ee2C T\u01af V\u1ea4N R\u00d5 R\u00c0NG V\u1ec0 KH\u1ea2 N\u0102NG C\u1ee6A C\u00c1C THI\u1ec6T H\u1ea0I N\u00d3.<\/p>\t\t\t\t\t\t<\/div>\n\t\t\t\t<\/div>\n\t\t\t\t\t<\/div>\n\t\t<\/div>\n\t\t\t\t\t<\/div>\n\t\t<\/section>\n\t\t\t\t<\/div>","protected":false},"excerpt":{"rendered":"<p>Trang web n\u00e0y c\u00f3 th\u1ec3 ch\u1ee9a c\u00e1c th\u00f4ng b\u00e1o \u0111\u1ed9c quy\u1ec1n v\u00e0 th\u00f4ng tin b\u1ea3n quy\u1ec1n kh\u00e1c, c\u00e1c \u0111i\u1ec1u kho\u1ea3n c\u1ee7a ch\u00fang ph\u1ea3i \u0111\u01b0\u1ee3c tu\u00e2n th\u1ee7 v\u00e0 tu\u00e2n theo. Trang web n\u00e0y c\u00f3 th\u1ec3 ch\u1ee9a c\u00e1c th\u00f4ng b\u00e1o \u0111\u1ed9c quy\u1ec1n v\u00e0 th\u00f4ng tin b\u1ea3n quy\u1ec1n kh\u00e1c, c\u00e1c \u0111i\u1ec1u kho\u1ea3n c\u1ee7a ch\u00fang ph\u1ea3i \u0111\u01b0\u1ee3c tu\u00e2n th\u1ee7 v\u00e0 tu\u00e2n theo. Th\u00f4ng tin ph\u00e1p l\u00fd tr\u00ean trang web n\u00e0y c\u00f3 th\u1ec3 ch\u1ee9a nh\u1eefng \u0111i\u1ec3m kh\u00f4ng ch\u00ednh x\u00e1c v\u1ec1 k\u1ef9 thu\u1eadt ho\u1eb7c l\u1ed7i \u0111\u00e1nh m\u00e1y. Th\u00f4ng tin c\u00f3 th\u1ec3 \u0111\u01b0\u1ee3c thay \u0111\u1ed5i ho\u1eb7c [\u2026]<\/p>","protected":false},"author":1,"featured_media":0,"parent":0,"menu_order":0,"comment_status":"closed","ping_status":"closed","template":"elementor_header_footer","meta":{"footnotes":""},"class_list":["post-5423","page","type-page","status-publish","hentry"],"_links":{"self":[{"href":"https:\/\/zeolitemin.com\/vn\/wp-json\/wp\/v2\/pages\/5423","targetHints":{"allow":["GET"]}}],"collection":[{"href":"https:\/\/zeolitemin.com\/vn\/wp-json\/wp\/v2\/pages"}],"about":[{"href":"https:\/\/zeolitemin.com\/vn\/wp-json\/wp\/v2\/types\/page"}],"author":[{"embeddable":true,"href":"https:\/\/zeolitemin.com\/vn\/wp-json\/wp\/v2\/users\/1"}],"replies":[{"embeddable":true,"href":"https:\/\/zeolitemin.com\/vn\/wp-json\/wp\/v2\/comments?post=5423"}],"version-history":[{"count":0,"href":"https:\/\/zeolitemin.com\/vn\/wp-json\/wp\/v2\/pages\/5423\/revisions"}],"wp:attachment":[{"href":"https:\/\/zeolitemin.com\/vn\/wp-json\/wp\/v2\/media?parent=5423"}],"curies":[{"name":"wp","href":"https:\/\/api.w.org\/{rel}","templated":true}]}}