{"id":5405,"date":"2022-05-24T15:43:08","date_gmt":"2022-05-24T07:43:08","guid":{"rendered":"https:\/\/zeolitemin.com\/?page_id=5405"},"modified":"2022-06-06T11:28:01","modified_gmt":"2022-06-06T03:28:01","slug":"privacy-statement","status":"publish","type":"page","link":"https:\/\/zeolitemin.com\/vn\/privacy-statement\/","title":{"rendered":"Cam k\u1ebft b\u1ea3o m\u1eadt"},"content":{"rendered":"<div data-elementor-type=\"wp-page\" data-elementor-id=\"5405\" class=\"elementor elementor-5405\" data-elementor-post-type=\"page\">\n\t\t\t\t\t\t<section class=\"elementor-section elementor-top-section elementor-element elementor-element-6f9a612e elementor-section-height-min-height elementor-section-boxed elementor-section-height-default elementor-section-items-middle\" data-id=\"6f9a612e\" data-element_type=\"section\" data-settings=\"{&quot;background_background&quot;:&quot;classic&quot;}\">\n\t\t\t\t\t\t<div class=\"elementor-container elementor-column-gap-default\">\n\t\t\t\t\t<div class=\"elementor-column elementor-col-100 elementor-top-column elementor-element elementor-element-5f5c2d09\" data-id=\"5f5c2d09\" data-element_type=\"column\">\n\t\t\t<div class=\"elementor-widget-wrap elementor-element-populated\">\n\t\t\t\t\t\t<div class=\"elementor-element elementor-element-40f54dae elementor-widget elementor-widget-theme-post-title elementor-page-title elementor-widget-heading\" data-id=\"40f54dae\" data-element_type=\"widget\" data-widget_type=\"theme-post-title.default\">\n\t\t\t\t<div class=\"elementor-widget-container\">\n\t\t\t<h1 class=\"elementor-heading-title elementor-size-default\">Cam k\u1ebft b\u1ea3o m\u1eadt<\/h1>\t\t<\/div>\n\t\t\t\t<\/div>\n\t\t\t\t<div class=\"elementor-element elementor-element-32a9c86 elementor-widget elementor-widget-text-editor\" data-id=\"32a9c86\" data-element_type=\"widget\" data-widget_type=\"text-editor.default\">\n\t\t\t\t<div class=\"elementor-widget-container\">\n\t\t\t\t\t\t\t<p>Zeolite t\u1ef1 nhi\u00ean so v\u1edbi Zeolite t\u1ed5ng h\u1ee3p, N\u00f3 \u0111\u01b0\u1ee3c t\u1ea1o ra b\u1edfi ch\u1ee9c n\u0103ng c\u1ee7a khung aluminosilicate v\u1ec1 kh\u1ea3 n\u0103ng h\u1ea5p ph\u1ee5 v\u00e0 trao \u0111\u1ed5i cation. zeolit clinoptilolit \u0111\u01b0\u1ee3c l\u00e0m \u1edf d\u1ea1ng b\u1ed9t, h\u1ea1t.<\/p>\t\t\t\t\t\t<\/div>\n\t\t\t\t<\/div>\n\t\t\t\t\t<\/div>\n\t\t<\/div>\n\t\t\t\t\t<\/div>\n\t\t<\/section>\n\t\t\t\t<section class=\"elementor-section elementor-top-section elementor-element elementor-element-cc08f2e elementor-section-boxed elementor-section-height-default elementor-section-height-default\" data-id=\"cc08f2e\" data-element_type=\"section\" data-settings=\"{&quot;background_background&quot;:&quot;classic&quot;}\">\n\t\t\t\t\t\t<div class=\"elementor-container elementor-column-gap-default\">\n\t\t\t\t\t<div class=\"elementor-column elementor-col-100 elementor-top-column elementor-element elementor-element-3dd5d786\" data-id=\"3dd5d786\" data-element_type=\"column\">\n\t\t\t<div class=\"elementor-widget-wrap elementor-element-populated\">\n\t\t\t\t\t\t<div class=\"elementor-element elementor-element-313aec76 elementor-widget elementor-widget-heading\" data-id=\"313aec76\" data-element_type=\"widget\" data-widget_type=\"heading.default\">\n\t\t\t\t<div class=\"elementor-widget-container\">\n\t\t\t<h3 class=\"elementor-heading-title elementor-size-default\">Cam k\u1ebft b\u1ea3o m\u1eadt<\/h3>\t\t<\/div>\n\t\t\t\t<\/div>\n\t\t\t\t<div class=\"elementor-element elementor-element-c06f4c5 elementor-widget elementor-widget-text-editor\" data-id=\"c06f4c5\" data-element_type=\"widget\" data-widget_type=\"text-editor.default\">\n\t\t\t\t<div class=\"elementor-widget-container\">\n\t\t\t\t\t\t\t<p>1. T\u1ed5ng qu\u00e1t<\/p><p>Quy\u1ec1n ri\u00eang t\u01b0 c\u1ee7a b\u1ea1n r\u1ea5t quan tr\u1ecdng v\u1edbi ch\u00fang t\u00f4i. ZeoliteMin cam k\u1ebft b\u1ea3o v\u1ec7 s\u1ef1 ri\u00eang t\u01b0 tr\u1ef1c tuy\u1ebfn c\u1ee7a b\u1ea1n. N\u1ebfu b\u1ea1n c\u00f3 th\u1eafc m\u1eafc v\u1ec1 Tuy\u00ean b\u1ed1 n\u00e0y, vui l\u00f2ng li\u00ean h\u1ec7 v\u1edbi ch\u00fang t\u00f4i.<\/p><p>2. B\u1ea3n ch\u1ea5t c\u1ee7a th\u00f4ng tin \u0111\u01b0\u1ee3c thu th\u1eadp<\/p><p>ZeoliteMin thu th\u1eadp th\u00f4ng tin theo nhi\u1ec1u c\u00e1ch t\u1eeb c\u00e1c ph\u1ea7n kh\u00e1c nhau tr\u00ean trang web c\u1ee7a ch\u00fang t\u00f4i. M\u1ed9t s\u1ed1 th\u00f4ng tin \u0111\u01b0\u1ee3c thu th\u1eadp khi b\u1ea1n \u0111\u0103ng k\u00fd. B\u1ea1n c\u00e0ng cung c\u1ea5p nhi\u1ec1u th\u00f4ng tin cho ch\u00fang t\u00f4i, ch\u00fang t\u00f4i c\u00e0ng c\u00f3 th\u1ec3 t\u00f9y ch\u1ec9nh tr\u1ea3i nghi\u1ec7m c\u1ee7a b\u1ea1n t\u1ed1t h\u01a1n.<\/p><p>Ngo\u00e0i vi\u1ec7c \u0111\u0103ng k\u00fd, ch\u00fang t\u00f4i c\u00f3 th\u1ec3 y\u00eau c\u1ea7u b\u1ea1n cung c\u1ea5p th\u00f4ng tin v\u00e0o nh\u1eefng th\u1eddi \u0111i\u1ec3m kh\u00e1c, bao g\u1ed3m (nh\u01b0ng kh\u00f4ng gi\u1edbi h\u1ea1n) khi b\u1ea1n tham gia r\u00fat th\u0103m tr\u00fang th\u01b0\u1edfng, cu\u1ed9c thi ho\u1eb7c ch\u01b0\u01a1ng tr\u00ecnh khuy\u1ebfn m\u00e3i do ZeoliteMin t\u00e0i tr\u1ee3; v\u00e0 khi b\u1ea1n b\u00e1o c\u00e1o v\u1ea5n \u0111\u1ec1 cho ch\u00fang t\u00f4i.<\/p><p>N\u1ebfu b\u1ea1n li\u00ean h\u1ec7 v\u1edbi ZeoliteMin, ch\u00fang t\u00f4i c\u00f3 th\u1ec3 l\u01b0u h\u1ed3 s\u01a1 v\u1ec1 th\u01b0 t\u1eeb \u0111\u00f3. ZeoliteMin c\u0169ng th\u1ec9nh tho\u1ea3ng y\u00eau c\u1ea7u ng\u01b0\u1eddi d\u00f9ng ho\u00e0n th\u00e0nh c\u00e1c b\u1ea3n kh\u1ea3o s\u00e1t m\u00e0 ch\u00fang t\u00f4i s\u1eed d\u1ee5ng cho m\u1ee5c \u0111\u00edch nghi\u00ean c\u1ee9u.<\/p><p>3. S\u1eed d\u1ee5ng &quot;Cookie&quot;<\/p><p>\u201cCookie\u201d l\u00e0 ph\u1ea7n th\u00f4ng tin \u0111\u01b0\u1ee3c s\u1eed d\u1ee5ng \u0111\u1ec3 l\u01b0u tr\u1eef v\u00e0 theo d\u00f5i th\u00f4ng tin v\u1ec1 b\u1ea1n. Cookie \u0111\u01b0\u1ee3c l\u01b0u tr\u1eef tr\u00ean \u1ed5 c\u1ee9ng m\u00e1y t\u00ednh c\u1ee7a b\u1ea1n. Ch\u00fang t\u00f4i s\u1eed d\u1ee5ng cookie \u0111\u1ec3: nh\u1eafc nh\u1edf ch\u00fang t\u00f4i v\u1ec1 b\u1ea1n l\u00e0 ai v\u00e0 truy c\u1eadp th\u00f4ng tin t\u00e0i kho\u1ea3n c\u1ee7a b\u1ea1n nh\u1eb1m cung c\u1ea5p cho b\u1ea1n m\u1ed9t d\u1ecbch v\u1ee5 \u0111\u01b0\u1ee3c c\u00e1 nh\u00e2n h\u00f3a h\u01a1n; \u01b0\u1edbc t\u00ednh s\u1ed1 l\u01b0\u1ee3ng kh\u00e1ch truy c\u1eadp v\u00e0o trang web c\u1ee7a ch\u00fang t\u00f4i; \u0111\u1ec3 x\u1eed l\u00fd c\u00e1c m\u1eb7t h\u00e0ng m\u00e0 b\u1ea1n mua; v\u00e0 \u0111\u1ec3 theo d\u00f5i c\u00e1c m\u1ee5c nh\u1eadp, b\u00e0i n\u1ed9p v\u00e0 tr\u1ea1ng th\u00e1i c\u1ee7a b\u1ea1n trong m\u1ed9t s\u1ed1 ch\u01b0\u01a1ng tr\u00ecnh khuy\u1ebfn m\u00e3i, r\u00fat th\u0103m tr\u00fang th\u01b0\u1edfng v\u00e0 c\u00e1c cu\u1ed9c thi.<\/p><p>4. Quy\u1ec1n ri\u00eang t\u01b0 c\u1ee7a b\u00ean th\u1ee9 ba<\/p><p>ZeoliteMin s\u1eed d\u1ee5ng pixel ho\u1eb7c t\u1ec7p GIF trong su\u1ed1t \u0111\u1ec3 gi\u00fap qu\u1ea3n l\u00fd qu\u1ea3ng c\u00e1o tr\u1ef1c tuy\u1ebfn. C\u00e1c t\u1ec7p GIF n\u00e0y do \u0111\u1ed1i t\u00e1c qu\u1ea3n l\u00fd qu\u1ea3ng c\u00e1o c\u1ee7a ch\u00fang t\u00f4i cung c\u1ea5p.<\/p><p>5. \u0110\u1ec7 tr\u00ecnh<\/p><p>B\u1eb1ng c\u00e1ch s\u1eed d\u1ee5ng trang web ZeoliteMin, b\u1ea1n \u0111\u1ed3ng \u00fd r\u1eb1ng ZeoliteMin s\u1ebd c\u00f3 quy\u1ec1n s\u1eed d\u1ee5ng v\u00e0 ti\u1ebft l\u1ed9 b\u1ea5t k\u1ef3 th\u00f4ng tin n\u00e0o m\u00e0 b\u1ea1n g\u1eedi cho ch\u00fang t\u00f4i trong c\u00f4ng ty c\u1ee7a ch\u00fang t\u00f4i, n\u1ebfu th\u00edch h\u1ee3p, m\u00e0 kh\u00f4ng c\u1ea7n b\u1ed3i th\u01b0\u1eddng ho\u1eb7c th\u1eeba nh\u1eadn ngu\u1ed3n c\u1ee7a n\u00f3. ZeoliteMin s\u1ebd \u0111\u01b0\u1ee3c t\u1ef1 do s\u1eed d\u1ee5ng b\u1ea5t k\u1ef3 \u00fd t\u01b0\u1edfng, kh\u00e1i ni\u1ec7m, b\u00ed quy\u1ebft ho\u1eb7c k\u1ef9 thu\u1eadt n\u00e0o, tr\u1ef1c ti\u1ebfp ho\u1eb7c gi\u00e1n ti\u1ebfp ho\u1eb7c theo c\u00e1ch kh\u00e1c d\u1ef1a tr\u00ean th\u00f4ng tin m\u00e0 b\u1ea1n cung c\u1ea5p cho ZeoliteMin th\u00f4ng qua trang web c\u1ee7a ch\u00fang t\u00f4i, bao g\u1ed3m, nh\u01b0ng kh\u00f4ng gi\u1edbi h\u1ea1n \u1edf vi\u1ec7c ph\u00e1t tri\u1ec3n, s\u1ea3n xu\u1ea5t v\u00e0 ti\u1ebfp th\u1ecb c\u00e1c s\u1ea3n ph\u1ea9m ho\u1eb7c d\u1ecbch v\u1ee5.<\/p><p>6. B\u1ea3o v\u1ec7 v\u00e0 S\u1eed d\u1ee5ng Th\u00f4ng tin<\/p><p>ZeoliteMin s\u1eed d\u1ee5ng c\u00f4ng ngh\u1ec7 hi\u1ec7n \u0111\u1ea1i \u0111\u1ec3 b\u1ea3o v\u1ec7 th\u00f4ng tin c\u1ee7a b\u1ea1n m\u1ed9t c\u00e1ch an to\u00e0n. Th\u00f4ng tin t\u00e0i kho\u1ea3n c\u1ee7a b\u1ea1n \u0111\u01b0\u1ee3c m\u00e3 h\u00f3a v\u00e0 b\u1ea3o v\u1ec7 b\u1eb1ng m\u1eadt kh\u1ea9u \u0111\u1ec3 ch\u1ec9 b\u1ea1n m\u1edbi c\u00f3 quy\u1ec1n truy c\u1eadp v\u00e0o th\u00f4ng tin c\u00e1 nh\u00e2n c\u1ee7a m\u00ecnh. Chi ti\u1ebft t\u00ean ng\u01b0\u1eddi d\u00f9ng v\u00e0 m\u1eadt kh\u1ea9u c\u1ee7a b\u1ea1n \u0111\u01b0\u1ee3c truy\u1ec1n t\u1edbi m\u00e1y ch\u1ee7 c\u1ee7a ch\u00fang t\u00f4i \u1edf d\u1ea1ng \u0111\u01b0\u1ee3c m\u00e3 h\u00f3a an to\u00e0n cao b\u1eb1ng SSL (l\u1edbp \u1ed5 c\u1eafm b\u1ea3o m\u1eadt). B\u1ea1n c\u00f3 th\u1ec3 ch\u1ec9nh s\u1eeda th\u00f4ng tin c\u1ee7a m\u00ecnh b\u1ea5t c\u1ee9 l\u00fac n\u00e0o b\u1eb1ng c\u00e1ch s\u1eed d\u1ee5ng m\u1eadt kh\u1ea9u c\u1ee7a b\u1ea1n. \u0110\u00f4i khi, ch\u00fang t\u00f4i c\u00f3 th\u1ec3 cung c\u1ea5p cho b\u1ea1n nh\u1eefng \u01b0u \u0111\u00e3i \u0111\u1eb7c bi\u1ec7t d\u1ef1a tr\u00ean th\u00f4ng tin b\u1ea1n \u0111\u00e3 cung c\u1ea5p. B\u1ea1n c\u00f3 th\u1ec3 y\u00eau c\u1ea7u ch\u00fang t\u00f4i x\u00f3a t\u00ean v\u00e0 \u0111\u1ecba ch\u1ec9 c\u1ee7a b\u1ea1n ho\u1eb7c x\u00f3a ch\u00fang kh\u1ecfi danh s\u00e1ch g\u1eedi th\u01b0 c\u1ee7a ch\u00fang t\u00f4i b\u1ea5t k\u1ef3 l\u00fac n\u00e0o.<\/p><p>ZeoliteMin th\u1ef1c hi\u1ec7n c\u00e1c b\u01b0\u1edbc \u0111\u1ec3 \u0111\u1ea3m b\u1ea3o r\u1eb1ng th\u00f4ng tin c\u1ee7a b\u1ea1n \u0111\u01b0\u1ee3c x\u1eed l\u00fd an to\u00e0n v\u00e0 ph\u00f9 h\u1ee3p v\u1edbi c\u00e1c \u0111i\u1ec1u kho\u1ea3n v\u00e0 \u0111i\u1ec1u ki\u1ec7n c\u00f3 li\u00ean quan v\u00e0 ch\u00ednh s\u00e1ch b\u1ea3o m\u1eadt n\u00e0y. R\u1ea5t ti\u1ebfc, vi\u1ec7c truy\u1ec1n d\u1eef li\u1ec7u qua Internet kh\u00f4ng th\u1ec3 \u0111\u01b0\u1ee3c \u0111\u1ea3m b\u1ea3o l\u00e0 an to\u00e0n 100%. Do \u0111\u00f3, trong khi ch\u00fang t\u00f4i c\u1ed1 g\u1eafng b\u1ea3o v\u1ec7 th\u00f4ng tin c\u1ee7a b\u1ea1n, Organik Kimya kh\u00f4ng th\u1ec3 \u0111\u1ea3m b\u1ea3o ho\u1eb7c \u0111\u1ea3m b\u1ea3o t\u00ednh b\u1ea3o m\u1eadt c\u1ee7a trang web n\u00e0y v\u00e0 b\u1ea1n t\u1ef1 ch\u1ecbu r\u1ee7i ro khi s\u1eed d\u1ee5ng.<\/p>\t\t\t\t\t\t<\/div>\n\t\t\t\t<\/div>\n\t\t\t\t\t<\/div>\n\t\t<\/div>\n\t\t\t\t\t<\/div>\n\t\t<\/section>\n\t\t\t\t<\/div>","protected":false},"excerpt":{"rendered":"<p>Zeolite t\u1ef1 nhi\u00ean so v\u1edbi Zeolite t\u1ed5ng h\u1ee3p, N\u00f3 \u0111\u01b0\u1ee3c t\u1ea1o ra b\u1edfi ch\u1ee9c n\u0103ng c\u1ee7a khung aluminosilicate v\u1ec1 kh\u1ea3 n\u0103ng h\u1ea5p ph\u1ee5 v\u00e0 trao \u0111\u1ed5i cation. zeolite clinoptilolite \u0111\u01b0\u1ee3c l\u00e0m \u1edf d\u1ea1ng b\u1ed9t, d\u1ea1ng h\u1ea1t. Tuy\u00ean b\u1ed1 v\u1ec1 quy\u1ec1n ri\u00eang t\u01b0 1. Kh\u00e1i qu\u00e1t Quy\u1ec1n ri\u00eang t\u01b0 c\u1ee7a b\u1ea1n r\u1ea5t quan tr\u1ecdng \u0111\u1ed1i v\u1edbi ch\u00fang t\u00f4i. ZeoliteMin cam k\u1ebft b\u1ea3o v\u1ec7 quy\u1ec1n ri\u00eang t\u01b0 tr\u1ef1c tuy\u1ebfn c\u1ee7a b\u1ea1n. N\u1ebfu b\u1ea1n c\u00f3 th\u1eafc m\u1eafc v\u1ec1 Tuy\u00ean b\u1ed1 n\u00e0y, vui l\u00f2ng li\u00ean h\u1ec7 v\u1edbi ch\u00fang t\u00f4i. 2. B\u1ea3n ch\u1ea5t c\u1ee7a th\u00f4ng tin [\u2026]<\/p>","protected":false},"author":4,"featured_media":0,"parent":0,"menu_order":0,"comment_status":"closed","ping_status":"closed","template":"elementor_header_footer","meta":{"footnotes":""},"class_list":["post-5405","page","type-page","status-publish","hentry"],"_links":{"self":[{"href":"https:\/\/zeolitemin.com\/vn\/wp-json\/wp\/v2\/pages\/5405","targetHints":{"allow":["GET"]}}],"collection":[{"href":"https:\/\/zeolitemin.com\/vn\/wp-json\/wp\/v2\/pages"}],"about":[{"href":"https:\/\/zeolitemin.com\/vn\/wp-json\/wp\/v2\/types\/page"}],"author":[{"embeddable":true,"href":"https:\/\/zeolitemin.com\/vn\/wp-json\/wp\/v2\/users\/4"}],"replies":[{"embeddable":true,"href":"https:\/\/zeolitemin.com\/vn\/wp-json\/wp\/v2\/comments?post=5405"}],"version-history":[{"count":0,"href":"https:\/\/zeolitemin.com\/vn\/wp-json\/wp\/v2\/pages\/5405\/revisions"}],"wp:attachment":[{"href":"https:\/\/zeolitemin.com\/vn\/wp-json\/wp\/v2\/media?parent=5405"}],"curies":[{"name":"wp","href":"https:\/\/api.w.org\/{rel}","templated":true}]}}