{"id":2077,"date":"2022-03-31T15:46:49","date_gmt":"2022-03-31T07:46:49","guid":{"rendered":"https:\/\/www.oklee.ga\/?page_id=2077"},"modified":"2022-11-09T14:45:57","modified_gmt":"2022-11-09T06:45:57","slug":"radioactive-waste-encapsulation","status":"publish","type":"page","link":"https:\/\/zeolitemin.com\/vn\/zeolite-applications\/radioactive-waste-encapsulation\/","title":{"rendered":"\u0110\u00f3ng g\u00f3i ch\u1ea5t th\u1ea3i ph\u00f3ng x\u1ea1"},"content":{"rendered":"<div data-elementor-type=\"wp-page\" data-elementor-id=\"2077\" class=\"elementor elementor-2077\" data-elementor-post-type=\"page\">\n\t\t\t\t\t\t<section class=\"elementor-section elementor-top-section elementor-element elementor-element-324a1522 elementor-section-height-min-height elementor-section-boxed elementor-section-height-default elementor-section-items-middle\" data-id=\"324a1522\" data-element_type=\"section\" data-settings=\"{&quot;background_background&quot;:&quot;classic&quot;}\">\n\t\t\t\t\t\t<div class=\"elementor-container elementor-column-gap-default\">\n\t\t\t\t\t<div class=\"elementor-column elementor-col-100 elementor-top-column elementor-element elementor-element-612351b3\" data-id=\"612351b3\" data-element_type=\"column\">\n\t\t\t<div class=\"elementor-widget-wrap elementor-element-populated\">\n\t\t\t\t\t\t<div class=\"elementor-element elementor-element-9851210 elementor-widget elementor-widget-heading\" data-id=\"9851210\" data-element_type=\"widget\" data-widget_type=\"heading.default\">\n\t\t\t\t<div class=\"elementor-widget-container\">\n\t\t\t<h1 class=\"elementor-heading-title elementor-size-default\">\u0110\u00f3ng g\u00f3i ch\u1ea5t th\u1ea3i ph\u00f3ng x\u1ea1<\/h1>\t\t<\/div>\n\t\t\t\t<\/div>\n\t\t\t\t<div class=\"elementor-element elementor-element-2455e4d7 elementor-widget elementor-widget-text-editor\" data-id=\"2455e4d7\" data-element_type=\"widget\" data-widget_type=\"text-editor.default\">\n\t\t\t\t<div class=\"elementor-widget-container\">\n\t\t\t\t\t\t\t<p>Zeolite \u0111\u01b0\u1ee3c s\u1eed d\u1ee5ng l\u00e0m ph\u1ee5 gia th\u1ee9c \u0103n ch\u0103n nu\u00f4i cho gia c\u1ea7m, gi\u00fap t\u0103ng hi\u1ec7u qu\u1ea3 s\u1eed d\u1ee5ng th\u1ee9c \u0103n v\u00e0 gi\u1ea3m m\u1ee9c amoniac trong chu\u1ed3ng gia c\u1ea7m<\/p>\t\t\t\t\t\t<\/div>\n\t\t\t\t<\/div>\n\t\t\t\t\t<\/div>\n\t\t<\/div>\n\t\t\t\t\t<\/div>\n\t\t<\/section>\n\t\t\t\t<section class=\"elementor-section elementor-top-section elementor-element elementor-element-3dd45e37 elementor-section-boxed elementor-section-height-default elementor-section-height-default\" data-id=\"3dd45e37\" data-element_type=\"section\">\n\t\t\t\t\t\t<div class=\"elementor-container elementor-column-gap-default\">\n\t\t\t\t\t<div class=\"elementor-column elementor-col-100 elementor-top-column elementor-element elementor-element-5bb14ec9\" data-id=\"5bb14ec9\" data-element_type=\"column\">\n\t\t\t<div class=\"elementor-widget-wrap elementor-element-populated\">\n\t\t\t\t\t\t<div class=\"elementor-element elementor-element-506cf377 elementor-widget elementor-widget-heading\" data-id=\"506cf377\" data-element_type=\"widget\" data-widget_type=\"heading.default\">\n\t\t\t\t<div class=\"elementor-widget-container\">\n\t\t\t<h2 class=\"elementor-heading-title elementor-size-default\">Zeolit t\u1ef1 nhi\u00ean - \u0110\u00f3ng g\u00f3i ch\u1ea5t th\u1ea3i ph\u00f3ng x\u1ea1<\/h2>\t\t<\/div>\n\t\t\t\t<\/div>\n\t\t\t\t<div class=\"elementor-element elementor-element-218e6687 elementor-widget elementor-widget-text-editor\" data-id=\"218e6687\" data-element_type=\"widget\" data-widget_type=\"text-editor.default\">\n\t\t\t\t<div class=\"elementor-widget-container\">\n\t\t\t\t\t\t\t<h3>Qu\u1ea3n l\u00fd ch\u1ea5t th\u1ea3i<\/h3><p>M\u1ed9t trong nh\u1eefng th\u00e1ch th\u1ee9c l\u1edbn nh\u1ea5t m\u00e0 ng\u00e0nh c\u00f4ng nghi\u1ec7p h\u1ea1t nh\u00e2n ph\u1ea3i \u0111\u1ed1i m\u1eb7t l\u00e0 qu\u1ea3n l\u00fd ch\u1ea5t th\u1ea3i c\u00f3 nguy c\u01a1 g\u00e2y \u00f4 nhi\u1ec5m m\u00f4i tr\u01b0\u1eddng v\u00e0 chuy\u1ec3n ch\u1ea5t \u0111\u1ed9c v\u00e0o c\u00e1c chu\u1ed7i th\u1ee9c \u0103n t\u1eeb \u0111\u1ea5t - th\u1ef1c v\u1eadt - \u0111\u1ed9ng v\u1eadt. Trong nhi\u1ec1u n\u0103m, xi m\u0103ng \u0111\u00e3 \u0111\u01b0\u1ee3c s\u1eed d\u1ee5ng \u0111\u1ec3 bao b\u1ecdc ch\u1ea5t th\u1ea3i ph\u00f3ng x\u1ea1 v\u00ec n\u00f3 r\u1ebb ti\u1ec1n, c\u00f3 th\u1ec3 d\u1ec5 d\u00e0ng chu\u1ea9n b\u1ecb \u1edf nh\u1eefng n\u01a1i xa v\u00e0 c\u00f3 th\u1ec3 xuy\u00ean qua c\u00e1c h\u00ecnh d\u1ea1ng ch\u1ea5t th\u1ea3i ph\u1ee9c t\u1ea1p (Milestone, 2006).<\/p><figure id=\"attachment_5617\" aria-describedby=\"caption-attachment-5617\" style=\"width: 300px\" class=\"wp-caption alignleft\"><img decoding=\"async\" class=\"size-medium wp-image-5617\" src=\"https:\/\/zeolitemin.com\/wp-content\/uploads\/2022\/05\/radioactive-waste-300x150.jpg\" alt=\"zeolit h\u1ea5p th\u1ee5 ch\u1ea5t th\u1ea3i ph\u00f3ng x\u1ea1\" width=\"300\" height=\"150\" srcset=\"https:\/\/zeolitemin.com\/wp-content\/uploads\/2022\/05\/radioactive-waste-300x150.jpg 300w, https:\/\/zeolitemin.com\/wp-content\/uploads\/2022\/05\/radioactive-waste-768x384.jpg 768w, https:\/\/zeolitemin.com\/wp-content\/uploads\/2022\/05\/radioactive-waste-16x8.jpg 16w, https:\/\/zeolitemin.com\/wp-content\/uploads\/2022\/05\/radioactive-waste.jpg 800w\" sizes=\"(max-width: 300px) 100vw, 300px\" \/><figcaption id=\"caption-attachment-5617\" class=\"wp-caption-text\">zeolit h\u1ea5p th\u1ee5 ch\u1ea5t th\u1ea3i ph\u00f3ng x\u1ea1<\/figcaption><\/figure><p>Xi m\u0103ng c\u0169ng h\u1ed7 tr\u1ee3 s\u1ef1 c\u1ed1 \u0111\u1ecbnh c\u1ee7a c\u00e1c h\u1ea1t nh\u00e2n ph\u00f3ng x\u1ea1 b\u1eb1ng c\u00e1ch ho\u1ea1t \u0111\u1ed9ng nh\u01b0 m\u1ed9t r\u00e0o c\u1ea3n khu\u1ebfch t\u00e1n, cung c\u1ea5p c\u00e1c v\u1ecb tr\u00ed h\u1ea5p th\u1ee5 v\u00e0 ph\u1ea3n \u1ee9ng, \u0111\u1ed3ng th\u1eddi duy tr\u00ec \u0111\u1ed9 pH cao, do \u0111\u00f3 l\u00e0m gi\u1ea3m kh\u1ea3 n\u0103ng h\u00f2a tan c\u1ee7a h\u1ea1t nh\u00e2n ph\u00f3ng x\u1ea1 (Milestone, 2006). Tuy nhi\u00ean, c\u00e1c ph\u1ea3n \u1ee9ng x\u1ea3y ra gi\u1eefa ch\u1ea5t th\u1ea3i ph\u00f3ng x\u1ea1 v\u00e0 xi m\u0103ng \u0111\u01b0\u1ee3c s\u1eed d\u1ee5ng \u0111\u1ec3 \u0111\u00f3ng g\u00f3i c\u00f3 th\u1ec3 \u1ea3nh h\u01b0\u1edfng \u0111\u1ebfn t\u00ednh to\u00e0n v\u1eb9n c\u1ee7a d\u1ea1ng ch\u1ea5t th\u1ea3i (Milestone, 2006).<\/p><h3>\u0110\u00f3ng g\u00f3i Zeolit<\/h3><p>Zeolit t\u1ef1 nhi\u00ean th\u01b0\u1eddng \u0111\u01b0\u1ee3c s\u1eed d\u1ee5ng \u0111\u1ec3 h\u1ea1n ch\u1ebf t\u00e1c \u0111\u1ed9ng \u0111\u1ebfn m\u00f4i tr\u01b0\u1eddng c\u1ee7a ch\u1ea5t th\u1ea3i ph\u00f3ng x\u1ea1. C\u00e1c \u1ee9ng d\u1ee5ng l\u1ecbch s\u1eed bao g\u1ed3m h\u1ea1n ch\u1ebf t\u00e1c \u0111\u1ed9ng c\u1ee7a c\u00e1c v\u1ee5 tai n\u1ea1n h\u1ea1t nh\u00e2n \u1edf \u0110\u1ea3o Ba D\u1eb7m v\u00e0 Chernobyl, lo\u1ea1i b\u1ecf c\u00e1c \u0111\u1ed3ng v\u1ecb ph\u00f3ng x\u1ea1 cesium v\u00e0 stronti kh\u1ecfi n\u01b0\u1edbc th\u1ea3i c\u1ee7a ng\u00e0nh c\u00f4ng nghi\u1ec7p h\u1ea1t nh\u00e2n v\u00e0 kh\u1eed nhi\u1ec5m n\u01b0\u1edbc (Misaelides, 2011). K\u1ec3 t\u1eeb n\u0103m 1985, K\u1ebf ho\u1ea1ch N\u01b0\u1edbc th\u1ea3i Ion Sellafield \u0111\u00e3 s\u1eed d\u1ee5ng <a href=\"https:\/\/zeolitemin.com\/vn\/zeolite-science\/what-is-natural-clinoptilolite\/\">clinoptilolit<\/a> \u0111\u1ec3 gi\u1ea3m m\u1ee9c \u0111\u1ed9 cesium v\u00e0 strontium th\u1ea3i ra bi\u1ec3n Ireland.<\/p><p>R\u1eeda tr\u00f4i l\u00e0 m\u1ed9t th\u00e1ch th\u1ee9c l\u1edbn li\u00ean quan \u0111\u1ebfn ch\u1ea5t th\u1ea3i ph\u00f3ng x\u1ea1 <a href=\"https:\/\/zeolitemin.com\/vn\/zeolite-applications\/hydrocarbon-encapsulation\/\">s\u1ef1 \u0111\u00f3ng g\u00f3i<\/a>. C\u00e1c nghi\u00ean c\u1ee9u \u0111\u00e3 ph\u00e1t hi\u1ec7n ra r\u1eb1ng c\u1ea3i thi\u1ec7n c\u1ea5u tr\u00fac l\u1ed7 r\u1ed7ng l\u00e0 m\u1ed9t ph\u01b0\u01a1ng ph\u00e1p \u0111\u1ec3 ch\u1ee9a ch\u1ea5t th\u1ea3i trong m\u1ed9t c\u1ea5u tr\u00fac r\u1eafn. V\u00ed d\u1ee5, Bagosi (2006) \u0111\u00e3 ti\u1ebfn h\u00e0nh m\u1ed9t th\u00ed nghi\u1ec7m v\u1edbi h\u1ed7n h\u1ee3p xi m\u0103ng v\u00e0 zeolit t\u1ef1 nhi\u00ean \u0111\u1ec3 ng\u0103n ch\u1eb7n s\u1ef1 r\u1eeda tr\u00f4i x\u00eazi. C\u00e1c k\u1ebft qu\u1ea3 ch\u1ec9 ra r\u1eb1ng vi\u1ec7c b\u1ed5 sung zeolit l\u00e0m gi\u1ea3m s\u1ef1 gi\u1ea3i ph\u00f3ng cesium l\u00ean \u0111\u1ebfn 75 ph\u1ea7n tr\u0103m trong kho\u1ea3ng th\u1eddi gian ba n\u0103m.<\/p><p>Li &amp; Wang (2005) \u0111\u00e3 nghi\u00ean c\u1ee9u \u1ea3nh h\u01b0\u1edfng c\u1ee7a zeolit \u0111\u1ebfn c\u01b0\u1eddng \u0111\u1ed9, nhi\u1ec7t hydrat h\u00f3a v\u00e0 t\u1ed1c \u0111\u1ed9 r\u1eeda tr\u00f4i c\u1ee7a ma tr\u1eadn xi m\u0103ng nh\u1ef1a. Sau m\u1ed9t th\u1eed nghi\u1ec7m r\u1eeda tr\u00f4i m\u00f4 ph\u1ecfng, h\u1ecd x\u00e1c \u0111\u1ecbnh r\u1eb1ng s\u1ef1 bao g\u1ed3m c\u1ee7a <a href=\"https:\/\/zeolitemin.com\/vn\/products\/uz-min-cement-additives\/\">zeolit trong xi m\u0103ng<\/a> l\u00e0m gi\u1ea3m \u0111\u00e1ng k\u1ec3 t\u1ed1c \u0111\u1ed9 r\u1eeda tr\u00f4i c\u1ee7a c\u00e1c h\u1ea1t nh\u00e2n ph\u00f3ng x\u1ea1. H\u1ecd k\u1ebft lu\u1eadn r\u1eb1ng zeolite l\u00e0 m\u1ed9t ch\u1ea5t b\u1ed5 sung h\u1ed7 tr\u1ee3 s\u1ef1 \u1ed5n \u0111\u1ecbnh c\u1ee7a n\u1ec1n xi m\u0103ng v\u00e0 c\u00f3 th\u1ec3 l\u00e0m gi\u1ea3m \u0111\u00e1ng k\u1ec3 t\u1ef7 l\u1ec7 r\u1eeda tr\u00f4i. Zeolite nh\u01b0 m\u1ed9t <a href=\"https:\/\/antenchem.com\" rel=\"noopener\">s\u00e0ng ph\u00e2n t\u1eed<\/a> l\u00e0 m\u1ed9t kho\u00e1ng ch\u1ea5t t\u1ef1 nhi\u00ean.<\/p>\t\t\t\t\t\t<\/div>\n\t\t\t\t<\/div>\n\t\t\t\t\t<\/div>\n\t\t<\/div>\n\t\t\t\t\t<\/div>\n\t\t<\/section>\n\t\t\t\t<section class=\"elementor-section elementor-top-section elementor-element elementor-element-c433311 elementor-section-boxed elementor-section-height-default elementor-section-height-default\" data-id=\"c433311\" data-element_type=\"section\" data-settings=\"{&quot;background_background&quot;:&quot;classic&quot;}\">\n\t\t\t\t\t\t<div class=\"elementor-container elementor-column-gap-default\">\n\t\t\t\t\t<div class=\"elementor-column elementor-col-100 elementor-top-column elementor-element elementor-element-c74f417\" data-id=\"c74f417\" data-element_type=\"column\">\n\t\t\t<div class=\"elementor-widget-wrap elementor-element-populated\">\n\t\t\t\t\t\t<div class=\"elementor-element elementor-element-8d12171 elementor-widget elementor-widget-heading\" data-id=\"8d12171\" data-element_type=\"widget\" data-widget_type=\"heading.default\">\n\t\t\t\t<div class=\"elementor-widget-container\">\n\t\t\t<h3 class=\"elementor-heading-title elementor-size-default\">L\u1ee3i \u00edch c\u1ee7a UZ-Min Clinoptilolite Zeolite trong vi\u1ec7c \u0111\u00f3ng g\u00f3i ch\u1ea5t th\u1ea3i ph\u00f3ng x\u1ea1<\/h3>\t\t<\/div>\n\t\t\t\t<\/div>\n\t\t\t\t<div class=\"elementor-element elementor-element-d892a31 elementor-widget elementor-widget-text-editor\" data-id=\"d892a31\" data-element_type=\"widget\" data-widget_type=\"text-editor.default\">\n\t\t\t\t<div class=\"elementor-widget-container\">\n\t\t\t\t\t\t\t<ul><li>H\u1ea5p th\u1ee5 v\u00e0 c\u1ed1 \u0111\u1ecbnh c\u00e1c cation ph\u00f3ng x\u1ea1 nh\u01b0 cesium (Cs) v\u00e0 strontium (Sr)<\/li><li>Kh\u1ea3 n\u0103ng ch\u1ed1ng b\u1ee9c x\u1ea1 v\u00e0 nhi\u1ec7t \u0111\u00e3 \u0111\u01b0\u1ee3c ch\u1ee9ng minh<\/li><li>Li\u00ean k\u1ebft v\u1edbi c\u00e1c cation ph\u00f3ng x\u1ea1 trong n\u01b0\u1edbc th\u1ea3i h\u1ea1t nh\u00e2n v\u00e0 \u0111\u1ea5t \u00f4 nhi\u1ec5m<\/li><li>T\u01b0\u01a1ng th\u00edch cao v\u1edbi c\u00e1c ph\u01b0\u01a1ng ph\u00e1p bao g\u00f3i xi m\u0103ng<\/li><li>Ng\u0103n ch\u1eb7n s\u1ef1 r\u1eeda tr\u00f4i ch\u1ea5t \u00f4 nhi\u1ec5m tr\u1edf l\u1ea1i m\u00f4i tr\u01b0\u1eddng<\/li><li>Ng\u0103n ch\u1eb7n s\u1ef1 \u0103n m\u00f2n c\u1ee7a n\u1ec1n xi m\u0103ng \u0111\u01b0\u1ee3c t\u1ea1o ra trong qu\u00e1 tr\u00ecnh \u0111\u00f3ng g\u00f3i<\/li><\/ul>\t\t\t\t\t\t<\/div>\n\t\t\t\t<\/div>\n\t\t\t\t\t<\/div>\n\t\t<\/div>\n\t\t\t\t\t<\/div>\n\t\t<\/section>\n\t\t\t\t<section class=\"elementor-section elementor-top-section elementor-element elementor-element-77e6a0c elementor-section-boxed elementor-section-height-default elementor-section-height-default\" data-id=\"77e6a0c\" data-element_type=\"section\">\n\t\t\t\t\t\t<div class=\"elementor-container elementor-column-gap-default\">\n\t\t\t\t\t<div class=\"elementor-column elementor-col-100 elementor-top-column elementor-element elementor-element-3640d381\" data-id=\"3640d381\" data-element_type=\"column\">\n\t\t\t<div class=\"elementor-widget-wrap elementor-element-populated\">\n\t\t\t\t\t\t<section class=\"elementor-section elementor-inner-section elementor-element elementor-element-6a8d2851 elementor-section-boxed elementor-section-height-default elementor-section-height-default\" data-id=\"6a8d2851\" data-element_type=\"section\" data-settings=\"{&quot;sticky&quot;:&quot;top&quot;,&quot;sticky_on&quot;:[&quot;desktop&quot;,&quot;tablet&quot;],&quot;sticky_parent&quot;:&quot;yes&quot;,&quot;sticky_offset&quot;:0,&quot;sticky_effects_offset&quot;:0}\">\n\t\t\t\t\t\t<div class=\"elementor-container elementor-column-gap-default\">\n\t\t\t\t\t<div class=\"elementor-column elementor-col-100 elementor-inner-column elementor-element elementor-element-29bdb5d0\" data-id=\"29bdb5d0\" data-element_type=\"column\" data-settings=\"{&quot;background_background&quot;:&quot;classic&quot;}\">\n\t\t\t<div class=\"elementor-widget-wrap elementor-element-populated\">\n\t\t\t\t\t\t<div class=\"elementor-element elementor-element-17bdd2a0 elementor-widget elementor-widget-heading\" data-id=\"17bdd2a0\" data-element_type=\"widget\" data-widget_type=\"heading.default\">\n\t\t\t\t<div class=\"elementor-widget-container\">\n\t\t\t<h2 class=\"elementor-heading-title elementor-size-default\">G\u1eedi y\u00eau c\u1ea7u c\u1ee7a b\u1ea1n ngay h\u00f4m nay<\/h2>\t\t<\/div>\n\t\t\t\t<\/div>\n\t\t\t\t<div class=\"elementor-element elementor-element-1f67cafc elementor-widget elementor-widget-template\" data-id=\"1f67cafc\" data-element_type=\"widget\" data-widget_type=\"template.default\">\n\t\t\t\t<div class=\"elementor-widget-container\">\n\t\t\t\t\t<div class=\"elementor-template\">\n\t\t\t\t\t<div data-elementor-type=\"section\" data-elementor-id=\"213\" class=\"elementor elementor-213\" data-elementor-post-type=\"elementor_library\">\n\t\t\t\t\t<section class=\"elementor-section elementor-top-section elementor-element elementor-element-147d694 elementor-section-boxed elementor-section-height-default elementor-section-height-default\" data-id=\"147d694\" data-element_type=\"section\">\n\t\t\t\t\t\t<div class=\"elementor-container elementor-column-gap-default\">\n\t\t\t\t\t<div class=\"elementor-column elementor-col-100 elementor-top-column elementor-element elementor-element-8955c09\" data-id=\"8955c09\" data-element_type=\"column\">\n\t\t\t<div class=\"elementor-widget-wrap elementor-element-populated\">\n\t\t\t\t\t\t<div class=\"elementor-element elementor-element-5294796 elementor-button-align-stretch elementor-widget elementor-widget-global elementor-global-2532 elementor-widget-form\" data-id=\"5294796\" data-element_type=\"widget\" data-settings=\"{&quot;step_next_label&quot;:&quot;Next&quot;,&quot;step_previous_label&quot;:&quot;Previous&quot;,&quot;button_width&quot;:&quot;100&quot;,&quot;step_type&quot;:&quot;number_text&quot;,&quot;step_icon_shape&quot;:&quot;circle&quot;}\" data-widget_type=\"form.default\">\n\t\t\t\t<div class=\"elementor-widget-container\">\n\t\t\t\t\t<form class=\"elementor-form\" method=\"post\" name=\"New Form\" action=\"\">\n\t\t\t<input type=\"hidden\" name=\"post_id\" value=\"213\"\/>\n\t\t\t<input type=\"hidden\" name=\"form_id\" value=\"5294796\"\/>\n\t\t\t<input type=\"hidden\" name=\"referer_title\" value=\"\" \/>\n\n\t\t\t\n\t\t\t<div class=\"elementor-form-fields-wrapper elementor-labels-\">\n\t\t\t\t\t\t\t\t<div class=\"elementor-field-type-text elementor-field-group elementor-column elementor-field-group-name elementor-col-50 elementor-field-required\">\n\t\t\t\t\t\t\t\t\t\t\t\t\t<input size=\"1\" type=\"text\" name=\"form_fields[name]\" id=\"form-field-name\" class=\"elementor-field elementor-size-sm  elementor-field-textual\" placeholder=\"T\u00ean *\" required=\"required\" aria-required=\"true\">\n\t\t\t\t\t\t\t\t\t\t\t<\/div>\n\t\t\t\t\t\t\t\t<div class=\"elementor-field-type-email elementor-field-group elementor-column elementor-field-group-email elementor-col-50 elementor-field-required\">\n\t\t\t\t\t\t\t\t\t\t\t\t\t<input size=\"1\" type=\"email\" name=\"form_fields[email]\" id=\"form-field-email\" class=\"elementor-field elementor-size-sm  elementor-field-textual\" placeholder=\"Email *\" required=\"required\" aria-required=\"true\">\n\t\t\t\t\t\t\t\t\t\t\t<\/div>\n\t\t\t\t\t\t\t\t<div class=\"elementor-field-type-text elementor-field-group elementor-column elementor-field-group-yourcompany elementor-col-50 elementor-field-required\">\n\t\t\t\t\t\t\t\t\t\t\t\t\t<input size=\"1\" type=\"text\" name=\"form_fields[yourcompany]\" id=\"form-field-yourcompany\" class=\"elementor-field elementor-size-sm  elementor-field-textual\" placeholder=\"C\u00f4ng ty *\" required=\"required\" aria-required=\"true\">\n\t\t\t\t\t\t\t\t\t\t\t<\/div>\n\t\t\t\t\t\t\t\t<div class=\"elementor-field-type-tel elementor-field-group elementor-column elementor-field-group-phone elementor-col-50 elementor-field-required\">\n\t\t\t\t\t\t\t<input size=\"1\" type=\"tel\" name=\"form_fields[phone]\" id=\"form-field-phone\" class=\"elementor-field elementor-size-sm  elementor-field-textual\" placeholder=\"\u0110i\u1ec7n tho\u1ea1i *\" required=\"required\" aria-required=\"true\" pattern=\"[0-9()#&amp;+*-=.]+\" title=\"Ch\u1ec9 s\u1ed1 v\u00e0 k\u00fd t\u1ef1 \u0111i\u1ec7n tho\u1ea1i (#, -, *, v.v.) m\u1edbi \u0111\u01b0\u1ee3c ch\u1ea5p nh\u1eadn.\">\n\n\t\t\t\t\t\t<\/div>\n\t\t\t\t\t\t\t\t<div class=\"elementor-field-type-text elementor-field-group elementor-column elementor-field-group-country elementor-col-50 elementor-field-required\">\n\t\t\t\t\t\t\t\t\t\t\t\t\t<input size=\"1\" type=\"text\" name=\"form_fields[country]\" id=\"form-field-country\" class=\"elementor-field elementor-size-sm  elementor-field-textual\" placeholder=\"Qu\u1ed1c gia\" required=\"required\" aria-required=\"true\">\n\t\t\t\t\t\t\t\t\t\t\t<\/div>\n\t\t\t\t\t\t\t\t<div class=\"elementor-field-type-text elementor-field-group elementor-column elementor-field-group-yourmobile elementor-col-50 elementor-field-required\">\n\t\t\t\t\t\t\t\t\t\t\t\t\t<input size=\"1\" type=\"text\" name=\"form_fields[yourmobile]\" id=\"form-field-yourmobile\" class=\"elementor-field elementor-size-sm  elementor-field-textual\" placeholder=\"Di \u0111\u1ed9ng *\" required=\"required\" aria-required=\"true\">\n\t\t\t\t\t\t\t\t\t\t\t<\/div>\n\t\t\t\t\t\t\t\t<div class=\"elementor-field-type-textarea elementor-field-group elementor-column elementor-field-group-message elementor-col-100 elementor-field-required\">\n\t\t\t\t\t<textarea class=\"elementor-field-textual elementor-field  elementor-size-sm\" name=\"form_fields[message]\" id=\"form-field-message\" rows=\"4\" placeholder=\"Th\u00f4ng \u0111i\u1ec7p *\" required=\"required\" aria-required=\"true\"><\/textarea>\t\t\t\t<\/div>\n\t\t\t\t\t\t\t\t<div class=\"elementor-field-type-recaptcha elementor-field-group elementor-column elementor-field-group-field_recaptcha elementor-col-100\">\n\t\t\t\t\t<div class=\"elementor-field\" id=\"form-field-field_recaptcha\"><div class=\"elementor-g-recaptcha\" data-sitekey=\"6LdTXg0iAAAAAJQWCjxvpI7P0vJF3Al_7EIzWP9u\" data-type=\"v2_checkbox\" data-theme=\"light\" data-size=\"normal\"><\/div><\/div>\t\t\t\t<\/div>\n\t\t\t\t\t\t\t\t<div class=\"elementor-field-group elementor-column elementor-field-type-submit elementor-col-100 e-form__buttons\">\n\t\t\t\t\t<button class=\"elementor-button elementor-size-sm\" type=\"submit\">\n\t\t\t\t\t\t<span class=\"elementor-button-content-wrapper\">\n\t\t\t\t\t\t\t\t\t\t\t\t\t\t\t\t\t\t\t\t\t\t<span class=\"elementor-button-text\">G\u1eedi<\/span>\n\t\t\t\t\t\t\t\t\t\t\t\t\t<\/span>\n\t\t\t\t\t<\/button>\n\t\t\t\t<\/div>\n\t\t\t<\/div>\n\t\t<input type=\"hidden\" name=\"trp-form-language\" value=\"vn\"\/><\/form>\n\t\t\t\t<\/div>\n\t\t\t\t<\/div>\n\t\t\t\t\t<\/div>\n\t\t<\/div>\n\t\t\t\t\t<\/div>\n\t\t<\/section>\n\t\t\t\t<\/div>\n\t\t\t\t<\/div>\n\t\t\t\t<\/div>\n\t\t\t\t<\/div>\n\t\t\t\t\t<\/div>\n\t\t<\/div>\n\t\t\t\t\t<\/div>\n\t\t<\/section>\n\t\t\t\t\t<\/div>\n\t\t<\/div>\n\t\t\t\t\t<\/div>\n\t\t<\/section>\n\t\t\t\t<\/div>","protected":false},"excerpt":{"rendered":"<p>Zeolite \u0111\u01b0\u1ee3c s\u1eed d\u1ee5ng l\u00e0m ph\u1ee5 gia th\u1ee9c \u0103n ch\u0103n nu\u00f4i cho gia c\u1ea7m, gi\u00fap t\u0103ng hi\u1ec7u qu\u1ea3 s\u1eed d\u1ee5ng th\u1ee9c \u0103n v\u00e0 gi\u1ea3m n\u1ed3ng \u0111\u1ed9 amoniac trong chu\u1ed3ng gia c\u1ea7m chu\u1ed7i th\u1ee9c \u0103n th\u1ef1c v\u1eadt - \u0111\u1ed9ng v\u1eadt. Trong nhi\u1ec1u n\u0103m, xi m\u0103ng \u0111\u00e3 \u0111\u01b0\u1ee3c s\u1eed d\u1ee5ng [\u2026]<\/p>","protected":false},"author":1,"featured_media":0,"parent":1557,"menu_order":7,"comment_status":"closed","ping_status":"closed","template":"elementor_header_footer","meta":{"footnotes":""},"class_list":["post-2077","page","type-page","status-publish","hentry"],"_links":{"self":[{"href":"https:\/\/zeolitemin.com\/vn\/wp-json\/wp\/v2\/pages\/2077","targetHints":{"allow":["GET"]}}],"collection":[{"href":"https:\/\/zeolitemin.com\/vn\/wp-json\/wp\/v2\/pages"}],"about":[{"href":"https:\/\/zeolitemin.com\/vn\/wp-json\/wp\/v2\/types\/page"}],"author":[{"embeddable":true,"href":"https:\/\/zeolitemin.com\/vn\/wp-json\/wp\/v2\/users\/1"}],"replies":[{"embeddable":true,"href":"https:\/\/zeolitemin.com\/vn\/wp-json\/wp\/v2\/comments?post=2077"}],"version-history":[{"count":0,"href":"https:\/\/zeolitemin.com\/vn\/wp-json\/wp\/v2\/pages\/2077\/revisions"}],"up":[{"embeddable":true,"href":"https:\/\/zeolitemin.com\/vn\/wp-json\/wp\/v2\/pages\/1557"}],"wp:attachment":[{"href":"https:\/\/zeolitemin.com\/vn\/wp-json\/wp\/v2\/media?parent=2077"}],"curies":[{"name":"wp","href":"https:\/\/api.w.org\/{rel}","templated":true}]}}