{"id":1968,"date":"2022-03-30T21:04:58","date_gmt":"2022-03-30T13:04:58","guid":{"rendered":"https:\/\/www.oklee.ga\/?page_id=1968"},"modified":"2022-11-09T14:31:34","modified_gmt":"2022-11-09T06:31:34","slug":"hydrocarbon-encapsulation","status":"publish","type":"page","link":"https:\/\/zeolitemin.com\/vn\/zeolite-applications\/hydrocarbon-encapsulation\/","title":{"rendered":"\u0110\u00f3ng g\u00f3i hydrocacbon"},"content":{"rendered":"<div data-elementor-type=\"wp-page\" data-elementor-id=\"1968\" class=\"elementor elementor-1968\" data-elementor-post-type=\"page\">\n\t\t\t\t\t\t<section class=\"elementor-section elementor-top-section elementor-element elementor-element-788e7f97 elementor-section-height-min-height elementor-section-boxed elementor-section-height-default elementor-section-items-middle\" data-id=\"788e7f97\" data-element_type=\"section\" data-settings=\"{&quot;background_background&quot;:&quot;classic&quot;}\">\n\t\t\t\t\t\t<div class=\"elementor-container elementor-column-gap-default\">\n\t\t\t\t\t<div class=\"elementor-column elementor-col-100 elementor-top-column elementor-element elementor-element-1c1c776a\" data-id=\"1c1c776a\" data-element_type=\"column\">\n\t\t\t<div class=\"elementor-widget-wrap elementor-element-populated\">\n\t\t\t\t\t\t<div class=\"elementor-element elementor-element-18c90328 elementor-widget elementor-widget-heading\" data-id=\"18c90328\" data-element_type=\"widget\" data-widget_type=\"heading.default\">\n\t\t\t\t<div class=\"elementor-widget-container\">\n\t\t\t<h1 class=\"elementor-heading-title elementor-size-default\">\u0110\u00f3ng g\u00f3i hydrocacbon<\/h1>\t\t<\/div>\n\t\t\t\t<\/div>\n\t\t\t\t<div class=\"elementor-element elementor-element-7080ca29 elementor-widget elementor-widget-text-editor\" data-id=\"7080ca29\" data-element_type=\"widget\" data-widget_type=\"text-editor.default\">\n\t\t\t\t<div class=\"elementor-widget-container\">\n\t\t\t\t\t\t\t<p>Hydrocarbon Bao b\u1ecdc \u1ea3nh h\u01b0\u1edfng c\u1ee7a zeolit t\u1ef1 nhi\u00ean \u0111\u1ed1i v\u1edbi s\u1ef1 h\u1ea5p th\u1ee5 kim lo\u1ea1i n\u1eb7ng .clinoptilolite lo\u1ea1i b\u1ecf th\u00e0nh c\u00f4ng vi\u1ec7c thu h\u1ed3i kim lo\u1ea1i t\u1eeb c\u00e1c gi\u1ea3i ph\u00e1p khai th\u00e1c v\u00e0 ch\u1ebf bi\u1ebfn kho\u00e1ng s\u1ea3n. N\u00f3 c\u00f3 hi\u1ec7u qu\u1ea3 nh\u01b0 m\u1ed9t ch\u1ea5t kh\u1eed nhi\u1ec5m n\u01b0\u1edbc.<\/p>\t\t\t\t\t\t<\/div>\n\t\t\t\t<\/div>\n\t\t\t\t\t<\/div>\n\t\t<\/div>\n\t\t\t\t\t<\/div>\n\t\t<\/section>\n\t\t\t\t<section class=\"elementor-section elementor-top-section elementor-element elementor-element-54cff8e6 elementor-section-boxed elementor-section-height-default elementor-section-height-default\" data-id=\"54cff8e6\" data-element_type=\"section\">\n\t\t\t\t\t\t<div class=\"elementor-container elementor-column-gap-default\">\n\t\t\t\t\t<div class=\"elementor-column elementor-col-100 elementor-top-column elementor-element elementor-element-3fbe461\" data-id=\"3fbe461\" data-element_type=\"column\">\n\t\t\t<div class=\"elementor-widget-wrap elementor-element-populated\">\n\t\t\t\t\t\t<div class=\"elementor-element elementor-element-6be788c3 elementor-widget elementor-widget-heading\" data-id=\"6be788c3\" data-element_type=\"widget\" data-widget_type=\"heading.default\">\n\t\t\t\t<div class=\"elementor-widget-container\">\n\t\t\t<h2 class=\"elementor-heading-title elementor-size-default\">\u0110\u00f3ng g\u00f3i hydrocacbon<\/h2>\t\t<\/div>\n\t\t\t\t<\/div>\n\t\t\t\t<section class=\"elementor-section elementor-inner-section elementor-element elementor-element-31700bc elementor-section-boxed elementor-section-height-default elementor-section-height-default\" data-id=\"31700bc\" data-element_type=\"section\">\n\t\t\t\t\t\t<div class=\"elementor-container elementor-column-gap-default\">\n\t\t\t\t\t<div class=\"elementor-column elementor-col-50 elementor-inner-column elementor-element elementor-element-f274363\" data-id=\"f274363\" data-element_type=\"column\">\n\t\t\t<div class=\"elementor-widget-wrap elementor-element-populated\">\n\t\t\t\t\t\t<div class=\"elementor-element elementor-element-8d5e42a elementor-pagination-position-outside elementor-widget elementor-widget-image-carousel\" data-id=\"8d5e42a\" data-element_type=\"widget\" data-settings=\"{&quot;slides_to_show&quot;:&quot;1&quot;,&quot;navigation&quot;:&quot;dots&quot;,&quot;autoplay&quot;:&quot;yes&quot;,&quot;pause_on_hover&quot;:&quot;yes&quot;,&quot;pause_on_interaction&quot;:&quot;yes&quot;,&quot;autoplay_speed&quot;:5000,&quot;infinite&quot;:&quot;yes&quot;,&quot;effect&quot;:&quot;slide&quot;,&quot;speed&quot;:500}\" data-widget_type=\"image-carousel.default\">\n\t\t\t\t<div class=\"elementor-widget-container\">\n\t\t\t\t\t<div class=\"elementor-image-carousel-wrapper swiper\" dir=\"ltr\">\n\t\t\t<div class=\"elementor-image-carousel swiper-wrapper\" aria-live=\"off\">\n\t\t\t\t\t\t\t\t<div class=\"swiper-slide\" role=\"group\" aria-roledescription=\"slide\" aria-label=\"1 tr\u00ean 2\"><figure class=\"swiper-slide-inner\"><img decoding=\"async\" class=\"swiper-slide-image\" src=\"https:\/\/zeolitemin.com\/wp-content\/uploads\/2022\/05\/hydrocarbon-encapsulation-1.jpeg\" alt=\"zeolit \u0111\u01b0\u1ee3c s\u1eed d\u1ee5ng trong bao g\u00f3i hydrocacbon\" \/><\/figure><\/div><div class=\"swiper-slide\" role=\"group\" aria-roledescription=\"slide\" aria-label=\"2 tr\u00ean 2\"><figure class=\"swiper-slide-inner\"><img decoding=\"async\" class=\"swiper-slide-image\" src=\"https:\/\/zeolitemin.com\/wp-content\/uploads\/2022\/05\/hydrocarbon-encapsulation-2.jpg\" alt=\"zeolit \u0111\u01b0\u1ee3c s\u1eed d\u1ee5ng trong bao g\u00f3i hydrocacbon\" \/><\/figure><\/div>\t\t\t<\/div>\n\t\t\t\t\t\t\t\n\t\t\t\t\t\t\t\t\t<div class=\"swiper-pagination\"><\/div>\n\t\t\t\t\t\t\t\t\t<\/div>\n\t\t\t\t<\/div>\n\t\t\t\t<\/div>\n\t\t\t\t\t<\/div>\n\t\t<\/div>\n\t\t\t\t<div class=\"elementor-column elementor-col-50 elementor-inner-column elementor-element elementor-element-073e775\" data-id=\"073e775\" data-element_type=\"column\">\n\t\t\t<div class=\"elementor-widget-wrap elementor-element-populated\">\n\t\t\t\t\t\t<div class=\"elementor-element elementor-element-7cff2ea elementor-widget elementor-widget-text-editor\" data-id=\"7cff2ea\" data-element_type=\"widget\" data-widget_type=\"text-editor.default\">\n\t\t\t\t<div class=\"elementor-widget-container\">\n\t\t\t\t\t\t\t<p>Ng\u00e0nh c\u00f4ng nghi\u1ec7p d\u1ea7u kh\u00ed s\u1ea3n xu\u1ea5t s\u1ed1 l\u01b0\u1ee3ng l\u1edbn c\u00e1c m\u0169i khoan t\u1ed5ng h\u1ee3p m\u1ed7i n\u0103m. Nh\u1eefng c\u00e0nh gi\u00e2m n\u00e0y th\u01b0\u1eddng ch\u1ee9a h\u00e0m l\u01b0\u1ee3ng hydrocacbon cao, <a href=\"https:\/\/zeolitemin.com\/vn\/zeolite-applications\/absorbent-adsorbent\/heavy-metal-removal\/\">kim lo\u1ea1i n\u1eb7ng<\/a>, v\u00e0 clorua. Theo truy\u1ec1n th\u1ed1ng, x\u1eed l\u00fd nhi\u1ec7t l\u00e0 m\u1ed9t qu\u00e1 tr\u00ecnh x\u1eed l\u00fd c\u00e1c v\u1ebft c\u1eaft b\u1eb1ng m\u0169i khoan, nh\u01b0ng c\u00e1c nghi\u00ean c\u1ee9u \u0111\u00e3 ph\u00e1t hi\u1ec7n ra r\u1eb1ng n\u00f3 kh\u00f4ng lo\u1ea1i b\u1ecf ch\u1ea5t g\u00e2y \u00f4 nhi\u1ec5m \u0111\u1ed9c h\u1ea1i. Trong nh\u1eefng n\u0103m g\u1ea7n \u0111\u00e2y, c\u00e1c nh\u00e0 khoa h\u1ecdc \u0111\u00e3 t\u00ecm ki\u1ebfm c\u00e1c s\u1ea3n ph\u1ea9m \u0111i\u1ec1u tr\u1ecb thay th\u1ebf.<\/p><p>Nhi\u1ec1u nghi\u00ean c\u1ee9u kh\u00e1c nhau (Conner &amp; Hoeffner, 1998; Opete v\u00e0 c\u1ed9ng s\u1ef1, 2010) \u0111\u00e3 ki\u1ec3m tra c\u00e1ch th\u1ee9c \u0111\u00f3ng g\u00f3i nh\u01b0 m\u1ed9t qu\u00e1 tr\u00ecnh chuy\u1ec3n \u0111\u1ed5i ch\u1ea5t th\u1ea3i t\u1ea1o ra m\u1ed9t th\u1ef1c th\u1ec3 c\u00f3 c\u1ea5u tr\u00fac to\u00e0n v\u1eb9n t\u01b0\u01a1ng th\u00edch \u0111\u1ec3 l\u01b0u tr\u1eef, ch\u00f4n l\u1ea5p ho\u1eb7c t\u00e1i s\u1eed d\u1ee5ng. Nh\u1eefng th\u00e1ch th\u1ee9c \u0111\u1ed1i v\u1edbi qu\u00e1 tr\u00ecnh n\u00e0y li\u00ean quan \u0111\u1ebfn s\u1ef1 can thi\u1ec7p c\u1ee7a n\u1ed3ng \u0111\u1ed9 cao c\u1ee7a c\u00e1c h\u1ee3p ch\u1ea5t h\u1eefu c\u01a1 v\u1edbi s\u1ef1 \u0111\u00f4ng c\u1ee9ng c\u1ee7a xi m\u0103ng.<\/p>\t\t\t\t\t\t<\/div>\n\t\t\t\t<\/div>\n\t\t\t\t\t<\/div>\n\t\t<\/div>\n\t\t\t\t\t<\/div>\n\t\t<\/section>\n\t\t\t\t<div class=\"elementor-element elementor-element-130d1247 elementor-widget elementor-widget-text-editor\" data-id=\"130d1247\" data-element_type=\"widget\" data-widget_type=\"text-editor.default\">\n\t\t\t\t<div class=\"elementor-widget-container\">\n\t\t\t\t\t\t\t<p>Pozzolans v\u00e0 <a href=\"https:\/\/zeolitemin.com\/vn\/zeolite-science\/cation-exchange-capacity\/\">trao \u0111\u1ed5i ion<\/a> nh\u1ef1a, c\u1ea3 hai \u0111\u1ec1u m\u00f4 t\u1ea3 c\u00e1c \u0111\u1eb7c t\u00ednh c\u1ee7a zeolit t\u1ef1 nhi\u00ean, l\u00e0 nh\u1eefng ch\u1ea5t li\u00ean k\u1ebft v\u00e0 \u0111\u00f4ng \u0111\u1eb7c th\u01b0\u1eddng \u0111\u01b0\u1ee3c s\u1eed d\u1ee5ng (Opete v\u00e0 c\u1ed9ng s\u1ef1, 2010). Nh\u1eefng v\u1eadt li\u1ec7u n\u00e0y \u1ed5n \u0111\u1ecbnh c\u00e1c hom khoan tr\u01b0\u1edbc khi \u00e1p d\u1ee5ng cho vi\u1ec7c ch\u00f4n l\u1ea5p v\u00e0 x\u00e2y d\u1ef1ng.<\/p><p>Vi\u1ec7c s\u1eed d\u1ee5ng zeolit l\u00e0m v\u1eadt li\u1ec7u li\u00ean k\u1ebft tr\u01b0\u1edbc khi \u0111\u00f3ng g\u00f3i c\u00f3 li\u00ean quan \u0111\u1ebfn kh\u1ea3 n\u0103ng \u0111\u1ed9c \u0111\u00e1o c\u1ee7a n\u00f3 \u0111\u1ec3 <a href=\"https:\/\/zeolitemin.com\/vn\/zeolite-applications\/industrial-absorbent\/\">h\u1ea5p th\u1ee5<\/a>, b\u1eaby v\u00e0 c\u1ed1 \u0111\u1ecbnh c\u00e1c ch\u1ea5t g\u00e2y \u00f4 nhi\u1ec5m. Do \u0111\u00f3, c\u00e1c ch\u1ea5t g\u00e2y \u00f4 nhi\u1ec5m kh\u00f4ng t\u1ef1 do \u1ea3nh h\u01b0\u1edfng ho\u1eb7c can thi\u1ec7p v\u00e0o qu\u00e1 tr\u00ecnh ph\u00e1t tri\u1ec3n b\u00ea t\u00f4ng (Hogg &amp; Koop, 2010). S\u1ef1 \u1ed5n \u0111\u1ecbnh x\u1ea3y ra theo n\u0103m c\u00e1ch: c\u00e1c h\u1ee3p ch\u1ea5t h\u1eefu c\u01a1 d\u1ec5 bay h\u01a1i \u0111\u01b0\u1ee3c thu gi\u1eef b\u1edfi <a href=\"https:\/\/antenchem.com\" rel=\"noopener\">s\u00e0ng ph\u00e2n t\u1eed<\/a>; c\u00e1c ch\u1ea5t h\u1eefu c\u01a1 kh\u00f4ng bay h\u01a1i \u0111\u01b0\u1ee3c h\u1ea5p ph\u1ee5 tr\u00ean di\u1ec7n t\u00edch b\u1ec1 m\u1eb7t c\u1ee7a h\u1ea1t zeolit; <a href=\"https:\/\/zeolitemin.com\/vn\/zeolite-applications\/absorbent-adsorbent\/heavy-metal-removal\/\">kim lo\u1ea1i n\u1eb7ng<\/a> b\u1ecb gi\u1eef l\u1ea1i b\u1edfi s\u1ef1 trao \u0111\u1ed5i ion; <a href=\"https:\/\/zeolitemin.com\/vn\/zeolite-applications\/radioactive-waste-encapsulation\/\">ph\u00f3ng x\u1ea1<\/a> cation b\u1ecb gi\u1eef l\u1ea1i b\u1edfi s\u1ef1 trao \u0111\u1ed5i ion; kim lo\u1ea1i b\u1ecb c\u1ed1 \u0111\u1ecbnh b\u1edfi li\u00ean k\u1ebft hydro c\u1ee7a oxyanion (Hogg &amp; Koop, 2001).<\/p><p><a href=\"https:\/\/zeolitemin.com\/vn\/zeolite-science\/what-is-the-best-zeolite\/\">Zeolit t\u1ef1 nhi\u00ean<\/a> h\u1ea5p th\u1ee5 c\u00e1c hydrocacbon t\u1ef1 do khi ti\u1ebfp x\u00fac (Hogg &amp; Koop, 2001). S\u1ef1 ti\u1ebfp x\u00fac gi\u1eefa ch\u1ea5t g\u00e2y \u00f4 nhi\u1ec5m v\u00e0 <a href=\"https:\/\/zeolitemin.com\/vn\/zeolite-applications\/absorbent-adsorbent\/\">th\u1ea5m<\/a> (t\u1ee9c l\u00e0 zeolit) ch\u1ea5t g\u00e2y \u00f4 nhi\u1ec5m c\u00e0ng \u0111\u01b0\u1ee3c h\u1ea5p th\u1ee5. Hogg v\u00e0 Koop (2001) \u0111\u00e3 k\u1ebft h\u1ee3p c\u00e1c zeolit v\u00e0o c\u00e1c m\u0169i khoan ng\u01b0\u1ee3c v\u00e0 nh\u1eadn th\u1ea5y r\u1eb1ng c\u00e1c hydrocacbon \u0111\u00e3 \u0111\u01b0\u1ee3c h\u1ea5p th\u1ee5 v\u00e0o c\u00e1c l\u1ed7 r\u1ed7ng c\u1ee7a v\u1eadt li\u1ec7u do \u00e1i l\u1ef1c c\u1ee7a zeolit \u0111\u1ed1i v\u1edbi c\u00e1c hydrocacbon.\u00a0<\/p>\t\t\t\t\t\t<\/div>\n\t\t\t\t<\/div>\n\t\t\t\t\t<\/div>\n\t\t<\/div>\n\t\t\t\t\t<\/div>\n\t\t<\/section>\n\t\t\t\t<section class=\"elementor-section elementor-top-section elementor-element elementor-element-3958be59 elementor-section-boxed elementor-section-height-default elementor-section-height-default\" data-id=\"3958be59\" data-element_type=\"section\" data-settings=\"{&quot;background_background&quot;:&quot;classic&quot;}\">\n\t\t\t\t\t\t<div class=\"elementor-container elementor-column-gap-default\">\n\t\t\t\t\t<div class=\"elementor-column elementor-col-100 elementor-top-column elementor-element elementor-element-6238a221\" data-id=\"6238a221\" data-element_type=\"column\">\n\t\t\t<div class=\"elementor-widget-wrap elementor-element-populated\">\n\t\t\t\t\t\t<div class=\"elementor-element elementor-element-17019e34 elementor-widget elementor-widget-heading\" data-id=\"17019e34\" data-element_type=\"widget\" data-widget_type=\"heading.default\">\n\t\t\t\t<div class=\"elementor-widget-container\">\n\t\t\t<h3 class=\"elementor-heading-title elementor-size-default\">L\u1ee3i \u00edch c\u1ee7a UZ-Min Clinoptilolite Zeolite<\/h3>\t\t<\/div>\n\t\t\t\t<\/div>\n\t\t\t\t<div class=\"elementor-element elementor-element-564ed96e elementor-widget elementor-widget-text-editor\" data-id=\"564ed96e\" data-element_type=\"widget\" data-widget_type=\"text-editor.default\">\n\t\t\t\t<div class=\"elementor-widget-container\">\n\t\t\t\t\t\t\t<ul><li>\u00c1i l\u1ef1c \u0111\u01b0\u1ee3c ch\u1ee9ng minh v\u1edbi hydrocacbon<\/li><li>H\u1ea5p th\u1ee5 hydrocacbon khi ti\u1ebfp x\u00fac<\/li><li>Xu h\u01b0\u1edbng cao \u0111\u1ed1i v\u1edbi benzen (C6H6) v\u00e0 c\u00e1c ch\u1ea5t th\u01a1m kh\u00e1c<\/li><li>Hi\u1ec7u qu\u1ea3 cao trong qu\u00e1 tr\u00ecnh \u0111\u00f3ng g\u00f3i cho c\u00e1c c\u00e0nh khoan v\u00e0 dung d\u1ecbch khoan ng\u01b0\u1ee3c<\/li><li>Ti\u1ebfp x\u00fac l\u00e2u d\u00e0i v\u1edbi ch\u1ea5t g\u00e2y \u00f4 nhi\u1ec5m hydrocacbon d\u1eabn \u0111\u1ebfn l\u01b0\u1ee3ng ch\u1ea5t \u00f4 nhi\u1ec5m h\u1ea5p th\u1ee5 cao h\u01a1n<\/li><\/ul>\t\t\t\t\t\t<\/div>\n\t\t\t\t<\/div>\n\t\t\t\t\t<\/div>\n\t\t<\/div>\n\t\t\t\t\t<\/div>\n\t\t<\/section>\n\t\t\t\t<section class=\"elementor-section elementor-top-section elementor-element elementor-element-7aa90645 elementor-section-boxed elementor-section-height-default elementor-section-height-default\" data-id=\"7aa90645\" data-element_type=\"section\">\n\t\t\t\t\t\t<div class=\"elementor-container elementor-column-gap-default\">\n\t\t\t\t\t<div class=\"elementor-column elementor-col-100 elementor-top-column elementor-element elementor-element-734877ec\" data-id=\"734877ec\" data-element_type=\"column\">\n\t\t\t<div class=\"elementor-widget-wrap elementor-element-populated\">\n\t\t\t\t\t\t<section class=\"elementor-section elementor-inner-section elementor-element elementor-element-22a7b9bf elementor-section-boxed elementor-section-height-default elementor-section-height-default\" data-id=\"22a7b9bf\" data-element_type=\"section\" data-settings=\"{&quot;sticky&quot;:&quot;top&quot;,&quot;sticky_on&quot;:[&quot;desktop&quot;,&quot;tablet&quot;],&quot;sticky_parent&quot;:&quot;yes&quot;,&quot;sticky_offset&quot;:0,&quot;sticky_effects_offset&quot;:0}\">\n\t\t\t\t\t\t<div class=\"elementor-container elementor-column-gap-default\">\n\t\t\t\t\t<div class=\"elementor-column elementor-col-100 elementor-inner-column elementor-element elementor-element-6647ceeb\" data-id=\"6647ceeb\" data-element_type=\"column\" data-settings=\"{&quot;background_background&quot;:&quot;classic&quot;}\">\n\t\t\t<div class=\"elementor-widget-wrap elementor-element-populated\">\n\t\t\t\t\t\t<div class=\"elementor-element elementor-element-52acd985 elementor-widget elementor-widget-heading\" data-id=\"52acd985\" data-element_type=\"widget\" data-widget_type=\"heading.default\">\n\t\t\t\t<div class=\"elementor-widget-container\">\n\t\t\t<h2 class=\"elementor-heading-title elementor-size-default\">G\u1eedi y\u00eau c\u1ea7u c\u1ee7a b\u1ea1n ngay h\u00f4m nay<\/h2>\t\t<\/div>\n\t\t\t\t<\/div>\n\t\t\t\t<div class=\"elementor-element elementor-element-38bb284a elementor-widget elementor-widget-template\" data-id=\"38bb284a\" data-element_type=\"widget\" data-widget_type=\"template.default\">\n\t\t\t\t<div class=\"elementor-widget-container\">\n\t\t\t\t\t<div class=\"elementor-template\">\n\t\t\t\t\t<div data-elementor-type=\"section\" data-elementor-id=\"213\" class=\"elementor elementor-213\" data-elementor-post-type=\"elementor_library\">\n\t\t\t\t\t<section class=\"elementor-section elementor-top-section elementor-element elementor-element-147d694 elementor-section-boxed elementor-section-height-default elementor-section-height-default\" data-id=\"147d694\" data-element_type=\"section\">\n\t\t\t\t\t\t<div class=\"elementor-container elementor-column-gap-default\">\n\t\t\t\t\t<div class=\"elementor-column elementor-col-100 elementor-top-column elementor-element elementor-element-8955c09\" data-id=\"8955c09\" data-element_type=\"column\">\n\t\t\t<div class=\"elementor-widget-wrap elementor-element-populated\">\n\t\t\t\t\t\t<div class=\"elementor-element elementor-element-5294796 elementor-button-align-stretch elementor-widget elementor-widget-global elementor-global-2532 elementor-widget-form\" data-id=\"5294796\" data-element_type=\"widget\" data-settings=\"{&quot;step_next_label&quot;:&quot;Next&quot;,&quot;step_previous_label&quot;:&quot;Previous&quot;,&quot;button_width&quot;:&quot;100&quot;,&quot;step_type&quot;:&quot;number_text&quot;,&quot;step_icon_shape&quot;:&quot;circle&quot;}\" data-widget_type=\"form.default\">\n\t\t\t\t<div class=\"elementor-widget-container\">\n\t\t\t\t\t<form class=\"elementor-form\" method=\"post\" name=\"New Form\" action=\"\">\n\t\t\t<input type=\"hidden\" name=\"post_id\" value=\"213\"\/>\n\t\t\t<input type=\"hidden\" name=\"form_id\" value=\"5294796\"\/>\n\t\t\t<input type=\"hidden\" name=\"referer_title\" value=\"\" \/>\n\n\t\t\t\n\t\t\t<div class=\"elementor-form-fields-wrapper elementor-labels-\">\n\t\t\t\t\t\t\t\t<div class=\"elementor-field-type-text elementor-field-group elementor-column elementor-field-group-name elementor-col-50 elementor-field-required\">\n\t\t\t\t\t\t\t\t\t\t\t\t\t<input size=\"1\" type=\"text\" name=\"form_fields[name]\" id=\"form-field-name\" class=\"elementor-field elementor-size-sm  elementor-field-textual\" placeholder=\"T\u00ean *\" required=\"required\" aria-required=\"true\">\n\t\t\t\t\t\t\t\t\t\t\t<\/div>\n\t\t\t\t\t\t\t\t<div class=\"elementor-field-type-email elementor-field-group elementor-column elementor-field-group-email elementor-col-50 elementor-field-required\">\n\t\t\t\t\t\t\t\t\t\t\t\t\t<input size=\"1\" type=\"email\" name=\"form_fields[email]\" id=\"form-field-email\" class=\"elementor-field elementor-size-sm  elementor-field-textual\" placeholder=\"Email *\" required=\"required\" aria-required=\"true\">\n\t\t\t\t\t\t\t\t\t\t\t<\/div>\n\t\t\t\t\t\t\t\t<div class=\"elementor-field-type-text elementor-field-group elementor-column elementor-field-group-yourcompany elementor-col-50 elementor-field-required\">\n\t\t\t\t\t\t\t\t\t\t\t\t\t<input size=\"1\" type=\"text\" name=\"form_fields[yourcompany]\" id=\"form-field-yourcompany\" class=\"elementor-field elementor-size-sm  elementor-field-textual\" placeholder=\"C\u00f4ng ty *\" required=\"required\" aria-required=\"true\">\n\t\t\t\t\t\t\t\t\t\t\t<\/div>\n\t\t\t\t\t\t\t\t<div class=\"elementor-field-type-tel elementor-field-group elementor-column elementor-field-group-phone elementor-col-50 elementor-field-required\">\n\t\t\t\t\t\t\t<input size=\"1\" type=\"tel\" name=\"form_fields[phone]\" id=\"form-field-phone\" class=\"elementor-field elementor-size-sm  elementor-field-textual\" placeholder=\"\u0110i\u1ec7n tho\u1ea1i *\" required=\"required\" aria-required=\"true\" pattern=\"[0-9()#&amp;+*-=.]+\" title=\"Ch\u1ec9 s\u1ed1 v\u00e0 k\u00fd t\u1ef1 \u0111i\u1ec7n tho\u1ea1i (#, -, *, v.v.) m\u1edbi \u0111\u01b0\u1ee3c ch\u1ea5p nh\u1eadn.\">\n\n\t\t\t\t\t\t<\/div>\n\t\t\t\t\t\t\t\t<div class=\"elementor-field-type-text elementor-field-group elementor-column elementor-field-group-country elementor-col-50 elementor-field-required\">\n\t\t\t\t\t\t\t\t\t\t\t\t\t<input size=\"1\" type=\"text\" name=\"form_fields[country]\" id=\"form-field-country\" class=\"elementor-field elementor-size-sm  elementor-field-textual\" placeholder=\"Qu\u1ed1c gia\" required=\"required\" aria-required=\"true\">\n\t\t\t\t\t\t\t\t\t\t\t<\/div>\n\t\t\t\t\t\t\t\t<div class=\"elementor-field-type-text elementor-field-group elementor-column elementor-field-group-yourmobile elementor-col-50 elementor-field-required\">\n\t\t\t\t\t\t\t\t\t\t\t\t\t<input size=\"1\" type=\"text\" name=\"form_fields[yourmobile]\" id=\"form-field-yourmobile\" class=\"elementor-field elementor-size-sm  elementor-field-textual\" placeholder=\"Di \u0111\u1ed9ng *\" required=\"required\" aria-required=\"true\">\n\t\t\t\t\t\t\t\t\t\t\t<\/div>\n\t\t\t\t\t\t\t\t<div class=\"elementor-field-type-textarea elementor-field-group elementor-column elementor-field-group-message elementor-col-100 elementor-field-required\">\n\t\t\t\t\t<textarea class=\"elementor-field-textual elementor-field  elementor-size-sm\" name=\"form_fields[message]\" id=\"form-field-message\" rows=\"4\" placeholder=\"Th\u00f4ng \u0111i\u1ec7p *\" required=\"required\" aria-required=\"true\"><\/textarea>\t\t\t\t<\/div>\n\t\t\t\t\t\t\t\t<div class=\"elementor-field-type-recaptcha elementor-field-group elementor-column elementor-field-group-field_recaptcha elementor-col-100\">\n\t\t\t\t\t<div class=\"elementor-field\" id=\"form-field-field_recaptcha\"><div class=\"elementor-g-recaptcha\" data-sitekey=\"6LdTXg0iAAAAAJQWCjxvpI7P0vJF3Al_7EIzWP9u\" data-type=\"v2_checkbox\" data-theme=\"light\" data-size=\"normal\"><\/div><\/div>\t\t\t\t<\/div>\n\t\t\t\t\t\t\t\t<div class=\"elementor-field-group elementor-column elementor-field-type-submit elementor-col-100 e-form__buttons\">\n\t\t\t\t\t<button class=\"elementor-button elementor-size-sm\" type=\"submit\">\n\t\t\t\t\t\t<span class=\"elementor-button-content-wrapper\">\n\t\t\t\t\t\t\t\t\t\t\t\t\t\t\t\t\t\t\t\t\t\t<span class=\"elementor-button-text\">G\u1eedi<\/span>\n\t\t\t\t\t\t\t\t\t\t\t\t\t<\/span>\n\t\t\t\t\t<\/button>\n\t\t\t\t<\/div>\n\t\t\t<\/div>\n\t\t<input type=\"hidden\" name=\"trp-form-language\" value=\"vn\"\/><\/form>\n\t\t\t\t<\/div>\n\t\t\t\t<\/div>\n\t\t\t\t\t<\/div>\n\t\t<\/div>\n\t\t\t\t\t<\/div>\n\t\t<\/section>\n\t\t\t\t<\/div>\n\t\t\t\t<\/div>\n\t\t\t\t<\/div>\n\t\t\t\t<\/div>\n\t\t\t\t\t<\/div>\n\t\t<\/div>\n\t\t\t\t\t<\/div>\n\t\t<\/section>\n\t\t\t\t\t<\/div>\n\t\t<\/div>\n\t\t\t\t\t<\/div>\n\t\t<\/section>\n\t\t\t\t<\/div>","protected":false},"excerpt":{"rendered":"<p>Hydrocarbon Encapsulation \u1ea3nh h\u01b0\u1edfng c\u1ee7a zeolite t\u1ef1 nhi\u00ean \u0111\u1ed1i v\u1edbi s\u1ef1 h\u1ea5p th\u1ee5 kim lo\u1ea1i n\u1eb7ng.clinoptilolite lo\u1ea1i b\u1ecf th\u00e0nh c\u00f4ng vi\u1ec7c thu h\u1ed3i kim lo\u1ea1i t\u1eeb c\u00e1c gi\u1ea3i ph\u00e1p khai th\u00e1c v\u00e0 ch\u1ebf bi\u1ebfn kho\u00e1ng s\u1ea3n. N\u00f3 c\u00f3 hi\u1ec7u qu\u1ea3 nh\u01b0 m\u1ed9t ch\u1ea5t kh\u1eed tr\u00f9ng n\u01b0\u1edbc. Ng\u00e0nh c\u00f4ng nghi\u1ec7p d\u1ea7u kh\u00ed s\u1ea3n xu\u1ea5t s\u1ed1 l\u01b0\u1ee3ng l\u1edbn m\u0169i khoan t\u1ed5ng h\u1ee3p m\u1ed7i n\u0103m. Nh\u1eefng ph\u1ea7n c\u1eaft n\u00e0y th\u01b0\u1eddng ch\u1ee9a h\u00e0m l\u01b0\u1ee3ng hydrocarbon, kim lo\u1ea1i n\u1eb7ng v\u00e0 clorua cao. Theo truy\u1ec1n th\u1ed1ng, [\u2026]<\/p>","protected":false},"author":1,"featured_media":662,"parent":1557,"menu_order":3,"comment_status":"closed","ping_status":"closed","template":"elementor_header_footer","meta":{"footnotes":""},"class_list":["post-1968","page","type-page","status-publish","has-post-thumbnail","hentry"],"_links":{"self":[{"href":"https:\/\/zeolitemin.com\/vn\/wp-json\/wp\/v2\/pages\/1968","targetHints":{"allow":["GET"]}}],"collection":[{"href":"https:\/\/zeolitemin.com\/vn\/wp-json\/wp\/v2\/pages"}],"about":[{"href":"https:\/\/zeolitemin.com\/vn\/wp-json\/wp\/v2\/types\/page"}],"author":[{"embeddable":true,"href":"https:\/\/zeolitemin.com\/vn\/wp-json\/wp\/v2\/users\/1"}],"replies":[{"embeddable":true,"href":"https:\/\/zeolitemin.com\/vn\/wp-json\/wp\/v2\/comments?post=1968"}],"version-history":[{"count":0,"href":"https:\/\/zeolitemin.com\/vn\/wp-json\/wp\/v2\/pages\/1968\/revisions"}],"up":[{"embeddable":true,"href":"https:\/\/zeolitemin.com\/vn\/wp-json\/wp\/v2\/pages\/1557"}],"wp:featuredmedia":[{"embeddable":true,"href":"https:\/\/zeolitemin.com\/vn\/wp-json\/wp\/v2\/media\/662"}],"wp:attachment":[{"href":"https:\/\/zeolitemin.com\/vn\/wp-json\/wp\/v2\/media?parent=1968"}],"curies":[{"name":"wp","href":"https:\/\/api.w.org\/{rel}","templated":true}]}}