{"id":1966,"date":"2022-03-30T21:02:13","date_gmt":"2022-03-30T13:02:13","guid":{"rendered":"https:\/\/www.oklee.ga\/?page_id=1966"},"modified":"2022-11-09T14:41:39","modified_gmt":"2022-11-09T06:41:39","slug":"heavy-metal-removal","status":"publish","type":"page","link":"https:\/\/zeolitemin.com\/vn\/zeolite-applications\/absorbent-adsorbent\/heavy-metal-removal\/","title":{"rendered":"Lo\u1ea1i b\u1ecf kim lo\u1ea1i n\u1eb7ng"},"content":{"rendered":"<div data-elementor-type=\"wp-page\" data-elementor-id=\"1966\" class=\"elementor elementor-1966\" data-elementor-post-type=\"page\">\n\t\t\t\t\t\t<section class=\"elementor-section elementor-top-section elementor-element elementor-element-aee4238 elementor-section-height-min-height elementor-section-boxed elementor-section-height-default elementor-section-items-middle\" data-id=\"aee4238\" data-element_type=\"section\" data-settings=\"{&quot;background_background&quot;:&quot;classic&quot;}\">\n\t\t\t\t\t\t<div class=\"elementor-container elementor-column-gap-default\">\n\t\t\t\t\t<div class=\"elementor-column elementor-col-100 elementor-top-column elementor-element elementor-element-5032dad0\" data-id=\"5032dad0\" data-element_type=\"column\">\n\t\t\t<div class=\"elementor-widget-wrap elementor-element-populated\">\n\t\t\t\t\t\t<div class=\"elementor-element elementor-element-51be85bd elementor-widget elementor-widget-heading\" data-id=\"51be85bd\" data-element_type=\"widget\" data-widget_type=\"heading.default\">\n\t\t\t\t<div class=\"elementor-widget-container\">\n\t\t\t<h1 class=\"elementor-heading-title elementor-size-default\">Lo\u1ea1i b\u1ecf kim lo\u1ea1i n\u1eb7ng<\/h1>\t\t<\/div>\n\t\t\t\t<\/div>\n\t\t\t\t<div class=\"elementor-element elementor-element-5345169e elementor-widget elementor-widget-text-editor\" data-id=\"5345169e\" data-element_type=\"widget\" data-widget_type=\"text-editor.default\">\n\t\t\t\t<div class=\"elementor-widget-container\">\n\t\t\t\t\t\t\t<p>H\u1ea5p th\u1ee5 kim lo\u1ea1i n\u1eb7ng b\u1eb1ng Zeolite Clinoptilolite t\u1ef1 nhi\u00ean, n\u00f3 c\u00f3 th\u1ec3 l\u00e0m gi\u1ea3m s\u1ef1 chuy\u1ec3n giao c\u00e1c kim lo\u1ea1i n\u1eb7ng, ch\u1eb3ng h\u1ea1n nh\u01b0 \u0111\u1ed3ng, ch\u00ec v\u00e0 k\u1ebdm t\u1eeb \u0111\u1ea5t sang c\u00e2y tr\u1ed3ng<\/p>\t\t\t\t\t\t<\/div>\n\t\t\t\t<\/div>\n\t\t\t\t\t<\/div>\n\t\t<\/div>\n\t\t\t\t\t<\/div>\n\t\t<\/section>\n\t\t\t\t<section class=\"elementor-section elementor-top-section elementor-element elementor-element-a4fee7d elementor-section-boxed elementor-section-height-default elementor-section-height-default\" data-id=\"a4fee7d\" data-element_type=\"section\">\n\t\t\t\t\t\t<div class=\"elementor-container elementor-column-gap-default\">\n\t\t\t\t\t<div class=\"elementor-column elementor-col-100 elementor-top-column elementor-element elementor-element-3d4fa47\" data-id=\"3d4fa47\" data-element_type=\"column\">\n\t\t\t<div class=\"elementor-widget-wrap elementor-element-populated\">\n\t\t\t\t\t\t<div class=\"elementor-element elementor-element-98c72cd elementor-widget elementor-widget-spacer\" data-id=\"98c72cd\" data-element_type=\"widget\" data-widget_type=\"spacer.default\">\n\t\t\t\t<div class=\"elementor-widget-container\">\n\t\t\t\t\t<div class=\"elementor-spacer\">\n\t\t\t<div class=\"elementor-spacer-inner\"><\/div>\n\t\t<\/div>\n\t\t\t\t<\/div>\n\t\t\t\t<\/div>\n\t\t\t\t<div class=\"elementor-element elementor-element-71a7295 elementor-widget elementor-widget-heading\" data-id=\"71a7295\" data-element_type=\"widget\" data-widget_type=\"heading.default\">\n\t\t\t\t<div class=\"elementor-widget-container\">\n\t\t\t<h2 class=\"elementor-heading-title elementor-size-default\">Zeolite t\u1ef1 nhi\u00ean - Lo\u1ea1i b\u1ecf kim lo\u1ea1i n\u1eb7ng<\/h2>\t\t<\/div>\n\t\t\t\t<\/div>\n\t\t\t\t<div class=\"elementor-element elementor-element-66b0110 elementor-widget elementor-widget-heading\" data-id=\"66b0110\" data-element_type=\"widget\" data-widget_type=\"heading.default\">\n\t\t\t\t<div class=\"elementor-widget-container\">\n\t\t\t<h3 class=\"elementor-heading-title elementor-size-default\">\u1ea2NH H\u01af\u1edeNG C\u1ee6A ZEOLITE T\u1ef0 NHI\u00caN \u0110\u1ed0I V\u1edaI S\u1ef0 H\u00daT KIM LO\u1ea0I N\u1eb6NG<\/h3>\t\t<\/div>\n\t\t\t\t<\/div>\n\t\t\t\t<div class=\"elementor-element elementor-element-1794f46a elementor-widget elementor-widget-text-editor\" data-id=\"1794f46a\" data-element_type=\"widget\" data-widget_type=\"text-editor.default\">\n\t\t\t\t<div class=\"elementor-widget-container\">\n\t\t\t\t\t\t\t<figure id=\"attachment_1386\" aria-describedby=\"caption-attachment-1386\" style=\"width: 300px\" class=\"wp-caption alignleft\"><img decoding=\"async\" class=\"wp-image-1386 size-medium\" src=\"https:\/\/zeolitemin.com\/wp-content\/uploads\/2021\/08\/heavy-metals-300x164.jpg\" alt=\"Zeolit t\u1ef1 nhi\u00ean Clinoptilolit \u0111\u01b0\u1ee3c s\u1eed d\u1ee5ng l\u00e0m ch\u1ea5t h\u1ea5p ph\u1ee5 kim lo\u1ea1i n\u1eb7ng trong m\u00f4i tr\u01b0\u1eddng\" width=\"300\" height=\"164\" srcset=\"https:\/\/zeolitemin.com\/wp-content\/uploads\/2021\/08\/heavy-metals-300x164.jpg 300w, https:\/\/zeolitemin.com\/wp-content\/uploads\/2021\/08\/heavy-metals.jpg 720w\" sizes=\"(max-width: 300px) 100vw, 300px\" \/><figcaption id=\"caption-attachment-1386\" class=\"wp-caption-text\">Zeolite t\u1ef1 nhi\u00ean Clinoptilolite \u0111\u01b0\u1ee3c s\u1eed d\u1ee5ng l\u00e0m ch\u1ea5t h\u1ea5p ph\u1ee5 kim lo\u1ea1i n\u1eb7ng trong m\u00f4i tr\u01b0\u1eddng, \u0111\u00f3 l\u00e0 \u1ee9ng d\u1ee5ng h\u1ea5p th\u1ee5 kim lo\u1ea1i n\u1eb7ng.<\/figcaption><\/figure><p>S\u1ef1 \u00f4 nhi\u1ec5m kim lo\u1ea1i n\u1eb7ng trong \u0111\u1ea5t v\u00e0 ngu\u1ed3n cung c\u1ea5p n\u01b0\u1edbc \u0111\u00e3 t\u0103ng \u0111\u1ec1u \u0111\u1eb7n do d\u00e2n s\u1ed1 qu\u00e1 \u0111\u00f4ng v\u00e0 s\u1ef1 m\u1edf r\u1ed9ng c\u1ee7a c\u00e1c ho\u1ea1t \u0111\u1ed9ng c\u00f4ng nghi\u1ec7p. S\u1ef1 hi\u1ec7n di\u1ec7n c\u1ee7a c\u00e1c kim lo\u1ea1i n\u1eb7ng trong ngu\u1ed3n cung c\u1ea5p n\u01b0\u1edbc l\u00e0 m\u1ed1i quan t\u00e2m \u0111\u00e1ng k\u1ec3 do \u0111\u1ed9c t\u00ednh c\u1ee7a ch\u00fang \u0111\u1ed1i v\u1edbi con ng\u01b0\u1eddi, \u0111\u1ed9ng v\u1eadt v\u00e0 th\u1ef1c v\u1eadt. C\u00e1c ch\u1ea5t \u00f4 nhi\u1ec5m bao g\u1ed3m xyanua, ch\u1ea5t h\u00f2a tan, coban, mangan, nh\u00f4m, magi\u00ea, asen, \u0111\u1ed3ng, s\u1eaft, ch\u00ec v\u00e0 th\u1ee7y ng\u00e2n. \u1ee8ng d\u1ee5ng c\u1ee7a zeolit t\u1ef1 nhi\u00ean nh\u01b0 <a href=\"https:\/\/antenchem.com\" rel=\"noopener\">s\u00e0ng ph\u00e2n t\u1eed<\/a> v\u00ec <a href=\"https:\/\/zeolitemin.com\/vn\/zeolite-applications\/absorbent-adsorbent\/heavy-metal-removal\/\">lo\u1ea1i b\u1ecf kim lo\u1ea1i n\u1eb7ng<\/a> l\u00e0 m\u1ed9t k\u1ef9 thu\u1eadt \u0111\u1ea7y h\u1ee9a h\u1eb9n trong qu\u00e1 tr\u00ecnh l\u00e0m s\u1ea1ch m\u00f4i tr\u01b0\u1eddng. Vi\u1ec7c s\u1eed d\u1ee5ng zeolit t\u1ef1 nhi\u00ean t\u1eadp trung v\u00e0o vi\u1ec7c lo\u1ea1i b\u1ecf amoni v\u00e0 kim lo\u1ea1i n\u1eb7ng th\u00f4ng qua trao \u0111\u1ed5i ion.<\/p><p>C\u00e1c \u0111\u1eb7c t\u00ednh trao \u0111\u1ed5i ion c\u1ee7a zeolit cho ph\u00e9p ch\u00fang b\u1eaby c\u00e1c kim lo\u1ea1i kh\u00f4ng mong mu\u1ed1n v\u00e0 ng\u0103n ch\u00fang x\u00e2m nh\u1eadp v\u00e0o h\u1ec7 sinh th\u00e1i v\u00e0 chu\u1ed7i th\u1ee9c \u0103n (Mumpton, 1985). C\u00e1c nghi\u00ean c\u1ee9u b\u00e1o c\u00e1o r\u1eb1ng zeolit nghi\u1ec1n th\u00e0nh b\u1ed9t, \u0111\u1eb7c bi\u1ec7t l\u00e0 clinoptilolit, l\u00e0m gi\u1ea3m vi\u1ec7c chuy\u1ec3n c\u00e1c kim lo\u1ea1i n\u1eb7ng, ch\u1eb3ng h\u1ea1n nh\u01b0 \u0111\u1ed3ng, ch\u00ec v\u00e0 k\u1ebdm t\u1eeb \u0111\u1ea5t sang th\u1ef1c v\u1eadt (Mumpton, 1985).<\/p><p>Turkman v\u00e0 c\u1ed9ng s\u1ef1. (2004) \u0111\u00e3 ki\u1ec3m tra \u1ea3nh h\u01b0\u1edfng c\u1ee7a zeolit clinoptilolit \u0111\u00e3 \u0111\u01b0\u1ee3c x\u1eed l\u00fd tr\u01b0\u1edbc v\u00e0 ch\u01b0a \u0111\u01b0\u1ee3c x\u1eed l\u00fd trong <a href=\"https:\/\/zeolitemin.com\/vn\/zeolite-applications\/absorbent-adsorbent\/heavy-metal-removal\/\">lo\u1ea1i b\u1ecf ch\u00ec, cadmium, niken v\u00e0 k\u1ebdm<\/a> t\u1eeb <a href=\"https:\/\/zeolitemin.com\/vn\/zeolite-applications\/industrial-absorbent\/\">n\u01b0\u1edbc th\u1ea3i<\/a>S. Kho\u00e1ng ch\u1ea5t n\u00e0y \u0111\u00e3 ch\u1ee9ng minh hi\u1ec7u qu\u1ea3 lo\u1ea1i b\u1ecf 96% ch\u00ec, k\u1ebdm v\u00e0 cadmium. Kh\u1ea3 n\u0103ng h\u1ea5p th\u1ee5 t\u1ed1i \u0111a \u0111\u1ed1i v\u1edbi zeolit ch\u01b0a x\u1eed l\u00fd \u0111\u01b0\u1ee3c \u0111o l\u00e0 0,18 v\u00e0 0,12meq \/ g, trong khi c\u00e1c kho\u00e1ng ch\u1ea5t \u0111\u00e3 x\u1eed l\u00fd tr\u01b0\u1edbc cho th\u1ea5y kho\u1ea3ng 0,72 v\u00e0 0,41 meq Cd \/ g.<\/p><p>Moreno v\u00e0 c\u1ed9ng s\u1ef1. (2001) \u0111\u00e3 ti\u1ebfn h\u00e0nh m\u1ed9t lo\u1ea1t c\u00e1c th\u1eed nghi\u1ec7m kh\u1eed nhi\u1ec5m \u0111\u1ec3 nghi\u00ean c\u1ee9u t\u00e1c \u0111\u1ed9ng c\u1ee7a zeolit \u0111\u1ed1i v\u1edbi vi\u1ec7c l\u00e0m s\u1ea1ch n\u01b0\u1edbc c\u1ee7a m\u1ecf axit. C\u00e1c k\u1ebft qu\u1ea3 cho th\u1ea5y r\u1eb1ng v\u1eadt li\u1ec7u zeolitic c\u00f3 th\u1ec3 \u0111\u01b0\u1ee3c s\u1eed d\u1ee5ng th\u00e0nh c\u00f4ng \u0111\u1ec3 h\u1ea5p th\u1ee5 kim lo\u1ea1i n\u1eb7ng trong <a href=\"https:\/\/zeolitemin.com\/vn\/zeolite-applications\/water-treatment\/\">l\u1ecdc n\u01b0\u1edbc<\/a> qu\u00e1 tr\u00ecnh. Li\u1ec1u l\u01b0\u1ee3ng 5-30 g zeolite \/ L \u0111\u01b0\u1ee3c \u00e1p d\u1ee5ng theo <a href=\"https:\/\/zeolitemin.com\/vn\/zeolite-applications\/absorbent-adsorbent\/heavy-metal-removal\/\">kim lo\u1ea1i n\u1eb7ng<\/a> c\u00e1c c\u1ea5p \u0111\u1ed9. C\u00e1c nh\u00e0 nghi\u00ean c\u1ee9u c\u0169ng ph\u00e1t hi\u1ec7n ra r\u1eb1ng zeolit l\u00e0m t\u0103ng <a href=\"https:\/\/zeolitemin.com\/vn\/zeolite-science\/cation-exchange-capacity\/\">pH chung<\/a>, l\u00e0m cho c\u00e1c pha r\u1eafn mang kim lo\u1ea1i k\u1ebft t\u1ee7a v\u00e0 n\u00e2ng cao hi\u1ec7u qu\u1ea3 c\u1ee7a qu\u00e1 tr\u00ecnh kh\u1eed nhi\u1ec5m (Moreno v\u00e0 c\u1ed9ng s\u1ef1, 2001).<\/p><p>M\u1ed9t nghi\u00ean c\u1ee9u c\u1ee7a Mamba et al. (2009) \u0111\u00e3 ki\u1ec3m tra vi\u1ec7c lo\u1ea1i b\u1ecf kim lo\u1ea1i kh\u1ecfi n\u01b0\u1edbc b\u1ecb \u00f4 nhi\u1ec5m b\u1eb1ng c\u00e1ch s\u1eed d\u1ee5ng h\u1ed7n h\u1ee3p clinoptilolit \u0111\u01b0\u1ee3c k\u00edch ho\u1ea1t b\u1eb1ng HCl v\u00e0 vi khu\u1ea9n. K\u1ebft qu\u1ea3 ch\u1ec9 ra r\u1eb1ng clinoptilolite \u0111\u00e3 lo\u1ea1i b\u1ecf 98% \u0111\u1ed3ng, s\u1eaft v\u00e0 coban. C\u00e1c nh\u00e0 nghi\u00ean c\u1ee9u k\u1ebft lu\u1eadn r\u1eb1ng clinoptilolite lo\u1ea1i b\u1ecf th\u00e0nh c\u00f4ng vi\u1ec7c thu h\u1ed3i kim lo\u1ea1i t\u1eeb c\u00e1c gi\u1ea3i ph\u00e1p khai th\u00e1c v\u00e0 ch\u1ebf bi\u1ebfn kho\u00e1ng s\u1ea3n. N\u00f3 c\u00f3 hi\u1ec7u qu\u1ea3 nh\u01b0 kh\u1eed nhi\u1ec5m n\u01b0\u1edbc.<\/p>\t\t\t\t\t\t<\/div>\n\t\t\t\t<\/div>\n\t\t\t\t\t<\/div>\n\t\t<\/div>\n\t\t\t\t\t<\/div>\n\t\t<\/section>\n\t\t\t\t<section class=\"elementor-section elementor-top-section elementor-element elementor-element-a779044 elementor-section-boxed elementor-section-height-default elementor-section-height-default\" data-id=\"a779044\" data-element_type=\"section\" data-settings=\"{&quot;background_background&quot;:&quot;classic&quot;}\">\n\t\t\t\t\t\t<div class=\"elementor-container elementor-column-gap-default\">\n\t\t\t\t\t<div class=\"elementor-column elementor-col-100 elementor-top-column elementor-element elementor-element-2ff40696\" data-id=\"2ff40696\" data-element_type=\"column\">\n\t\t\t<div class=\"elementor-widget-wrap elementor-element-populated\">\n\t\t\t\t\t\t<div class=\"elementor-element elementor-element-470b1ba4 elementor-widget elementor-widget-heading\" data-id=\"470b1ba4\" data-element_type=\"widget\" data-widget_type=\"heading.default\">\n\t\t\t\t<div class=\"elementor-widget-container\">\n\t\t\t<h3 class=\"elementor-heading-title elementor-size-default\">L\u1ee3i \u00edch c\u1ee7a UZ-Min Clinoptilolite Zeolite trong vi\u1ec7c lo\u1ea1i b\u1ecf kim lo\u1ea1i n\u1eb7ng<\/h3>\t\t<\/div>\n\t\t\t\t<\/div>\n\t\t\t\t<div class=\"elementor-element elementor-element-b2fd898 elementor-widget elementor-widget-spacer\" data-id=\"b2fd898\" data-element_type=\"widget\" data-widget_type=\"spacer.default\">\n\t\t\t\t<div class=\"elementor-widget-container\">\n\t\t\t\t\t<div class=\"elementor-spacer\">\n\t\t\t<div class=\"elementor-spacer-inner\"><\/div>\n\t\t<\/div>\n\t\t\t\t<\/div>\n\t\t\t\t<\/div>\n\t\t\t\t<div class=\"elementor-element elementor-element-a4f5224 elementor-widget elementor-widget-text-editor\" data-id=\"a4f5224\" data-element_type=\"widget\" data-widget_type=\"text-editor.default\">\n\t\t\t\t<div class=\"elementor-widget-container\">\n\t\t\t\t\t\t\t<ul><li>Hi\u1ec7u qu\u1ea3 cao trong vi\u1ec7c lo\u1ea1i b\u1ecf ch\u1ea5t g\u00e2y \u00f4 nhi\u1ec5m t\u1eeb h\u1ec7 th\u1ed1ng tho\u00e1t n\u01b0\u1edbc c\u00f4ng nghi\u1ec7p v\u00e0 \/ ho\u1eb7c m\u1ecf<\/li><li>Li\u00ean k\u1ebft v\u00e0 h\u1ea5p th\u1ee5 c\u00e1c cation kim lo\u1ea1i n\u1eb7ng trong \u0111\u1ea5t b\u1ecb \u00f4 nhi\u1ec5m v\u00e0 m\u00f4i tr\u01b0\u1eddng n\u01b0\u1edbc<\/li><li>Kh\u1ea3 n\u0103ng h\u1ea5p ph\u1ee5 v\u00e0 h\u1ea5p th\u1ee5 m\u1ea1nh ng\u0103n kh\u00f4ng cho ch\u1ea5t \u0111\u1ed9c r\u1eeda tr\u00f4i ra m\u00f4i tr\u01b0\u1eddng<\/li><li>T\u1ea1o li\u00ean k\u1ebft b\u1ec1n v\u1eefng v\u1edbi c\u00e1c cation bao g\u1ed3m ch\u00ec (Pb), k\u1ebdm (Zn), \u0111\u1ed3ng (Cu), th\u1ee7y ng\u00e2n (Hg) crom (Cr), s\u1eaft (Fe), mangan (MN), nh\u00f4m (Al), b\u1ea1c (Ag) v\u00e0 coban (Co)<\/li><\/ul>\t\t\t\t\t\t<\/div>\n\t\t\t\t<\/div>\n\t\t\t\t\t<\/div>\n\t\t<\/div>\n\t\t\t\t\t<\/div>\n\t\t<\/section>\n\t\t\t\t<section class=\"elementor-section elementor-top-section elementor-element elementor-element-17677018 elementor-section-boxed elementor-section-height-default elementor-section-height-default\" data-id=\"17677018\" data-element_type=\"section\">\n\t\t\t\t\t\t<div class=\"elementor-container elementor-column-gap-default\">\n\t\t\t\t\t<div class=\"elementor-column elementor-col-100 elementor-top-column elementor-element elementor-element-7a35d92a\" data-id=\"7a35d92a\" data-element_type=\"column\">\n\t\t\t<div class=\"elementor-widget-wrap elementor-element-populated\">\n\t\t\t\t\t\t<section class=\"elementor-section elementor-inner-section elementor-element elementor-element-5e7aec8 elementor-section-boxed elementor-section-height-default elementor-section-height-default\" data-id=\"5e7aec8\" data-element_type=\"section\" data-settings=\"{&quot;sticky&quot;:&quot;top&quot;,&quot;sticky_on&quot;:[&quot;desktop&quot;,&quot;tablet&quot;],&quot;sticky_parent&quot;:&quot;yes&quot;,&quot;sticky_offset&quot;:0,&quot;sticky_effects_offset&quot;:0}\">\n\t\t\t\t\t\t<div class=\"elementor-container elementor-column-gap-default\">\n\t\t\t\t\t<div class=\"elementor-column elementor-col-100 elementor-inner-column elementor-element elementor-element-60a8686d\" data-id=\"60a8686d\" data-element_type=\"column\" data-settings=\"{&quot;background_background&quot;:&quot;classic&quot;}\">\n\t\t\t<div class=\"elementor-widget-wrap elementor-element-populated\">\n\t\t\t\t\t\t<div class=\"elementor-element elementor-element-46fe41c6 elementor-widget elementor-widget-heading\" data-id=\"46fe41c6\" data-element_type=\"widget\" data-widget_type=\"heading.default\">\n\t\t\t\t<div class=\"elementor-widget-container\">\n\t\t\t<h2 class=\"elementor-heading-title elementor-size-default\">G\u1eedi y\u00eau c\u1ea7u c\u1ee7a b\u1ea1n ngay h\u00f4m nay<\/h2>\t\t<\/div>\n\t\t\t\t<\/div>\n\t\t\t\t<div class=\"elementor-element elementor-element-2cd06d00 elementor-widget elementor-widget-template\" data-id=\"2cd06d00\" data-element_type=\"widget\" data-widget_type=\"template.default\">\n\t\t\t\t<div class=\"elementor-widget-container\">\n\t\t\t\t\t<div class=\"elementor-template\">\n\t\t\t\t\t<div data-elementor-type=\"section\" data-elementor-id=\"213\" class=\"elementor elementor-213\" data-elementor-post-type=\"elementor_library\">\n\t\t\t\t\t<section class=\"elementor-section elementor-top-section elementor-element elementor-element-147d694 elementor-section-boxed elementor-section-height-default elementor-section-height-default\" data-id=\"147d694\" data-element_type=\"section\">\n\t\t\t\t\t\t<div class=\"elementor-container elementor-column-gap-default\">\n\t\t\t\t\t<div class=\"elementor-column elementor-col-100 elementor-top-column elementor-element elementor-element-8955c09\" data-id=\"8955c09\" data-element_type=\"column\">\n\t\t\t<div class=\"elementor-widget-wrap elementor-element-populated\">\n\t\t\t\t\t\t<div class=\"elementor-element elementor-element-5294796 elementor-button-align-stretch elementor-widget elementor-widget-global elementor-global-2532 elementor-widget-form\" data-id=\"5294796\" data-element_type=\"widget\" data-settings=\"{&quot;step_next_label&quot;:&quot;Next&quot;,&quot;step_previous_label&quot;:&quot;Previous&quot;,&quot;button_width&quot;:&quot;100&quot;,&quot;step_type&quot;:&quot;number_text&quot;,&quot;step_icon_shape&quot;:&quot;circle&quot;}\" data-widget_type=\"form.default\">\n\t\t\t\t<div class=\"elementor-widget-container\">\n\t\t\t\t\t<form class=\"elementor-form\" method=\"post\" name=\"New Form\" action=\"\">\n\t\t\t<input type=\"hidden\" name=\"post_id\" value=\"213\"\/>\n\t\t\t<input type=\"hidden\" name=\"form_id\" value=\"5294796\"\/>\n\t\t\t<input type=\"hidden\" name=\"referer_title\" value=\"\" \/>\n\n\t\t\t\n\t\t\t<div class=\"elementor-form-fields-wrapper elementor-labels-\">\n\t\t\t\t\t\t\t\t<div class=\"elementor-field-type-text elementor-field-group elementor-column elementor-field-group-name elementor-col-50 elementor-field-required\">\n\t\t\t\t\t\t\t\t\t\t\t\t\t<input size=\"1\" type=\"text\" name=\"form_fields[name]\" id=\"form-field-name\" class=\"elementor-field elementor-size-sm  elementor-field-textual\" placeholder=\"T\u00ean *\" required=\"required\" aria-required=\"true\">\n\t\t\t\t\t\t\t\t\t\t\t<\/div>\n\t\t\t\t\t\t\t\t<div class=\"elementor-field-type-email elementor-field-group elementor-column elementor-field-group-email elementor-col-50 elementor-field-required\">\n\t\t\t\t\t\t\t\t\t\t\t\t\t<input size=\"1\" type=\"email\" name=\"form_fields[email]\" id=\"form-field-email\" class=\"elementor-field elementor-size-sm  elementor-field-textual\" placeholder=\"Email *\" required=\"required\" aria-required=\"true\">\n\t\t\t\t\t\t\t\t\t\t\t<\/div>\n\t\t\t\t\t\t\t\t<div class=\"elementor-field-type-text elementor-field-group elementor-column elementor-field-group-yourcompany elementor-col-50 elementor-field-required\">\n\t\t\t\t\t\t\t\t\t\t\t\t\t<input size=\"1\" type=\"text\" name=\"form_fields[yourcompany]\" id=\"form-field-yourcompany\" class=\"elementor-field elementor-size-sm  elementor-field-textual\" placeholder=\"C\u00f4ng ty *\" required=\"required\" aria-required=\"true\">\n\t\t\t\t\t\t\t\t\t\t\t<\/div>\n\t\t\t\t\t\t\t\t<div class=\"elementor-field-type-tel elementor-field-group elementor-column elementor-field-group-phone elementor-col-50 elementor-field-required\">\n\t\t\t\t\t\t\t<input size=\"1\" type=\"tel\" name=\"form_fields[phone]\" id=\"form-field-phone\" class=\"elementor-field elementor-size-sm  elementor-field-textual\" placeholder=\"\u0110i\u1ec7n tho\u1ea1i *\" required=\"required\" aria-required=\"true\" pattern=\"[0-9()#&amp;+*-=.]+\" title=\"Ch\u1ec9 s\u1ed1 v\u00e0 k\u00fd t\u1ef1 \u0111i\u1ec7n tho\u1ea1i (#, -, *, v.v.) m\u1edbi \u0111\u01b0\u1ee3c ch\u1ea5p nh\u1eadn.\">\n\n\t\t\t\t\t\t<\/div>\n\t\t\t\t\t\t\t\t<div class=\"elementor-field-type-text elementor-field-group elementor-column elementor-field-group-country elementor-col-50 elementor-field-required\">\n\t\t\t\t\t\t\t\t\t\t\t\t\t<input size=\"1\" type=\"text\" name=\"form_fields[country]\" id=\"form-field-country\" class=\"elementor-field elementor-size-sm  elementor-field-textual\" placeholder=\"Qu\u1ed1c gia\" required=\"required\" aria-required=\"true\">\n\t\t\t\t\t\t\t\t\t\t\t<\/div>\n\t\t\t\t\t\t\t\t<div class=\"elementor-field-type-text elementor-field-group elementor-column elementor-field-group-yourmobile elementor-col-50 elementor-field-required\">\n\t\t\t\t\t\t\t\t\t\t\t\t\t<input size=\"1\" type=\"text\" name=\"form_fields[yourmobile]\" id=\"form-field-yourmobile\" class=\"elementor-field elementor-size-sm  elementor-field-textual\" placeholder=\"Di \u0111\u1ed9ng *\" required=\"required\" aria-required=\"true\">\n\t\t\t\t\t\t\t\t\t\t\t<\/div>\n\t\t\t\t\t\t\t\t<div class=\"elementor-field-type-textarea elementor-field-group elementor-column elementor-field-group-message elementor-col-100 elementor-field-required\">\n\t\t\t\t\t<textarea class=\"elementor-field-textual elementor-field  elementor-size-sm\" name=\"form_fields[message]\" id=\"form-field-message\" rows=\"4\" placeholder=\"Th\u00f4ng \u0111i\u1ec7p *\" required=\"required\" aria-required=\"true\"><\/textarea>\t\t\t\t<\/div>\n\t\t\t\t\t\t\t\t<div class=\"elementor-field-type-recaptcha elementor-field-group elementor-column elementor-field-group-field_recaptcha elementor-col-100\">\n\t\t\t\t\t<div class=\"elementor-field\" id=\"form-field-field_recaptcha\"><div class=\"elementor-g-recaptcha\" data-sitekey=\"6LdTXg0iAAAAAJQWCjxvpI7P0vJF3Al_7EIzWP9u\" data-type=\"v2_checkbox\" data-theme=\"light\" data-size=\"normal\"><\/div><\/div>\t\t\t\t<\/div>\n\t\t\t\t\t\t\t\t<div class=\"elementor-field-group elementor-column elementor-field-type-submit elementor-col-100 e-form__buttons\">\n\t\t\t\t\t<button class=\"elementor-button elementor-size-sm\" type=\"submit\">\n\t\t\t\t\t\t<span class=\"elementor-button-content-wrapper\">\n\t\t\t\t\t\t\t\t\t\t\t\t\t\t\t\t\t\t\t\t\t\t<span class=\"elementor-button-text\">G\u1eedi<\/span>\n\t\t\t\t\t\t\t\t\t\t\t\t\t<\/span>\n\t\t\t\t\t<\/button>\n\t\t\t\t<\/div>\n\t\t\t<\/div>\n\t\t<input type=\"hidden\" name=\"trp-form-language\" value=\"vn\"\/><\/form>\n\t\t\t\t<\/div>\n\t\t\t\t<\/div>\n\t\t\t\t\t<\/div>\n\t\t<\/div>\n\t\t\t\t\t<\/div>\n\t\t<\/section>\n\t\t\t\t<\/div>\n\t\t\t\t<\/div>\n\t\t\t\t<\/div>\n\t\t\t\t<\/div>\n\t\t\t\t\t<\/div>\n\t\t<\/div>\n\t\t\t\t\t<\/div>\n\t\t<\/section>\n\t\t\t\t\t<\/div>\n\t\t<\/div>\n\t\t\t\t\t<\/div>\n\t\t<\/section>\n\t\t\t\t<\/div>","protected":false},"excerpt":{"rendered":"<p>H\u1ea5p th\u1ee5 kim lo\u1ea1i n\u1eb7ng b\u1eb1ng zeolit t\u1ef1 nhi\u00ean Clinoptilolite, n\u00f3 c\u00f3 th\u1ec3 l\u00e0m gi\u1ea3m s\u1ef1 chuy\u1ec3n giao c\u00e1c kim lo\u1ea1i n\u1eb7ng, ch\u1eb3ng h\u1ea1n nh\u01b0 \u0111\u1ed3ng, ch\u00ec v\u00e0 k\u1ebdm t\u1eeb \u0111\u1ea5t sang c\u00e2y tr\u1ed3ng do d\u00e2n s\u1ed1 qu\u00e1 \u0111\u00f4ng v\u00e0 s\u1ef1 m\u1edf r\u1ed9ng c\u1ee7a c\u00e1c ng\u00e0nh c\u00f4ng nghi\u1ec7p [\u2026]<\/p>","protected":false},"author":1,"featured_media":662,"parent":1604,"menu_order":2,"comment_status":"closed","ping_status":"closed","template":"elementor_header_footer","meta":{"footnotes":""},"class_list":["post-1966","page","type-page","status-publish","has-post-thumbnail","hentry"],"_links":{"self":[{"href":"https:\/\/zeolitemin.com\/vn\/wp-json\/wp\/v2\/pages\/1966","targetHints":{"allow":["GET"]}}],"collection":[{"href":"https:\/\/zeolitemin.com\/vn\/wp-json\/wp\/v2\/pages"}],"about":[{"href":"https:\/\/zeolitemin.com\/vn\/wp-json\/wp\/v2\/types\/page"}],"author":[{"embeddable":true,"href":"https:\/\/zeolitemin.com\/vn\/wp-json\/wp\/v2\/users\/1"}],"replies":[{"embeddable":true,"href":"https:\/\/zeolitemin.com\/vn\/wp-json\/wp\/v2\/comments?post=1966"}],"version-history":[{"count":0,"href":"https:\/\/zeolitemin.com\/vn\/wp-json\/wp\/v2\/pages\/1966\/revisions"}],"up":[{"embeddable":true,"href":"https:\/\/zeolitemin.com\/vn\/wp-json\/wp\/v2\/pages\/1604"}],"wp:featuredmedia":[{"embeddable":true,"href":"https:\/\/zeolitemin.com\/vn\/wp-json\/wp\/v2\/media\/662"}],"wp:attachment":[{"href":"https:\/\/zeolitemin.com\/vn\/wp-json\/wp\/v2\/media?parent=1966"}],"curies":[{"name":"wp","href":"https:\/\/api.w.org\/{rel}","templated":true}]}}