{"id":1955,"date":"2022-03-30T20:42:43","date_gmt":"2022-03-30T12:42:43","guid":{"rendered":"https:\/\/www.oklee.ga\/?page_id=1955"},"modified":"2022-11-09T14:45:51","modified_gmt":"2022-11-09T06:45:51","slug":"manure-composting-odor-reduction","status":"publish","type":"page","link":"https:\/\/zeolitemin.com\/vn\/zeolite-applications\/manure-composting-odor-reduction\/","title":{"rendered":"Ph\u00e2n chu\u1ed3ng \u1ee7 ph\u00e2n lo\u1ea1i b\u1ecf m\u00f9i h\u00f4i"},"content":{"rendered":"<div data-elementor-type=\"wp-page\" data-elementor-id=\"1955\" class=\"elementor elementor-1955\" data-elementor-post-type=\"page\">\n\t\t\t\t\t\t<section class=\"elementor-section elementor-top-section elementor-element elementor-element-1c40af1b elementor-section-height-min-height elementor-section-boxed elementor-section-height-default elementor-section-items-middle\" data-id=\"1c40af1b\" data-element_type=\"section\" data-settings=\"{&quot;background_background&quot;:&quot;classic&quot;}\">\n\t\t\t\t\t\t<div class=\"elementor-container elementor-column-gap-default\">\n\t\t\t\t\t<div class=\"elementor-column elementor-col-100 elementor-top-column elementor-element elementor-element-2d892fd8\" data-id=\"2d892fd8\" data-element_type=\"column\">\n\t\t\t<div class=\"elementor-widget-wrap elementor-element-populated\">\n\t\t\t\t\t\t<div class=\"elementor-element elementor-element-2644287a elementor-widget elementor-widget-heading\" data-id=\"2644287a\" data-element_type=\"widget\" data-widget_type=\"heading.default\">\n\t\t\t\t<div class=\"elementor-widget-container\">\n\t\t\t<h1 class=\"elementor-heading-title elementor-size-default\">Ph\u00e2n chu\u1ed3ng \u1ee7 ph\u00e2n lo\u1ea1i b\u1ecf m\u00f9i h\u00f4i<\/h1>\t\t<\/div>\n\t\t\t\t<\/div>\n\t\t\t\t<div class=\"elementor-element elementor-element-4f064e1 elementor-widget elementor-widget-text-editor\" data-id=\"4f064e1\" data-element_type=\"widget\" data-widget_type=\"text-editor.default\">\n\t\t\t\t<div class=\"elementor-widget-container\">\n\t\t\t\t\t\t\t<p>Ph\u00e2n chu\u1ed3ng \u1ee7 kh\u1eed m\u00f9i h\u00f4i b\u1eb1ng ph\u1ee5 gia Clinoptilolite Zeolite Feed<\/p>\t\t\t\t\t\t<\/div>\n\t\t\t\t<\/div>\n\t\t\t\t\t<\/div>\n\t\t<\/div>\n\t\t\t\t\t<\/div>\n\t\t<\/section>\n\t\t\t\t<section class=\"elementor-section elementor-top-section elementor-element elementor-element-7e457f4d elementor-section-stretched elementor-section-boxed elementor-section-height-default elementor-section-height-default\" data-id=\"7e457f4d\" data-element_type=\"section\" data-settings=\"{&quot;stretch_section&quot;:&quot;section-stretched&quot;,&quot;background_background&quot;:&quot;classic&quot;}\">\n\t\t\t\t\t\t<div class=\"elementor-container elementor-column-gap-default\">\n\t\t\t\t\t<div class=\"elementor-column elementor-col-50 elementor-top-column elementor-element elementor-element-1f382fd2\" data-id=\"1f382fd2\" data-element_type=\"column\">\n\t\t\t<div class=\"elementor-widget-wrap elementor-element-populated\">\n\t\t\t\t\t\t<div class=\"elementor-element elementor-element-57da55ce elementor-widget elementor-widget-image\" data-id=\"57da55ce\" data-element_type=\"widget\" data-widget_type=\"image.default\">\n\t\t\t\t<div class=\"elementor-widget-container\">\n\t\t\t\t\t\t\t\t\t\t\t\t\t<img fetchpriority=\"high\" decoding=\"async\" width=\"800\" height=\"480\" src=\"https:\/\/zeolitemin.com\/wp-content\/uploads\/2021\/08\/innovative-feed-lowers-social-costs-for-livestock-production-2000x1200-1-1024x614.jpg\" class=\"attachment-large size-large wp-image-1422\" alt=\"QU\u1ea2N L\u00dd HO\u00c0N CH\u1ec8NH &amp; GI\u1ea2M L\u1ed6I\" srcset=\"https:\/\/zeolitemin.com\/wp-content\/uploads\/2021\/08\/innovative-feed-lowers-social-costs-for-livestock-production-2000x1200-1-1024x614.jpg 1024w, https:\/\/zeolitemin.com\/wp-content\/uploads\/2021\/08\/innovative-feed-lowers-social-costs-for-livestock-production-2000x1200-1-300x180.jpg 300w, https:\/\/zeolitemin.com\/wp-content\/uploads\/2021\/08\/innovative-feed-lowers-social-costs-for-livestock-production-2000x1200-1-768x461.jpg 768w, https:\/\/zeolitemin.com\/wp-content\/uploads\/2021\/08\/innovative-feed-lowers-social-costs-for-livestock-production-2000x1200-1-1536x922.jpg 1536w, https:\/\/zeolitemin.com\/wp-content\/uploads\/2021\/08\/innovative-feed-lowers-social-costs-for-livestock-production-2000x1200-1-800x480.jpg 800w, https:\/\/zeolitemin.com\/wp-content\/uploads\/2021\/08\/innovative-feed-lowers-social-costs-for-livestock-production-2000x1200-1.jpg 2000w\" sizes=\"(max-width: 800px) 100vw, 800px\" \/>\t\t\t\t\t\t\t\t\t\t\t\t\t<\/div>\n\t\t\t\t<\/div>\n\t\t\t\t\t<\/div>\n\t\t<\/div>\n\t\t\t\t<div class=\"elementor-column elementor-col-50 elementor-top-column elementor-element elementor-element-14153c25\" data-id=\"14153c25\" data-element_type=\"column\">\n\t\t\t<div class=\"elementor-widget-wrap elementor-element-populated\">\n\t\t\t\t\t\t<div class=\"elementor-element elementor-element-11639a70 elementor-widget elementor-widget-heading\" data-id=\"11639a70\" data-element_type=\"widget\" data-widget_type=\"heading.default\">\n\t\t\t\t<div class=\"elementor-widget-container\">\n\t\t\t<h2 class=\"elementor-heading-title elementor-size-default\">Ph\u00e2n chu\u1ed3ng \u1ee7 ph\u00e2n lo\u1ea1i b\u1ecf m\u00f9i h\u00f4i<\/h2>\t\t<\/div>\n\t\t\t\t<\/div>\n\t\t\t\t<div class=\"elementor-element elementor-element-74de29db elementor-widget elementor-widget-text-editor\" data-id=\"74de29db\" data-element_type=\"widget\" data-widget_type=\"text-editor.default\">\n\t\t\t\t<div class=\"elementor-widget-container\">\n\t\t\t\t\t\t\t<p>Ch\u0103n nu\u00f4i t\u1ea1o ra h\u00e0ng t\u1ef7 t\u1ea5n ch\u1ea5t th\u1ea3i r\u1eafn v\u00e0 l\u1ecfng m\u1ed7i n\u0103m (Mumpton, 1985). S\u1ef1 t\u00edch t\u1ee5 c\u1ee7a ph\u00e2n v\u00e0 n\u01b0\u1edbc ti\u1ec3u g\u00e2y nguy hi\u1ec3m cho s\u1ee9c kh\u1ecfe con ng\u01b0\u1eddi v\u00e0 \u0111\u1ed9ng v\u1eadt, \u0111\u1ed3ng th\u1eddi t\u1ea1o ra m\u1ed9t m\u00f4i tr\u01b0\u1eddng kh\u00f3 ch\u1ecbu \u0111\u1ec3 sinh s\u1ed1ng v\u00e0 l\u00e0m vi\u1ec7c. zeolit t\u1ef1 nhi\u00ean \u0111\u00e3 \u0111\u01b0\u1ee3c s\u1eed d\u1ee5ng \u0111\u1ec3 kh\u1eed m\u00f9i h\u00f4i c\u1ee7a ph\u00e2n \u1ee7.<\/p><p>Qu\u00e1 tr\u00ecnh ti\u00eau h\u00f3a v\u00e0 ph\u00e2n \u0111\u1ed9ng v\u1eadt c\u00f9ng nhau t\u1ea1o ra kh\u00ed metan, carbon dioxide v\u00e0 c\u00e1c h\u1ee3p ch\u1ea5t l\u01b0u hu\u1ef3nh. Ng\u01b0\u1eddi ta \u01b0\u1edbc t\u00ednh r\u1eb1ng 700Btu \/ ft kh\u00ed m\u00ea-tan c\u00f3 th\u1ec3 \u0111\u01b0\u1ee3c s\u1ea3n xu\u1ea5t sau khi x\u1eed l\u00fd 250.000 t\u1ea5n ph\u00e2n \u0111\u01b0\u1ee3c s\u1ea3n xu\u1ea5t m\u1ed7i ng\u00e0y \u1edf Hoa K\u1ef3 (Mumpton, 1985). Trong nhi\u1ec1u tr\u01b0\u1eddng h\u1ee3p, kh\u00ed m\u00ea-tan do v\u1eadt nu\u00f4i t\u1ea1o ra trong m\u1ed9t trang tr\u1ea1i \u0111i\u1ec3n h\u00ecnh c\u00f3 th\u1ec3 t\u01b0\u01a1ng \u0111\u01b0\u01a1ng v\u1edbi nhu c\u1ea7u nhi\u00ean li\u1ec7u h\u00f3a th\u1ea1ch \u0111\u1ea7y \u0111\u1ee7 c\u1ee7a trang tr\u1ea1i (Mumpton, 1985).<\/p><p>Zeolite h\u1ed7 tr\u1ee3 qu\u00e1 tr\u00ecnh \u1ee7 ph\u00e2n v\u00e0 ho\u1ea1t \u0111\u1ed9ng nh\u01b0 m\u1ed9t ch\u1ea5t ki\u1ec3m so\u00e1t m\u00f9i h\u00f4i v\u00ec kh\u1ea3 n\u0103ng h\u1ea5p th\u1ee5 v\u00e0 h\u1ea5p th\u1ee5 ch\u1ea5t l\u1ecfng, kh\u00ed v\u00e0 ch\u1ea5t l\u01a1 l\u1eedng. C\u1ea3 hai \u0111\u1eb7c t\u00ednh l\u00e0m vi\u1ec7c c\u00f9ng nhau \u0111\u1ec3 ch\u1ed1ng l\u1ea1i m\u00f9i h\u00f4i li\u00ean quan \u0111\u1ebfn vi\u1ec7c \u1ee7 ph\u00e2n. Amoni (NH4 +) trong ch\u1ea5t th\u1ea3i l\u1ecfng v\u00e0 r\u1eafn li\u00ean t\u1ee5c chuy\u1ec3n h\u00f3a th\u00e0nh kh\u00ed amoniac (NH3). Zeolite ki\u1ec3m so\u00e1t m\u00f9i h\u00f4i b\u1eb1ng c\u00e1ch h\u1ea5p th\u1ee5 \u0111\u1ed9 \u1ea9m t\u1eeb ch\u1ea5t th\u1ea3i v\u00e0 h\u1ea5p th\u1ee5 amoniac do ho\u1ea1t \u0111\u1ed9ng c\u1ee7a vi sinh v\u1eadt t\u1ea1o ra tr\u00ean ch\u1ea5t l\u1ecfng (Hogg, 2003).<\/p>\t\t\t\t\t\t<\/div>\n\t\t\t\t<\/div>\n\t\t\t\t\t<\/div>\n\t\t<\/div>\n\t\t\t\t\t<\/div>\n\t\t<\/section>\n\t\t\t\t<section class=\"elementor-section elementor-top-section elementor-element elementor-element-13615d0 elementor-section-boxed elementor-section-height-default elementor-section-height-default\" data-id=\"13615d0\" data-element_type=\"section\">\n\t\t\t\t\t\t<div class=\"elementor-container elementor-column-gap-default\">\n\t\t\t\t\t<div class=\"elementor-column elementor-col-100 elementor-top-column elementor-element elementor-element-ff0e939\" data-id=\"ff0e939\" data-element_type=\"column\">\n\t\t\t<div class=\"elementor-widget-wrap elementor-element-populated\">\n\t\t\t\t\t\t<div class=\"elementor-element elementor-element-39110f2 elementor-widget elementor-widget-text-editor\" data-id=\"39110f2\" data-element_type=\"widget\" data-widget_type=\"text-editor.default\">\n\t\t\t\t<div class=\"elementor-widget-container\">\n\t\t\t\t\t\t\t<p>C\u00e1c nh\u00e0 nghi\u00ean c\u1ee9u \u0111\u00e3 x\u00e1c \u0111\u1ecbnh \u0111\u01b0\u1ee3c ba l\u1ee3i \u00edch ch\u00ednh m\u00e0 zeolite cung c\u1ea5p cho c\u00e1c n\u1ed7 l\u1ef1c \u1ee7 ph\u00e2n v\u00e0 kh\u1eed m\u00f9i h\u00f4i. \u0110\u1ea7u ti\u00ean, n\u00f3 th\u00fac \u0111\u1ea9y qu\u00e1 tr\u00ecnh l\u01b0u gi\u1eef nit\u01a1 trong <a href=\"https:\/\/zeolitemin.com\/vn\/zeolite-applications\/animal-feed-ingredient\/\">ch\u1ea5t th\u1ea3i \u0111\u1ed9ng v\u1eadt<\/a> qua <a href=\"https:\/\/zeolitemin.com\/vn\/zeolite-applications\/absorbent-adsorbent\/\">h\u1ea5p ph\u1ee5 amoniac<\/a>. Ph\u00e2n chu\u1ed3ng tr\u1ed9n v\u1edbi zeolit \u0111\u00f3ng vai tr\u00f2 nh\u01b0 m\u1ed9t lo\u1ea1i ph\u00e2n b\u00f3n ch\u1ea5t l\u01b0\u1ee3ng cao v\u00ec nit\u01a1 c\u00f3 s\u1eb5n trong th\u1ef1c v\u1eadt \u0111\u01b0\u1ee3c gi\u1eef l\u1ea1i v\u00e0 tr\u1ea3 l\u1ea1i cho \u0111\u1ea5t (Meisinger v\u00e0 c\u1ed9ng s\u1ef1, 2001). Th\u1ee9 hai, zeolit ki\u1ec3m so\u00e1t \u0111\u1ed9 \u1ea9m trong ph\u00e2n th\u00f4ng qua c\u00e1c \u0111\u1eb7c t\u00ednh h\u00fat n\u01b0\u1edbc c\u1ee7a n\u00f3 (Mumpton, 1999). Cu\u1ed1i c\u00f9ng, zeolit l\u00e0m s\u1ea1ch kh\u00ed m\u00eatan sinh ra t\u1eeb qu\u00e1 tr\u00ecnh ph\u00e2n h\u1ee7y k\u1ef5 kh\u00ed (Mumpton, 1999).<\/p><p>M\u1ed9t nghi\u00ean c\u1ee9u c\u1ee7a Bernal et al. (1993) \u0111\u00e3 ki\u1ec3m tra m\u1ee9c \u0111\u1ed9 th\u1ea5t tho\u00e1t amoniac t\u1eeb m\u1ed9t s\u1ed1 h\u1ed7n h\u1ee3p b\u00f9n r\u01a1m \u0111\u01b0\u1ee3c \u0111\u01b0a v\u00e0o thi\u1ebft b\u1ecb m\u00f4 ph\u1ecfng \u1ee7 ph\u00e2n. Sau \u0111\u00f3, c\u00e1c nh\u00e0 nghi\u00ean c\u1ee9u cho kh\u00f4ng kh\u00ed \u0111i qua c\u00e1c v\u1eadt li\u1ec7u \u1ee7 v\u00e0 cu\u1ed1i c\u00f9ng, d\u1eabn d\u00f2ng kh\u00f4ng kh\u00ed \u0111\u00e3 qua s\u1eed d\u1ee5ng qua m\u1ed9t m\u1eabu zeolit. K\u1ebft qu\u1ea3 ch\u1ec9 ra r\u1eb1ng t\u1eeb 53 g kg - 82 g kg zeolit gi\u1eef l\u1ea1i 80 ph\u1ea7n tr\u0103m nit\u01a1 trong ph\u00e2n tr\u1ed9n. Bernal v\u00e0 c\u1ed9ng s\u1ef1. k\u1ebft lu\u1eadn r\u1eb1ng che ph\u1ee7 v\u1eadt li\u1ec7u \u1ee7 b\u1eb1ng r\u01a1m r\u1ea1 v\u00e0 zeolit l\u00e0 m\u1ed9t ph\u01b0\u01a1ng ph\u00e1p hi\u1ec7u qu\u1ea3 cao \u0111\u1ec3 gi\u1ea3m ph\u00e1t th\u1ea3i amoniac.<\/p><p>Meisinger v\u00e0 c\u1ed9ng s\u1ef1. (2001) c\u0169ng th\u1ef1c hi\u1ec7n m\u1ed9t nghi\u00ean c\u1ee9u ki\u1ec3m tra s\u1ef1 bay h\u01a1i amoniac c\u1ee7a b\u00f9n n\u00f4ng tr\u1ea1i. K\u1ebft qu\u1ea3 ch\u1ec9 ra r\u1eb1ng vi\u1ec7c b\u1ed5 sung 6,25% zeolit v\u00e0o b\u00f9n s\u1eefa l\u01b0u tr\u1eef trong chu\u1ed3ng l\u00e0m gi\u1ea3m l\u01b0\u1ee3ng kh\u00ed th\u1ea3i amoniac xu\u1ed1ng 55% khi so s\u00e1nh v\u1edbi b\u00f9n kh\u00f4ng \u0111\u01b0\u1ee3c x\u1eed l\u00fd. Ngo\u00e0i ra, m\u1ee9c ph\u1ed1t pho h\u00f2a tan trong b\u00f9n c\u0169ng gi\u1ea3m, \u0111i\u1ec1u n\u00e0y c\u00f3 \u00fd ngh\u0129a t\u00edch c\u1ef1c \u0111\u1ed1i v\u1edbi m\u00f4i tr\u01b0\u1eddng.<\/p><p>M\u1ed9t nghi\u00ean c\u1ee9u ki\u1ec3m tra vi\u1ec7c s\u1eed d\u1ee5ng zeolit trong qu\u00e1 tr\u00ecnh ph\u00e2n h\u1ee7y k\u1ef5 kh\u00ed ch\u1ea5t th\u1ea3i c\u1ee7a l\u1ee3n cho th\u1ea5y r\u1eb1ng vi\u1ec7c s\u1eed d\u1ee5ng zeolit li\u1ec1u 8 v\u00e0 12 gl \u0111\u00e3 c\u1ea3i thi\u1ec7n hi\u1ec7u su\u1ea5t ph\u00e2n h\u1ee7y, ch\u1ee7 y\u1ebfu l\u00e0 do kh\u1ea3 n\u0103ng c\u1ee7a zeolit lo\u1ea1i b\u1ecf amoni th\u00f4ng qua trao \u0111\u1ed5i ion (Kotsopoulos et al., 2008) . K\u1ebft qu\u1ea3 cho th\u1ea5y zeolit c\u00f3 t\u00e1c \u0111\u1ed9ng t\u00edch c\u1ef1c \u0111\u1ebfn \u0111\u1ed9c t\u00ednh c\u1ee7a amoniac, m\u1ee9c \u0111\u1ed9 kh\u00ed m\u00eatan \u0111\u01b0\u1ee3c t\u1ea1o ra v\u00e0 \u0111i\u1ec1u ch\u1ec9nh \u0111\u1ed9 chua c\u1ee7a ch\u1ea5t th\u1ea3i l\u1ee3n (Kotsopoulos et al., 2008).<\/p><p>Ph\u00e2n b\u00e1n l\u1ecfng trong chu\u1ed3ng gia c\u1ea7m th\u1ea3i ra kh\u00f3i \u0111\u1ed9c h\u1ea1i c\u1ee7a amoniac v\u00e0 hydro sunfua kh\u00f4ng ch\u1ec9 l\u00e0m cho m\u00f4i tr\u01b0\u1eddng kh\u00f3 ch\u1ecbu m\u00e0 c\u00f2n l\u00e0m gi\u1ea3m s\u1ee9c \u0111\u1ec1 kh\u00e1ng c\u1ee7a gia c\u1ea7m \u0111\u1ed1i v\u1edbi c\u00e1c b\u1ec7nh \u0111\u01b0\u1eddng h\u00f4 h\u1ea5p v\u00e0 c\u00f3 t\u00e1c \u0111\u1ed9ng ti\u00eau c\u1ef1c \u0111\u1ebfn s\u1ee9c kh\u1ecfe t\u1ed5ng th\u1ec3. Mumpton (1985) b\u00e1o c\u00e1o r\u1eb1ng clinoptilolite c\u00f3 th\u1ec3 \u0111\u01b0\u1ee3c tr\u1ed9n v\u1edbi ph\u00e2n \u0111\u1ec3 <a href=\"https:\/\/zeolitemin.com\/vn\/zeolite-applications\/ammonia-removal-in-water\/\">lo\u1ea1i b\u1ecf amoniac<\/a> h\u01a1i v\u00e0 c\u1ea3i thi\u1ec7n ch\u1ea5t l\u01b0\u1ee3ng kh\u00f4ng kh\u00ed chung v\u00e0 b\u1ea7u kh\u00f4ng kh\u00ed trong c\u00e1c chu\u1ed3ng gia c\u1ea7m. \u0110\u1ed3ng th\u1eddi, Mumpton (1985) cho r\u1eb1ng th\u00eam zeolit v\u00e0o ch\u1ea5t th\u1ea3i gia c\u1ea7m c\u00f3 th\u1ec3 gi\u1ea3m chi ph\u00ed lao \u0111\u1ed9ng li\u00ean quan \u0111\u1ebfn vi\u1ec7c l\u00e0m kh\u00f4 ph\u00e2n trong kh\u00f4ng kh\u00ed v\u00e0 \u0111\u1ed3ng th\u1eddi gi\u1eef l\u1ea1i c\u00e1c th\u00e0nh ph\u1ea7n ph\u00e2n b\u00f3n trong ph\u00e2n \u0111\u00e1p \u1ee9ng c\u00e1c ti\u00eau chu\u1ea9n m\u00f4i tr\u01b0\u1eddng. Zeolite nh\u01b0 m\u1ed9t <a href=\"https:\/\/antenchem.com\" rel=\"noopener\">s\u00e0ng ph\u00e2n t\u1eed<\/a> l\u00e0 kho\u00e1ng ch\u1ea5t t\u1ef1 nhi\u00ean.<\/p>\t\t\t\t\t\t<\/div>\n\t\t\t\t<\/div>\n\t\t\t\t\t<\/div>\n\t\t<\/div>\n\t\t\t\t\t<\/div>\n\t\t<\/section>\n\t\t\t\t<section class=\"elementor-section elementor-top-section elementor-element elementor-element-1e823352 elementor-section-boxed elementor-section-height-default elementor-section-height-default\" data-id=\"1e823352\" data-element_type=\"section\">\n\t\t\t\t\t\t<div class=\"elementor-container elementor-column-gap-default\">\n\t\t\t\t\t<div class=\"elementor-column elementor-col-100 elementor-top-column elementor-element elementor-element-653a2d3b\" data-id=\"653a2d3b\" data-element_type=\"column\">\n\t\t\t<div class=\"elementor-widget-wrap elementor-element-populated\">\n\t\t\t\t\t\t<section class=\"elementor-section elementor-inner-section elementor-element elementor-element-5e221285 elementor-section-boxed elementor-section-height-default elementor-section-height-default\" data-id=\"5e221285\" data-element_type=\"section\" data-settings=\"{&quot;sticky&quot;:&quot;top&quot;,&quot;sticky_on&quot;:[&quot;desktop&quot;,&quot;tablet&quot;],&quot;sticky_parent&quot;:&quot;yes&quot;,&quot;sticky_offset&quot;:0,&quot;sticky_effects_offset&quot;:0}\">\n\t\t\t\t\t\t<div class=\"elementor-container elementor-column-gap-default\">\n\t\t\t\t\t<div class=\"elementor-column elementor-col-100 elementor-inner-column elementor-element elementor-element-2068b590\" data-id=\"2068b590\" data-element_type=\"column\" data-settings=\"{&quot;background_background&quot;:&quot;classic&quot;}\">\n\t\t\t<div class=\"elementor-widget-wrap elementor-element-populated\">\n\t\t\t\t\t\t<div class=\"elementor-element elementor-element-3a1e42fa elementor-widget elementor-widget-heading\" data-id=\"3a1e42fa\" data-element_type=\"widget\" data-widget_type=\"heading.default\">\n\t\t\t\t<div class=\"elementor-widget-container\">\n\t\t\t<h2 class=\"elementor-heading-title elementor-size-default\">G\u1eedi y\u00eau c\u1ea7u c\u1ee7a b\u1ea1n ngay h\u00f4m nay<\/h2>\t\t<\/div>\n\t\t\t\t<\/div>\n\t\t\t\t<div class=\"elementor-element elementor-element-24b7b5ae elementor-widget elementor-widget-template\" data-id=\"24b7b5ae\" data-element_type=\"widget\" data-widget_type=\"template.default\">\n\t\t\t\t<div class=\"elementor-widget-container\">\n\t\t\t\t\t<div class=\"elementor-template\">\n\t\t\t\t\t<div data-elementor-type=\"section\" data-elementor-id=\"213\" class=\"elementor elementor-213\" data-elementor-post-type=\"elementor_library\">\n\t\t\t\t\t<section class=\"elementor-section elementor-top-section elementor-element elementor-element-147d694 elementor-section-boxed elementor-section-height-default elementor-section-height-default\" data-id=\"147d694\" data-element_type=\"section\">\n\t\t\t\t\t\t<div class=\"elementor-container elementor-column-gap-default\">\n\t\t\t\t\t<div class=\"elementor-column elementor-col-100 elementor-top-column elementor-element elementor-element-8955c09\" data-id=\"8955c09\" data-element_type=\"column\">\n\t\t\t<div class=\"elementor-widget-wrap elementor-element-populated\">\n\t\t\t\t\t\t<div class=\"elementor-element elementor-element-5294796 elementor-button-align-stretch elementor-widget elementor-widget-global elementor-global-2532 elementor-widget-form\" data-id=\"5294796\" data-element_type=\"widget\" data-settings=\"{&quot;step_next_label&quot;:&quot;Next&quot;,&quot;step_previous_label&quot;:&quot;Previous&quot;,&quot;button_width&quot;:&quot;100&quot;,&quot;step_type&quot;:&quot;number_text&quot;,&quot;step_icon_shape&quot;:&quot;circle&quot;}\" data-widget_type=\"form.default\">\n\t\t\t\t<div class=\"elementor-widget-container\">\n\t\t\t\t\t<form class=\"elementor-form\" method=\"post\" name=\"New Form\" action=\"\">\n\t\t\t<input type=\"hidden\" name=\"post_id\" value=\"213\"\/>\n\t\t\t<input type=\"hidden\" name=\"form_id\" value=\"5294796\"\/>\n\t\t\t<input type=\"hidden\" name=\"referer_title\" value=\"\" \/>\n\n\t\t\t\n\t\t\t<div class=\"elementor-form-fields-wrapper elementor-labels-\">\n\t\t\t\t\t\t\t\t<div class=\"elementor-field-type-text elementor-field-group elementor-column elementor-field-group-name elementor-col-50 elementor-field-required\">\n\t\t\t\t\t\t\t\t\t\t\t\t\t<input size=\"1\" type=\"text\" name=\"form_fields[name]\" id=\"form-field-name\" class=\"elementor-field elementor-size-sm  elementor-field-textual\" placeholder=\"T\u00ean *\" required=\"required\" aria-required=\"true\">\n\t\t\t\t\t\t\t\t\t\t\t<\/div>\n\t\t\t\t\t\t\t\t<div class=\"elementor-field-type-email elementor-field-group elementor-column elementor-field-group-email elementor-col-50 elementor-field-required\">\n\t\t\t\t\t\t\t\t\t\t\t\t\t<input size=\"1\" type=\"email\" name=\"form_fields[email]\" id=\"form-field-email\" class=\"elementor-field elementor-size-sm  elementor-field-textual\" placeholder=\"Email *\" required=\"required\" aria-required=\"true\">\n\t\t\t\t\t\t\t\t\t\t\t<\/div>\n\t\t\t\t\t\t\t\t<div class=\"elementor-field-type-text elementor-field-group elementor-column elementor-field-group-yourcompany elementor-col-50 elementor-field-required\">\n\t\t\t\t\t\t\t\t\t\t\t\t\t<input size=\"1\" type=\"text\" name=\"form_fields[yourcompany]\" id=\"form-field-yourcompany\" class=\"elementor-field elementor-size-sm  elementor-field-textual\" placeholder=\"C\u00f4ng ty *\" required=\"required\" aria-required=\"true\">\n\t\t\t\t\t\t\t\t\t\t\t<\/div>\n\t\t\t\t\t\t\t\t<div class=\"elementor-field-type-tel elementor-field-group elementor-column elementor-field-group-phone elementor-col-50 elementor-field-required\">\n\t\t\t\t\t\t\t<input size=\"1\" type=\"tel\" name=\"form_fields[phone]\" id=\"form-field-phone\" class=\"elementor-field elementor-size-sm  elementor-field-textual\" placeholder=\"\u0110i\u1ec7n tho\u1ea1i *\" required=\"required\" aria-required=\"true\" pattern=\"[0-9()#&amp;+*-=.]+\" title=\"Ch\u1ec9 s\u1ed1 v\u00e0 k\u00fd t\u1ef1 \u0111i\u1ec7n tho\u1ea1i (#, -, *, v.v.) m\u1edbi \u0111\u01b0\u1ee3c ch\u1ea5p nh\u1eadn.\">\n\n\t\t\t\t\t\t<\/div>\n\t\t\t\t\t\t\t\t<div class=\"elementor-field-type-text elementor-field-group elementor-column elementor-field-group-country elementor-col-50 elementor-field-required\">\n\t\t\t\t\t\t\t\t\t\t\t\t\t<input size=\"1\" type=\"text\" name=\"form_fields[country]\" id=\"form-field-country\" class=\"elementor-field elementor-size-sm  elementor-field-textual\" placeholder=\"Qu\u1ed1c gia\" required=\"required\" aria-required=\"true\">\n\t\t\t\t\t\t\t\t\t\t\t<\/div>\n\t\t\t\t\t\t\t\t<div class=\"elementor-field-type-text elementor-field-group elementor-column elementor-field-group-yourmobile elementor-col-50 elementor-field-required\">\n\t\t\t\t\t\t\t\t\t\t\t\t\t<input size=\"1\" type=\"text\" name=\"form_fields[yourmobile]\" id=\"form-field-yourmobile\" class=\"elementor-field elementor-size-sm  elementor-field-textual\" placeholder=\"Di \u0111\u1ed9ng *\" required=\"required\" aria-required=\"true\">\n\t\t\t\t\t\t\t\t\t\t\t<\/div>\n\t\t\t\t\t\t\t\t<div class=\"elementor-field-type-textarea elementor-field-group elementor-column elementor-field-group-message elementor-col-100 elementor-field-required\">\n\t\t\t\t\t<textarea class=\"elementor-field-textual elementor-field  elementor-size-sm\" name=\"form_fields[message]\" id=\"form-field-message\" rows=\"4\" placeholder=\"Th\u00f4ng \u0111i\u1ec7p *\" required=\"required\" aria-required=\"true\"><\/textarea>\t\t\t\t<\/div>\n\t\t\t\t\t\t\t\t<div class=\"elementor-field-type-recaptcha elementor-field-group elementor-column elementor-field-group-field_recaptcha elementor-col-100\">\n\t\t\t\t\t<div class=\"elementor-field\" id=\"form-field-field_recaptcha\"><div class=\"elementor-g-recaptcha\" data-sitekey=\"6LdTXg0iAAAAAJQWCjxvpI7P0vJF3Al_7EIzWP9u\" data-type=\"v2_checkbox\" data-theme=\"light\" data-size=\"normal\"><\/div><\/div>\t\t\t\t<\/div>\n\t\t\t\t\t\t\t\t<div class=\"elementor-field-group elementor-column elementor-field-type-submit elementor-col-100 e-form__buttons\">\n\t\t\t\t\t<button class=\"elementor-button elementor-size-sm\" type=\"submit\">\n\t\t\t\t\t\t<span class=\"elementor-button-content-wrapper\">\n\t\t\t\t\t\t\t\t\t\t\t\t\t\t\t\t\t\t\t\t\t\t<span class=\"elementor-button-text\">G\u1eedi<\/span>\n\t\t\t\t\t\t\t\t\t\t\t\t\t<\/span>\n\t\t\t\t\t<\/button>\n\t\t\t\t<\/div>\n\t\t\t<\/div>\n\t\t<input type=\"hidden\" name=\"trp-form-language\" value=\"vn\"\/><\/form>\n\t\t\t\t<\/div>\n\t\t\t\t<\/div>\n\t\t\t\t\t<\/div>\n\t\t<\/div>\n\t\t\t\t\t<\/div>\n\t\t<\/section>\n\t\t\t\t<\/div>\n\t\t\t\t<\/div>\n\t\t\t\t<\/div>\n\t\t\t\t<\/div>\n\t\t\t\t\t<\/div>\n\t\t<\/div>\n\t\t\t\t\t<\/div>\n\t\t<\/section>\n\t\t\t\t\t<\/div>\n\t\t<\/div>\n\t\t\t\t\t<\/div>\n\t\t<\/section>\n\t\t\t\t<\/div>","protected":false},"excerpt":{"rendered":"<p>\u1ee6 ph\u00e2n Lo\u1ea1i b\u1ecf m\u00f9i h\u00f4i b\u1eb1ng Clinoptilolite Zeolite Ph\u1ee5 gia th\u1ee9c \u0103n ch\u0103n nu\u00f4i S\u1ea3n xu\u1ea5t ch\u0103n nu\u00f4i t\u1ea1o ra h\u00e0ng t\u1ef7 t\u1ea5n ch\u1ea5t th\u1ea3i r\u1eafn v\u00e0 l\u1ecfng m\u1ed7i n\u0103m (Mumpton, 1985). S\u1ef1 t\u00edch t\u1ee5 ph\u00e2n v\u00e0 n\u01b0\u1edbc ti\u1ec3u g\u00e2y ra nh\u1eefng r\u1ee7i ro v\u1ec1 s\u1ee9c kh\u1ecfe cho con ng\u01b0\u1eddi v\u00e0 \u0111\u1ed9ng v\u1eadt, \u0111\u1ed3ng th\u1eddi t\u1ea1o ra m\u1ed9t m\u00f4i tr\u01b0\u1eddng kh\u00f3 ch\u1ecbu \u0111\u1ec3 sinh s\u1ed1ng v\u00e0 l\u00e0m vi\u1ec7c. zeolit t\u1ef1 nhi\u00ean \u0111\u01b0\u1ee3c s\u1eed d\u1ee5ng cho [\u2026]<\/p>","protected":false},"author":1,"featured_media":1422,"parent":1557,"menu_order":6,"comment_status":"closed","ping_status":"closed","template":"elementor_header_footer","meta":{"footnotes":""},"class_list":["post-1955","page","type-page","status-publish","has-post-thumbnail","hentry"],"_links":{"self":[{"href":"https:\/\/zeolitemin.com\/vn\/wp-json\/wp\/v2\/pages\/1955","targetHints":{"allow":["GET"]}}],"collection":[{"href":"https:\/\/zeolitemin.com\/vn\/wp-json\/wp\/v2\/pages"}],"about":[{"href":"https:\/\/zeolitemin.com\/vn\/wp-json\/wp\/v2\/types\/page"}],"author":[{"embeddable":true,"href":"https:\/\/zeolitemin.com\/vn\/wp-json\/wp\/v2\/users\/1"}],"replies":[{"embeddable":true,"href":"https:\/\/zeolitemin.com\/vn\/wp-json\/wp\/v2\/comments?post=1955"}],"version-history":[{"count":0,"href":"https:\/\/zeolitemin.com\/vn\/wp-json\/wp\/v2\/pages\/1955\/revisions"}],"up":[{"embeddable":true,"href":"https:\/\/zeolitemin.com\/vn\/wp-json\/wp\/v2\/pages\/1557"}],"wp:featuredmedia":[{"embeddable":true,"href":"https:\/\/zeolitemin.com\/vn\/wp-json\/wp\/v2\/media\/1422"}],"wp:attachment":[{"href":"https:\/\/zeolitemin.com\/vn\/wp-json\/wp\/v2\/media?parent=1955"}],"curies":[{"name":"wp","href":"https:\/\/api.w.org\/{rel}","templated":true}]}}