{"id":1921,"date":"2022-03-30T16:04:44","date_gmt":"2022-03-30T08:04:44","guid":{"rendered":"http:\/\/www.oklee.ga\/?page_id=1921"},"modified":"2024-07-02T19:16:50","modified_gmt":"2024-07-02T11:16:50","slug":"swine","status":"publish","type":"page","link":"https:\/\/zeolitemin.com\/vn\/zeolite-applications\/animal-feed-ingredient\/swine\/","title":{"rendered":"Ph\u1ee5 gia th\u1ee9c \u0103n cho l\u1ee3n"},"content":{"rendered":"<div data-elementor-type=\"wp-page\" data-elementor-id=\"1921\" class=\"elementor elementor-1921\" data-elementor-post-type=\"page\">\n\t\t\t\t\t\t<section class=\"elementor-section elementor-top-section elementor-element elementor-element-15537516 elementor-section-height-min-height elementor-section-boxed elementor-section-height-default elementor-section-items-middle\" data-id=\"15537516\" data-element_type=\"section\" data-settings=\"{&quot;background_background&quot;:&quot;classic&quot;}\">\n\t\t\t\t\t\t<div class=\"elementor-container elementor-column-gap-default\">\n\t\t\t\t\t<div class=\"elementor-column elementor-col-100 elementor-top-column elementor-element elementor-element-1db8b8c7\" data-id=\"1db8b8c7\" data-element_type=\"column\">\n\t\t\t<div class=\"elementor-widget-wrap elementor-element-populated\">\n\t\t\t\t\t\t<div class=\"elementor-element elementor-element-66fb3ccc elementor-widget elementor-widget-heading\" data-id=\"66fb3ccc\" data-element_type=\"widget\" data-widget_type=\"heading.default\">\n\t\t\t\t<div class=\"elementor-widget-container\">\n\t\t\t<h1 class=\"elementor-heading-title elementor-size-default\">Ph\u1ee5 gia th\u1ee9c \u0103n cho l\u1ee3n<\/h1>\t\t<\/div>\n\t\t\t\t<\/div>\n\t\t\t\t<div class=\"elementor-element elementor-element-780b0750 elementor-widget elementor-widget-text-editor\" data-id=\"780b0750\" data-element_type=\"widget\" data-widget_type=\"text-editor.default\">\n\t\t\t\t<div class=\"elementor-widget-container\">\n\t\t\t\t\t\t\t<p>Zeolite \u0111\u01b0\u1ee3c s\u1eed d\u1ee5ng l\u00e0m ph\u1ee5 gia th\u1ee9c \u0103n ch\u0103n nu\u00f4i cho gia c\u1ea7m, gi\u00fap t\u0103ng hi\u1ec7u qu\u1ea3 s\u1eed d\u1ee5ng th\u1ee9c \u0103n v\u00e0 gi\u1ea3m m\u1ee9c amoniac trong chu\u1ed3ng gia c\u1ea7m<\/p>\t\t\t\t\t\t<\/div>\n\t\t\t\t<\/div>\n\t\t\t\t\t<\/div>\n\t\t<\/div>\n\t\t\t\t\t<\/div>\n\t\t<\/section>\n\t\t\t\t<section class=\"elementor-section elementor-top-section elementor-element elementor-element-83b4f72 elementor-section-boxed elementor-section-height-default elementor-section-height-default\" data-id=\"83b4f72\" data-element_type=\"section\">\n\t\t\t\t\t\t<div class=\"elementor-container elementor-column-gap-default\">\n\t\t\t\t\t<div class=\"elementor-column elementor-col-100 elementor-top-column elementor-element elementor-element-4206ff8\" data-id=\"4206ff8\" data-element_type=\"column\">\n\t\t\t<div class=\"elementor-widget-wrap elementor-element-populated\">\n\t\t\t\t\t\t<div class=\"elementor-element elementor-element-116cdf7b elementor-widget elementor-widget-heading\" data-id=\"116cdf7b\" data-element_type=\"widget\" data-widget_type=\"heading.default\">\n\t\t\t\t<div class=\"elementor-widget-container\">\n\t\t\t<h2 class=\"elementor-heading-title elementor-size-default\">Ph\u1ee5 gia th\u1ee9c \u0103n cho l\u1ee3n<\/h2>\t\t<\/div>\n\t\t\t\t<\/div>\n\t\t\t\t<div class=\"elementor-element elementor-element-bc3bb62 elementor-widget elementor-widget-heading\" data-id=\"bc3bb62\" data-element_type=\"widget\" data-widget_type=\"heading.default\">\n\t\t\t\t<div class=\"elementor-widget-container\">\n\t\t\t<h2 class=\"elementor-heading-title elementor-size-default\">\u1ea2nh h\u01b0\u1edfng c\u1ee7a Zeolite t\u1ef1 nhi\u00ean \u0111\u1ed1i v\u1edbi s\u1ee9c kh\u1ecfe v\u00e0 dinh d\u01b0\u1ee1ng<\/h2>\t\t<\/div>\n\t\t\t\t<\/div>\n\t\t\t\t<div class=\"elementor-element elementor-element-645e8d1 elementor-widget elementor-widget-image\" data-id=\"645e8d1\" data-element_type=\"widget\" data-widget_type=\"image.default\">\n\t\t\t\t<div class=\"elementor-widget-container\">\n\t\t\t\t\t\t\t\t\t\t\t\t\t<img fetchpriority=\"high\" decoding=\"async\" width=\"580\" height=\"363\" src=\"https:\/\/zeolitemin.com\/wp-content\/uploads\/2022\/07\/using-natural-zeolite-swine-feed-additive.jpg\" class=\"attachment-medium_large size-medium_large wp-image-5910\" alt=\"zeolit \u0111\u01b0\u1ee3c s\u1eed d\u1ee5ng l\u00e0m ph\u1ee5 gia th\u1ee9c \u0103n ch\u0103n nu\u00f4i gia c\u1ea7m, l\u1ee3n v\u00e0 b\u00f2, c\u1ea3i thi\u1ec7n s\u1ee9c kh\u1ecfe v\u00e0 dinh d\u01b0\u1ee1ng c\u1ee7a c\u01a1 th\u1ec3 \u0111\u1ed9ng v\u1eadt.\" srcset=\"https:\/\/zeolitemin.com\/wp-content\/uploads\/2022\/07\/using-natural-zeolite-swine-feed-additive.jpg 580w, https:\/\/zeolitemin.com\/wp-content\/uploads\/2022\/07\/using-natural-zeolite-swine-feed-additive-300x188.jpg 300w, https:\/\/zeolitemin.com\/wp-content\/uploads\/2022\/07\/using-natural-zeolite-swine-feed-additive-16x10.jpg 16w\" sizes=\"(max-width: 580px) 100vw, 580px\" \/>\t\t\t\t\t\t\t\t\t\t\t\t\t<\/div>\n\t\t\t\t<\/div>\n\t\t\t\t<div class=\"elementor-element elementor-element-1e4b63ad elementor-widget elementor-widget-text-editor\" data-id=\"1e4b63ad\" data-element_type=\"widget\" data-widget_type=\"text-editor.default\">\n\t\t\t\t<div class=\"elementor-widget-container\">\n\t\t\t\t\t\t\t<p>Ng\u00e0y c\u00e0ng c\u00f3 nhi\u1ec1u d\u1eef li\u1ec7u \u0111\u01b0\u1ee3c c\u00f4ng b\u1ed1 cho th\u1ea5y b\u1eb1ng ch\u1ee9ng v\u1ec1 nh\u1eefng l\u1ee3i \u00edch t\u1ed1t nh\u1ea5t trong ch\u1ebf \u0111\u1ed9 \u0103n u\u1ed1ng c\u1ee7a zeolit t\u1ef1 nhi\u00ean \u0111\u1ed1i v\u1edbi l\u1ee3n v\u00e0 l\u1ee3n con. Trong nhi\u1ec1u tr\u01b0\u1eddng h\u1ee3p, <a href=\"https:\/\/zeolitemin.com\/vn\/zeolite-science\/what-is-the-best-zeolite\/\">zeolit clinoptilolit<\/a> \u0111\u01b0\u1ee3c ghi nh\u1eadn l\u00e0 l\u00e0m gi\u1ea3m c\u00e1c tr\u01b0\u1eddng h\u1ee3p v\u00e0 m\u1ee9c \u0111\u1ed9 nghi\u00eam tr\u1ecdng c\u1ee7a ti\u00eau ch\u1ea3y v\u00e0 r\u1ed1i lo\u1ea1n \u0111\u01b0\u1eddng ru\u1ed9t. Ngo\u00e0i ra, <a href=\"https:\/\/zeolitemin.com\/vn\/zeolite-applications\/water-treatment\/\">h\u1ea5p ph\u1ee5 n\u01b0\u1edbc<\/a> \u0111\u1eb7c t\u00ednh c\u1ee7a kho\u00e1ng ch\u1ea5t zeolit t\u1ef1 nhi\u00ean d\u1eabn \u0111\u1ebfn ph\u00e2n kh\u00f4 h\u01a1n v\u00e0 \u0111\u1eb7c h\u01a1n.<\/p><p>Kh\u1ea3 n\u0103ng li\u00ean k\u1ebft c\u1ee7a Zeolite <a href=\"https:\/\/zeolitemin.com\/vn\/zeolite-applications\/ammonia-removal-in-water\/\">amoniac<\/a> v\u00e0 amoni c\u00f3 li\u00ean quan \u0111\u1ebfn nh\u1eefng c\u1ea3i thi\u1ec7n t\u1ed5ng th\u1ec3 v\u1ec1 s\u1ee9c kh\u1ecfe v\u00e0 n\u0103ng su\u1ea5t c\u1ee7a l\u1ee3n. Trong t\u1ea1p ch\u00ed th\u1ee9c \u0103n ch\u0103n nu\u00f4i, c\u00e1c nghi\u00ean c\u1ee9u \u0111\u00e3 li\u00ean k\u1ebft clinoptilolite v\u1edbi vi\u1ec7c gi\u1ea3m n\u1ed3ng \u0111\u1ed9 amoniac trong huy\u1ebft thanh. Tr\u1ecdng l\u01b0\u1ee3ng c\u1ee7a c\u00e1c c\u01a1 quan li\u00ean quan \u0111\u1ebfn chuy\u1ec3n h\u00f3a amoniac (v\u00ed d\u1ee5 nh\u01b0 gan) gi\u1ea3m hi\u1ec7u qu\u1ea3 h\u01a1n khi gi\u1ea3m n\u1ed3ng \u0111\u1ed9 amoniac trong \u0111\u01b0\u1eddng ti\u00eau h\u00f3a.<\/p><h3>T\u0103ng tr\u1ecdng l\u01b0\u1ee3ng c\u1ee7a \u0111\u1ed9ng v\u1eadt sau khi s\u1eed d\u1ee5ng zeolite<\/h3><p>Trong m\u1ed9t nghi\u00ean c\u1ee9u \u0111\u00e1nh gi\u00e1 vi\u1ec7c s\u1eed d\u1ee5ng zeolite trong kh\u1ea9u ph\u1ea7n \u0103n c\u1ee7a l\u1ee3n trong kho\u1ea3ng th\u1eddi gian 80 ng\u00e0y, c\u00e1c nh\u00e0 nghi\u00ean c\u1ee9u r\u1ea5t ph\u1ea5n kh\u1edfi khi ph\u00e1t hi\u1ec7n ra r\u1eb1ng m\u1ee9c t\u0103ng tr\u1ecdng c\u1ee7a \u0111\u1ed9ng v\u1eadt non v\u00e0 tr\u01b0\u1edfng th\u00e0nh l\u1edbn h\u01a1n 25% so v\u1edbi nh\u1eefng con \u0103n theo ch\u1ebf \u0111\u1ed9 \u0103n ti\u00eau chu\u1ea9n. C\u00e1c k\u1ebft qu\u1ea3 c\u0169ng b\u00e1o c\u00e1o r\u1eb1ng \u201cth\u1ee9c \u0103n b\u1ed5 sung zeolit l\u00e0m t\u0103ng hi\u1ec7u qu\u1ea3 s\u1eed d\u1ee5ng th\u1ee9c \u0103n cao h\u01a1n kho\u1ea3ng 35% so v\u1edbi kh\u1ea9u ph\u1ea7n b\u00ecnh th\u01b0\u1eddng khi cho l\u1ee3n con \u0103n v\u00e0 6% cao h\u01a1n khi cho \u0111\u1ed9ng v\u1eadt gi\u00e0 h\u01a1n\u201d.\u00a0<\/p><p>C\u00e1c nh\u00e0 nghi\u00ean c\u1ee9u g\u1ee3i \u00fd r\u1eb1ng \u0111\u1ed9ng v\u1eadt \u0103n zeolit tr\u1ea3i qua qu\u00e1 tr\u00ecnh chuy\u1ec3n \u0111\u1ed5i nit\u01a1 trong th\u1ee9c \u0103n ch\u0103n nu\u00f4i th\u00e0nh dinh d\u01b0\u1ee1ng protein hi\u1ec7u qu\u1ea3 h\u01a1n v\u00e0 qu\u00e1 tr\u00ecnh ti\u00eau h\u00f3a di\u1ec5n ra tri\u1ec7t \u0111\u1ec3 h\u01a1n. Cu\u1ed1i c\u00f9ng, s\u1ef1 hi\u1ec7n di\u1ec7n c\u1ee7a zeolit trong kh\u1ea9u ph\u1ea7n \u0103n c\u1ee7a l\u1ee3n \u0111\u00e3 g\u00f3p ph\u1ea7n v\u00e0o s\u1ef1 kh\u1ecfe m\u1ea1nh c\u1ee7a \u0111\u1ed9ng v\u1eadt. T\u1ef7 l\u1ec7 ch\u1ebft v\u00e0 tr\u01b0\u1eddng h\u1ee3p m\u1eafc b\u1ec7nh th\u1ea5p h\u01a1n \u0111\u00e1ng k\u1ec3 \u0111\u1ed1i v\u1edbi \u0111\u1ed9ng v\u1eadt \u0111\u01b0\u1ee3c cho \u0103n ch\u1ebf \u0111\u1ed9 \u0103n ch\u1ee9a 6% clinoptilolite.<\/p><p>C\u00e1c nh\u00e0 nghi\u00ean c\u1ee9u \u0111\u00e3 ti\u1ebfn h\u00e0nh hai cu\u1ed9c th\u1eed nghi\u1ec7m \u0111\u1ec3 ki\u1ec3m tra \u1ea3nh h\u01b0\u1edfng c\u1ee7a zeolit clinoptilolite nh\u01b0 m\u1ed9t ch\u1ea5t ph\u1ee5 gia th\u1ee9c \u0103n cho l\u1ee3n. Th\u00ed nghi\u1ec7m \u0111\u1ea7u ti\u00ean \u0111\u00e3 ki\u1ec3m tra kh\u1ea3 n\u0103ng li\u00ean k\u1ebft amoni c\u1ee7a zeolit trong \u0111\u01b0\u1eddng ti\u00eau h\u00f3a m\u00f4 ph\u1ecfng v\u00e0 ph\u00e1t hi\u1ec7n ra r\u1eb1ng kho\u00e1ng ch\u1ea5t n\u00e0y v\u1eabn \u1ed5n \u0111\u1ecbnh, ngay c\u1ea3 \u1edf \u0111\u1ed9 pH 1,5.<span style=\"font-family: var( --e-global-typography-text-font-family ), Sans-serif; font-size: var( --e-global-typography-text-font-size ); font-weight: var( --e-global-typography-text-font-weight );\">Th\u1eed nghi\u1ec7m th\u1ee9 hai ki\u1ec3m tra b\u1ed1n m\u1ee9c clinoptilolite (0, 2%, 4% v\u00e0 6%) \u0111\u01b0\u1ee3c th\u00eam v\u00e0o 2 ch\u1ea5t l\u01b0\u1ee3ng th\u1ee9c \u0103n ti\u00eau chu\u1ea9n. C\u00e1c ph\u00e1t hi\u1ec7n cho th\u1ea5y s\u1ef1 c\u1ea3i thi\u1ec7n 5% trong kh\u1ea3 n\u0103ng ti\u00eau h\u00f3a th\u1ee9c \u0103n b\u1eb1ng c\u00e1ch s\u1eed d\u1ee5ng 4% clinoptilolite, b\u1ea5t k\u1ec3 lo\u1ea1i tr\u1ecdng l\u01b0\u1ee3ng c\u1ee7a l\u1ee3n tham gia th\u1eed nghi\u1ec7m.<\/span><\/p><p>\u1ea2nh h\u01b0\u1edfng c\u1ee7a Mycotoxin<\/p><p>Ngo\u00e0i vi\u1ec7c th\u00fac \u0111\u1ea9y s\u1ee9c kh\u1ecfe c\u1ee7a l\u1ee3n trong c\u00e1c h\u1ec7 ti\u00eau h\u00f3a, c\u00e1c nh\u00e0 nghi\u00ean c\u1ee9u \u0111\u00e3 ph\u00e1t hi\u1ec7n ra r\u1eb1ng <a href=\"https:\/\/www.xmzeolite.com\" rel=\"noopener\">zeolit<\/a> c\u0169ng c\u00f3 th\u1ec3 b\u1ea3o v\u1ec7 \u0111\u1ed9ng v\u1eadt ch\u1ed1ng l\u1ea1i t\u00e1c \u0111\u1ed9ng c\u1ee7a \u0111\u1ed9c t\u1ed1 n\u1ea5m m\u1ed1c c\u00f3 trong th\u1ee9c \u0103n ch\u0103n nu\u00f4i. Zearalenone, m\u1ed9t ch\u1ea5t chuy\u1ec3n h\u00f3a estrogen m\u1ea1nh, l\u00e0 m\u1ed9t ch\u1ea5t \u0111\u1ed9c \u0111\u01b0\u1ee3c t\u00ecm th\u1ea5y tr\u00ean c\u00e1c lo\u1ea1i c\u00e2y tr\u1ed3ng nh\u01b0 ng\u00f4, l\u00faa m\u1ea1ch, y\u1ebfn m\u1ea1ch v\u00e0 l\u00faa m\u00ec. N\u00f3 g\u00e2y ra m\u1ed1i quan t\u00e2m \u0111\u00e1ng k\u1ec3 \u0111\u1ed1i v\u1edbi c\u00e1c h\u1ed9 ch\u0103n nu\u00f4i l\u1ee3n v\u00ec n\u00f3 g\u00e2y ra v\u00f4 sinh, s\u1ea9y thai v\u00e0 c\u00e1c v\u1ea5n \u0111\u1ec1 v\u1ec1 ch\u0103n nu\u00f4i, \u0111\u1eb7c bi\u1ec7t l\u00e0 \u1edf c\u00e1c qu\u1ea7n th\u1ec3 l\u1ee3n. H\u1ecd ph\u00e1t hi\u1ec7n ra r\u1eb1ng khi cho l\u1ee3n n\u00e1i mang thai \u0103n ch\u1ea5t b\u1ed5 sung clinoptilolite v\u1edbi t\u1ef7 l\u1ec7 2%, kho\u00e1ng ch\u1ea5t n\u00e0y d\u01b0\u1eddng nh\u01b0 \u0111\u00f3ng vai tr\u00f2 b\u1ea3o v\u1ec7 ch\u1ed1ng l\u1ea1i t\u00e1c \u0111\u1ed9ng c\u1ee7a \u0111\u1ed9c t\u1ed1. Trong qu\u00e1 tr\u00ecnh nghi\u00ean c\u1ee9u, ch\u00fang t\u00f4i \u0111\u00e3 quan s\u00e1t th\u1ea5y s\u1ef1 c\u1ea3i thi\u1ec7n \u1edf t\u1ea5t c\u1ea3 c\u00e1c \u0111\u1eb7c \u0111i\u1ec3m n\u0103ng su\u1ea5t sinh s\u1ea3n ch\u1ec9 \u0111\u1ecbnh.<\/p>\t\t\t\t\t\t<\/div>\n\t\t\t\t<\/div>\n\t\t\t\t\t<\/div>\n\t\t<\/div>\n\t\t\t\t\t<\/div>\n\t\t<\/section>\n\t\t\t\t<section class=\"elementor-section elementor-top-section elementor-element elementor-element-1e46c071 elementor-section-boxed elementor-section-height-default elementor-section-height-default\" data-id=\"1e46c071\" data-element_type=\"section\" data-settings=\"{&quot;background_background&quot;:&quot;classic&quot;}\">\n\t\t\t\t\t\t<div class=\"elementor-container elementor-column-gap-default\">\n\t\t\t\t\t<div class=\"elementor-column elementor-col-100 elementor-top-column elementor-element elementor-element-28fae947\" data-id=\"28fae947\" data-element_type=\"column\">\n\t\t\t<div class=\"elementor-widget-wrap elementor-element-populated\">\n\t\t\t\t\t\t<div class=\"elementor-element elementor-element-271e6c26 elementor-widget elementor-widget-heading\" data-id=\"271e6c26\" data-element_type=\"widget\" data-widget_type=\"heading.default\">\n\t\t\t\t<div class=\"elementor-widget-container\">\n\t\t\t<h3 class=\"elementor-heading-title elementor-size-default\">Zeolite cho th\u1ee9c \u0103n ch\u0103n nu\u00f4i Zeolite t\u1ef1 nhi\u00ean v\u00e0 ng\u0103n ng\u1eeba c\u1eb7n b\u00e3<\/h3>\t\t<\/div>\n\t\t\t\t<\/div>\n\t\t\t\t<div class=\"elementor-element elementor-element-480c2d09 elementor-widget elementor-widget-text-editor\" data-id=\"480c2d09\" data-element_type=\"widget\" data-widget_type=\"text-editor.default\">\n\t\t\t\t<div class=\"elementor-widget-container\">\n\t\t\t\t\t\t\t<p>D\u1eef li\u1ec7u b\u00e1o c\u00e1o r\u1eb1ng vi\u1ec7c b\u1ed5 sung zeolite v\u00e0o ch\u1ebf \u0111\u1ed9 \u0103n u\u1ed1ng c\u1ee7a l\u1ee3n con b\u1ecb b\u1ec7nh v\u00e1ng \u0111\u1ea7u \u0111\u00e3 \u0111\u1ea3o ng\u01b0\u1ee3c c\u00e1c tri\u1ec7u ch\u1ee9ng trong v\u00f2ng v\u00e0i ng\u00e0y. Trong m\u1ed9t th\u1eed nghi\u1ec7m, heo con \u0111\u01b0\u1ee3c cho \u0103n ch\u1ebf \u0111\u1ed9 \u0103n c\u00f3 ch\u1ee9a zeolite 30% trong 15 ng\u00e0y, sau \u0111\u00f3 l\u00e0 zeolite 10% trong ph\u1ea7n c\u00f2n l\u1ea1i c\u1ee7a th\u1eed nghi\u1ec7m k\u00e9o d\u00e0i m\u1ed9t th\u00e1ng. M\u1ee9c \u0111\u1ed9 nghi\u00eam tr\u1ecdng c\u1ee7a c\u00e1c tri\u1ec7u ch\u1ee9ng gi\u1ea3m ngay l\u1eadp t\u1ee9c v\u00e0 sau 7 ng\u00e0y, ph\u00e2n c\u1ee9ng v\u00e0 b\u00ecnh th\u01b0\u1eddng. C\u00e1c nh\u00e0 nghi\u00ean c\u1ee9u \u0111\u00e3 kh\u00f4ng quan s\u00e1t th\u1ea5y c\u00e1c t\u00e1c \u0111\u1ed9ng \u0111\u1ebfn s\u1ee9c kh\u1ecfe do ti\u00eau th\u1ee5 nhi\u1ec1u zeolite v\u00e0 t\u1ea5t c\u1ea3 l\u1ee3n con \u0111\u1ec1u l\u1ea5y l\u1ea1i c\u1ea3m gi\u00e1c th\u00e8m \u0103n sau khi kh\u1ecfi b\u1ec7nh.<\/p><p>Trong khi zeolite c\u1ea3i thi\u1ec7n \u0111\u00e1ng k\u1ec3 s\u1ee9c kh\u1ecfe c\u1ee7a l\u1ee3n con b\u1ecb \u1ea3nh h\u01b0\u1edfng b\u1edfi c\u1eb7n b\u00e3, m\u1ed9t nghi\u00ean c\u1ee9u \u0111\u01b0\u1ee3c th\u1ef1c hi\u1ec7n t\u1ea1i tr\u1ea1m th\u00ed nghi\u1ec7m ch\u0103n nu\u00f4i cho th\u1ea5y c\u00f3 th\u1ec3 ng\u0103n ng\u1eeba b\u1ec7nh b\u1eb1ng c\u00e1ch cho l\u1ee3n n\u00e1i mang thai \u0103n 400 g clinoptilolite m\u1ed7i ng\u00e0y. Th\u1eed nghi\u1ec7m k\u00e9o d\u00e0i m\u1ed9t kho\u1ea3ng th\u1eddi gian t\u1eeb khi th\u1ee5 thai \u0111\u1ebfn khi k\u1ebft th\u00fac giai \u0111o\u1ea1n cai s\u1eefa 35 ng\u00e0y.<\/p><h3>Ch\u1ea5t \u0103n ki\u00eang \u0111\u01b0\u1ee3c h\u1ea5p ph\u1ee5 b\u1edfi b\u1ed9t Zeolite<\/h3><p>K\u1ebft lu\u1eadn nghi\u00ean c\u1ee9u li\u00ean k\u1ebft l\u1ee3i \u00edch trung t\u00e2m c\u1ee7a zeolite clinoptilolite v\u1edbi s\u1ee9c kh\u1ecfe \u0111\u01b0\u1eddng ru\u1ed9t v\u00e0 th\u00fac \u0111\u1ea9y c\u00e1c t\u1ebf b\u00e0o mi\u1ec5n d\u1ecbch ru\u1ed9t. Hi\u1ec7u su\u1ea5t t\u0103ng tr\u01b0\u1edfng v\u1eabn ngang b\u1eb1ng v\u1edbi l\u1ee3n con kh\u00f4ng \u0111\u01b0\u1ee3c cho \u0103n ch\u1ebf \u0111\u1ed9 \u0103n b\u1ed5 sung zeolite.<\/p><p>C\u00e1c nh\u00e0 nghi\u00ean c\u1ee9u b\u00e1o c\u00e1o r\u1eb1ng t\u00e1c d\u1ee5ng t\u0103ng s\u1ee9c s\u1ed1ng c\u1ee7a zeolit \u0111\u01b0\u1ee3c chuy\u1ec3n t\u1eeb m\u1eb9 sang con v\u00e0 l\u00e0m t\u0103ng t\u1ed1c \u0111\u1ed9 t\u0103ng tr\u01b0\u1edfng v\u00e0 t\u0103ng tr\u1ecdng c\u1ee7a heo con trong th\u1eddi k\u1ef3 cai s\u1eefa. Nh\u1eefng con th\u1eed nghi\u1ec7m n\u1eb7ng h\u01a1n 65 - 85% so v\u1edbi nh\u1eefng con kh\u00e1c v\u00e0o cu\u1ed1i th\u1eddi k\u1ef3 cai s\u1eefa. Ngo\u00e0i ra, nh\u1eefng con l\u1ee3n con trong nh\u00f3m th\u1eed nghi\u1ec7m h\u1ea7u nh\u01b0 kh\u00f4ng ph\u1ea3i ch\u1ecbu s\u1ef1 t\u1ea5n c\u00f4ng c\u1ee7a nh\u1eefng tr\u1eadn \u0111\u00f2n roi, trong khi nh\u1eefng con l\u1ee3n con kh\u00e1c sinh c\u00f9ng th\u1eddi \u0111i\u1ec3m b\u1ecb \u1ea3nh h\u01b0\u1edfng n\u1eb7ng n\u1ec1.<\/p><p>Heo con sau cai s\u1eefa c\u00f3 th\u1ec3 b\u1ecb nhi\u1ec5m tr\u00f9ng ho\u1eb7c vi\u00eam ru\u1ed9t non do ho\u1ea1t t\u00ednh c\u1ee7a enzym th\u1ea5p, m\u1ed9t t\u00ecnh tr\u1ea1ng th\u01b0\u1eddng \u0111i k\u00e8m v\u1edbi ti\u00eau ch\u1ea3y. C\u00e1c k\u1ef9 s\u01b0 ph\u00e1t hi\u1ec7n ra r\u1eb1ng zeolit clinoptilolite c\u00f3 th\u1ec3 h\u1ea5p th\u1ee5 c\u00e1c ch\u1ea5t trong ch\u1ebf \u0111\u1ed9 \u0103n u\u1ed1ng c\u00f3 li\u00ean quan \u0111\u1ebfn qu\u00e1 m\u1eabn c\u1ea3m c\u1ee7a ru\u1ed9t v\u00e0 kh\u00f4i ph\u1ee5c ho\u1ea1t \u0111\u1ed9ng c\u1ee7a enzym ti\u00eau h\u00f3a.<\/p><p>Khi zeolite \u0111\u01b0\u1ee3c s\u1eed d\u1ee5ng l\u00e0m ph\u1ee5 gia th\u1ee9c \u0103n, l\u1ee3n con m\u1edbi cai s\u1eefa \u00edt b\u1ecb h\u1ed9i ch\u1ee9ng ti\u00eau ch\u1ea3y h\u01a1n. \u0110\u1ec3 thay th\u1ebf cho ch\u1ea5t k\u00edch th\u00edch t\u0103ng tr\u01b0\u1edfng kh\u00e1ng sinh trong ch\u1ebf \u0111\u1ed9 \u0103n u\u1ed1ng, c\u00e1c nh\u00e0 nghi\u00ean c\u1ee9u \u0111\u00e3 ki\u1ec3m tra zeolite clinoptilolite v\u1ec1 hi\u1ec7u su\u1ea5t t\u0103ng tr\u01b0\u1edfng, s\u1ee9c kh\u1ecfe \u0111\u01b0\u1eddng ru\u1ed9t v\u00e0 c\u00e1c t\u1ebf b\u00e0o mi\u1ec5n d\u1ecbch ru\u1ed9t. M\u1ed9t nghi\u00ean c\u1ee9u \u0111\u00e3 ki\u1ec3m tra m\u1ed9t nh\u00f3m l\u1ee3n con \u0111\u01b0\u1ee3c cho \u0103n ch\u1ebf \u0111\u1ed9 \u0103n c\u00f3 b\u1ed5 sung clinoptilolite trong 5 tu\u1ea7n. k\u1ebft qu\u1ea3 ch\u1ec9 ra r\u1eb1ng \u0111i\u1ec3m s\u1ed1 m\u1ee9c \u0111\u1ed9 nghi\u00eam tr\u1ecdng ti\u00eau ch\u1ea3y c\u1ee7a ch\u00fang th\u1ea5p h\u01a1n 12,96% so v\u1edbi heo con kh\u00f4ng \u0111\u01b0\u1ee3c \u0111i\u1ec1u tr\u1ecb.<\/p>\t\t\t\t\t\t<\/div>\n\t\t\t\t<\/div>\n\t\t\t\t\t<\/div>\n\t\t<\/div>\n\t\t\t\t\t<\/div>\n\t\t<\/section>\n\t\t\t\t<section class=\"elementor-section elementor-top-section elementor-element elementor-element-abd9406 elementor-section-boxed elementor-section-height-default elementor-section-height-default\" data-id=\"abd9406\" data-element_type=\"section\" data-settings=\"{&quot;background_background&quot;:&quot;classic&quot;}\">\n\t\t\t\t\t\t<div class=\"elementor-container elementor-column-gap-default\">\n\t\t\t\t\t<div class=\"elementor-column elementor-col-25 elementor-top-column elementor-element elementor-element-db7f021\" data-id=\"db7f021\" data-element_type=\"column\">\n\t\t\t<div class=\"elementor-widget-wrap elementor-element-populated\">\n\t\t\t\t\t\t<div class=\"elementor-element elementor-element-3480ec8 elementor-widget elementor-widget-heading\" data-id=\"3480ec8\" data-element_type=\"widget\" data-widget_type=\"heading.default\">\n\t\t\t\t<div class=\"elementor-widget-container\">\n\t\t\t<h3 class=\"elementor-heading-title elementor-size-default\">H\u00e3y \u0111\u1ec3 Zeolites c\u1ee7a ch\u00fang t\u00f4i h\u1ed7 tr\u1ee3 doanh nghi\u1ec7p c\u1ee7a b\u1ea1n<\/h3>\t\t<\/div>\n\t\t\t\t<\/div>\n\t\t\t\t\t<\/div>\n\t\t<\/div>\n\t\t\t\t<div class=\"elementor-column elementor-col-25 elementor-top-column elementor-element elementor-element-b96084a\" data-id=\"b96084a\" data-element_type=\"column\">\n\t\t\t<div class=\"elementor-widget-wrap\">\n\t\t\t\t\t\t\t<\/div>\n\t\t<\/div>\n\t\t\t\t<div class=\"elementor-column elementor-col-25 elementor-top-column elementor-element elementor-element-77e60bf\" data-id=\"77e60bf\" data-element_type=\"column\">\n\t\t\t<div class=\"elementor-widget-wrap elementor-element-populated\">\n\t\t\t\t\t\t<div class=\"elementor-element elementor-element-e24e505 elementor-align-justify elementor-widget__width-initial elementor-widget elementor-widget-button\" data-id=\"e24e505\" data-element_type=\"widget\" data-widget_type=\"button.default\">\n\t\t\t\t<div class=\"elementor-widget-container\">\n\t\t\t\t\t<div class=\"elementor-button-wrapper\">\n\t\t\t<a class=\"elementor-button elementor-button-link elementor-size-sm\" href=\"https:\/\/zeolitemin.com\/vn\/make-an-inquire\/\">\n\t\t\t\t\t\t<span class=\"elementor-button-content-wrapper\">\n\t\t\t\t\t\t\t\t\t<span class=\"elementor-button-text\">Th\u1ef1c hi\u1ec7n m\u1ed9t cu\u1ed9c \u0111i\u1ec1u tra<\/span>\n\t\t\t\t\t<\/span>\n\t\t\t\t\t<\/a>\n\t\t<\/div>\n\t\t\t\t<\/div>\n\t\t\t\t<\/div>\n\t\t\t\t\t<\/div>\n\t\t<\/div>\n\t\t\t\t<div class=\"elementor-column elementor-col-25 elementor-top-column elementor-element elementor-element-b8fc965\" data-id=\"b8fc965\" data-element_type=\"column\">\n\t\t\t<div class=\"elementor-widget-wrap\">\n\t\t\t\t\t\t\t<\/div>\n\t\t<\/div>\n\t\t\t\t\t<\/div>\n\t\t<\/section>\n\t\t\t\t<\/div>","protected":false},"excerpt":{"rendered":"<p>Zeolite \u0111\u01b0\u1ee3c s\u1eed d\u1ee5ng l\u00e0m Ph\u1ee5 gia th\u1ee9c \u0103n ch\u0103n nu\u00f4i cho gia c\u1ea7m, gi\u00fap t\u0103ng hi\u1ec7u qu\u1ea3 s\u1eed d\u1ee5ng th\u1ee9c \u0103n v\u00e0 gi\u1ea3m n\u1ed3ng \u0111\u1ed9 amoniac trong chu\u1ed3ng gia c\u1ea7m. \u1ea2nh h\u01b0\u1edfng c\u1ee7a Zeolite t\u1ef1 nhi\u00ean \u0111\u1ed1i v\u1edbi s\u1ee9c kh\u1ecfe v\u00e0 dinh d\u01b0\u1ee1ng heo con. Trong nhi\u1ec1u tr\u01b0\u1eddng h\u1ee3p, zeolit clinoptilolite \u0111\u01b0\u1ee3c [\u2026]<\/p>","protected":false},"author":1,"featured_media":0,"parent":1588,"menu_order":2,"comment_status":"closed","ping_status":"closed","template":"elementor_header_footer","meta":{"footnotes":""},"class_list":["post-1921","page","type-page","status-publish","hentry"],"_links":{"self":[{"href":"https:\/\/zeolitemin.com\/vn\/wp-json\/wp\/v2\/pages\/1921","targetHints":{"allow":["GET"]}}],"collection":[{"href":"https:\/\/zeolitemin.com\/vn\/wp-json\/wp\/v2\/pages"}],"about":[{"href":"https:\/\/zeolitemin.com\/vn\/wp-json\/wp\/v2\/types\/page"}],"author":[{"embeddable":true,"href":"https:\/\/zeolitemin.com\/vn\/wp-json\/wp\/v2\/users\/1"}],"replies":[{"embeddable":true,"href":"https:\/\/zeolitemin.com\/vn\/wp-json\/wp\/v2\/comments?post=1921"}],"version-history":[{"count":0,"href":"https:\/\/zeolitemin.com\/vn\/wp-json\/wp\/v2\/pages\/1921\/revisions"}],"up":[{"embeddable":true,"href":"https:\/\/zeolitemin.com\/vn\/wp-json\/wp\/v2\/pages\/1588"}],"wp:attachment":[{"href":"https:\/\/zeolitemin.com\/vn\/wp-json\/wp\/v2\/media?parent=1921"}],"curies":[{"name":"wp","href":"https:\/\/api.w.org\/{rel}","templated":true}]}}