{"id":1911,"date":"2022-03-30T15:19:47","date_gmt":"2022-03-30T07:19:47","guid":{"rendered":"http:\/\/www.oklee.ga\/?page_id=1911"},"modified":"2022-11-09T14:31:43","modified_gmt":"2022-11-09T06:31:43","slug":"poultry-feed-additive","status":"publish","type":"page","link":"https:\/\/zeolitemin.com\/vn\/zeolite-applications\/poultry-feed-additive\/","title":{"rendered":"Ph\u1ee5 gia th\u1ee9c \u0103n gia c\u1ea7m"},"content":{"rendered":"<div data-elementor-type=\"wp-page\" data-elementor-id=\"1911\" class=\"elementor elementor-1911\" data-elementor-post-type=\"page\">\n\t\t\t\t\t\t<section class=\"elementor-section elementor-top-section elementor-element elementor-element-663a3e9d elementor-section-height-min-height elementor-section-boxed elementor-section-height-default elementor-section-items-middle\" data-id=\"663a3e9d\" data-element_type=\"section\" data-settings=\"{&quot;background_background&quot;:&quot;classic&quot;}\">\n\t\t\t\t\t\t<div class=\"elementor-container elementor-column-gap-default\">\n\t\t\t\t\t<div class=\"elementor-column elementor-col-100 elementor-top-column elementor-element elementor-element-1bf30fa1\" data-id=\"1bf30fa1\" data-element_type=\"column\">\n\t\t\t<div class=\"elementor-widget-wrap elementor-element-populated\">\n\t\t\t\t\t\t<div class=\"elementor-element elementor-element-51a73686 elementor-widget elementor-widget-heading\" data-id=\"51a73686\" data-element_type=\"widget\" data-widget_type=\"heading.default\">\n\t\t\t\t<div class=\"elementor-widget-container\">\n\t\t\t<h1 class=\"elementor-heading-title elementor-size-default\">Ph\u1ee5 gia th\u1ee9c \u0103n gia c\u1ea7m- T\u0103ng s\u1ed1 l\u01b0\u1ee3ng tr\u1ee9ng c\u00f3 th\u1ec3 ph\u00e2n lo\u1ea1i<\/h1>\t\t<\/div>\n\t\t\t\t<\/div>\n\t\t\t\t<div class=\"elementor-element elementor-element-3ff0801e elementor-widget elementor-widget-text-editor\" data-id=\"3ff0801e\" data-element_type=\"widget\" data-widget_type=\"text-editor.default\">\n\t\t\t\t<div class=\"elementor-widget-container\">\n\t\t\t\t\t\t\t<p>Zeolite \u0111\u01b0\u1ee3c s\u1eed d\u1ee5ng l\u00e0m ph\u1ee5 gia th\u1ee9c \u0103n ch\u0103n nu\u00f4i cho gia c\u1ea7m, gi\u00fap t\u0103ng hi\u1ec7u qu\u1ea3 s\u1eed d\u1ee5ng th\u1ee9c \u0103n v\u00e0 gi\u1ea3m m\u1ee9c amoniac trong chu\u1ed3ng gia c\u1ea7m<\/p>\t\t\t\t\t\t<\/div>\n\t\t\t\t<\/div>\n\t\t\t\t\t<\/div>\n\t\t<\/div>\n\t\t\t\t\t<\/div>\n\t\t<\/section>\n\t\t\t\t<section class=\"elementor-section elementor-top-section elementor-element elementor-element-149e67a elementor-section-boxed elementor-section-height-default elementor-section-height-default\" data-id=\"149e67a\" data-element_type=\"section\">\n\t\t\t\t\t\t<div class=\"elementor-container elementor-column-gap-default\">\n\t\t\t\t\t<div class=\"elementor-column elementor-col-100 elementor-top-column elementor-element elementor-element-ea15aa0\" data-id=\"ea15aa0\" data-element_type=\"column\">\n\t\t\t<div class=\"elementor-widget-wrap elementor-element-populated\">\n\t\t\t\t\t\t<div class=\"elementor-element elementor-element-3c3542f3 elementor-widget elementor-widget-heading\" data-id=\"3c3542f3\" data-element_type=\"widget\" data-widget_type=\"heading.default\">\n\t\t\t\t<div class=\"elementor-widget-container\">\n\t\t\t<h2 class=\"elementor-heading-title elementor-size-default\">Ph\u1ee5 gia th\u1ee9c \u0103n gia c\u1ea7m<\/h2>\t\t<\/div>\n\t\t\t\t<\/div>\n\t\t\t\t<div class=\"elementor-element elementor-element-975abc4 elementor-widget elementor-widget-heading\" data-id=\"975abc4\" data-element_type=\"widget\" data-widget_type=\"heading.default\">\n\t\t\t\t<div class=\"elementor-widget-container\">\n\t\t\t<h2 class=\"elementor-heading-title elementor-size-default\">S\u1eed d\u1ee5ng s\u1ef1 tr\u1ee3 gi\u00fap c\u1ee7a Zeolite \u0111\u1ec3 ph\u00e1t tri\u1ec3n gia c\u1ea7m<\/h2>\t\t<\/div>\n\t\t\t\t<\/div>\n\t\t\t\t<div class=\"elementor-element elementor-element-45ba471e elementor-widget elementor-widget-text-editor\" data-id=\"45ba471e\" data-element_type=\"widget\" data-widget_type=\"text-editor.default\">\n\t\t\t\t<div class=\"elementor-widget-container\">\n\t\t\t\t\t\t\t<figure id=\"attachment_1417\" aria-describedby=\"caption-attachment-1417\" style=\"width: 300px\" class=\"wp-caption alignleft\"><img fetchpriority=\"high\" decoding=\"async\" class=\"wp-image-1417 size-medium\" src=\"https:\/\/zeolitemin.com\/wp-content\/uploads\/2021\/08\/arsenic-based-chicken-feed-1200x800_c-300x200.jpg\" alt=\"Zeolite t\u1ef1 nhi\u00ean Clinoptilolite \u0111\u01b0\u1ee3c s\u1eed d\u1ee5ng l\u00e0m ph\u1ee5 gia th\u1ee9c \u0103n cho gia c\u1ea7m\" width=\"300\" height=\"200\" srcset=\"https:\/\/zeolitemin.com\/wp-content\/uploads\/2021\/08\/arsenic-based-chicken-feed-1200x800_c-300x200.jpg 300w, https:\/\/zeolitemin.com\/wp-content\/uploads\/2021\/08\/arsenic-based-chicken-feed-1200x800_c-1024x683.jpg 1024w, https:\/\/zeolitemin.com\/wp-content\/uploads\/2021\/08\/arsenic-based-chicken-feed-1200x800_c-768x512.jpg 768w, https:\/\/zeolitemin.com\/wp-content\/uploads\/2021\/08\/arsenic-based-chicken-feed-1200x800_c-800x533.jpg 800w, https:\/\/zeolitemin.com\/wp-content\/uploads\/2021\/08\/arsenic-based-chicken-feed-1200x800_c.jpg 1200w\" sizes=\"(max-width: 300px) 100vw, 300px\" \/><figcaption id=\"caption-attachment-1417\" class=\"wp-caption-text\">Zeolite t\u1ef1 nhi\u00ean nh\u01b0 m\u1ed9t ch\u1ea5t kh\u1eed m\u00f9i th\u00e2n thi\u1ec7n v\u1edbi m\u00f4i tr\u01b0\u1eddng<\/figcaption><\/figure><h3>HO\u1ea0T \u0110\u1ed8NG TH\u1ee8C \u0102N CHO GIA C\u1ea6M<\/h3><h3>ZEOLITE T\u0102NG HI\u1ec6U QU\u1ea2 TH\u1ee8C \u0102N V\u00c0 NGH\u1eca \u0110\u1ecaNH M\u1ee8C \u0110\u1ed8 AMMONIA TRONG NH\u00c0 \u1ede GIA C\u1ea6M<\/h3><p>Ng\u00e0y nay, gia c\u1ea7m ng\u00e0y c\u00e0ng quan tr\u1ecdng h\u01a1n \u0111\u1ed1i v\u1edbi th\u1ef1c ph\u1ea9m c\u1ee7a ch\u00fang ta, nh\u01b0ng n\u00f3 c\u0169ng mang l\u1ea1i m\u1ed9t s\u1ed1 v\u1ea5n \u0111\u1ec1 cho ng\u01b0\u1eddi n\u00f4ng d\u00e2n n\u00f4ng nghi\u1ec7p. M\u1ed9t s\u1ed1 n\u00f4ng d\u00e2n t\u1eadp trung v\u00e0o s\u1ee9c kho\u1ebb v\u1eadt nu\u00f4i v\u00e0 ph\u00e1t tri\u1ec3n t\u01b0\u01a1ng lai t\u1eebng b\u01b0\u1edbc. M\u1ee9c amoniac cao l\u00e0m gi\u1ea3m s\u1ea3n l\u01b0\u1ee3ng tr\u1ee9ng d\u1ea7n d\u1ea7n theo t\u1eebng l\u1edbp v\u00e0 h\u1ea1n ch\u1ebf s\u1ea3n l\u01b0\u1ee3ng trong c\u00e1c ho\u1ea1t \u0111\u1ed9ng ch\u0103n nu\u00f4i g\u00e0 th\u1ecbt. Nhi\u1ec1u c\u01a1 quan li\u00ean bang v\u00e0 ti\u1ec3u bang \u0111ang y\u00eau c\u1ea7u gi\u1ea3m m\u1ee9c amoniac. Th\u00f4ng th\u01b0\u1eddng, m\u1ee9c amoniac trong chu\u1ed3ng nu\u00f4i gia c\u1ea7m v\u01b0\u1ee3t qu\u00e1 100 ppm \u0111\u01b0\u1ee3c coi l\u00e0 g\u1ea7n g\u00e2y ch\u1ebft ng\u01b0\u1eddi v\u00e0 \u0111\u1ed9ng v\u1eadt. S\u1ef1 ra \u0111\u1eddi c\u1ee7a zeolit nh\u01b0 <a href=\"https:\/\/zeolitemin.com\/vn\/zeolite-applications\/animal-feed-ingredient\/\">ph\u1ee5 gia th\u1ee9c \u0103n<\/a> trong th\u1ee9c \u0103n ch\u0103n nu\u00f4i l\u00e0 ph\u01b0\u01a1ng ti\u1ec7n ki\u1ec3m so\u00e1t m\u00f9i hi\u1ec7u qu\u1ea3 nh\u1ea5t trong c\u00e1c ho\u1ea1t \u0111\u1ed9ng ch\u0103n nu\u00f4i gia c\u1ea7m.<\/p><p>Nhi\u1ec1u trang tr\u1ea1i \u1edf B\u1eafc M\u1ef9 \u0111\u00e3 lo\u1ea1i b\u1ecf h\u1ea7u h\u1ebft m\u00f9i h\u00f4i c\u1ee7a ch\u00fang v\u00e0 nh\u1eadn ra s\u1ee9c kh\u1ecfe v\u1eadt nu\u00f4i, ph\u00fac l\u1ee3i v\u00e0 s\u1ea3n xu\u1ea5t t\u1ed1t h\u01a1n b\u1eb1ng c\u00e1ch cho \u0103n zeolite 2% trong t\u1ed5ng t\u1ef7 l\u1ec7 (theo Tr\u1ecdng l\u01b0\u1ee3ng). M\u1ed9t l\u1edbp m\u1ecfng c\u1ee7a zeolit nh\u01b0 <a href=\"https:\/\/antenchem.com\" rel=\"noopener\">s\u00e0ng ph\u00e2n t\u1eed<\/a> n\u00ean b\u00f3n v\u00e0o khu v\u1ef1c ch\u1ea5t \u0111\u1ed9n chu\u1ed3ng ho\u1eb7c v\u00e0o ru\u1ed9ng \u0111\u00e3 b\u00f3n nhi\u1ec1u ph\u00e2n.<\/p><h3>S\u1eec D\u1ee4NG ZEOLITE L\u00c0M B\u1ed4 SUNG TH\u1ee8C \u0102N TRONG V\u1eacN H\u00c0NH G\u00c0<\/h3><div><figure id=\"attachment_1416\" aria-describedby=\"caption-attachment-1416\" style=\"width: 300px\" class=\"wp-caption alignright\"><img decoding=\"async\" class=\"wp-image-1416 size-medium\" src=\"https:\/\/zeolitemin.com\/wp-content\/uploads\/2021\/08\/chickens-eating-300x200.jpg\" alt=\"zeolit \u0111\u01b0\u1ee3c s\u1eed d\u1ee5ng l\u00e0m ph\u1ee5 gia th\u1ee9c \u0103n ch\u0103n nu\u00f4i gia c\u1ea7m, l\u1ee3n v\u00e0 b\u00f2\" width=\"300\" height=\"200\" srcset=\"https:\/\/zeolitemin.com\/wp-content\/uploads\/2021\/08\/chickens-eating-300x200.jpg 300w, https:\/\/zeolitemin.com\/wp-content\/uploads\/2021\/08\/chickens-eating.jpg 700w\" sizes=\"(max-width: 300px) 100vw, 300px\" \/><figcaption id=\"caption-attachment-1416\" class=\"wp-caption-text\">zeolit l\u00e0m t\u0103ng tr\u1ecdng l\u01b0\u1ee3ng gia c\u1ea7m v\u00e0 c\u1ea3i thi\u1ec7n s\u1ee9c kho\u1ebb v\u1eadt nu\u00f4i<\/figcaption><\/figure><\/div><p>S\u1eed d\u1ee5ng zeolite cho th\u1ea5y g\u00e0 Leghorn c\u1ea7n \u00edt th\u1ee9c \u0103n v\u00e0 n\u01b0\u1edbc h\u01a1n v\u00e0 v\u1eabn t\u0103ng c\u00e2n nhi\u1ec1u trong m\u1ed9t th\u1eed nghi\u1ec7m k\u00e9o d\u00e0i 2 tu\u1ea7n nh\u01b0 nh\u1eefng con g\u00e0 \u0111\u01b0\u1ee3c \u0103n ch\u1ebf \u0111\u1ed9 \u0103n \u0111\u1ed1i ch\u1ee9ng. Gi\u00e1 tr\u1ecb hi\u1ec7u qu\u1ea3 s\u1eed d\u1ee5ng th\u1ee9c \u0103n (FEV) cao h\u01a1n r\u00f5 r\u1ec7t \u1edf t\u1ea5t c\u1ea3 c\u00e1c m\u1ee9c thay th\u1ebf Zeolite. Th\u1ee9c \u0103n ch\u0103n nu\u00f4i c\u00f3 ch\u1ee9a zeolit mang l\u1ea1i hi\u1ec7u qu\u1ea3 cao h\u01a1n 20% so v\u1edbi nh\u1eefng th\u1ee9c \u0103n c\u00f3 kh\u1ea9u ph\u1ea7n b\u00ecnh th\u01b0\u1eddng.\u00a0<\/p><p>Ph\u00e2n c\u1ee7a c\u00e1c nh\u00f3m nh\u1eadn ch\u1ebf \u0111\u1ed9 \u0103n zeolit c\u00f3 \u0111\u1ed9 \u1ea9m th\u1ea5p h\u01a1n t\u1edbi 25% so v\u1edbi ph\u00e2n c\u1ee7a c\u00e1c nh\u00f3m \u0111\u1ed1i ch\u1ee9ng. C\u00e2n nh\u1eafc \u0111\u1ebfn 16,5% Protein th\u00f4 v\u00e0 66% ch\u1ea5t dinh d\u01b0\u1ee1ng ti\u00eau h\u00f3a. Ki\u1ec3m so\u00e1t Aflatoxin \u1edf Gia c\u1ea7m M\u1ed9t nghi\u00ean c\u1ee9u cho th\u1ea5y zeolite c\u00f3 hi\u1ec7u qu\u1ea3 v\u00e0 nhi\u1ec1u h\u01a1n l\u00e0 b\u00f9 \u0111\u1eafp c\u00e1c t\u00e1c \u0111\u1ed9ng b\u1ea5t l\u1ee3i \u0111\u1ed1i v\u1edbi th\u1ee9c \u0103n ch\u0103n nu\u00f4i b\u1ecb nhi\u1ec5m aflatoxin. G\u00e0 th\u1ecbt \u0111\u01b0\u1ee3c cho \u0103n 20 pound zeolite perton (1%) th\u1ee9c \u0103n th\u00e0nh ph\u1ea9m ch\u1ee9a 115 ppm aflatoxin cho th\u1ea5y kh\u1ea3 n\u0103ng chuy\u1ec3n h\u00f3a th\u1ee9c \u0103n \u0111\u01b0\u1ee3c c\u1ea3i thi\u1ec7n 5,8 \u0111i\u1ec3m v\u00e0 tr\u1ecdng l\u01b0\u1ee3ng c\u01a1 th\u1ec3 t\u0103ng 5,3 \u0111i\u1ec3m so v\u1edbi th\u1ee9c \u0103n \u0111\u1ed1i ch\u1ee9ng 115 ppm afatoxin. G\u00e0 th\u1ecbt \u0111\u01b0\u1ee3c cho \u0103n kh\u1ea9u ph\u1ea7n Zeolite ch\u1ee9a 115 ppm aftoxin c\u00f3 kh\u1ea3 n\u0103ng chuy\u1ec3n h\u00f3a th\u1ee9c \u0103n th\u1ea5p h\u01a1n.<\/p><p>C\u00e1c th\u1eed nghi\u1ec7m \u0111\u01b0\u1ee3c th\u1ef1c hi\u1ec7n tr\u00ean nh\u1eefng con Leghorns 48 ng\u00e0y tu\u1ed5i trong th\u1eddi gian 14 ng\u00e0y, 30 con \/ nh\u00f3m. Kh\u1ea9u ph\u1ea7n b\u00ecnh th\u01b0\u1eddng t\u0103ng 1,1 \u0111i\u1ec3m v\u00e0 tr\u1ecdng l\u01b0\u1ee3ng c\u01a1 th\u1ec3 cao h\u01a1n 3,7 \u0111i\u1ec3m so v\u1edbi g\u00e0 th\u1ecbt \u0111\u01b0\u1ee3c cho \u0103n kh\u1ea9u ph\u1ea7n kh\u00f4ng ch\u1ee9a zeolit v\u00e0 kh\u00f4ng c\u00f3 aflatoxin.<\/p>\t\t\t\t\t\t<\/div>\n\t\t\t\t<\/div>\n\t\t\t\t\t<\/div>\n\t\t<\/div>\n\t\t\t\t\t<\/div>\n\t\t<\/section>\n\t\t\t\t<section class=\"elementor-section elementor-top-section elementor-element elementor-element-41acdc82 elementor-section-boxed elementor-section-height-default elementor-section-height-default\" data-id=\"41acdc82\" data-element_type=\"section\" data-settings=\"{&quot;background_background&quot;:&quot;classic&quot;}\">\n\t\t\t\t\t\t<div class=\"elementor-container elementor-column-gap-default\">\n\t\t\t\t\t<div class=\"elementor-column elementor-col-100 elementor-top-column elementor-element elementor-element-4e831c21\" data-id=\"4e831c21\" data-element_type=\"column\">\n\t\t\t<div class=\"elementor-widget-wrap elementor-element-populated\">\n\t\t\t\t\t\t<div class=\"elementor-element elementor-element-1d6c9451 elementor-widget elementor-widget-heading\" data-id=\"1d6c9451\" data-element_type=\"widget\" data-widget_type=\"heading.default\">\n\t\t\t\t<div class=\"elementor-widget-container\">\n\t\t\t<h3 class=\"elementor-heading-title elementor-size-default\">L\u1ee3i \u00edch c\u1ee7a Ph\u1ee5 gia Th\u1ee9c \u0103n Ch\u0103n nu\u00f4i UZ-Min (D\u1ef1a tr\u00ean Clinoptilolite Zeolite)<\/h3>\t\t<\/div>\n\t\t\t\t<\/div>\n\t\t\t\t<div class=\"elementor-element elementor-element-26086ddf elementor-widget elementor-widget-text-editor\" data-id=\"26086ddf\" data-element_type=\"widget\" data-widget_type=\"text-editor.default\">\n\t\t\t\t<div class=\"elementor-widget-container\">\n\t\t\t\t\t\t\t<p>Ngo\u00e0i nhi\u1ec1u l\u1ee3i \u00edch \u0111\u01b0\u1ee3c n\u00eau trong T\u1ed5ng quan v\u1ec1 B\u1ed5 sung Ngu\u1ed3n c\u1ea5p d\u1eef li\u1ec7u \u1edf \u0111\u1ea7u ph\u1ea7n n\u00e0y, zeolite <a href=\"https:\/\/zeolitemin.com\/vn\/zeolite-applications\/natural-soil-amendment\/\">s\u1ef1 s\u1eeda \u0111\u1ed5i<\/a> trong th\u1ee9c \u0103n gia c\u1ea7m c\u0169ng c\u00f3:<\/p><p>T\u0103ng kh\u1ea3 n\u0103ng h\u00f2a tan c\u1ee7a photphat \u1edf chim. Zeolit trao \u0111\u1ed5i canxi t\u1eeb<br \/>Dicalcium phosphate v\u00e0 l\u00e0m cho phosphate h\u00f2a tan h\u01a1n v\u00e0 \u0111\u01b0\u1ee3c s\u1eed d\u1ee5ng t\u1ed1t h\u01a1n cho x\u01b0\u01a1ng.<\/p><p>Dicalcium phosphate trong th\u1ee9c \u0103n c\u00f3 th\u1ec3 gi\u1ea3m 50% sau khi th\u1eed nghi\u1ec7m<\/p><ul><li>T\u0103ng s\u1ed1 l\u01b0\u1ee3ng tr\u1ee9ng c\u00f3 th\u1ec3 ph\u00e2n lo\u1ea1i, \u0111\u1ed9 d\u00e0y v\u1ecf v\u00e0 s\u1ea3n l\u01b0\u1ee3ng tr\u1ee9ng<\/li><li>Gi\u1ea3m b\u1ecfng b\u00e0n ch\u00e2n do ph\u1ed1t pho<\/li><li>Gi\u1ea3m t\u1ef7 l\u1ec7 t\u1eed vong<\/li><li>T\u0103ng \u0111\u1ed9 d\u00e0y v\u1ecf<\/li><li>T\u0103ng h\u00e0m l\u01b0\u1ee3ng nit\u01a1 c\u1ee7a <a href=\"https:\/\/zeolitemin.com\/vn\/zeolite-applications\/manure-composting-odor-reduction\/\">ph\u00e2n<\/a> v\u00e0 ph\u00e2n tr\u1ed9n. Zeolite s\u1eeda l\u1ed7i <a href=\"https:\/\/zeolitemin.com\/vn\/zeolite-applications\/ammonia-removal-in-water\/\">nit\u01a1<\/a> trong ph\u00e2n v\u00e0 ph\u00e2n tr\u1ed9n \u0111\u1ec3 c\u00e2y c\u00f3 th\u1ec3 ti\u1ebfp c\u1eadn \u0111\u01b0\u1ee3c nh\u01b0ng kh\u00f4ng tan trong n\u01b0\u1edbc. N\u00f3 ng\u0103n ch\u1eb7n s\u1ef1 th\u1ea5t tho\u00e1t kh\u00ed c\u1ee7a nit\u01a1 d\u01b0\u1edbi d\u1ea1ng amoniac. Nhi\u1ec1u di\u1ec7n t\u00edch \u0111\u01b0\u1ee3c b\u00f3n nhi\u1ec1u l\u1ea7n b\u1eb1ng ph\u00e2n g\u00e0 nay l\u1ea1i g\u1eb7p v\u1ea5n \u0111\u1ec1 v\u1ec1 ph\u00e2n l\u00e2n. \u0110\u00e2y l\u00e0 k\u1ebft qu\u1ea3 c\u1ee7a s\u1ef1 m\u1ea5t c\u00e2n b\u1eb1ng nit\u01a1 \u0111\u1ed1i v\u1edbi th\u1ef1c v\u1eadt trong vi\u1ec7c h\u1ea5p th\u1ee5 ph\u1ed1t pho. V\u1ea5n \u0111\u1ec1 n\u00e0y c\u00f3 th\u1ec3 \u0111\u01b0\u1ee3c gi\u1ea3i quy\u1ebft b\u1eb1ng c\u00e1ch t\u0103ng l\u01b0\u1ee3ng nit\u01a1, b\u1eb1ng c\u00e1ch b\u1ed5 sung phytase v\u00e0o th\u1ee9c \u0103n \u0111\u1ec3 h\u00f2a tan photphat \u1edf gia c\u1ea7m.<\/li><li>N\u01b0\u1edbc r\u1eeda tr\u1ee9ng c\u00f3 th\u1ec3 \u0111\u01b0\u1ee3c t\u00e1i ch\u1ebf sau khi l\u1ecdc trong gi\u01b0\u1eddng zeolite \u0111\u1ec3 lo\u1ea1i b\u1ecf ch\u1ea5t r\u1eafn l\u01a1 l\u1eedng v\u00e0 vi khu\u1ea9n<\/li><\/ul>\t\t\t\t\t\t<\/div>\n\t\t\t\t<\/div>\n\t\t\t\t\t<\/div>\n\t\t<\/div>\n\t\t\t\t\t<\/div>\n\t\t<\/section>\n\t\t\t\t<section class=\"elementor-section elementor-top-section elementor-element elementor-element-50ef93df elementor-section-boxed elementor-section-height-default elementor-section-height-default\" data-id=\"50ef93df\" data-element_type=\"section\">\n\t\t\t\t\t\t<div class=\"elementor-container elementor-column-gap-default\">\n\t\t\t\t\t<div class=\"elementor-column elementor-col-100 elementor-top-column elementor-element elementor-element-55407621\" data-id=\"55407621\" data-element_type=\"column\">\n\t\t\t<div class=\"elementor-widget-wrap elementor-element-populated\">\n\t\t\t\t\t\t<section class=\"elementor-section elementor-inner-section elementor-element elementor-element-49a4128f elementor-section-boxed elementor-section-height-default elementor-section-height-default\" data-id=\"49a4128f\" data-element_type=\"section\" data-settings=\"{&quot;sticky&quot;:&quot;top&quot;,&quot;sticky_on&quot;:[&quot;desktop&quot;,&quot;tablet&quot;],&quot;sticky_parent&quot;:&quot;yes&quot;,&quot;sticky_offset&quot;:0,&quot;sticky_effects_offset&quot;:0}\">\n\t\t\t\t\t\t<div class=\"elementor-container elementor-column-gap-default\">\n\t\t\t\t\t<div class=\"elementor-column elementor-col-100 elementor-inner-column elementor-element elementor-element-623af20\" data-id=\"623af20\" data-element_type=\"column\" data-settings=\"{&quot;background_background&quot;:&quot;classic&quot;}\">\n\t\t\t<div class=\"elementor-widget-wrap elementor-element-populated\">\n\t\t\t\t\t\t<div class=\"elementor-element elementor-element-437e2d84 elementor-widget elementor-widget-heading\" data-id=\"437e2d84\" data-element_type=\"widget\" data-widget_type=\"heading.default\">\n\t\t\t\t<div class=\"elementor-widget-container\">\n\t\t\t<h2 class=\"elementor-heading-title elementor-size-default\">G\u1eedi y\u00eau c\u1ea7u c\u1ee7a b\u1ea1n ngay h\u00f4m nay<\/h2>\t\t<\/div>\n\t\t\t\t<\/div>\n\t\t\t\t<div class=\"elementor-element elementor-element-235d1e6 elementor-widget elementor-widget-template\" data-id=\"235d1e6\" data-element_type=\"widget\" data-widget_type=\"template.default\">\n\t\t\t\t<div class=\"elementor-widget-container\">\n\t\t\t\t\t<div class=\"elementor-template\">\n\t\t\t\t\t<div data-elementor-type=\"section\" data-elementor-id=\"213\" class=\"elementor elementor-213\" data-elementor-post-type=\"elementor_library\">\n\t\t\t\t\t<section class=\"elementor-section elementor-top-section elementor-element elementor-element-147d694 elementor-section-boxed elementor-section-height-default elementor-section-height-default\" data-id=\"147d694\" data-element_type=\"section\">\n\t\t\t\t\t\t<div class=\"elementor-container elementor-column-gap-default\">\n\t\t\t\t\t<div class=\"elementor-column elementor-col-100 elementor-top-column elementor-element elementor-element-8955c09\" data-id=\"8955c09\" data-element_type=\"column\">\n\t\t\t<div class=\"elementor-widget-wrap elementor-element-populated\">\n\t\t\t\t\t\t<div class=\"elementor-element elementor-element-5294796 elementor-button-align-stretch elementor-widget elementor-widget-global elementor-global-2532 elementor-widget-form\" data-id=\"5294796\" data-element_type=\"widget\" data-settings=\"{&quot;step_next_label&quot;:&quot;Next&quot;,&quot;step_previous_label&quot;:&quot;Previous&quot;,&quot;button_width&quot;:&quot;100&quot;,&quot;step_type&quot;:&quot;number_text&quot;,&quot;step_icon_shape&quot;:&quot;circle&quot;}\" data-widget_type=\"form.default\">\n\t\t\t\t<div class=\"elementor-widget-container\">\n\t\t\t\t\t<form class=\"elementor-form\" method=\"post\" name=\"New Form\" action=\"\">\n\t\t\t<input type=\"hidden\" name=\"post_id\" value=\"213\"\/>\n\t\t\t<input type=\"hidden\" name=\"form_id\" value=\"5294796\"\/>\n\t\t\t<input type=\"hidden\" name=\"referer_title\" value=\"\" \/>\n\n\t\t\t\n\t\t\t<div class=\"elementor-form-fields-wrapper elementor-labels-\">\n\t\t\t\t\t\t\t\t<div class=\"elementor-field-type-text elementor-field-group elementor-column elementor-field-group-name elementor-col-50 elementor-field-required\">\n\t\t\t\t\t\t\t\t\t\t\t\t\t<input size=\"1\" type=\"text\" name=\"form_fields[name]\" id=\"form-field-name\" class=\"elementor-field elementor-size-sm  elementor-field-textual\" placeholder=\"T\u00ean *\" required=\"required\" aria-required=\"true\">\n\t\t\t\t\t\t\t\t\t\t\t<\/div>\n\t\t\t\t\t\t\t\t<div class=\"elementor-field-type-email elementor-field-group elementor-column elementor-field-group-email elementor-col-50 elementor-field-required\">\n\t\t\t\t\t\t\t\t\t\t\t\t\t<input size=\"1\" type=\"email\" name=\"form_fields[email]\" id=\"form-field-email\" class=\"elementor-field elementor-size-sm  elementor-field-textual\" placeholder=\"Email *\" required=\"required\" aria-required=\"true\">\n\t\t\t\t\t\t\t\t\t\t\t<\/div>\n\t\t\t\t\t\t\t\t<div class=\"elementor-field-type-text elementor-field-group elementor-column elementor-field-group-yourcompany elementor-col-50 elementor-field-required\">\n\t\t\t\t\t\t\t\t\t\t\t\t\t<input size=\"1\" type=\"text\" name=\"form_fields[yourcompany]\" id=\"form-field-yourcompany\" class=\"elementor-field elementor-size-sm  elementor-field-textual\" placeholder=\"C\u00f4ng ty *\" required=\"required\" aria-required=\"true\">\n\t\t\t\t\t\t\t\t\t\t\t<\/div>\n\t\t\t\t\t\t\t\t<div class=\"elementor-field-type-tel elementor-field-group elementor-column elementor-field-group-phone elementor-col-50 elementor-field-required\">\n\t\t\t\t\t\t\t<input size=\"1\" type=\"tel\" name=\"form_fields[phone]\" id=\"form-field-phone\" class=\"elementor-field elementor-size-sm  elementor-field-textual\" placeholder=\"\u0110i\u1ec7n tho\u1ea1i *\" required=\"required\" aria-required=\"true\" pattern=\"[0-9()#&amp;+*-=.]+\" title=\"Ch\u1ec9 s\u1ed1 v\u00e0 k\u00fd t\u1ef1 \u0111i\u1ec7n tho\u1ea1i (#, -, *, v.v.) m\u1edbi \u0111\u01b0\u1ee3c ch\u1ea5p nh\u1eadn.\">\n\n\t\t\t\t\t\t<\/div>\n\t\t\t\t\t\t\t\t<div class=\"elementor-field-type-text elementor-field-group elementor-column elementor-field-group-country elementor-col-50 elementor-field-required\">\n\t\t\t\t\t\t\t\t\t\t\t\t\t<input size=\"1\" type=\"text\" name=\"form_fields[country]\" id=\"form-field-country\" class=\"elementor-field elementor-size-sm  elementor-field-textual\" placeholder=\"Qu\u1ed1c gia\" required=\"required\" aria-required=\"true\">\n\t\t\t\t\t\t\t\t\t\t\t<\/div>\n\t\t\t\t\t\t\t\t<div class=\"elementor-field-type-text elementor-field-group elementor-column elementor-field-group-yourmobile elementor-col-50 elementor-field-required\">\n\t\t\t\t\t\t\t\t\t\t\t\t\t<input size=\"1\" type=\"text\" name=\"form_fields[yourmobile]\" id=\"form-field-yourmobile\" class=\"elementor-field elementor-size-sm  elementor-field-textual\" placeholder=\"Di \u0111\u1ed9ng *\" required=\"required\" aria-required=\"true\">\n\t\t\t\t\t\t\t\t\t\t\t<\/div>\n\t\t\t\t\t\t\t\t<div class=\"elementor-field-type-textarea elementor-field-group elementor-column elementor-field-group-message elementor-col-100 elementor-field-required\">\n\t\t\t\t\t<textarea class=\"elementor-field-textual elementor-field  elementor-size-sm\" name=\"form_fields[message]\" id=\"form-field-message\" rows=\"4\" placeholder=\"Th\u00f4ng \u0111i\u1ec7p *\" required=\"required\" aria-required=\"true\"><\/textarea>\t\t\t\t<\/div>\n\t\t\t\t\t\t\t\t<div class=\"elementor-field-type-recaptcha elementor-field-group elementor-column elementor-field-group-field_recaptcha elementor-col-100\">\n\t\t\t\t\t<div class=\"elementor-field\" id=\"form-field-field_recaptcha\"><div class=\"elementor-g-recaptcha\" data-sitekey=\"6LdTXg0iAAAAAJQWCjxvpI7P0vJF3Al_7EIzWP9u\" data-type=\"v2_checkbox\" data-theme=\"light\" data-size=\"normal\"><\/div><\/div>\t\t\t\t<\/div>\n\t\t\t\t\t\t\t\t<div class=\"elementor-field-group elementor-column elementor-field-type-submit elementor-col-100 e-form__buttons\">\n\t\t\t\t\t<button class=\"elementor-button elementor-size-sm\" type=\"submit\">\n\t\t\t\t\t\t<span class=\"elementor-button-content-wrapper\">\n\t\t\t\t\t\t\t\t\t\t\t\t\t\t\t\t\t\t\t\t\t\t<span class=\"elementor-button-text\">G\u1eedi<\/span>\n\t\t\t\t\t\t\t\t\t\t\t\t\t<\/span>\n\t\t\t\t\t<\/button>\n\t\t\t\t<\/div>\n\t\t\t<\/div>\n\t\t<input type=\"hidden\" name=\"trp-form-language\" value=\"vn\"\/><\/form>\n\t\t\t\t<\/div>\n\t\t\t\t<\/div>\n\t\t\t\t\t<\/div>\n\t\t<\/div>\n\t\t\t\t\t<\/div>\n\t\t<\/section>\n\t\t\t\t<\/div>\n\t\t\t\t<\/div>\n\t\t\t\t<\/div>\n\t\t\t\t<\/div>\n\t\t\t\t\t<\/div>\n\t\t<\/div>\n\t\t\t\t\t<\/div>\n\t\t<\/section>\n\t\t\t\t\t<\/div>\n\t\t<\/div>\n\t\t\t\t\t<\/div>\n\t\t<\/section>\n\t\t\t\t<\/div>","protected":false},"excerpt":{"rendered":"<p>Zeolite \u0111\u01b0\u1ee3c s\u1eed d\u1ee5ng l\u00e0m ph\u1ee5 gia th\u1ee9c \u0103n ch\u0103n nu\u00f4i cho gia c\u1ea7m, gi\u00fap t\u0103ng hi\u1ec7u qu\u1ea3 s\u1eed d\u1ee5ng th\u1ee9c \u0103n v\u00e0 gi\u1ea3m n\u1ed3ng \u0111\u1ed9 amoniac trong chu\u1ed3ng gia c\u1ea7m. quan tr\u1ecdng \u0111\u1ed1i v\u1edbi th\u1ef1c ph\u1ea9m c\u1ee7a ch\u00fang ta, nh\u01b0ng n\u00f3 c\u0169ng mang l\u1ea1i m\u1ed9t s\u1ed1 [\u2026]<\/p>","protected":false},"author":1,"featured_media":1417,"parent":1557,"menu_order":3,"comment_status":"closed","ping_status":"closed","template":"elementor_header_footer","meta":{"footnotes":""},"class_list":["post-1911","page","type-page","status-publish","has-post-thumbnail","hentry"],"_links":{"self":[{"href":"https:\/\/zeolitemin.com\/vn\/wp-json\/wp\/v2\/pages\/1911","targetHints":{"allow":["GET"]}}],"collection":[{"href":"https:\/\/zeolitemin.com\/vn\/wp-json\/wp\/v2\/pages"}],"about":[{"href":"https:\/\/zeolitemin.com\/vn\/wp-json\/wp\/v2\/types\/page"}],"author":[{"embeddable":true,"href":"https:\/\/zeolitemin.com\/vn\/wp-json\/wp\/v2\/users\/1"}],"replies":[{"embeddable":true,"href":"https:\/\/zeolitemin.com\/vn\/wp-json\/wp\/v2\/comments?post=1911"}],"version-history":[{"count":0,"href":"https:\/\/zeolitemin.com\/vn\/wp-json\/wp\/v2\/pages\/1911\/revisions"}],"up":[{"embeddable":true,"href":"https:\/\/zeolitemin.com\/vn\/wp-json\/wp\/v2\/pages\/1557"}],"wp:featuredmedia":[{"embeddable":true,"href":"https:\/\/zeolitemin.com\/vn\/wp-json\/wp\/v2\/media\/1417"}],"wp:attachment":[{"href":"https:\/\/zeolitemin.com\/vn\/wp-json\/wp\/v2\/media?parent=1911"}],"curies":[{"name":"wp","href":"https:\/\/api.w.org\/{rel}","templated":true}]}}