{"id":1620,"date":"2022-03-24T16:53:46","date_gmt":"2022-03-24T08:53:46","guid":{"rendered":"http:\/\/www.oklee.ga\/?page_id=1620"},"modified":"2022-11-09T14:44:42","modified_gmt":"2022-11-09T06:44:42","slug":"construction","status":"publish","type":"page","link":"https:\/\/zeolitemin.com\/vn\/zeolite-applications\/construction\/","title":{"rendered":"S\u1ef1 thi c\u00f4ng"},"content":{"rendered":"<div data-elementor-type=\"wp-page\" data-elementor-id=\"1620\" class=\"elementor elementor-1620\" data-elementor-post-type=\"page\">\n\t\t\t\t\t\t<section class=\"elementor-section elementor-top-section elementor-element elementor-element-45882963 elementor-section-height-min-height elementor-section-content-middle elementor-section-boxed elementor-section-height-default elementor-section-items-middle\" data-id=\"45882963\" data-element_type=\"section\" data-settings=\"{&quot;background_background&quot;:&quot;classic&quot;}\">\n\t\t\t\t\t\t<div class=\"elementor-container elementor-column-gap-default\">\n\t\t\t\t\t<div class=\"elementor-column elementor-col-100 elementor-top-column elementor-element elementor-element-267d0003\" data-id=\"267d0003\" data-element_type=\"column\">\n\t\t\t<div class=\"elementor-widget-wrap elementor-element-populated\">\n\t\t\t\t\t\t<div class=\"elementor-element elementor-element-3393e923 elementor-widget elementor-widget-theme-post-title elementor-page-title elementor-widget-heading\" data-id=\"3393e923\" data-element_type=\"widget\" data-widget_type=\"theme-post-title.default\">\n\t\t\t\t<div class=\"elementor-widget-container\">\n\t\t\t<h1 class=\"elementor-heading-title elementor-size-default\">S\u1ef1 thi c\u00f4ng<\/h1>\t\t<\/div>\n\t\t\t\t<\/div>\n\t\t\t\t\t<\/div>\n\t\t<\/div>\n\t\t\t\t\t<\/div>\n\t\t<\/section>\n\t\t\t\t<section class=\"elementor-section elementor-top-section elementor-element elementor-element-ea73eb2 elementor-section-boxed elementor-section-height-default elementor-section-height-default\" data-id=\"ea73eb2\" data-element_type=\"section\">\n\t\t\t\t\t\t<div class=\"elementor-container elementor-column-gap-default\">\n\t\t\t\t\t<div class=\"elementor-column elementor-col-100 elementor-top-column elementor-element elementor-element-7e03e7b\" data-id=\"7e03e7b\" data-element_type=\"column\">\n\t\t\t<div class=\"elementor-widget-wrap elementor-element-populated\">\n\t\t\t\t\t\t<div class=\"elementor-element elementor-element-14357298 elementor-widget elementor-widget-heading\" data-id=\"14357298\" data-element_type=\"widget\" data-widget_type=\"heading.default\">\n\t\t\t\t<div class=\"elementor-widget-container\">\n\t\t\t<h2 class=\"elementor-heading-title elementor-size-default\">S\u1ef1 thi c\u00f4ng<\/h2>\t\t<\/div>\n\t\t\t\t<\/div>\n\t\t\t\t<div class=\"elementor-element elementor-element-de76a9b elementor-widget elementor-widget-text-editor\" data-id=\"de76a9b\" data-element_type=\"widget\" data-widget_type=\"text-editor.default\">\n\t\t\t\t<div class=\"elementor-widget-container\">\n\t\t\t\t\t\t\t<figure id=\"attachment_729\" aria-describedby=\"caption-attachment-729\" style=\"width: 300px\" class=\"wp-caption alignleft\"><img decoding=\"async\" class=\"wp-image-729 size-medium\" title=\"C\u1ea5u t\u1ea1o Clinoptilolite Zeolite t\u1ef1 nhi\u00ean\" src=\"https:\/\/zeolitemin.com\/wp-content\/uploads\/2022\/03\/zeolite-construction-300x113.jpg\" alt=\"C\u1ea5u t\u1ea1o Clinoptilolite Zeolite t\u1ef1 nhi\u00ean\" width=\"300\" height=\"113\" srcset=\"https:\/\/zeolitemin.com\/wp-content\/uploads\/2022\/03\/zeolite-construction-300x113.jpg 300w, https:\/\/zeolitemin.com\/wp-content\/uploads\/2022\/03\/zeolite-construction.jpg 480w\" sizes=\"(max-width: 300px) 100vw, 300px\" \/><figcaption id=\"caption-attachment-729\" class=\"wp-caption-text\">B\u1ed9t Zeolit l\u00e0 m\u1ed9t nh\u00f4m silicat t\u1ef1 nhi\u00ean v\u00e0 c\u00f3 th\u1ec3 \u0111\u01b0\u1ee3c s\u1eed d\u1ee5ng nh\u01b0 m\u1ed9t ch\u1ea5t pozzolan hi\u1ec7u qu\u1ea3 cao, n\u00f3 ti\u00eau th\u1ee5 canxi hydroxit CH v\u00e0 t\u1ea1o ra m\u1ed9t lo\u1ea1i gel CSH m\u1eadt \u0111\u1ed9 th\u1ea5p l\u1ea5p \u0111\u1ea7y c\u00e1c l\u1ed7 r\u1ed7ng b\u00ea t\u00f4ng do n\u01b0\u1edbc bay h\u01a1i \u0111\u1ec3 l\u1ea1i.<\/figcaption><\/figure><p>Zeolite \u0111\u00f3ng nhi\u1ec1u vai tr\u00f2 trong ng\u00e0nh x\u00e2y d\u1ef1ng bao g\u1ed3m t\u0103ng c\u01b0\u1eddng c\u00e1c t\u1ea5m ch\u1eafn b\u00ea t\u00f4ng v\u00e0 EMI, s\u01a1n an to\u00e0n v\u1edbi m\u00f4i tr\u01b0\u1eddng v\u00e0 th\u1eadm ch\u00ed c\u1ea3 c\u00e1c t\u1ea5m c\u00e1ch nhi\u1ec7t ch\u00e2n kh\u00f4ng. T\u1eeb xa x\u01b0a, tuff zeolit \u0111\u00e3 l\u00e0 m\u1ed9t ch\u1ea5t ph\u1ee5 gia \u0111\u01b0\u1ee3c s\u1eed d\u1ee5ng r\u1ed9ng r\u00e3i trong v\u1eadt li\u1ec7u x\u00e2y d\u1ef1ng. Trong ng\u00e0nh c\u00f4ng nghi\u1ec7p xi m\u0103ng, zeolit t\u1ef1 nhi\u00ean l\u00e0 m\u1ed9t lo\u1ea1i pozzolan ph\u1ed5 bi\u1ebfn (ph\u1ea3n \u1ee9ng v\u1edbi c\u00e1c ion canxi ho\u1eb7c hydroxit canxi khi c\u00f3 n\u01b0\u1edbc) \u0111\u01b0\u1ee3c s\u1eed d\u1ee5ng l\u00e0m v\u1eadt li\u1ec7u tr\u1ed9n xi m\u0103ng. Ngo\u00e0i ra, c\u00e1c tuff zeolit ch\u1ee9a c\u00e1c l\u1ed7 nh\u1ecf v\u00e0 c\u00e1c k\u00eanh c\u00f3 di\u1ec7n t\u00edch b\u1ec1 m\u1eb7t b\u00ean trong v\u00e0 b\u00ean ngo\u00e0i l\u1edbn, m\u1ed9t t\u00ednh n\u0103ng cho ph\u00e9p ch\u00fang h\u1ea5p th\u1ee5 t\u1edbi 30% tr\u1ecdng l\u01b0\u1ee3ng c\u1ee7a ch\u00fang trong n\u01b0\u1edbc (Markiv et al., 2014). C\u00f9ng v\u1edbi nhau, nh\u1eefng \u0111\u1eb7c t\u00ednh n\u00e0y cung c\u1ea5p ph\u1ee5 gia zeolit c\u00f3 kh\u1ea3 n\u0103ng t\u0103ng c\u01b0\u1eddng \u0111\u1ed9 n\u00e9n c\u1ee7a b\u00ea t\u00f4ng v\u00e0 t\u0103ng c\u01b0\u1eddng \u0111\u1ed9 b\u1ec1n b\u1eb1ng c\u00e1ch gi\u1ea3m t\u00ednh th\u1ea5m c\u1ee7a b\u00ea t\u00f4ng (Markiv v\u00e0 c\u1ed9ng s\u1ef1, 2014). , c\u1ea3 t\u1eeb quan \u0111i\u1ec3m kinh t\u1ebf v\u00e0 m\u00f4i tr\u01b0\u1eddng. <a href=\"https:\/\/zeolitemin.com\/vn\/zeolite-science\/what-is-the-best-zeolite\/\">Zeolit t\u1ef1 nhi\u00ean<\/a> l\u00e0 m\u1ed9t nguy\u00ean li\u1ec7u th\u00f4 \u0111\u00e3 \u0111\u01b0\u1ee3c ch\u1ee9ng minh l\u00e0 c\u00f3 hi\u1ec7u qu\u1ea3 nh\u01b0 m\u1ed9t ch\u1ea5t thay th\u1ebf m\u1ed9t ph\u1ea7n cho Portland <a href=\"https:\/\/zeolitemin.com\/vn\/products\/uz-min-cement-additives\/\">xi m\u0103ng<\/a>M\u1ed9t th\u1eed nghi\u1ec7m c\u1ee7a Sedlmajer et al. (2015) \u0111\u00e3 ki\u1ec3m tra c\u00e1c \u0111\u1eb7c t\u00ednh c\u1ee7a b\u00ea t\u00f4ng c\u00f3 ch\u1ee9a zeolit t\u1ef1 nhi\u00ean nh\u01b0 m\u1ed9t ph\u1ee5 gia ho\u1ea1t t\u00ednh trong b\u00ea t\u00f4ng.<\/p><h3>L\u1ee3i \u00edch t\u1ed1t nh\u1ea5t c\u1ee7a zeolite trong x\u00e2y d\u1ef1ng\u00a0<\/h3><p>\u00a0Zeolite nh\u01b0 m\u1ed9t <a href=\"https:\/\/antenchem.com\" rel=\"noopener\">s\u00e0ng ph\u00e2n t\u1eed<\/a> l\u00e0 m\u1ed9t kho\u00e1ng ch\u1ea5t t\u1ef1 nhi\u00ean. C\u00e1c nh\u00e0 nghi\u00ean c\u1ee9u \u0111\u00e3 t\u1ea1o ra c\u00e1c h\u1ed7n h\u1ee3p b\u00ea t\u00f4ng ri\u00eang l\u1ebb d\u1ef1a tr\u00ean s\u1ef1 gia t\u0103ng d\u1ea7n d\u1ea7n s\u1ef1 thay th\u1ebf xi m\u0103ng po\u00f3c l\u0103ng b\u1eb1ng zeolit t\u1ef1 nhi\u00ean. T\u1ea5t c\u1ea3 c\u00e1c ph\u1ee5 gia (c\u00f3 ch\u1ee9a zeolit) \u0111\u01b0\u1ee3c so s\u00e1nh v\u1edbi b\u00ea t\u00f4ng \u0111\u1ed1i ch\u1ee9ng ch\u1ec9 s\u1eed d\u1ee5ng xi m\u0103ng po\u00f3c l\u0103ng (Sedlmajer et al., 2015). Li\u1ec1u l\u01b0\u1ee3ng zeolit, ch\u1ee9a 45% clinoptilolit v\u00e0 35% pha v\u00f4 \u0111\u1ecbnh h\u00ecnh, n\u1eb1m trong kho\u1ea3ng 7,5 - 30% kh\u1ed1i l\u01b0\u1ee3ng xi m\u0103ng. c\u00e1c \u0111\u1eb7c t\u00ednh y\u00eau c\u1ea7u c\u1ee7a b\u00ea t\u00f4ng \u0111\u00e3 \u0111\u00f4ng c\u1ee9ng (Sedlmajer v\u00e0 c\u1ed9ng s\u1ef1, 2015). C\u00e1c nh\u00e0 nghi\u00ean c\u1ee9u k\u1ebft lu\u1eadn r\u1eb1ng \u201czeolite t\u1ef1 nhi\u00ean \u0111\u01b0\u1ee3c nghi\u1ec1n m\u1ecbn d\u01b0\u1eddng nh\u01b0 l\u00e0 m\u1ed9t nguy\u00ean li\u1ec7u th\u00f4 th\u00edch h\u1ee3p \u0111\u1ec3 s\u1ea3n xu\u1ea5t b\u00ea t\u00f4ng m\u00e0 c\u00f3 th\u1ec3 thay th\u1ebf m\u1ed9t ph\u1ea7n xi m\u0103ng Portland\u201d (Sedlmajer v\u00e0 c\u1ed9ng s\u1ef1, 2015, trang 528). M\u1ed9t b\u00e0i b\u00e1o c\u1ee7a Jana ( 2007) \u0111\u00e3 ki\u1ec3m tra zeolit clinoptilolite nh\u01b0 m\u1ed9t pozzolan v\u00e0 thay th\u1ebf cho xi m\u0103ng po\u00f3c l\u0103ng trong h\u1ed7n h\u1ee3p b\u00ea t\u00f4ng.\u00a0<\/p><p>C\u00e1c ph\u00e1t hi\u1ec7n ch\u1ec9 ra r\u1eb1ng c\u00e1c t\u00e1c \u0111\u1ed9ng \u0111\u00e1ng k\u1ec3 nh\u1ea5t c\u1ee7a zeolit l\u00e0 gi\u1ea3m t\u00ednh th\u1ea5m clorua, gi\u1ea3m \u0111\u00e1ng k\u1ec3 \u0111\u1ed9 gi\u00e3n n\u1edf do ph\u1ea3n \u1ee9ng k\u1ebft h\u1ee3p ki\u1ec1m v\u00e0 c\u1ea3i thi\u1ec7n kh\u1ea3 n\u0103ng ch\u1ed1ng l\u1ea1i s\u1ef1 t\u1ea5n c\u00f4ng c\u1ee7a axit v\u00e0 sunfat (Jana, 2007) .Ahmadi v\u00e0 Shekarchi (2009) \u0111\u00e3 ti\u1ebfn h\u00e0nh m\u1ed9t th\u00ed nghi\u1ec7m \u0111\u00e3 ki\u1ec3m tra hi\u1ec7u qu\u1ea3 c\u1ee7a zeolit v\u00e0 silica fume trong vi\u1ec7c t\u0103ng c\u01b0\u1eddng c\u00e1c \u0111\u1eb7c t\u00ednh c\u01a1 h\u1ecdc v\u00e0 \u0111\u1ed9 b\u1ec1n c\u1ee7a b\u00ea t\u00f4ng. H\u1ecd \u0111\u00e3 \u0111o c\u1ea3 kh\u1ea3 n\u0103ng ph\u1ea3n \u1ee9ng pozzolanic v\u00e0 kh\u1ea3 n\u0103ng thay th\u1ebf xi m\u0103ng theo c\u00e1c t\u1ef7 l\u1ec7 kh\u00e1c nhau trong h\u1ed7n h\u1ee3p b\u00ea t\u00f4ng. C\u00e1c th\u1eed nghi\u1ec7m th\u1ef1c nghi\u1ec7m bao g\u1ed3m \u0111\u1ed9 s\u1ee5t, c\u01b0\u1eddng \u0111\u1ed9 n\u00e9n, \u0111\u1ed9 h\u00fat n\u01b0\u1edbc, hi\u1ec7u su\u1ea5t oxy, s\u1ef1 khu\u1ebfch t\u00e1n clorua v\u00e0 \u0111i\u1ec7n tr\u1edf su\u1ea5t c\u1ee7a b\u00ea t\u00f4ng (Ahmadi &amp; Shekarchi, 2009). K\u1ebft qu\u1ea3 ch\u1ec9 ra r\u1eb1ng b\u00ea t\u00f4ng ch\u1ee9a zeolit c\u00f3 ch\u1ea5t l\u01b0\u1ee3ng t\u01b0\u01a1ng \u0111\u01b0\u01a1ng ho\u1eb7c cao h\u01a1n b\u00ea t\u00f4ng \u0111\u01b0\u1ee3c ch\u1ebf bi\u1ebfn b\u1eb1ng silica fume Ahmadi v\u00e0 Shekarchi (2009).<\/p><h3>L\u1ee2I \u00cdCH CH\u1ee6 Y\u1ebeU C\u1ee6A ZEOLITE TRONG S\u1ea2N XU\u1ea4T B\u00ca T\u00d4NG V\u00c0 B\u1ec6NH EMI<\/h3><p>N\u01b0\u1edbc l\u00e0 dung m\u00f4i ch\u00ednh cho xi m\u0103ng v\u00e0 \u0111\u1ea3m b\u1ea3o r\u1eb1ng c\u00e1c v\u1eadt li\u1ec7u nh\u01b0 c\u1ed1t li\u1ec7u, c\u1ed1t li\u1ec7u m\u1ecbn v\u00e0 ph\u1ee5 gia tr\u1ed9n \u0111\u1ec1u v\u1edbi nhau. Tuy nhi\u00ean, khi n\u01b0\u1edbc b\u1ed1c h\u01a1i t\u1eeb c\u00e1c l\u1ed7 r\u1ed7ng b\u00ea t\u00f4ng, n\u00f3 s\u1ebd \u0111\u1ec3 l\u1ea1i h\u00e0m l\u01b0\u1ee3ng r\u1ed7ng m\u00e0 cu\u1ed1i c\u00f9ng c\u00f3 th\u1ec3 l\u00e0m gi\u1ea3m c\u01b0\u1eddng \u0111\u1ed9 cu\u1ed1i c\u00f9ng c\u1ee7a s\u1ea3n ph\u1ea9m. K\u1ebft qu\u1ea3 cu\u1ed1i c\u00f9ng l\u00e0 t\u0103ng c\u01b0\u1eddng \u0111\u1ed9 ban \u0111\u1ea7u v\u00e0 c\u01b0\u1eddng \u0111\u1ed9 cu\u1ed1i c\u00f9ng c\u1ee7a b\u00ea t\u00f4ng. Zeolit l\u00e0 m\u1ed9t nh\u00f4m silicat t\u1ef1 nhi\u00ean v\u00e0 c\u00f3 th\u1ec3 \u0111\u01b0\u1ee3c s\u1eed d\u1ee5ng nh\u01b0 m\u1ed9t ch\u1ea5t pozzolan hi\u1ec7u qu\u1ea3 cao. Nghi\u00ean c\u1ee9u cho th\u1ea5y r\u1eb1ng n\u00f3 ti\u00eau th\u1ee5 canxi hydroxit (CH) v\u00e0 t\u1ea1o ra gel CSH m\u1eadt \u0111\u1ed9 th\u1ea5p l\u1ea5p \u0111\u1ea7y c\u00e1c l\u1ed7 r\u1ed7ng b\u00ea t\u00f4ng do n\u01b0\u1edbc bay h\u01a1i \u0111\u1ec3 l\u1ea1i. Qu\u00e1 tr\u00ecnh n\u00e0y l\u00e0m t\u0103ng c\u01b0\u1eddng \u0111\u1ed9 t\u1ed5ng th\u1ec3 v\u00e0 t\u00ednh \u0111\u1ed3ng nh\u1ea5t c\u1ee7a b\u00ea t\u00f4ng nh\u1eb9. Nghi\u00ean c\u1ee9u c\u0169ng \u0111\u00e3 ph\u00e1t hi\u1ec7n ra r\u1eb1ng th\u00e0nh ph\u1ea7n nh\u00f4m silicat zeolitemin \u2122 cung c\u1ea5p cho n\u00f3 c\u00e1c \u0111\u1eb7c t\u00ednh \u0111i\u1ec7n, h\u00f3a h\u1ecdc v\u00e0 nhi\u1ec7t ph\u1ea3n x\u1ea1 b\u1ee9c x\u1ea1 \u0111i\u1ec7n t\u1eeb. Do \u0111\u00f3, zeolite c\u00f3 th\u1ec3 \u0111\u01b0\u1ee3c s\u1eed d\u1ee5ng trong h\u1ed7n h\u1ee3p m\u1ef1c in v\u00e0 c\u00e1c ch\u1ebf ph\u1ea9m s\u01a1n \u0111\u1ec3 t\u1ea1o th\u00e0nh l\u1edbp ph\u1ee7 b\u1ea3o v\u1ec7 c\u1ee7a t\u1ea5m ch\u1eafn EMI. Nh\u1eefng r\u00e0o c\u1ea3n n\u00e0y b\u1ea3o v\u1ec7 ch\u1ed1ng l\u1ea1i s\u1ef1 gi\u00e1n \u0111o\u1ea1n ho\u1ea1t \u0111\u1ed9ng c\u1ee7a c\u00e1c thi\u1ebft b\u1ecb \u0111i\u1ec7n t\u1eed khi ch\u00fang ti\u1ebfp x\u00fac v\u1edbi tr\u01b0\u1eddng \u0111i\u1ec7n t\u1eeb. V\u1ec1 c\u01a1 b\u1ea3n, vi\u1ec7c s\u1eed d\u1ee5ng zeolite trong c\u00e1c t\u1ea5m ch\u1eafn EMI b\u1ea3o v\u1ec7 ch\u1ed1ng l\u1ea1i s\u1ef1 x\u00e1o tr\u1ed9n trong hi\u1ec7u su\u1ea5t thi\u1ebft b\u1ecb ho\u1eb7c s\u1ef1 suy gi\u1ea3m v\u00e0 m\u1ea5t m\u00e1t d\u1eef li\u1ec7u quan tr\u1ecdng.<\/p>\t\t\t\t\t\t<\/div>\n\t\t\t\t<\/div>\n\t\t\t\t\t<\/div>\n\t\t<\/div>\n\t\t\t\t\t<\/div>\n\t\t<\/section>\n\t\t\t\t<section class=\"elementor-section elementor-top-section elementor-element elementor-element-15bb2f31 elementor-section-boxed elementor-section-height-default elementor-section-height-default\" data-id=\"15bb2f31\" data-element_type=\"section\" data-settings=\"{&quot;background_background&quot;:&quot;classic&quot;}\">\n\t\t\t\t\t\t<div class=\"elementor-container elementor-column-gap-default\">\n\t\t\t\t\t<div class=\"elementor-column elementor-col-100 elementor-top-column elementor-element elementor-element-74455dd4\" data-id=\"74455dd4\" data-element_type=\"column\">\n\t\t\t<div class=\"elementor-widget-wrap elementor-element-populated\">\n\t\t\t\t\t\t<div class=\"elementor-element elementor-element-51853e6f elementor-widget elementor-widget-text-editor\" data-id=\"51853e6f\" data-element_type=\"widget\" data-widget_type=\"text-editor.default\">\n\t\t\t\t<div class=\"elementor-widget-container\">\n\t\t\t\t\t\t\t<div class=\"grid_3 grid_5\"><h4 class=\"bars\"><strong>L\u1ee2I \u00cdCH C\u1ee4 TH\u1ec2 C\u1ee6A \u1ee8NG D\u1ee4NG<\/strong><\/h4><div class=\"bs-docs-example\"><table class=\"table table-hover ke-zeroborder\"><tbody><tr><th>\u0110\u0102NG K\u00cd<\/th><th>L\u1ee2I \u00cdCH<\/th><\/tr><tr><td>B\u00ea t\u00f4ng nh\u1eb9<\/td><td>- Chi ph\u00ed th\u1ea5p h\u01a1n so v\u1edbi c\u00e1c lo\u1ea1i pozzolans kh\u00e1c bao g\u1ed3m c\u1ea3 silica fume<br \/>- T\u0103ng c\u01b0\u1eddng \u0111\u1ed9 ch\u1ecbu n\u00e9n c\u1ee7a b\u00ea t\u00f4ng<br \/>- T\u0103ng \u0111\u1ed9 b\u1ec1n c\u1ee7a b\u00ea t\u00f4ng<br \/>- C\u1ea3i thi\u1ec7n kh\u1ea3 n\u0103ng kh\u00e1ng h\u00f3a ch\u1ea5t trong c\u00e1c \u1ee9ng d\u1ee5ng n\u01b0\u1edbc m\u1eb7n<br \/>- Ch\u1ed1ng \u0103n m\u00f2n d\u01b0\u1edbi n\u01b0\u1edbc<br \/>- Gi\u1ea3m ph\u00e1t th\u1ea3i kh\u00ed nh\u00e0 k\u00ednh trong qu\u00e1 tr\u00ecnh s\u1ea3n xu\u1ea5t xi m\u0103ng<\/td><\/tr><tr><td>T\u1ea5m ch\u1eafn EMI<\/td><td>- Ti\u1ebft ki\u1ec7m chi ph\u00ed<br \/>- C\u1ea3i thi\u1ec7n t\u00ednh ch\u1ea5t c\u00e1ch nhi\u1ec7t<br \/>- Ph\u1ea3n x\u1ea1 b\u1ee9c x\u1ea1 \u0111i\u1ec7n t\u1eeb<br \/>- Hi\u1ec7u qu\u1ea3 cao trong l\u1edbp ph\u1ee7 d\u1eabn \u0111i\u1ec7n, g\u1ea1ch v\u00e0 v\u1ea3i<br \/>- Hi\u1ec7u qu\u1ea3 cao trong s\u01a1n d\u1eabn \u0111i\u1ec7n cho l\u1edbp ph\u1ee7 ch\u1ed1ng t\u0129nh \u0111i\u1ec7n<br \/>- Ch\u1ecbu \u0111\u01b0\u1ee3c axit v\u00e0 ki\u1ec1m<br \/>- Kh\u00f4ng h\u00f2a tan trong n\u01b0\u1edbc ho\u1eb7c c\u00e1c dung m\u00f4i kh\u00e1c<br \/>- Tr\u1ecdng l\u01b0\u1ee3ng nh\u1eb9, m\u1eadt \u0111\u1ed9 th\u1ea5p v\u00e0 c\u01b0\u1eddng \u0111\u1ed9 h\u1ea1t cao<\/td><\/tr><\/tbody><\/table><\/div><\/div>\t\t\t\t\t\t<\/div>\n\t\t\t\t<\/div>\n\t\t\t\t\t<\/div>\n\t\t<\/div>\n\t\t\t\t\t<\/div>\n\t\t<\/section>\n\t\t\t\t<section class=\"elementor-section elementor-top-section elementor-element elementor-element-6163d21d elementor-section-boxed elementor-section-height-default elementor-section-height-default\" data-id=\"6163d21d\" data-element_type=\"section\">\n\t\t\t\t\t\t<div class=\"elementor-container elementor-column-gap-default\">\n\t\t\t\t\t<div class=\"elementor-column elementor-col-100 elementor-top-column elementor-element elementor-element-d0e6ea4\" data-id=\"d0e6ea4\" data-element_type=\"column\">\n\t\t\t<div class=\"elementor-widget-wrap elementor-element-populated\">\n\t\t\t\t\t\t<section class=\"elementor-section elementor-inner-section elementor-element elementor-element-66e7cb44 elementor-section-boxed elementor-section-height-default elementor-section-height-default\" data-id=\"66e7cb44\" data-element_type=\"section\" data-settings=\"{&quot;sticky&quot;:&quot;top&quot;,&quot;sticky_on&quot;:[&quot;desktop&quot;,&quot;tablet&quot;],&quot;sticky_parent&quot;:&quot;yes&quot;,&quot;sticky_offset&quot;:0,&quot;sticky_effects_offset&quot;:0}\">\n\t\t\t\t\t\t<div class=\"elementor-container elementor-column-gap-default\">\n\t\t\t\t\t<div class=\"elementor-column elementor-col-100 elementor-inner-column elementor-element elementor-element-51ccd4c3\" data-id=\"51ccd4c3\" data-element_type=\"column\" data-settings=\"{&quot;background_background&quot;:&quot;classic&quot;}\">\n\t\t\t<div class=\"elementor-widget-wrap elementor-element-populated\">\n\t\t\t\t\t\t<div class=\"elementor-element elementor-element-aff0f4d elementor-widget elementor-widget-heading\" data-id=\"aff0f4d\" data-element_type=\"widget\" data-widget_type=\"heading.default\">\n\t\t\t\t<div class=\"elementor-widget-container\">\n\t\t\t<h2 class=\"elementor-heading-title elementor-size-default\">G\u1eedi y\u00eau c\u1ea7u c\u1ee7a b\u1ea1n ngay h\u00f4m nay<\/h2>\t\t<\/div>\n\t\t\t\t<\/div>\n\t\t\t\t<div class=\"elementor-element elementor-element-5446137e elementor-widget elementor-widget-template\" data-id=\"5446137e\" data-element_type=\"widget\" data-widget_type=\"template.default\">\n\t\t\t\t<div class=\"elementor-widget-container\">\n\t\t\t\t\t<div class=\"elementor-template\">\n\t\t\t\t\t<div data-elementor-type=\"section\" data-elementor-id=\"213\" class=\"elementor elementor-213\" data-elementor-post-type=\"elementor_library\">\n\t\t\t\t\t<section class=\"elementor-section elementor-top-section elementor-element elementor-element-147d694 elementor-section-boxed elementor-section-height-default elementor-section-height-default\" data-id=\"147d694\" data-element_type=\"section\">\n\t\t\t\t\t\t<div class=\"elementor-container elementor-column-gap-default\">\n\t\t\t\t\t<div class=\"elementor-column elementor-col-100 elementor-top-column elementor-element elementor-element-8955c09\" data-id=\"8955c09\" data-element_type=\"column\">\n\t\t\t<div class=\"elementor-widget-wrap elementor-element-populated\">\n\t\t\t\t\t\t<div class=\"elementor-element elementor-element-5294796 elementor-button-align-stretch elementor-widget elementor-widget-global elementor-global-2532 elementor-widget-form\" data-id=\"5294796\" data-element_type=\"widget\" data-settings=\"{&quot;step_next_label&quot;:&quot;Next&quot;,&quot;step_previous_label&quot;:&quot;Previous&quot;,&quot;button_width&quot;:&quot;100&quot;,&quot;step_type&quot;:&quot;number_text&quot;,&quot;step_icon_shape&quot;:&quot;circle&quot;}\" data-widget_type=\"form.default\">\n\t\t\t\t<div class=\"elementor-widget-container\">\n\t\t\t\t\t<form class=\"elementor-form\" method=\"post\" name=\"New Form\" action=\"\">\n\t\t\t<input type=\"hidden\" name=\"post_id\" value=\"213\"\/>\n\t\t\t<input type=\"hidden\" name=\"form_id\" value=\"5294796\"\/>\n\t\t\t<input type=\"hidden\" name=\"referer_title\" value=\"\" \/>\n\n\t\t\t\n\t\t\t<div class=\"elementor-form-fields-wrapper elementor-labels-\">\n\t\t\t\t\t\t\t\t<div class=\"elementor-field-type-text elementor-field-group elementor-column elementor-field-group-name elementor-col-50 elementor-field-required\">\n\t\t\t\t\t\t\t\t\t\t\t\t\t<input size=\"1\" type=\"text\" name=\"form_fields[name]\" id=\"form-field-name\" class=\"elementor-field elementor-size-sm  elementor-field-textual\" placeholder=\"T\u00ean *\" required=\"required\" aria-required=\"true\">\n\t\t\t\t\t\t\t\t\t\t\t<\/div>\n\t\t\t\t\t\t\t\t<div class=\"elementor-field-type-email elementor-field-group elementor-column elementor-field-group-email elementor-col-50 elementor-field-required\">\n\t\t\t\t\t\t\t\t\t\t\t\t\t<input size=\"1\" type=\"email\" name=\"form_fields[email]\" id=\"form-field-email\" class=\"elementor-field elementor-size-sm  elementor-field-textual\" placeholder=\"Email *\" required=\"required\" aria-required=\"true\">\n\t\t\t\t\t\t\t\t\t\t\t<\/div>\n\t\t\t\t\t\t\t\t<div class=\"elementor-field-type-text elementor-field-group elementor-column elementor-field-group-yourcompany elementor-col-50 elementor-field-required\">\n\t\t\t\t\t\t\t\t\t\t\t\t\t<input size=\"1\" type=\"text\" name=\"form_fields[yourcompany]\" id=\"form-field-yourcompany\" class=\"elementor-field elementor-size-sm  elementor-field-textual\" placeholder=\"C\u00f4ng ty *\" required=\"required\" aria-required=\"true\">\n\t\t\t\t\t\t\t\t\t\t\t<\/div>\n\t\t\t\t\t\t\t\t<div class=\"elementor-field-type-tel elementor-field-group elementor-column elementor-field-group-phone elementor-col-50 elementor-field-required\">\n\t\t\t\t\t\t\t<input size=\"1\" type=\"tel\" name=\"form_fields[phone]\" id=\"form-field-phone\" class=\"elementor-field elementor-size-sm  elementor-field-textual\" placeholder=\"\u0110i\u1ec7n tho\u1ea1i *\" required=\"required\" aria-required=\"true\" pattern=\"[0-9()#&amp;+*-=.]+\" title=\"Ch\u1ec9 s\u1ed1 v\u00e0 k\u00fd t\u1ef1 \u0111i\u1ec7n tho\u1ea1i (#, -, *, v.v.) m\u1edbi \u0111\u01b0\u1ee3c ch\u1ea5p nh\u1eadn.\">\n\n\t\t\t\t\t\t<\/div>\n\t\t\t\t\t\t\t\t<div class=\"elementor-field-type-text elementor-field-group elementor-column elementor-field-group-country elementor-col-50 elementor-field-required\">\n\t\t\t\t\t\t\t\t\t\t\t\t\t<input size=\"1\" type=\"text\" name=\"form_fields[country]\" id=\"form-field-country\" class=\"elementor-field elementor-size-sm  elementor-field-textual\" placeholder=\"Qu\u1ed1c gia\" required=\"required\" aria-required=\"true\">\n\t\t\t\t\t\t\t\t\t\t\t<\/div>\n\t\t\t\t\t\t\t\t<div class=\"elementor-field-type-text elementor-field-group elementor-column elementor-field-group-yourmobile elementor-col-50 elementor-field-required\">\n\t\t\t\t\t\t\t\t\t\t\t\t\t<input size=\"1\" type=\"text\" name=\"form_fields[yourmobile]\" id=\"form-field-yourmobile\" class=\"elementor-field elementor-size-sm  elementor-field-textual\" placeholder=\"Di \u0111\u1ed9ng *\" required=\"required\" aria-required=\"true\">\n\t\t\t\t\t\t\t\t\t\t\t<\/div>\n\t\t\t\t\t\t\t\t<div class=\"elementor-field-type-textarea elementor-field-group elementor-column elementor-field-group-message elementor-col-100 elementor-field-required\">\n\t\t\t\t\t<textarea class=\"elementor-field-textual elementor-field  elementor-size-sm\" name=\"form_fields[message]\" id=\"form-field-message\" rows=\"4\" placeholder=\"Th\u00f4ng \u0111i\u1ec7p *\" required=\"required\" aria-required=\"true\"><\/textarea>\t\t\t\t<\/div>\n\t\t\t\t\t\t\t\t<div class=\"elementor-field-type-recaptcha elementor-field-group elementor-column elementor-field-group-field_recaptcha elementor-col-100\">\n\t\t\t\t\t<div class=\"elementor-field\" id=\"form-field-field_recaptcha\"><div class=\"elementor-g-recaptcha\" data-sitekey=\"6LdTXg0iAAAAAJQWCjxvpI7P0vJF3Al_7EIzWP9u\" data-type=\"v2_checkbox\" data-theme=\"light\" data-size=\"normal\"><\/div><\/div>\t\t\t\t<\/div>\n\t\t\t\t\t\t\t\t<div class=\"elementor-field-group elementor-column elementor-field-type-submit elementor-col-100 e-form__buttons\">\n\t\t\t\t\t<button class=\"elementor-button elementor-size-sm\" type=\"submit\">\n\t\t\t\t\t\t<span class=\"elementor-button-content-wrapper\">\n\t\t\t\t\t\t\t\t\t\t\t\t\t\t\t\t\t\t\t\t\t\t<span class=\"elementor-button-text\">G\u1eedi<\/span>\n\t\t\t\t\t\t\t\t\t\t\t\t\t<\/span>\n\t\t\t\t\t<\/button>\n\t\t\t\t<\/div>\n\t\t\t<\/div>\n\t\t<input type=\"hidden\" name=\"trp-form-language\" value=\"vn\"\/><\/form>\n\t\t\t\t<\/div>\n\t\t\t\t<\/div>\n\t\t\t\t\t<\/div>\n\t\t<\/div>\n\t\t\t\t\t<\/div>\n\t\t<\/section>\n\t\t\t\t<\/div>\n\t\t\t\t<\/div>\n\t\t\t\t<\/div>\n\t\t\t\t<\/div>\n\t\t\t\t\t<\/div>\n\t\t<\/div>\n\t\t\t\t\t<\/div>\n\t\t<\/section>\n\t\t\t\t\t<\/div>\n\t\t<\/div>\n\t\t\t\t\t<\/div>\n\t\t<\/section>\n\t\t\t\t<\/div>","protected":false},"excerpt":{"rendered":"<p>Zeolite \u0111\u00f3ng nhi\u1ec1u vai tr\u00f2 trong ng\u00e0nh x\u00e2y d\u1ef1ng bao g\u1ed3m t\u0103ng c\u01b0\u1eddng b\u00ea t\u00f4ng v\u00e0 t\u1ea5m ch\u1eafn EMI, s\u01a1n an to\u00e0n sinh th\u00e1i v\u00e0 th\u1eadm ch\u00ed c\u1ea3 t\u1ea5m c\u00e1ch nhi\u1ec7t ch\u00e2n kh\u00f4ng. T\u1eeb xa x\u01b0a, tuff zeolit \u0111\u00e3 l\u00e0 m\u1ed9t ch\u1ea5t ph\u1ee5 gia \u0111\u01b0\u1ee3c s\u1eed d\u1ee5ng r\u1ed9ng r\u00e3i trong v\u1eadt li\u1ec7u x\u00e2y d\u1ef1ng. Trong ng\u00e0nh c\u00f4ng nghi\u1ec7p xi m\u0103ng, zeolit t\u1ef1 nhi\u00ean l\u00e0 m\u1ed9t lo\u1ea1i pozzolan ph\u1ed5 bi\u1ebfn (ph\u1ea3n \u1ee9ng v\u1edbi c\u00e1c ion canxi ho\u1eb7c canxi hydroxit trong [\u2026]<\/p>","protected":false},"author":1,"featured_media":729,"parent":1557,"menu_order":6,"comment_status":"closed","ping_status":"closed","template":"elementor_header_footer","meta":{"footnotes":""},"class_list":["post-1620","page","type-page","status-publish","has-post-thumbnail","hentry"],"_links":{"self":[{"href":"https:\/\/zeolitemin.com\/vn\/wp-json\/wp\/v2\/pages\/1620","targetHints":{"allow":["GET"]}}],"collection":[{"href":"https:\/\/zeolitemin.com\/vn\/wp-json\/wp\/v2\/pages"}],"about":[{"href":"https:\/\/zeolitemin.com\/vn\/wp-json\/wp\/v2\/types\/page"}],"author":[{"embeddable":true,"href":"https:\/\/zeolitemin.com\/vn\/wp-json\/wp\/v2\/users\/1"}],"replies":[{"embeddable":true,"href":"https:\/\/zeolitemin.com\/vn\/wp-json\/wp\/v2\/comments?post=1620"}],"version-history":[{"count":0,"href":"https:\/\/zeolitemin.com\/vn\/wp-json\/wp\/v2\/pages\/1620\/revisions"}],"up":[{"embeddable":true,"href":"https:\/\/zeolitemin.com\/vn\/wp-json\/wp\/v2\/pages\/1557"}],"wp:featuredmedia":[{"embeddable":true,"href":"https:\/\/zeolitemin.com\/vn\/wp-json\/wp\/v2\/media\/729"}],"wp:attachment":[{"href":"https:\/\/zeolitemin.com\/vn\/wp-json\/wp\/v2\/media?parent=1620"}],"curies":[{"name":"wp","href":"https:\/\/api.w.org\/{rel}","templated":true}]}}