{"id":1588,"date":"2022-03-24T16:09:02","date_gmt":"2022-03-24T08:09:02","guid":{"rendered":"http:\/\/www.oklee.ga\/?page_id=1588"},"modified":"2024-07-02T15:09:23","modified_gmt":"2024-07-02T07:09:23","slug":"animal-feed-ingredient","status":"publish","type":"page","link":"https:\/\/zeolitemin.com\/vn\/zeolite-applications\/animal-feed-ingredient\/","title":{"rendered":"Th\u00e0nh ph\u1ea7n th\u1ee9c \u0103n ch\u0103n nu\u00f4i"},"content":{"rendered":"<div data-elementor-type=\"wp-page\" data-elementor-id=\"1588\" class=\"elementor elementor-1588\" data-elementor-post-type=\"page\">\n\t\t\t\t\t\t<section class=\"elementor-section elementor-top-section elementor-element elementor-element-750ced67 elementor-section-height-min-height elementor-section-content-middle elementor-section-full_width elementor-section-height-default elementor-section-items-middle\" data-id=\"750ced67\" data-element_type=\"section\" data-settings=\"{&quot;background_background&quot;:&quot;classic&quot;}\">\n\t\t\t\t\t\t<div class=\"elementor-container elementor-column-gap-default\">\n\t\t\t\t\t<div class=\"elementor-column elementor-col-100 elementor-top-column elementor-element elementor-element-795f0314\" data-id=\"795f0314\" data-element_type=\"column\">\n\t\t\t<div class=\"elementor-widget-wrap elementor-element-populated\">\n\t\t\t\t\t\t<div class=\"elementor-element elementor-element-204cc54 elementor-widget elementor-widget-theme-post-title elementor-page-title elementor-widget-heading\" data-id=\"204cc54\" data-element_type=\"widget\" data-widget_type=\"theme-post-title.default\">\n\t\t\t\t<div class=\"elementor-widget-container\">\n\t\t\t<h1 class=\"elementor-heading-title elementor-size-default\">Th\u00e0nh ph\u1ea7n th\u1ee9c \u0103n ch\u0103n nu\u00f4i- C\u1ea3i thi\u1ec7n dinh d\u01b0\u1ee1ng \u0111\u1ea7y \u0111\u1ee7<\/h1>\t\t<\/div>\n\t\t\t\t<\/div>\n\t\t\t\t\t<\/div>\n\t\t<\/div>\n\t\t\t\t\t<\/div>\n\t\t<\/section>\n\t\t\t\t<section class=\"elementor-section elementor-top-section elementor-element elementor-element-66b31f28 elementor-section-stretched elementor-section-boxed elementor-section-height-default elementor-section-height-default\" data-id=\"66b31f28\" data-element_type=\"section\" data-settings=\"{&quot;stretch_section&quot;:&quot;section-stretched&quot;,&quot;background_background&quot;:&quot;classic&quot;}\">\n\t\t\t\t\t\t<div class=\"elementor-container elementor-column-gap-default\">\n\t\t\t\t\t<div class=\"elementor-column elementor-col-50 elementor-top-column elementor-element elementor-element-309eb8d8\" data-id=\"309eb8d8\" data-element_type=\"column\">\n\t\t\t<div class=\"elementor-widget-wrap elementor-element-populated\">\n\t\t\t\t\t\t<div class=\"elementor-element elementor-element-77b098b1 elementor-widget elementor-widget-image\" data-id=\"77b098b1\" data-element_type=\"widget\" data-widget_type=\"image.default\">\n\t\t\t\t<div class=\"elementor-widget-container\">\n\t\t\t\t\t\t\t\t\t\t\t\t\t<img fetchpriority=\"high\" decoding=\"async\" width=\"266\" height=\"190\" src=\"https:\/\/zeolitemin.com\/wp-content\/uploads\/2022\/03\/feed-Chickens.jpg\" class=\"attachment-large size-large wp-image-655\" alt=\"zeolit \u0111\u01b0\u1ee3c s\u1eed d\u1ee5ng l\u00e0m ph\u1ee5 gia th\u1ee9c \u0103n ch\u0103n nu\u00f4i trong th\u1ee9c \u0103n c\u1ee7a gia c\u1ea7m, l\u1ee3n v\u00e0 b\u00f2.\" \/>\t\t\t\t\t\t\t\t\t\t\t\t\t<\/div>\n\t\t\t\t<\/div>\n\t\t\t\t\t<\/div>\n\t\t<\/div>\n\t\t\t\t<div class=\"elementor-column elementor-col-50 elementor-top-column elementor-element elementor-element-7cc8c3af\" data-id=\"7cc8c3af\" data-element_type=\"column\">\n\t\t\t<div class=\"elementor-widget-wrap elementor-element-populated\">\n\t\t\t\t\t\t<div class=\"elementor-element elementor-element-52a5c74f elementor-widget elementor-widget-heading\" data-id=\"52a5c74f\" data-element_type=\"widget\" data-widget_type=\"heading.default\">\n\t\t\t\t<div class=\"elementor-widget-container\">\n\t\t\t<h2 class=\"elementor-heading-title elementor-size-default\">Th\u00e0nh ph\u1ea7n th\u1ee9c \u0103n ch\u0103n nu\u00f4i<\/h2>\t\t<\/div>\n\t\t\t\t<\/div>\n\t\t\t\t<div class=\"elementor-element elementor-element-76d188b1 elementor-widget elementor-widget-text-editor\" data-id=\"76d188b1\" data-element_type=\"widget\" data-widget_type=\"text-editor.default\">\n\t\t\t\t<div class=\"elementor-widget-container\">\n\t\t\t\t\t\t\t<p>L\u00f4 h\u00e0ng: Container \/ T\u00e0u s\u1ed1 l\u01b0\u1ee3ng l\u1edbn<br \/>Th\u1eddi gian giao h\u00e0ng: 10 ng\u00e0y sau PO<br \/>C\u00f4ng su\u1ea5t: 3500 MT \/ th\u00e1ng<br \/>\u0110\u00f3ng g\u00f3i: 25kgs \/ 50kgs \/ 700kgs<\/p>\t\t\t\t\t\t<\/div>\n\t\t\t\t<\/div>\n\t\t\t\t<div class=\"elementor-element elementor-element-18d998ff elementor-widget elementor-widget-text-editor\" data-id=\"18d998ff\" data-element_type=\"widget\" data-widget_type=\"text-editor.default\">\n\t\t\t\t<div class=\"elementor-widget-container\">\n\t\t\t\t\t\t\t<p>Ph\u01b0\u01a1ng ti\u1ec7n l\u1ecdc hi\u1ec7u qu\u1ea3 t\u1eeb 100% kho\u00e1ng ch\u1ea5t t\u1ef1 nhi\u00ean, ch\u1ea5t l\u01b0\u1ee3ng n\u01b0\u1edbc v\u01b0\u1ee3t tr\u1ed9i ch\u01b0a t\u1eebng c\u00f3 b\u1eb1ng c\u00e1c ph\u01b0\u01a1ng ph\u00e1p l\u1ecdc h\u1ed3 b\u01a1i truy\u1ec1n th\u1ed1ng<\/p>\t\t\t\t\t\t<\/div>\n\t\t\t\t<\/div>\n\t\t\t\t\t<\/div>\n\t\t<\/div>\n\t\t\t\t\t<\/div>\n\t\t<\/section>\n\t\t\t\t<section class=\"elementor-section elementor-top-section elementor-element elementor-element-5219520 elementor-section-boxed elementor-section-height-default elementor-section-height-default\" data-id=\"5219520\" data-element_type=\"section\">\n\t\t\t\t\t\t<div class=\"elementor-container elementor-column-gap-default\">\n\t\t\t\t\t<div class=\"elementor-column elementor-col-100 elementor-top-column elementor-element elementor-element-4ec489c\" data-id=\"4ec489c\" data-element_type=\"column\">\n\t\t\t<div class=\"elementor-widget-wrap elementor-element-populated\">\n\t\t\t\t\t\t<div class=\"elementor-element elementor-element-6f895fd elementor-widget elementor-widget-heading\" data-id=\"6f895fd\" data-element_type=\"widget\" data-widget_type=\"heading.default\">\n\t\t\t\t<div class=\"elementor-widget-container\">\n\t\t\t<h2 class=\"elementor-heading-title elementor-size-default\">Th\u00e0nh ph\u1ea7n th\u1ee9c \u0103n ch\u0103n nu\u00f4i<\/h2>\t\t<\/div>\n\t\t\t\t<\/div>\n\t\t\t\t<div class=\"elementor-element elementor-element-9b6135a elementor-widget elementor-widget-text-editor\" data-id=\"9b6135a\" data-element_type=\"widget\" data-widget_type=\"text-editor.default\">\n\t\t\t\t<div class=\"elementor-widget-container\">\n\t\t\t\t\t\t\t<h3>B\u1ed4 SUNG TH\u1ee8C \u0102N CHO \u0110\u1ed8NG V\u1eacT ZEOLITE<\/h3><p>C\u00f3 r\u1ea5t nhi\u1ec1u l\u1ee3i \u00edch khi \u1ee9ng d\u1ee5ng zeolite clinoptilolite trong ph\u1ee5 gia th\u1ee9c \u0103n ch\u0103n nu\u00f4i. <a href=\"https:\/\/zeolitemin.com\/vn\/zeolite-science\/what-is-the-best-zeolite\/\">Zeolite<\/a> clinoptilolite \u0111\u01b0\u1ee3c ng\u01b0\u1eddi ch\u0103n nu\u00f4i s\u1eed d\u1ee5ng r\u1ed9ng r\u00e3i l\u00e0m ph\u1ee5 gia th\u1ee9c \u0103n ch\u0103n nu\u00f4i cho b\u00f2 th\u1ecbt, b\u00f2 s\u1eefa, l\u1ee3n, gia c\u1ea7m (g\u00e0 th\u1ecbt &amp; s\u1ea3n xu\u1ea5t tr\u1ee9ng), v\u00e0 c\u1eebu. V\u00ec zeolite clinoptilolite l\u00e0 kho\u00e1ng ch\u1ea5t t\u1ef1 nhi\u00ean, t\u00edch \u0111i\u1ec7n \u00e2m duy nh\u1ea5t tr\u00ean th\u1ebf gi\u1edbi, n\u00ean m\u1ed9t s\u1ed1 l\u01b0\u1ee3ng l\u1edbn c\u00e1c l\u1ee3i \u00edch trong qu\u00e1 tr\u00ecnh th\u1ee9c \u0103n ch\u0103n nu\u00f4i c\u00f3 th\u1ec3 l\u00e0 k\u1ebft qu\u1ea3 c\u1ee7a h\u00f3a h\u1ecdc c\u01a1 b\u1ea3n c\u1ee7a zeolite <a href=\"https:\/\/zeolitemin.com\/vn\/zeolite-science\/what-is-natural-clinoptilolite\/\">clinoptilolit<\/a> nh\u01b0 m\u1ed9t ch\u1ea5t ph\u1ee5 gia th\u1ee9c \u0103n ch\u0103n nu\u00f4i.<\/p><p>Zeolite clinoptilolite \u0111\u01b0\u1ee3c ch\u1ee9ng nh\u1eadn h\u1eefu c\u01a1, \u1ed5n \u0111\u1ecbnh v\u00e0 kh\u00f4ng \u0111\u1ed9c h\u1ea1i. \u0110i\u1ec1u n\u00e0y, k\u1ebft h\u1ee3p v\u1edbi c\u00e1c \u0111\u1eb7c t\u00ednh \u0111\u1ed9c \u0111\u00e1o kh\u00e1c c\u1ee7a ch\u00fang, cho ph\u00e9p ch\u00fang \u0111\u01b0\u1ee3c s\u1eed d\u1ee5ng l\u00e0m ph\u1ee5 gia th\u1ee9c \u0103n ch\u0103n nu\u00f4i v\u1edbi nhi\u1ec1u l\u1ee3i \u00edch b\u1ed5 sung. Ph\u1ee5 gia th\u1ee9c \u0103n ch\u0103n nu\u00f4i zeolite c\u0169ng s\u1ebd h\u1ea5p th\u1ee5 m\u00f9i t\u1eeb ng\u0169 c\u1ed1c h\u01b0 h\u1ecfng ho\u1eb7c ng\u0169 c\u1ed1c th\u1ee9c \u0103n ch\u0103n nu\u00f4i v\u00e0 s\u1ebd l\u00e0m gi\u1ea3m \u0111\u00e1ng k\u1ec3 m\u00f9i h\u00f4i trong c\u00e1c c\u01a1 s\u1edf ch\u0103n nu\u00f4i kh\u00e9p k\u00edn.<\/p><ul><li>C\u1ea3i thi\u1ec7n s\u1ef1 t\u0103ng tr\u01b0\u1edfng v\u00e0 t\u0103ng tr\u1ecdng c\u1ee7a v\u1eadt nu\u00f4i nh\u1edd t\u0103ng hi\u1ec7u qu\u1ea3 t\u1ef7 l\u1ec7 chuy\u1ec3n h\u00f3a th\u1ee9c \u0103n (c\u1ea7n \u00edt th\u1ee9c \u0103n h\u01a1n cho m\u1ed7i pound T\u0103ng tr\u1ecdng)<\/li><li>\u00c1i l\u1ef1c m\u1ea1nh v\u1edbi amoni gi\u00fap ki\u1ec3m so\u00e1t m\u00f9i v\u01b0\u1ee3t tr\u1ed9i v\u00e0 m\u1ed9t m\u00f4i tr\u01b0\u1eddng trong l\u00e0nh. \u0110\u1ed3ng th\u1eddi b\u1ea3o v\u1ec7 s\u1ef1 x\u00e2m nh\u1eadp c\u1ee7a amoniac v\u00e0o m\u00e1u<\/li><li>Zeolite clinoptilolite l\u00e0 ch\u1ea5t \u0111\u1ec7m trong d\u1ea1 c\u1ecf cho t\u1ed5ng \u0111\u01b0\u1eddng ti\u00eau h\u00f3a c\u1ee7a gia s\u00fac c\u00f3 n\u0103ng su\u1ea5t cao. CEC cao h\u01a1n c\u00f3 ngh\u0129a l\u00e0 nhi\u1ec1u b\u1ed9 \u0111\u1ec7m h\u01a1n (xem tr\u01b0\u1eddng h\u1ee3p th\u1ef1c t\u1ebf b\u00ean d\u01b0\u1edbi)<\/li><li>Gi\u1ea3m c\u1eb7n b\u00e3, nhi\u1ec5m toan, ti\u00eau ch\u1ea3y, vi\u00eam ru\u1ed9t v\u00e0 c\u00e1c b\u1ec7nh \u0111\u01b0\u1eddng ti\u00eau h\u00f3a kh\u00e1c<\/li><li>\u00c1i l\u1ef1c m\u1ea1nh v\u1edbi amoni gi\u00fap h\u1ed7 tr\u1ee3 ti\u00eau h\u00f3a v\u00e0 h\u1ea5p th\u1ee5 ch\u1ea5t dinh d\u01b0\u1ee1ng v\u00e0 c\u1ea3i thi\u1ec7n gi\u00e1 tr\u1ecb c\u1ee7a s\u1eefa, tr\u1ee9ng ph\u00e2n lo\u1ea1i v\u00e0 ch\u1ec9 s\u1ed1 th\u1ecbt<\/li><li>c\u1ea3i thi\u1ec7n s\u1ef1 ph\u00e2n t\u00e1n c\u1ee7a c\u00e1c th\u00e0nh ph\u1ea7n trong kh\u1ea9u ph\u1ea7n th\u1ee9c \u0103n b\u1eb1ng c\u00e1ch gi\u1ea3m s\u1ef1 k\u1ebft t\u1ee5<\/li><li>t\u0103ng NPN cho gia s\u00fac nhai l\u1ea1i v\u00e0 c\u1ea3i thi\u1ec7n ho\u1ea1t \u0111\u1ed9ng c\u1ee7a vi sinh v\u1eadt d\u1ea1 c\u1ecf (xem ph\u1ea7n ti\u1ebfp theo)<\/li><li>S\u1eed d\u1ee5ng ph\u1ed1t ph\u00e1t t\u1ed1t h\u01a1n<\/li><li>T\u0103ng c\u01b0\u1eddng t\u00e1c d\u1ee5ng c\u1ee7a carbamide trong th\u1ee9c \u0103n gia s\u00fac. H\u1ea5p th\u1ee5 NH4 + \u0111\u01b0\u1ee3c gi\u1ea3i ph\u00f3ng b\u1eb1ng c\u00e1ch th\u1ee7y ph\u00e2n cacbamit<\/li><li>Gi\u1ea3m nhi\u1ec5m toan (ng\u1ed9 \u0111\u1ed9c ng\u0169 c\u1ed1c)<\/li><li>T\u00e1c nh\u00e2n ch\u1ed1ng \u0111\u00f4ng \/ ch\u1ea3y cho th\u1ee9c \u0103n v\u00e0 t\u0103ng \u0111\u1ed9 b\u1ec1n c\u1ee7a vi\u00ean th\u1ee9c \u0103n<\/li><li>C\u1ea3i thi\u1ec7n s\u1ef1 ph\u00e1t tri\u1ec3n c\u1ee7a x\u01b0\u01a1ng<\/li><li>Gi\u1ea3m t\u1ef7 l\u1ec7 t\u1eed vong<\/li><li>Kh\u00f4ng c\u00f3 gi\u00e1 tr\u1ecb nhi\u1ec7t l\u01b0\u1ee3ng v\u00e0 kh\u00f4ng ph\u1ea3i l\u00e0 m\u1ed9t li\u1ec7u ph\u00e1p<\/li><li>\u0110\u01b0\u1ee3c ch\u1ea5p thu\u1eadn s\u1eed d\u1ee5ng trong ph\u1ee5 gia th\u1ee9c \u0103n ch\u0103n nu\u00f4i<\/li><li>Ch\u1ea5t k\u1ebft d\u00ednh Myco-Toxin.\u00a0<\/li><\/ul><p>\u00a0<\/p><p>Zeolite clinoptilolite \u0111\u01b0\u1ee3c EU ch\u1ea5p thu\u1eadn s\u1eed d\u1ee5ng trong ng\u00e0nh ch\u0103n nu\u00f4i l\u1ee3n v\u00e0 gia c\u1ea7m. M\u1eb7c d\u00f9 hi\u1ec7n kh\u00f4ng \u0111\u01b0\u1ee3c ch\u1ea5p thu\u1eadn \u1edf B\u1eafc M\u1ef9 \u0111\u1ec3 g\u1eafn k\u1ebft \u0111\u1ed9c t\u1ed1 n\u1ea5m m\u1ed1c, zeolit l\u00e0 ti\u00eau chu\u1ea9n cho ch\u1ea5t k\u1ebft d\u00ednh \u0111\u1ed9c t\u1ed1 n\u1ea5m m\u1ed1c \u1edf nhi\u1ec1u qu\u1ed1c gia v\u00e0 c\u1ea3 Ch\u00e2u \u00c2u b\u1eb1ng c\u00e1ch h\u1ea5p th\u1ee5 m\u1ed9t Ph\u1ed5 \u0111\u1ed9c t\u1ed1 r\u1ed9ng. N\u00f3 c\u0169ng gi\u00fap ki\u1ec3m so\u00e1t aflatoxin trong th\u1ee9c \u0103n ch\u0103n nu\u00f4i, l\u00e0m gi\u1ea3m t\u1ef7 l\u1ec7 t\u1eed vong do c\u0103ng th\u1eb3ng ti\u00eau h\u00f3a v\u00e0 gi\u1ea3m nhu c\u1ea7u s\u1eed d\u1ee5ng thu\u1ed1c kh\u00e1ng sinh v\u00e0 thu\u1ed1c men. \u1ede Ch\u00e2u \u00c2u, kh\u00e1ng sinh kh\u00f4ng \u0111\u01b0\u1ee3c s\u1eed d\u1ee5ng khi s\u1eed d\u1ee5ng zeolite clinoptilolite (kh\u00f4ng <a href=\"https:\/\/antenchem.com\" rel=\"noopener\">s\u00e0ng ph\u00e2n t\u1eed<\/a> ) trong ngu\u1ed3n c\u1ea5p d\u1eef li\u1ec7u<br \/>Sau nhi\u1ec1u n\u0103m th\u1eed nghi\u1ec7m th\u1ef1c \u0111\u1ecba th\u00e0nh c\u00f4ng, nhi\u1ec1u nh\u00e0 cung c\u1ea5p th\u1ee9c \u0103n ch\u0103n nu\u00f4i v\u00e0 ng\u01b0\u1eddi ti\u00eau d\u00f9ng cu\u1ed1i \u0111\u00e3 \u0111\u01b0a zeolite clinoptilolite v\u00e0o ph\u1ee5 gia th\u1ee9c \u0103n ch\u0103n nu\u00f4i (kho\u1ea3ng 2% \u0111\u1ebfn 5%) trong ch\u01b0\u01a1ng tr\u00ecnh cung c\u1ea5p th\u1ee9c \u0103n ch\u0103n nu\u00f4i c\u1ee7a h\u1ecd. K\u1ebft qu\u1ea3 l\u00e0 c\u00f3 s\u1ef1 c\u1ea3i thi\u1ec7n t\u1ed5ng th\u1ec3 v\u1ec1 t\u1ed1c \u0111\u1ed9 t\u0103ng tr\u01b0\u1edfng v\u00e0 s\u1ee9c kh\u1ecfe c\u1ee7a nh\u1eefng \u0111\u1ed9ng v\u1eadt n\u00e0y<\/p>\t\t\t\t\t\t<\/div>\n\t\t\t\t<\/div>\n\t\t\t\t<div class=\"elementor-element elementor-element-b88fd38 elementor-widget elementor-widget-text-editor\" data-id=\"b88fd38\" data-element_type=\"widget\" data-widget_type=\"text-editor.default\">\n\t\t\t\t<div class=\"elementor-widget-container\">\n\t\t\t\t\t\t\t<h4>L\u1ee2I \u00cdCH C\u1ee4 TH\u1ec2 C\u1ee6A \u1ee8NG D\u1ee4NG<\/h4><table class=\"table table-hover ke-zeroborder\"><tbody><tr><th>\u0110\u0102NG K\u00cd<\/th><th>L\u1ee2I \u00cdCH<\/th><\/tr><tr><td>H\u1ed3 c\u00e1<\/td><td>- \u1ed4n \u0111\u1ecbnh m\u1ee9c amoniac trong khi b\u1ed9 l\u1ecdc sinh h\u1ecdc \u0111\u01b0\u1ee3c thi\u1ebft l\u1eadp<br \/>- Cung c\u1ea5p m\u1ed9t di\u1ec7n t\u00edch b\u1ec1 m\u1eb7t l\u1edbn cho s\u1ef1 ph\u00e1t tri\u1ec3n c\u1ee7a vi khu\u1ea9n nitrat h\u00f3a<br \/>- An to\u00e0n cho \u0111\u1eddi s\u1ed1ng th\u1ee7y sinh, th\u1ef1c v\u1eadt v\u00e0 vi khu\u1ea9n nitrat h\u00f3a<br \/>- H\u1ea5p th\u1ee5 c\u00e1c h\u1ee3p ch\u1ea5t h\u1eefu c\u01a1 h\u00f2a tan v\u00e0 kim lo\u1ea1i n\u1eb7ng<br \/>- Ng\u0103n ng\u1eeba h\u1ed9i ch\u1ee9ng xe t\u0103ng m\u1edbi<br \/>- B\u1ed9 l\u1ecdc c\u00e1c h\u1ea1t vi m\u00f4<br \/>- \u1ed4n \u0111\u1ecbnh m\u1ee9c \u0111\u1ed9 pH c\u1ee7a n\u01b0\u1edbc<br \/>- Ng\u0103n ch\u1eb7n s\u1ef1 ph\u00e1t tri\u1ec3n c\u1ee7a t\u1ea3o<br \/>- C\u1ea3i thi\u1ec7n \u0111\u1ed9 trong c\u1ee7a n\u01b0\u1edbc<br \/>- B\u1ed9 l\u1ecdc Zeolite c\u00f3 th\u1ec3 \u0111\u01b0\u1ee3c l\u00e0m s\u1ea1ch trong dung d\u1ecbch n\u01b0\u1edbc m\u1eb7n v\u00e0 Zeolite t\u00e1i s\u1eed d\u1ee5ng kh\u00f4ng \u0111\u01b0\u1ee3c s\u1eed d\u1ee5ng trong b\u1ec3 c\u00e1 n\u01b0\u1edbc m\u1eb7n.<\/td><\/tr><tr><td>Qu\u1ea3n l\u00fd n\u01b0\u1edbc m\u01b0a<\/td><td>- H\u1ea5p th\u1ee5 c\u00e1c ch\u1ea5t \u00f4 nhi\u1ec5m kim lo\u1ea1i n\u1eb7ng kh\u00f4ng b\u1ecb ph\u00e2n hu\u1ef7 trong m\u00f4i tr\u01b0\u1eddng t\u1ef1 nhi\u00ean<br \/>- B\u1ed9 l\u1ecdc c\u00e1c kim lo\u1ea1i h\u00f2a tan v\u00e0 l\u01a1 l\u1eedng nh\u01b0 ch\u00ec (Pb), \u0111\u1ed3ng (Cu) v\u00e0 k\u1ebdm (Zn)<br \/>- H\u1ea5p th\u1ee5 asenat, dung m\u00f4i v\u00e0 c\u00e1c th\u00e0nh ph\u1ea7n nhi\u00ean li\u1ec7u<br \/>- M\u1ee9c \u0111\u1ed9 h\u1ea5p th\u1ee5 ch\u1ea5t g\u00e2y \u00f4 nhi\u1ec5m cao di\u1ec5n ra trong v\u00f2ng gi\u1edd \u0111\u1ea7u ti\u00ean ti\u1ebfp x\u00fac<\/td><\/tr><tr><td>U\u1ed1ng n\u01b0\u1edbc<\/td><td>- L\u00e0m m\u1ec1m n\u01b0\u1edbc b\u1eb1ng c\u00e1ch h\u1ea5p th\u1ee5 canxi (Ca) v\u00e0 magi\u00ea (Mg)<br \/>- Lo\u1ea1i b\u1ecf clo (Cl) t\u1eeb n\u01b0\u1edbc m\u00e1y<br \/>- Lo\u1ea1i b\u1ecf s\u1eaft (Fe) t\u1eeb ngu\u1ed3n n\u01b0\u1edbc ng\u1ea7m<br \/>- Lo\u1ea1i b\u1ecf c\u00e1c ch\u1ea5t g\u00e2y \u00f4 nhi\u1ec5m nh\u01b0 kim lo\u1ea1i n\u1eb7ng v\u00e0 amoniac (NH3)<br \/>- Trung h\u00f2a n\u01b0\u1edbc c\u00f3 t\u00ednh axit nh\u1eb9<br \/>- C\u1ea3i thi\u1ec7n \u0111\u1ed9 trong c\u1ee7a n\u01b0\u1edbc<br \/>- Cung c\u1ea5p kh\u1ea3 n\u0103ng ph\u00e2n t\u00e1ch ch\u1ea5t l\u1ecfng \/ r\u1eafn t\u1ed1t h\u01a1n so v\u1edbi c\u00e1c b\u1ed9 l\u1ecdc kh\u00e1c nh\u01b0 ph\u00e8n v\u00e0 polyme<br \/>- C\u00f3 kh\u1ea3 n\u0103ng thay th\u1ebf c\u00e1t v\u00e0 than antraxit trong b\u1ed9 l\u1ecdc tr\u1ecdng l\u1ef1c v\u00e0 b\u00ecnh \u00e1p l\u1ef1c<\/td><\/tr><tr><td>H\u1ed3 b\u01a1i v\u00e0 b\u1ed3n t\u1eafm n\u01b0\u1edbc n\u00f3ng<\/td><td>- H\u1ea5p th\u1ee5 nitrat (NO3), amoniac (NH3), photphat (PO43), s\u1eaft (Fe), mangan (Mn)<br \/>- B\u1eaby v\u00e0 b\u1eaft gi\u1eef da v\u00e0 t\u1ebf b\u00e0o m\u00e1u<br \/>- Lo\u1ea1i b\u1ecf vi khu\u1ea9n t\u1ea3o v\u00e0 cryptosporidium<br \/>- Ng\u0103n ch\u1eb7n s\u1ef1 r\u1eeda tr\u00f4i c\u1ee7a c\u00e1c ch\u1ea5t g\u00e2y \u00f4 nhi\u1ec5m<br \/>- Ng\u0103n ch\u1eb7n s\u1ef1 h\u00ecnh th\u00e0nh c\u1ee7a chloramine g\u00e2y k\u00edch \u1ee9ng m\u1eaft<br \/>- Ng\u0103n m\u00f9i<br \/>- C\u1ea3i thi\u1ec7n \u0111\u1ed9 trong c\u1ee7a n\u01b0\u1edbc<br \/>- B\u1ed9 l\u1ecdc Zeolite c\u00f3 th\u1ec3 \u0111\u01b0\u1ee3c gi\u1eef s\u1ea1ch v\u1edbi \u00edt chu k\u1ef3 r\u1eeda ng\u01b0\u1ee3c h\u01a1n so v\u1edbi b\u1ed9 l\u1ecdc c\u00e1t<\/td><\/tr><tr><td>Ao<\/td><td>- L\u1ecdc v\u00e0 h\u1ea5p th\u1ee5 amoniac (NH3), nitrat (NO3) v\u00e0 ph\u1ed1t ph\u00e1t (PO43)<br \/>- H\u1ea5p th\u1ee5 amoniac v\u1edbi t\u1ed1c \u0111\u1ed9 nhanh h\u01a1n vi khu\u1ea9n nitrat h\u00f3a<br \/>- Ng\u0103n ch\u1eb7n s\u1ef1 ph\u00e1t tri\u1ec3n c\u1ee7a t\u1ea3o<br \/>- C\u1ea3i thi\u1ec7n \u0111\u1ed9 c\u00e2n b\u1eb1ng pH c\u1ee7a n\u01b0\u1edbc<br \/>- L\u1ecdc c\u00e1c h\u1ea1t m\u1ecbn v\u00e0 c\u00e1c h\u1ee3p ch\u1ea5t h\u00f2a tan<br \/>- C\u1ea3i thi\u1ec7n \u0111\u1ed9 trong c\u1ee7a n\u01b0\u1edbc<br \/>- \u0110\u01b0\u1ee3c ph\u00e2n lo\u1ea1i l\u00e0 GRAS (Th\u01b0\u1eddng \u0111\u01b0\u1ee3c coi l\u00e0 An to\u00e0n) \u0111\u1ed1i v\u1edbi \u0111\u1ed9ng v\u1eadt v\u00e0 th\u1ef1c v\u1eadt th\u1ee7y sinh<br \/>- B\u1ed9 l\u1ecdc Zeolite c\u00f3 th\u1ec3 \u0111\u01b0\u1ee3c l\u00e0m s\u1ea1ch trong dung d\u1ecbch n\u01b0\u1edbc m\u1eb7n v\u00e0 Zeolite t\u00e1i s\u1eed d\u1ee5ng kh\u00f4ng \u0111\u01b0\u1ee3c s\u1eed d\u1ee5ng trong c\u00e1c ao n\u01b0\u1edbc m\u1eb7n.<\/td><\/tr><tr><td>Khai th\u00e1c ao \u0111u\u00f4i<\/td><td>- H\u1ea5p ph\u1ee5 v\u00e0 li\u00ean k\u1ebft c\u00e1c kim lo\u1ea1i n\u1eb7ng v\u00e0 xyanua (CN-) \u0111\u01b0\u1ee3c t\u00ecm th\u1ea5y trong n\u01b0\u1edbc m\u1ecf<br \/>- Kh\u1eed n\u01b0\u1edbc v\u00e0 kh\u1eed m\u00f9i b\u00f9n<br \/>- C\u00f3 kh\u1ea3 n\u0103ng gi\u1ea3m ch\u1ea5t th\u1ea3i l\u1ecfng th\u00e0nh ch\u1ea5t th\u1ea3i r\u1eafn c\u00f3 th\u1ec3 \u0111\u01b0\u1ee3c ki\u1ec3m so\u00e1t m\u1ed9t c\u00e1ch an to\u00e0n<br \/>- Ng\u0103n ch\u1eb7n s\u1ef1 r\u1eeda tr\u00f4i do c\u00e1c li\u00ean k\u1ebft b\u1ec1n v\u1eefng \u0111\u01b0\u1ee3c h\u00ecnh th\u00e0nh gi\u1eefa zeolit v\u00e0 kim lo\u1ea1i n\u1eb7ng<br \/>- Ng\u0103n kim lo\u1ea1i n\u1eb7ng v\u00e0 xyanua (CN-) x\u00e2m nh\u1eadp v\u00e0o h\u1ec7 th\u1ed1ng su\u1ed1i v\u00e0 t\u1ea7ng ch\u1ee9a n\u01b0\u1edbc<br \/>- H\u1ea5p th\u1ee5 c\u00e1c cation kim lo\u1ea1i n\u1eb7ng bao g\u1ed3m b\u1ea1c (Ag), coban (Co), mangan (Mn), nh\u00f4m (Al), x\u00eazi (Cs), magie (Mg), asen (As), \u0111\u1ed3ng (Cu), molypden (Mo) , cadimi (Cd), s\u1eaft (Fe), niken (Ni), crom (Cr), th\u1ee7y ng\u00e2n (Hg), ch\u00ec (Pb), stronti (Sr), uranium (U), k\u1ebdm (Zn)<\/td><\/tr><\/tbody><\/table>\t\t\t\t\t\t<\/div>\n\t\t\t\t<\/div>\n\t\t\t\t\t<\/div>\n\t\t<\/div>\n\t\t\t\t\t<\/div>\n\t\t<\/section>\n\t\t\t\t<section class=\"elementor-section elementor-top-section elementor-element elementor-element-1eaadfd elementor-section-boxed elementor-section-height-default elementor-section-height-default\" data-id=\"1eaadfd\" data-element_type=\"section\" data-settings=\"{&quot;background_background&quot;:&quot;classic&quot;}\">\n\t\t\t\t\t\t<div class=\"elementor-container elementor-column-gap-default\">\n\t\t\t\t\t<div class=\"elementor-column elementor-col-25 elementor-top-column elementor-element elementor-element-dfd1fe7\" data-id=\"dfd1fe7\" data-element_type=\"column\">\n\t\t\t<div class=\"elementor-widget-wrap elementor-element-populated\">\n\t\t\t\t\t\t<div class=\"elementor-element elementor-element-1c43a9b elementor-widget elementor-widget-heading\" data-id=\"1c43a9b\" data-element_type=\"widget\" data-widget_type=\"heading.default\">\n\t\t\t\t<div class=\"elementor-widget-container\">\n\t\t\t<h3 class=\"elementor-heading-title elementor-size-default\">H\u00e3y \u0111\u1ec3 Zeolites c\u1ee7a ch\u00fang t\u00f4i h\u1ed7 tr\u1ee3 doanh nghi\u1ec7p c\u1ee7a b\u1ea1n<\/h3>\t\t<\/div>\n\t\t\t\t<\/div>\n\t\t\t\t\t<\/div>\n\t\t<\/div>\n\t\t\t\t<div class=\"elementor-column elementor-col-25 elementor-top-column elementor-element elementor-element-45c6e10\" data-id=\"45c6e10\" data-element_type=\"column\">\n\t\t\t<div class=\"elementor-widget-wrap\">\n\t\t\t\t\t\t\t<\/div>\n\t\t<\/div>\n\t\t\t\t<div class=\"elementor-column elementor-col-25 elementor-top-column elementor-element elementor-element-14a25e9\" data-id=\"14a25e9\" data-element_type=\"column\">\n\t\t\t<div class=\"elementor-widget-wrap elementor-element-populated\">\n\t\t\t\t\t\t<div class=\"elementor-element elementor-element-e7f7b96 elementor-align-justify elementor-widget__width-initial elementor-widget elementor-widget-button\" data-id=\"e7f7b96\" data-element_type=\"widget\" data-widget_type=\"button.default\">\n\t\t\t\t<div class=\"elementor-widget-container\">\n\t\t\t\t\t<div class=\"elementor-button-wrapper\">\n\t\t\t<a class=\"elementor-button elementor-button-link elementor-size-sm\" href=\"https:\/\/zeolitemin.com\/vn\/make-an-inquire\/\">\n\t\t\t\t\t\t<span class=\"elementor-button-content-wrapper\">\n\t\t\t\t\t\t\t\t\t<span class=\"elementor-button-text\">Th\u1ef1c hi\u1ec7n m\u1ed9t cu\u1ed9c \u0111i\u1ec1u tra<\/span>\n\t\t\t\t\t<\/span>\n\t\t\t\t\t<\/a>\n\t\t<\/div>\n\t\t\t\t<\/div>\n\t\t\t\t<\/div>\n\t\t\t\t\t<\/div>\n\t\t<\/div>\n\t\t\t\t<div class=\"elementor-column elementor-col-25 elementor-top-column elementor-element elementor-element-850fa4e\" data-id=\"850fa4e\" data-element_type=\"column\">\n\t\t\t<div class=\"elementor-widget-wrap\">\n\t\t\t\t\t\t\t<\/div>\n\t\t<\/div>\n\t\t\t\t\t<\/div>\n\t\t<\/section>\n\t\t\t\t<\/div>","protected":false},"excerpt":{"rendered":"<p>L\u00f4 h\u00e0ng: Container \/ T\u00e0u s\u1ed1 l\u01b0\u1ee3ng l\u1edbn Th\u1eddi gian giao h\u00e0ng: 10 ng\u00e0y sau PO C\u00f4ng su\u1ea5t: 3500 t\u1ea5n \/ th\u00e1ng \u0110\u00f3ng g\u00f3i: 25kgs \/ 50kgs \/ 700kgs Ph\u01b0\u01a1ng ti\u1ec7n l\u1ecdc hi\u1ec7u qu\u1ea3 t\u1eeb 100% ch\u1ea5t l\u01b0\u1ee3ng n\u01b0\u1edbc kho\u00e1ng thi\u00ean nhi\u00ean v\u01b0\u1ee3t tr\u1ed9i so v\u1edbi c\u00e1c ph\u01b0\u01a1ng ph\u00e1p l\u1ecdc h\u1ed3 b\u01a1i truy\u1ec1n th\u1ed1ng Th\u00e0nh ph\u1ea7n th\u1ee9c \u0103n ch\u0103n nu\u00f4i ZEOLITE PH\u1ee4 GIA TH\u1ee8C \u0102N CH\u0102N NU\u00d4I C\u00f3 r\u1ea5t nhi\u1ec1u l\u1ee3i \u00edch c\u1ee7a vi\u1ec7c \u1ee9ng d\u1ee5ng zeolite clinoptilolite \u1edf \u0111\u1ed9ng v\u1eadt [\u2026]<\/p>","protected":false},"author":1,"featured_media":1388,"parent":1557,"menu_order":2,"comment_status":"closed","ping_status":"closed","template":"elementor_header_footer","meta":{"footnotes":""},"class_list":["post-1588","page","type-page","status-publish","has-post-thumbnail","hentry"],"_links":{"self":[{"href":"https:\/\/zeolitemin.com\/vn\/wp-json\/wp\/v2\/pages\/1588","targetHints":{"allow":["GET"]}}],"collection":[{"href":"https:\/\/zeolitemin.com\/vn\/wp-json\/wp\/v2\/pages"}],"about":[{"href":"https:\/\/zeolitemin.com\/vn\/wp-json\/wp\/v2\/types\/page"}],"author":[{"embeddable":true,"href":"https:\/\/zeolitemin.com\/vn\/wp-json\/wp\/v2\/users\/1"}],"replies":[{"embeddable":true,"href":"https:\/\/zeolitemin.com\/vn\/wp-json\/wp\/v2\/comments?post=1588"}],"version-history":[{"count":0,"href":"https:\/\/zeolitemin.com\/vn\/wp-json\/wp\/v2\/pages\/1588\/revisions"}],"up":[{"embeddable":true,"href":"https:\/\/zeolitemin.com\/vn\/wp-json\/wp\/v2\/pages\/1557"}],"wp:featuredmedia":[{"embeddable":true,"href":"https:\/\/zeolitemin.com\/vn\/wp-json\/wp\/v2\/media\/1388"}],"wp:attachment":[{"href":"https:\/\/zeolitemin.com\/vn\/wp-json\/wp\/v2\/media?parent=1588"}],"curies":[{"name":"wp","href":"https:\/\/api.w.org\/{rel}","templated":true}]}}