{"id":1492,"date":"2022-03-24T09:37:14","date_gmt":"2022-03-24T01:37:14","guid":{"rendered":"http:\/\/www.oklee.ga\/?page_id=1492"},"modified":"2024-07-01T14:41:42","modified_gmt":"2024-07-01T06:41:42","slug":"mesh-size-chart","status":"publish","type":"page","link":"https:\/\/zeolitemin.com\/vn\/zeolite-science\/mesh-size-chart\/","title":{"rendered":"Bi\u1ec3u \u0111\u1ed3 k\u00edch th\u01b0\u1edbc m\u1eaft l\u01b0\u1edbi c\u1ee7a Zeolite"},"content":{"rendered":"<div data-elementor-type=\"wp-page\" data-elementor-id=\"1492\" class=\"elementor elementor-1492\" data-elementor-post-type=\"page\">\n\t\t\t\t\t\t<section class=\"elementor-section elementor-top-section elementor-element elementor-element-17921eab elementor-section-height-min-height elementor-section-boxed elementor-section-height-default elementor-section-items-middle\" data-id=\"17921eab\" data-element_type=\"section\" data-settings=\"{&quot;background_background&quot;:&quot;classic&quot;}\">\n\t\t\t\t\t\t<div class=\"elementor-container elementor-column-gap-default\">\n\t\t\t\t\t<div class=\"elementor-column elementor-col-100 elementor-top-column elementor-element elementor-element-6b94b06d\" data-id=\"6b94b06d\" data-element_type=\"column\">\n\t\t\t<div class=\"elementor-widget-wrap elementor-element-populated\">\n\t\t\t\t\t\t<div class=\"elementor-element elementor-element-5e6121e5 elementor-widget elementor-widget-theme-post-title elementor-page-title elementor-widget-heading\" data-id=\"5e6121e5\" data-element_type=\"widget\" data-widget_type=\"theme-post-title.default\">\n\t\t\t\t<div class=\"elementor-widget-container\">\n\t\t\t<h1 class=\"elementor-heading-title elementor-size-default\">Bi\u1ec3u \u0111\u1ed3 k\u00edch th\u01b0\u1edbc m\u1eaft l\u01b0\u1edbi c\u1ee7a b\u1ed9t Zeolit - Zeolit vi t\u00ednh h\u00f3a ma thu\u1eadt<\/h1>\t\t<\/div>\n\t\t\t\t<\/div>\n\t\t\t\t<div class=\"elementor-element elementor-element-63293297 elementor-widget elementor-widget-text-editor\" data-id=\"63293297\" data-element_type=\"widget\" data-widget_type=\"text-editor.default\">\n\t\t\t\t<div class=\"elementor-widget-container\">\n\t\t\t\t\t\t\t<p>Zeolite t\u1ef1 nhi\u00ean so v\u1edbi Zeolite t\u1ed5ng h\u1ee3p, N\u00f3 \u0111\u01b0\u1ee3c t\u1ea1o ra b\u1edfi ch\u1ee9c n\u0103ng c\u1ee7a khung aluminosilicate v\u1ec1 kh\u1ea3 n\u0103ng h\u1ea5p ph\u1ee5 v\u00e0 trao \u0111\u1ed5i cation. zeolit clinoptilolit \u0111\u01b0\u1ee3c l\u00e0m \u1edf d\u1ea1ng b\u1ed9t, h\u1ea1t.<\/p>\t\t\t\t\t\t<\/div>\n\t\t\t\t<\/div>\n\t\t\t\t\t<\/div>\n\t\t<\/div>\n\t\t\t\t\t<\/div>\n\t\t<\/section>\n\t\t\t\t<section class=\"elementor-section elementor-top-section elementor-element elementor-element-e7131f0 elementor-section-boxed elementor-section-height-default elementor-section-height-default\" data-id=\"e7131f0\" data-element_type=\"section\" data-settings=\"{&quot;background_background&quot;:&quot;classic&quot;}\">\n\t\t\t\t\t\t<div class=\"elementor-container elementor-column-gap-default\">\n\t\t\t\t\t<div class=\"elementor-column elementor-col-100 elementor-top-column elementor-element elementor-element-5e344ee3\" data-id=\"5e344ee3\" data-element_type=\"column\">\n\t\t\t<div class=\"elementor-widget-wrap elementor-element-populated\">\n\t\t\t\t\t\t<div class=\"elementor-element elementor-element-7575ebd6 elementor-widget elementor-widget-spacer\" data-id=\"7575ebd6\" data-element_type=\"widget\" data-widget_type=\"spacer.default\">\n\t\t\t\t<div class=\"elementor-widget-container\">\n\t\t\t\t\t<div class=\"elementor-spacer\">\n\t\t\t<div class=\"elementor-spacer-inner\"><\/div>\n\t\t<\/div>\n\t\t\t\t<\/div>\n\t\t\t\t<\/div>\n\t\t\t\t<div class=\"elementor-element elementor-element-5444f2d4 elementor-widget elementor-widget-heading\" data-id=\"5444f2d4\" data-element_type=\"widget\" data-widget_type=\"heading.default\">\n\t\t\t\t<div class=\"elementor-widget-container\">\n\t\t\t<h2 class=\"elementor-heading-title elementor-size-default\">Bi\u1ec3u \u0111\u1ed3 k\u00edch th\u01b0\u1edbc m\u1eaft l\u01b0\u1edbi c\u1ee7a Zeolite t\u1ef1 nhi\u00ean UZ-Min\u00ae <\/h2>\t\t<\/div>\n\t\t\t\t<\/div>\n\t\t\t\t<div class=\"elementor-element elementor-element-41428f3f elementor-widget elementor-widget-text-editor\" data-id=\"41428f3f\" data-element_type=\"widget\" data-widget_type=\"text-editor.default\">\n\t\t\t\t<div class=\"elementor-widget-container\">\n\t\t\t\t\t\t\t<h3>K\u00edch th\u01b0\u1edbc l\u01b0\u1edbi v\u00e0 bi\u1ec3u \u0111\u1ed3 l\u01b0\u1edbi c\u00f3 ngh\u0129a l\u00e0 g\u00ec?<\/h3><p>D\u1ec5 d\u00e0ng t\u00ecm ra k\u00edch th\u01b0\u1edbc m\u1eaft l\u01b0\u1edbi. T\u1ea5t c\u1ea3 nh\u1eefng g\u00ec b\u1ea1n \u0111ang l\u00e0m l\u00e0 \u0111\u1ebfm s\u1ed1 l\u1ea7n m\u1edf tr\u00ean m\u1ed9t m\u00e0n h\u00ecnh US-inch. s\u1ed1 l\u01b0\u1ee3ng l\u1ed7 m\u1edf l\u00e0 k\u00edch th\u01b0\u1edbc m\u1eaft l\u01b0\u1edbi. V\u00ec v\u1eady, m\u1ed9t m\u00e0n h\u00ecnh 4 m\u1eaft l\u01b0\u1edbi c\u00f3 ngh\u0129a l\u00e0 c\u00f3 b\u1ed1n h\u00ecnh vu\u00f4ng nh\u1ecf tr\u00ean m\u1ed9t inch tuy\u1ebfn t\u00ednh c\u1ee7a m\u00e0n h\u00ecnh. M\u1ed9t m\u00e0n h\u00ecnh 325 m\u1eaft l\u01b0\u1edbi c\u00f3 325 l\u1ed7 m\u1edf, v.v. b\u1edfi v\u00ec s\u1ed1 l\u01b0\u1ee3ng m\u00f4 t\u1ea3 k\u00edch th\u01b0\u1edbc m\u1eaft l\u01b0\u1edbi t\u0103ng l\u00ean, k\u00edch th\u01b0\u1edbc c\u1ee7a c\u00e1c h\u1ea1t gi\u1ea3m. S\u1ed1 l\u01b0\u1ee3ng cao h\u01a1n b\u1eb1ng v\u1eadt li\u1ec7u m\u1ecbn h\u01a1n. K\u00edch th\u01b0\u1edbc m\u1eaft l\u01b0\u1edbi kh\u00f4ng ph\u1ea3i l\u00e0 m\u1ed9t ph\u00e9p \u0111o c\u1ee5 th\u1ec3 v\u1ec1 k\u00edch th\u01b0\u1edbc h\u1ea1t. zeolit th\u01b0\u1eddng s\u1eed d\u1ee5ng c\u00e1ch n\u00e0y \u0111\u1ec3 \u0111\u00e1nh gi\u00e1 k\u00edch th\u01b0\u1edbc m\u1eaft l\u01b0\u1edbi.<\/p><h3>D\u1ea5u (&lt;) v\u00e0 (&gt;) c\u00f3 \u00fd ngh\u0129a g\u00ec khi ch\u00fang ta m\u00f4 t\u1ea3 k\u00edch th\u01b0\u1edbc m\u1eaft l\u01b0\u1edbi?<\/h3><p>l\u00e0m th\u1ebf n\u00e0o \u0111\u1ec3 l\u00e0m vi\u1ec7c b\u1edfi ch\u00fang t\u00f4i? V\u00ed d\u1ee5, &lt;100 m\u1eaft l\u01b0\u1edbi c\u00f3 ngh\u0129a l\u00e0 m\u1ed7i h\u1ea1t nh\u1ecf h\u01a1n 100 m\u1eaft l\u01b0\u1edbi s\u1ebd \u0111i qua. &gt; 100 mesh c\u00f3 ngh\u0129a l\u00e0 t\u1ea5t c\u1ea3 c\u00e1c h\u1ea1t c\u00f3 k\u00edch th\u01b0\u1edbc 100 mesh ho\u1eb7c l\u1edbn h\u01a1n \u0111\u01b0\u1ee3c gi\u1eef l\u1ea1i.<\/p><h3>L\u00e0m th\u1ebf n\u00e0o t\u1ed1t \u0111\u1ec3 s\u00e0ng l\u01b0\u1edbi s\u00e0ng nh\u1eadn \u0111\u01b0\u1ee3c?<\/h3><p>S\u00e0ng ho\u1eb7c s\u00e0ng l\u1ecdc l\u00e0 m\u1ed9t ph\u01b0\u01a1ng ph\u00e1p t\u00e1ch h\u1ed7n h\u1ee3p ho\u1eb7c c\u00e1c h\u1ea1t ho\u1eb7c c\u00e1c h\u1ea1t th\u00e0nh 2 ho\u1eb7c nhi\u1ec1u ph\u1ea7n nh\u1ecf k\u00edch th\u01b0\u1edbc, c\u00e1c v\u1eadt li\u1ec7u c\u00f3 k\u00edch th\u01b0\u1edbc qu\u00e1 l\u1edbn b\u1ecb m\u1eafc k\u1eb9t ph\u00eda tr\u00ean m\u00e0n h\u00ecnh, trong khi c\u00e1c v\u1eadt li\u1ec7u c\u00f3 k\u00edch th\u01b0\u1edbc nh\u1ecf h\u01a1n c\u00f3 th\u1ec3 \u0111i qua m\u00e0n l\u1ecdc. \u0110i\u1ec1u \u0111\u00f3 ph\u1ee5 thu\u1ed9c v\u00e0o \u0111\u1ed9 d\u00e0y c\u1ee7a d\u00e2y. N\u1ebfu b\u1ea1n ngh\u0129 v\u1ec1 \u0111i\u1ec1u \u0111\u00f3, th\u00ec s\u1ee3i d\u1ec7t c\u00e0ng m\u1ecbn, c\u00e1c s\u1ee3i d\u00e2y c\u00e0ng g\u1ea7n nhau h\u01a1n, cu\u1ed1i c\u00f9ng kh\u00f4ng \u0111\u1ec3 l\u1ea1i kho\u1ea3ng tr\u1ed1ng n\u00e0o gi\u1eefa ch\u00fang. V\u00ec l\u00fd do n\u00e0y, k\u00edch th\u01b0\u1edbc h\u1ea1t v\u01b0\u1ee3t qu\u00e1 325 mesh th\u01b0\u1eddng \u0111\u01b0\u1ee3c m\u00f4 t\u1ea3 b\u1eb1ng &quot;microns&quot;.<\/p><p>S\u00e0ng v\u00e0 s\u00e0ng \u0111\u01b0\u1ee3c s\u1eed d\u1ee5ng r\u1ed9ng r\u00e3i trong s\u1ea3n xu\u1ea5t zeolit t\u1ef1 nhi\u00ean (clinoptilolite) c\u0169ng nh\u01b0 trong ki\u1ec3m tra ch\u1ea5t l\u01b0\u1ee3ng \u0111\u1ec3 x\u00e1c \u0111\u1ecbnh k\u00edch th\u01b0\u1edbc h\u1ea1t c\u1ee7a kho\u00e1ng v\u1eadt zeolit. Mesh l\u00e0 \u0111\u01a1n v\u1ecb \u0111o l\u01b0\u1eddng ph\u1ed5 bi\u1ebfn nh\u1ea5t \u0111\u01b0\u1ee3c s\u1eed d\u1ee5ng cho s\u00e0ng v\u00e0 s\u00e0ng.<\/p><h3>Micr\u00f4met l\u00e0 g\u00ec?<\/h3><p>M\u1ed9t micr\u00f4met l\u00e0 m\u1ed9t ph\u00e9p \u0111o kh\u00e1c v\u1ec1 k\u00edch th\u01b0\u1edbc h\u1ea1t. M\u1ed9t micr\u00f4met l\u00e0 m\u1ed9t ph\u1ea7n tri\u1ec7u c\u1ee7a m\u00e9t ho\u1eb7c m\u1ed9t ph\u1ea7n hai m\u01b0\u01a1i l\u0103m ngh\u00ecn inch.<\/p>\t\t\t\t\t\t<\/div>\n\t\t\t\t<\/div>\n\t\t\t\t<section class=\"elementor-section elementor-inner-section elementor-element elementor-element-b8be07b elementor-section-boxed elementor-section-height-default elementor-section-height-default\" data-id=\"b8be07b\" data-element_type=\"section\">\n\t\t\t\t\t\t<div class=\"elementor-container elementor-column-gap-default\">\n\t\t\t\t\t<div class=\"elementor-column elementor-col-50 elementor-inner-column elementor-element elementor-element-6d6c9d2\" data-id=\"6d6c9d2\" data-element_type=\"column\">\n\t\t\t<div class=\"elementor-widget-wrap elementor-element-populated\">\n\t\t\t\t\t\t<div class=\"elementor-element elementor-element-6009a1f elementor-widget elementor-widget-text-editor\" data-id=\"6009a1f\" data-element_type=\"widget\" data-widget_type=\"text-editor.default\">\n\t\t\t\t<div class=\"elementor-widget-container\">\n\t\t\t\t\t\t\t<p>UZ-Min\u00ae l\u00e0 ch\u1ea5t l\u01b0\u1ee3ng cao <a href=\"https:\/\/zeolitemin.com\/vn\/zeolite-science\/what-is-the-best-zeolite\/\">zeolit t\u1ef1 nhi\u00ean<\/a> (<a href=\"https:\/\/zeolitemin.com\/vn\/zeolite-science\/what-is-natural-clinoptilolite\/\">clinoptilolit<\/a>) <a href=\"https:\/\/antenchem.com\" rel=\"noopener\">M\u1ef9 ph\u1ea9m<\/a>, \u0111\u01b0\u1ee3c l\u1ef1a ch\u1ecdn \u0111\u1eb7c bi\u1ec7t nh\u1edd \u0111\u1ed9 tinh khi\u1ebft cao, h\u00e0m l\u01b0\u1ee3ng kim lo\u1ea1i n\u1eb7ng th\u1ea5p v\u00e0 t\u00ednh \u1ed5n \u0111\u1ecbnh c\u1ee7a <a href=\"https:\/\/zeolitemin.com\/vn\/products\/uz-min-clinoptilolite-zeolite-granular\/\">h\u1ea1t zeolite<\/a>, l\u00e0m cho n\u00f3 tr\u1edf th\u00e0nh s\u1ef1 l\u1ef1a ch\u1ecdn l\u00fd t\u01b0\u1edfng cho t\u1ea5t c\u1ea3 c\u00e1c \u1ee9ng d\u1ee5ng.<\/p><p>Zeolite t\u1ef1 nhi\u00ean UZ-Min\u00ae (clinoptilolite) c\u00f3 nhi\u1ec1u k\u00edch th\u01b0\u1edbc m\u1eaft l\u01b0\u1edbi: &lt;100 Mesh, &lt;150 Mesh, &lt;200 Mesh,<\/p><p>zeolit t\u1ef1 nhi\u00ean (clinoptilolite) d\u1ea1ng h\u1ea1t: 1-3mm, 3-5mm, 5-8mm<\/p>\t\t\t\t\t\t<\/div>\n\t\t\t\t<\/div>\n\t\t\t\t<div class=\"elementor-element elementor-element-94d8647 elementor-widget elementor-widget-image-carousel\" data-id=\"94d8647\" data-element_type=\"widget\" data-settings=\"{&quot;slides_to_show&quot;:&quot;2&quot;,&quot;slides_to_scroll&quot;:&quot;2&quot;,&quot;navigation&quot;:&quot;none&quot;,&quot;autoplay&quot;:&quot;yes&quot;,&quot;pause_on_hover&quot;:&quot;yes&quot;,&quot;pause_on_interaction&quot;:&quot;yes&quot;,&quot;autoplay_speed&quot;:5000,&quot;infinite&quot;:&quot;yes&quot;,&quot;speed&quot;:500}\" data-widget_type=\"image-carousel.default\">\n\t\t\t\t<div class=\"elementor-widget-container\">\n\t\t\t\t\t<div class=\"elementor-image-carousel-wrapper swiper\" dir=\"ltr\">\n\t\t\t<div class=\"elementor-image-carousel swiper-wrapper swiper-image-stretch\" aria-live=\"off\">\n\t\t\t\t\t\t\t\t<div class=\"swiper-slide\" role=\"group\" aria-roledescription=\"slide\" aria-label=\"1 tr\u00ean 2\"><figure class=\"swiper-slide-inner\"><img decoding=\"async\" class=\"swiper-slide-image\" src=\"https:\/\/zeolitemin.com\/wp-content\/uploads\/2022\/03\/mesh-size-2-300x300.jpg\" alt=\"mesh-size-2\" \/><\/figure><\/div><div class=\"swiper-slide\" role=\"group\" aria-roledescription=\"slide\" aria-label=\"2 tr\u00ean 2\"><figure class=\"swiper-slide-inner\"><img decoding=\"async\" class=\"swiper-slide-image\" src=\"https:\/\/zeolitemin.com\/wp-content\/uploads\/2022\/03\/mesh-size-1-300x300.jpg\" alt=\"K\u00edch th\u01b0\u1edbc m\u1eaft l\u01b0\u1edbi v\u00e0 Bi\u1ec3u \u0111\u1ed3 l\u01b0\u1edbi c\u1ee7a Zeolit t\u1ef1 nhi\u00ean (Clinoptilolite)\" \/><\/figure><\/div>\t\t\t<\/div>\n\t\t\t\t\t\t\t\n\t\t\t\t\t\t\t\t\t<\/div>\n\t\t\t\t<\/div>\n\t\t\t\t<\/div>\n\t\t\t\t\t<\/div>\n\t\t<\/div>\n\t\t\t\t<div class=\"elementor-column elementor-col-50 elementor-inner-column elementor-element elementor-element-c92c6fe\" data-id=\"c92c6fe\" data-element_type=\"column\">\n\t\t\t<div class=\"elementor-widget-wrap elementor-element-populated\">\n\t\t\t\t\t\t<div class=\"elementor-element elementor-element-56ecdf0 elementor-widget elementor-widget-text-editor\" data-id=\"56ecdf0\" data-element_type=\"widget\" data-widget_type=\"text-editor.default\">\n\t\t\t\t<div class=\"elementor-widget-container\">\n\t\t\t\t\t\t\t<table class=\"table table-hover ke-zeroborder\"><tbody><tr><th colspan=\"4\"><h3>MESH \u0110\u1ec2 BI\u1ec2U \u0110\u1ed2 CHUY\u1ec2N \u0110\u1ed4I K\u00cdCH TH\u01af\u1edaC B\u1ed8 PH\u1eacN<\/h3><\/th><\/tr><tr><td>L\u01af\u1edaI M\u1ef8<\/td><td>INCHES<\/td><td>K\u00cdNH HI\u1ec2N VI<\/td><td>MILLIMETERS<\/td><\/tr><tr><td>3<\/td><td>0.2650<\/td><td>6730<\/td><td>6.730<\/td><\/tr><tr><td>4<\/td><td>0.1870<\/td><td>4760<\/td><td>4.760<\/td><\/tr><tr><td>5<\/td><td>0.1570<\/td><td>4000<\/td><td>4.000<\/td><\/tr><tr><td>6<\/td><td>0.1320<\/td><td>3360<\/td><td>3.360<\/td><\/tr><tr><td>7<\/td><td>0.1110<\/td><td>2830<\/td><td>2.830<\/td><\/tr><tr><td>8<\/td><td>0.0937<\/td><td>2380<\/td><td>2.380<\/td><\/tr><tr><td>10<\/td><td>0.0787<\/td><td>2000<\/td><td>2.000<\/td><\/tr><tr><td>12<\/td><td>0.0661<\/td><td>1680<\/td><td>1.680<\/td><\/tr><tr><td>14<\/td><td>0.0555<\/td><td>1410<\/td><td>1.410<\/td><\/tr><tr><td>16<\/td><td>0.0469<\/td><td>1190<\/td><td>1.190<\/td><\/tr><tr><td>18<\/td><td>0.0394<\/td><td>1000<\/td><td>1.000<\/td><\/tr><tr><td>20<\/td><td>0.0331<\/td><td>841<\/td><td>0.841<\/td><\/tr><tr><td>25<\/td><td>0.0280<\/td><td>707<\/td><td>0.707<\/td><\/tr><tr><td>30<\/td><td>0.0232<\/td><td>595<\/td><td>0.595<\/td><\/tr><tr><td>35<\/td><td>0.0197<\/td><td>500<\/td><td>0.500<\/td><\/tr><tr><td>40<\/td><td>0.0165<\/td><td>400<\/td><td>0.400<\/td><\/tr><tr><td>45<\/td><td>0.0138<\/td><td>354<\/td><td>0.354<\/td><\/tr><tr><td>50<\/td><td>0.0117<\/td><td>297<\/td><td>0.297<\/td><\/tr><tr><td>60<\/td><td>0.0098<\/td><td>250<\/td><td>0.250<\/td><\/tr><tr><td>70<\/td><td>0.0083<\/td><td>210<\/td><td>0.210<\/td><\/tr><tr><td>80<\/td><td>0.0070<\/td><td>177<\/td><td>0.177<\/td><\/tr><tr><td>100<\/td><td>0.0059<\/td><td>149<\/td><td>0.149<\/td><\/tr><tr><td>120<\/td><td>0.0049<\/td><td>125<\/td><td>0.125<\/td><\/tr><tr><td>140<\/td><td>0.0041<\/td><td>105<\/td><td>0.105<\/td><\/tr><tr><td>170<\/td><td>0.0035<\/td><td>88<\/td><td>0.088<\/td><\/tr><tr><td>200<\/td><td>0.0029<\/td><td>74<\/td><td>0.074<\/td><\/tr><tr><td>230<\/td><td>0.0024<\/td><td>63<\/td><td>0.063<\/td><\/tr><tr><td>270<\/td><td>0.0021<\/td><td>53<\/td><td>0.053<\/td><\/tr><tr><td>325<\/td><td>0.0017<\/td><td>44<\/td><td>0.044<\/td><\/tr><tr><td>400<\/td><td>0.0015<\/td><td>37<\/td><td>0.037<\/td><\/tr><tr><td>500<\/td><td>0.00098<\/td><td>25\u00a0<\/td><td>0.031<\/td><\/tr><tr><td>600<\/td><td>0.00091<\/td><td>23<\/td><td>0.025<\/td><\/tr><tr><td>800<\/td><td>0.00071<\/td><td>18<\/td><td>0.019<\/td><\/tr><tr><td>1000<\/td><td>0.00051<\/td><td>13<\/td><td>0.013<\/td><\/tr><tr><td>1340<\/td><td>0.00039<\/td><td>10<\/td><td>0.010<\/td><\/tr><tr><td>2000<\/td><td>0.00026<\/td><td>6.5<\/td><td>0.0065<\/td><\/tr><tr><td>3000<\/td><td>0.0002<\/td><td>5.08<\/td><td>0.0050<\/td><\/tr><\/tbody><\/table><h3>\u00a0<\/h3>\t\t\t\t\t\t<\/div>\n\t\t\t\t<\/div>\n\t\t\t\t\t<\/div>\n\t\t<\/div>\n\t\t\t\t\t<\/div>\n\t\t<\/section>\n\t\t\t\t\t<\/div>\n\t\t<\/div>\n\t\t\t\t\t<\/div>\n\t\t<\/section>\n\t\t\t\t<section class=\"elementor-section elementor-top-section elementor-element elementor-element-6bd6f55 elementor-section-boxed elementor-section-height-default elementor-section-height-default\" data-id=\"6bd6f55\" data-element_type=\"section\" data-settings=\"{&quot;background_background&quot;:&quot;classic&quot;}\">\n\t\t\t\t\t\t<div class=\"elementor-container elementor-column-gap-default\">\n\t\t\t\t\t<div class=\"elementor-column elementor-col-25 elementor-top-column elementor-element elementor-element-ac08c0d\" data-id=\"ac08c0d\" data-element_type=\"column\">\n\t\t\t<div class=\"elementor-widget-wrap elementor-element-populated\">\n\t\t\t\t\t\t<div class=\"elementor-element elementor-element-aea348d elementor-widget elementor-widget-heading\" data-id=\"aea348d\" data-element_type=\"widget\" data-widget_type=\"heading.default\">\n\t\t\t\t<div class=\"elementor-widget-container\">\n\t\t\t<h3 class=\"elementor-heading-title elementor-size-default\">H\u00e3y \u0111\u1ec3 Zeolites c\u1ee7a ch\u00fang t\u00f4i h\u1ed7 tr\u1ee3 doanh nghi\u1ec7p c\u1ee7a b\u1ea1n<\/h3>\t\t<\/div>\n\t\t\t\t<\/div>\n\t\t\t\t\t<\/div>\n\t\t<\/div>\n\t\t\t\t<div class=\"elementor-column elementor-col-25 elementor-top-column elementor-element elementor-element-e97113d\" data-id=\"e97113d\" data-element_type=\"column\">\n\t\t\t<div class=\"elementor-widget-wrap\">\n\t\t\t\t\t\t\t<\/div>\n\t\t<\/div>\n\t\t\t\t<div class=\"elementor-column elementor-col-25 elementor-top-column elementor-element elementor-element-ca472b1\" data-id=\"ca472b1\" data-element_type=\"column\">\n\t\t\t<div class=\"elementor-widget-wrap elementor-element-populated\">\n\t\t\t\t\t\t<div class=\"elementor-element elementor-element-37e41c2 elementor-align-justify elementor-widget__width-initial elementor-widget elementor-widget-button\" data-id=\"37e41c2\" data-element_type=\"widget\" data-widget_type=\"button.default\">\n\t\t\t\t<div class=\"elementor-widget-container\">\n\t\t\t\t\t<div class=\"elementor-button-wrapper\">\n\t\t\t<a class=\"elementor-button elementor-button-link elementor-size-sm\" href=\"https:\/\/zeolitemin.com\/vn\/make-an-inquire\/\">\n\t\t\t\t\t\t<span class=\"elementor-button-content-wrapper\">\n\t\t\t\t\t\t\t\t\t<span class=\"elementor-button-text\">Th\u1ef1c hi\u1ec7n m\u1ed9t cu\u1ed9c \u0111i\u1ec1u tra<\/span>\n\t\t\t\t\t<\/span>\n\t\t\t\t\t<\/a>\n\t\t<\/div>\n\t\t\t\t<\/div>\n\t\t\t\t<\/div>\n\t\t\t\t\t<\/div>\n\t\t<\/div>\n\t\t\t\t<div class=\"elementor-column elementor-col-25 elementor-top-column elementor-element elementor-element-52ea975\" data-id=\"52ea975\" data-element_type=\"column\">\n\t\t\t<div class=\"elementor-widget-wrap\">\n\t\t\t\t\t\t\t<\/div>\n\t\t<\/div>\n\t\t\t\t\t<\/div>\n\t\t<\/section>\n\t\t\t\t<\/div>","protected":false},"excerpt":{"rendered":"<p>Zeolite t\u1ef1 nhi\u00ean so v\u1edbi Zeolite t\u1ed5ng h\u1ee3p, N\u00f3 \u0111\u01b0\u1ee3c t\u1ea1o ra nh\u1edd ch\u1ee9c n\u0103ng h\u1ea5p ph\u1ee5 v\u00e0 kh\u1ea3 n\u0103ng trao \u0111\u1ed5i cation c\u1ee7a khung aluminosilicate. zeolite clinoptilolite \u0111\u01b0\u1ee3c l\u00e0m d\u1ea1ng b\u1ed9t, d\u1ea1ng h\u1ea1t. Bi\u1ec3u \u0111\u1ed3 k\u00edch th\u01b0\u1edbc m\u1eaft l\u01b0\u1edbi c\u1ee7a UZ-Min\u00ae Natural Zeolite K\u00edch th\u01b0\u1edbc m\u1eaft l\u01b0\u1edbi v\u00e0 bi\u1ec3u \u0111\u1ed3 m\u1eaft l\u01b0\u1edbi c\u00f3 \u00fd ngh\u0129a g\u00ec? T\u00ecm ra k\u00edch th\u01b0\u1edbc m\u1eaft l\u01b0\u1edbi l\u00e0 d\u1ec5 d\u00e0ng. T\u1ea5t c\u1ea3 nh\u1eefng g\u00ec b\u1ea1n \u0111ang l\u00e0m l\u00e0 \u0111\u1ebfm s\u1ed1 l\u1ea7n m\u1edf trong [\u2026]<\/p>","protected":false},"author":1,"featured_media":670,"parent":3059,"menu_order":5,"comment_status":"closed","ping_status":"closed","template":"elementor_header_footer","meta":{"footnotes":""},"class_list":["post-1492","page","type-page","status-publish","has-post-thumbnail","hentry"],"_links":{"self":[{"href":"https:\/\/zeolitemin.com\/vn\/wp-json\/wp\/v2\/pages\/1492","targetHints":{"allow":["GET"]}}],"collection":[{"href":"https:\/\/zeolitemin.com\/vn\/wp-json\/wp\/v2\/pages"}],"about":[{"href":"https:\/\/zeolitemin.com\/vn\/wp-json\/wp\/v2\/types\/page"}],"author":[{"embeddable":true,"href":"https:\/\/zeolitemin.com\/vn\/wp-json\/wp\/v2\/users\/1"}],"replies":[{"embeddable":true,"href":"https:\/\/zeolitemin.com\/vn\/wp-json\/wp\/v2\/comments?post=1492"}],"version-history":[{"count":0,"href":"https:\/\/zeolitemin.com\/vn\/wp-json\/wp\/v2\/pages\/1492\/revisions"}],"up":[{"embeddable":true,"href":"https:\/\/zeolitemin.com\/vn\/wp-json\/wp\/v2\/pages\/3059"}],"wp:featuredmedia":[{"embeddable":true,"href":"https:\/\/zeolitemin.com\/vn\/wp-json\/wp\/v2\/media\/670"}],"wp:attachment":[{"href":"https:\/\/zeolitemin.com\/vn\/wp-json\/wp\/v2\/media?parent=1492"}],"curies":[{"name":"wp","href":"https:\/\/api.w.org\/{rel}","templated":true}]}}