{"id":1472,"date":"2022-03-24T09:27:24","date_gmt":"2022-03-24T01:27:24","guid":{"rendered":"http:\/\/www.oklee.ga\/?page_id=1472"},"modified":"2024-07-02T14:41:52","modified_gmt":"2024-07-02T06:41:52","slug":"zeolitemins-natural-zeolite","status":"publish","type":"page","link":"https:\/\/zeolitemin.com\/vn\/zeolite-science\/zeolitemins-natural-zeolite\/","title":{"rendered":"Zeolite t\u1ef1 nhi\u00ean c\u1ee7a ZeoliteMin"},"content":{"rendered":"<div data-elementor-type=\"wp-page\" data-elementor-id=\"1472\" class=\"elementor elementor-1472\" data-elementor-post-type=\"page\">\n\t\t\t\t\t\t<section class=\"elementor-section elementor-top-section elementor-element elementor-element-1c5dae69 elementor-section-height-min-height elementor-section-boxed elementor-section-height-default elementor-section-items-middle\" data-id=\"1c5dae69\" data-element_type=\"section\" data-settings=\"{&quot;background_background&quot;:&quot;classic&quot;}\">\n\t\t\t\t\t\t<div class=\"elementor-container elementor-column-gap-default\">\n\t\t\t\t\t<div class=\"elementor-column elementor-col-100 elementor-top-column elementor-element elementor-element-4b21a2d3\" data-id=\"4b21a2d3\" data-element_type=\"column\">\n\t\t\t<div class=\"elementor-widget-wrap elementor-element-populated\">\n\t\t\t\t\t\t<div class=\"elementor-element elementor-element-484ef243 elementor-widget elementor-widget-theme-post-title elementor-page-title elementor-widget-heading\" data-id=\"484ef243\" data-element_type=\"widget\" data-widget_type=\"theme-post-title.default\">\n\t\t\t\t<div class=\"elementor-widget-container\">\n\t\t\t<h1 class=\"elementor-heading-title elementor-size-default\">Zeolite t\u1ef1 nhi\u00ean c\u1ee7a ZeoliteMin - Ch\u1ea5t l\u01b0\u1ee3ng tin c\u1eady m\u00e0 b\u1ea1n bi\u1ebft<\/h1>\t\t<\/div>\n\t\t\t\t<\/div>\n\t\t\t\t<div class=\"elementor-element elementor-element-4f77f65d elementor-widget elementor-widget-text-editor\" data-id=\"4f77f65d\" data-element_type=\"widget\" data-widget_type=\"text-editor.default\">\n\t\t\t\t<div class=\"elementor-widget-container\">\n\t\t\t\t\t\t\t<p>Zeolite t\u1ef1 nhi\u00ean so v\u1edbi Zeolite t\u1ed5ng h\u1ee3p, N\u00f3 \u0111\u01b0\u1ee3c t\u1ea1o ra b\u1edfi ch\u1ee9c n\u0103ng c\u1ee7a khung aluminosilicate v\u1ec1 kh\u1ea3 n\u0103ng h\u1ea5p ph\u1ee5 v\u00e0 trao \u0111\u1ed5i cation. zeolit clinoptilolit \u0111\u01b0\u1ee3c l\u00e0m \u1edf d\u1ea1ng b\u1ed9t, h\u1ea1t.<\/p>\t\t\t\t\t\t<\/div>\n\t\t\t\t<\/div>\n\t\t\t\t\t<\/div>\n\t\t<\/div>\n\t\t\t\t\t<\/div>\n\t\t<\/section>\n\t\t\t\t<section class=\"elementor-section elementor-top-section elementor-element elementor-element-4b876269 elementor-section-boxed elementor-section-height-default elementor-section-height-default\" data-id=\"4b876269\" data-element_type=\"section\" data-settings=\"{&quot;background_background&quot;:&quot;classic&quot;}\">\n\t\t\t\t\t\t<div class=\"elementor-container elementor-column-gap-default\">\n\t\t\t\t\t<div class=\"elementor-column elementor-col-100 elementor-top-column elementor-element elementor-element-860d7ed\" data-id=\"860d7ed\" data-element_type=\"column\">\n\t\t\t<div class=\"elementor-widget-wrap elementor-element-populated\">\n\t\t\t\t\t\t<div class=\"elementor-element elementor-element-74fffdc0 elementor-widget elementor-widget-heading\" data-id=\"74fffdc0\" data-element_type=\"widget\" data-widget_type=\"heading.default\">\n\t\t\t\t<div class=\"elementor-widget-container\">\n\t\t\t<h3 class=\"elementor-heading-title elementor-size-default\">UZ-MIN THI\u00caN NHI\u00caN ZEOLITE MINERIAL T\u1eea ZEOLITEMIN<\/h3>\t\t<\/div>\n\t\t\t\t<\/div>\n\t\t\t\t<div class=\"elementor-element elementor-element-607bab21 elementor-widget elementor-widget-text-editor\" data-id=\"607bab21\" data-element_type=\"widget\" data-widget_type=\"text-editor.default\">\n\t\t\t\t<div class=\"elementor-widget-container\">\n\t\t\t\t\t\t\t<h3>T\u1ea1i sao ch\u1ecdn Zeolite - Clinoptilolite c\u1ee7a ch\u00fang t\u00f4i?<\/h3><p>ZEOLITEMIN l\u00e0 nh\u00e0 s\u1ea3n xu\u1ea5t v\u00e0 xu\u1ea5t kh\u1ea9u kho\u00e1ng s\u1ea3n zeolit t\u1ef1 nhi\u00ean h\u00e0ng \u0111\u1ea7u sang c\u00e1c n\u01b0\u1edbc Ch\u00e2u \u00c1. N\u00f3 s\u1edf h\u1eefu ngu\u1ed3n d\u1ef1 tr\u1eef ch\u1ea5t l\u01b0\u1ee3ng cao \u1edf Trung Qu\u1ed1c. D\u01b0\u1edbi \u0111\u00e2y l\u00e0 m\u1ed9t s\u1ed1 th\u00f4ng tin nhanh t\u1ea1i sao n\u00ean ch\u1ecdn zeolite - clinoptilolite c\u1ee7a ZEOLITEMIN.<\/p><h3>\u0110\u1ed9 tinh khi\u1ebft \u0111\u00e1ng kinh ng\u1ea1c<\/h3><p>t\u1ed1i thi\u1ec3u 85%<\/p><p>ZEOLITEMIN \u0111\u1ea3m b\u1ea3o \u0111\u1ed9 tinh khi\u1ebft t\u1ed1i thi\u1ec3u 85% trong c\u00e1c s\u1ea3n ph\u1ea9m c\u1ee7a m\u00ecnh. \u0110\u1ed9 tinh khi\u1ebft c\u1ee7a s\u1ea3n ph\u1ea9m li\u00ean t\u1ee5c \u0111\u01b0\u1ee3c theo d\u00f5i b\u1eb1ng ph\u00e2n t\u00edch. C\u00e1c cu\u1ed9c ki\u1ec3m tra th\u01b0\u1eddng xuy\u00ean \u0111ang \u0111\u01b0\u1ee3c th\u1ef1c hi\u1ec7n \u0111\u1ec3 ki\u1ec3m tra l\u01b0\u1ee3ng d\u1ef1 tr\u1eef. N\u00f3 th\u1ef1c hi\u1ec7n to\u00e0n b\u1ed9 s\u1ea3n xu\u1ea5t theo m\u1ed9t h\u1ec7 th\u1ed1ng ki\u1ec3m so\u00e1t ch\u1ea5t l\u01b0\u1ee3ng ISO nghi\u00eam ng\u1eb7t.<\/p><h3>Dung l\u01b0\u1ee3ng trao \u0111\u1ed5i ion Cation cao (CEC)<\/h3><p>L\u00ean \u0111\u1ebfn 170 meq \/ 100g ZEOLITEMIN cung c\u1ea5p clinoptilolite v\u1edbi m\u1ed9t trong nh\u1eefng Dung l\u01b0\u1ee3ng trao \u0111\u1ed5i ion Cation (CEC) cao nh\u1ea5t.<\/p><h3>Di\u1ec7n t\u00edch b\u1ec1 m\u1eb7t ri\u00eang cao<\/h3><p>L\u00ean \u0111\u1ebfn 60 m2 \/ g<\/p><p>S\u1ea3n ph\u1ea9m c\u1ee7a ZEOLITEMIN c\u00f3 th\u1ec3 \u0111\u1ea1t di\u1ec7n t\u00edch b\u1ec1 m\u1eb7t c\u1ee5 th\u1ec3 (SSA) l\u00ean \u0111\u1ebfn 60 m2 \/ gr. \u0110\u1ecbnh c\u1ee1 &amp; \u0110\u1eb7t t\u00ean ch\u00ednh x\u00e1c Dv90% Trong khi \u0111\u1eb7t t\u00ean cho s\u1ea3n ph\u1ea9m d\u1ea1ng b\u1ed9t, t\u00ean cho th\u1ea5y r\u1eb1ng 90% c\u1ee7a s\u1ea3n ph\u1ea9m n\u1eb1m d\u01b0\u1edbi \u201ck\u00edch th\u01b0\u1edbc \u0111\u00e3 \u0111\u1eb7t t\u00ean\u201d. V\u00ed d\u1ee5: khi ch\u00fang t\u00f4i \u0111\u1eb7t t\u00ean s\u1ea3n ph\u1ea9m l\u00e0 200 micromet, ch\u00fang t\u00f4i \u0111\u1ea3m b\u1ea3o r\u1eb1ng 90% c\u1ee7a s\u1ea3n ph\u1ea9m l\u00e0 d\u01b0\u1edbi 200 micromet.<\/p><h3>S\u1ea3n xu\u1ea5t \u0111\u1ed3ng th\u1eddi<\/h3><p>11 s\u1ea3n ph\u1ea9m Ch\u00fang t\u00f4i c\u00f3 th\u1ec3 s\u1ea3n xu\u1ea5t \u0111\u1ed3ng th\u1eddi 11 lo\u1ea1i s\u1ea3n ph\u1ea9m kh\u00e1c nhau, t\u1ea1i hai c\u01a1 s\u1edf kh\u00e1c nhau c\u1ee7a ch\u00fang t\u00f4i.<\/p><h3>S\u1ea3n xu\u1ea5t kh\u00f4ng ng\u1eebng<\/h3><p>4 m\u00f9a<\/p><p>ZEOLITEMIN ho\u1ea1t \u0111\u1ed9ng 4 m\u00f9a trong n\u0103m. Th\u00f4ng th\u01b0\u1eddng, c\u00e1c \u0111\u01a1n h\u00e0ng bao jumbo v\u00e0 \u0111\u01a1n h\u00e0ng s\u1ed1 l\u01b0\u1ee3ng l\u1edbn s\u1ebd \u0111\u01b0\u1ee3c v\u1eadn chuy\u1ec3n v\u00e0 giao h\u00e0ng ngay l\u1eadp t\u1ee9c. Ch\u00fang t\u00f4i th\u01b0\u1eddng giao c\u00e1c \u0111\u01a1n h\u00e0ng v\u1edbi c\u00e1c g\u00f3i nh\u1ecf h\u01a1n trong v\u00f2ng 3 - 10 ng\u00e0y.<\/p><h3>Nh\u00e0 cung c\u1ea5p b\u1ec1n v\u1eefng<\/h3><p>500 ha ZEOLITEMIN s\u1edf h\u1eefu 500 ha h\u1ed3 ch\u1ee9a zeolit - clinoptilolit t\u1ef1 nhi\u00ean ch\u1ea5t l\u01b0\u1ee3ng cao. Tr\u1eef l\u01b0\u1ee3ng t\u00ednh to\u00e1n l\u00e0 h\u01a1n 10 tri\u1ec7u t\u1ea5n. Nh\u00e0 s\u1ea3n xu\u1ea5t \u0111\u00e1ng tin c\u1eady 29 n\u0103m ZEOLITEMIN \u0111\u00e3 kinh doanh zeolite h\u01a1n 29 n\u0103m nay. Ch\u00fang t\u00f4i \u0111\u00e3 thi\u1ebft l\u1eadp m\u1ed1i quan h\u1ec7 \u0111\u1ed1i t\u00e1c l\u00e2u d\u00e0i l\u1eabn nhau v\u1edbi h\u1ea7u h\u1ebft c\u00e1c kh\u00e1ch h\u00e0ng c\u1ee7a ch\u00fang t\u00f4i. Ch\u00fang t\u00f4i c\u00f3 b\u00ed quy\u1ebft v\u00e0 kinh nghi\u1ec7m cho qu\u00e1 tr\u00ecnh s\u1ea3n xu\u1ea5t v\u00e0 \u1ee9ng d\u1ee5ng <a href=\"https:\/\/zeolitemin.com\/vn\/zeolite-science\/what-is-the-best-zeolite\/\">zeolit<\/a> &#8211; <a href=\"https:\/\/zeolitemin.com\/vn\/zeolite-science\/what-is-natural-clinoptilolite\/\">clinoptilolit<\/a>.<\/p><h3>Cung c\u1ea5p cho Th\u1ebf gi\u1edbi<\/h3><p>T\u1ea1i 55 qu\u1ed1c gia, Ch\u00fang t\u00f4i \u0111\u00e3 v\u1eadn chuy\u1ec3n \u0111\u1ebfn h\u01a1n 40 qu\u1ed1c gia tr\u00ean th\u1ebf gi\u1edbi. Kh\u00f4ng c\u00f3 nh\u00e0 s\u1ea3n xu\u1ea5t zeolite n\u00e0o kh\u00e1c c\u00f3 th\u1ec3 cung c\u1ea5p s\u1ea3n ph\u1ea9m c\u1ee7a m\u00ecnh \u0111\u1ebfn nhi\u1ec1u qu\u1ed1c gia tr\u00ean th\u1ebf gi\u1edbi nh\u01b0 v\u1eady. Th\u1eddi gian giao h\u00e0ng ng\u1eafn Trong v\u00f2ng 10 ng\u00e0y Ch\u00fang t\u00f4i th\u01b0\u1eddng giao h\u00e0ng cho b\u1ea1n <a href=\"https:\/\/antenchem.com\" rel=\"noopener\">b\u00e1n s\u1ec9<\/a> \u0111\u01a1n \u0111\u1eb7t h\u00e0ng t\u1eeb 3 \u0111\u1ebfn 10 ng\u00e0y.<\/p><h3>D\u1ecbch v\u1ee5 nhanh ch\u00f3ng<\/h3><p>24 gi\u1edd<\/p><p>Ch\u00fang t\u00f4i tr\u1ea3 l\u1eddi e-mail c\u1ee7a b\u1ea1n ngay trong ng\u00e0y. G\u1ea7n c\u1ea3ng Ch\u01b0a \u0111\u1ea7y 50 km C\u00e1c c\u01a1 s\u1edf s\u1ea3n xu\u1ea5t c\u1ee7a ch\u00fang t\u00f4i ch\u1ec9 c\u00e1ch m\u1ed9t trong nh\u1eefng c\u1ea3ng container l\u1edbn nh\u1ea5t Trung Qu\u1ed1c 50 km.<\/p><h3>Gi\u00e1 c\u1ea3 thu\u1eadn l\u1ee3i<\/h3><p>Gi\u1ea3m 20%<\/p><p>N\u1ebfu b\u1ea1n l\u00e0 ng\u01b0\u1eddi \u0111\u1ea7u ti\u00ean \u0111\u1eb7t h\u00e0ng t\u1eeb m\u1ed9t qu\u1ed1c gia m\u00e0 ch\u00fang t\u00f4i ch\u01b0a bao gi\u1edd giao h\u00e0ng tr\u01b0\u1edbc \u0111\u00e2y, ZEOLITEMIN s\u1ebd gi\u1ea3m gi\u00e1 20% cho \u0111\u01a1n h\u00e0ng \u0111\u1ea7u ti\u00ean c\u1ee7a b\u1ea1n.<\/p>\t\t\t\t\t\t<\/div>\n\t\t\t\t<\/div>\n\t\t\t\t\t<\/div>\n\t\t<\/div>\n\t\t\t\t\t<\/div>\n\t\t<\/section>\n\t\t\t\t<section class=\"elementor-section elementor-top-section elementor-element elementor-element-9a002c1 elementor-section-boxed elementor-section-height-default elementor-section-height-default\" data-id=\"9a002c1\" data-element_type=\"section\" data-settings=\"{&quot;background_background&quot;:&quot;classic&quot;}\">\n\t\t\t\t\t\t<div class=\"elementor-container elementor-column-gap-default\">\n\t\t\t\t\t<div class=\"elementor-column elementor-col-25 elementor-top-column elementor-element elementor-element-7023164\" data-id=\"7023164\" data-element_type=\"column\">\n\t\t\t<div class=\"elementor-widget-wrap elementor-element-populated\">\n\t\t\t\t\t\t<div class=\"elementor-element elementor-element-ea403e0 elementor-widget elementor-widget-heading\" data-id=\"ea403e0\" data-element_type=\"widget\" data-widget_type=\"heading.default\">\n\t\t\t\t<div class=\"elementor-widget-container\">\n\t\t\t<h3 class=\"elementor-heading-title elementor-size-default\">H\u00e3y \u0111\u1ec3 Zeolites c\u1ee7a ch\u00fang t\u00f4i h\u1ed7 tr\u1ee3 doanh nghi\u1ec7p c\u1ee7a b\u1ea1n<\/h3>\t\t<\/div>\n\t\t\t\t<\/div>\n\t\t\t\t\t<\/div>\n\t\t<\/div>\n\t\t\t\t<div class=\"elementor-column elementor-col-25 elementor-top-column elementor-element elementor-element-1dfc1f0\" data-id=\"1dfc1f0\" data-element_type=\"column\">\n\t\t\t<div class=\"elementor-widget-wrap\">\n\t\t\t\t\t\t\t<\/div>\n\t\t<\/div>\n\t\t\t\t<div class=\"elementor-column elementor-col-25 elementor-top-column elementor-element elementor-element-34a0678\" data-id=\"34a0678\" data-element_type=\"column\">\n\t\t\t<div class=\"elementor-widget-wrap elementor-element-populated\">\n\t\t\t\t\t\t<div class=\"elementor-element elementor-element-8ae1ad4 elementor-align-justify elementor-widget__width-initial elementor-widget elementor-widget-button\" data-id=\"8ae1ad4\" data-element_type=\"widget\" data-widget_type=\"button.default\">\n\t\t\t\t<div class=\"elementor-widget-container\">\n\t\t\t\t\t<div class=\"elementor-button-wrapper\">\n\t\t\t<a class=\"elementor-button elementor-button-link elementor-size-sm\" href=\"https:\/\/zeolitemin.com\/vn\/make-an-inquire\/\">\n\t\t\t\t\t\t<span class=\"elementor-button-content-wrapper\">\n\t\t\t\t\t\t\t\t\t<span class=\"elementor-button-text\">Th\u1ef1c hi\u1ec7n m\u1ed9t cu\u1ed9c \u0111i\u1ec1u tra<\/span>\n\t\t\t\t\t<\/span>\n\t\t\t\t\t<\/a>\n\t\t<\/div>\n\t\t\t\t<\/div>\n\t\t\t\t<\/div>\n\t\t\t\t\t<\/div>\n\t\t<\/div>\n\t\t\t\t<div class=\"elementor-column elementor-col-25 elementor-top-column elementor-element elementor-element-f3786c9\" data-id=\"f3786c9\" data-element_type=\"column\">\n\t\t\t<div class=\"elementor-widget-wrap\">\n\t\t\t\t\t\t\t<\/div>\n\t\t<\/div>\n\t\t\t\t\t<\/div>\n\t\t<\/section>\n\t\t\t\t<\/div>","protected":false},"excerpt":{"rendered":"<p>Zeolite t\u1ef1 nhi\u00ean so v\u1edbi Zeolite t\u1ed5ng h\u1ee3p, N\u00f3 \u0111\u01b0\u1ee3c t\u1ea1o ra nh\u1edd ch\u1ee9c n\u0103ng h\u1ea5p ph\u1ee5 v\u00e0 kh\u1ea3 n\u0103ng trao \u0111\u1ed5i cation c\u1ee7a khung aluminosilicate. zeolite clinoptilolite \u0111\u01b0\u1ee3c l\u00e0m d\u1ea1ng b\u1ed9t, d\u1ea1ng h\u1ea1t. UZ-MIN KHO\u00c1NG ZEOLITE T\u1ef0 NHI\u00caN T\u1eea ZEOLITEMIN T\u1ea1i sao ch\u1ecdn Zeolite \u2013 Clinoptilolite c\u1ee7a ch\u00fang t\u00f4i? ZEOLITEMIN l\u00e0 nh\u00e0 s\u1ea3n xu\u1ea5t v\u00e0 xu\u1ea5t kh\u1ea9u kho\u00e1ng ch\u1ea5t zeolit t\u1ef1 nhi\u00ean h\u00e0ng \u0111\u1ea7u sang c\u00e1c n\u01b0\u1edbc Ch\u00e2u \u00c1. N\u00f3 s\u1edf h\u1eefu d\u1ef1 tr\u1eef ch\u1ea5t l\u01b0\u1ee3ng cao \u1edf Trung Qu\u1ed1c. \u0110\u00e2y [\u2026]<\/p>","protected":false},"author":1,"featured_media":1390,"parent":3059,"menu_order":4,"comment_status":"closed","ping_status":"closed","template":"elementor_header_footer","meta":{"footnotes":""},"class_list":["post-1472","page","type-page","status-publish","has-post-thumbnail","hentry"],"_links":{"self":[{"href":"https:\/\/zeolitemin.com\/vn\/wp-json\/wp\/v2\/pages\/1472","targetHints":{"allow":["GET"]}}],"collection":[{"href":"https:\/\/zeolitemin.com\/vn\/wp-json\/wp\/v2\/pages"}],"about":[{"href":"https:\/\/zeolitemin.com\/vn\/wp-json\/wp\/v2\/types\/page"}],"author":[{"embeddable":true,"href":"https:\/\/zeolitemin.com\/vn\/wp-json\/wp\/v2\/users\/1"}],"replies":[{"embeddable":true,"href":"https:\/\/zeolitemin.com\/vn\/wp-json\/wp\/v2\/comments?post=1472"}],"version-history":[{"count":0,"href":"https:\/\/zeolitemin.com\/vn\/wp-json\/wp\/v2\/pages\/1472\/revisions"}],"up":[{"embeddable":true,"href":"https:\/\/zeolitemin.com\/vn\/wp-json\/wp\/v2\/pages\/3059"}],"wp:featuredmedia":[{"embeddable":true,"href":"https:\/\/zeolitemin.com\/vn\/wp-json\/wp\/v2\/media\/1390"}],"wp:attachment":[{"href":"https:\/\/zeolitemin.com\/vn\/wp-json\/wp\/v2\/media?parent=1472"}],"curies":[{"name":"wp","href":"https:\/\/api.w.org\/{rel}","templated":true}]}}