{"id":1460,"date":"2022-03-24T09:20:22","date_gmt":"2022-03-24T01:20:22","guid":{"rendered":"http:\/\/www.oklee.ga\/?page_id=1460"},"modified":"2024-07-01T18:42:24","modified_gmt":"2024-07-01T10:42:24","slug":"what-is-natural-clinoptilolite","status":"publish","type":"page","link":"https:\/\/zeolitemin.com\/vn\/zeolite-science\/what-is-natural-clinoptilolite\/","title":{"rendered":"Clinoptilolite t\u1ef1 nhi\u00ean l\u00e0 g\u00ec?"},"content":{"rendered":"<div data-elementor-type=\"wp-page\" data-elementor-id=\"1460\" class=\"elementor elementor-1460\" data-elementor-post-type=\"page\">\n\t\t\t\t\t\t<section class=\"elementor-section elementor-top-section elementor-element elementor-element-3b8c7e8f elementor-section-height-min-height elementor-section-boxed elementor-section-height-default elementor-section-items-middle\" data-id=\"3b8c7e8f\" data-element_type=\"section\" data-settings=\"{&quot;background_background&quot;:&quot;classic&quot;}\">\n\t\t\t\t\t\t<div class=\"elementor-container elementor-column-gap-default\">\n\t\t\t\t\t<div class=\"elementor-column elementor-col-100 elementor-top-column elementor-element elementor-element-36986852\" data-id=\"36986852\" data-element_type=\"column\">\n\t\t\t<div class=\"elementor-widget-wrap elementor-element-populated\">\n\t\t\t\t\t\t<div class=\"elementor-element elementor-element-4612f4f6 elementor-widget elementor-widget-theme-post-title elementor-page-title elementor-widget-heading\" data-id=\"4612f4f6\" data-element_type=\"widget\" data-widget_type=\"theme-post-title.default\">\n\t\t\t\t<div class=\"elementor-widget-container\">\n\t\t\t<h1 class=\"elementor-heading-title elementor-size-default\">Clinoptilolite t\u1ef1 nhi\u00ean l\u00e0 g\u00ec? D\u1ec5 d\u00e0ng bi\u1ebft th\u00eam<\/h1>\t\t<\/div>\n\t\t\t\t<\/div>\n\t\t\t\t<div class=\"elementor-element elementor-element-230f0694 elementor-widget elementor-widget-text-editor\" data-id=\"230f0694\" data-element_type=\"widget\" data-widget_type=\"text-editor.default\">\n\t\t\t\t<div class=\"elementor-widget-container\">\n\t\t\t\t\t\t\t<p>Zeolite t\u1ef1 nhi\u00ean so v\u1edbi Zeolite t\u1ed5ng h\u1ee3p, N\u00f3 \u0111\u01b0\u1ee3c t\u1ea1o ra b\u1edfi ch\u1ee9c n\u0103ng c\u1ee7a khung aluminosilicate v\u1ec1 kh\u1ea3 n\u0103ng h\u1ea5p ph\u1ee5 v\u00e0 trao \u0111\u1ed5i cation. zeolit clinoptilolit \u0111\u01b0\u1ee3c l\u00e0m \u1edf d\u1ea1ng b\u1ed9t, h\u1ea1t.<\/p>\t\t\t\t\t\t<\/div>\n\t\t\t\t<\/div>\n\t\t\t\t\t<\/div>\n\t\t<\/div>\n\t\t\t\t\t<\/div>\n\t\t<\/section>\n\t\t\t\t<section class=\"elementor-section elementor-top-section elementor-element elementor-element-2c1ef1a7 elementor-section-boxed elementor-section-height-default elementor-section-height-default\" data-id=\"2c1ef1a7\" data-element_type=\"section\" data-settings=\"{&quot;background_background&quot;:&quot;classic&quot;}\">\n\t\t\t\t\t\t<div class=\"elementor-container elementor-column-gap-default\">\n\t\t\t\t\t<div class=\"elementor-column elementor-col-100 elementor-top-column elementor-element elementor-element-70122d36\" data-id=\"70122d36\" data-element_type=\"column\">\n\t\t\t<div class=\"elementor-widget-wrap elementor-element-populated\">\n\t\t\t\t\t\t<div class=\"elementor-element elementor-element-241f2074 elementor-widget elementor-widget-heading\" data-id=\"241f2074\" data-element_type=\"widget\" data-widget_type=\"heading.default\">\n\t\t\t\t<div class=\"elementor-widget-container\">\n\t\t\t<h3 class=\"elementor-heading-title elementor-size-default\">Clinoptilolite - C\u1ea5u tr\u00fac, T\u00ednh ch\u1ea5t, S\u1ef1 ki\u1ec7n<\/h3>\t\t<\/div>\n\t\t\t\t<\/div>\n\t\t\t\t<div class=\"elementor-element elementor-element-2e5e2146 elementor-widget elementor-widget-text-editor\" data-id=\"2e5e2146\" data-element_type=\"widget\" data-widget_type=\"text-editor.default\">\n\t\t\t\t<div class=\"elementor-widget-container\">\n\t\t\t\t\t\t\t<p><!-- wp:heading {\"level\":3} --><\/p>\n<h3>\u00a0<\/h3>\n<p><!-- \/wp:heading --><!-- wp:image {\"align\":\"left\",\"id\":721,\"sizeSlug\":\"medium\",\"linkDestination\":\"none\"} --><\/p>\n<div class=\"wp-block-image\">\n<figure class=\"alignleft size-medium\">\n<figure id=\"attachment_672\" aria-describedby=\"caption-attachment-672\" style=\"width: 280px\" class=\"wp-caption alignleft\"><img fetchpriority=\"high\" decoding=\"async\" class=\"wp-image-672 size-full\" src=\"https:\/\/zeolitemin.com\/wp-content\/uploads\/2022\/03\/molecule_clinoptilolite-.gif\" alt=\"ph\u00e2n t\u1eed zeolit clinoptilolit t\u1ef1 nhi\u00ean\" width=\"280\" height=\"280\" \/><figcaption id=\"caption-attachment-672\" class=\"wp-caption-text\">ph\u00e2n t\u1eed zeolit clinoptilolit t\u1ef1 nhi\u00ean<\/figcaption><\/figure>\n<p>\u00a0<\/p>\n<figcaption><\/figcaption>\n<\/figure>\n<\/div>\n<p><!-- \/wp:image --><!-- wp:paragraph --><\/p>\n<p>Ng\u00e0y nay, c\u00f3 r\u1ea5t nhi\u1ec1u zeolit t\u1ef1 nhi\u00ean \u0111\u01b0\u1ee3c x\u00e1c \u0111\u1ecbnh tr\u00ean th\u1ebf gi\u1edbi. <a href=\"https:\/\/zeolitemin.com\/vn\/zeolite-science\/what-is-natural-clinoptilolite\/\">Clinoptilolite<\/a>, mordenite, phillipsite, chabazite, stilbite, analcime v\u00e0 laumontite l\u00e0 nh\u1eefng d\u1ea1ng r\u1ea5t ph\u1ed5 bi\u1ebfn trong khi ngo\u1ea1i vi, paulingite, barrerite v\u00e0 mazzite hi\u1ebfm h\u01a1n nhi\u1ec1u. C\u00f3 h\u01a1n 50 lo\u1ea1i kho\u00e1ng ch\u1ea5t zeolit t\u1ef1 nhi\u00ean v\u00e0 h\u01a1n 200 <a href=\"https:\/\/antenchem.com\" rel=\"noopener\">zeolit t\u1ed5ng h\u1ee3p<\/a> tr\u00ean th\u1ebf gi\u1edbi. Trong s\u1ed1 c\u00e1c zeolit, Clinoptilolit (thu\u1ed9c nh\u00f3m heulandit) l\u00e0 nhi\u1ec1u nh\u1ea5t <a href=\"https:\/\/zeolitemin.com\/vn\/zeolite-science\/what-is-the-best-zeolite\/\">zeolit t\u1ef1 nhi\u00ean<\/a>. C\u00e1c kh\u00e1ch h\u00e0ng th\u01b0\u01a1ng m\u1ea1i v\u00e0 c\u00f4ng nghi\u1ec7p s\u1eed d\u1ee5ng r\u1ed9ng r\u00e3i zeolit t\u1ef1 nhi\u00ean v\u00e0 ph\u00f9 h\u1ee3p tr\u00ean th\u1ebf gi\u1edbi.<\/p>\n<p><!-- \/wp:paragraph --><!-- wp:paragraph --><\/p>\n<p>S\u1ea3n l\u01b0\u1ee3ng zeolite t\u1ef1 nhi\u00ean h\u00e0ng n\u0103m c\u1ee7a th\u1ebf gi\u1edbi kho\u1ea3ng 3 tri\u1ec7u t\u1ea5n, H\u01a1n 80% s\u1ea3n l\u01b0\u1ee3ng zeolite tr\u00ean th\u1ebf gi\u1edbi l\u00e0 lo\u1ea1i clinoptilolite c\u1ee7a kho\u00e1ng ch\u1ea5t zeolite t\u1ef1 nhi\u00ean. Ngo\u00e0i nh\u1eefng th\u1ee9 t\u1ef1 nhi\u00ean, n\u00f3 \u0111\u00e3 ph\u00e1t tri\u1ec3n c\u00e1c zeolit t\u1ed5ng h\u1ee3p t\u00f9y ch\u1ec9nh tr\u00ean kh\u1eafp th\u1ebf gi\u1edbi.<\/p>\n<p><!-- \/wp:paragraph --><!-- wp:heading {\"level\":3} --><\/p>\n<h3>Lo\u1ea1i Zeolit<\/h3>\n<p><!-- \/wp:heading --><!-- wp:paragraph --><\/p>\n<p>Tuy nhi\u00ean, c\u00e1c nh\u00e0 khoa h\u1ecdc \u0111\u00e3 ph\u00e1t hi\u1ec7n ra 232 zeolit trong c\u00e1c c\u1ea5u tr\u00fac n\u00e0y v\u00e0 t\u1ed5ng h\u1ee3p ch\u00fang cho \u0111\u1ebfn nay. C\u00e1c k\u1ef9 s\u01b0 ch\u1ec9 quan s\u00e1t th\u1ea5y ph\u1ea7n nh\u1ecf kh\u1ea3 n\u0103ng n\u00e0y. Zeolit t\u1ef1 nhi\u00ean l\u00e0 ngu\u1ed3n t\u00e0i nguy\u00ean chi ph\u00ed th\u1ea5p. N\u00f3 l\u00e0 c\u00e1c aluminosilicat ng\u1eadm n\u01b0\u1edbc d\u1ea1ng tinh th\u1ec3 c\u00f3 c\u1ea5u tr\u00fac khung, ch\u1ee9a c\u00e1c l\u1ed7 r\u1ed7ng do n\u01b0\u1edbc, ki\u1ec1m v\u00e0 c\u00e1c cation ki\u1ec1m th\u1ed5 chi\u1ebfm gi\u1eef. Ch\u00fang t\u00f4i t\u1eadp trung v\u00e0o hai m\u1ee5c. Ch\u1eb3ng h\u1ea1n nh\u01b0 kh\u1ea3 n\u0103ng trao \u0111\u1ed5i cation cao v\u00e0 t\u00ednh ch\u1ea5t r\u00e2y ph\u00e2n t\u1eed. C\u00e1c k\u1ef9 s\u01b0 s\u1eed d\u1ee5ng zeolit r\u1ed9ng r\u00e3i l\u00e0m ch\u1ea5t h\u1ea5p ph\u1ee5 trong c\u00e1c qu\u00e1 tr\u00ecnh t\u00e1ch v\u00e0 tinh ch\u1ebf trong nh\u1eefng th\u1eadp k\u1ef7 qua.<\/p>\n<p><!-- \/wp:paragraph --><!-- wp:heading {\"level\":3} --><\/p>\n<p><!-- \/wp:paragraph --><\/p>\t\t\t\t\t\t<\/div>\n\t\t\t\t<\/div>\n\t\t\t\t<div class=\"elementor-element elementor-element-cd01192 elementor-widget elementor-widget-heading\" data-id=\"cd01192\" data-element_type=\"widget\" data-widget_type=\"heading.default\">\n\t\t\t\t<div class=\"elementor-widget-container\">\n\t\t\t<h3 class=\"elementor-heading-title elementor-size-default\">C\u1ea5u tr\u00fac Clinoptilolite<\/h3>\t\t<\/div>\n\t\t\t\t<\/div>\n\t\t\t\t<div class=\"elementor-element elementor-element-4d3f878 elementor-widget elementor-widget-text-editor\" data-id=\"4d3f878\" data-element_type=\"widget\" data-widget_type=\"text-editor.default\">\n\t\t\t\t<div class=\"elementor-widget-container\">\n\t\t\t\t\t\t\t<p><!-- \/wp:heading --><!-- wp:paragraph --><\/p>\n<p>Hi\u1ec7n nay, h\u1ea7u h\u1ebft c\u00e1c nh\u00e0 s\u1ea3n xu\u1ea5t \u0111\u1ec1u gia c\u00f4ng zeolit t\u1ef1 nhi\u00ean tr\u00ean th\u1ecb tr\u01b0\u1eddng. Tuy nhi\u00ean, kh\u00f4ng ph\u1ea3i t\u1ea5t c\u1ea3 c\u00e1c s\u1ea3n ph\u1ea9m zeolite \u0111\u1ec1u c\u00f3 h\u00e0m l\u01b0\u1ee3ng clinoptilolite cao. Ch\u1ea5t l\u01b0\u1ee3ng c\u1ee7a kho\u00e1ng zeolit ph\u1ee5 thu\u1ed9c v\u00e0o h\u00e0m l\u01b0\u1ee3ng c\u1ee7a s\u1ea3n ph\u1ea9m k\u1ec3 t\u1eeb t\u00e1c nh\u00e2n ho\u1ea1t \u0111\u1ed9ng (c\u00f3 th\u1ec3 trao \u0111\u1ed5i cation) trong kho\u00e1ng. Th\u1eadt kh\u00f4ng may tr\u00ean th\u1ecb tr\u01b0\u1eddng, m\u1ed9t s\u1ed1 s\u1ea3n ph\u1ea9m c\u00f3 h\u00e0m l\u01b0\u1ee3ng clinoptilolite th\u1ea5p \u0111\u1ebfn 50%, th\u1eadm ch\u00ed \u0111\u00f4i khi l\u00e0 40%, v\u00ec v\u1eady ph\u1ea7n c\u00f2n l\u1ea1i c\u1ee7a s\u1ea3n ph\u1ea9m l\u00e0 \u0111\u00e1 th\u00f4ng th\u01b0\u1eddng ho\u1eb7c \u0111\u1ea5t s\u00e9t.<\/p>\n<p><!-- \/wp:paragraph --><!-- wp:paragraph --><\/p>\n<p>Clinoptilolite s\u1edf h\u1eefu m\u1ed9t khung t\u1ee9 di\u1ec7n v\u00e0 t\u1ea1o th\u00e0nh m\u1ed9t chu\u1ed7i th\u00e0nh ph\u1ea7n li\u00ean t\u1ee5c \u0111\u01b0\u1ee3c g\u1ecdi l\u00e0 S\u1ea3n ph\u1ea9m c\u1ee7a Zeolitemin. \u0110\u1ec3 bi\u1ebft th\u00eam th\u00f4ng tin k\u1ef9 thu\u1eadt, vui l\u00f2ng truy c\u1eadp trang web c\u1ee7a Hi\u1ec7p h\u1ed9i Zeolite Qu\u1ed1c t\u1ebf (IZA). H\u1ecd \u0111\u00e3 t\u00ecm th\u1ea5y m\u1ed9t h\u00ecnh \u1ea3nh \u0111\u1ed9ng 3D cung c\u1ea5p th\u00f4ng tin v\u1ec1 c\u1ea5u tr\u00fac t\u1ee9 di\u1ec7n c\u1ee7a zeolite t\u1eeb trang web c\u1ee7a h\u1ecd v\u00e0 c\u00e1ch n\u00f3 h\u1ea5p th\u1ee5 c\u00e1c cation v\u00e0o l\u1ed3ng c\u1ee7a n\u00f3 gi\u1ed1ng nh\u01b0 m\u1ed9t nam ch\u00e2m.<\/p>\n<p><!-- \/wp:paragraph --><!-- wp:heading {\"level\":3} --><\/p>\n<h3>N\u00f3 t\u1ea1o th\u00e0nh m\u1ed9t chu\u1ed7i v\u1edbi heulandite:<\/h3>\n<p><!-- \/wp:heading --><!-- wp:list --><\/p>\n<ul>\n<li>Clinoptilolite-Ca - lo\u1ea1t dung d\u1ecbch r\u1eafn heulandite-Ca<\/li>\n<li>Clinoptilolite-K - lo\u1ea1t dung d\u1ecbch r\u1eafn heulandite-K<\/li>\n<li>Clinoptilolite-Na - chu\u1ed7i dung d\u1ecbch r\u1eafn heulandite-Na<\/li>\n<\/ul>\n<p><!-- \/wp:list --><!-- wp:paragraph --><\/p>\n<p><!-- \/wp:paragraph --><!-- wp:paragraph --><\/p>\n<p>Zeolit t\u1ef1 nhi\u00ean bao g\u1ed3m c\u00e1c t\u1ee9 di\u1ec7n SiO4 li\u00ean k\u1ebft. S\u01a1 \u0111\u1ed3 th\u1ec3 hi\u1ec7n m\u1ed1i quan h\u1ec7 gi\u1eefa ion Cesium b\u1ecb m\u1eafc k\u1eb9t v\u00e0 khu\u00f4n kh\u1ed5.<\/p>\n<p><!-- \/wp:paragraph --><!-- wp:heading {\"level\":3} --><\/p>\n<h3>T\u00ednh ch\u1ea5t zeolit h\u00f3a l\u00fd c\u1ee5 th\u1ec3:<\/h3>\n<p><!-- \/wp:heading --><!-- wp:list --><\/p>\n<ul>\n<li>\u0111\u1ed9 ch\u1ecdn l\u1ecdc trao \u0111\u1ed5i ion cao<\/li>\n<li>hydrat h\u00f3a c\u00f3 th\u1ec3 \u0111\u1ea3o ng\u01b0\u1ee3c v\u00e0 m\u1ea5t n\u01b0\u1edbc<\/li>\n<li>kh\u1ea3 n\u0103ng h\u1ea5p th\u1ee5 kh\u00ed cao<\/li>\n<li>kh\u1ea3 n\u0103ng \u1ed5n \u0111\u1ecbnh nhi\u1ec7t cao<\/li>\n<li>ch\u1ed1ng l\u1ea1i c\u00e1c ph\u01b0\u01a1ng ti\u1ec7n truy\u1ec1n th\u00f4ng t\u00edch c\u1ef1c<\/li>\n<\/ul>\n<p><!-- \/wp:list --><!-- wp:paragraph --><\/p>\n<p><!-- \/wp:paragraph --><!-- wp:paragraph --><\/p>\n<p>Zeolit t\u1ef1 nhi\u00ean clinoptilolit l\u00e0 m\u1ed9t kho\u00e1ng ch\u1ea5t aluminosilicat ng\u1eadm n\u01b0\u1edbc c\u00f3 c\u1ea5u tr\u00fac x\u1ed1p v\u1edbi c\u00e1c \u0111\u1eb7c t\u00ednh h\u00f3a l\u00fd c\u00f3 gi\u00e1 tr\u1ecb. Ch\u1eb3ng h\u1ea1n nh\u01b0 trao \u0111\u1ed5i cation, s\u00e0ng ph\u00e2n t\u1eed, x\u00fac t\u00e1c v\u00e0 h\u1ea5p th\u1ee5. S\u1eed d\u1ee5ng zeolit t\u1ef1 nhi\u00ean cho c\u00e1c \u1ee9ng d\u1ee5ng m\u00f4i tr\u01b0\u1eddng \u0111ang thu h\u00fat s\u1ef1 quan t\u00e2m nghi\u00ean c\u1ee9u g\u1ea7n \u0111\u00e2y ch\u1ee7 y\u1ebfu l\u00e0 do c\u00e1c \u0111\u1eb7c t\u00ednh c\u1ee7a ch\u00fang v\u00e0 s\u1ef1 xu\u1ea5t hi\u1ec7n \u0111\u00e1ng k\u1ec3 tr\u00ean to\u00e0n th\u1ebf gi\u1edbi.<\/p>\n<p><!-- \/wp:paragraph --><!-- wp:paragraph --><\/p>\n<p>Ngo\u00e0i ra, ph\u00f2ng th\u00ed nghi\u1ec7m SGS \u0111\u00e3 ph\u00ea duy\u1ec7t ch\u1ea5t l\u01b0\u1ee3ng c\u1ee7a ch\u00fang t\u00f4i t\u1eeb Xiamen Zeolitemin Biotech Co., Ltd. N\u1ebfu kh\u00f4ng, c\u1ed1t li\u1ec7u l\u00e0 clinoptilolit ch\u1ea5t l\u01b0\u1ee3ng th\u1ea5p.<\/p>\n<p><!-- \/wp:paragraph --><!-- wp:paragraph --><\/p>\n<p>C\u00e1c nguy\u00ean t\u1ed1 n\u00e0y \u0111\u01b0\u1ee3c trao \u0111\u1ed5i trong qu\u00e1 tr\u00ecnh trao \u0111\u1ed5i cation th\u00e0nh kim lo\u1ea1i n\u1eb7ng, ch\u1ea5t \u0111\u1ed9c, amoniac, v.v. c\u00f3 s\u1ee9c h\u00fat cao h\u01a1n \u0111\u1ed1i v\u1edbi kho\u00e1ng v\u1eadt. Vui l\u00f2ng ki\u1ec3m tra B\u1ea3o t\u00e0ng Kho\u00e1ng s\u1ea3n v\u00e0 Ph\u00e2n t\u1eed \u1ea2o \u0111\u1ec3 bi\u1ebft th\u00eam.<\/p>\t\t\t\t\t\t<\/div>\n\t\t\t\t<\/div>\n\t\t\t\t\t<\/div>\n\t\t<\/div>\n\t\t\t\t\t<\/div>\n\t\t<\/section>\n\t\t\t\t<section class=\"elementor-section elementor-top-section elementor-element elementor-element-94e37ee elementor-section-boxed elementor-section-height-default elementor-section-height-default\" data-id=\"94e37ee\" data-element_type=\"section\" data-settings=\"{&quot;background_background&quot;:&quot;classic&quot;}\">\n\t\t\t\t\t\t<div class=\"elementor-container elementor-column-gap-default\">\n\t\t\t\t\t<div class=\"elementor-column elementor-col-25 elementor-top-column elementor-element elementor-element-4f3c6eb\" data-id=\"4f3c6eb\" data-element_type=\"column\">\n\t\t\t<div class=\"elementor-widget-wrap elementor-element-populated\">\n\t\t\t\t\t\t<div class=\"elementor-element elementor-element-eab9786 elementor-widget elementor-widget-heading\" data-id=\"eab9786\" data-element_type=\"widget\" data-widget_type=\"heading.default\">\n\t\t\t\t<div class=\"elementor-widget-container\">\n\t\t\t<h3 class=\"elementor-heading-title elementor-size-default\">H\u00e3y \u0111\u1ec3 Zeolites c\u1ee7a ch\u00fang t\u00f4i h\u1ed7 tr\u1ee3 doanh nghi\u1ec7p c\u1ee7a b\u1ea1n<\/h3>\t\t<\/div>\n\t\t\t\t<\/div>\n\t\t\t\t\t<\/div>\n\t\t<\/div>\n\t\t\t\t<div class=\"elementor-column elementor-col-25 elementor-top-column elementor-element elementor-element-a5af200\" data-id=\"a5af200\" data-element_type=\"column\">\n\t\t\t<div class=\"elementor-widget-wrap\">\n\t\t\t\t\t\t\t<\/div>\n\t\t<\/div>\n\t\t\t\t<div class=\"elementor-column elementor-col-25 elementor-top-column elementor-element elementor-element-42474a1\" data-id=\"42474a1\" data-element_type=\"column\">\n\t\t\t<div class=\"elementor-widget-wrap elementor-element-populated\">\n\t\t\t\t\t\t<div class=\"elementor-element elementor-element-8f60ded elementor-align-justify elementor-widget__width-initial elementor-widget elementor-widget-button\" data-id=\"8f60ded\" data-element_type=\"widget\" data-widget_type=\"button.default\">\n\t\t\t\t<div class=\"elementor-widget-container\">\n\t\t\t\t\t<div class=\"elementor-button-wrapper\">\n\t\t\t<a class=\"elementor-button elementor-button-link elementor-size-sm\" href=\"https:\/\/zeolitemin.com\/vn\/make-an-inquire\/\">\n\t\t\t\t\t\t<span class=\"elementor-button-content-wrapper\">\n\t\t\t\t\t\t\t\t\t<span class=\"elementor-button-text\">Th\u1ef1c hi\u1ec7n m\u1ed9t cu\u1ed9c \u0111i\u1ec1u tra<\/span>\n\t\t\t\t\t<\/span>\n\t\t\t\t\t<\/a>\n\t\t<\/div>\n\t\t\t\t<\/div>\n\t\t\t\t<\/div>\n\t\t\t\t\t<\/div>\n\t\t<\/div>\n\t\t\t\t<div class=\"elementor-column elementor-col-25 elementor-top-column elementor-element elementor-element-152805b\" data-id=\"152805b\" data-element_type=\"column\">\n\t\t\t<div class=\"elementor-widget-wrap\">\n\t\t\t\t\t\t\t<\/div>\n\t\t<\/div>\n\t\t\t\t\t<\/div>\n\t\t<\/section>\n\t\t\t\t<\/div>","protected":false},"excerpt":{"rendered":"<p>Zeolite t\u1ef1 nhi\u00ean so v\u1edbi Zeolite t\u1ed5ng h\u1ee3p, N\u00f3 \u0111\u01b0\u1ee3c t\u1ea1o ra nh\u1edd ch\u1ee9c n\u0103ng h\u1ea5p ph\u1ee5 v\u00e0 kh\u1ea3 n\u0103ng trao \u0111\u1ed5i cation c\u1ee7a khung aluminosilicate. zeolite clinoptilolite \u0111\u01b0\u1ee3c l\u00e0m d\u1ea1ng b\u1ed9t, d\u1ea1ng h\u1ea1t. Clinoptilolite \u2013 C\u1ea5u tr\u00fac, T\u00ednh ch\u1ea5t, S\u1ef1 ki\u1ec7n Ng\u00e0y nay, c\u00f3 r\u1ea5t nhi\u1ec1u zeolit t\u1ef1 nhi\u00ean \u0111\u00e3 \u0111\u01b0\u1ee3c x\u00e1c \u0111\u1ecbnh tr\u00ean th\u1ebf gi\u1edbi. Clinoptilolite, mordenite, phillipsite, chabazite, stilbite, analcime, v\u00e0 laumontite l\u00e0 nh\u1eefng d\u1ea1ng r\u1ea5t ph\u1ed5 bi\u1ebfn trong khi offsite, paulingite, barrerite, v\u00e0 mazzite, [\u2026]<\/p>","protected":false},"author":1,"featured_media":1390,"parent":3059,"menu_order":3,"comment_status":"closed","ping_status":"closed","template":"elementor_header_footer","meta":{"footnotes":""},"class_list":["post-1460","page","type-page","status-publish","has-post-thumbnail","hentry"],"_links":{"self":[{"href":"https:\/\/zeolitemin.com\/vn\/wp-json\/wp\/v2\/pages\/1460","targetHints":{"allow":["GET"]}}],"collection":[{"href":"https:\/\/zeolitemin.com\/vn\/wp-json\/wp\/v2\/pages"}],"about":[{"href":"https:\/\/zeolitemin.com\/vn\/wp-json\/wp\/v2\/types\/page"}],"author":[{"embeddable":true,"href":"https:\/\/zeolitemin.com\/vn\/wp-json\/wp\/v2\/users\/1"}],"replies":[{"embeddable":true,"href":"https:\/\/zeolitemin.com\/vn\/wp-json\/wp\/v2\/comments?post=1460"}],"version-history":[{"count":0,"href":"https:\/\/zeolitemin.com\/vn\/wp-json\/wp\/v2\/pages\/1460\/revisions"}],"up":[{"embeddable":true,"href":"https:\/\/zeolitemin.com\/vn\/wp-json\/wp\/v2\/pages\/3059"}],"wp:featuredmedia":[{"embeddable":true,"href":"https:\/\/zeolitemin.com\/vn\/wp-json\/wp\/v2\/media\/1390"}],"wp:attachment":[{"href":"https:\/\/zeolitemin.com\/vn\/wp-json\/wp\/v2\/media?parent=1460"}],"curies":[{"name":"wp","href":"https:\/\/api.w.org\/{rel}","templated":true}]}}