{"id":1059,"date":"2022-03-18T15:02:51","date_gmt":"2022-03-18T07:02:51","guid":{"rendered":"http:\/\/www.oklee.ga\/?page_id=1059"},"modified":"2022-12-01T15:40:36","modified_gmt":"2022-12-01T07:40:36","slug":"uz-min-asphaclin-for-road-surfaces","status":"publish","type":"page","link":"https:\/\/zeolitemin.com\/vn\/products\/uz-min-asphaclin-for-road-surfaces\/","title":{"rendered":"UZ-Min AsphaClin cho b\u1ec1 m\u1eb7t \u0111\u01b0\u1eddng"},"content":{"rendered":"<div data-elementor-type=\"wp-page\" data-elementor-id=\"1059\" class=\"elementor elementor-1059\" data-elementor-post-type=\"page\">\n\t\t\t\t\t\t<section class=\"elementor-section elementor-top-section elementor-element elementor-element-37822b61 elementor-section-height-min-height elementor-section-content-middle elementor-section-boxed elementor-section-height-default elementor-section-items-middle\" data-id=\"37822b61\" data-element_type=\"section\" data-settings=\"{&quot;background_background&quot;:&quot;classic&quot;}\">\n\t\t\t\t\t\t<div class=\"elementor-container elementor-column-gap-default\">\n\t\t\t\t\t<div class=\"elementor-column elementor-col-100 elementor-top-column elementor-element elementor-element-9887786\" data-id=\"9887786\" data-element_type=\"column\">\n\t\t\t<div class=\"elementor-widget-wrap elementor-element-populated\">\n\t\t\t\t\t\t<div class=\"elementor-element elementor-element-aa9338c elementor-widget elementor-widget-theme-post-title elementor-page-title elementor-widget-heading\" data-id=\"aa9338c\" data-element_type=\"widget\" data-widget_type=\"theme-post-title.default\">\n\t\t\t\t<div class=\"elementor-widget-container\">\n\t\t\t<h1 class=\"elementor-heading-title elementor-size-default\">UZ-Min AsphaClin cho b\u1ec1 m\u1eb7t \u0111\u01b0\u1eddng<\/h1>\t\t<\/div>\n\t\t\t\t<\/div>\n\t\t\t\t\t<\/div>\n\t\t<\/div>\n\t\t\t\t\t<\/div>\n\t\t<\/section>\n\t\t\t\t<section class=\"elementor-section elementor-top-section elementor-element elementor-element-5a68aad0 elementor-section-stretched elementor-section-boxed elementor-section-height-default elementor-section-height-default\" data-id=\"5a68aad0\" data-element_type=\"section\" data-settings=\"{&quot;stretch_section&quot;:&quot;section-stretched&quot;,&quot;background_background&quot;:&quot;classic&quot;}\">\n\t\t\t\t\t\t<div class=\"elementor-container elementor-column-gap-default\">\n\t\t\t\t\t<div class=\"elementor-column elementor-col-50 elementor-top-column elementor-element elementor-element-728a1249\" data-id=\"728a1249\" data-element_type=\"column\">\n\t\t\t<div class=\"elementor-widget-wrap elementor-element-populated\">\n\t\t\t\t\t\t<div class=\"elementor-element elementor-element-1d29a65b elementor-widget elementor-widget-image\" data-id=\"1d29a65b\" data-element_type=\"widget\" data-widget_type=\"image.default\">\n\t\t\t\t<div class=\"elementor-widget-container\">\n\t\t\t\t\t\t\t\t\t\t\t\t\t<img fetchpriority=\"high\" decoding=\"async\" width=\"500\" height=\"333\" src=\"https:\/\/zeolitemin.com\/wp-content\/uploads\/2022\/03\/asphaltclin.jpg\" class=\"attachment-large size-large wp-image-621\" alt=\"UZ-Min AsphaClin zeolite cho nh\u1ef1a \u0111\u01b0\u1eddng b\u1ec1 m\u1eb7t \u0111\u01b0\u1eddng\" srcset=\"https:\/\/zeolitemin.com\/wp-content\/uploads\/2022\/03\/asphaltclin.jpg 500w, https:\/\/zeolitemin.com\/wp-content\/uploads\/2022\/03\/asphaltclin-300x200.jpg 300w\" sizes=\"(max-width: 500px) 100vw, 500px\" \/>\t\t\t\t\t\t\t\t\t\t\t\t\t<\/div>\n\t\t\t\t<\/div>\n\t\t\t\t\t<\/div>\n\t\t<\/div>\n\t\t\t\t<div class=\"elementor-column elementor-col-50 elementor-top-column elementor-element elementor-element-42c43ad1\" data-id=\"42c43ad1\" data-element_type=\"column\">\n\t\t\t<div class=\"elementor-widget-wrap elementor-element-populated\">\n\t\t\t\t\t\t<div class=\"elementor-element elementor-element-42c906f0 elementor-widget elementor-widget-heading\" data-id=\"42c906f0\" data-element_type=\"widget\" data-widget_type=\"heading.default\">\n\t\t\t\t<div class=\"elementor-widget-container\">\n\t\t\t<h2 class=\"elementor-heading-title elementor-size-default\">UZ-Min AsphaClin cho b\u1ec1 m\u1eb7t \u0111\u01b0\u1eddng<\/h2>\t\t<\/div>\n\t\t\t\t<\/div>\n\t\t\t\t<div class=\"elementor-element elementor-element-528d03e5 elementor-widget elementor-widget-text-editor\" data-id=\"528d03e5\" data-element_type=\"widget\" data-widget_type=\"text-editor.default\">\n\t\t\t\t<div class=\"elementor-widget-container\">\n\t\t\t\t\t\t\t<p>Th\u00e0nh ph\u1ea7n t\u00edch c\u1ef1c \u0111\u1ec3 s\u1ea3n xu\u1ea5t nh\u1ef1a \u0111\u01b0\u1eddng nh\u1eb1m c\u1ea3i thi\u1ec7n kh\u1ea3 n\u0103ng x\u1eed l\u00fd, ti\u1ebft ki\u1ec7m chi ph\u00ed v\u00e0 gi\u1ea3m ph\u00e1t th\u1ea3i.<\/p>\t\t\t\t\t\t<\/div>\n\t\t\t\t<\/div>\n\t\t\t\t<div class=\"elementor-element elementor-element-400c9602 elementor-widget elementor-widget-text-editor\" data-id=\"400c9602\" data-element_type=\"widget\" data-widget_type=\"text-editor.default\">\n\t\t\t\t<div class=\"elementor-widget-container\">\n\t\t\t\t\t\t\t<p>L\u00f4 h\u00e0ng: Container \/ T\u00e0u s\u1ed1 l\u01b0\u1ee3ng l\u1edbn<br \/>Th\u1eddi gian giao h\u00e0ng: 10 ng\u00e0y sau PO<br \/>C\u00f4ng su\u1ea5t: 3500 MT \/ th\u00e1ng<br \/>\u0110\u00f3ng g\u00f3i: 25kgs \/ 50kgs \/ 700kgs<\/p>\t\t\t\t\t\t<\/div>\n\t\t\t\t<\/div>\n\t\t\t\t\t<\/div>\n\t\t<\/div>\n\t\t\t\t\t<\/div>\n\t\t<\/section>\n\t\t\t\t<section class=\"elementor-section elementor-top-section elementor-element elementor-element-58e10c3 elementor-section-boxed elementor-section-height-default elementor-section-height-default\" data-id=\"58e10c3\" data-element_type=\"section\" data-settings=\"{&quot;background_background&quot;:&quot;classic&quot;}\">\n\t\t\t\t\t\t<div class=\"elementor-container elementor-column-gap-default\">\n\t\t\t\t\t<div class=\"elementor-column elementor-col-100 elementor-top-column elementor-element elementor-element-3f6c4d13\" data-id=\"3f6c4d13\" data-element_type=\"column\">\n\t\t\t<div class=\"elementor-widget-wrap elementor-element-populated\">\n\t\t\t\t\t\t<div class=\"elementor-element elementor-element-66e97c45 elementor-widget elementor-widget-heading\" data-id=\"66e97c45\" data-element_type=\"widget\" data-widget_type=\"heading.default\">\n\t\t\t\t<div class=\"elementor-widget-container\">\n\t\t\t<h3 class=\"elementor-heading-title elementor-size-default\">L\u1ee3i \u00edch c\u1ee7a AsphaClin UZ-Min cho b\u1ec1 m\u1eb7t \u0111\u01b0\u1eddng (Zeolite d\u1ef1a tr\u00ean Clinoptilolite)<\/h3>\t\t<\/div>\n\t\t\t\t<\/div>\n\t\t\t\t<div class=\"elementor-element elementor-element-4da1e7b4 elementor-widget elementor-widget-text-editor\" data-id=\"4da1e7b4\" data-element_type=\"widget\" data-widget_type=\"text-editor.default\">\n\t\t\t\t<div class=\"elementor-widget-container\">\n\t\t\t\t\t\t\t<ul><li>cho ph\u00e9p r\u1ea3i nh\u1ef1a \u0111\u01b0\u1eddng \u1edf nhi\u1ec7t \u0111\u1ed9 th\u1ea5p<\/li><li>gi\u1ea3m s\u1ea3n xu\u1ea5t CO2 v\u00e0 th\u1edf ra<\/li><li>gi\u1ea3m ti\u00eau th\u1ee5 n\u0103ng l\u01b0\u1ee3ng trong s\u1ea3n xu\u1ea5t nh\u1ef1a \u0111\u01b0\u1eddng<\/li><li>c\u1ea3i thi\u1ec7n kh\u1ea3 n\u0103ng l\u00e0m vi\u1ec7c<\/li><li>gi\u1ea3m chi ph\u00ed ho\u1ea1t \u0111\u1ed9ng<\/li><\/ul>\t\t\t\t\t\t<\/div>\n\t\t\t\t<\/div>\n\t\t\t\t\t<\/div>\n\t\t<\/div>\n\t\t\t\t\t<\/div>\n\t\t<\/section>\n\t\t\t\t<section class=\"elementor-section elementor-top-section elementor-element elementor-element-6551239 elementor-section-boxed elementor-section-height-default elementor-section-height-default\" data-id=\"6551239\" data-element_type=\"section\">\n\t\t\t\t\t\t<div class=\"elementor-container elementor-column-gap-default\">\n\t\t\t\t\t<div class=\"elementor-column elementor-col-100 elementor-top-column elementor-element elementor-element-206bb37\" data-id=\"206bb37\" data-element_type=\"column\">\n\t\t\t<div class=\"elementor-widget-wrap elementor-element-populated\">\n\t\t\t\t\t\t<div class=\"elementor-element elementor-element-e0652b6 elementor-widget elementor-widget-text-editor\" data-id=\"e0652b6\" data-element_type=\"widget\" data-widget_type=\"text-editor.default\">\n\t\t\t\t<div class=\"elementor-widget-container\">\n\t\t\t\t\t\t\t<p>AsphaClin l\u00e0 m\u1ed9t aluminosilicat ng\u1eadm n\u01b0\u1edbc vi kim lo\u1ea1i t\u1ef1 nhi\u00ean v\u1edbi c\u1ea5u tr\u00fac 3 chi\u1ec1u \u0111i\u1ec3n h\u00ecnh c\u1ee7a n\u00f3 bao g\u1ed3m c\u00e1c l\u1ed7 v\u00e0 khoang c\u00f3 k\u00edch th\u01b0\u1edbc ph\u00e2n t\u1eed. C\u00e1c k\u00eanh c\u1ee7a n\u00f3 c\u00f3 th\u1ec3 h\u1ea5p th\u1ee5 c\u00e1c ch\u1ea5t kh\u00e1c nhau - c\u1ea3 ph\u00e2n c\u1ef1c v\u00e0 kh\u00f4ng ph\u00e2n c\u1ef1c, c\u00e1c ph\u00e2n t\u1eed v\u00f4 c\u01a1 v\u00e0 h\u1eefu c\u01a1, c\u00e1c ch\u1ea5t c\u00f3 m\u00f9i, v.v ... Nh\u1edd c\u00e1c \u0111\u1eb7c t\u00ednh \u0111\u1ed9c \u0111\u00e1o c\u1ee7a n\u00f3, n\u00f3 c\u00f3 kh\u1ea3 n\u0103ng gi\u1eef l\u1ea1i c\u00e1c ch\u1ea5t r\u1eafn, kh\u00ed v\u00e0 l\u1ecfng.<\/p><h3>L\u00e1t nh\u1ef1a \u0111\u01b0\u1eddng s\u1eed d\u1ee5ng zeolit t\u1ef1 nhi\u00ean<\/h3><p>Nh\u1edd s\u1ef1 h\u1ea5p ph\u1ee5 c\u1ee7a n\u00f3 v\u00e0 <a href=\"https:\/\/antenchem.com\" rel=\"noopener\">s\u00e0ng ph\u00e2n t\u1eed<\/a> ph\u1ea9m ch\u1ea5t, zeolit - clinoptilolite c\u00f3 nhi\u1ec1u m\u1ee5c \u0111\u00edch s\u1eed d\u1ee5ng trong c\u00f4ng nghi\u1ec7p. Trong \u0111i\u1ec1u ki\u1ec7n t\u1ef1 nhi\u00ean, dung t\u00edch b\u00ean trong c\u1ee7a n\u00f3 gi\u1eef c\u00e1c ph\u00e2n t\u1eed n\u01b0\u1edbc v\u00e0 n\u00f3 tr\u1edf th\u00e0nh ch\u1ea5t h\u1ea5p th\u1ee5 ho\u1ea1t \u0111\u1ed9ng sau khi h\u00fat \u1ea9m. Zeolit t\u1ef1 nhi\u00ean mang l\u1ea1i hi\u1ec7u qu\u1ea3 x\u1eed l\u00fd v\u1eadt l\u00fd t\u1ed1i \u01b0u trong s\u1ea3n xu\u1ea5t nh\u1ef1a \u0111\u01b0\u1eddng v\u00e0 trong qu\u00e1 tr\u00ecnh r\u1ea3i nh\u1ef1a \u0111\u01b0\u1eddng.<\/p><h3>V\u1eadt li\u1ec7u b\u1ea3o v\u1ec7 m\u00f4i tr\u01b0\u1eddng v\u00e0 gi\u1ea3m chi ph\u00ed<\/h3><p>Vi\u1ec7c \u00e1p d\u1ee5ng AsphaClin l\u00e0m gi\u1ea3m nhi\u1ec7t \u0111\u1ed9 c\u1ea7n thi\u1ebft cho s\u1ea3n xu\u1ea5t nh\u1ef1a \u0111\u01b0\u1eddng, gi\u00fap gi\u1ea3m l\u01b0\u1ee3ng kh\u00ed th\u1ea3i, \u0111\u1eb7c bi\u1ec7t l\u00e0 trong nh\u1eefng th\u00e1ng m\u00f9a \u0111\u00f4ng, d\u1eabn \u0111\u1ebfn c\u1ea3i thi\u1ec7n kh\u1ea3 n\u0103ng l\u00e0m vi\u1ec7c c\u1ee7a nh\u1ef1a \u0111\u01b0\u1eddng. AsphaClin k\u00e9o d\u00e0i th\u1eddi gian thi c\u00f4ng c\u1ee7a h\u1ed7n h\u1ee3p b\u00ea t\u00f4ng nh\u1ef1a trong qu\u00e1 tr\u00ecnh r\u1ea3i nh\u1ef1a \u0111\u01b0\u1eddng v\u00e0 gi\u00fap gi\u1ea3m chi ph\u00ed v\u1eadn h\u00e0nh. AsphaClin, m\u1ed9t s\u1ea3n ph\u1ea9m d\u1ef1a tr\u00ean zeolit t\u1ef1 nhi\u00ean, l\u00e0 m\u1ed9t gi\u1ea3i ph\u00e1p sinh th\u00e1i kh\u00f4ng th\u1ec3 hi\u1ec7n g\u00e1nh n\u1eb7ng sinh th\u00e1i trong vi\u1ec7c tr\u1ea3i nh\u1ef1a \u0111\u01b0\u1eddng v\u00e0 c\u1ea3i thi\u1ec7n \u0111i\u1ec1u ki\u1ec7n l\u00e0m vi\u1ec7c cho c\u00f4ng nh\u00e2n trong s\u1ea3n xu\u1ea5t, m\u00e0 c\u00f2n trong qu\u00e1 tr\u00ecnh r\u1ea3i nh\u1ef1a \u0111\u01b0\u1eddng th\u1ef1c t\u1ebf.<\/p>\t\t\t\t\t\t<\/div>\n\t\t\t\t<\/div>\n\t\t\t\t<div class=\"elementor-element elementor-element-d968c2a elementor-button-info elementor-align-justify elementor-widget elementor-widget-button\" data-id=\"d968c2a\" data-element_type=\"widget\" data-widget_type=\"button.default\">\n\t\t\t\t<div class=\"elementor-widget-container\">\n\t\t\t\t\t<div class=\"elementor-button-wrapper\">\n\t\t\t<a class=\"elementor-button elementor-button-link elementor-size-lg\" href=\"https:\/\/zeolitemin.com\/vn\/products\/\">\n\t\t\t\t\t\t<span class=\"elementor-button-content-wrapper\">\n\t\t\t\t\t\t\t\t\t<span class=\"elementor-button-text\">Vui l\u00f2ng truy c\u1eadp v\u00e0o danh s\u00e1ch s\u1ea3n ph\u1ea9m zeolite c\u1ee7a ch\u00fang t\u00f4i.<\/span>\n\t\t\t\t\t<\/span>\n\t\t\t\t\t<\/a>\n\t\t<\/div>\n\t\t\t\t<\/div>\n\t\t\t\t<\/div>\n\t\t\t\t<div class=\"elementor-element elementor-element-88ba108 elementor-widget elementor-widget-spacer\" data-id=\"88ba108\" data-element_type=\"widget\" data-widget_type=\"spacer.default\">\n\t\t\t\t<div class=\"elementor-widget-container\">\n\t\t\t\t\t<div class=\"elementor-spacer\">\n\t\t\t<div class=\"elementor-spacer-inner\"><\/div>\n\t\t<\/div>\n\t\t\t\t<\/div>\n\t\t\t\t<\/div>\n\t\t\t\t<div class=\"elementor-element elementor-element-20b2d5b elementor-post-navigation-borders-yes elementor-widget elementor-widget-post-navigation\" data-id=\"20b2d5b\" data-element_type=\"widget\" data-widget_type=\"post-navigation.default\">\n\t\t\t\t<div class=\"elementor-widget-container\">\n\t\t\t\t\t<div class=\"elementor-post-navigation\">\n\t\t\t<div class=\"elementor-post-navigation__prev elementor-post-navigation__link\">\n\t\t\t\t<a href=\"https:\/\/zeolitemin.com\/vn\/products\/uz-min-cement-additives\/\" rel=\"prev\"><span class=\"post-navigation__arrow-wrapper post-navigation__arrow-prev\"><i class=\"fa fa-angle-left\" aria-hidden=\"true\"><\/i><span class=\"elementor-screen-only\">Tr\u01b0\u1edbc \u0111\u00f3<\/span><\/span><span class=\"elementor-post-navigation__link__prev\"><span class=\"post-navigation__prev--label\">Tr\u01b0\u1edbc<\/span><span class=\"post-navigation__prev--title\">Ph\u1ee5 gia xi m\u0103ng UZ-Min<\/span><\/span><\/a>\t\t\t<\/div>\n\t\t\t\t\t\t\t<div class=\"elementor-post-navigation__separator-wrapper\">\n\t\t\t\t\t<div class=\"elementor-post-navigation__separator\"><\/div>\n\t\t\t\t<\/div>\n\t\t\t\t\t\t<div class=\"elementor-post-navigation__next elementor-post-navigation__link\">\n\t\t\t\t<a href=\"https:\/\/zeolitemin.com\/vn\/products\/uz-min-treatment-of-drinking-water\/\" rel=\"next\"><span class=\"elementor-post-navigation__link__next\"><span class=\"post-navigation__next--label\">Ti\u1ebfp theo<\/span><span class=\"post-navigation__next--title\">UZ-Min X\u1eed l\u00fd n\u01b0\u1edbc u\u1ed1ng<\/span><\/span><span class=\"post-navigation__arrow-wrapper post-navigation__arrow-next\"><i class=\"fa fa-angle-right\" aria-hidden=\"true\"><\/i><span class=\"elementor-screen-only\">Ti\u1ebfp theo<\/span><\/span><\/a>\t\t\t<\/div>\n\t\t<\/div>\n\t\t\t\t<\/div>\n\t\t\t\t<\/div>\n\t\t\t\t\t<\/div>\n\t\t<\/div>\n\t\t\t\t\t<\/div>\n\t\t<\/section>\n\t\t\t\t<section class=\"elementor-section elementor-top-section elementor-element elementor-element-3e57abb1 elementor-section-boxed elementor-section-height-default elementor-section-height-default\" data-id=\"3e57abb1\" data-element_type=\"section\">\n\t\t\t\t\t\t<div class=\"elementor-container elementor-column-gap-default\">\n\t\t\t\t\t<div class=\"elementor-column elementor-col-100 elementor-top-column elementor-element elementor-element-62e31efe\" data-id=\"62e31efe\" data-element_type=\"column\">\n\t\t\t<div class=\"elementor-widget-wrap elementor-element-populated\">\n\t\t\t\t\t\t<section class=\"elementor-section elementor-inner-section elementor-element elementor-element-4c35e24f elementor-section-boxed elementor-section-height-default elementor-section-height-default\" data-id=\"4c35e24f\" data-element_type=\"section\" data-settings=\"{&quot;sticky&quot;:&quot;top&quot;,&quot;sticky_on&quot;:[&quot;desktop&quot;,&quot;tablet&quot;],&quot;sticky_parent&quot;:&quot;yes&quot;,&quot;sticky_offset&quot;:0,&quot;sticky_effects_offset&quot;:0}\">\n\t\t\t\t\t\t<div class=\"elementor-container elementor-column-gap-default\">\n\t\t\t\t\t<div class=\"elementor-column elementor-col-100 elementor-inner-column elementor-element elementor-element-38ba122f\" data-id=\"38ba122f\" data-element_type=\"column\" data-settings=\"{&quot;background_background&quot;:&quot;classic&quot;}\">\n\t\t\t<div class=\"elementor-widget-wrap elementor-element-populated\">\n\t\t\t\t\t\t<div class=\"elementor-element elementor-element-3532dcee elementor-widget elementor-widget-heading\" data-id=\"3532dcee\" data-element_type=\"widget\" data-widget_type=\"heading.default\">\n\t\t\t\t<div class=\"elementor-widget-container\">\n\t\t\t<h2 class=\"elementor-heading-title elementor-size-default\">G\u1eedi y\u00eau c\u1ea7u c\u1ee7a b\u1ea1n ngay h\u00f4m nay<\/h2>\t\t<\/div>\n\t\t\t\t<\/div>\n\t\t\t\t<div class=\"elementor-element elementor-element-5984f989 elementor-widget elementor-widget-template\" data-id=\"5984f989\" data-element_type=\"widget\" data-widget_type=\"template.default\">\n\t\t\t\t<div class=\"elementor-widget-container\">\n\t\t\t\t\t<div class=\"elementor-template\">\n\t\t\t\t\t<div data-elementor-type=\"section\" data-elementor-id=\"213\" class=\"elementor elementor-213\" data-elementor-post-type=\"elementor_library\">\n\t\t\t\t\t<section class=\"elementor-section elementor-top-section elementor-element elementor-element-147d694 elementor-section-boxed elementor-section-height-default elementor-section-height-default\" data-id=\"147d694\" data-element_type=\"section\">\n\t\t\t\t\t\t<div class=\"elementor-container elementor-column-gap-default\">\n\t\t\t\t\t<div class=\"elementor-column elementor-col-100 elementor-top-column elementor-element elementor-element-8955c09\" data-id=\"8955c09\" data-element_type=\"column\">\n\t\t\t<div class=\"elementor-widget-wrap elementor-element-populated\">\n\t\t\t\t\t\t<div class=\"elementor-element elementor-element-5294796 elementor-button-align-stretch elementor-widget elementor-widget-global elementor-global-2532 elementor-widget-form\" data-id=\"5294796\" data-element_type=\"widget\" data-settings=\"{&quot;step_next_label&quot;:&quot;Next&quot;,&quot;step_previous_label&quot;:&quot;Previous&quot;,&quot;button_width&quot;:&quot;100&quot;,&quot;step_type&quot;:&quot;number_text&quot;,&quot;step_icon_shape&quot;:&quot;circle&quot;}\" data-widget_type=\"form.default\">\n\t\t\t\t<div class=\"elementor-widget-container\">\n\t\t\t\t\t<form class=\"elementor-form\" method=\"post\" name=\"New Form\" action=\"\">\n\t\t\t<input type=\"hidden\" name=\"post_id\" value=\"213\"\/>\n\t\t\t<input type=\"hidden\" name=\"form_id\" value=\"5294796\"\/>\n\t\t\t<input type=\"hidden\" name=\"referer_title\" value=\"\" \/>\n\n\t\t\t\n\t\t\t<div class=\"elementor-form-fields-wrapper elementor-labels-\">\n\t\t\t\t\t\t\t\t<div class=\"elementor-field-type-text elementor-field-group elementor-column elementor-field-group-name elementor-col-50 elementor-field-required\">\n\t\t\t\t\t\t\t\t\t\t\t\t\t<input size=\"1\" type=\"text\" name=\"form_fields[name]\" id=\"form-field-name\" class=\"elementor-field elementor-size-sm  elementor-field-textual\" placeholder=\"T\u00ean *\" required=\"required\" aria-required=\"true\">\n\t\t\t\t\t\t\t\t\t\t\t<\/div>\n\t\t\t\t\t\t\t\t<div class=\"elementor-field-type-email elementor-field-group elementor-column elementor-field-group-email elementor-col-50 elementor-field-required\">\n\t\t\t\t\t\t\t\t\t\t\t\t\t<input size=\"1\" type=\"email\" name=\"form_fields[email]\" id=\"form-field-email\" class=\"elementor-field elementor-size-sm  elementor-field-textual\" placeholder=\"Email *\" required=\"required\" aria-required=\"true\">\n\t\t\t\t\t\t\t\t\t\t\t<\/div>\n\t\t\t\t\t\t\t\t<div class=\"elementor-field-type-text elementor-field-group elementor-column elementor-field-group-yourcompany elementor-col-50 elementor-field-required\">\n\t\t\t\t\t\t\t\t\t\t\t\t\t<input size=\"1\" type=\"text\" name=\"form_fields[yourcompany]\" id=\"form-field-yourcompany\" class=\"elementor-field elementor-size-sm  elementor-field-textual\" placeholder=\"C\u00f4ng ty *\" required=\"required\" aria-required=\"true\">\n\t\t\t\t\t\t\t\t\t\t\t<\/div>\n\t\t\t\t\t\t\t\t<div class=\"elementor-field-type-tel elementor-field-group elementor-column elementor-field-group-phone elementor-col-50 elementor-field-required\">\n\t\t\t\t\t\t\t<input size=\"1\" type=\"tel\" name=\"form_fields[phone]\" id=\"form-field-phone\" class=\"elementor-field elementor-size-sm  elementor-field-textual\" placeholder=\"\u0110i\u1ec7n tho\u1ea1i *\" required=\"required\" aria-required=\"true\" pattern=\"[0-9()#&amp;+*-=.]+\" title=\"Ch\u1ec9 s\u1ed1 v\u00e0 k\u00fd t\u1ef1 \u0111i\u1ec7n tho\u1ea1i (#, -, *, v.v.) m\u1edbi \u0111\u01b0\u1ee3c ch\u1ea5p nh\u1eadn.\">\n\n\t\t\t\t\t\t<\/div>\n\t\t\t\t\t\t\t\t<div class=\"elementor-field-type-text elementor-field-group elementor-column elementor-field-group-country elementor-col-50 elementor-field-required\">\n\t\t\t\t\t\t\t\t\t\t\t\t\t<input size=\"1\" type=\"text\" name=\"form_fields[country]\" id=\"form-field-country\" class=\"elementor-field elementor-size-sm  elementor-field-textual\" placeholder=\"Qu\u1ed1c gia\" required=\"required\" aria-required=\"true\">\n\t\t\t\t\t\t\t\t\t\t\t<\/div>\n\t\t\t\t\t\t\t\t<div class=\"elementor-field-type-text elementor-field-group elementor-column elementor-field-group-yourmobile elementor-col-50 elementor-field-required\">\n\t\t\t\t\t\t\t\t\t\t\t\t\t<input size=\"1\" type=\"text\" name=\"form_fields[yourmobile]\" id=\"form-field-yourmobile\" class=\"elementor-field elementor-size-sm  elementor-field-textual\" placeholder=\"Di \u0111\u1ed9ng *\" required=\"required\" aria-required=\"true\">\n\t\t\t\t\t\t\t\t\t\t\t<\/div>\n\t\t\t\t\t\t\t\t<div class=\"elementor-field-type-textarea elementor-field-group elementor-column elementor-field-group-message elementor-col-100 elementor-field-required\">\n\t\t\t\t\t<textarea class=\"elementor-field-textual elementor-field  elementor-size-sm\" name=\"form_fields[message]\" id=\"form-field-message\" rows=\"4\" placeholder=\"Th\u00f4ng \u0111i\u1ec7p *\" required=\"required\" aria-required=\"true\"><\/textarea>\t\t\t\t<\/div>\n\t\t\t\t\t\t\t\t<div class=\"elementor-field-type-recaptcha elementor-field-group elementor-column elementor-field-group-field_recaptcha elementor-col-100\">\n\t\t\t\t\t<div class=\"elementor-field\" id=\"form-field-field_recaptcha\"><div class=\"elementor-g-recaptcha\" data-sitekey=\"6LdTXg0iAAAAAJQWCjxvpI7P0vJF3Al_7EIzWP9u\" data-type=\"v2_checkbox\" data-theme=\"light\" data-size=\"normal\"><\/div><\/div>\t\t\t\t<\/div>\n\t\t\t\t\t\t\t\t<div class=\"elementor-field-group elementor-column elementor-field-type-submit elementor-col-100 e-form__buttons\">\n\t\t\t\t\t<button class=\"elementor-button elementor-size-sm\" type=\"submit\">\n\t\t\t\t\t\t<span class=\"elementor-button-content-wrapper\">\n\t\t\t\t\t\t\t\t\t\t\t\t\t\t\t\t\t\t\t\t\t\t<span class=\"elementor-button-text\">G\u1eedi<\/span>\n\t\t\t\t\t\t\t\t\t\t\t\t\t<\/span>\n\t\t\t\t\t<\/button>\n\t\t\t\t<\/div>\n\t\t\t<\/div>\n\t\t<input type=\"hidden\" name=\"trp-form-language\" value=\"vn\"\/><\/form>\n\t\t\t\t<\/div>\n\t\t\t\t<\/div>\n\t\t\t\t\t<\/div>\n\t\t<\/div>\n\t\t\t\t\t<\/div>\n\t\t<\/section>\n\t\t\t\t<\/div>\n\t\t\t\t<\/div>\n\t\t\t\t<\/div>\n\t\t\t\t<\/div>\n\t\t\t\t\t<\/div>\n\t\t<\/div>\n\t\t\t\t\t<\/div>\n\t\t<\/section>\n\t\t\t\t\t<\/div>\n\t\t<\/div>\n\t\t\t\t\t<\/div>\n\t\t<\/section>\n\t\t\t\t<\/div>","protected":false},"excerpt":{"rendered":"<p>Ho\u1ea1t ch\u1ea5t d\u00f9ng \u0111\u1ec3 s\u1ea3n xu\u1ea5t nh\u1ef1a \u0111\u01b0\u1eddng nh\u1eb1m n\u00e2ng cao kh\u1ea3 n\u0103ng x\u1eed l\u00fd, ti\u1ebft ki\u1ec7m chi ph\u00ed v\u00e0 gi\u1ea3m ph\u00e1t th\u1ea3i. L\u00f4 h\u00e0ng: Container \/ T\u00e0u r\u1eddi Th\u1eddi gian giao h\u00e0ng: 10 ng\u00e0y sau PO C\u00f4ng su\u1ea5t: 3500 t\u1ea5n \/ th\u00e1ng \u0110\u00f3ng g\u00f3i: 25kgs \/ 50kgs \/ 700kgs L\u1ee3i \u00edch c\u1ee7a UZ-Min AsphaClin cho m\u1eb7t \u0111\u01b0\u1eddng (Zeolite g\u1ed1c Clinoptilolite) cho ph\u00e9p tr\u1ea3i nh\u1ef1a \u0111\u01b0\u1eddng \u1edf [\u2026]<\/p>","protected":false},"author":1,"featured_media":621,"parent":34,"menu_order":7,"comment_status":"closed","ping_status":"closed","template":"elementor_header_footer","meta":{"footnotes":""},"class_list":["post-1059","page","type-page","status-publish","has-post-thumbnail","hentry"],"_links":{"self":[{"href":"https:\/\/zeolitemin.com\/vn\/wp-json\/wp\/v2\/pages\/1059","targetHints":{"allow":["GET"]}}],"collection":[{"href":"https:\/\/zeolitemin.com\/vn\/wp-json\/wp\/v2\/pages"}],"about":[{"href":"https:\/\/zeolitemin.com\/vn\/wp-json\/wp\/v2\/types\/page"}],"author":[{"embeddable":true,"href":"https:\/\/zeolitemin.com\/vn\/wp-json\/wp\/v2\/users\/1"}],"replies":[{"embeddable":true,"href":"https:\/\/zeolitemin.com\/vn\/wp-json\/wp\/v2\/comments?post=1059"}],"version-history":[{"count":0,"href":"https:\/\/zeolitemin.com\/vn\/wp-json\/wp\/v2\/pages\/1059\/revisions"}],"up":[{"embeddable":true,"href":"https:\/\/zeolitemin.com\/vn\/wp-json\/wp\/v2\/pages\/34"}],"wp:featuredmedia":[{"embeddable":true,"href":"https:\/\/zeolitemin.com\/vn\/wp-json\/wp\/v2\/media\/621"}],"wp:attachment":[{"href":"https:\/\/zeolitemin.com\/vn\/wp-json\/wp\/v2\/media?parent=1059"}],"curies":[{"name":"wp","href":"https:\/\/api.w.org\/{rel}","templated":true}]}}