{"id":5433,"date":"2022-05-24T16:20:09","date_gmt":"2022-05-24T08:20:09","guid":{"rendered":"https:\/\/zeolitemin.com\/?page_id=5433"},"modified":"2022-08-25T18:34:26","modified_gmt":"2022-08-25T10:34:26","slug":"sampling-policy","status":"publish","type":"page","link":"https:\/\/zeolitemin.com\/es\/sampling-policy\/","title":{"rendered":"Pol\u00edtica de muestreo"},"content":{"rendered":"<div data-elementor-type=\"wp-page\" data-elementor-id=\"5433\" class=\"elementor elementor-5433\" data-elementor-post-type=\"page\">\n\t\t\t\t\t\t<section class=\"elementor-section elementor-top-section elementor-element elementor-element-42a6ba00 elementor-section-height-min-height elementor-section-boxed elementor-section-height-default elementor-section-items-middle\" data-id=\"42a6ba00\" data-element_type=\"section\" data-settings=\"{&quot;background_background&quot;:&quot;classic&quot;}\">\n\t\t\t\t\t\t<div class=\"elementor-container elementor-column-gap-default\">\n\t\t\t\t\t<div class=\"elementor-column elementor-col-100 elementor-top-column elementor-element elementor-element-4b9c564f\" data-id=\"4b9c564f\" data-element_type=\"column\">\n\t\t\t<div class=\"elementor-widget-wrap elementor-element-populated\">\n\t\t\t\t\t\t<div class=\"elementor-element elementor-element-1a223263 elementor-widget elementor-widget-theme-post-title elementor-page-title elementor-widget-heading\" data-id=\"1a223263\" data-element_type=\"widget\" data-widget_type=\"theme-post-title.default\">\n\t\t\t\t<div class=\"elementor-widget-container\">\n\t\t\t<h1 class=\"elementor-heading-title elementor-size-default\">Pol\u00edtica de muestreo<\/h1>\t\t<\/div>\n\t\t\t\t<\/div>\n\t\t\t\t\t<\/div>\n\t\t<\/div>\n\t\t\t\t\t<\/div>\n\t\t<\/section>\n\t\t\t\t<section class=\"elementor-section elementor-top-section elementor-element elementor-element-2664b996 elementor-section-boxed elementor-section-height-default elementor-section-height-default\" data-id=\"2664b996\" data-element_type=\"section\" data-settings=\"{&quot;background_background&quot;:&quot;classic&quot;}\">\n\t\t\t\t\t\t<div class=\"elementor-container elementor-column-gap-default\">\n\t\t\t\t\t<div class=\"elementor-column elementor-col-100 elementor-top-column elementor-element elementor-element-7a52a79a\" data-id=\"7a52a79a\" data-element_type=\"column\">\n\t\t\t<div class=\"elementor-widget-wrap elementor-element-populated\">\n\t\t\t\t\t\t<div class=\"elementor-element elementor-element-11b40872 elementor-widget elementor-widget-heading\" data-id=\"11b40872\" data-element_type=\"widget\" data-widget_type=\"heading.default\">\n\t\t\t\t<div class=\"elementor-widget-container\">\n\t\t\t<h3 class=\"elementor-heading-title elementor-size-default\">Pol\u00edtica de muestreo<\/h3>\t\t<\/div>\n\t\t\t\t<\/div>\n\t\t\t\t<div class=\"elementor-element elementor-element-66b7c5d elementor-widget elementor-widget-text-editor\" data-id=\"66b7c5d\" data-element_type=\"widget\" data-widget_type=\"text-editor.default\">\n\t\t\t\t<div class=\"elementor-widget-container\">\n\t\t\t\t\t\t\t<p>ZeoliteMin Biotech ha suministrado muestras gratuitas de <a href=\"https:\/\/zeolitemin.com\/es\/zeolite-science\/what-is-the-best-zeolite\/\">zeolita natural<\/a> <a href=\"https:\/\/zeolitemin.com\/es\/zeolite-science\/what-is-natural-clinoptilolite\/\">clinoptilolita<\/a> est\u00e1ndar <a href=\"https:\/\/zeolitemin.com\/es\/products\/\">productos<\/a> a la comunidad acad\u00e9mica con fines de investigaci\u00f3n.<br \/>Formulario de Respuesta Acad\u00e9mica<\/p><p>Se requiere la siguiente informaci\u00f3n:<\/p><p>Nombre de contacto, Nombre de la instituci\u00f3n, Direcci\u00f3n de env\u00edo (debe ser a la instituci\u00f3n), Direcci\u00f3n de facturaci\u00f3n (debe incluir el nombre del contacto o departamento en la instituci\u00f3n), N\u00famero de tel\u00e9fono, N\u00famero de fax, Tipo de producto, Cantidad.<\/p><p>La siguiente explicaci\u00f3n de los campos del formulario le ayudar\u00e1 a completar la solicitud:<br \/>Nomenclatura de productos<br \/>Utilice el nombre del producto solicitado, como se indica en la p\u00e1gina Productos est\u00e1ndar.<br \/>Cantidad M\u00e1xima de Producto La cantidad m\u00e1xima de muestra, o parte de ella, es de 2 kilogramos por producto. Se suministrar\u00e1 un m\u00e1ximo de 2 kilogramos de material semestralmente a la misma instituci\u00f3n.<br \/>Si tiene alg\u00fan requisito, por favor <a href=\"https:\/\/zeolitemin.com\/es\/contact\/\">contacto<\/a> nosotros directamente.<\/p>\t\t\t\t\t\t<\/div>\n\t\t\t\t<\/div>\n\t\t\t\t\t<\/div>\n\t\t<\/div>\n\t\t\t\t\t<\/div>\n\t\t<\/section>\n\t\t\t\t<\/div>","protected":false},"excerpt":{"rendered":"<p>ZeoliteMin Biotech ha proporcionado muestras gratuitas de productos est\u00e1ndar de zeolita clinoptilolita natural a la comunidad acad\u00e9mica con fines de investigaci\u00f3n. Formulario de respuesta acad\u00e9mica Se requiere la siguiente informaci\u00f3n: Nombre de contacto, Nombre de la instituci\u00f3n, Direcci\u00f3n de env\u00edo (debe ser a la instituci\u00f3n), Direcci\u00f3n de facturaci\u00f3n (debe incluir el nombre de contacto o departamento en la instituci\u00f3n), N\u00famero de tel\u00e9fono, N\u00famero de fax, Tipo de producto, Cantidad. Los [\u2026]<\/p>","protected":false},"author":1,"featured_media":0,"parent":0,"menu_order":0,"comment_status":"closed","ping_status":"closed","template":"elementor_header_footer","meta":{"footnotes":""},"class_list":["post-5433","page","type-page","status-publish","hentry"],"_links":{"self":[{"href":"https:\/\/zeolitemin.com\/es\/wp-json\/wp\/v2\/pages\/5433","targetHints":{"allow":["GET"]}}],"collection":[{"href":"https:\/\/zeolitemin.com\/es\/wp-json\/wp\/v2\/pages"}],"about":[{"href":"https:\/\/zeolitemin.com\/es\/wp-json\/wp\/v2\/types\/page"}],"author":[{"embeddable":true,"href":"https:\/\/zeolitemin.com\/es\/wp-json\/wp\/v2\/users\/1"}],"replies":[{"embeddable":true,"href":"https:\/\/zeolitemin.com\/es\/wp-json\/wp\/v2\/comments?post=5433"}],"version-history":[{"count":0,"href":"https:\/\/zeolitemin.com\/es\/wp-json\/wp\/v2\/pages\/5433\/revisions"}],"wp:attachment":[{"href":"https:\/\/zeolitemin.com\/es\/wp-json\/wp\/v2\/media?parent=5433"}],"curies":[{"name":"wp","href":"https:\/\/api.w.org\/{rel}","templated":true}]}}