{"id":5423,"date":"2022-05-24T16:14:37","date_gmt":"2022-05-24T08:14:37","guid":{"rendered":"https:\/\/zeolitemin.com\/?page_id=5423"},"modified":"2022-06-17T11:09:03","modified_gmt":"2022-06-17T03:09:03","slug":"legal-information","status":"publish","type":"page","link":"https:\/\/zeolitemin.com\/es\/legal-information\/","title":{"rendered":"Informaci\u00f3n legal"},"content":{"rendered":"<div data-elementor-type=\"wp-page\" data-elementor-id=\"5423\" class=\"elementor elementor-5423\" data-elementor-post-type=\"page\">\n\t\t\t\t\t\t<section class=\"elementor-section elementor-top-section elementor-element elementor-element-366d7675 elementor-section-height-min-height elementor-section-boxed elementor-section-height-default elementor-section-items-middle\" data-id=\"366d7675\" data-element_type=\"section\" data-settings=\"{&quot;background_background&quot;:&quot;classic&quot;}\">\n\t\t\t\t\t\t<div class=\"elementor-container elementor-column-gap-default\">\n\t\t\t\t\t<div class=\"elementor-column elementor-col-100 elementor-top-column elementor-element elementor-element-73b07d83\" data-id=\"73b07d83\" data-element_type=\"column\">\n\t\t\t<div class=\"elementor-widget-wrap elementor-element-populated\">\n\t\t\t\t\t\t<div class=\"elementor-element elementor-element-348f9bbe elementor-widget elementor-widget-theme-post-title elementor-page-title elementor-widget-heading\" data-id=\"348f9bbe\" data-element_type=\"widget\" data-widget_type=\"theme-post-title.default\">\n\t\t\t\t<div class=\"elementor-widget-container\">\n\t\t\t<h1 class=\"elementor-heading-title elementor-size-default\">Informaci\u00f3n legal<\/h1>\t\t<\/div>\n\t\t\t\t<\/div>\n\t\t\t\t<div class=\"elementor-element elementor-element-1fdd9f4b elementor-widget elementor-widget-text-editor\" data-id=\"1fdd9f4b\" data-element_type=\"widget\" data-widget_type=\"text-editor.default\">\n\t\t\t\t<div class=\"elementor-widget-container\">\n\t\t\t\t\t\t\t<p>Este sitio web puede contener otros avisos de propiedad e informaci\u00f3n de derechos de autor, cuyos t\u00e9rminos deben observarse y seguirse.<\/p>\t\t\t\t\t\t<\/div>\n\t\t\t\t<\/div>\n\t\t\t\t\t<\/div>\n\t\t<\/div>\n\t\t\t\t\t<\/div>\n\t\t<\/section>\n\t\t\t\t<section class=\"elementor-section elementor-top-section elementor-element elementor-element-f6605d0 elementor-section-boxed elementor-section-height-default elementor-section-height-default\" data-id=\"f6605d0\" data-element_type=\"section\" data-settings=\"{&quot;background_background&quot;:&quot;classic&quot;}\">\n\t\t\t\t\t\t<div class=\"elementor-container elementor-column-gap-default\">\n\t\t\t\t\t<div class=\"elementor-column elementor-col-100 elementor-top-column elementor-element elementor-element-83b9ada\" data-id=\"83b9ada\" data-element_type=\"column\">\n\t\t\t<div class=\"elementor-widget-wrap elementor-element-populated\">\n\t\t\t\t\t\t<div class=\"elementor-element elementor-element-1ee24262 elementor-widget elementor-widget-heading\" data-id=\"1ee24262\" data-element_type=\"widget\" data-widget_type=\"heading.default\">\n\t\t\t\t<div class=\"elementor-widget-container\">\n\t\t\t<h3 class=\"elementor-heading-title elementor-size-default\">Informaci\u00f3n legal<\/h3>\t\t<\/div>\n\t\t\t\t<\/div>\n\t\t\t\t<div class=\"elementor-element elementor-element-57e63c8 elementor-widget elementor-widget-text-editor\" data-id=\"57e63c8\" data-element_type=\"widget\" data-widget_type=\"text-editor.default\">\n\t\t\t\t<div class=\"elementor-widget-container\">\n\t\t\t\t\t\t\t<p>Este sitio web puede contener otros avisos de propiedad e informaci\u00f3n de derechos de autor, cuyos t\u00e9rminos deben observarse y seguirse. La informaci\u00f3n legal de este sitio web puede contener imprecisiones t\u00e9cnicas o errores tipogr\u00e1ficos. La informaci\u00f3n puede modificarse o actualizarse sin previo aviso. ZeoliteMin tambi\u00e9n puede realizar mejoras y\/o cambios en los productos y\/o los programas descritos en esta informaci\u00f3n en cualquier momento sin previo aviso. Xiamen Zeolitemin Biotech Co., Ltd. no desea recibir informaci\u00f3n confidencial o de propiedad exclusiva de usted a trav\u00e9s de nuestro sitio web. Tenga en cuenta que cualquier informaci\u00f3n o material legal enviado a Xiamen Zeolitemin Biotech Co.,Ltd. se considerar\u00e1 NO confidencial. Al enviar a Xiamen Zeolitemin Biotech Co.,Ltd. cualquier informaci\u00f3n o material, otorga a Xiamen Zeolitemin Biotech Co.,Ltd. una licencia irrevocable y sin restricciones para usar, reproducir, mostrar, realizar, modificar, transmitir y distribuir esos materiales o informaci\u00f3n, y tambi\u00e9n acepta que Xiamen Zeolitemin Biotech Co.,Ltd. es libre de utilizar cualquier idea, concepto, conocimiento o t\u00e9cnica que nos env\u00ede para cualquier prop\u00f3sito.<br \/>Sin embargo, no divulgaremos su nombre ni publicitaremos el hecho de que nos envi\u00f3 materiales u otra informaci\u00f3n a menos que:<\/p><p>(a) Obtenemos su permiso para usar su nombre; o<\/p><p>(b) Primero le notificamos que los materiales u otra informaci\u00f3n que env\u00ede a una parte particular de este sitio se publicar\u00e1n o se utilizar\u00e1n con su nombre; o<\/p><p>(c) Estamos obligados a hacerlo por ley.<\/p><p>Puede obtener m\u00e1s informaci\u00f3n sobre Xiamen Zeolitemin Biotech Co.,Ltd. pr\u00e1cticas de privacidad en la Web. Informaci\u00f3n Xiamen Zeolitemin Biotech Co.,Ltd. publica en Worldwide Web puede contener referencias o referencias cruzadas a Xiamen Zeolitemin Biotech Co.,Ltd. productos, programas y servicios que no est\u00e1n anunciados o disponibles en su pa\u00eds. Dichas referencias no implican que Xiamen Zeolitemin Biotech Co.,Ltd. tiene la intenci\u00f3n de anunciar tales productos, programas o servicios en su pa\u00eds. Consulte a su Xiamen Zeolitemin Biotech Co.,Ltd. local. contacto comercial para obtener informaci\u00f3n sobre los productos, programas y servicios que pueden estar disponibles para usted. Las obligaciones de ZeoliteMin con respecto a sus productos y servicios se rigen \u00fanicamente por los acuerdos en virtud de los cuales se proporcionan. Si obtiene un producto o servicio de Xiamen Zeolitemin Biotech Co.,Ltd. fuera de este sitio web que se proporciona sin un acuerdo, ese producto o servicio se proporciona &quot;TAL CUAL&quot; sin garant\u00edas de ning\u00fan tipo, expresas o impl\u00edcitas, y el uso de ese producto o servicio es bajo su propio riesgo.<\/p><p><a href=\"https:\/\/zeolitemin.com\/es\/\">Xiamen Zeolitemin Biotech Co., Ltd<\/a>. no hace ninguna representaci\u00f3n sobre ning\u00fan otro sitio web al que pueda acceder a trav\u00e9s de este. Cuando accede a nuestro sitio web, incluso uno que pueda contener el Xiamen Zeolitemin Biotech Co.,Ltd. -logotipo, comprenda que es independiente de Xiamen Zeolitemin Biotech Co.,Ltd. , y que Xiamen Zeolitemin Biotech Co.,Ltd. no tiene control sobre el contenido de ese sitio web.<\/p><p>Adem\u00e1s, un enlace a una empresa que no sea de Xiamen Zeolitemin Biotech Co.,Ltd. sitio web no significa que Xiamen Zeolitemin Biotech Co.,Ltd. respalda o acepta cualquier responsabilidad por el contenido o el uso de dicho sitio web.<\/p><p>Depende de usted tomar precauciones para asegurarse de que todo lo que seleccione para su uso est\u00e9 libre de elementos tales como virus, gusanos, troyanos y otros elementos de naturaleza destructiva.<\/p><p>EN NING\u00daN CASO, ORGANIK KIMYA AS SER\u00c1 RESPONSABLE ANTE CUALQUIER PARTE POR CUALQUIER DA\u00d1O DIRECTO, INDIRECTO, ESPECIAL U OTROS DA\u00d1OS CONSECUENTES POR CUALQUIER USO DE ESTE SITIO WEB, O EN CUALQUIER OTRO SITIO WEB HIPERVINCULADO, INCLUYENDO, SIN LIMITACI\u00d3N, CUALQUIER LUCRO CESANTE, INTERRUPCI\u00d3N DEL NEGOCIO, P\u00c9RDIDA DE PROGRAMAS U OTROS DATOS EN SU SISTEMA DE MANEJO DE INFORMACI\u00d3N O DE CUALQUIER OTRA FORMA, AUNQUE SEA EXPRESAMENTE ADVERTIDO DE LA POSIBILIDAD DE DICHOS DA\u00d1OS.<\/p>\t\t\t\t\t\t<\/div>\n\t\t\t\t<\/div>\n\t\t\t\t\t<\/div>\n\t\t<\/div>\n\t\t\t\t\t<\/div>\n\t\t<\/section>\n\t\t\t\t<\/div>","protected":false},"excerpt":{"rendered":"<p>Este sitio web puede contener otros avisos de propiedad e informaci\u00f3n de derechos de autor, cuyos t\u00e9rminos deben observarse y seguirse. Este sitio web puede contener otros avisos de propiedad e informaci\u00f3n de derechos de autor, cuyos t\u00e9rminos deben observarse y seguirse. La informaci\u00f3n legal de este sitio web puede contener imprecisiones t\u00e9cnicas o errores tipogr\u00e1ficos. La informaci\u00f3n puede ser cambiada o [\u2026]<\/p>","protected":false},"author":1,"featured_media":0,"parent":0,"menu_order":0,"comment_status":"closed","ping_status":"closed","template":"elementor_header_footer","meta":{"footnotes":""},"class_list":["post-5423","page","type-page","status-publish","hentry"],"_links":{"self":[{"href":"https:\/\/zeolitemin.com\/es\/wp-json\/wp\/v2\/pages\/5423","targetHints":{"allow":["GET"]}}],"collection":[{"href":"https:\/\/zeolitemin.com\/es\/wp-json\/wp\/v2\/pages"}],"about":[{"href":"https:\/\/zeolitemin.com\/es\/wp-json\/wp\/v2\/types\/page"}],"author":[{"embeddable":true,"href":"https:\/\/zeolitemin.com\/es\/wp-json\/wp\/v2\/users\/1"}],"replies":[{"embeddable":true,"href":"https:\/\/zeolitemin.com\/es\/wp-json\/wp\/v2\/comments?post=5423"}],"version-history":[{"count":0,"href":"https:\/\/zeolitemin.com\/es\/wp-json\/wp\/v2\/pages\/5423\/revisions"}],"wp:attachment":[{"href":"https:\/\/zeolitemin.com\/es\/wp-json\/wp\/v2\/media?parent=5423"}],"curies":[{"name":"wp","href":"https:\/\/api.w.org\/{rel}","templated":true}]}}