{"id":5405,"date":"2022-05-24T15:43:08","date_gmt":"2022-05-24T07:43:08","guid":{"rendered":"https:\/\/zeolitemin.com\/?page_id=5405"},"modified":"2022-06-06T11:28:01","modified_gmt":"2022-06-06T03:28:01","slug":"privacy-statement","status":"publish","type":"page","link":"https:\/\/zeolitemin.com\/es\/privacy-statement\/","title":{"rendered":"Declaracion de privacidad"},"content":{"rendered":"<div data-elementor-type=\"wp-page\" data-elementor-id=\"5405\" class=\"elementor elementor-5405\" data-elementor-post-type=\"page\">\n\t\t\t\t\t\t<section class=\"elementor-section elementor-top-section elementor-element elementor-element-6f9a612e elementor-section-height-min-height elementor-section-boxed elementor-section-height-default elementor-section-items-middle\" data-id=\"6f9a612e\" data-element_type=\"section\" data-settings=\"{&quot;background_background&quot;:&quot;classic&quot;}\">\n\t\t\t\t\t\t<div class=\"elementor-container elementor-column-gap-default\">\n\t\t\t\t\t<div class=\"elementor-column elementor-col-100 elementor-top-column elementor-element elementor-element-5f5c2d09\" data-id=\"5f5c2d09\" data-element_type=\"column\">\n\t\t\t<div class=\"elementor-widget-wrap elementor-element-populated\">\n\t\t\t\t\t\t<div class=\"elementor-element elementor-element-40f54dae elementor-widget elementor-widget-theme-post-title elementor-page-title elementor-widget-heading\" data-id=\"40f54dae\" data-element_type=\"widget\" data-widget_type=\"theme-post-title.default\">\n\t\t\t\t<div class=\"elementor-widget-container\">\n\t\t\t<h1 class=\"elementor-heading-title elementor-size-default\">Declaracion de privacidad<\/h1>\t\t<\/div>\n\t\t\t\t<\/div>\n\t\t\t\t<div class=\"elementor-element elementor-element-32a9c86 elementor-widget elementor-widget-text-editor\" data-id=\"32a9c86\" data-element_type=\"widget\" data-widget_type=\"text-editor.default\">\n\t\t\t\t<div class=\"elementor-widget-container\">\n\t\t\t\t\t\t\t<p>Zeolita natural frente a zeolita sint\u00e9tica. Se fabric\u00f3 mediante la funci\u00f3n adsorbente y la capacidad de intercambio cati\u00f3nico de un marco de aluminosilicato. La zeolita clinoptilolita se hizo en polvo, gr\u00e1nulos.<\/p>\t\t\t\t\t\t<\/div>\n\t\t\t\t<\/div>\n\t\t\t\t\t<\/div>\n\t\t<\/div>\n\t\t\t\t\t<\/div>\n\t\t<\/section>\n\t\t\t\t<section class=\"elementor-section elementor-top-section elementor-element elementor-element-cc08f2e elementor-section-boxed elementor-section-height-default elementor-section-height-default\" data-id=\"cc08f2e\" data-element_type=\"section\" data-settings=\"{&quot;background_background&quot;:&quot;classic&quot;}\">\n\t\t\t\t\t\t<div class=\"elementor-container elementor-column-gap-default\">\n\t\t\t\t\t<div class=\"elementor-column elementor-col-100 elementor-top-column elementor-element elementor-element-3dd5d786\" data-id=\"3dd5d786\" data-element_type=\"column\">\n\t\t\t<div class=\"elementor-widget-wrap elementor-element-populated\">\n\t\t\t\t\t\t<div class=\"elementor-element elementor-element-313aec76 elementor-widget elementor-widget-heading\" data-id=\"313aec76\" data-element_type=\"widget\" data-widget_type=\"heading.default\">\n\t\t\t\t<div class=\"elementor-widget-container\">\n\t\t\t<h3 class=\"elementor-heading-title elementor-size-default\">Declaracion de privacidad<\/h3>\t\t<\/div>\n\t\t\t\t<\/div>\n\t\t\t\t<div class=\"elementor-element elementor-element-c06f4c5 elementor-widget elementor-widget-text-editor\" data-id=\"c06f4c5\" data-element_type=\"widget\" data-widget_type=\"text-editor.default\">\n\t\t\t\t<div class=\"elementor-widget-container\">\n\t\t\t\t\t\t\t<p>1. General<\/p><p>Su privacidad es importante para nosotros. ZeoliteMin se compromete a salvaguardar su privacidad en l\u00ednea. Si tiene preguntas sobre esta Declaraci\u00f3n, por favor cont\u00e1ctenos.<\/p><p>2. Naturaleza de la informaci\u00f3n recopilada<\/p><p>ZeoliteMin recopila informaci\u00f3n de varias maneras desde diferentes partes de nuestro sitio web. Parte de la informaci\u00f3n se recopila cuando se registra. Cuanta m\u00e1s informaci\u00f3n nos proporcione, mejor podremos personalizar su experiencia.<\/p><p>Adem\u00e1s del registro, podemos solicitarle informaci\u00f3n en otros momentos, incluidos (entre otros) cuando participa en un sorteo, concurso o promoci\u00f3n patrocinado por ZeoliteMin; y cuando nos informe de un problema.<\/p><p>Si se comunica con ZeoliteMin, podemos mantener un registro de esa correspondencia. ZeoliteMin tambi\u00e9n pide ocasionalmente a los usuarios que completen encuestas que utilizamos con fines de investigaci\u00f3n.<\/p><p>3. Uso de \u201cCookies\u201d<\/p><p>Las &quot;cookies&quot; son piezas de informaci\u00f3n que se utilizan para almacenar y rastrear informaci\u00f3n sobre usted. Las cookies se almacenan en el disco duro de su computadora. Usamos cookies para: recordarnos qui\u00e9n es usted y acceder a la informaci\u00f3n de su cuenta para brindarle un servicio m\u00e1s personalizado; estimar el n\u00famero de visitantes a nuestro sitio; para procesar los art\u00edculos que compra; y para realizar un seguimiento de sus entradas, env\u00edos y estado en algunas promociones, sorteos y concursos.<\/p><p>4. Privacidad de terceros<\/p><p>ZeoliteMin utiliza p\u00edxeles o archivos GIF transparentes para ayudar a administrar la publicidad en l\u00ednea. Estos archivos GIF son proporcionados por nuestro socio de administraci\u00f3n de anuncios.<\/p><p>5. Presentaciones<\/p><p>Al usar el sitio web de ZeoliteMin, usted acepta que ZeoliteMin tendr\u00e1 derecho a usar y divulgar cualquier informaci\u00f3n que nos env\u00ede dentro de nuestra empresa, seg\u00fan corresponda, sin compensaci\u00f3n ni reconocimiento de su fuente. ZeoliteMin tendr\u00e1 la libertad de usar cualquier idea, concepto, conocimiento o t\u00e9cnica, directa o indirectamente o de otra manera basada en la informaci\u00f3n que usted proporcione a ZeoliteMin a trav\u00e9s de nuestro sitio web, lo que incluye, entre otros, el desarrollo, la fabricaci\u00f3n y la comercializaci\u00f3n de productos o servicios.<\/p><p>6. Protecci\u00f3n y Uso de la Informaci\u00f3n<\/p><p>ZeoliteMin utiliza tecnolog\u00eda de punta para resguardar su informaci\u00f3n de manera segura. La informaci\u00f3n de su cuenta est\u00e1 encriptada y protegida con contrase\u00f1a para que solo usted tenga acceso a su informaci\u00f3n personal. Los detalles de su nombre de usuario y contrase\u00f1a se transmiten a nuestro servidor en forma cifrada de alta seguridad mediante SSL (capa de conexi\u00f3n segura). Puede editar su informaci\u00f3n en cualquier momento utilizando su contrase\u00f1a. De vez en cuando podemos ofrecerle ofertas especiales basadas en la informaci\u00f3n que ha proporcionado. Puede indicarnos que eliminemos su nombre y direcci\u00f3n o que los eliminemos de nuestras listas de correo en cualquier momento.<\/p><p>ZeoliteMin toma medidas para garantizar que su informaci\u00f3n se trate de forma segura y de acuerdo con los t\u00e9rminos y condiciones pertinentes y esta pol\u00edtica de privacidad. Desafortunadamente, la transmisi\u00f3n de datos a trav\u00e9s de Internet no puede garantizarse como 100% segura. Por lo tanto, mientras nos esforzamos por proteger su informaci\u00f3n, Organik Kimya no puede asegurar ni garantizar la seguridad de este sitio y usted lo usa bajo su propio riesgo.<\/p>\t\t\t\t\t\t<\/div>\n\t\t\t\t<\/div>\n\t\t\t\t\t<\/div>\n\t\t<\/div>\n\t\t\t\t\t<\/div>\n\t\t<\/section>\n\t\t\t\t<\/div>","protected":false},"excerpt":{"rendered":"<p>Zeolita natural frente a zeolita sint\u00e9tica. Se fabric\u00f3 mediante la funci\u00f3n adsorbente y la capacidad de intercambio cati\u00f3nico de un marco de aluminosilicato. La zeolita clinoptilolita se hizo en polvo, gr\u00e1nulos. Declaraci\u00f3n de privacidad 1. General Su privacidad es importante para nosotros. ZeoliteMin se compromete a salvaguardar su privacidad en l\u00ednea. Si tiene preguntas sobre esta Declaraci\u00f3n, por favor cont\u00e1ctenos. 2. Naturaleza de la Informaci\u00f3n [\u2026]<\/p>","protected":false},"author":4,"featured_media":0,"parent":0,"menu_order":0,"comment_status":"closed","ping_status":"closed","template":"elementor_header_footer","meta":{"footnotes":""},"class_list":["post-5405","page","type-page","status-publish","hentry"],"_links":{"self":[{"href":"https:\/\/zeolitemin.com\/es\/wp-json\/wp\/v2\/pages\/5405","targetHints":{"allow":["GET"]}}],"collection":[{"href":"https:\/\/zeolitemin.com\/es\/wp-json\/wp\/v2\/pages"}],"about":[{"href":"https:\/\/zeolitemin.com\/es\/wp-json\/wp\/v2\/types\/page"}],"author":[{"embeddable":true,"href":"https:\/\/zeolitemin.com\/es\/wp-json\/wp\/v2\/users\/4"}],"replies":[{"embeddable":true,"href":"https:\/\/zeolitemin.com\/es\/wp-json\/wp\/v2\/comments?post=5405"}],"version-history":[{"count":0,"href":"https:\/\/zeolitemin.com\/es\/wp-json\/wp\/v2\/pages\/5405\/revisions"}],"wp:attachment":[{"href":"https:\/\/zeolitemin.com\/es\/wp-json\/wp\/v2\/media?parent=5405"}],"curies":[{"name":"wp","href":"https:\/\/api.w.org\/{rel}","templated":true}]}}