{"id":3059,"date":"2022-04-17T13:27:48","date_gmt":"2022-04-17T05:27:48","guid":{"rendered":"https:\/\/www.oklee.ga\/?page_id=3059"},"modified":"2024-07-02T14:38:52","modified_gmt":"2024-07-02T06:38:52","slug":"zeolite-science","status":"publish","type":"page","link":"https:\/\/zeolitemin.com\/es\/zeolite-science\/","title":{"rendered":"Ciencia de la zeolita"},"content":{"rendered":"<div data-elementor-type=\"wp-page\" data-elementor-id=\"3059\" class=\"elementor elementor-3059\" data-elementor-post-type=\"page\">\n\t\t\t\t\t\t<section class=\"elementor-section elementor-top-section elementor-element elementor-element-a095a68 elementor-section-height-min-height elementor-section-boxed elementor-section-height-default elementor-section-items-middle\" data-id=\"a095a68\" data-element_type=\"section\" data-settings=\"{&quot;background_background&quot;:&quot;classic&quot;}\">\n\t\t\t\t\t\t<div class=\"elementor-container elementor-column-gap-default\">\n\t\t\t\t\t<div class=\"elementor-column elementor-col-100 elementor-top-column elementor-element elementor-element-71272bc6\" data-id=\"71272bc6\" data-element_type=\"column\">\n\t\t\t<div class=\"elementor-widget-wrap elementor-element-populated\">\n\t\t\t\t\t\t<div class=\"elementor-element elementor-element-63f0ffa elementor-widget elementor-widget-heading\" data-id=\"63f0ffa\" data-element_type=\"widget\" data-widget_type=\"heading.default\">\n\t\t\t\t<div class=\"elementor-widget-container\">\n\t\t\t<h1 class=\"elementor-heading-title elementor-size-default\">Zeolita Clinoptilolita - El regalo de la tierra<\/h1>\t\t<\/div>\n\t\t\t\t<\/div>\n\t\t\t\t<div class=\"elementor-element elementor-element-57a21eb8 elementor-widget elementor-widget-text-editor\" data-id=\"57a21eb8\" data-element_type=\"widget\" data-widget_type=\"text-editor.default\">\n\t\t\t\t<div class=\"elementor-widget-container\">\n\t\t\t\t\t\t\t<p>Zeolita natural frente a zeolita sint\u00e9tica. Se fabric\u00f3 mediante la funci\u00f3n adsorbente y la capacidad de intercambio cati\u00f3nico de un marco de aluminosilicato. La zeolita clinoptilolita se hizo en polvo, gr\u00e1nulos.<\/p>\t\t\t\t\t\t<\/div>\n\t\t\t\t<\/div>\n\t\t\t\t\t<\/div>\n\t\t<\/div>\n\t\t\t\t\t<\/div>\n\t\t<\/section>\n\t\t\t\t<section class=\"elementor-section elementor-top-section elementor-element elementor-element-479498ae elementor-section-boxed elementor-section-height-default elementor-section-height-default\" data-id=\"479498ae\" data-element_type=\"section\" data-settings=\"{&quot;background_background&quot;:&quot;classic&quot;}\">\n\t\t\t\t\t\t<div class=\"elementor-container elementor-column-gap-default\">\n\t\t\t\t\t<div class=\"elementor-column elementor-col-100 elementor-top-column elementor-element elementor-element-5d0806c\" data-id=\"5d0806c\" data-element_type=\"column\">\n\t\t\t<div class=\"elementor-widget-wrap elementor-element-populated\">\n\t\t\t\t\t\t<section class=\"elementor-section elementor-inner-section elementor-element elementor-element-2f6a145 elementor-section-boxed elementor-section-height-default elementor-section-height-default\" data-id=\"2f6a145\" data-element_type=\"section\">\n\t\t\t\t\t\t<div class=\"elementor-container elementor-column-gap-default\">\n\t\t\t\t\t<div class=\"elementor-column elementor-col-50 elementor-inner-column elementor-element elementor-element-db5c755\" data-id=\"db5c755\" data-element_type=\"column\">\n\t\t\t<div class=\"elementor-widget-wrap elementor-element-populated\">\n\t\t\t\t\t\t<div class=\"elementor-element elementor-element-65fa772 elementor-widget elementor-widget-heading\" data-id=\"65fa772\" data-element_type=\"widget\" data-widget_type=\"heading.default\">\n\t\t\t\t<div class=\"elementor-widget-container\">\n\t\t\t<h2 class=\"elementor-heading-title elementor-size-default\">Zeolita \/ Zeolita<\/h2>\t\t<\/div>\n\t\t\t\t<\/div>\n\t\t\t\t\t<\/div>\n\t\t<\/div>\n\t\t\t\t<div class=\"elementor-column elementor-col-50 elementor-inner-column elementor-element elementor-element-58986fc\" data-id=\"58986fc\" data-element_type=\"column\">\n\t\t\t<div class=\"elementor-widget-wrap elementor-element-populated\">\n\t\t\t\t\t\t<div class=\"elementor-element elementor-element-8183477 elementor-widget elementor-widget-text-editor\" data-id=\"8183477\" data-element_type=\"widget\" data-widget_type=\"text-editor.default\">\n\t\t\t\t<div class=\"elementor-widget-container\">\n\t\t\t\t\t\t\t<p><span class=\"src\" data-group=\"0-0\">Instalaci\u00f3n de filtro de piscina y medios de agua potable<br \/>Renovaci\u00f3n y mantenimiento de canchas deportivas <\/span><br \/><span class=\"src\" data-group=\"1-0\">fabricaci\u00f3n de fertilizantes <br \/>Fabricaci\u00f3n de alimentos para animales<br \/>Tratamiento de aguas residuales\u00a0<br \/><\/span>Eliminaci\u00f3n de metales pesados y adsorbente<br \/><span class=\"src\" data-group=\"2-0\">Plantas de digesti\u00f3n anaer\u00f3bica (DA) <\/span><\/p>\t\t\t\t\t\t<\/div>\n\t\t\t\t<\/div>\n\t\t\t\t\t<\/div>\n\t\t<\/div>\n\t\t\t\t\t<\/div>\n\t\t<\/section>\n\t\t\t\t<div class=\"elementor-element elementor-element-4e5b992 elementor-widget elementor-widget-heading\" data-id=\"4e5b992\" data-element_type=\"widget\" data-widget_type=\"heading.default\">\n\t\t\t\t<div class=\"elementor-widget-container\">\n\t\t\t<h3 class=\"elementor-heading-title elementor-size-default\">Experiencia t\u00e9cnica<\/h3>\t\t<\/div>\n\t\t\t\t<\/div>\n\t\t\t\t<section class=\"elementor-section elementor-inner-section elementor-element elementor-element-9baa3ca elementor-section-boxed elementor-section-height-default elementor-section-height-default\" data-id=\"9baa3ca\" data-element_type=\"section\">\n\t\t\t\t\t\t<div class=\"elementor-container elementor-column-gap-default\">\n\t\t\t\t\t<div class=\"elementor-column elementor-col-50 elementor-inner-column elementor-element elementor-element-a531c6e\" data-id=\"a531c6e\" data-element_type=\"column\">\n\t\t\t<div class=\"elementor-widget-wrap elementor-element-populated\">\n\t\t\t\t\t\t<div class=\"elementor-element elementor-element-21d31a3 elementor-widget elementor-widget-image\" data-id=\"21d31a3\" data-element_type=\"widget\" data-widget_type=\"image.default\">\n\t\t\t\t<div class=\"elementor-widget-container\">\n\t\t\t\t\t\t\t\t\t\t\t\t\t<img fetchpriority=\"high\" decoding=\"async\" width=\"300\" height=\"216\" src=\"https:\/\/zeolitemin.com\/wp-content\/uploads\/2022\/03\/Zeolite_Clinoptilolite-1-300x216.jpg\" class=\"attachment-medium size-medium wp-image-721\" alt=\"Zeolita natural Clinoptilolita TDS MSDS\" srcset=\"https:\/\/zeolitemin.com\/wp-content\/uploads\/2022\/03\/Zeolite_Clinoptilolite-1-300x216.jpg 300w, https:\/\/zeolitemin.com\/wp-content\/uploads\/2022\/03\/Zeolite_Clinoptilolite-1.jpg 700w\" sizes=\"(max-width: 300px) 100vw, 300px\" \/>\t\t\t\t\t\t\t\t\t\t\t\t\t<\/div>\n\t\t\t\t<\/div>\n\t\t\t\t\t<\/div>\n\t\t<\/div>\n\t\t\t\t<div class=\"elementor-column elementor-col-50 elementor-inner-column elementor-element elementor-element-e40062c\" data-id=\"e40062c\" data-element_type=\"column\">\n\t\t\t<div class=\"elementor-widget-wrap elementor-element-populated\">\n\t\t\t\t\t\t<div class=\"elementor-element elementor-element-bf501ef elementor-widget elementor-widget-text-editor\" data-id=\"bf501ef\" data-element_type=\"widget\" data-widget_type=\"text-editor.default\">\n\t\t\t\t<div class=\"elementor-widget-container\">\n\t\t\t\t\t\t\t<p>Zeolita <a href=\"https:\/\/zeolitemin.com\/es\/zeolite-science\/what-is-natural-clinoptilolite\/\">clinoptilolita<\/a> es una familia de minerales de aluminosilicato cristalino. Al igual que otras zeolitas como <a href=\"https:\/\/antenchem.com\" rel=\"noopener\">tamiz molecular<\/a> , la clinoptilolita tiene una estructura tridimensional similar a una jaula que consta de tetraedros de SiO4 y AlO4 unidos por \u00e1tomos de ox\u00edgeno compartidos.\u00a0<\/p><p>Las cargas negativas de las unidades de AlO4 se equilibran con la presencia de cati\u00f3n intercambiable, que puede ser f\u00e1cilmente desplazado por otras sustancias, particularmente amonio e iones met\u00e1licos. Esto se conoce como intercambio cati\u00f3nico, y es la alta capacidad de intercambio cati\u00f3nico (CEC) de la clinoptilolita UZ-Min\u00ae la que proporciona muchas de sus propiedades m\u00e1s \u00fatiles.<\/p>\t\t\t\t\t\t<\/div>\n\t\t\t\t<\/div>\n\t\t\t\t\t<\/div>\n\t\t<\/div>\n\t\t\t\t\t<\/div>\n\t\t<\/section>\n\t\t\t\t<div class=\"elementor-element elementor-element-54e2061 elementor-widget elementor-widget-heading\" data-id=\"54e2061\" data-element_type=\"widget\" data-widget_type=\"heading.default\">\n\t\t\t\t<div class=\"elementor-widget-container\">\n\t\t\t<h3 class=\"elementor-heading-title elementor-size-default\">La zeolita clinoptilolita natural UZ-Min\u00ae confiere los siguientes beneficios:<\/h3>\t\t<\/div>\n\t\t\t\t<\/div>\n\t\t\t\t<div class=\"elementor-element elementor-element-6fa6b70 elementor-widget elementor-widget-text-editor\" data-id=\"6fa6b70\" data-element_type=\"widget\" data-widget_type=\"text-editor.default\">\n\t\t\t\t<div class=\"elementor-widget-container\">\n\t\t\t\t\t\t\t<ul><li>Mejora la retenci\u00f3n de nutrientes y fertilizantes del suelo en la zona de ra\u00edces<\/li><li>Los gr\u00e1nulos de zeolita de alta capacidad de intercambio cati\u00f3nico absorben nitr\u00f3geno y potasio solubles, lo que reduce la lixiviaci\u00f3n de nutrientes clave<br \/>Los gr\u00e1nulos porosos aumentan la aireaci\u00f3n, lo que da como resultado un c\u00e9sped m\u00e1s saludable<\/li><li>Mejora las tasas de germinaci\u00f3n<\/li><li>MEJOR proteger contra la quemadura de fertilizantes del suelo<\/li><li>Los gr\u00e1nulos robustos resisten la compactaci\u00f3n del suelo<\/li><\/ul>\t\t\t\t\t\t<\/div>\n\t\t\t\t<\/div>\n\t\t\t\t\t<\/div>\n\t\t<\/div>\n\t\t\t\t\t<\/div>\n\t\t<\/section>\n\t\t\t\t<section class=\"elementor-section elementor-top-section elementor-element elementor-element-e465e31 elementor-section-boxed elementor-section-height-default elementor-section-height-default\" data-id=\"e465e31\" data-element_type=\"section\">\n\t\t\t\t\t\t<div class=\"elementor-container elementor-column-gap-default\">\n\t\t\t\t\t<div class=\"elementor-column elementor-col-100 elementor-top-column elementor-element elementor-element-4b69595\" data-id=\"4b69595\" data-element_type=\"column\">\n\t\t\t<div class=\"elementor-widget-wrap elementor-element-populated\">\n\t\t\t\t\t\t<div class=\"elementor-element elementor-element-b6b59a3 elementor-widget elementor-widget-heading\" data-id=\"b6b59a3\" data-element_type=\"widget\" data-widget_type=\"heading.default\">\n\t\t\t\t<div class=\"elementor-widget-container\">\n\t\t\t<h3 class=\"elementor-heading-title elementor-size-default\">Conocimiento de la ciencia de la zeolita<\/h3>\t\t<\/div>\n\t\t\t\t<\/div>\n\t\t\t\t<div class=\"elementor-element elementor-element-b7fd069 elementor-widget-divider--view-line elementor-widget elementor-widget-divider\" data-id=\"b7fd069\" data-element_type=\"widget\" data-widget_type=\"divider.default\">\n\t\t\t\t<div class=\"elementor-widget-container\">\n\t\t\t\t\t<div class=\"elementor-divider\">\n\t\t\t<span class=\"elementor-divider-separator\">\n\t\t\t\t\t\t<\/span>\n\t\t<\/div>\n\t\t\t\t<\/div>\n\t\t\t\t<\/div>\n\t\t\t\t<section class=\"elementor-section elementor-inner-section elementor-element elementor-element-c6f47b8 elementor-section-boxed elementor-section-height-default elementor-section-height-default\" data-id=\"c6f47b8\" data-element_type=\"section\">\n\t\t\t\t\t\t<div class=\"elementor-container elementor-column-gap-default\">\n\t\t\t\t\t<div class=\"elementor-column elementor-col-50 elementor-inner-column elementor-element elementor-element-943f3dc\" data-id=\"943f3dc\" data-element_type=\"column\">\n\t\t\t<div class=\"elementor-widget-wrap elementor-element-populated\">\n\t\t\t\t\t\t<div class=\"elementor-element elementor-element-5bcd161 elementor-widget elementor-widget-heading\" data-id=\"5bcd161\" data-element_type=\"widget\" data-widget_type=\"heading.default\">\n\t\t\t\t<div class=\"elementor-widget-container\">\n\t\t\t<h5 class=\"elementor-heading-title elementor-size-default\"><a href=\"https:\/\/zeolitemin.com\/es\/zeolite-science\/what-is-the-best-zeolite\/\">\u00bfQu\u00e9 es la Zeolita Natural?<\/a><\/h5>\t\t<\/div>\n\t\t\t\t<\/div>\n\t\t\t\t<div class=\"elementor-element elementor-element-fa57a26 elementor-widget elementor-widget-text-editor\" data-id=\"fa57a26\" data-element_type=\"widget\" data-widget_type=\"text-editor.default\">\n\t\t\t\t<div class=\"elementor-widget-container\">\n\t\t\t\t\t\t\t<p>Zeolita natural versus zeolita sint\u00e9tica, \u00bfcu\u00e1l es la principal diferencia? Zeolita natural versus zeolita sint\u00e9tica, que es una de las listas de zeolitas. Las zeolitas tienen diferentes estructuras, propiedades y hechos de tetraedros importantes. Fue fabricado por un entramado de aluminosilicato entre s\u00edlice (SiO4) y al\u00famina (AlO4).<\/p>\t\t\t\t\t\t<\/div>\n\t\t\t\t<\/div>\n\t\t\t\t\t<\/div>\n\t\t<\/div>\n\t\t\t\t<div class=\"elementor-column elementor-col-50 elementor-inner-column elementor-element elementor-element-33c1e52\" data-id=\"33c1e52\" data-element_type=\"column\">\n\t\t\t<div class=\"elementor-widget-wrap elementor-element-populated\">\n\t\t\t\t\t\t<div class=\"elementor-element elementor-element-a52b12d elementor-widget elementor-widget-heading\" data-id=\"a52b12d\" data-element_type=\"widget\" data-widget_type=\"heading.default\">\n\t\t\t\t<div class=\"elementor-widget-container\">\n\t\t\t<h5 class=\"elementor-heading-title elementor-size-default\"><a href=\"https:\/\/zeolitemin.com\/es\/zeolite-science\/what-is-natural-clinoptilolite\/\">\u00bfQu\u00e9 es la Clinoptilolita Natural?<\/a><\/h5>\t\t<\/div>\n\t\t\t\t<\/div>\n\t\t\t\t<div class=\"elementor-element elementor-element-af37867 elementor-widget elementor-widget-text-editor\" data-id=\"af37867\" data-element_type=\"widget\" data-widget_type=\"text-editor.default\">\n\t\t\t\t<div class=\"elementor-widget-container\">\n\t\t\t\t\t\t\t<p>La clinoptilolita es una de las zeolitas naturales, que se utiliza en la alimentaci\u00f3n animal, la acuicultura de camarones, las plantas agr\u00edcolas, la fabricaci\u00f3n de fertilizantes para el suelo, la enmienda del suelo, el acondicionador del suelo, el filtro de medios para piscinas, la eliminaci\u00f3n de metales pesados y el tratamiento del agua.<\/p>\t\t\t\t\t\t<\/div>\n\t\t\t\t<\/div>\n\t\t\t\t\t<\/div>\n\t\t<\/div>\n\t\t\t\t\t<\/div>\n\t\t<\/section>\n\t\t\t\t<section class=\"elementor-section elementor-inner-section elementor-element elementor-element-83a1c91 elementor-section-boxed elementor-section-height-default elementor-section-height-default\" data-id=\"83a1c91\" data-element_type=\"section\">\n\t\t\t\t\t\t<div class=\"elementor-container elementor-column-gap-default\">\n\t\t\t\t\t<div class=\"elementor-column elementor-col-50 elementor-inner-column elementor-element elementor-element-7f8b00a\" data-id=\"7f8b00a\" data-element_type=\"column\">\n\t\t\t<div class=\"elementor-widget-wrap elementor-element-populated\">\n\t\t\t\t\t\t<div class=\"elementor-element elementor-element-4e16b96 elementor-widget elementor-widget-heading\" data-id=\"4e16b96\" data-element_type=\"widget\" data-widget_type=\"heading.default\">\n\t\t\t\t<div class=\"elementor-widget-container\">\n\t\t\t<h5 class=\"elementor-heading-title elementor-size-default\"><a href=\"https:\/\/zeolitemin.com\/es\/zeolite-science\/mesh-size-chart\/\">Tama\u00f1o de malla y gr\u00e1fico de malla<\/a><\/h5>\t\t<\/div>\n\t\t\t\t<\/div>\n\t\t\t\t<div class=\"elementor-element elementor-element-71ffe68 elementor-widget elementor-widget-text-editor\" data-id=\"71ffe68\" data-element_type=\"widget\" data-widget_type=\"text-editor.default\">\n\t\t\t\t<div class=\"elementor-widget-container\">\n\t\t\t\t\t\t\t<p>\u00bfQu\u00e9 es una micra? \u00bfQu\u00e9 tan finas se vuelven las pantallas de malla de tamiz? \u00bfQu\u00e9 significa el tama\u00f1o de malla y el gr\u00e1fico de malla? \u00bfQu\u00e9 tan finas se vuelven las pantallas de malla de tamiz?<\/p>\t\t\t\t\t\t<\/div>\n\t\t\t\t<\/div>\n\t\t\t\t\t<\/div>\n\t\t<\/div>\n\t\t\t\t<div class=\"elementor-column elementor-col-50 elementor-inner-column elementor-element elementor-element-7f90368\" data-id=\"7f90368\" data-element_type=\"column\">\n\t\t\t<div class=\"elementor-widget-wrap elementor-element-populated\">\n\t\t\t\t\t\t<div class=\"elementor-element elementor-element-7ce22ae elementor-widget elementor-widget-heading\" data-id=\"7ce22ae\" data-element_type=\"widget\" data-widget_type=\"heading.default\">\n\t\t\t\t<div class=\"elementor-widget-container\">\n\t\t\t<h5 class=\"elementor-heading-title elementor-size-default\"><a href=\"https:\/\/zeolitemin.com\/es\/zeolite-science\/cation-exchange-capacity\/\">Intercambio cati\u00f3nico y capacidad de intercambio cati\u00f3nico<\/a><\/h5>\t\t<\/div>\n\t\t\t\t<\/div>\n\t\t\t\t<div class=\"elementor-element elementor-element-97fa632 elementor-widget elementor-widget-text-editor\" data-id=\"97fa632\" data-element_type=\"widget\" data-widget_type=\"text-editor.default\">\n\t\t\t\t<div class=\"elementor-widget-container\">\n\t\t\t\t\t\t\t<p>CIC y caracter\u00edsticas de fertilidad de los suelos chinos, C\u00f3mo cambia la CIC con el pH del suelo, Valores t\u00edpicos de CIC en los suelos, C\u00e1lculo de la capacidad de intercambio cati\u00f3nico a partir de una prueba de suelo de rutina<\/p>\t\t\t\t\t\t<\/div>\n\t\t\t\t<\/div>\n\t\t\t\t\t<\/div>\n\t\t<\/div>\n\t\t\t\t\t<\/div>\n\t\t<\/section>\n\t\t\t\t<section class=\"elementor-section elementor-inner-section elementor-element elementor-element-c5ffaa5 elementor-section-boxed elementor-section-height-default elementor-section-height-default\" data-id=\"c5ffaa5\" data-element_type=\"section\">\n\t\t\t\t\t\t<div class=\"elementor-container elementor-column-gap-default\">\n\t\t\t\t\t<div class=\"elementor-column elementor-col-50 elementor-inner-column elementor-element elementor-element-5707ac0\" data-id=\"5707ac0\" data-element_type=\"column\">\n\t\t\t<div class=\"elementor-widget-wrap elementor-element-populated\">\n\t\t\t\t\t\t<div class=\"elementor-element elementor-element-324eef4 elementor-widget elementor-widget-heading\" data-id=\"324eef4\" data-element_type=\"widget\" data-widget_type=\"heading.default\">\n\t\t\t\t<div class=\"elementor-widget-container\">\n\t\t\t<h5 class=\"elementor-heading-title elementor-size-default\"><a href=\"https:\/\/zeolitemin.com\/es\/zeolite-science\/zeolite-tds\/\">Zeolita TDS<\/a><\/h5>\t\t<\/div>\n\t\t\t\t<\/div>\n\t\t\t\t<div class=\"elementor-element elementor-element-11a6b8e elementor-widget elementor-widget-text-editor\" data-id=\"11a6b8e\" data-element_type=\"widget\" data-widget_type=\"text-editor.default\">\n\t\t\t\t<div class=\"elementor-widget-container\">\n\t\t\t\t\t\t\t<p>An\u00e1lisis qu\u00edmico del dep\u00f3sito mineral de zeolita clinoptilolita | Ficha T\u00e9cnica | Hoja de datos de seguridad del material |<\/p>\t\t\t\t\t\t<\/div>\n\t\t\t\t<\/div>\n\t\t\t\t\t<\/div>\n\t\t<\/div>\n\t\t\t\t<div class=\"elementor-column elementor-col-50 elementor-inner-column elementor-element elementor-element-24ed6e0\" data-id=\"24ed6e0\" data-element_type=\"column\">\n\t\t\t<div class=\"elementor-widget-wrap elementor-element-populated\">\n\t\t\t\t\t\t<div class=\"elementor-element elementor-element-3f0f121 elementor-widget elementor-widget-heading\" data-id=\"3f0f121\" data-element_type=\"widget\" data-widget_type=\"heading.default\">\n\t\t\t\t<div class=\"elementor-widget-container\">\n\t\t\t<h5 class=\"elementor-heading-title elementor-size-default\"><a href=\"https:\/\/zeolitemin.com\/es\/zeolite-science\/zeolitemins-natural-zeolite\/\">Mineral de zeolita natural de ZeoliteMin<\/a><\/h5>\t\t<\/div>\n\t\t\t\t<\/div>\n\t\t\t\t<div class=\"elementor-element elementor-element-43345cb elementor-widget elementor-widget-text-editor\" data-id=\"43345cb\" data-element_type=\"widget\" data-widget_type=\"text-editor.default\">\n\t\t\t\t<div class=\"elementor-widget-container\">\n\t\t\t\t\t\t\t<p>\u00bfPor qu\u00e9 elegir nuestra zeolita: clinoptilolita? ZEOLITEMIN es el principal productor y exportador de minerales de zeolita natural a los pa\u00edses asi\u00e1ticos. Posee reservas de alta calidad en China.\u00a0<\/p>\t\t\t\t\t\t<\/div>\n\t\t\t\t<\/div>\n\t\t\t\t\t<\/div>\n\t\t<\/div>\n\t\t\t\t\t<\/div>\n\t\t<\/section>\n\t\t\t\t\t<\/div>\n\t\t<\/div>\n\t\t\t\t\t<\/div>\n\t\t<\/section>\n\t\t\t\t<section class=\"elementor-section elementor-top-section elementor-element elementor-element-0ff8a04 elementor-section-boxed elementor-section-height-default elementor-section-height-default\" data-id=\"0ff8a04\" data-element_type=\"section\" data-settings=\"{&quot;background_background&quot;:&quot;classic&quot;}\">\n\t\t\t\t\t\t<div class=\"elementor-container elementor-column-gap-default\">\n\t\t\t\t\t<div class=\"elementor-column elementor-col-100 elementor-top-column elementor-element elementor-element-f5761d2\" data-id=\"f5761d2\" data-element_type=\"column\">\n\t\t\t<div class=\"elementor-widget-wrap elementor-element-populated\">\n\t\t\t\t\t\t<div class=\"elementor-element elementor-element-050d61f elementor-widget elementor-widget-text-editor\" data-id=\"050d61f\" data-element_type=\"widget\" data-widget_type=\"text-editor.default\">\n\t\t\t\t<div class=\"elementor-widget-container\">\n\t\t\t\t\t\t\t<p>ZeoliteMin Minerals es uno de los principales proveedores de Zeolita Clinoptilolita natural y siempre hay cantidades disponibles al por mayor. Para obtener m\u00e1s informaci\u00f3n, cont\u00e1ctenos por correo electr\u00f3nico: <a href=\"mailto:marketing@zeolitemin.com\">marketing@zeolitemin.com<\/a>.<\/p>\t\t\t\t\t\t<\/div>\n\t\t\t\t<\/div>\n\t\t\t\t\t<\/div>\n\t\t<\/div>\n\t\t\t\t\t<\/div>\n\t\t<\/section>\n\t\t\t\t<section class=\"elementor-section elementor-top-section elementor-element elementor-element-8757e25 elementor-section-boxed elementor-section-height-default elementor-section-height-default\" data-id=\"8757e25\" data-element_type=\"section\" data-settings=\"{&quot;background_background&quot;:&quot;classic&quot;}\">\n\t\t\t\t\t\t<div class=\"elementor-container elementor-column-gap-default\">\n\t\t\t\t\t<div class=\"elementor-column elementor-col-25 elementor-top-column elementor-element elementor-element-9da7a9f\" data-id=\"9da7a9f\" data-element_type=\"column\">\n\t\t\t<div class=\"elementor-widget-wrap elementor-element-populated\">\n\t\t\t\t\t\t<div class=\"elementor-element elementor-element-1187421 elementor-widget elementor-widget-heading\" data-id=\"1187421\" data-element_type=\"widget\" data-widget_type=\"heading.default\">\n\t\t\t\t<div class=\"elementor-widget-container\">\n\t\t\t<h3 class=\"elementor-heading-title elementor-size-default\">Deje que nuestras zeolitas respalden su negocio<\/h3>\t\t<\/div>\n\t\t\t\t<\/div>\n\t\t\t\t\t<\/div>\n\t\t<\/div>\n\t\t\t\t<div class=\"elementor-column elementor-col-25 elementor-top-column elementor-element elementor-element-2f10454\" data-id=\"2f10454\" data-element_type=\"column\">\n\t\t\t<div class=\"elementor-widget-wrap\">\n\t\t\t\t\t\t\t<\/div>\n\t\t<\/div>\n\t\t\t\t<div class=\"elementor-column elementor-col-25 elementor-top-column elementor-element elementor-element-5253f8d\" data-id=\"5253f8d\" data-element_type=\"column\">\n\t\t\t<div class=\"elementor-widget-wrap elementor-element-populated\">\n\t\t\t\t\t\t<div class=\"elementor-element elementor-element-0a2efee elementor-align-justify elementor-widget__width-initial elementor-widget elementor-widget-button\" data-id=\"0a2efee\" data-element_type=\"widget\" data-widget_type=\"button.default\">\n\t\t\t\t<div class=\"elementor-widget-container\">\n\t\t\t\t\t<div class=\"elementor-button-wrapper\">\n\t\t\t<a class=\"elementor-button elementor-button-link elementor-size-sm\" href=\"https:\/\/zeolitemin.com\/es\/make-an-inquire\/\">\n\t\t\t\t\t\t<span class=\"elementor-button-content-wrapper\">\n\t\t\t\t\t\t\t\t\t<span class=\"elementor-button-text\">hacer una consulta<\/span>\n\t\t\t\t\t<\/span>\n\t\t\t\t\t<\/a>\n\t\t<\/div>\n\t\t\t\t<\/div>\n\t\t\t\t<\/div>\n\t\t\t\t\t<\/div>\n\t\t<\/div>\n\t\t\t\t<div class=\"elementor-column elementor-col-25 elementor-top-column elementor-element elementor-element-5c12aa0\" data-id=\"5c12aa0\" data-element_type=\"column\">\n\t\t\t<div class=\"elementor-widget-wrap\">\n\t\t\t\t\t\t\t<\/div>\n\t\t<\/div>\n\t\t\t\t\t<\/div>\n\t\t<\/section>\n\t\t\t\t<\/div>","protected":false},"excerpt":{"rendered":"<p>Zeolita Clinoptilolita: el regalo de la tierra Zeolita natural frente a zeolita sint\u00e9tica. Se fabric\u00f3 mediante la funci\u00f3n de un marco de aluminosilicato de capacidad adsorbente y de intercambio cati\u00f3nico. La zeolita clinoptilolita se hizo en polvo, gr\u00e1nulos. Zeolita \/ Zeolita Instalaci\u00f3n de filtro de piscina y medios de agua potable Renovaci\u00f3n y mantenimiento de canchas deportivas Fabricaci\u00f3n de fertilizantes Fabricaci\u00f3n de alimentos para animales Tratamiento de aguas residuales Eliminaci\u00f3n de metales pesados y [\u2026]<\/p>","protected":false},"author":1,"featured_media":721,"parent":0,"menu_order":0,"comment_status":"closed","ping_status":"closed","template":"elementor_header_footer","meta":{"footnotes":""},"class_list":["post-3059","page","type-page","status-publish","has-post-thumbnail","hentry"],"_links":{"self":[{"href":"https:\/\/zeolitemin.com\/es\/wp-json\/wp\/v2\/pages\/3059","targetHints":{"allow":["GET"]}}],"collection":[{"href":"https:\/\/zeolitemin.com\/es\/wp-json\/wp\/v2\/pages"}],"about":[{"href":"https:\/\/zeolitemin.com\/es\/wp-json\/wp\/v2\/types\/page"}],"author":[{"embeddable":true,"href":"https:\/\/zeolitemin.com\/es\/wp-json\/wp\/v2\/users\/1"}],"replies":[{"embeddable":true,"href":"https:\/\/zeolitemin.com\/es\/wp-json\/wp\/v2\/comments?post=3059"}],"version-history":[{"count":0,"href":"https:\/\/zeolitemin.com\/es\/wp-json\/wp\/v2\/pages\/3059\/revisions"}],"wp:featuredmedia":[{"embeddable":true,"href":"https:\/\/zeolitemin.com\/es\/wp-json\/wp\/v2\/media\/721"}],"wp:attachment":[{"href":"https:\/\/zeolitemin.com\/es\/wp-json\/wp\/v2\/media?parent=3059"}],"curies":[{"name":"wp","href":"https:\/\/api.w.org\/{rel}","templated":true}]}}