{"id":2616,"date":"2022-04-11T14:26:48","date_gmt":"2022-04-11T06:26:48","guid":{"rendered":"https:\/\/www.oklee.ga\/?page_id=2616"},"modified":"2023-04-23T14:46:13","modified_gmt":"2023-04-23T06:46:13","slug":"newsactivites","status":"publish","type":"page","link":"https:\/\/zeolitemin.com\/es\/newsactivites\/","title":{"rendered":"Tecnolog\u00eda"},"content":{"rendered":"<div data-elementor-type=\"wp-page\" data-elementor-id=\"2616\" class=\"elementor elementor-2616\" data-elementor-post-type=\"page\">\n\t\t\t\t\t\t<section class=\"elementor-section elementor-top-section elementor-element elementor-element-5d81b7e7 elementor-section-height-min-height elementor-section-boxed elementor-section-height-default elementor-section-items-middle\" data-id=\"5d81b7e7\" data-element_type=\"section\" data-settings=\"{&quot;background_background&quot;:&quot;classic&quot;}\">\n\t\t\t\t\t\t<div class=\"elementor-container elementor-column-gap-default\">\n\t\t\t\t\t<div class=\"elementor-column elementor-col-100 elementor-top-column elementor-element elementor-element-2e96d976\" data-id=\"2e96d976\" data-element_type=\"column\">\n\t\t\t<div class=\"elementor-widget-wrap elementor-element-populated\">\n\t\t\t\t\t\t<div class=\"elementor-element elementor-element-372a57e9 elementor-widget elementor-widget-heading\" data-id=\"372a57e9\" data-element_type=\"widget\" data-widget_type=\"heading.default\">\n\t\t\t\t<div class=\"elementor-widget-container\">\n\t\t\t<h1 class=\"elementor-heading-title elementor-size-default\">Tecnolog\u00eda de zeolitas naturales: todo lo que debe saber<\/h1>\t\t<\/div>\n\t\t\t\t<\/div>\n\t\t\t\t<div class=\"elementor-element elementor-element-7072513f elementor-widget elementor-widget-text-editor\" data-id=\"7072513f\" data-element_type=\"widget\" data-widget_type=\"text-editor.default\">\n\t\t\t\t<div class=\"elementor-widget-container\">\n\t\t\t\t\t\t\t<p>Compartir sobre la aplicaci\u00f3n de clinoptilolita de zeolita natural: el mejor soporte t\u00e9cnico 24\/7 para nuestros clientes.<\/p>\t\t\t\t\t\t<\/div>\n\t\t\t\t<\/div>\n\t\t\t\t\t<\/div>\n\t\t<\/div>\n\t\t\t\t\t<\/div>\n\t\t<\/section>\n\t\t\t\t<section class=\"elementor-section elementor-top-section elementor-element elementor-element-151b3f8 elementor-section-boxed elementor-section-height-default elementor-section-height-default\" data-id=\"151b3f8\" data-element_type=\"section\">\n\t\t\t\t\t\t<div class=\"elementor-container elementor-column-gap-default\">\n\t\t\t\t\t<div class=\"elementor-column elementor-col-100 elementor-top-column elementor-element elementor-element-04a02ac\" data-id=\"04a02ac\" data-element_type=\"column\">\n\t\t\t<div class=\"elementor-widget-wrap elementor-element-populated\">\n\t\t\t\t\t\t<div class=\"elementor-element elementor-element-066dc72 elementor-widget elementor-widget-spacer\" data-id=\"066dc72\" data-element_type=\"widget\" data-widget_type=\"spacer.default\">\n\t\t\t\t<div class=\"elementor-widget-container\">\n\t\t\t\t\t<div class=\"elementor-spacer\">\n\t\t\t<div class=\"elementor-spacer-inner\"><\/div>\n\t\t<\/div>\n\t\t\t\t<\/div>\n\t\t\t\t<\/div>\n\t\t\t\t<div class=\"elementor-element elementor-element-6fecf66 elementor-widget elementor-widget-heading\" data-id=\"6fecf66\" data-element_type=\"widget\" data-widget_type=\"heading.default\">\n\t\t\t\t<div class=\"elementor-widget-container\">\n\t\t\t<h2 class=\"elementor-heading-title elementor-size-default\">\u00c1cidos de zeolitas<\/h2>\t\t<\/div>\n\t\t\t\t<\/div>\n\t\t\t\t<div class=\"elementor-element elementor-element-31fb472 elementor-search-form--skin-classic elementor-search-form--button-type-icon elementor-search-form--icon-search elementor-widget elementor-widget-search-form\" data-id=\"31fb472\" data-element_type=\"widget\" data-settings=\"{&quot;skin&quot;:&quot;classic&quot;}\" data-widget_type=\"search-form.default\">\n\t\t\t\t<div class=\"elementor-widget-container\">\n\t\t\t\t\t<search role=\"search\">\n\t\t\t<form class=\"elementor-search-form\" action=\"https:\/\/zeolitemin.com\/es\" method=\"get\" data-trp-original-action=\"https:\/\/zeolitemin.com\/es\">\n\t\t\t\t\t\t\t\t\t\t\t\t<div class=\"elementor-search-form__container\">\n\t\t\t\t\t<label class=\"elementor-screen-only\" for=\"elementor-search-form-31fb472\">Buscar<\/label>\n\n\t\t\t\t\t\n\t\t\t\t\t<input id=\"elementor-search-form-31fb472\" placeholder=\"B\u00fasqueda...\" class=\"elementor-search-form__input\" type=\"search\" name=\"s\" value=\"\">\n\t\t\t\t\t\n\t\t\t\t\t\t\t\t\t\t\t<button class=\"elementor-search-form__submit\" type=\"submit\" aria-label=\"Buscar\">\n\t\t\t\t\t\t\t\t\t\t\t\t\t\t\t<i aria-hidden=\"true\" class=\"fas fa-search\"><\/i>\t\t\t\t\t\t\t\t<span class=\"elementor-screen-only\">Buscar<\/span>\n\t\t\t\t\t\t\t\t\t\t\t\t\t<\/button>\n\t\t\t\t\t\n\t\t\t\t\t\t\t\t\t<\/div>\n\t\t\t<input type=\"hidden\" name=\"trp-form-language\" value=\"es\"\/><\/form>\n\t\t<\/search>\n\t\t\t\t<\/div>\n\t\t\t\t<\/div>\n\t\t\t\t<div class=\"elementor-element elementor-element-aefc955 elementor-grid-3 elementor-grid-tablet-2 elementor-grid-mobile-1 elementor-posts--thumbnail-top elementor-card-shadow-yes elementor-posts__hover-gradient elementor-widget elementor-widget-posts\" data-id=\"aefc955\" data-element_type=\"widget\" data-settings=\"{&quot;pagination_type&quot;:&quot;numbers_and_prev_next&quot;,&quot;cards_row_gap&quot;:{&quot;unit&quot;:&quot;px&quot;,&quot;size&quot;:30,&quot;sizes&quot;:[]},&quot;cards_columns&quot;:&quot;3&quot;,&quot;cards_columns_tablet&quot;:&quot;2&quot;,&quot;cards_columns_mobile&quot;:&quot;1&quot;,&quot;cards_row_gap_tablet&quot;:{&quot;unit&quot;:&quot;px&quot;,&quot;size&quot;:&quot;&quot;,&quot;sizes&quot;:[]},&quot;cards_row_gap_mobile&quot;:{&quot;unit&quot;:&quot;px&quot;,&quot;size&quot;:&quot;&quot;,&quot;sizes&quot;:[]}}\" data-widget_type=\"posts.cards\">\n\t\t\t\t<div class=\"elementor-widget-container\">\n\t\t\t\t\t<div class=\"elementor-posts-container elementor-posts elementor-posts--skin-cards elementor-grid\">\n\t\t\t\t<article class=\"elementor-post elementor-grid-item post-7234 post type-post status-publish format-standard has-post-thumbnail hentry category-soil-amendment tag-natural-zeolite\">\n\t\t\t<div class=\"elementor-post__card\">\n\t\t\t\t<a class=\"elementor-post__thumbnail__link\" href=\"https:\/\/zeolitemin.com\/es\/the-science-natural-zeolites\/\" tabindex=\"-1\" target=\"_blank\"><div class=\"elementor-post__thumbnail\"><img fetchpriority=\"high\" decoding=\"async\" width=\"300\" height=\"176\" src=\"https:\/\/zeolitemin.com\/wp-content\/uploads\/2022\/10\/garden-fertilizer-with-zeolite-300x176.jpg\" class=\"attachment-medium size-medium wp-image-6499\" alt=\"Enmienda de suelo de zeolita: trabajo de clinoptilolita con fertilizante de suelo, puede ser acondicionador de PH y CEC de suelo agr\u00edcola\" srcset=\"https:\/\/zeolitemin.com\/wp-content\/uploads\/2022\/10\/garden-fertilizer-with-zeolite-300x176.jpg 300w, https:\/\/zeolitemin.com\/wp-content\/uploads\/2022\/10\/garden-fertilizer-with-zeolite-18x12.jpg 18w, https:\/\/zeolitemin.com\/wp-content\/uploads\/2022\/10\/garden-fertilizer-with-zeolite.jpg 680w\" sizes=\"(max-width: 300px) 100vw, 300px\" \/><\/div><\/a>\n\t\t\t\t<div class=\"elementor-post__text\">\n\t\t\t\t<h3 class=\"elementor-post__title\">\n\t\t\t<a href=\"https:\/\/zeolitemin.com\/es\/the-science-natural-zeolites\/\">\n\t\t\t\tLa ciencia de las zeolitas naturales.\t\t\t<\/a>\n\t\t<\/h3>\n\t\t\t\t<div class=\"elementor-post__excerpt\">\n\t\t\t<p>La estructura de red cristalina \u00fanica de las zeolitas naturales contiene millones de poros y canales, lo que permite que el ox\u00edgeno fluya dentro y fuera del mineral, al mismo tiempo que lo atrapa.<\/p>\n\t\t<\/div>\n\t\t\n\t\t<a class=\"elementor-post__read-more\" href=\"https:\/\/zeolitemin.com\/es\/the-science-natural-zeolites\/\" aria-label=\"Leer m\u00e1s sobre La ciencia de las zeolitas naturales.\" tabindex=\"-1\" target=\"_blank\">\n\t\t\tLee mas &quot;\t\t<\/a>\n\n\t\t\t\t<\/div>\n\t\t\t\t<div class=\"elementor-post__meta-data\">\n\t\t\t\t\t<span class=\"elementor-post-author\">\n\t\t\treyson lee\t\t<\/span>\n\t\t\t\t<span class=\"elementor-post-date\">\n\t\t\tmayo 20, 2024\t\t<\/span>\n\t\t\t\t<\/div>\n\t\t\t\t\t<\/div>\n\t\t<\/article>\n\t\t\t\t<article class=\"elementor-post elementor-grid-item post-7195 post type-post status-publish format-standard has-post-thumbnail hentry category-heavy-matels category-water-treatment\">\n\t\t\t<div class=\"elementor-post__card\">\n\t\t\t\t<a class=\"elementor-post__thumbnail__link\" href=\"https:\/\/zeolitemin.com\/es\/zeolite-superstar-heavy-metal-wastewater-treatment\/\" tabindex=\"-1\" target=\"_blank\"><div class=\"elementor-post__thumbnail\"><img decoding=\"async\" width=\"300\" height=\"169\" src=\"https:\/\/zeolitemin.com\/wp-content\/uploads\/2023\/08\/HEAVEY-METAL-WASTEWATER-TREATMENT-300x169.jpg\" class=\"attachment-medium size-medium wp-image-7197\" alt=\"Tratamiento de aguas residuales con metales pesados para eliminar metales pesados.\" srcset=\"https:\/\/zeolitemin.com\/wp-content\/uploads\/2023\/08\/HEAVEY-METAL-WASTEWATER-TREATMENT-300x169.jpg 300w, https:\/\/zeolitemin.com\/wp-content\/uploads\/2023\/08\/HEAVEY-METAL-WASTEWATER-TREATMENT-18x10.jpg 18w, https:\/\/zeolitemin.com\/wp-content\/uploads\/2023\/08\/HEAVEY-METAL-WASTEWATER-TREATMENT.jpg 756w\" sizes=\"(max-width: 300px) 100vw, 300px\" \/><\/div><\/a>\n\t\t\t\t<div class=\"elementor-post__text\">\n\t\t\t\t<h3 class=\"elementor-post__title\">\n\t\t\t<a href=\"https:\/\/zeolitemin.com\/es\/zeolite-superstar-heavy-metal-wastewater-treatment\/\">\n\t\t\t\tZeolita: la superestrella del tratamiento de aguas residuales con metales pesados\t\t\t<\/a>\n\t\t<\/h3>\n\t\t\t\t<div class=\"elementor-post__excerpt\">\n\t\t\t<p>Con el r\u00e1pido desarrollo de la industrializaci\u00f3n, la contaminaci\u00f3n de las aguas residuales por metales pesados se ha convertido en una preocupaci\u00f3n creciente. Afortunadamente, las zeolitas han surgido como una soluci\u00f3n con excelente rendimiento.<\/p>\n\t\t<\/div>\n\t\t\n\t\t<a class=\"elementor-post__read-more\" href=\"https:\/\/zeolitemin.com\/es\/zeolite-superstar-heavy-metal-wastewater-treatment\/\" aria-label=\"Lea m\u00e1s sobre Zeolita: la superestrella del tratamiento de aguas residuales con metales pesados\" tabindex=\"-1\" target=\"_blank\">\n\t\t\tLee mas &quot;\t\t<\/a>\n\n\t\t\t\t<\/div>\n\t\t\t\t<div class=\"elementor-post__meta-data\">\n\t\t\t\t\t<span class=\"elementor-post-author\">\n\t\t\treyson lee\t\t<\/span>\n\t\t\t\t<span class=\"elementor-post-date\">\n\t\t\tagosto 23, 2023\t\t<\/span>\n\t\t\t\t<\/div>\n\t\t\t\t\t<\/div>\n\t\t<\/article>\n\t\t\t\t<article class=\"elementor-post elementor-grid-item post-7183 post type-post status-publish format-standard has-post-thumbnail hentry category-soil-amendment\">\n\t\t\t<div class=\"elementor-post__card\">\n\t\t\t\t<a class=\"elementor-post__thumbnail__link\" href=\"https:\/\/zeolitemin.com\/es\/zeolite-improve-soil-quality-purify-water-treatment\/\" tabindex=\"-1\" target=\"_blank\"><div class=\"elementor-post__thumbnail\"><img decoding=\"async\" width=\"300\" height=\"225\" src=\"https:\/\/zeolitemin.com\/wp-content\/uploads\/2023\/08\/clay-minerals-230809-768x576-1-300x225.png\" class=\"attachment-medium size-medium wp-image-7184\" alt=\"\u00bfSab\u00edas que la zeolita se usa com\u00fanmente para purificar el agua y ayudar a mejorar la calidad del suelo?\" srcset=\"https:\/\/zeolitemin.com\/wp-content\/uploads\/2023\/08\/clay-minerals-230809-768x576-1-300x225.png 300w, https:\/\/zeolitemin.com\/wp-content\/uploads\/2023\/08\/clay-minerals-230809-768x576-1-16x12.png 16w, https:\/\/zeolitemin.com\/wp-content\/uploads\/2023\/08\/clay-minerals-230809-768x576-1.png 768w\" sizes=\"(max-width: 300px) 100vw, 300px\" \/><\/div><\/a>\n\t\t\t\t<div class=\"elementor-post__text\">\n\t\t\t\t<h3 class=\"elementor-post__title\">\n\t\t\t<a href=\"https:\/\/zeolitemin.com\/es\/zeolite-improve-soil-quality-purify-water-treatment\/\">\n\t\t\t\t\u00bfConoces la zeolita? Mejorar la calidad del suelo y el tratamiento del agua.\t\t\t<\/a>\n\t\t<\/h3>\n\t\t\t\t<div class=\"elementor-post__excerpt\">\n\t\t\t<p>\u00bfSab\u00edas que la zeolita se usa com\u00fanmente para purificar el agua y ayudar a mejorar la calidad del suelo? Adem\u00e1s de sus usos en el tratamiento del agua y la purificaci\u00f3n del aire, la zeolita puede ayudar a mejorar la calidad del suelo al aumentar la retenci\u00f3n de agua y la disponibilidad de nutrientes para las plantas. <\/p>\n\t\t<\/div>\n\t\t\n\t\t<a class=\"elementor-post__read-more\" href=\"https:\/\/zeolitemin.com\/es\/zeolite-improve-soil-quality-purify-water-treatment\/\" aria-label=\"Leer m\u00e1s sobre \u00bfEst\u00e1s familiarizado con la zeolita? Mejorar la calidad del suelo y el tratamiento del agua.\" tabindex=\"-1\" target=\"_blank\">\n\t\t\tLee mas &quot;\t\t<\/a>\n\n\t\t\t\t<\/div>\n\t\t\t\t<div class=\"elementor-post__meta-data\">\n\t\t\t\t\t<span class=\"elementor-post-author\">\n\t\t\tarena zeo\t\t<\/span>\n\t\t\t\t<span class=\"elementor-post-date\">\n\t\t\tagosto 9, 2023\t\t<\/span>\n\t\t\t\t<\/div>\n\t\t\t\t\t<\/div>\n\t\t<\/article>\n\t\t\t\t<article class=\"elementor-post elementor-grid-item post-7114 post type-post status-publish format-standard has-post-thumbnail hentry category-water-treatment\">\n\t\t\t<div class=\"elementor-post__card\">\n\t\t\t\t<a class=\"elementor-post__thumbnail__link\" href=\"https:\/\/zeolitemin.com\/es\/zeolite-the-versatile-mineral-with-countless-uses\/\" tabindex=\"-1\" target=\"_blank\"><div class=\"elementor-post__thumbnail\"><img loading=\"lazy\" decoding=\"async\" width=\"300\" height=\"209\" src=\"https:\/\/zeolitemin.com\/wp-content\/uploads\/2023\/04\/zeolite-versatile-mineral-countless-uses-300x209.jpg\" class=\"attachment-medium size-medium wp-image-7115\" alt=\"Zeolita: el mineral vers\u00e1til con innumerables usos\" srcset=\"https:\/\/zeolitemin.com\/wp-content\/uploads\/2023\/04\/zeolite-versatile-mineral-countless-uses-300x209.jpg 300w, https:\/\/zeolitemin.com\/wp-content\/uploads\/2023\/04\/zeolite-versatile-mineral-countless-uses-1024x713.jpg 1024w, https:\/\/zeolitemin.com\/wp-content\/uploads\/2023\/04\/zeolite-versatile-mineral-countless-uses-768x535.jpg 768w, https:\/\/zeolitemin.com\/wp-content\/uploads\/2023\/04\/zeolite-versatile-mineral-countless-uses-18x12.jpg 18w, https:\/\/zeolitemin.com\/wp-content\/uploads\/2023\/04\/zeolite-versatile-mineral-countless-uses-800x557.jpg 800w, https:\/\/zeolitemin.com\/wp-content\/uploads\/2023\/04\/zeolite-versatile-mineral-countless-uses.jpg 1150w\" sizes=\"(max-width: 300px) 100vw, 300px\" \/><\/div><\/a>\n\t\t\t\t<div class=\"elementor-post__text\">\n\t\t\t\t<h3 class=\"elementor-post__title\">\n\t\t\t<a href=\"https:\/\/zeolitemin.com\/es\/zeolite-the-versatile-mineral-with-countless-uses\/\">\n\t\t\t\tZeolita: el mineral vers\u00e1til con innumerables usos\t\t\t<\/a>\n\t\t<\/h3>\n\t\t\t\t<div class=\"elementor-post__excerpt\">\n\t\t\t<p>Zeolita: mineral vers\u00e1til La zeolita es un mineral natural que se ha utilizado durante siglos en diversas aplicaciones industriales y medioambientales. Este mineral \u00fanico<\/p>\n\t\t<\/div>\n\t\t\n\t\t<a class=\"elementor-post__read-more\" href=\"https:\/\/zeolitemin.com\/es\/zeolite-the-versatile-mineral-with-countless-uses\/\" aria-label=\"Leer m\u00e1s sobre Zeolita: El mineral vers\u00e1til con innumerables usos\" tabindex=\"-1\" target=\"_blank\">\n\t\t\tLee mas &quot;\t\t<\/a>\n\n\t\t\t\t<\/div>\n\t\t\t\t<div class=\"elementor-post__meta-data\">\n\t\t\t\t\t<span class=\"elementor-post-author\">\n\t\t\tarena zeo\t\t<\/span>\n\t\t\t\t<span class=\"elementor-post-date\">\n\t\t\tabril 18, 2023\t\t<\/span>\n\t\t\t\t<\/div>\n\t\t\t\t\t<\/div>\n\t\t<\/article>\n\t\t\t\t<article class=\"elementor-post elementor-grid-item post-7025 post type-post status-publish format-standard has-post-thumbnail hentry category-zeolite-science\">\n\t\t\t<div class=\"elementor-post__card\">\n\t\t\t\t<a class=\"elementor-post__thumbnail__link\" href=\"https:\/\/zeolitemin.com\/es\/what-roles-powdered-zeolites-in-health\/\" tabindex=\"-1\" target=\"_blank\"><div class=\"elementor-post__thumbnail\"><img loading=\"lazy\" decoding=\"async\" width=\"300\" height=\"209\" src=\"https:\/\/zeolitemin.com\/wp-content\/uploads\/2023\/04\/roles-of-powdered-zeolites-in-health-300x209.jpg\" class=\"attachment-medium size-medium wp-image-7026\" alt=\"\u00bfCu\u00e1les son los roles de las zeolitas en polvo en la salud? c\u00f3mo utilizar la zeolita natural para ayudarse a s\u00ed mismo\" srcset=\"https:\/\/zeolitemin.com\/wp-content\/uploads\/2023\/04\/roles-of-powdered-zeolites-in-health-300x209.jpg 300w, https:\/\/zeolitemin.com\/wp-content\/uploads\/2023\/04\/roles-of-powdered-zeolites-in-health-1024x713.jpg 1024w, https:\/\/zeolitemin.com\/wp-content\/uploads\/2023\/04\/roles-of-powdered-zeolites-in-health-768x535.jpg 768w, https:\/\/zeolitemin.com\/wp-content\/uploads\/2023\/04\/roles-of-powdered-zeolites-in-health-18x12.jpg 18w, https:\/\/zeolitemin.com\/wp-content\/uploads\/2023\/04\/roles-of-powdered-zeolites-in-health-800x557.jpg 800w, https:\/\/zeolitemin.com\/wp-content\/uploads\/2023\/04\/roles-of-powdered-zeolites-in-health.jpg 1211w\" sizes=\"(max-width: 300px) 100vw, 300px\" \/><\/div><\/a>\n\t\t\t\t<div class=\"elementor-post__text\">\n\t\t\t\t<h3 class=\"elementor-post__title\">\n\t\t\t<a href=\"https:\/\/zeolitemin.com\/es\/what-roles-powdered-zeolites-in-health\/\">\n\t\t\t\t\u00bfCu\u00e1les son los roles de las zeolitas en polvo en la salud?\t\t\t<\/a>\n\t\t<\/h3>\n\t\t\t\t<div class=\"elementor-post__excerpt\">\n\t\t\t<p>Las zeolitas en polvo se utilizan como desecante en las tapas de los envases de medicamentos para mantenerlos secos. Las zeolitas sint\u00e9ticas no fibrosas no tienen toxicidad conocida,<\/p>\n\t\t<\/div>\n\t\t\n\t\t<a class=\"elementor-post__read-more\" href=\"https:\/\/zeolitemin.com\/es\/what-roles-powdered-zeolites-in-health\/\" aria-label=\"Leer m\u00e1s sobre \u00bfCu\u00e1les son las funciones de las zeolitas en polvo en la salud?\" tabindex=\"-1\" target=\"_blank\">\n\t\t\tLee mas &quot;\t\t<\/a>\n\n\t\t\t\t<\/div>\n\t\t\t\t<div class=\"elementor-post__meta-data\">\n\t\t\t\t\t<span class=\"elementor-post-author\">\n\t\t\tZeolita EcoSand\t\t<\/span>\n\t\t\t\t<span class=\"elementor-post-date\">\n\t\t\tabril 11, 2023\t\t<\/span>\n\t\t\t\t<\/div>\n\t\t\t\t\t<\/div>\n\t\t<\/article>\n\t\t\t\t<article class=\"elementor-post elementor-grid-item post-7018 post type-post status-publish format-standard has-post-thumbnail hentry category-zeolite-science\">\n\t\t\t<div class=\"elementor-post__card\">\n\t\t\t\t<a class=\"elementor-post__thumbnail__link\" href=\"https:\/\/zeolitemin.com\/es\/how-use-zeolite-in-cosmetics-personal-care\/\" tabindex=\"-1\" target=\"_blank\"><div class=\"elementor-post__thumbnail\"><img loading=\"lazy\" decoding=\"async\" width=\"300\" height=\"209\" src=\"https:\/\/zeolitemin.com\/wp-content\/uploads\/2023\/04\/how-to-use-zeolite-in-cosmetics-of-personal-care-300x209.jpg\" class=\"attachment-medium size-medium wp-image-7051\" alt=\"C\u00f3mo utilizar la zeolita en cosm\u00e9tica de cuidado personal\" srcset=\"https:\/\/zeolitemin.com\/wp-content\/uploads\/2023\/04\/how-to-use-zeolite-in-cosmetics-of-personal-care-300x209.jpg 300w, https:\/\/zeolitemin.com\/wp-content\/uploads\/2023\/04\/how-to-use-zeolite-in-cosmetics-of-personal-care-1024x713.jpg 1024w, https:\/\/zeolitemin.com\/wp-content\/uploads\/2023\/04\/how-to-use-zeolite-in-cosmetics-of-personal-care-768x535.jpg 768w, https:\/\/zeolitemin.com\/wp-content\/uploads\/2023\/04\/how-to-use-zeolite-in-cosmetics-of-personal-care-18x12.jpg 18w, https:\/\/zeolitemin.com\/wp-content\/uploads\/2023\/04\/how-to-use-zeolite-in-cosmetics-of-personal-care-800x557.jpg 800w, https:\/\/zeolitemin.com\/wp-content\/uploads\/2023\/04\/how-to-use-zeolite-in-cosmetics-of-personal-care.jpg 1211w\" sizes=\"(max-width: 300px) 100vw, 300px\" \/><\/div><\/a>\n\t\t\t\t<div class=\"elementor-post__text\">\n\t\t\t\t<h3 class=\"elementor-post__title\">\n\t\t\t<a href=\"https:\/\/zeolitemin.com\/es\/how-use-zeolite-in-cosmetics-personal-care\/\">\n\t\t\t\tC\u00f3mo utilizar la zeolita en cosm\u00e9tica de cuidado personal\t\t\t<\/a>\n\t\t<\/h3>\n\t\t\t\t<div class=\"elementor-post__excerpt\">\n\t\t\t<p>La zeolita en cosm\u00e9tica es un mineral natural que se utiliza com\u00fanmente en cosm\u00e9tica como adsorbente y purificador. La cantidad y la relaci\u00f3n de la f\u00f3rmula de<\/p>\n\t\t<\/div>\n\t\t\n\t\t<a class=\"elementor-post__read-more\" href=\"https:\/\/zeolitemin.com\/es\/how-use-zeolite-in-cosmetics-personal-care\/\" aria-label=\"Leer m\u00e1s sobre C\u00f3mo utilizar la zeolita en cosm\u00e9tica de cuidado personal\" tabindex=\"-1\" target=\"_blank\">\n\t\t\tLee mas &quot;\t\t<\/a>\n\n\t\t\t\t<\/div>\n\t\t\t\t<div class=\"elementor-post__meta-data\">\n\t\t\t\t\t<span class=\"elementor-post-author\">\n\t\t\tZeolita EcoSand\t\t<\/span>\n\t\t\t\t<span class=\"elementor-post-date\">\n\t\t\tabril 8, 2023\t\t<\/span>\n\t\t\t\t<\/div>\n\t\t\t\t\t<\/div>\n\t\t<\/article>\n\t\t\t\t<\/div>\n\t\t\n\t\t\t\t<div class=\"e-load-more-anchor\" data-page=\"1\" data-max-page=\"10\" data-next-page=\"https:\/\/zeolitemin.com\/es\/wp-json\/wp\/v2\/pages\/2616\/page\/2\/\"><\/div>\n\t\t\t\t<nav class=\"elementor-pagination\" aria-label=\"Paginaci\u00f3n\">\n\t\t\t<span class=\"page-numbers prev\">\u00ab <\/span>\n<span aria-current=\"page\" class=\"page-numbers current\"><span class=\"elementor-screen-only\">P\u00e1gina<\/span>1<\/span>\n<a class=\"page-numbers\" href=\"https:\/\/zeolitemin.com\/es\/wp-json\/wp\/v2\/pages\/2616\/page\/2\/\"><span class=\"elementor-screen-only\">P\u00e1gina<\/span>2<\/a>\n<a class=\"page-numbers\" href=\"https:\/\/zeolitemin.com\/es\/wp-json\/wp\/v2\/pages\/2616\/page\/3\/\"><span class=\"elementor-screen-only\">P\u00e1gina<\/span>3<\/a>\n<a class=\"page-numbers\" href=\"https:\/\/zeolitemin.com\/es\/wp-json\/wp\/v2\/pages\/2616\/page\/4\/\"><span class=\"elementor-screen-only\">P\u00e1gina<\/span>4<\/a>\n<a class=\"page-numbers\" href=\"https:\/\/zeolitemin.com\/es\/wp-json\/wp\/v2\/pages\/2616\/page\/5\/\"><span class=\"elementor-screen-only\">P\u00e1gina<\/span>5<\/a>\n<a class=\"page-numbers\" href=\"https:\/\/zeolitemin.com\/es\/wp-json\/wp\/v2\/pages\/2616\/page\/6\/\"><span class=\"elementor-screen-only\">P\u00e1gina<\/span>6<\/a>\n<a class=\"page-numbers\" href=\"https:\/\/zeolitemin.com\/es\/wp-json\/wp\/v2\/pages\/2616\/page\/7\/\"><span class=\"elementor-screen-only\">P\u00e1gina<\/span>7<\/a>\n<a class=\"page-numbers\" href=\"https:\/\/zeolitemin.com\/es\/wp-json\/wp\/v2\/pages\/2616\/page\/8\/\"><span class=\"elementor-screen-only\">P\u00e1gina<\/span>8<\/a>\n<a class=\"page-numbers\" href=\"https:\/\/zeolitemin.com\/es\/wp-json\/wp\/v2\/pages\/2616\/page\/9\/\"><span class=\"elementor-screen-only\">P\u00e1gina<\/span>9<\/a>\n<a class=\"page-numbers\" href=\"https:\/\/zeolitemin.com\/es\/wp-json\/wp\/v2\/pages\/2616\/page\/10\/\"><span class=\"elementor-screen-only\">P\u00e1gina<\/span>10<\/a>\n<a class=\"page-numbers next\" href=\"https:\/\/zeolitemin.com\/es\/wp-json\/wp\/v2\/pages\/2616\/page\/2\/\">\u00bb<\/a>\t\t<\/nav>\n\t\t\t\t<\/div>\n\t\t\t\t<\/div>\n\t\t\t\t\t<\/div>\n\t\t<\/div>\n\t\t\t\t\t<\/div>\n\t\t<\/section>\n\t\t\t\t<section class=\"elementor-section elementor-top-section elementor-element elementor-element-437c325 elementor-section-boxed elementor-section-height-default elementor-section-height-default\" data-id=\"437c325\" data-element_type=\"section\" data-settings=\"{&quot;background_background&quot;:&quot;classic&quot;}\">\n\t\t\t\t\t\t<div class=\"elementor-container elementor-column-gap-default\">\n\t\t\t\t\t<div class=\"elementor-column elementor-col-100 elementor-top-column elementor-element elementor-element-25ce4e6\" data-id=\"25ce4e6\" data-element_type=\"column\">\n\t\t\t<div class=\"elementor-widget-wrap elementor-element-populated\">\n\t\t\t\t\t\t<div class=\"elementor-element elementor-element-cbcc557 elementor-widget elementor-widget-text-editor\" data-id=\"cbcc557\" data-element_type=\"widget\" data-widget_type=\"text-editor.default\">\n\t\t\t\t<div class=\"elementor-widget-container\">\n\t\t\t\t\t\t\t<p>Hemos construido nuestro negocio a trav\u00e9s de un compromiso de ayudar a nuestros clientes a tener \u00e9xito en sus negocios. Aplicamos la filosof\u00eda de &quot;Mejora continua de la calidad&quot; para cumplir y superar todas las expectativas de los clientes y garantizar la entrega de productos superiores acompa\u00f1ados de un alto nivel de soporte t\u00e9cnico.<\/p><p>En Zeolitemin, la garant\u00eda de calidad es un elemento clave en nuestro programa de satisfacci\u00f3n del cliente y es una forma de vida en todas nuestras instalaciones de fabricaci\u00f3n. Todas nuestras plantas de producci\u00f3n cuentan con la certificaci\u00f3n ISO 9001. Nuestras pr\u00e1cticas de mejora de la calidad optimizan todas las facetas de la producci\u00f3n de zeolita, desde el laboratorio hasta la planta.<\/p><p>Nos enfocamos m\u00e1s en el desarrollo de <a href=\"https:\/\/antenchem.com\" rel=\"noopener\">Zeolitas<\/a> en el futuro y lo ayudar\u00eda a resolver m\u00e1s situaciones tecnol\u00f3gicas y brindar productos y servicios de la mejor calidad.<\/p>\t\t\t\t\t\t<\/div>\n\t\t\t\t<\/div>\n\t\t\t\t\t<\/div>\n\t\t<\/div>\n\t\t\t\t\t<\/div>\n\t\t<\/section>\n\t\t\t\t<\/div>","protected":false},"excerpt":{"rendered":"<p>Compartiendo sobre la aplicaci\u00f3n de clinoptilolita de zeolita natural: el mejor soporte t\u00e9cnico 24\/7 para nuestros clientes. Zeolites Acticles Hemos construido nuestro negocio a trav\u00e9s de un compromiso de ayudar a nuestros clientes a tener \u00e9xito en sus negocios. Aplicamos la filosof\u00eda de &quot;Mejora continua de la calidad&quot; para cumplir y superar todas las expectativas de los clientes y garantizar la entrega de productos superiores [\u2026]<\/p>","protected":false},"author":1,"featured_media":721,"parent":0,"menu_order":6,"comment_status":"closed","ping_status":"closed","template":"elementor_header_footer","meta":{"footnotes":""},"class_list":["post-2616","page","type-page","status-publish","has-post-thumbnail","hentry"],"_links":{"self":[{"href":"https:\/\/zeolitemin.com\/es\/wp-json\/wp\/v2\/pages\/2616","targetHints":{"allow":["GET"]}}],"collection":[{"href":"https:\/\/zeolitemin.com\/es\/wp-json\/wp\/v2\/pages"}],"about":[{"href":"https:\/\/zeolitemin.com\/es\/wp-json\/wp\/v2\/types\/page"}],"author":[{"embeddable":true,"href":"https:\/\/zeolitemin.com\/es\/wp-json\/wp\/v2\/users\/1"}],"replies":[{"embeddable":true,"href":"https:\/\/zeolitemin.com\/es\/wp-json\/wp\/v2\/comments?post=2616"}],"version-history":[{"count":0,"href":"https:\/\/zeolitemin.com\/es\/wp-json\/wp\/v2\/pages\/2616\/revisions"}],"wp:featuredmedia":[{"embeddable":true,"href":"https:\/\/zeolitemin.com\/es\/wp-json\/wp\/v2\/media\/721"}],"wp:attachment":[{"href":"https:\/\/zeolitemin.com\/es\/wp-json\/wp\/v2\/media?parent=2616"}],"curies":[{"name":"wp","href":"https:\/\/api.w.org\/{rel}","templated":true}]}}