{"id":2124,"date":"2022-03-31T18:20:22","date_gmt":"2022-03-31T10:20:22","guid":{"rendered":"https:\/\/www.oklee.ga\/?page_id=2124"},"modified":"2023-03-06T10:36:31","modified_gmt":"2023-03-06T02:36:31","slug":"link","status":"publish","type":"page","link":"https:\/\/zeolitemin.com\/es\/link\/","title":{"rendered":"Enlace"},"content":{"rendered":"<div data-elementor-type=\"wp-page\" data-elementor-id=\"2124\" class=\"elementor elementor-2124\" data-elementor-post-type=\"page\">\n\t\t\t\t\t\t<section class=\"elementor-section elementor-top-section elementor-element elementor-element-66b60984 elementor-section-height-min-height elementor-section-boxed elementor-section-height-default elementor-section-items-middle\" data-id=\"66b60984\" data-element_type=\"section\" data-settings=\"{&quot;background_background&quot;:&quot;classic&quot;}\">\n\t\t\t\t\t\t<div class=\"elementor-container elementor-column-gap-default\">\n\t\t\t\t\t<div class=\"elementor-column elementor-col-100 elementor-top-column elementor-element elementor-element-70d5f9a3\" data-id=\"70d5f9a3\" data-element_type=\"column\">\n\t\t\t<div class=\"elementor-widget-wrap elementor-element-populated\">\n\t\t\t\t\t\t<div class=\"elementor-element elementor-element-e66e9f9 elementor-widget elementor-widget-heading\" data-id=\"e66e9f9\" data-element_type=\"widget\" data-widget_type=\"heading.default\">\n\t\t\t\t<div class=\"elementor-widget-container\">\n\t\t\t<h1 class=\"elementor-heading-title elementor-size-default\">Enlace<\/h1>\t\t<\/div>\n\t\t\t\t<\/div>\n\t\t\t\t<div class=\"elementor-element elementor-element-6b9efb00 elementor-widget elementor-widget-text-editor\" data-id=\"6b9efb00\" data-element_type=\"widget\" data-widget_type=\"text-editor.default\">\n\t\t\t\t<div class=\"elementor-widget-container\">\n\t\t\t\t\t\t\t<p>La zeolita se utiliza como aditivo para alimentaci\u00f3n animal para aves de corral, lo que aumenta la eficiencia alimenticia y reduce los niveles de amon\u00edaco en las granjas av\u00edcolas.<\/p>\t\t\t\t\t\t<\/div>\n\t\t\t\t<\/div>\n\t\t\t\t\t<\/div>\n\t\t<\/div>\n\t\t\t\t\t<\/div>\n\t\t<\/section>\n\t\t\t\t<section class=\"elementor-section elementor-top-section elementor-element elementor-element-424c8b00 elementor-section-boxed elementor-section-height-default elementor-section-height-default\" data-id=\"424c8b00\" data-element_type=\"section\">\n\t\t\t\t\t\t<div class=\"elementor-container elementor-column-gap-default\">\n\t\t\t\t\t<div class=\"elementor-column elementor-col-100 elementor-top-column elementor-element elementor-element-78d381ea\" data-id=\"78d381ea\" data-element_type=\"column\">\n\t\t\t<div class=\"elementor-widget-wrap elementor-element-populated\">\n\t\t\t\t\t\t<div class=\"elementor-element elementor-element-a506d4 elementor-widget elementor-widget-heading\" data-id=\"a506d4\" data-element_type=\"widget\" data-widget_type=\"heading.default\">\n\t\t\t\t<div class=\"elementor-widget-container\">\n\t\t\t<h2 class=\"elementor-heading-title elementor-size-default\">Enlace<\/h2>\t\t<\/div>\n\t\t\t\t<\/div>\n\t\t\t\t<div class=\"elementor-element elementor-element-7baa8616 elementor-widget elementor-widget-text-editor\" data-id=\"7baa8616\" data-element_type=\"widget\" data-widget_type=\"text-editor.default\">\n\t\t\t\t<div class=\"elementor-widget-container\">\n\t\t\t\t\t\t\t<div class=\"txtlink\"><p>Nos complace compartir con usted acerca de nuestro sistema de enlace de natural <a href=\"https:\/\/zeolitemin.com\/es\/what-is-liquid-zeolite\/\">zeolita<\/a> clinoptilolita, e intercambiar\u00eda con usted. si est\u00e1 interesado, por favor av\u00edsenos. Gracias.<\/p><ul><li><a href=\"https:\/\/www.inza.it\" rel=\"noopener\">ASOCIACI\u00d3N INTERNACIONAL DE ZEOLITA NATURAL<\/a><\/li><li><a href=\"http:\/\/iza-online.org\/ZeoliteComp.htm\" target=\"_blank\" rel=\"nofollow noopener noreferrer\">La Asociaci\u00f3n Internacional de Zeolitas (IZA)<\/a><\/li><li><a href=\"http:\/\/www.bza.org\/links\/\" target=\"_blank\" rel=\"nofollow noopener noreferrer\">Asociaci\u00f3n Brit\u00e1nica de Zeolitas \u2013 BZA<\/a><\/li><li><a href=\"https:\/\/antenchem.en.alibaba.com\/\" target=\"_blank\" rel=\"nofollow noopener noreferrer\">Antenchem en Alibaba<\/a><\/li><li><a href=\"https:\/\/cn.linkedin.com\/pub\/kingson-lee\/79\/2\/bb5\" target=\"_blank\" rel=\"nofollow noopener noreferrer\">Huiying en Linkin<\/a><\/li><li><a href=\"https:\/\/www.facebook.com\/pages\/Anten-Chemical-Co-Ltd\/666814653417963\" target=\"_blank\" rel=\"nofollow noopener noreferrer\">Antenchem en facebook<\/a><\/li><li><a href=\"https:\/\/www.facebook.com\/huiyingchemical\" target=\"_blank\" rel=\"nofollow noopener noreferrer\">Huiying en facebook<\/a><\/li><li><a href=\"https:\/\/en.wikipedia.org\/wiki\/Precipitated_silica\" target=\"_blank\" rel=\"nofollow noopener noreferrer\">Wikipedia<\/a><\/li><li><a href=\"https:\/\/en.wikipedia.org\/wiki\/Silicon_dioxide\" target=\"_blank\" rel=\"nofollow noopener noreferrer\">Di\u00f3xido de silicio de Wikipedia<\/a><\/li><li><a href=\"https:\/\/en.m.wikipedia.org\/wiki\/Silica\" target=\"_blank\" rel=\"nofollow noopener noreferrer\">S\u00edlice de Wikipedia<\/a><\/li><li><a href=\"https:\/\/www.facebook.com\/zeolitemin\/\" target=\"_blank\" rel=\"nofollow noopener noreferrer\">zeolitemina facebook<\/a><\/li><li><a href=\"http:\/\/catalysisclubphilly.org\/\" target=\"_blank\" rel=\"nofollow noopener noreferrer\">Club de Cat\u00e1lisis de Filadelfia<\/a><\/li><li><a href=\"https:\/\/antenchem.blogspot.com\/\" target=\"_blank\" rel=\"nofollow noopener noreferrer\">Anten blogspot<\/a><\/li><li><a href=\"https:\/\/antenchemical.blogspot.com\/\" target=\"_blank\" rel=\"nofollow noopener noreferrer\">Punto de blog qu\u00edmico de Anten<\/a><\/li><li><a href=\"https:\/\/apppc.chinaz.com\/?domain=zeolitemin.com\">chinaz.com<\/a><\/li><li><a href=\"https:\/\/web.archive.org\/web\/20221001170141\/https:\/\/zeolitemin.com\/\">web.archivo.org<\/a><\/li><li><a href=\"http:\/\/www.lemon-directory.com\/\" rel=\"noopener\">Lim\u00f3n Directorio .com<\/a><\/li><li><a href=\"https:\/\/www.alexa.com\/siteinfo\/zeolitemin.com\" target=\"_blank\" rel=\"nofollow noopener noreferrer\">alexa<\/a><\/li><li><a href=\"https:\/\/www.gubo.org\" rel=\"noopener\">gubo.org<\/a><\/li><li><a href=\"https:\/\/safeweb.norton.com\/report\/show?url=https:\/\/zeolitemin.com\">Norton<\/a><\/li><li><a href=\"https:\/\/www.znds.com\/tv-1210644-1-1.html\" target=\"_blank\" rel=\"nofollow noopener noreferrer\">znds<\/a><\/li><li><a href=\"https:\/\/www.slider.com\/\" target=\"_blank\" rel=\"nofollow noopener noreferrer\">Motor de b\u00fasqueda deslizante - Listado gratuito<\/a><\/li><li><a href=\"https:\/\/www.safelinkchecker.com\/search\/Zeolitemin-Biotech\" target=\"_blank\" rel=\"nofollow noopener noreferrer\">comprobador de enlaces seguros<\/a><\/li><li><a href=\"https:\/\/www.siteprice.org\/website-worth\/zeolitemin.com\" target=\"_blank\" rel=\"nofollow noopener noreferrer\">siteprice.org<\/a><\/li><li><a href=\"https:\/\/seomon.com\/domain\/www.zeolitemin.com\/\" target=\"_blank\" rel=\"nofollow noopener noreferrer\">Seomon<\/a><\/li><li><a href=\"https:\/\/codepen.io\/zeolitemin\/pen\/QWOWWdG\" target=\"_blank\" rel=\"nofollow noopener noreferrer\">codepen.io<\/a><\/li><li><a href=\"https:\/\/chemistry.stackexchange.com\/questions\/145468\/activated-carbon-zeolite-does-relative-humidity-affect-retention-of-vocs\/\" target=\"_blank\" rel=\"nofollow noopener noreferrer\">qu\u00edmica<\/a><\/li><li><a href=\"https:\/\/chemistry.stackexchange.com\/questions\/115434\/what-zeolite-types-are-typically-used-to-absorb-co-and-co2-gases-at-maximum-zeol\/\" target=\"_blank\" rel=\"nofollow noopener noreferrer\">quimica.stackexchange<\/a><\/li><li><a href=\"https:\/\/imgur.com\/gallery\/TUYiKIp\" target=\"_blank\" rel=\"nofollow noopener noreferrer\">imgur<\/a><\/li><li><a href=\"https:\/\/answers.microsoft.com\/en-us\/xbox\/forum\/all\/xbox-series-x-getting-your-xbox-360-info-will-not\/2b44e8b6-67fa-492f-a07d-54377f1c3b7b?page=7\" target=\"_blank\" rel=\"nofollow noopener noreferrer\">microsoft<\/a><\/li><li><a href=\"https:\/\/answers.microsoft.com\/en-us\/xbox\/forum\/all\/video-glitching-on-series-s\/7b9ac2de-e88c-4642-9ff7-4a7f5d58a04a?page=2&amp;rtAction=1641956494082#\" target=\"_blank\" rel=\"nofollow noopener noreferrer\">respuestas.mic<\/a><\/li><li><a href=\"https:\/\/prepareforchange.net\/2021\/10\/03\/10-ways-to-detox-from-pharmakeia-deactivate-nanotechnology-and-heal-your-dna\/\" target=\"_blank\" rel=\"nofollow noopener noreferrer\">prepararseparaelcambio.net<\/a><\/li><li><a href=\"https:\/\/docs.google.com\/document\/d\/1aQkRJTtlwHAVcW0nLX5CiJDP2rRqkkjemhf0WINZQRk\/edit?usp=sharing\" target=\"_blank\" rel=\"nofollow noopener noreferrer\">Google<\/a><\/li><li><a href=\"https:\/\/c.mi.com\/thread-3631951-1-0.html\" target=\"_blank\" rel=\"nofollow noopener noreferrer\">mi.com<\/a><\/li><li><a href=\"https:\/\/duckduckgo.com\/?q=zeolitemin&amp;atb=v307-1__&amp;ia=web\" target=\"_blank\" rel=\"nofollow noopener noreferrer\">patopatogo.com<\/a><\/li><li><a href=\"https:\/\/www.gobyus.com\/Web\/Search\/United-States\/gs\/?q=Xiamen+Zeolitemin+Biotech+Co.%2CLtd.&amp;gsch=2#gsc.tab=0&amp;gsc.q=Xiamen%20Zeolitemin%20Biotech%20Co.%2CLtd.&amp;gsc.page=1\" target=\"_blank\" rel=\"nofollow noopener noreferrer\">gobius<\/a><\/li><li><a href=\"https:\/\/sitereport.netcraft.com\/?url=https:\/\/www.zeolitemin.com\" target=\"_blank\" rel=\"nofollow noopener noreferrer\">netcraft<\/a><\/li><li><a href=\"https:\/\/sitereport.netcraft.com\/?url=https:\/\/antenchem.com\" target=\"_blank\" rel=\"nofollow noopener noreferrer\">informedelsitio.netcraft.com<\/a><\/li><li><a href=\"https:\/\/www.houzz.com\/discussions\/2203484\/ipomoea-nil-buds-fail-to-open\" target=\"_blank\" rel=\"nofollow noopener noreferrer\">hozz<\/a><\/li><li><a href=\"http:\/\/www.bza.org\/\" target=\"_blank\" rel=\"nofollow noopener noreferrer\">Asociaci\u00f3n Brit\u00e1nica de Zeolita<\/a><\/li><li><a href=\"https:\/\/stolenhistory.net\/members\/chinazeolite.2864\/#about\" target=\"_blank\" rel=\"nofollow noopener noreferrer\">historiarobada.net<\/a><\/li><li><a href=\"https:\/\/medium.com\/@chinazeolite\" target=\"_blank\" rel=\"nofollow noopener noreferrer\">medio.com<\/a><\/li><li><a href=\"https:\/\/www.reef2reef.com\/threads\/which-type-of-zeolite-is-used-in-aquariums.865059\/\" target=\"_blank\" rel=\"nofollow noopener noreferrer\">que tipo de zeolita se usa en los acuarios<\/a><\/li><li><a href=\"https:\/\/aseannow.com\/profile\/354049-aanand-nagori\/\" target=\"_blank\" rel=\"nofollow noopener noreferrer\">asean ahora<\/a><\/li><li><a href=\"https:\/\/www.troublefreepool.com\/members\/zeolitemin.310301\/#about\" target=\"_blank\" rel=\"nofollow noopener noreferrer\">Piscina libre de problemas<\/a><\/li><li><a href=\"https:\/\/forum.grasscity.com\/members\/zeolitemin.1144546\/\" target=\"_blank\" rel=\"nofollow noopener noreferrer\">hierbaciudad<\/a><\/li><li><a href=\"https:\/\/c.mi.com\/thread-3883331-1-0.html\" target=\"_blank\" rel=\"nofollow noopener noreferrer\">mi<\/a><\/li><li><a href=\"https:\/\/worldsitelink.com\/zeolitemin.com\/\" target=\"_blank\" rel=\"nofollow noopener noreferrer\">worldsitelink.com<\/a><\/li><li><a href=\"http:\/\/www.submitexpress.com\/localseo.html\" target=\"_blank\" rel=\"nofollow noopener noreferrer\">Enviar Express Local SEO<\/a><\/li><li><a href=\"https:\/\/www.aquaticplantcentral.com\/showcase\/my-tank.1\/\" target=\"_blank\" rel=\"nofollow noopener noreferrer\">planta acu\u00e1ticacentral<\/a><\/li><li><a href=\"https:\/\/forums.steinberg.net\/u\/Michelle_Miler\" target=\"_blank\" rel=\"nofollow noopener noreferrer\">steinberg.net<\/a><\/li><li><a href=\"https:\/\/sitereport.netcraft.com\/?url=https%3A%2F%2Fwww.zeolitemin.com\" target=\"_blank\" rel=\"nofollow noopener noreferrer\">informe del sitio.netcraft<\/a><\/li><li><a href=\"https:\/\/www.merriam-webster.com\/dictionary\/zeolite\" target=\"_blank\" rel=\"nofollow noopener noreferrer\">zeolita merriam-webster<\/a><\/li><li><a href=\"https:\/\/pubchem.ncbi.nlm.nih.gov\/source\/24995\" target=\"_blank\" rel=\"nofollow noopener noreferrer\">pubchem.ncbi.nlm.nih.gov<\/a><\/li><li><a href=\"https:\/\/www.merriam-webster.com\/dictionary\/fertilizer\" target=\"_blank\" rel=\"nofollow noopener noreferrer\">Merriam Webster<\/a><\/li><li><a href=\"https:\/\/www.reef2reef.com\/members\/liann.178586\/\" target=\"_blank\" rel=\"nofollow noopener noreferrer\">arrecife2arrecife<\/a><\/li><li><a href=\"https:\/\/pubchem.ncbi.nlm.nih.gov\/substance\/445470370\" target=\"_blank\" rel=\"nofollow noopener noreferrer\">pubchem<\/a><\/li><li><a href=\"https:\/\/www.tradesparq.com\/products\/2628956\/Natural-Zeolite-Clinoptilolite-manufacturers\" target=\"_blank\" rel=\"nofollow noopener noreferrer\">tradesparq<\/a><\/li><li><a href=\"https:\/\/www.eworldtrade.com\/c\/kingsonleecompany\/\" target=\"_blank\" rel=\"nofollow noopener noreferrer\">eworldtrade<\/a><\/li><li><a href=\"http:\/\/www.fijin.com\/Xiamen-Zeolitemin-Biotech-CoLtd-ccn992698\" target=\"_blank\" rel=\"nofollow noopener noreferrer\">fijin.com<\/a><\/li><li><a href=\"https:\/\/www.africa2trust.com\/Member\/?l=1&amp;c=37&amp;sid=24747&amp;glx=0&amp;CatID=4\" target=\"_blank\" rel=\"nofollow noopener noreferrer\">africa2confianza<\/a><\/li><li><a href=\"https:\/\/www.producthunt.com\/posts\/natural-zeolite-clinoptilolite\" target=\"_blank\" rel=\"nofollow noopener noreferrer\">b\u00fasqueda de productos<\/a><\/li><li><a href=\"https:\/\/www.producthunt.com\/@zeolitemin\" target=\"_blank\" rel=\"nofollow noopener noreferrer\">cazaproductos.com<\/a><\/li><li><a href=\"https:\/\/www.producthunt.com\/posts\/freshworks-for-startups\" target=\"_blank\" rel=\"nofollow noopener noreferrer\">b\u00fasqueda de productos<\/a><\/li><li><a href=\"https:\/\/www.b2bpakistan.com\/view-profile\/data_company_name-265602.html\" target=\"_blank\" rel=\"nofollow noopener noreferrer\">b2bpakist\u00e1n<\/a><\/li><li><a href=\"https:\/\/xiamen-zeolitemin-biotech-coltd.business.site\/\" target=\"_blank\" rel=\"nofollow noopener noreferrer\">tienda de google<\/a><\/li><li><a href=\"https:\/\/www.merchantcircle.com\/zeolitemin-biotech-co-ltd--montgomery-al\" target=\"_blank\" rel=\"nofollow noopener noreferrer\">comerciantecircle.com<\/a><\/li><li><a href=\"https:\/\/www.cybo.com\/CN-biz\/xiamen-zeolitemin-biotech-co-ltd\" target=\"_blank\" rel=\"nofollow noopener noreferrer\">cybo.com<\/a><\/li><li><a href=\"https:\/\/www.wallstreet-online.de\/diskussion\/1237815-1-10\/canadian-zeolite-corp-kurz-vorm-cash-flow-zeolith\" target=\"_blank\" rel=\"nofollow noopener noreferrer\">wallstreet-online.de<\/a><\/li><li><a href=\"https:\/\/www.xmzeolite.com\/en\/exchanged-link\/Index.Html\" target=\"_blank\" rel=\"nofollow noopener noreferrer\">xmzeolita<\/a><\/li><li><a href=\"https:\/\/www.trangvangvietnam.com\/listings\/1187931612\/cong-ty-tnhh-biotech-zeolitemin-ha-mon.html\" target=\"_blank\" rel=\"nofollow noopener noreferrer\">trangvangvietnam<\/a><\/li><li><a href=\"https:\/\/coderwall.com\/Ann%20Li\" target=\"_blank\" rel=\"nofollow noopener noreferrer\">muro de codificaci\u00f3n<\/a><\/li><li><a href=\"https:\/\/web.archive.org\/web\/changes\/https:\/\/www.zeolitemin.com\/\" target=\"_blank\" rel=\"nofollow noopener noreferrer\">archivo.org<\/a><\/li><li><a href=\"https:\/\/www.xmzeolite.com\/en\/exchanged-link\/Index.Html\" target=\"_blank\" rel=\"nofollow noopener noreferrer\">Huiying qu\u00edmica<\/a><\/li><li><a href=\"https:\/\/zeolitemin21.tumblr.com\/\" target=\"_blank\" rel=\"nofollow noopener noreferrer\">Tumblr<\/a><\/li><li><a href=\"https:\/\/disqus.com\/by\/zeolitemin\/about\/\" target=\"_blank\" rel=\"nofollow noopener noreferrer\">Disqus<\/a><\/li><li><a href=\"https:\/\/github.com\/kingsonxm2000\/openwrt\/projects\/\" target=\"_blank\" rel=\"nofollow noopener noreferrer\">kingsonxm2000<\/a><\/li><li><a href=\"https:\/\/github.com\/orgs\/zeolitemin\/projects\" target=\"_blank\" rel=\"nofollow noopener noreferrer\">github-zeolitemin<\/a><\/li><li><a href=\"https:\/\/github.com\/kingsonxm2000\" target=\"_blank\" rel=\"nofollow noopener noreferrer\">github.com<\/a><\/li><li><a href=\"https:\/\/stackoverflow.com\/cv\/zeolitemin\" target=\"_blank\" rel=\"nofollow noopener noreferrer\">stackoverflow-cv<\/a><\/li><li><a href=\"https:\/\/stackoverflow.com\/story\/zeolitemin\" target=\"_blank\" rel=\"nofollow noopener noreferrer\">desbordamiento de pila<\/a><\/li><li><a href=\"https:\/\/www.vietnamyello.com\/company\/368582\/Zeolitemin_Biotech_Co_Ltd\" target=\"_blank\" rel=\"nofollow noopener noreferrer\">Vietnamita<\/a><\/li><li><a href=\"https:\/\/xueqiu.com\/S\/IZCFF\" target=\"_blank\" rel=\"nofollow noopener noreferrer\">IZCFF<\/a><\/li><li><a href=\"https:\/\/www.openadmintools.com\/en\/www.zeolitemin.com\/\" target=\"_blank\" rel=\"nofollow noopener noreferrer\">herramientas de administraci\u00f3n abierta<\/a><\/li><li><a href=\"https:\/\/stackoverflow.com\/questions\/54449765\/adding-schema-org-brand-in-json-ld\/\" target=\"_blank\" rel=\"nofollow noopener noreferrer\">stackoverflow.com<\/a><\/li><li><a href=\"https:\/\/bbs.360.cn\/home.php?mod=space&amp;uid=12276132&amp;do=share&amp;view=me&amp;from=space\" target=\"_blank\" rel=\"nofollow noopener noreferrer\">360 cn<\/a><\/li><li><a href=\"https:\/\/www.sitelike.org\/similar\/zeolitemin.com\/Site.aspx?url=zeolitemin.com\" target=\"_blank\" rel=\"nofollow noopener noreferrer\">organizaci\u00f3n similar a un sitio<\/a><\/li><li><a href=\"https:\/\/www.manta.com\/c\/mk2lbsy\/xiamen-zeolitemin-biotech-co-ltd\" target=\"_blank\" rel=\"nofollow noopener noreferrer\">manta<\/a><\/li><li><a href=\"https:\/\/www.hotfrog.com\/company\/1486053430784000\" target=\"_blank\" rel=\"nofollow noopener noreferrer\">zeolita de rana caliente<\/a><\/li><li><a href=\"https:\/\/www.websquash.com\/\" target=\"_blank\" rel=\"nofollow noopener noreferrer\">V\u00ednculos de retroceso gratuitos de SEO<\/a><\/li><li><a href=\"https:\/\/zeolitemin.blogspot.com\/\" target=\"_blank\" rel=\"nofollow noopener noreferrer\">zeolitemina blogspot<\/a><\/li><li><a href=\"https:\/\/gitee.com\/kingsonxm\" target=\"_blank\" rel=\"nofollow noopener noreferrer\">gitee.com<\/a><\/li><li><a href=\"https:\/\/sitn.hms.harvard.edu\/flash\/2019\/can-converting-methane-co2-help-reduce-climate-change\/\" target=\"_blank\" rel=\"nofollow noopener noreferrer\">harvard.edu<\/a><\/li><li><a href=\"https:\/\/xueqiu.com\/S\/PQG\" target=\"_blank\" rel=\"nofollow noopener noreferrer\">pgg<\/a><\/li><li><a href=\"https:\/\/xueqiu.com\/u\/4167536393#\/\" target=\"_blank\" rel=\"nofollow noopener noreferrer\">xueqiu.com<\/a><\/li><li><a href=\"http:\/\/xueqiu.com\/S\/ROAD\" target=\"_blank\" rel=\"nofollow noopener noreferrer\">la carretera<\/a><\/li><li><a href=\"https:\/\/myblogu.com\/profile\/kingsonxm\" target=\"_blank\" rel=\"nofollow noopener noreferrer\">miblogu.com<\/a><\/li><li><a href=\"https:\/\/www.pennysaverusa.com\/user\/profile\/1825192\" target=\"_blank\" rel=\"nofollow noopener noreferrer\">pennysaverusa<\/a><\/li><li><a href=\"https:\/\/www.classifiedads.com\/office_business\/z897wxsjg34c1\" target=\"_blank\" rel=\"nofollow noopener noreferrer\">anuncios clasificados<\/a><\/li><li><a href=\"http:\/\/xiglute.com\/profile\/19836297\" target=\"_blank\" rel=\"nofollow noopener noreferrer\">xiglute.com<\/a><\/li><li><a href=\"http:\/\/anbach.com\/index.php?a=search&amp;q=Zeolitemin\" target=\"_blank\" rel=\"nofollow noopener noreferrer\">Anbach<\/a><\/li><li><a href=\"https:\/\/nhungtrangvang.net\/tagtinh\/20157810\/c%C3%B4ng-ty-khai-th%C3%A1c-kho%C3%A1ng-s%E1%BA%A3n-%E1%BB%9F-t%E1%BA%A1i_tp.-h%E1%BB%93-ch%C3%AD-minh-(tphcm).html\" target=\"_blank\" rel=\"nofollow noopener noreferrer\">nhungtrangvang<\/a><\/li><li><a href=\"https:\/\/www.tomvang.com\/ky-thuat\/tim-hieu-ve-tao-lam-trong-nuoi-trong-thuy-san\/\" target=\"_blank\" rel=\"nofollow noopener noreferrer\">tomvang<\/a><\/li><li><a href=\"http:\/\/www.websquash.com\/\" target=\"_blank\" rel=\"nofollow noopener noreferrer\">Env\u00edo web gratuito<\/a><\/li><li><a href=\"https:\/\/myanimelist.net\/profile\/kingsonxm\" target=\"_blank\" rel=\"nofollow noopener noreferrer\">myanimelist.net<\/a><\/li><li><a href=\"https:\/\/en.gravatar.com\/kingsonxm2000\" target=\"_blank\" rel=\"nofollow noopener noreferrer\">gravatar<\/a><\/li><li><a href=\"https:\/\/kingsonxm2000.wordpress.com\/\" target=\"_blank\" rel=\"nofollow noopener noreferrer\">wordpress<\/a><\/li><li><a href=\"https:\/\/hub.docker.com\/u\/kingsonxm\" target=\"_blank\" rel=\"nofollow noopener noreferrer\">estibador<\/a><\/li><li><a href=\"https:\/\/coderwall.com\/Lee%20Kingson\" target=\"_blank\" rel=\"nofollow noopener noreferrer\">muro de codificaci\u00f3n<\/a><\/li><li><a href=\"https:\/\/github.com\/kingsonxm2000\/openwrt\/commit\/87e446cf1ac38e59e2b7f7115b195d65d2bd686b\" target=\"_blank\" rel=\"nofollow noopener noreferrer\">github.com<\/a><\/li><li><a href=\"https:\/\/www.papyrus-uk.org\/forums\/users\/kingsonxm2000\/\" target=\"_blank\" rel=\"nofollow noopener noreferrer\">papiro-es.org<\/a><\/li><li><a href=\"http:\/\/www.klubsaham.com\/forum\/topic\/37686\/?page=5#post-890727\" target=\"_blank\" rel=\"nofollow noopener noreferrer\">klubsaham<\/a><\/li><li><a href=\"https:\/\/www.scoop.it\/topic\/zeolite-by-chinazeolite-gmail-com\" target=\"_blank\" rel=\"nofollow noopener noreferrer\">cuchar\u00f3n<\/a><\/li><li><a href=\"https:\/\/iasbaba.com\/2021\/04\/pressure-swing-adsorption-psa-oxygen-plants\/\" target=\"_blank\" rel=\"nofollow noopener noreferrer\">iasbaba<\/a><\/li><li><a href=\"https:\/\/www.flickr.com\/people\/193218053@N06\/\" target=\"_blank\" rel=\"nofollow noopener noreferrer\">Flickr<\/a><\/li><li><a href=\"https:\/\/www.promotebusinessdirectory.com\/\" target=\"_blank\" rel=\"nofollow noopener noreferrer\">Directorio Sitio Web Promocionar<\/a><\/li><li><a href=\"https:\/\/xmzeolite.blogspot.com\/\" target=\"_blank\" rel=\"nofollow noopener noreferrer\">xmzeolite.blogspot.com<\/a><\/li><li><a href=\"https:\/\/intelseek.com\/default.asp?search=zeolite&amp;submit=Search+All&amp;mode=allwords\" target=\"_blank\" rel=\"nofollow noopener noreferrer\">inteligencia<\/a><\/li><li><a href=\"https:\/\/vinabiz.org\/article\/detail\/quy-dinh-ve-luat-khi-thanh-lap-cong-ty-co-phan\/46\" target=\"_blank\" rel=\"nofollow noopener noreferrer\">vinabiz.org<\/a><\/li><li><a href=\"https:\/\/www.reddit.com\/r\/lawncare\/comments\/ned7yn\/zeolite_and_dogs\/\" target=\"_blank\" rel=\"nofollow noopener noreferrer\">Reddit<\/a><\/li><li><a href=\"https:\/\/ello.co\/kingsonxm\" target=\"_blank\" rel=\"nofollow noopener noreferrer\">ELLO<\/a><\/li><li><a href=\"https:\/\/www.viet-biz.com\/en\/zeolitemin-biotech-co-ltd\" target=\"_blank\" rel=\"nofollow noopener noreferrer\">viet-biz<\/a><\/li><li><a href=\"https:\/\/www.yellowpages.com.vn\/psearch\/vietnam\/zeolite.html\" target=\"_blank\" rel=\"nofollow noopener noreferrer\">Pagina amarilla<\/a><\/li><\/ul><\/div><div class=\"imglink\"><a href=\"https:\/\/submitx.com\/\" target=\"_blank\" rel=\"nofollow noopener noreferrer\"><img decoding=\"async\" src=\"https:\/\/submitx.com\/images\/submitx.jpg\" alt=\"enviarx.com\" width=\"88\" height=\"31\" border=\"0\" \/><\/a><\/div>\t\t\t\t\t\t<\/div>\n\t\t\t\t<\/div>\n\t\t\t\t\t<\/div>\n\t\t<\/div>\n\t\t\t\t\t<\/div>\n\t\t<\/section>\n\t\t\t\t<\/div>","protected":false},"excerpt":{"rendered":"<p>La zeolita se utiliza como aditivo alimentario para aves de corral, lo que aumenta la eficiencia alimenticia y reduce los niveles de amon\u00edaco en los gallineros. Nos complace compartir con usted nuestro sistema de enlace de zeolita natural y clinoptilolita y lo intercambiaremos con usted. Si est\u00e1s interesado, por favor av\u00edsanos. Gracias. ASOCIACI\u00d3N INTERNACIONAL DE ZEOLITA NATURAL La Asociaci\u00f3n Internacional de Zeolita [\u2026]<\/p>","protected":false},"author":1,"featured_media":1390,"parent":0,"menu_order":8,"comment_status":"closed","ping_status":"closed","template":"elementor_header_footer","meta":{"footnotes":""},"class_list":["post-2124","page","type-page","status-publish","has-post-thumbnail","hentry"],"_links":{"self":[{"href":"https:\/\/zeolitemin.com\/es\/wp-json\/wp\/v2\/pages\/2124","targetHints":{"allow":["GET"]}}],"collection":[{"href":"https:\/\/zeolitemin.com\/es\/wp-json\/wp\/v2\/pages"}],"about":[{"href":"https:\/\/zeolitemin.com\/es\/wp-json\/wp\/v2\/types\/page"}],"author":[{"embeddable":true,"href":"https:\/\/zeolitemin.com\/es\/wp-json\/wp\/v2\/users\/1"}],"replies":[{"embeddable":true,"href":"https:\/\/zeolitemin.com\/es\/wp-json\/wp\/v2\/comments?post=2124"}],"version-history":[{"count":0,"href":"https:\/\/zeolitemin.com\/es\/wp-json\/wp\/v2\/pages\/2124\/revisions"}],"wp:featuredmedia":[{"embeddable":true,"href":"https:\/\/zeolitemin.com\/es\/wp-json\/wp\/v2\/media\/1390"}],"wp:attachment":[{"href":"https:\/\/zeolitemin.com\/es\/wp-json\/wp\/v2\/media?parent=2124"}],"curies":[{"name":"wp","href":"https:\/\/api.w.org\/{rel}","templated":true}]}}