{"id":2077,"date":"2022-03-31T15:46:49","date_gmt":"2022-03-31T07:46:49","guid":{"rendered":"https:\/\/www.oklee.ga\/?page_id=2077"},"modified":"2022-11-09T14:45:57","modified_gmt":"2022-11-09T06:45:57","slug":"radioactive-waste-encapsulation","status":"publish","type":"page","link":"https:\/\/zeolitemin.com\/es\/zeolite-applications\/radioactive-waste-encapsulation\/","title":{"rendered":"Encapsulaci\u00f3n de Residuos Radiactivos"},"content":{"rendered":"<div data-elementor-type=\"wp-page\" data-elementor-id=\"2077\" class=\"elementor elementor-2077\" data-elementor-post-type=\"page\">\n\t\t\t\t\t\t<section class=\"elementor-section elementor-top-section elementor-element elementor-element-324a1522 elementor-section-height-min-height elementor-section-boxed elementor-section-height-default elementor-section-items-middle\" data-id=\"324a1522\" data-element_type=\"section\" data-settings=\"{&quot;background_background&quot;:&quot;classic&quot;}\">\n\t\t\t\t\t\t<div class=\"elementor-container elementor-column-gap-default\">\n\t\t\t\t\t<div class=\"elementor-column elementor-col-100 elementor-top-column elementor-element elementor-element-612351b3\" data-id=\"612351b3\" data-element_type=\"column\">\n\t\t\t<div class=\"elementor-widget-wrap elementor-element-populated\">\n\t\t\t\t\t\t<div class=\"elementor-element elementor-element-9851210 elementor-widget elementor-widget-heading\" data-id=\"9851210\" data-element_type=\"widget\" data-widget_type=\"heading.default\">\n\t\t\t\t<div class=\"elementor-widget-container\">\n\t\t\t<h1 class=\"elementor-heading-title elementor-size-default\">Encapsulaci\u00f3n de Residuos Radiactivos<\/h1>\t\t<\/div>\n\t\t\t\t<\/div>\n\t\t\t\t<div class=\"elementor-element elementor-element-2455e4d7 elementor-widget elementor-widget-text-editor\" data-id=\"2455e4d7\" data-element_type=\"widget\" data-widget_type=\"text-editor.default\">\n\t\t\t\t<div class=\"elementor-widget-container\">\n\t\t\t\t\t\t\t<p>La zeolita se utiliza como aditivo para alimentaci\u00f3n animal para aves de corral, lo que aumenta la eficiencia alimenticia y reduce los niveles de amon\u00edaco en las granjas av\u00edcolas.<\/p>\t\t\t\t\t\t<\/div>\n\t\t\t\t<\/div>\n\t\t\t\t\t<\/div>\n\t\t<\/div>\n\t\t\t\t\t<\/div>\n\t\t<\/section>\n\t\t\t\t<section class=\"elementor-section elementor-top-section elementor-element elementor-element-3dd45e37 elementor-section-boxed elementor-section-height-default elementor-section-height-default\" data-id=\"3dd45e37\" data-element_type=\"section\">\n\t\t\t\t\t\t<div class=\"elementor-container elementor-column-gap-default\">\n\t\t\t\t\t<div class=\"elementor-column elementor-col-100 elementor-top-column elementor-element elementor-element-5bb14ec9\" data-id=\"5bb14ec9\" data-element_type=\"column\">\n\t\t\t<div class=\"elementor-widget-wrap elementor-element-populated\">\n\t\t\t\t\t\t<div class=\"elementor-element elementor-element-506cf377 elementor-widget elementor-widget-heading\" data-id=\"506cf377\" data-element_type=\"widget\" data-widget_type=\"heading.default\">\n\t\t\t\t<div class=\"elementor-widget-container\">\n\t\t\t<h2 class=\"elementor-heading-title elementor-size-default\">Zeolita natural - Encapsulaci\u00f3n de residuos radiactivos<\/h2>\t\t<\/div>\n\t\t\t\t<\/div>\n\t\t\t\t<div class=\"elementor-element elementor-element-218e6687 elementor-widget elementor-widget-text-editor\" data-id=\"218e6687\" data-element_type=\"widget\" data-widget_type=\"text-editor.default\">\n\t\t\t\t<div class=\"elementor-widget-container\">\n\t\t\t\t\t\t\t<h3>Gesti\u00f3n de residuos<\/h3><p>Uno de los mayores desaf\u00edos que enfrenta la industria nuclear es la gesti\u00f3n de desechos que tienen el potencial de contaminar el medio ambiente y transferir toxinas a las cadenas alimentarias suelo-planta-animal. Durante a\u00f1os, el cemento se ha utilizado para encapsular desechos radiactivos porque es econ\u00f3mico, se puede preparar f\u00e1cilmente en lugares remotos y puede penetrar formas de desechos complejas (Milestone, 2006).<\/p><figure id=\"attachment_5617\" aria-describedby=\"caption-attachment-5617\" style=\"width: 300px\" class=\"wp-caption alignleft\"><img decoding=\"async\" class=\"size-medium wp-image-5617\" src=\"https:\/\/zeolitemin.com\/wp-content\/uploads\/2022\/05\/radioactive-waste-300x150.jpg\" alt=\"la zeolita absorbe los desechos radiactivos\" width=\"300\" height=\"150\" srcset=\"https:\/\/zeolitemin.com\/wp-content\/uploads\/2022\/05\/radioactive-waste-300x150.jpg 300w, https:\/\/zeolitemin.com\/wp-content\/uploads\/2022\/05\/radioactive-waste-768x384.jpg 768w, https:\/\/zeolitemin.com\/wp-content\/uploads\/2022\/05\/radioactive-waste-16x8.jpg 16w, https:\/\/zeolitemin.com\/wp-content\/uploads\/2022\/05\/radioactive-waste.jpg 800w\" sizes=\"(max-width: 300px) 100vw, 300px\" \/><figcaption id=\"caption-attachment-5617\" class=\"wp-caption-text\">la zeolita absorbe los desechos radiactivos<\/figcaption><\/figure><p>El cemento tambi\u00e9n ayuda en la inmovilizaci\u00f3n de los radion\u00faclidos al actuar como una barrera de difusi\u00f3n, proporcionando sitios de reacci\u00f3n y sorci\u00f3n, y manteniendo un pH alto, lo que a su vez reduce la solubilidad de los radion\u00faclidos (Milestone, 2006). Sin embargo, las reacciones que ocurren entre los desechos radiactivos y el cemento utilizado para la encapsulaci\u00f3n pueden comprometer la integridad de la forma de desechos (Milestone, 2006).<\/p><h3>Encapsulaci\u00f3n de Zeolita<\/h3><p>La zeolita natural se usa a menudo para limitar el impacto ambiental de los desechos radiactivos. Las aplicaciones hist\u00f3ricas incluyen limitar el impacto de los accidentes nucleares de Three Miles Island y Chernobyl, eliminar los is\u00f3topos radiactivos de cesio y estroncio de los efluentes de la industria nuclear y descontaminar el agua (Misaelides, 2011). Desde 1985, el Plan de Efluentes I\u00f3nicos de Sellafield ha utilizado <a href=\"https:\/\/zeolitemin.com\/es\/zeolite-science\/what-is-natural-clinoptilolite\/\">clinoptilolita<\/a> para reducir los niveles de cesio y estroncio vertidos en el Mar de Irlanda.<\/p><p>La lixiviaci\u00f3n es un gran desaf\u00edo relacionado con los residuos radiactivos <a href=\"https:\/\/zeolitemin.com\/es\/zeolite-applications\/hydrocarbon-encapsulation\/\">encapsulaci\u00f3n<\/a>. Los estudios han encontrado que mejorar las estructuras de los poros es un m\u00e9todo para contener los desechos en una estructura s\u00f3lida. Por ejemplo, Bagosi (2006) realiz\u00f3 un experimento con una mezcla de cemento y zeolita natural para evitar la lixiviaci\u00f3n de cesio. Los resultados indicaron que la adici\u00f3n de zeolita disminuy\u00f3 la liberaci\u00f3n de cesio hasta en un 75 por ciento en el transcurso de un per\u00edodo de tres a\u00f1os.<\/p><p>Li y Wang (2005) estudiaron los efectos de la zeolita en la resistencia, el calor de hidrataci\u00f3n y las tasas de lixiviaci\u00f3n de la matriz de cementaci\u00f3n de resina. Despu\u00e9s de una prueba de lixiviaci\u00f3n simulada, determinaron que la inclusi\u00f3n de <a href=\"https:\/\/zeolitemin.com\/es\/products\/uz-min-cement-additives\/\">zeolita en cemento<\/a> redujo significativamente las tasas de lixiviaci\u00f3n de radion\u00faclidos. Llegaron a la conclusi\u00f3n de que la zeolita es un suplemento que respalda la estabilidad de la matriz de cemento y puede reducir significativamente las tasas de lixiviaci\u00f3n. Zeolita como <a href=\"https:\/\/antenchem.com\" rel=\"noopener\">tamiz molecular<\/a> es un mineral natural.<\/p>\t\t\t\t\t\t<\/div>\n\t\t\t\t<\/div>\n\t\t\t\t\t<\/div>\n\t\t<\/div>\n\t\t\t\t\t<\/div>\n\t\t<\/section>\n\t\t\t\t<section class=\"elementor-section elementor-top-section elementor-element elementor-element-c433311 elementor-section-boxed elementor-section-height-default elementor-section-height-default\" data-id=\"c433311\" data-element_type=\"section\" data-settings=\"{&quot;background_background&quot;:&quot;classic&quot;}\">\n\t\t\t\t\t\t<div class=\"elementor-container elementor-column-gap-default\">\n\t\t\t\t\t<div class=\"elementor-column elementor-col-100 elementor-top-column elementor-element elementor-element-c74f417\" data-id=\"c74f417\" data-element_type=\"column\">\n\t\t\t<div class=\"elementor-widget-wrap elementor-element-populated\">\n\t\t\t\t\t\t<div class=\"elementor-element elementor-element-8d12171 elementor-widget elementor-widget-heading\" data-id=\"8d12171\" data-element_type=\"widget\" data-widget_type=\"heading.default\">\n\t\t\t\t<div class=\"elementor-widget-container\">\n\t\t\t<h3 class=\"elementor-heading-title elementor-size-default\">Beneficios de la zeolita clinoptilolita UZ-Min en la encapsulaci\u00f3n de desechos radiactivos<\/h3>\t\t<\/div>\n\t\t\t\t<\/div>\n\t\t\t\t<div class=\"elementor-element elementor-element-d892a31 elementor-widget elementor-widget-text-editor\" data-id=\"d892a31\" data-element_type=\"widget\" data-widget_type=\"text-editor.default\">\n\t\t\t\t<div class=\"elementor-widget-container\">\n\t\t\t\t\t\t\t<ul><li>Absorbe e inmoviliza cationes radiactivos como cesio (Cs) y estroncio (Sr)<\/li><li>Radiaci\u00f3n probada y resistencia t\u00e9rmica<\/li><li>Aglutina cationes radiactivos en aguas residuales nucleares y suelos contaminados<\/li><li>Altamente compatible con los m\u00e9todos de encapsulaci\u00f3n de cemento<\/li><li>Previene la lixiviaci\u00f3n de contaminantes al medio ambiente.<\/li><li>Previene la corrosi\u00f3n de las matrices de cemento creadas durante la encapsulaci\u00f3n<\/li><\/ul>\t\t\t\t\t\t<\/div>\n\t\t\t\t<\/div>\n\t\t\t\t\t<\/div>\n\t\t<\/div>\n\t\t\t\t\t<\/div>\n\t\t<\/section>\n\t\t\t\t<section class=\"elementor-section elementor-top-section elementor-element elementor-element-77e6a0c elementor-section-boxed elementor-section-height-default elementor-section-height-default\" data-id=\"77e6a0c\" data-element_type=\"section\">\n\t\t\t\t\t\t<div class=\"elementor-container elementor-column-gap-default\">\n\t\t\t\t\t<div class=\"elementor-column elementor-col-100 elementor-top-column elementor-element elementor-element-3640d381\" data-id=\"3640d381\" data-element_type=\"column\">\n\t\t\t<div class=\"elementor-widget-wrap elementor-element-populated\">\n\t\t\t\t\t\t<section class=\"elementor-section elementor-inner-section elementor-element elementor-element-6a8d2851 elementor-section-boxed elementor-section-height-default elementor-section-height-default\" data-id=\"6a8d2851\" data-element_type=\"section\" data-settings=\"{&quot;sticky&quot;:&quot;top&quot;,&quot;sticky_on&quot;:[&quot;desktop&quot;,&quot;tablet&quot;],&quot;sticky_parent&quot;:&quot;yes&quot;,&quot;sticky_offset&quot;:0,&quot;sticky_effects_offset&quot;:0}\">\n\t\t\t\t\t\t<div class=\"elementor-container elementor-column-gap-default\">\n\t\t\t\t\t<div class=\"elementor-column elementor-col-100 elementor-inner-column elementor-element elementor-element-29bdb5d0\" data-id=\"29bdb5d0\" data-element_type=\"column\" data-settings=\"{&quot;background_background&quot;:&quot;classic&quot;}\">\n\t\t\t<div class=\"elementor-widget-wrap elementor-element-populated\">\n\t\t\t\t\t\t<div class=\"elementor-element elementor-element-17bdd2a0 elementor-widget elementor-widget-heading\" data-id=\"17bdd2a0\" data-element_type=\"widget\" data-widget_type=\"heading.default\">\n\t\t\t\t<div class=\"elementor-widget-container\">\n\t\t\t<h2 class=\"elementor-heading-title elementor-size-default\">Env\u00ede su consulta hoy<\/h2>\t\t<\/div>\n\t\t\t\t<\/div>\n\t\t\t\t<div class=\"elementor-element elementor-element-1f67cafc elementor-widget elementor-widget-template\" data-id=\"1f67cafc\" data-element_type=\"widget\" data-widget_type=\"template.default\">\n\t\t\t\t<div class=\"elementor-widget-container\">\n\t\t\t\t\t<div class=\"elementor-template\">\n\t\t\t\t\t<div data-elementor-type=\"section\" data-elementor-id=\"213\" class=\"elementor elementor-213\" data-elementor-post-type=\"elementor_library\">\n\t\t\t\t\t<section class=\"elementor-section elementor-top-section elementor-element elementor-element-147d694 elementor-section-boxed elementor-section-height-default elementor-section-height-default\" data-id=\"147d694\" data-element_type=\"section\">\n\t\t\t\t\t\t<div class=\"elementor-container elementor-column-gap-default\">\n\t\t\t\t\t<div class=\"elementor-column elementor-col-100 elementor-top-column elementor-element elementor-element-8955c09\" data-id=\"8955c09\" data-element_type=\"column\">\n\t\t\t<div class=\"elementor-widget-wrap elementor-element-populated\">\n\t\t\t\t\t\t<div class=\"elementor-element elementor-element-5294796 elementor-button-align-stretch elementor-widget elementor-widget-global elementor-global-2532 elementor-widget-form\" data-id=\"5294796\" data-element_type=\"widget\" data-settings=\"{&quot;step_next_label&quot;:&quot;Next&quot;,&quot;step_previous_label&quot;:&quot;Previous&quot;,&quot;button_width&quot;:&quot;100&quot;,&quot;step_type&quot;:&quot;number_text&quot;,&quot;step_icon_shape&quot;:&quot;circle&quot;}\" data-widget_type=\"form.default\">\n\t\t\t\t<div class=\"elementor-widget-container\">\n\t\t\t\t\t<form class=\"elementor-form\" method=\"post\" name=\"New Form\" action=\"\">\n\t\t\t<input type=\"hidden\" name=\"post_id\" value=\"213\"\/>\n\t\t\t<input type=\"hidden\" name=\"form_id\" value=\"5294796\"\/>\n\t\t\t<input type=\"hidden\" name=\"referer_title\" value=\"\" \/>\n\n\t\t\t\n\t\t\t<div class=\"elementor-form-fields-wrapper elementor-labels-\">\n\t\t\t\t\t\t\t\t<div class=\"elementor-field-type-text elementor-field-group elementor-column elementor-field-group-name elementor-col-50 elementor-field-required\">\n\t\t\t\t\t\t\t\t\t\t\t\t\t<input size=\"1\" type=\"text\" name=\"form_fields[name]\" id=\"form-field-name\" class=\"elementor-field elementor-size-sm  elementor-field-textual\" placeholder=\"Nombre *\" required=\"required\" aria-required=\"true\">\n\t\t\t\t\t\t\t\t\t\t\t<\/div>\n\t\t\t\t\t\t\t\t<div class=\"elementor-field-type-email elementor-field-group elementor-column elementor-field-group-email elementor-col-50 elementor-field-required\">\n\t\t\t\t\t\t\t\t\t\t\t\t\t<input size=\"1\" type=\"email\" name=\"form_fields[email]\" id=\"form-field-email\" class=\"elementor-field elementor-size-sm  elementor-field-textual\" placeholder=\"Correo electr\u00f3nico *\" required=\"required\" aria-required=\"true\">\n\t\t\t\t\t\t\t\t\t\t\t<\/div>\n\t\t\t\t\t\t\t\t<div class=\"elementor-field-type-text elementor-field-group elementor-column elementor-field-group-yourcompany elementor-col-50 elementor-field-required\">\n\t\t\t\t\t\t\t\t\t\t\t\t\t<input size=\"1\" type=\"text\" name=\"form_fields[yourcompany]\" id=\"form-field-yourcompany\" class=\"elementor-field elementor-size-sm  elementor-field-textual\" placeholder=\"Compa\u00f1\u00eda *\" required=\"required\" aria-required=\"true\">\n\t\t\t\t\t\t\t\t\t\t\t<\/div>\n\t\t\t\t\t\t\t\t<div class=\"elementor-field-type-tel elementor-field-group elementor-column elementor-field-group-phone elementor-col-50 elementor-field-required\">\n\t\t\t\t\t\t\t<input size=\"1\" type=\"tel\" name=\"form_fields[phone]\" id=\"form-field-phone\" class=\"elementor-field elementor-size-sm  elementor-field-textual\" placeholder=\"Tel\u00e9fono *\" required=\"required\" aria-required=\"true\" pattern=\"[0-9()#&amp;+*-=.]+\" title=\"Solo se aceptan n\u00fameros y caracteres telef\u00f3nicos (#, -, *, etc.).\">\n\n\t\t\t\t\t\t<\/div>\n\t\t\t\t\t\t\t\t<div class=\"elementor-field-type-text elementor-field-group elementor-column elementor-field-group-country elementor-col-50 elementor-field-required\">\n\t\t\t\t\t\t\t\t\t\t\t\t\t<input size=\"1\" type=\"text\" name=\"form_fields[country]\" id=\"form-field-country\" class=\"elementor-field elementor-size-sm  elementor-field-textual\" placeholder=\"Pa\u00eds\" required=\"required\" aria-required=\"true\">\n\t\t\t\t\t\t\t\t\t\t\t<\/div>\n\t\t\t\t\t\t\t\t<div class=\"elementor-field-type-text elementor-field-group elementor-column elementor-field-group-yourmobile elementor-col-50 elementor-field-required\">\n\t\t\t\t\t\t\t\t\t\t\t\t\t<input size=\"1\" type=\"text\" name=\"form_fields[yourmobile]\" id=\"form-field-yourmobile\" class=\"elementor-field elementor-size-sm  elementor-field-textual\" placeholder=\"M\u00f3vil *\" required=\"required\" aria-required=\"true\">\n\t\t\t\t\t\t\t\t\t\t\t<\/div>\n\t\t\t\t\t\t\t\t<div class=\"elementor-field-type-textarea elementor-field-group elementor-column elementor-field-group-message elementor-col-100 elementor-field-required\">\n\t\t\t\t\t<textarea class=\"elementor-field-textual elementor-field  elementor-size-sm\" name=\"form_fields[message]\" id=\"form-field-message\" rows=\"4\" placeholder=\"Mensaje *\" required=\"required\" aria-required=\"true\"><\/textarea>\t\t\t\t<\/div>\n\t\t\t\t\t\t\t\t<div class=\"elementor-field-type-recaptcha elementor-field-group elementor-column elementor-field-group-field_recaptcha elementor-col-100\">\n\t\t\t\t\t<div class=\"elementor-field\" id=\"form-field-field_recaptcha\"><div class=\"elementor-g-recaptcha\" data-sitekey=\"6LdTXg0iAAAAAJQWCjxvpI7P0vJF3Al_7EIzWP9u\" data-type=\"v2_checkbox\" data-theme=\"light\" data-size=\"normal\"><\/div><\/div>\t\t\t\t<\/div>\n\t\t\t\t\t\t\t\t<div class=\"elementor-field-group elementor-column elementor-field-type-submit elementor-col-100 e-form__buttons\">\n\t\t\t\t\t<button class=\"elementor-button elementor-size-sm\" type=\"submit\">\n\t\t\t\t\t\t<span class=\"elementor-button-content-wrapper\">\n\t\t\t\t\t\t\t\t\t\t\t\t\t\t\t\t\t\t\t\t\t\t<span class=\"elementor-button-text\">Enviar<\/span>\n\t\t\t\t\t\t\t\t\t\t\t\t\t<\/span>\n\t\t\t\t\t<\/button>\n\t\t\t\t<\/div>\n\t\t\t<\/div>\n\t\t<input type=\"hidden\" name=\"trp-form-language\" value=\"es\"\/><\/form>\n\t\t\t\t<\/div>\n\t\t\t\t<\/div>\n\t\t\t\t\t<\/div>\n\t\t<\/div>\n\t\t\t\t\t<\/div>\n\t\t<\/section>\n\t\t\t\t<\/div>\n\t\t\t\t<\/div>\n\t\t\t\t<\/div>\n\t\t\t\t<\/div>\n\t\t\t\t\t<\/div>\n\t\t<\/div>\n\t\t\t\t\t<\/div>\n\t\t<\/section>\n\t\t\t\t\t<\/div>\n\t\t<\/div>\n\t\t\t\t\t<\/div>\n\t\t<\/section>\n\t\t\t\t<\/div>","protected":false},"excerpt":{"rendered":"<p>La zeolita se utiliza como aditivo para piensos para aves de corral, lo que aumenta la eficiencia de la alimentaci\u00f3n y reduce los niveles de amon\u00edaco en las naves av\u00edcolas Gesti\u00f3n de residuos Uno de los mayores desaf\u00edos a los que se enfrenta la industria nuclear es la gesti\u00f3n de residuos que tienen el potencial de contaminar el medio ambiente y transferir toxinas al suelo. cadenas alimenticias planta-animal. Durante a\u00f1os, el cemento se ha utilizado [\u2026]<\/p>","protected":false},"author":1,"featured_media":0,"parent":1557,"menu_order":7,"comment_status":"closed","ping_status":"closed","template":"elementor_header_footer","meta":{"footnotes":""},"class_list":["post-2077","page","type-page","status-publish","hentry"],"_links":{"self":[{"href":"https:\/\/zeolitemin.com\/es\/wp-json\/wp\/v2\/pages\/2077","targetHints":{"allow":["GET"]}}],"collection":[{"href":"https:\/\/zeolitemin.com\/es\/wp-json\/wp\/v2\/pages"}],"about":[{"href":"https:\/\/zeolitemin.com\/es\/wp-json\/wp\/v2\/types\/page"}],"author":[{"embeddable":true,"href":"https:\/\/zeolitemin.com\/es\/wp-json\/wp\/v2\/users\/1"}],"replies":[{"embeddable":true,"href":"https:\/\/zeolitemin.com\/es\/wp-json\/wp\/v2\/comments?post=2077"}],"version-history":[{"count":0,"href":"https:\/\/zeolitemin.com\/es\/wp-json\/wp\/v2\/pages\/2077\/revisions"}],"up":[{"embeddable":true,"href":"https:\/\/zeolitemin.com\/es\/wp-json\/wp\/v2\/pages\/1557"}],"wp:attachment":[{"href":"https:\/\/zeolitemin.com\/es\/wp-json\/wp\/v2\/media?parent=2077"}],"curies":[{"name":"wp","href":"https:\/\/api.w.org\/{rel}","templated":true}]}}