{"id":1989,"date":"2022-03-31T09:00:36","date_gmt":"2022-03-31T01:00:36","guid":{"rendered":"https:\/\/www.oklee.ga\/?page_id=1989"},"modified":"2024-07-02T14:58:31","modified_gmt":"2024-07-02T06:58:31","slug":"drinking-water-filter","status":"publish","type":"page","link":"https:\/\/zeolitemin.com\/es\/zeolite-applications\/drinking-water-filter\/","title":{"rendered":"Filtro de agua potable"},"content":{"rendered":"<div data-elementor-type=\"wp-page\" data-elementor-id=\"1989\" class=\"elementor elementor-1989\" data-elementor-post-type=\"page\">\n\t\t\t\t\t\t<section class=\"elementor-section elementor-top-section elementor-element elementor-element-6b83784e elementor-section-height-min-height elementor-section-boxed elementor-section-height-default elementor-section-items-middle\" data-id=\"6b83784e\" data-element_type=\"section\" data-settings=\"{&quot;background_background&quot;:&quot;classic&quot;}\">\n\t\t\t\t\t\t<div class=\"elementor-container elementor-column-gap-default\">\n\t\t\t\t\t<div class=\"elementor-column elementor-col-100 elementor-top-column elementor-element elementor-element-324c2883\" data-id=\"324c2883\" data-element_type=\"column\">\n\t\t\t<div class=\"elementor-widget-wrap elementor-element-populated\">\n\t\t\t\t\t\t<div class=\"elementor-element elementor-element-77d9e018 elementor-widget elementor-widget-heading\" data-id=\"77d9e018\" data-element_type=\"widget\" data-widget_type=\"heading.default\">\n\t\t\t\t<div class=\"elementor-widget-container\">\n\t\t\t<h1 class=\"elementor-heading-title elementor-size-default\">Filtro de agua potable<\/h1>\t\t<\/div>\n\t\t\t\t<\/div>\n\t\t\t\t<div class=\"elementor-element elementor-element-395ad1ea elementor-widget elementor-widget-text-editor\" data-id=\"395ad1ea\" data-element_type=\"widget\" data-widget_type=\"text-editor.default\">\n\t\t\t\t<div class=\"elementor-widget-container\">\n\t\t\t\t\t\t\t<p>Agua potable La clinoptilolita tiene el potencial de eliminar el amon\u00edaco del agua contaminada del embalse.<\/p>\t\t\t\t\t\t<\/div>\n\t\t\t\t<\/div>\n\t\t\t\t\t<\/div>\n\t\t<\/div>\n\t\t\t\t\t<\/div>\n\t\t<\/section>\n\t\t\t\t<section class=\"elementor-section elementor-top-section elementor-element elementor-element-6f61a4d7 elementor-section-boxed elementor-section-height-default elementor-section-height-default\" data-id=\"6f61a4d7\" data-element_type=\"section\">\n\t\t\t\t\t\t<div class=\"elementor-container elementor-column-gap-default\">\n\t\t\t\t\t<div class=\"elementor-column elementor-col-100 elementor-top-column elementor-element elementor-element-633fa184\" data-id=\"633fa184\" data-element_type=\"column\">\n\t\t\t<div class=\"elementor-widget-wrap elementor-element-populated\">\n\t\t\t\t\t\t<div class=\"elementor-element elementor-element-9791b61 elementor-widget elementor-widget-spacer\" data-id=\"9791b61\" data-element_type=\"widget\" data-widget_type=\"spacer.default\">\n\t\t\t\t<div class=\"elementor-widget-container\">\n\t\t\t\t\t<div class=\"elementor-spacer\">\n\t\t\t<div class=\"elementor-spacer-inner\"><\/div>\n\t\t<\/div>\n\t\t\t\t<\/div>\n\t\t\t\t<\/div>\n\t\t\t\t<div class=\"elementor-element elementor-element-74fcc053 elementor-widget elementor-widget-heading\" data-id=\"74fcc053\" data-element_type=\"widget\" data-widget_type=\"heading.default\">\n\t\t\t\t<div class=\"elementor-widget-container\">\n\t\t\t<h2 class=\"elementor-heading-title elementor-size-default\">Zeolita natural - Filtro de agua potable - Reciclaje r\u00e1pido<\/h2>\t\t<\/div>\n\t\t\t\t<\/div>\n\t\t\t\t<div class=\"elementor-element elementor-element-7a93e878 elementor-widget elementor-widget-text-editor\" data-id=\"7a93e878\" data-element_type=\"widget\" data-widget_type=\"text-editor.default\">\n\t\t\t\t<div class=\"elementor-widget-container\">\n\t\t\t\t\t\t\t<figure id=\"attachment_2350\" aria-describedby=\"caption-attachment-2350\" style=\"width: 300px\" class=\"wp-caption alignleft\"><img fetchpriority=\"high\" decoding=\"async\" class=\"size-medium wp-image-2350\" src=\"https:\/\/zeolitemin.com\/wp-content\/uploads\/2022\/04\/Water-Best-HD-Wallpaper-37069-300x200.jpg\" alt=\"medio de filtro natural de agua potable, y purifica el agua con zeolita.\" width=\"300\" height=\"200\" \/><figcaption id=\"caption-attachment-2350\" class=\"wp-caption-text\">medio de filtro natural de agua potable, y purifica el agua con zeolita.<\/figcaption><\/figure><h3>Fondo<\/h3><p>El mundo enfrenta una crisis de agua debido a la falta de agua potable limpia (Wang &amp; Peng, 2010). Un volumen significativo de aguas residuales se ha producido a partir de procesos industriales y se descarga en los sistemas de agua, poniendo contaminantes como metales pesados y petr\u00f3leo en contacto con fuentes de agua dulce. Para combatir este problema, los cient\u00edficos han examinado varias aplicaciones de zeolita en programas de purificaci\u00f3n de agua debido a su capacidad para absorber y adsorber iones y compuestos org\u00e1nicos en <a href=\"https:\/\/zeolitemin.com\/es\/how-to-use-zeolite-powder-to-remove-ammonia-nitrogen-in-wastewater\/\">aguas residuales<\/a>. fue procesado por un <a href=\"https:\/\/zeolitemin.com\/es\/zeolite-applications\/water-treatment\/\">filtro de agua<\/a>. Zeolita como <a href=\"https:\/\/antenchem.com\" rel=\"noopener\">tamiz molecular<\/a> es mineral natural 100%.<\/p><h3>Investigaci\u00f3n del filtro de agua potable con arena de zeolita<\/h3><p>R Los estudios realizados en todo el mundo demuestran que la clinoptilolita brinda importantes beneficios a los procesos de tratamiento y purificaci\u00f3n del agua potable. En China, el CO2, el mineral redujo el contenido de amon\u00edaco de los efluentes de aguas residuales a niveles potables (Mumpton, 1999). En Logan, UT, agregar una capa de zeolita triturada a un proceso de filtraci\u00f3n lenta en arena para agua potable triplic\u00f3 la tasa de filtraci\u00f3n. <a href=\"https:\/\/zeolitemin.com\/es\/\">Clinoptilolita<\/a> las perlas se usan regularmente para mejorar el agua del r\u00edo a est\u00e1ndares potables en Ryazan, Rusia y Uzgorod, Ucrania; las perlas eliminan el plomo a trav\u00e9s del intercambio de iones y proporcionan un medio econ\u00f3mico para purificar el agua potable. Un estudio realizado por Turan y Celik (2003) examin\u00f3 el impacto de la clinoptilolita en la eliminaci\u00f3n de amon\u00edaco del agua del embalse.\u00a0<\/p><h3>C\u00f3mo purificar el agua con Clinoptilolita Zeolita<\/h3><p>Las muestras de clinoptilolita se regeneraron tres veces durante el experimento para determinar si <a href=\"https:\/\/zeolitemin.com\/es\/zeolite-applications\/absorbent-adsorbent\/\">capacidades de adsorci\u00f3n<\/a> disminuido con el tiempo. Los resultados indican que la clinoptilolita regenerada dos veces con una soluci\u00f3n de NaCL de 30 g\/l a pH 11,5 activ\u00f3 el mineral y aument\u00f3 la <a href=\"https:\/\/zeolitemin.com\/es\/zeolite-science\/cation-exchange-capacity\/\">de intercambio i\u00f3nico<\/a> desempe\u00f1o (Turan &amp; Celik, 2003). El rendimiento general de adsorci\u00f3n no disminuy\u00f3 despu\u00e9s de que se regener\u00f3 el mineral. Los investigadores concluyeron que la clinoptilolita tiene potencial para eliminar el amon\u00edaco del agua contaminada del embalse.<\/p>\t\t\t\t\t\t<\/div>\n\t\t\t\t<\/div>\n\t\t\t\t\t<\/div>\n\t\t<\/div>\n\t\t\t\t\t<\/div>\n\t\t<\/section>\n\t\t\t\t<section class=\"elementor-section elementor-top-section elementor-element elementor-element-52d200f elementor-section-boxed elementor-section-height-default elementor-section-height-default\" data-id=\"52d200f\" data-element_type=\"section\" data-settings=\"{&quot;background_background&quot;:&quot;classic&quot;}\">\n\t\t\t\t\t\t<div class=\"elementor-container elementor-column-gap-default\">\n\t\t\t\t\t<div class=\"elementor-column elementor-col-100 elementor-top-column elementor-element elementor-element-6a497ca\" data-id=\"6a497ca\" data-element_type=\"column\">\n\t\t\t<div class=\"elementor-widget-wrap elementor-element-populated\">\n\t\t\t\t\t\t<div class=\"elementor-element elementor-element-27ce963 elementor-widget elementor-widget-heading\" data-id=\"27ce963\" data-element_type=\"widget\" data-widget_type=\"heading.default\">\n\t\t\t\t<div class=\"elementor-widget-container\">\n\t\t\t<h3 class=\"elementor-heading-title elementor-size-default\">Los beneficios de la zeolita natural para el agua potable (zeolita basada en clinoptilolita)<\/h3>\t\t<\/div>\n\t\t\t\t<\/div>\n\t\t\t\t<section class=\"elementor-section elementor-inner-section elementor-element elementor-element-bf0143e elementor-section-boxed elementor-section-height-default elementor-section-height-default\" data-id=\"bf0143e\" data-element_type=\"section\">\n\t\t\t\t\t\t<div class=\"elementor-container elementor-column-gap-default\">\n\t\t\t\t\t<div class=\"elementor-column elementor-col-50 elementor-inner-column elementor-element elementor-element-de472c8\" data-id=\"de472c8\" data-element_type=\"column\">\n\t\t\t<div class=\"elementor-widget-wrap elementor-element-populated\">\n\t\t\t\t\t\t<div class=\"elementor-element elementor-element-904abfe elementor-widget elementor-widget-heading\" data-id=\"904abfe\" data-element_type=\"widget\" data-widget_type=\"heading.default\">\n\t\t\t\t<div class=\"elementor-widget-container\">\n\t\t\t<h4 class=\"elementor-heading-title elementor-size-default\">\u00c1rea de superficie alta<\/h4>\t\t<\/div>\n\t\t\t\t<\/div>\n\t\t\t\t<div class=\"elementor-element elementor-element-aec825c elementor-widget elementor-widget-text-editor\" data-id=\"aec825c\" data-element_type=\"widget\" data-widget_type=\"text-editor.default\">\n\t\t\t\t<div class=\"elementor-widget-container\">\n\t\t\t\t\t\t\t<ul><li>Agua cristalina \u2013 DE Like Clarity<\/li><li>Atrapa m\u00e1s suciedad<\/li><li>Ahorra agua: menos retrolavados<\/li><\/ul>\t\t\t\t\t\t<\/div>\n\t\t\t\t<\/div>\n\t\t\t\t\t<\/div>\n\t\t<\/div>\n\t\t\t\t<div class=\"elementor-column elementor-col-50 elementor-inner-column elementor-element elementor-element-231aa23\" data-id=\"231aa23\" data-element_type=\"column\">\n\t\t\t<div class=\"elementor-widget-wrap elementor-element-populated\">\n\t\t\t\t\t\t<div class=\"elementor-element elementor-element-3f4ae56 elementor-widget elementor-widget-heading\" data-id=\"3f4ae56\" data-element_type=\"widget\" data-widget_type=\"heading.default\">\n\t\t\t\t<div class=\"elementor-widget-container\">\n\t\t\t<h4 class=\"elementor-heading-title elementor-size-default\">Intercambio de iones Ca<\/h4>\t\t<\/div>\n\t\t\t\t<\/div>\n\t\t\t\t<div class=\"elementor-element elementor-element-4e0788a elementor-widget elementor-widget-text-editor\" data-id=\"4e0788a\" data-element_type=\"widget\" data-widget_type=\"text-editor.default\">\n\t\t\t\t<div class=\"elementor-widget-container\">\n\t\t\t\t\t\t\t<ul><li>purifica el agua<\/li>\n<li>Atrapa Amon\u00edaco, Aminas y Metales Pesados<\/li>\n<\/ul>\t\t\t\t\t\t<\/div>\n\t\t\t\t<\/div>\n\t\t\t\t\t<\/div>\n\t\t<\/div>\n\t\t\t\t\t<\/div>\n\t\t<\/section>\n\t\t\t\t<section class=\"elementor-section elementor-inner-section elementor-element elementor-element-0675dce elementor-section-boxed elementor-section-height-default elementor-section-height-default\" data-id=\"0675dce\" data-element_type=\"section\">\n\t\t\t\t\t\t<div class=\"elementor-container elementor-column-gap-default\">\n\t\t\t\t\t<div class=\"elementor-column elementor-col-50 elementor-inner-column elementor-element elementor-element-d31d5f3\" data-id=\"d31d5f3\" data-element_type=\"column\">\n\t\t\t<div class=\"elementor-widget-wrap elementor-element-populated\">\n\t\t\t\t\t\t<div class=\"elementor-element elementor-element-e6adb26 elementor-widget elementor-widget-heading\" data-id=\"e6adb26\" data-element_type=\"widget\" data-widget_type=\"heading.default\">\n\t\t\t\t<div class=\"elementor-widget-container\">\n\t\t\t<h4 class=\"elementor-heading-title elementor-size-default\">Probado<\/h4>\t\t<\/div>\n\t\t\t\t<\/div>\n\t\t\t\t<div class=\"elementor-element elementor-element-e69819a elementor-widget elementor-widget-text-editor\" data-id=\"e69819a\" data-element_type=\"widget\" data-widget_type=\"text-editor.default\">\n\t\t\t\t<div class=\"elementor-widget-container\">\n\t\t\t\t\t\t\t<ul><li>Usos Residenciales y Comerciales<\/li>\n<li>Pasa los est\u00e1ndares NSF\/ANSI<\/li>\n<\/ul>\t\t\t\t\t\t<\/div>\n\t\t\t\t<\/div>\n\t\t\t\t\t<\/div>\n\t\t<\/div>\n\t\t\t\t<div class=\"elementor-column elementor-col-50 elementor-inner-column elementor-element elementor-element-aab6a55\" data-id=\"aab6a55\" data-element_type=\"column\">\n\t\t\t<div class=\"elementor-widget-wrap elementor-element-populated\">\n\t\t\t\t\t\t<div class=\"elementor-element elementor-element-f8791d6 elementor-widget elementor-widget-heading\" data-id=\"f8791d6\" data-element_type=\"widget\" data-widget_type=\"heading.default\">\n\t\t\t\t<div class=\"elementor-widget-container\">\n\t\t\t<h4 class=\"elementor-heading-title elementor-size-default\">De larga duraci\u00f3n<\/h4>\t\t<\/div>\n\t\t\t\t<\/div>\n\t\t\t\t<div class=\"elementor-element elementor-element-315d22c elementor-widget elementor-widget-text-editor\" data-id=\"315d22c\" data-element_type=\"widget\" data-widget_type=\"text-editor.default\">\n\t\t\t\t<div class=\"elementor-widget-container\">\n\t\t\t\t\t\t\t<ul><li>Reemplazar tan a menudo como Arena<\/li>\n<\/ul>\t\t\t\t\t\t<\/div>\n\t\t\t\t<\/div>\n\t\t\t\t\t<\/div>\n\t\t<\/div>\n\t\t\t\t\t<\/div>\n\t\t<\/section>\n\t\t\t\t\t<\/div>\n\t\t<\/div>\n\t\t\t\t\t<\/div>\n\t\t<\/section>\n\t\t\t\t<section class=\"elementor-section elementor-top-section elementor-element elementor-element-e207bb6 elementor-section-boxed elementor-section-height-default elementor-section-height-default\" data-id=\"e207bb6\" data-element_type=\"section\">\n\t\t\t\t\t\t<div class=\"elementor-container elementor-column-gap-default\">\n\t\t\t\t\t<div class=\"elementor-column elementor-col-100 elementor-top-column elementor-element elementor-element-dec2ca7\" data-id=\"dec2ca7\" data-element_type=\"column\">\n\t\t\t<div class=\"elementor-widget-wrap elementor-element-populated\">\n\t\t\t\t\t\t<div class=\"elementor-element elementor-element-86de5d7 elementor-widget elementor-widget-text-editor\" data-id=\"86de5d7\" data-element_type=\"widget\" data-widget_type=\"text-editor.default\">\n\t\t\t\t<div class=\"elementor-widget-container\">\n\t\t\t\t\t\t\t<p>Cada vez m\u00e1s investigaciones muestran el mejor resultado de los usos residenciales y comerciales. Aporta filtraci\u00f3n en profundidad y mayores caudales a los filtros de piscina. Se reemplaza tan a menudo como la arena, como las aplicaciones de adsorci\u00f3n de algas y polvo verde en piscinas. Tambi\u00e9n fue aprobado por las normas ANSI\/NSF. Es tan seguro (roca de zeolita natural 100%).<\/p>\t\t\t\t\t\t<\/div>\n\t\t\t\t<\/div>\n\t\t\t\t\t<\/div>\n\t\t<\/div>\n\t\t\t\t\t<\/div>\n\t\t<\/section>\n\t\t\t\t<section class=\"elementor-section elementor-top-section elementor-element elementor-element-1e1679a elementor-section-boxed elementor-section-height-default elementor-section-height-default\" data-id=\"1e1679a\" data-element_type=\"section\">\n\t\t\t\t\t\t<div class=\"elementor-container elementor-column-gap-default\">\n\t\t\t\t\t<div class=\"elementor-column elementor-col-100 elementor-top-column elementor-element elementor-element-761f2b5\" data-id=\"761f2b5\" data-element_type=\"column\">\n\t\t\t<div class=\"elementor-widget-wrap elementor-element-populated\">\n\t\t\t\t\t\t<div class=\"elementor-element elementor-element-6f6d2c0 elementor-widget elementor-widget-heading\" data-id=\"6f6d2c0\" data-element_type=\"widget\" data-widget_type=\"heading.default\">\n\t\t\t\t<div class=\"elementor-widget-container\">\n\t\t\t<h2 class=\"elementor-heading-title elementor-size-default\">Instale los medios de filtro de agua de zeolita<\/h2>\t\t<\/div>\n\t\t\t\t<\/div>\n\t\t\t\t<div class=\"elementor-element elementor-element-6508e2f elementor-widget elementor-widget-text-editor\" data-id=\"6508e2f\" data-element_type=\"widget\" data-widget_type=\"text-editor.default\">\n\t\t\t\t<div class=\"elementor-widget-container\">\n\t\t\t\t\t\t\t<p>Seguir cuatro sencillos pasos de instalaci\u00f3n dar\u00e1 lugar a a\u00f1os de agua cristalina.<\/p><p><strong>Cuatro sencillos pasos:<\/strong><\/p><ul><li>Retire la arena y haga las reparaciones necesarias.<\/li><li>Llene el filtro hasta la mitad con agua<\/li><li>Vierta la arena de zeolita en el filtro.<\/li><li>Retrolave hasta que salga agua clara del filtro.<\/li><\/ul><p>La menor densidad entre la roca de zeolita y la arena es la diferencia, por lo que utilizar\u00e1 aproximadamente la mitad de gr\u00e1nulos de zeolita UZ-Min por peso que la arena de filtro regular. Es un reemplazo de zeolita natural 100% para un filtro de arena que brinda una claridad similar a DE y controla la formaci\u00f3n de cloramina.<\/p>\t\t\t\t\t\t<\/div>\n\t\t\t\t<\/div>\n\t\t\t\t\t<\/div>\n\t\t<\/div>\n\t\t\t\t\t<\/div>\n\t\t<\/section>\n\t\t\t\t<section class=\"elementor-section elementor-top-section elementor-element elementor-element-d98ec46 elementor-section-boxed elementor-section-height-default elementor-section-height-default\" data-id=\"d98ec46\" data-element_type=\"section\">\n\t\t\t\t\t\t<div class=\"elementor-container elementor-column-gap-default\">\n\t\t\t\t\t<div class=\"elementor-column elementor-col-100 elementor-top-column elementor-element elementor-element-b201a7c\" data-id=\"b201a7c\" data-element_type=\"column\">\n\t\t\t<div class=\"elementor-widget-wrap elementor-element-populated\">\n\t\t\t\t\t\t<div class=\"elementor-element elementor-element-2777a89 elementor-widget elementor-widget-heading\" data-id=\"2777a89\" data-element_type=\"widget\" data-widget_type=\"heading.default\">\n\t\t\t\t<div class=\"elementor-widget-container\">\n\t\t\t<h3 class=\"elementor-heading-title elementor-size-default\">Agua clara como el cristal<\/h3>\t\t<\/div>\n\t\t\t\t<\/div>\n\t\t\t\t<section class=\"elementor-section elementor-inner-section elementor-element elementor-element-2b6dfd7 elementor-section-boxed elementor-section-height-default elementor-section-height-default\" data-id=\"2b6dfd7\" data-element_type=\"section\">\n\t\t\t\t\t\t<div class=\"elementor-container elementor-column-gap-default\">\n\t\t\t\t\t<div class=\"elementor-column elementor-col-50 elementor-inner-column elementor-element elementor-element-4b54d28\" data-id=\"4b54d28\" data-element_type=\"column\">\n\t\t\t<div class=\"elementor-widget-wrap elementor-element-populated\">\n\t\t\t\t\t\t<div class=\"elementor-element elementor-element-d798c36 elementor-widget elementor-widget-heading\" data-id=\"d798c36\" data-element_type=\"widget\" data-widget_type=\"heading.default\">\n\t\t\t\t<div class=\"elementor-widget-container\">\n\t\t\t<h4 class=\"elementor-heading-title elementor-size-default\">\u00c1rea de superficie alta<\/h4>\t\t<\/div>\n\t\t\t\t<\/div>\n\t\t\t\t<div class=\"elementor-element elementor-element-ce54b6a elementor-widget elementor-widget-text-editor\" data-id=\"ce54b6a\" data-element_type=\"widget\" data-widget_type=\"text-editor.default\">\n\t\t\t\t<div class=\"elementor-widget-container\">\n\t\t\t\t\t\t\t<ul><li>Agua cristalina \u2013 DE Like Clarity<\/li><li>Atrapa m\u00e1s suciedad<\/li><li>Ahorra agua: menos retrolavados<\/li><\/ul>\t\t\t\t\t\t<\/div>\n\t\t\t\t<\/div>\n\t\t\t\t\t<\/div>\n\t\t<\/div>\n\t\t\t\t<div class=\"elementor-column elementor-col-50 elementor-inner-column elementor-element elementor-element-c5415db\" data-id=\"c5415db\" data-element_type=\"column\">\n\t\t\t<div class=\"elementor-widget-wrap elementor-element-populated\">\n\t\t\t\t\t\t<div class=\"elementor-element elementor-element-aa22614 elementor-widget elementor-widget-heading\" data-id=\"aa22614\" data-element_type=\"widget\" data-widget_type=\"heading.default\">\n\t\t\t\t<div class=\"elementor-widget-container\">\n\t\t\t<h4 class=\"elementor-heading-title elementor-size-default\">Intercambio de iones Ca<\/h4>\t\t<\/div>\n\t\t\t\t<\/div>\n\t\t\t\t<div class=\"elementor-element elementor-element-ce172f4 elementor-widget elementor-widget-text-editor\" data-id=\"ce172f4\" data-element_type=\"widget\" data-widget_type=\"text-editor.default\">\n\t\t\t\t<div class=\"elementor-widget-container\">\n\t\t\t\t\t\t\t<ul><li>purifica el agua<\/li>\n<li>Atrapa Amon\u00edaco, Aminas y Metales Pesados<\/li>\n<\/ul>\t\t\t\t\t\t<\/div>\n\t\t\t\t<\/div>\n\t\t\t\t\t<\/div>\n\t\t<\/div>\n\t\t\t\t\t<\/div>\n\t\t<\/section>\n\t\t\t\t<section class=\"elementor-section elementor-inner-section elementor-element elementor-element-a1a6cb3 elementor-section-boxed elementor-section-height-default elementor-section-height-default\" data-id=\"a1a6cb3\" data-element_type=\"section\">\n\t\t\t\t\t\t<div class=\"elementor-container elementor-column-gap-default\">\n\t\t\t\t\t<div class=\"elementor-column elementor-col-50 elementor-inner-column elementor-element elementor-element-d637af7\" data-id=\"d637af7\" data-element_type=\"column\">\n\t\t\t<div class=\"elementor-widget-wrap elementor-element-populated\">\n\t\t\t\t\t\t<div class=\"elementor-element elementor-element-469a066 elementor-widget elementor-widget-heading\" data-id=\"469a066\" data-element_type=\"widget\" data-widget_type=\"heading.default\">\n\t\t\t\t<div class=\"elementor-widget-container\">\n\t\t\t<h4 class=\"elementor-heading-title elementor-size-default\">Probado<\/h4>\t\t<\/div>\n\t\t\t\t<\/div>\n\t\t\t\t<div class=\"elementor-element elementor-element-02e4d12 elementor-widget elementor-widget-text-editor\" data-id=\"02e4d12\" data-element_type=\"widget\" data-widget_type=\"text-editor.default\">\n\t\t\t\t<div class=\"elementor-widget-container\">\n\t\t\t\t\t\t\t<ul><li>Usos Residenciales y Comerciales<\/li>\n<li>Pasa los est\u00e1ndares NSF\/ANSI<\/li>\n<\/ul>\t\t\t\t\t\t<\/div>\n\t\t\t\t<\/div>\n\t\t\t\t\t<\/div>\n\t\t<\/div>\n\t\t\t\t<div class=\"elementor-column elementor-col-50 elementor-inner-column elementor-element elementor-element-127dd8a\" data-id=\"127dd8a\" data-element_type=\"column\">\n\t\t\t<div class=\"elementor-widget-wrap elementor-element-populated\">\n\t\t\t\t\t\t<div class=\"elementor-element elementor-element-b8a6975 elementor-widget elementor-widget-heading\" data-id=\"b8a6975\" data-element_type=\"widget\" data-widget_type=\"heading.default\">\n\t\t\t\t<div class=\"elementor-widget-container\">\n\t\t\t<h4 class=\"elementor-heading-title elementor-size-default\">De larga duraci\u00f3n<\/h4>\t\t<\/div>\n\t\t\t\t<\/div>\n\t\t\t\t<div class=\"elementor-element elementor-element-d9595ce elementor-widget elementor-widget-text-editor\" data-id=\"d9595ce\" data-element_type=\"widget\" data-widget_type=\"text-editor.default\">\n\t\t\t\t<div class=\"elementor-widget-container\">\n\t\t\t\t\t\t\t<ul><li>Reemplazar tan a menudo como Arena<\/li>\n<\/ul>\t\t\t\t\t\t<\/div>\n\t\t\t\t<\/div>\n\t\t\t\t\t<\/div>\n\t\t<\/div>\n\t\t\t\t\t<\/div>\n\t\t<\/section>\n\t\t\t\t\t<\/div>\n\t\t<\/div>\n\t\t\t\t\t<\/div>\n\t\t<\/section>\n\t\t\t\t<section class=\"elementor-section elementor-top-section elementor-element elementor-element-856abbc elementor-section-boxed elementor-section-height-default elementor-section-height-default\" data-id=\"856abbc\" data-element_type=\"section\" data-settings=\"{&quot;background_background&quot;:&quot;classic&quot;}\">\n\t\t\t\t\t\t<div class=\"elementor-container elementor-column-gap-default\">\n\t\t\t\t\t<div class=\"elementor-column elementor-col-25 elementor-top-column elementor-element elementor-element-acda4af\" data-id=\"acda4af\" data-element_type=\"column\">\n\t\t\t<div class=\"elementor-widget-wrap elementor-element-populated\">\n\t\t\t\t\t\t<div class=\"elementor-element elementor-element-68613c8 elementor-widget elementor-widget-heading\" data-id=\"68613c8\" data-element_type=\"widget\" data-widget_type=\"heading.default\">\n\t\t\t\t<div class=\"elementor-widget-container\">\n\t\t\t<h3 class=\"elementor-heading-title elementor-size-default\">Deje que nuestras zeolitas respalden su negocio<\/h3>\t\t<\/div>\n\t\t\t\t<\/div>\n\t\t\t\t\t<\/div>\n\t\t<\/div>\n\t\t\t\t<div class=\"elementor-column elementor-col-25 elementor-top-column elementor-element elementor-element-0283678\" data-id=\"0283678\" data-element_type=\"column\">\n\t\t\t<div class=\"elementor-widget-wrap\">\n\t\t\t\t\t\t\t<\/div>\n\t\t<\/div>\n\t\t\t\t<div class=\"elementor-column elementor-col-25 elementor-top-column elementor-element elementor-element-9d0a37e\" data-id=\"9d0a37e\" data-element_type=\"column\">\n\t\t\t<div class=\"elementor-widget-wrap elementor-element-populated\">\n\t\t\t\t\t\t<div class=\"elementor-element elementor-element-3eecd34 elementor-align-justify elementor-widget__width-initial elementor-widget elementor-widget-button\" data-id=\"3eecd34\" data-element_type=\"widget\" data-widget_type=\"button.default\">\n\t\t\t\t<div class=\"elementor-widget-container\">\n\t\t\t\t\t<div class=\"elementor-button-wrapper\">\n\t\t\t<a class=\"elementor-button elementor-button-link elementor-size-sm\" href=\"https:\/\/zeolitemin.com\/es\/make-an-inquire\/\">\n\t\t\t\t\t\t<span class=\"elementor-button-content-wrapper\">\n\t\t\t\t\t\t\t\t\t<span class=\"elementor-button-text\">hacer una consulta<\/span>\n\t\t\t\t\t<\/span>\n\t\t\t\t\t<\/a>\n\t\t<\/div>\n\t\t\t\t<\/div>\n\t\t\t\t<\/div>\n\t\t\t\t\t<\/div>\n\t\t<\/div>\n\t\t\t\t<div class=\"elementor-column elementor-col-25 elementor-top-column elementor-element elementor-element-a9f8ee1\" data-id=\"a9f8ee1\" data-element_type=\"column\">\n\t\t\t<div class=\"elementor-widget-wrap\">\n\t\t\t\t\t\t\t<\/div>\n\t\t<\/div>\n\t\t\t\t\t<\/div>\n\t\t<\/section>\n\t\t\t\t<\/div>","protected":false},"excerpt":{"rendered":"<p>Agua potable La clinoptilolita tiene el potencial de eliminar el amon\u00edaco del agua contaminada del embalse. Antecedentes El mundo enfrenta una crisis de agua debido a la falta de agua potable limpia (Wang &amp; Peng, 2010). Un volumen significativo de aguas residuales se ha producido a partir de procesos industriales y se descarga en los sistemas de agua, trayendo contaminantes como metales pesados y petr\u00f3leo [\u2026]<\/p>","protected":false},"author":1,"featured_media":716,"parent":1557,"menu_order":1,"comment_status":"closed","ping_status":"closed","template":"elementor_header_footer","meta":{"footnotes":""},"class_list":["post-1989","page","type-page","status-publish","has-post-thumbnail","hentry"],"_links":{"self":[{"href":"https:\/\/zeolitemin.com\/es\/wp-json\/wp\/v2\/pages\/1989","targetHints":{"allow":["GET"]}}],"collection":[{"href":"https:\/\/zeolitemin.com\/es\/wp-json\/wp\/v2\/pages"}],"about":[{"href":"https:\/\/zeolitemin.com\/es\/wp-json\/wp\/v2\/types\/page"}],"author":[{"embeddable":true,"href":"https:\/\/zeolitemin.com\/es\/wp-json\/wp\/v2\/users\/1"}],"replies":[{"embeddable":true,"href":"https:\/\/zeolitemin.com\/es\/wp-json\/wp\/v2\/comments?post=1989"}],"version-history":[{"count":0,"href":"https:\/\/zeolitemin.com\/es\/wp-json\/wp\/v2\/pages\/1989\/revisions"}],"up":[{"embeddable":true,"href":"https:\/\/zeolitemin.com\/es\/wp-json\/wp\/v2\/pages\/1557"}],"wp:featuredmedia":[{"embeddable":true,"href":"https:\/\/zeolitemin.com\/es\/wp-json\/wp\/v2\/media\/716"}],"wp:attachment":[{"href":"https:\/\/zeolitemin.com\/es\/wp-json\/wp\/v2\/media?parent=1989"}],"curies":[{"name":"wp","href":"https:\/\/api.w.org\/{rel}","templated":true}]}}