{"id":1973,"date":"2022-03-30T21:24:30","date_gmt":"2022-03-30T13:24:30","guid":{"rendered":"https:\/\/www.oklee.ga\/?page_id=1973"},"modified":"2022-11-09T14:41:25","modified_gmt":"2022-11-09T06:41:25","slug":"odor-control","status":"publish","type":"page","link":"https:\/\/zeolitemin.com\/es\/zeolite-applications\/absorbent-adsorbent\/odor-control\/","title":{"rendered":"Control de olores"},"content":{"rendered":"<div data-elementor-type=\"wp-page\" data-elementor-id=\"1973\" class=\"elementor elementor-1973\" data-elementor-post-type=\"page\">\n\t\t\t\t\t\t<section class=\"elementor-section elementor-top-section elementor-element elementor-element-28787853 elementor-section-height-min-height elementor-section-boxed elementor-section-height-default elementor-section-items-middle\" data-id=\"28787853\" data-element_type=\"section\" data-settings=\"{&quot;background_background&quot;:&quot;classic&quot;}\">\n\t\t\t\t\t\t<div class=\"elementor-container elementor-column-gap-default\">\n\t\t\t\t\t<div class=\"elementor-column elementor-col-100 elementor-top-column elementor-element elementor-element-1588da9c\" data-id=\"1588da9c\" data-element_type=\"column\">\n\t\t\t<div class=\"elementor-widget-wrap elementor-element-populated\">\n\t\t\t\t\t\t<div class=\"elementor-element elementor-element-6f6c9cf8 elementor-widget elementor-widget-heading\" data-id=\"6f6c9cf8\" data-element_type=\"widget\" data-widget_type=\"heading.default\">\n\t\t\t\t<div class=\"elementor-widget-container\">\n\t\t\t<h1 class=\"elementor-heading-title elementor-size-default\">Control de olores<\/h1>\t\t<\/div>\n\t\t\t\t<\/div>\n\t\t\t\t<div class=\"elementor-element elementor-element-563ee819 elementor-widget elementor-widget-text-editor\" data-id=\"563ee819\" data-element_type=\"widget\" data-widget_type=\"text-editor.default\">\n\t\t\t\t<div class=\"elementor-widget-container\">\n\t\t\t\t\t\t\t<p>Control de olores A diferencia de los ambientadores o perfumes, la zeolita no enmascara los olores; los elimina. Debido a su porosidad y capacidad de intercambio cati\u00f3nico, los olores nocivos quedan atrapados dentro de su estructura cristalina y se eliminan del entorno circundante.<\/p>\t\t\t\t\t\t<\/div>\n\t\t\t\t<\/div>\n\t\t\t\t\t<\/div>\n\t\t<\/div>\n\t\t\t\t\t<\/div>\n\t\t<\/section>\n\t\t\t\t<section class=\"elementor-section elementor-top-section elementor-element elementor-element-35a5bfc elementor-section-boxed elementor-section-height-default elementor-section-height-default\" data-id=\"35a5bfc\" data-element_type=\"section\">\n\t\t\t\t\t\t<div class=\"elementor-container elementor-column-gap-default\">\n\t\t\t\t\t<div class=\"elementor-column elementor-col-100 elementor-top-column elementor-element elementor-element-5127d399\" data-id=\"5127d399\" data-element_type=\"column\">\n\t\t\t<div class=\"elementor-widget-wrap elementor-element-populated\">\n\t\t\t\t\t\t<div class=\"elementor-element elementor-element-7085be7 elementor-widget elementor-widget-heading\" data-id=\"7085be7\" data-element_type=\"widget\" data-widget_type=\"heading.default\">\n\t\t\t\t<div class=\"elementor-widget-container\">\n\t\t\t<h2 class=\"elementor-heading-title elementor-size-default\">Control de olores por zeolitas naturales<\/h2>\t\t<\/div>\n\t\t\t\t<\/div>\n\t\t\t\t<div class=\"elementor-element elementor-element-30b18982 elementor-widget elementor-widget-text-editor\" data-id=\"30b18982\" data-element_type=\"widget\" data-widget_type=\"text-editor.default\">\n\t\t\t\t<div class=\"elementor-widget-container\">\n\t\t\t\t\t\t\t<p>A diferencia de los ambientadores o perfumes, <a href=\"https:\/\/zeolitemin.com\/es\/zeolite-science\/what-is-the-best-zeolite\/\">Zeolita<\/a> no enmascara los olores; los elimina. Debido a su porosidad y capacidad de intercambio cati\u00f3nico, los olores nocivos quedan atrapados dentro de su estructura cristalina y se eliminan del entorno circundante. Muchos olores en graneros, establos o \u00e1reas de desechos de animales se generan a partir de una conversi\u00f3n de <a href=\"https:\/\/zeolitemin.com\/es\/zeolite-applications\/ammonia-removal-in-water\/\">amonio<\/a> (NH4+) a <a href=\"https:\/\/zeolitemin.com\/es\/zeolite-applications\/ammonia-reduction-technologies\/\">gas amon\u00edaco<\/a> (NH3). La zeolita funciona absorbiendo la humedad de los desechos animales y atrapando el amonio antes de que tenga la oportunidad de vaporizarse. Luego, el amonio se mantiene en su estructura de panal donde no se <a href=\"https:\/\/zeolitemin.com\/es\/zeolite-applications\/water-treatment\/\">Agua soluble<\/a>. Adem\u00e1s, la zeolita saturada utilizada en establos o arena para gatos se puede desechar en jardines, lechos de plantas o pilas de compost. Aqu\u00ed, la zeolita libera lentamente el amonio atrapado en los sistemas de ra\u00edces de las plantas y act\u00faa como fertilizante natural y agente de aireaci\u00f3n. En nuestra empresa, nos enorgullece ofrecer a nuestros clientes productos efectivos para el control de olores que son de la m\u00e1s alta calidad, respetuosos con el medio ambiente y seguros. para familias y mascotas. Garantizamos que nuestros productos no contienen aditivos qu\u00edmicos, colorantes ni perfumes.<\/p><h3>El poder de la zeolita para el control de olores<\/h3><p>A diferencia de los ambientadores o perfumes que enmascaran los olores, la zeolita natural act\u00faa como un tamiz molecular que atrapa y elimina los olores. Debido a su porosidad y capacidad de intercambio cati\u00f3nico, los olores nocivos quedan atrapados dentro de su estructura cristalina y se eliminan del entorno circundante.<a href=\"https:\/\/antenchem.com\" rel=\"noopener\">Zeolita<\/a> es un \u00e9xito <a href=\"https:\/\/zeolitemin.com\/es\/zeolite-applications\/animal-bedding-barn-deodorizer\/\">control de olores<\/a> debido a su capacidad para absorber y adsorber l\u00edquidos, gases y materia en suspensi\u00f3n. Esencialmente, sirve como una esponja que bebe l\u00edquidos (absorci\u00f3n) y, en el proceso, la materia y los gases se adhieren a las superficies de los poros internos (adsorci\u00f3n). Por ejemplo, ambas propiedades trabajan juntas para combatir los olores en las \u00e1reas de desechos de animales. El amonio (NH4+) en los desechos l\u00edquidos y s\u00f3lidos se convierte constantemente en amon\u00edaco gaseoso (NH3). <a href=\"https:\/\/zeolitemin.com\/es\/zeolite-science\/what-is-the-best-zeolite\/\">Zeolita<\/a> controla los olores al absorber la humedad de los desechos y adsorber el amon\u00edaco producido por la actividad microbiana en los l\u00edquidos. Debido a que la zeolita absorbe l\u00edquidos, los minerales no se vuelven resbaladizos cuando se mojan. Como resultado, la zeolita se puede aplicar sobre pisos de madera, concreto o caucho sin la preocupaci\u00f3n de crear superficies resbaladizas. <a href=\"https:\/\/zeolitemin.com\/es\/zeolite-science\/what-is-the-best-zeolite\/\">Zeolita<\/a>Las capacidades de absorci\u00f3n tambi\u00e9n crean eficiencias al limpiar \u00e1reas h\u00famedas como s\u00f3tanos, graneros o establos; no es necesario secar completamente los pisos o las paredes antes de la aplicaci\u00f3n previa de zeolita porque el mineral absorbe naturalmente la humedad y los olores al entrar en contacto. <a href=\"https:\/\/zeolitemin.com\/es\/zeolite-science\/what-is-the-best-zeolite\/\">Zeolita<\/a> no es t\u00f3xico para las personas y los animales; no causa da\u00f1o si se ingiere, toca la piel o entra en contacto con los ojos (Hill 2012). El mineral es &quot;no inflamable, respetuoso con el medio ambiente y se puede manipular de forma segura alrededor del agua y el alimento con las manos desnudas, lo que es especialmente agradable para quienes sufren de sensibilidad qu\u00edmica&quot;.<\/p>\t\t\t\t\t\t<\/div>\n\t\t\t\t<\/div>\n\t\t\t\t\t<\/div>\n\t\t<\/div>\n\t\t\t\t\t<\/div>\n\t\t<\/section>\n\t\t\t\t<section class=\"elementor-section elementor-top-section elementor-element elementor-element-06701d4 elementor-section-boxed elementor-section-height-default elementor-section-height-default\" data-id=\"06701d4\" data-element_type=\"section\">\n\t\t\t\t\t\t<div class=\"elementor-container elementor-column-gap-default\">\n\t\t\t\t\t<div class=\"elementor-column elementor-col-100 elementor-top-column elementor-element elementor-element-9bdc19d\" data-id=\"9bdc19d\" data-element_type=\"column\">\n\t\t\t<div class=\"elementor-widget-wrap elementor-element-populated\">\n\t\t\t\t\t\t<div class=\"elementor-element elementor-element-a56c464 elementor-widget elementor-widget-heading\" data-id=\"a56c464\" data-element_type=\"widget\" data-widget_type=\"heading.default\">\n\t\t\t\t<div class=\"elementor-widget-container\">\n\t\t\t<h3 class=\"elementor-heading-title elementor-size-default\">BENEFICIOS ESPEC\u00cdFICOS DE APLICACI\u00d3N de ZEOLITA<\/h3>\t\t<\/div>\n\t\t\t\t<\/div>\n\t\t\t\t<div class=\"elementor-element elementor-element-578555a elementor-tabs-view-horizontal elementor-widget elementor-widget-tabs\" data-id=\"578555a\" data-element_type=\"widget\" data-widget_type=\"tabs.default\">\n\t\t\t\t<div class=\"elementor-widget-container\">\n\t\t\t\t\t<div class=\"elementor-tabs\">\n\t\t\t<div class=\"elementor-tabs-wrapper\" role=\"tablist\" >\n\t\t\t\t\t\t\t\t\t<div id=\"elementor-tab-title-9171\" class=\"elementor-tab-title elementor-tab-desktop-title\" aria-selected=\"true\" data-tab=\"1\" role=\"tab\" tabindex=\"0\" aria-controls=\"elementor-tab-content-9171\" aria-expanded=\"false\">Desodorantes de granero<\/div>\n\t\t\t\t\t\t\t\t\t<div id=\"elementor-tab-title-9172\" class=\"elementor-tab-title elementor-tab-desktop-title\" aria-selected=\"false\" data-tab=\"2\" role=\"tab\" tabindex=\"-1\" aria-controls=\"elementor-tab-content-9172\" aria-expanded=\"false\">Ambientador de puesto<\/div>\n\t\t\t\t\t\t\t\t\t<div id=\"elementor-tab-title-9173\" class=\"elementor-tab-title elementor-tab-desktop-title\" aria-selected=\"false\" data-tab=\"3\" role=\"tab\" tabindex=\"-1\" aria-controls=\"elementor-tab-content-9173\" aria-expanded=\"false\">Para gatos<\/div>\n\t\t\t\t\t\t\t\t\t<div id=\"elementor-tab-title-9174\" class=\"elementor-tab-title elementor-tab-desktop-title\" aria-selected=\"false\" data-tab=\"4\" role=\"tab\" tabindex=\"-1\" aria-controls=\"elementor-tab-content-9174\" aria-expanded=\"false\">olores dom\u00e9sticos<\/div>\n\t\t\t\t\t\t\t<\/div>\n\t\t\t<div class=\"elementor-tabs-content-wrapper\" role=\"tablist\" aria-orientation=\"vertical\">\n\t\t\t\t\t\t\t\t\t<div class=\"elementor-tab-title elementor-tab-mobile-title\" aria-selected=\"true\" data-tab=\"1\" role=\"tab\" tabindex=\"0\" aria-controls=\"elementor-tab-content-9171\" aria-expanded=\"false\">Desodorantes de granero<\/div>\n\t\t\t\t\t<div id=\"elementor-tab-content-9171\" class=\"elementor-tab-content elementor-clearfix\" data-tab=\"1\" role=\"tabpanel\" aria-labelledby=\"elementor-tab-title-9171\" tabindex=\"0\" hidden=\"false\"><p>\u2013 Adsorbe amonio (NH4+)<br \/>\u2013 Absorbe la orina y otros l\u00edquidos<br \/>\u2013 Promueve entornos de establo limpios<br \/>\u2013 Controla las poblaciones de moscas<br \/>\u2013 Elimina el exceso de productos bacterianos del aire<br \/>\u2013 Mejor ambiente de trabajo para el personal.<br \/>\u2013 Reduce el estr\u00e9s en los animales<br \/>\u2013 No t\u00f3xico y respetuoso con el medio ambiente.<br \/>\u2013 100% natural y org\u00e1nico<br \/>\u2013 Clasificado como GRAS (Generally Regarded As Safe) para animales y humanos<\/p><\/div>\n\t\t\t\t\t\t\t\t\t<div class=\"elementor-tab-title elementor-tab-mobile-title\" aria-selected=\"false\" data-tab=\"2\" role=\"tab\" tabindex=\"-1\" aria-controls=\"elementor-tab-content-9172\" aria-expanded=\"false\">Ambientador de puesto<\/div>\n\t\t\t\t\t<div id=\"elementor-tab-content-9172\" class=\"elementor-tab-content elementor-clearfix\" data-tab=\"2\" role=\"tabpanel\" aria-labelledby=\"elementor-tab-title-9172\" tabindex=\"0\" hidden=\"hidden\"><p>\u2013 Adsorbe amonio (NH4+)<br \/>\u2013 Absorbe la orina y otros l\u00edquidos<br \/>\u2013 Compatible con todos los materiales de ropa de cama<br \/>\u2013 Prolonga la vida \u00fatil de la ropa de cama<br \/>\u2013 Controla las poblaciones de moscas<br \/>\u2013 Elimina el exceso de productos bacterianos del aire<br \/>\u2013 Previene contra los problemas respiratorios en los caballos<br \/>\u2013 Reduce los problemas de pezu\u00f1as<br \/>\u2013 Proporciona tracci\u00f3n adicional a los pisos de los establos<br \/>\u2013 No contiene qu\u00edmicos, colorantes ni fragancias artificiales<br \/>\u2013 No t\u00f3xico y respetuoso con el medio ambiente.<br \/>\u2013 100% natural y org\u00e1nico<br \/>\u2013 Clasificado como GRAS (Generally Regarded As Safe) para animales y humanos<br \/>\u2013 La zeolita saturada se puede utilizar como <a href=\"https:\/\/zeolitemin.com\/es\/zeolite-applications\/natural-soil-amendment\/\">enmienda del suelo<\/a><\/p><\/div>\n\t\t\t\t\t\t\t\t\t<div class=\"elementor-tab-title elementor-tab-mobile-title\" aria-selected=\"false\" data-tab=\"3\" role=\"tab\" tabindex=\"-1\" aria-controls=\"elementor-tab-content-9173\" aria-expanded=\"false\">Para gatos<\/div>\n\t\t\t\t\t<div id=\"elementor-tab-content-9173\" class=\"elementor-tab-content elementor-clearfix\" data-tab=\"3\" role=\"tabpanel\" aria-labelledby=\"elementor-tab-title-9173\" tabindex=\"0\" hidden=\"hidden\"><p>\u2013 Atrapa y retiene los olores de las mascotas.<br \/>\u2013 Adsorbe amonio (NH4+)<br \/>\u2013 Absorbe l\u00edquidos y sales de los excrementos de los gatos<br \/>\u2013 Reduce el seguimiento<br \/>\u2013 Minimiza el exceso de polvo<br \/>\u2013 Aglomeraci\u00f3n eficaz para una f\u00e1cil limpieza<br \/>\u2013 No contiene bentonita de sodio<br \/>\u2013 No contiene qu\u00edmicos, colorantes ni fragancias artificiales<br \/>\u2013 No cancer\u00edgeno<br \/>\u2013 100% natural y org\u00e1nico<br \/>\u2013 Clasificado como GRAS (Generally Regarded As Safe) para animales y humanos<br \/>\u2013 La basura se puede desechar en macizos de plantas, jardines o pilas de compost<\/p><\/div>\n\t\t\t\t\t\t\t\t\t<div class=\"elementor-tab-title elementor-tab-mobile-title\" aria-selected=\"false\" data-tab=\"4\" role=\"tab\" tabindex=\"-1\" aria-controls=\"elementor-tab-content-9174\" aria-expanded=\"false\">olores dom\u00e9sticos<\/div>\n\t\t\t\t\t<div id=\"elementor-tab-content-9174\" class=\"elementor-tab-content elementor-clearfix\" data-tab=\"4\" role=\"tabpanel\" aria-labelledby=\"elementor-tab-title-9174\" tabindex=\"0\" hidden=\"hidden\"><p>\u2013 Absorbe olores de mascotas, humo, zapatos, compost y comida<br \/>\u2013 Desodoriza refrigeradores, congeladores, cestas de ropa y cubos de pa\u00f1ales<br \/>\u2013 Seguro para usar en alfombras, muebles y tapicer\u00eda<br \/>\u2013 Refresca los s\u00f3tanos y las \u00e1reas de rastreo<br \/>\u2013 Absorbente altamente efectivo para derrames en el piso del garaje o taller, \u00e1reas de drenaje o respaldos de s\u00f3tanos<br \/>\u2013 No irrita la piel<br \/>\u2013 No t\u00f3xico y respetuoso con el medio ambiente.<br \/>\u2013 100% natural y org\u00e1nico<br \/>\u2013 No contiene qu\u00edmicos, colorantes ni fragancias artificiales<br \/>\u2013 Clasificado como GRAS (Generally Regarded As Safe) para animales y humanos<\/p><\/div>\n\t\t\t\t\t\t\t<\/div>\n\t\t<\/div>\n\t\t\t\t<\/div>\n\t\t\t\t<\/div>\n\t\t\t\t\t<\/div>\n\t\t<\/div>\n\t\t\t\t\t<\/div>\n\t\t<\/section>\n\t\t\t\t<section class=\"elementor-section elementor-top-section elementor-element elementor-element-70c4f6b5 elementor-section-boxed elementor-section-height-default elementor-section-height-default\" data-id=\"70c4f6b5\" data-element_type=\"section\">\n\t\t\t\t\t\t<div class=\"elementor-container elementor-column-gap-default\">\n\t\t\t\t\t<div class=\"elementor-column elementor-col-100 elementor-top-column elementor-element elementor-element-766f5070\" data-id=\"766f5070\" data-element_type=\"column\">\n\t\t\t<div class=\"elementor-widget-wrap elementor-element-populated\">\n\t\t\t\t\t\t<section class=\"elementor-section elementor-inner-section elementor-element elementor-element-42b07cf5 elementor-section-boxed elementor-section-height-default elementor-section-height-default\" data-id=\"42b07cf5\" data-element_type=\"section\" data-settings=\"{&quot;sticky&quot;:&quot;top&quot;,&quot;sticky_on&quot;:[&quot;desktop&quot;,&quot;tablet&quot;],&quot;sticky_parent&quot;:&quot;yes&quot;,&quot;sticky_offset&quot;:0,&quot;sticky_effects_offset&quot;:0}\">\n\t\t\t\t\t\t<div class=\"elementor-container elementor-column-gap-default\">\n\t\t\t\t\t<div class=\"elementor-column elementor-col-100 elementor-inner-column elementor-element elementor-element-61a44482\" data-id=\"61a44482\" data-element_type=\"column\" data-settings=\"{&quot;background_background&quot;:&quot;classic&quot;}\">\n\t\t\t<div class=\"elementor-widget-wrap elementor-element-populated\">\n\t\t\t\t\t\t<div class=\"elementor-element elementor-element-1b0b3528 elementor-widget elementor-widget-heading\" data-id=\"1b0b3528\" data-element_type=\"widget\" data-widget_type=\"heading.default\">\n\t\t\t\t<div class=\"elementor-widget-container\">\n\t\t\t<h2 class=\"elementor-heading-title elementor-size-default\">Env\u00ede su consulta hoy<\/h2>\t\t<\/div>\n\t\t\t\t<\/div>\n\t\t\t\t<div class=\"elementor-element elementor-element-66eb4ffb elementor-widget elementor-widget-template\" data-id=\"66eb4ffb\" data-element_type=\"widget\" data-widget_type=\"template.default\">\n\t\t\t\t<div class=\"elementor-widget-container\">\n\t\t\t\t\t<div class=\"elementor-template\">\n\t\t\t\t\t<div data-elementor-type=\"section\" data-elementor-id=\"213\" class=\"elementor elementor-213\" data-elementor-post-type=\"elementor_library\">\n\t\t\t\t\t<section class=\"elementor-section elementor-top-section elementor-element elementor-element-147d694 elementor-section-boxed elementor-section-height-default elementor-section-height-default\" data-id=\"147d694\" data-element_type=\"section\">\n\t\t\t\t\t\t<div class=\"elementor-container elementor-column-gap-default\">\n\t\t\t\t\t<div class=\"elementor-column elementor-col-100 elementor-top-column elementor-element elementor-element-8955c09\" data-id=\"8955c09\" data-element_type=\"column\">\n\t\t\t<div class=\"elementor-widget-wrap elementor-element-populated\">\n\t\t\t\t\t\t<div class=\"elementor-element elementor-element-5294796 elementor-button-align-stretch elementor-widget elementor-widget-global elementor-global-2532 elementor-widget-form\" data-id=\"5294796\" data-element_type=\"widget\" data-settings=\"{&quot;step_next_label&quot;:&quot;Next&quot;,&quot;step_previous_label&quot;:&quot;Previous&quot;,&quot;button_width&quot;:&quot;100&quot;,&quot;step_type&quot;:&quot;number_text&quot;,&quot;step_icon_shape&quot;:&quot;circle&quot;}\" data-widget_type=\"form.default\">\n\t\t\t\t<div class=\"elementor-widget-container\">\n\t\t\t\t\t<form class=\"elementor-form\" method=\"post\" name=\"New Form\" action=\"\">\n\t\t\t<input type=\"hidden\" name=\"post_id\" value=\"213\"\/>\n\t\t\t<input type=\"hidden\" name=\"form_id\" value=\"5294796\"\/>\n\t\t\t<input type=\"hidden\" name=\"referer_title\" value=\"\" \/>\n\n\t\t\t\n\t\t\t<div class=\"elementor-form-fields-wrapper elementor-labels-\">\n\t\t\t\t\t\t\t\t<div class=\"elementor-field-type-text elementor-field-group elementor-column elementor-field-group-name elementor-col-50 elementor-field-required\">\n\t\t\t\t\t\t\t\t\t\t\t\t\t<input size=\"1\" type=\"text\" name=\"form_fields[name]\" id=\"form-field-name\" class=\"elementor-field elementor-size-sm  elementor-field-textual\" placeholder=\"Nombre *\" required=\"required\" aria-required=\"true\">\n\t\t\t\t\t\t\t\t\t\t\t<\/div>\n\t\t\t\t\t\t\t\t<div class=\"elementor-field-type-email elementor-field-group elementor-column elementor-field-group-email elementor-col-50 elementor-field-required\">\n\t\t\t\t\t\t\t\t\t\t\t\t\t<input size=\"1\" type=\"email\" name=\"form_fields[email]\" id=\"form-field-email\" class=\"elementor-field elementor-size-sm  elementor-field-textual\" placeholder=\"Correo electr\u00f3nico *\" required=\"required\" aria-required=\"true\">\n\t\t\t\t\t\t\t\t\t\t\t<\/div>\n\t\t\t\t\t\t\t\t<div class=\"elementor-field-type-text elementor-field-group elementor-column elementor-field-group-yourcompany elementor-col-50 elementor-field-required\">\n\t\t\t\t\t\t\t\t\t\t\t\t\t<input size=\"1\" type=\"text\" name=\"form_fields[yourcompany]\" id=\"form-field-yourcompany\" class=\"elementor-field elementor-size-sm  elementor-field-textual\" placeholder=\"Compa\u00f1\u00eda *\" required=\"required\" aria-required=\"true\">\n\t\t\t\t\t\t\t\t\t\t\t<\/div>\n\t\t\t\t\t\t\t\t<div class=\"elementor-field-type-tel elementor-field-group elementor-column elementor-field-group-phone elementor-col-50 elementor-field-required\">\n\t\t\t\t\t\t\t<input size=\"1\" type=\"tel\" name=\"form_fields[phone]\" id=\"form-field-phone\" class=\"elementor-field elementor-size-sm  elementor-field-textual\" placeholder=\"Tel\u00e9fono *\" required=\"required\" aria-required=\"true\" pattern=\"[0-9()#&amp;+*-=.]+\" title=\"Solo se aceptan n\u00fameros y caracteres telef\u00f3nicos (#, -, *, etc.).\">\n\n\t\t\t\t\t\t<\/div>\n\t\t\t\t\t\t\t\t<div class=\"elementor-field-type-text elementor-field-group elementor-column elementor-field-group-country elementor-col-50 elementor-field-required\">\n\t\t\t\t\t\t\t\t\t\t\t\t\t<input size=\"1\" type=\"text\" name=\"form_fields[country]\" id=\"form-field-country\" class=\"elementor-field elementor-size-sm  elementor-field-textual\" placeholder=\"Pa\u00eds\" required=\"required\" aria-required=\"true\">\n\t\t\t\t\t\t\t\t\t\t\t<\/div>\n\t\t\t\t\t\t\t\t<div class=\"elementor-field-type-text elementor-field-group elementor-column elementor-field-group-yourmobile elementor-col-50 elementor-field-required\">\n\t\t\t\t\t\t\t\t\t\t\t\t\t<input size=\"1\" type=\"text\" name=\"form_fields[yourmobile]\" id=\"form-field-yourmobile\" class=\"elementor-field elementor-size-sm  elementor-field-textual\" placeholder=\"M\u00f3vil *\" required=\"required\" aria-required=\"true\">\n\t\t\t\t\t\t\t\t\t\t\t<\/div>\n\t\t\t\t\t\t\t\t<div class=\"elementor-field-type-textarea elementor-field-group elementor-column elementor-field-group-message elementor-col-100 elementor-field-required\">\n\t\t\t\t\t<textarea class=\"elementor-field-textual elementor-field  elementor-size-sm\" name=\"form_fields[message]\" id=\"form-field-message\" rows=\"4\" placeholder=\"Mensaje *\" required=\"required\" aria-required=\"true\"><\/textarea>\t\t\t\t<\/div>\n\t\t\t\t\t\t\t\t<div class=\"elementor-field-type-recaptcha elementor-field-group elementor-column elementor-field-group-field_recaptcha elementor-col-100\">\n\t\t\t\t\t<div class=\"elementor-field\" id=\"form-field-field_recaptcha\"><div class=\"elementor-g-recaptcha\" data-sitekey=\"6LdTXg0iAAAAAJQWCjxvpI7P0vJF3Al_7EIzWP9u\" data-type=\"v2_checkbox\" data-theme=\"light\" data-size=\"normal\"><\/div><\/div>\t\t\t\t<\/div>\n\t\t\t\t\t\t\t\t<div class=\"elementor-field-group elementor-column elementor-field-type-submit elementor-col-100 e-form__buttons\">\n\t\t\t\t\t<button class=\"elementor-button elementor-size-sm\" type=\"submit\">\n\t\t\t\t\t\t<span class=\"elementor-button-content-wrapper\">\n\t\t\t\t\t\t\t\t\t\t\t\t\t\t\t\t\t\t\t\t\t\t<span class=\"elementor-button-text\">Enviar<\/span>\n\t\t\t\t\t\t\t\t\t\t\t\t\t<\/span>\n\t\t\t\t\t<\/button>\n\t\t\t\t<\/div>\n\t\t\t<\/div>\n\t\t<input type=\"hidden\" name=\"trp-form-language\" value=\"es\"\/><\/form>\n\t\t\t\t<\/div>\n\t\t\t\t<\/div>\n\t\t\t\t\t<\/div>\n\t\t<\/div>\n\t\t\t\t\t<\/div>\n\t\t<\/section>\n\t\t\t\t<\/div>\n\t\t\t\t<\/div>\n\t\t\t\t<\/div>\n\t\t\t\t<\/div>\n\t\t\t\t\t<\/div>\n\t\t<\/div>\n\t\t\t\t\t<\/div>\n\t\t<\/section>\n\t\t\t\t\t<\/div>\n\t\t<\/div>\n\t\t\t\t\t<\/div>\n\t\t<\/section>\n\t\t\t\t<\/div>","protected":false},"excerpt":{"rendered":"<p>Control de olores A diferencia de los ambientadores o perfumes, la zeolita no enmascara los olores; los elimina. Debido a su porosidad y capacidad de intercambio cati\u00f3nico, los olores nocivos quedan atrapados dentro de su estructura cristalina y se eliminan del entorno circundante. Control de olores mediante zeolitas naturales A diferencia de los ambientadores o perfumes, la zeolita no enmascara los olores; los elimina. Debido a [\u2026]<\/p>","protected":false},"author":1,"featured_media":1974,"parent":1604,"menu_order":5,"comment_status":"closed","ping_status":"closed","template":"elementor_header_footer","meta":{"footnotes":""},"class_list":["post-1973","page","type-page","status-publish","has-post-thumbnail","hentry"],"_links":{"self":[{"href":"https:\/\/zeolitemin.com\/es\/wp-json\/wp\/v2\/pages\/1973","targetHints":{"allow":["GET"]}}],"collection":[{"href":"https:\/\/zeolitemin.com\/es\/wp-json\/wp\/v2\/pages"}],"about":[{"href":"https:\/\/zeolitemin.com\/es\/wp-json\/wp\/v2\/types\/page"}],"author":[{"embeddable":true,"href":"https:\/\/zeolitemin.com\/es\/wp-json\/wp\/v2\/users\/1"}],"replies":[{"embeddable":true,"href":"https:\/\/zeolitemin.com\/es\/wp-json\/wp\/v2\/comments?post=1973"}],"version-history":[{"count":0,"href":"https:\/\/zeolitemin.com\/es\/wp-json\/wp\/v2\/pages\/1973\/revisions"}],"up":[{"embeddable":true,"href":"https:\/\/zeolitemin.com\/es\/wp-json\/wp\/v2\/pages\/1604"}],"wp:featuredmedia":[{"embeddable":true,"href":"https:\/\/zeolitemin.com\/es\/wp-json\/wp\/v2\/media\/1974"}],"wp:attachment":[{"href":"https:\/\/zeolitemin.com\/es\/wp-json\/wp\/v2\/media?parent=1973"}],"curies":[{"name":"wp","href":"https:\/\/api.w.org\/{rel}","templated":true}]}}