{"id":1970,"date":"2022-03-30T21:12:09","date_gmt":"2022-03-30T13:12:09","guid":{"rendered":"https:\/\/www.oklee.ga\/?page_id=1970"},"modified":"2022-11-09T14:43:01","modified_gmt":"2022-11-09T06:43:01","slug":"industrial-absorbent","status":"publish","type":"page","link":"https:\/\/zeolitemin.com\/es\/zeolite-applications\/industrial-absorbent\/","title":{"rendered":"Absorbente Industrial"},"content":{"rendered":"<div data-elementor-type=\"wp-page\" data-elementor-id=\"1970\" class=\"elementor elementor-1970\" data-elementor-post-type=\"page\">\n\t\t\t\t\t\t<section class=\"elementor-section elementor-top-section elementor-element elementor-element-1809f184 elementor-section-height-min-height elementor-section-boxed elementor-section-height-default elementor-section-items-middle\" data-id=\"1809f184\" data-element_type=\"section\" data-settings=\"{&quot;background_background&quot;:&quot;classic&quot;}\">\n\t\t\t\t\t\t<div class=\"elementor-container elementor-column-gap-default\">\n\t\t\t\t\t<div class=\"elementor-column elementor-col-100 elementor-top-column elementor-element elementor-element-4bb796c2\" data-id=\"4bb796c2\" data-element_type=\"column\">\n\t\t\t<div class=\"elementor-widget-wrap elementor-element-populated\">\n\t\t\t\t\t\t<div class=\"elementor-element elementor-element-4b7d0b5e elementor-widget elementor-widget-heading\" data-id=\"4b7d0b5e\" data-element_type=\"widget\" data-widget_type=\"heading.default\">\n\t\t\t\t<div class=\"elementor-widget-container\">\n\t\t\t<h1 class=\"elementor-heading-title elementor-size-default\">Absorbente Industrial<\/h1>\t\t<\/div>\n\t\t\t\t<\/div>\n\t\t\t\t<div class=\"elementor-element elementor-element-59e47b22 elementor-widget elementor-widget-text-editor\" data-id=\"59e47b22\" data-element_type=\"widget\" data-widget_type=\"text-editor.default\">\n\t\t\t\t<div class=\"elementor-widget-container\">\n\t\t\t\t\t\t\t<p>Absorbente industrial, fue posible quemar la mezcla de aceite, arena y zeolita y reutilizar la mezcla encendida para una mayor absorci\u00f3n de aceite. Los hallazgos indicaron que las mezclas de arena y zeolita pueden adsorber eficazmente los derrames de petr\u00f3leo terrestres y remediar los suelos contaminados por petr\u00f3leo.<\/p>\t\t\t\t\t\t<\/div>\n\t\t\t\t<\/div>\n\t\t\t\t\t<\/div>\n\t\t<\/div>\n\t\t\t\t\t<\/div>\n\t\t<\/section>\n\t\t\t\t<section class=\"elementor-section elementor-top-section elementor-element elementor-element-4139e2d1 elementor-section-boxed elementor-section-height-default elementor-section-height-default\" data-id=\"4139e2d1\" data-element_type=\"section\">\n\t\t\t\t\t\t<div class=\"elementor-container elementor-column-gap-default\">\n\t\t\t\t\t<div class=\"elementor-column elementor-col-100 elementor-top-column elementor-element elementor-element-54e28925\" data-id=\"54e28925\" data-element_type=\"column\">\n\t\t\t<div class=\"elementor-widget-wrap elementor-element-populated\">\n\t\t\t\t\t\t<div class=\"elementor-element elementor-element-af48e3d elementor-widget elementor-widget-heading\" data-id=\"af48e3d\" data-element_type=\"widget\" data-widget_type=\"heading.default\">\n\t\t\t\t<div class=\"elementor-widget-container\">\n\t\t\t<h2 class=\"elementor-heading-title elementor-size-default\">Zeolita Natural - Absorbente Industrial Ecol\u00f3gico<\/h2>\t\t<\/div>\n\t\t\t\t<\/div>\n\t\t\t\t<section class=\"elementor-section elementor-inner-section elementor-element elementor-element-18756ee elementor-section-boxed elementor-section-height-default elementor-section-height-default\" data-id=\"18756ee\" data-element_type=\"section\">\n\t\t\t\t\t\t<div class=\"elementor-container elementor-column-gap-default\">\n\t\t\t\t\t<div class=\"elementor-column elementor-col-50 elementor-inner-column elementor-element elementor-element-12f65b6\" data-id=\"12f65b6\" data-element_type=\"column\">\n\t\t\t<div class=\"elementor-widget-wrap elementor-element-populated\">\n\t\t\t\t\t\t<div class=\"elementor-element elementor-element-4c74f8b elementor-arrows-position-inside elementor-pagination-position-outside elementor-widget elementor-widget-image-carousel\" data-id=\"4c74f8b\" data-element_type=\"widget\" data-settings=\"{&quot;slides_to_show&quot;:&quot;1&quot;,&quot;navigation&quot;:&quot;both&quot;,&quot;autoplay&quot;:&quot;yes&quot;,&quot;pause_on_hover&quot;:&quot;yes&quot;,&quot;pause_on_interaction&quot;:&quot;yes&quot;,&quot;autoplay_speed&quot;:5000,&quot;infinite&quot;:&quot;yes&quot;,&quot;effect&quot;:&quot;slide&quot;,&quot;speed&quot;:500}\" data-widget_type=\"image-carousel.default\">\n\t\t\t\t<div class=\"elementor-widget-container\">\n\t\t\t\t\t<div class=\"elementor-image-carousel-wrapper swiper\" dir=\"ltr\">\n\t\t\t<div class=\"elementor-image-carousel swiper-wrapper\" aria-live=\"off\">\n\t\t\t\t\t\t\t\t<div class=\"swiper-slide\" role=\"group\" aria-roledescription=\"slide\" aria-label=\"1 de 2\"><figure class=\"swiper-slide-inner\"><img decoding=\"async\" class=\"swiper-slide-image\" src=\"https:\/\/zeolitemin.com\/wp-content\/uploads\/2022\/05\/adsorbent-small-1-300x215.jpg\" alt=\"La zeolita se utiliza como absorbente industrial para adsorber m\u00e1s metales pesados: n\u00edquel, cobre, plomo y cadmio.\" \/><\/figure><\/div><div class=\"swiper-slide\" role=\"group\" aria-roledescription=\"slide\" aria-label=\"2 de 2\"><figure class=\"swiper-slide-inner\"><img decoding=\"async\" class=\"swiper-slide-image\" src=\"https:\/\/zeolitemin.com\/wp-content\/uploads\/2022\/05\/adsorbent-small-2-300x215.jpg\" alt=\"La zeolita se utiliza como absorbente industrial para adsorber m\u00e1s metales pesados: n\u00edquel, cobre, plomo y cadmio.\" \/><\/figure><\/div>\t\t\t<\/div>\n\t\t\t\t\t\t\t\t\t\t\t\t<div class=\"elementor-swiper-button elementor-swiper-button-prev\" role=\"button\" tabindex=\"0\">\n\t\t\t\t\t\t<i aria-hidden=\"true\" class=\"eicon-chevron-left\"><\/i>\t\t\t\t\t<\/div>\n\t\t\t\t\t<div class=\"elementor-swiper-button elementor-swiper-button-next\" role=\"button\" tabindex=\"0\">\n\t\t\t\t\t\t<i aria-hidden=\"true\" class=\"eicon-chevron-right\"><\/i>\t\t\t\t\t<\/div>\n\t\t\t\t\n\t\t\t\t\t\t\t\t\t<div class=\"swiper-pagination\"><\/div>\n\t\t\t\t\t\t\t\t\t<\/div>\n\t\t\t\t<\/div>\n\t\t\t\t<\/div>\n\t\t\t\t\t<\/div>\n\t\t<\/div>\n\t\t\t\t<div class=\"elementor-column elementor-col-50 elementor-inner-column elementor-element elementor-element-6ba88cc\" data-id=\"6ba88cc\" data-element_type=\"column\">\n\t\t\t<div class=\"elementor-widget-wrap elementor-element-populated\">\n\t\t\t\t\t\t<div class=\"elementor-element elementor-element-940c902 elementor-widget elementor-widget-text-editor\" data-id=\"940c902\" data-element_type=\"widget\" data-widget_type=\"text-editor.default\">\n\t\t\t\t<div class=\"elementor-widget-container\">\n\t\t\t\t\t\t\t<h3>Absorbente: \u00bfSab\u00edas que?<\/h3><p>Cuando las concentraciones de contaminantes presentan una amenaza para el medio ambiente o la salud humana, se requieren acciones de remediaci\u00f3n (Misaelides, 2011). Este proceso consta de dos enfoques: la extracci\u00f3n de contaminantes del suelo y el agua, as\u00ed como la reducci\u00f3n de su movilidad. Si bien se han utilizado varios productos para estos fines, el uso de zeolita es una soluci\u00f3n de bajo costo que brinda una alta capacidad de sorci\u00f3n. con la capacidad de ajustar el pH del suelo y los sistemas de agua. La aplicaci\u00f3n de zeolitas naturales a los procesos de remediaci\u00f3n se basa en sus propiedades de intercambio i\u00f3nico. El mecanismo principal que explica la absorci\u00f3n de qu\u00edmicos e iones de metales pesados en las zeolitas naturales es el intercambio i\u00f3nico, y es un absorbente molecular del sistema de recirculaci\u00f3n.<\/p>\t\t\t\t\t\t<\/div>\n\t\t\t\t<\/div>\n\t\t\t\t\t<\/div>\n\t\t<\/div>\n\t\t\t\t\t<\/div>\n\t\t<\/section>\n\t\t\t\t<div class=\"elementor-element elementor-element-12ff1d44 elementor-widget elementor-widget-text-editor\" data-id=\"12ff1d44\" data-element_type=\"widget\" data-widget_type=\"text-editor.default\">\n\t\t\t\t<div class=\"elementor-widget-container\">\n\t\t\t\t\t\t\t<h3>\u00bfC\u00f3mo funcionan los absorbentes de zeolita?\u00a0<\/h3><p>La capacidad de absorci\u00f3n de la clinoptilolita es de 2 a 30 mg NH4+\/g. Los cient\u00edficos tambi\u00e9n han descubierto que algunos tratamientos, incluido el ciclo de agotamiento y regeneraci\u00f3n, aumentan la capacidad de absorci\u00f3n. B\u00e1sicamente, esto significa que la zeolita se puede reutilizar una y otra vez y que su capacidad para eliminar el amon\u00edaco aumenta con el tiempo. Este hallazgo puede apuntar a un ahorro de costos en los programas de remediaci\u00f3n sin sacrificar el rendimiento del producto. Myroslav et al. (2006) realizaron un estudio sobre la sorci\u00f3n de metales pesados (n\u00edquel, cobre, plomo y cadmio) por clinoptilolita cruda y pretratada. Los resultados indican que las fracciones finas de clinoptilolita absorben mayores cantidades de metal debido a una mayor escisi\u00f3n del mineral.<\/p><p>Los investigadores concluyeron que la clinoptilolita adsorbe concentraciones de metales pesados y es una aplicaci\u00f3n particularmente favorable para concentraciones iniciales bajas de metal. Un estudio realizado por Motsi et al. (2009) estudiaron el comportamiento de adsorci\u00f3n de la zeolita natural para determinar su aplicabilidad en el tratamiento de drenajes \u00e1cidos de minas que contienen plomo, cobre, zinc y magnesio. Los investigadores examinaron la tasa de absorci\u00f3n y la captaci\u00f3n en equilibrio en soluciones de uno y varios componentes.<\/p><h3>Adsorci\u00f3n de zeolita de metales pesados: n\u00edquel, cobre, plomo y cadmio<\/h3><p>Los resultados mostraron una absorci\u00f3n r\u00e1pida durante los primeros 40 minutos, lo que corresponde a una eliminaci\u00f3n total del 80 por ciento (Motsi et al., 2009). Despu\u00e9s de esta absorci\u00f3n inicial, la tasa de absorci\u00f3n disminuy\u00f3. Sin embargo, los resultados generales demostraron que la zeolita natural como <a href=\"https:\/\/zeolitemin.com\/es\/zeolite-applications\/absorbent-adsorbent\/\">absorbente<\/a> tiene un potencial significativo como material alternativo de bajo costo en el tratamiento del drenaje \u00e1cido de minas (Motsi et al., 2009). Un estudio de Erdem et al. (2004) utilizaron una aplicaci\u00f3n de clinoptilolita para eliminar las concentraciones de metales de las aguas residuales industriales. Se emple\u00f3 el m\u00e9todo por lotes y los investigadores utilizaron concentraciones de metales en una soluci\u00f3n que oscilaban entre 100 y 400 mg\/l. Los resultados indicaron que las zeolitas naturales como <a href=\"https:\/\/antenchem.com\" rel=\"noopener\">tamiz molecular<\/a> se puede utilizar eficazmente para eliminar cationes met\u00e1licos de <a href=\"https:\/\/zeolitemin.com\/es\/how-to-use-zeolite-powder-to-remove-ammonia-nitrogen-in-wastewater\/\">aguas residuales<\/a>.<\/p><p>Los investigadores tambi\u00e9n concluyeron que, seg\u00fan la capacidad de adsorci\u00f3n, <a href=\"https:\/\/zeolitemin.com\/es\/zeolite-science\/what-is-the-best-zeolite\/\">zeolita natural<\/a> proporciona un sustituto para el uso de carb\u00f3n activado como absorbente en funci\u00f3n de su disponibilidad y bajo costo (Erdem et al., 2004). Un estudio de Fullen et al. (2011) examinaron la remediaci\u00f3n de derrames de petr\u00f3leo usando zeolita natural. Se probaron varias mezclas de arena y clinoptilolita en t\u00e9rminos de su capacidad para adsorber aceite de motor. La adsorci\u00f3n aument\u00f3 con la cantidad de clinoptilolita. Los investigadores tambi\u00e9n descubrieron que era posible quemar la <a href=\"https:\/\/zeolitemin.com\/es\/zeolite-applications\/radioactive-waste-encapsulation\/\">aceite-arena-zeolita<\/a> mezcle y reutilice la mezcla encendida para una mayor adsorci\u00f3n de aceite. Los hallazgos indicaron que <a href=\"https:\/\/zeolitemin.com\/es\/how-to-use-zeolite-sand-for-pool-water-filters\/\">arena-zeolita<\/a> las mezclas pueden absorber eficazmente los derrames de petr\u00f3leo terrestres y remediar los suelos contaminados por petr\u00f3leo (Fullen et al., 2011).<\/p>\t\t\t\t\t\t<\/div>\n\t\t\t\t<\/div>\n\t\t\t\t\t<\/div>\n\t\t<\/div>\n\t\t\t\t\t<\/div>\n\t\t<\/section>\n\t\t\t\t<section class=\"elementor-section elementor-top-section elementor-element elementor-element-b414ea7 elementor-section-boxed elementor-section-height-default elementor-section-height-default\" data-id=\"b414ea7\" data-element_type=\"section\" data-settings=\"{&quot;background_background&quot;:&quot;classic&quot;}\">\n\t\t\t\t\t\t<div class=\"elementor-container elementor-column-gap-default\">\n\t\t\t\t\t<div class=\"elementor-column elementor-col-100 elementor-top-column elementor-element elementor-element-168debe\" data-id=\"168debe\" data-element_type=\"column\">\n\t\t\t<div class=\"elementor-widget-wrap elementor-element-populated\">\n\t\t\t\t\t\t<div class=\"elementor-element elementor-element-a66f900 elementor-widget elementor-widget-heading\" data-id=\"a66f900\" data-element_type=\"widget\" data-widget_type=\"heading.default\">\n\t\t\t\t<div class=\"elementor-widget-container\">\n\t\t\t<h3 class=\"elementor-heading-title elementor-size-default\">Beneficios de la zeolita clinoptilolita UZ-Min en absorbente industrial<\/h3>\t\t<\/div>\n\t\t\t\t<\/div>\n\t\t\t\t<div class=\"elementor-element elementor-element-d0eddfb elementor-widget elementor-widget-text-editor\" data-id=\"d0eddfb\" data-element_type=\"widget\" data-widget_type=\"text-editor.default\">\n\t\t\t\t<div class=\"elementor-widget-container\">\n\t\t\t\t\t\t\t<ul><li>Adsorbe, absorbe, filtra e inmoviliza toxinas industriales en l\u00edquidos y gases<\/li><li>Desodoriza adsorbiendo y absorbiendo los gases fuente.<\/li><li>Filtra toxinas como el di\u00f3xido de azufre (SO2) del aire<\/li><li>Elimina el sulfuro de hidr\u00f3geno (H2S) del gas amargo<\/li><li>Neutraliza los materiales peligrosos, incluidos los desechos de perforaci\u00f3n invertida y los productos derivados del petr\u00f3leo con alto contenido salino<\/li><li>Previene la lixiviaci\u00f3n de toxinas en las aguas subterr\u00e1neas en los vertederos<\/li><li>Reduce y filtra los olores nocivos causados por la descomposici\u00f3n.<\/li><\/ul>\t\t\t\t\t\t<\/div>\n\t\t\t\t<\/div>\n\t\t\t\t\t<\/div>\n\t\t<\/div>\n\t\t\t\t\t<\/div>\n\t\t<\/section>\n\t\t\t\t<section class=\"elementor-section elementor-top-section elementor-element elementor-element-6cc5d716 elementor-section-boxed elementor-section-height-default elementor-section-height-default\" data-id=\"6cc5d716\" data-element_type=\"section\">\n\t\t\t\t\t\t<div class=\"elementor-container elementor-column-gap-default\">\n\t\t\t\t\t<div class=\"elementor-column elementor-col-100 elementor-top-column elementor-element elementor-element-6f6eeab3\" data-id=\"6f6eeab3\" data-element_type=\"column\">\n\t\t\t<div class=\"elementor-widget-wrap elementor-element-populated\">\n\t\t\t\t\t\t<section class=\"elementor-section elementor-inner-section elementor-element elementor-element-5f21d8e4 elementor-section-boxed elementor-section-height-default elementor-section-height-default\" data-id=\"5f21d8e4\" data-element_type=\"section\" data-settings=\"{&quot;sticky&quot;:&quot;top&quot;,&quot;sticky_on&quot;:[&quot;desktop&quot;,&quot;tablet&quot;],&quot;sticky_parent&quot;:&quot;yes&quot;,&quot;sticky_offset&quot;:0,&quot;sticky_effects_offset&quot;:0}\">\n\t\t\t\t\t\t<div class=\"elementor-container elementor-column-gap-default\">\n\t\t\t\t\t<div class=\"elementor-column elementor-col-100 elementor-inner-column elementor-element elementor-element-275b635e\" data-id=\"275b635e\" data-element_type=\"column\" data-settings=\"{&quot;background_background&quot;:&quot;classic&quot;}\">\n\t\t\t<div class=\"elementor-widget-wrap elementor-element-populated\">\n\t\t\t\t\t\t<div class=\"elementor-element elementor-element-62c35f16 elementor-widget elementor-widget-heading\" data-id=\"62c35f16\" data-element_type=\"widget\" data-widget_type=\"heading.default\">\n\t\t\t\t<div class=\"elementor-widget-container\">\n\t\t\t<h2 class=\"elementor-heading-title elementor-size-default\">Env\u00ede su consulta hoy<\/h2>\t\t<\/div>\n\t\t\t\t<\/div>\n\t\t\t\t<div class=\"elementor-element elementor-element-66cb9077 elementor-widget elementor-widget-template\" data-id=\"66cb9077\" data-element_type=\"widget\" data-widget_type=\"template.default\">\n\t\t\t\t<div class=\"elementor-widget-container\">\n\t\t\t\t\t<div class=\"elementor-template\">\n\t\t\t\t\t<div data-elementor-type=\"section\" data-elementor-id=\"213\" class=\"elementor elementor-213\" data-elementor-post-type=\"elementor_library\">\n\t\t\t\t\t<section class=\"elementor-section elementor-top-section elementor-element elementor-element-147d694 elementor-section-boxed elementor-section-height-default elementor-section-height-default\" data-id=\"147d694\" data-element_type=\"section\">\n\t\t\t\t\t\t<div class=\"elementor-container elementor-column-gap-default\">\n\t\t\t\t\t<div class=\"elementor-column elementor-col-100 elementor-top-column elementor-element elementor-element-8955c09\" data-id=\"8955c09\" data-element_type=\"column\">\n\t\t\t<div class=\"elementor-widget-wrap elementor-element-populated\">\n\t\t\t\t\t\t<div class=\"elementor-element elementor-element-5294796 elementor-button-align-stretch elementor-widget elementor-widget-global elementor-global-2532 elementor-widget-form\" data-id=\"5294796\" data-element_type=\"widget\" data-settings=\"{&quot;step_next_label&quot;:&quot;Next&quot;,&quot;step_previous_label&quot;:&quot;Previous&quot;,&quot;button_width&quot;:&quot;100&quot;,&quot;step_type&quot;:&quot;number_text&quot;,&quot;step_icon_shape&quot;:&quot;circle&quot;}\" data-widget_type=\"form.default\">\n\t\t\t\t<div class=\"elementor-widget-container\">\n\t\t\t\t\t<form class=\"elementor-form\" method=\"post\" name=\"New Form\" action=\"\">\n\t\t\t<input type=\"hidden\" name=\"post_id\" value=\"213\"\/>\n\t\t\t<input type=\"hidden\" name=\"form_id\" value=\"5294796\"\/>\n\t\t\t<input type=\"hidden\" name=\"referer_title\" value=\"\" \/>\n\n\t\t\t\n\t\t\t<div class=\"elementor-form-fields-wrapper elementor-labels-\">\n\t\t\t\t\t\t\t\t<div class=\"elementor-field-type-text elementor-field-group elementor-column elementor-field-group-name elementor-col-50 elementor-field-required\">\n\t\t\t\t\t\t\t\t\t\t\t\t\t<input size=\"1\" type=\"text\" name=\"form_fields[name]\" id=\"form-field-name\" class=\"elementor-field elementor-size-sm  elementor-field-textual\" placeholder=\"Nombre *\" required=\"required\" aria-required=\"true\">\n\t\t\t\t\t\t\t\t\t\t\t<\/div>\n\t\t\t\t\t\t\t\t<div class=\"elementor-field-type-email elementor-field-group elementor-column elementor-field-group-email elementor-col-50 elementor-field-required\">\n\t\t\t\t\t\t\t\t\t\t\t\t\t<input size=\"1\" type=\"email\" name=\"form_fields[email]\" id=\"form-field-email\" class=\"elementor-field elementor-size-sm  elementor-field-textual\" placeholder=\"Correo electr\u00f3nico *\" required=\"required\" aria-required=\"true\">\n\t\t\t\t\t\t\t\t\t\t\t<\/div>\n\t\t\t\t\t\t\t\t<div class=\"elementor-field-type-text elementor-field-group elementor-column elementor-field-group-yourcompany elementor-col-50 elementor-field-required\">\n\t\t\t\t\t\t\t\t\t\t\t\t\t<input size=\"1\" type=\"text\" name=\"form_fields[yourcompany]\" id=\"form-field-yourcompany\" class=\"elementor-field elementor-size-sm  elementor-field-textual\" placeholder=\"Compa\u00f1\u00eda *\" required=\"required\" aria-required=\"true\">\n\t\t\t\t\t\t\t\t\t\t\t<\/div>\n\t\t\t\t\t\t\t\t<div class=\"elementor-field-type-tel elementor-field-group elementor-column elementor-field-group-phone elementor-col-50 elementor-field-required\">\n\t\t\t\t\t\t\t<input size=\"1\" type=\"tel\" name=\"form_fields[phone]\" id=\"form-field-phone\" class=\"elementor-field elementor-size-sm  elementor-field-textual\" placeholder=\"Tel\u00e9fono *\" required=\"required\" aria-required=\"true\" pattern=\"[0-9()#&amp;+*-=.]+\" title=\"Solo se aceptan n\u00fameros y caracteres telef\u00f3nicos (#, -, *, etc.).\">\n\n\t\t\t\t\t\t<\/div>\n\t\t\t\t\t\t\t\t<div class=\"elementor-field-type-text elementor-field-group elementor-column elementor-field-group-country elementor-col-50 elementor-field-required\">\n\t\t\t\t\t\t\t\t\t\t\t\t\t<input size=\"1\" type=\"text\" name=\"form_fields[country]\" id=\"form-field-country\" class=\"elementor-field elementor-size-sm  elementor-field-textual\" placeholder=\"Pa\u00eds\" required=\"required\" aria-required=\"true\">\n\t\t\t\t\t\t\t\t\t\t\t<\/div>\n\t\t\t\t\t\t\t\t<div class=\"elementor-field-type-text elementor-field-group elementor-column elementor-field-group-yourmobile elementor-col-50 elementor-field-required\">\n\t\t\t\t\t\t\t\t\t\t\t\t\t<input size=\"1\" type=\"text\" name=\"form_fields[yourmobile]\" id=\"form-field-yourmobile\" class=\"elementor-field elementor-size-sm  elementor-field-textual\" placeholder=\"M\u00f3vil *\" required=\"required\" aria-required=\"true\">\n\t\t\t\t\t\t\t\t\t\t\t<\/div>\n\t\t\t\t\t\t\t\t<div class=\"elementor-field-type-textarea elementor-field-group elementor-column elementor-field-group-message elementor-col-100 elementor-field-required\">\n\t\t\t\t\t<textarea class=\"elementor-field-textual elementor-field  elementor-size-sm\" name=\"form_fields[message]\" id=\"form-field-message\" rows=\"4\" placeholder=\"Mensaje *\" required=\"required\" aria-required=\"true\"><\/textarea>\t\t\t\t<\/div>\n\t\t\t\t\t\t\t\t<div class=\"elementor-field-type-recaptcha elementor-field-group elementor-column elementor-field-group-field_recaptcha elementor-col-100\">\n\t\t\t\t\t<div class=\"elementor-field\" id=\"form-field-field_recaptcha\"><div class=\"elementor-g-recaptcha\" data-sitekey=\"6LdTXg0iAAAAAJQWCjxvpI7P0vJF3Al_7EIzWP9u\" data-type=\"v2_checkbox\" data-theme=\"light\" data-size=\"normal\"><\/div><\/div>\t\t\t\t<\/div>\n\t\t\t\t\t\t\t\t<div class=\"elementor-field-group elementor-column elementor-field-type-submit elementor-col-100 e-form__buttons\">\n\t\t\t\t\t<button class=\"elementor-button elementor-size-sm\" type=\"submit\">\n\t\t\t\t\t\t<span class=\"elementor-button-content-wrapper\">\n\t\t\t\t\t\t\t\t\t\t\t\t\t\t\t\t\t\t\t\t\t\t<span class=\"elementor-button-text\">Enviar<\/span>\n\t\t\t\t\t\t\t\t\t\t\t\t\t<\/span>\n\t\t\t\t\t<\/button>\n\t\t\t\t<\/div>\n\t\t\t<\/div>\n\t\t<input type=\"hidden\" name=\"trp-form-language\" value=\"es\"\/><\/form>\n\t\t\t\t<\/div>\n\t\t\t\t<\/div>\n\t\t\t\t\t<\/div>\n\t\t<\/div>\n\t\t\t\t\t<\/div>\n\t\t<\/section>\n\t\t\t\t<\/div>\n\t\t\t\t<\/div>\n\t\t\t\t<\/div>\n\t\t\t\t<\/div>\n\t\t\t\t\t<\/div>\n\t\t<\/div>\n\t\t\t\t\t<\/div>\n\t\t<\/section>\n\t\t\t\t\t<\/div>\n\t\t<\/div>\n\t\t\t\t\t<\/div>\n\t\t<\/section>\n\t\t\t\t<\/div>","protected":false},"excerpt":{"rendered":"<p>Absorbente industrial, fue posible quemar la mezcla de aceite, arena y zeolita y reutilizar la mezcla encendida para una mayor absorci\u00f3n de aceite. Los resultados indicaron que las mezclas de arena y zeolita pueden adsorber eficazmente los derrames de petr\u00f3leo terrestres y remediar los suelos contaminados por petr\u00f3leo. Anterior Siguiente Absorbente: \u00bfSab\u00eda que...? Cuando las concentraciones de contaminantes presenten una amenaza para el medio ambiente o la salud humana, [\u2026]<\/p>","protected":false},"author":1,"featured_media":1971,"parent":1557,"menu_order":4,"comment_status":"closed","ping_status":"closed","template":"elementor_header_footer","meta":{"footnotes":""},"class_list":["post-1970","page","type-page","status-publish","has-post-thumbnail","hentry"],"_links":{"self":[{"href":"https:\/\/zeolitemin.com\/es\/wp-json\/wp\/v2\/pages\/1970","targetHints":{"allow":["GET"]}}],"collection":[{"href":"https:\/\/zeolitemin.com\/es\/wp-json\/wp\/v2\/pages"}],"about":[{"href":"https:\/\/zeolitemin.com\/es\/wp-json\/wp\/v2\/types\/page"}],"author":[{"embeddable":true,"href":"https:\/\/zeolitemin.com\/es\/wp-json\/wp\/v2\/users\/1"}],"replies":[{"embeddable":true,"href":"https:\/\/zeolitemin.com\/es\/wp-json\/wp\/v2\/comments?post=1970"}],"version-history":[{"count":0,"href":"https:\/\/zeolitemin.com\/es\/wp-json\/wp\/v2\/pages\/1970\/revisions"}],"up":[{"embeddable":true,"href":"https:\/\/zeolitemin.com\/es\/wp-json\/wp\/v2\/pages\/1557"}],"wp:featuredmedia":[{"embeddable":true,"href":"https:\/\/zeolitemin.com\/es\/wp-json\/wp\/v2\/media\/1971"}],"wp:attachment":[{"href":"https:\/\/zeolitemin.com\/es\/wp-json\/wp\/v2\/media?parent=1970"}],"curies":[{"name":"wp","href":"https:\/\/api.w.org\/{rel}","templated":true}]}}