{"id":1966,"date":"2022-03-30T21:02:13","date_gmt":"2022-03-30T13:02:13","guid":{"rendered":"https:\/\/www.oklee.ga\/?page_id=1966"},"modified":"2022-11-09T14:41:39","modified_gmt":"2022-11-09T06:41:39","slug":"heavy-metal-removal","status":"publish","type":"page","link":"https:\/\/zeolitemin.com\/es\/zeolite-applications\/absorbent-adsorbent\/heavy-metal-removal\/","title":{"rendered":"Eliminaci\u00f3n de metales pesados"},"content":{"rendered":"<div data-elementor-type=\"wp-page\" data-elementor-id=\"1966\" class=\"elementor elementor-1966\" data-elementor-post-type=\"page\">\n\t\t\t\t\t\t<section class=\"elementor-section elementor-top-section elementor-element elementor-element-aee4238 elementor-section-height-min-height elementor-section-boxed elementor-section-height-default elementor-section-items-middle\" data-id=\"aee4238\" data-element_type=\"section\" data-settings=\"{&quot;background_background&quot;:&quot;classic&quot;}\">\n\t\t\t\t\t\t<div class=\"elementor-container elementor-column-gap-default\">\n\t\t\t\t\t<div class=\"elementor-column elementor-col-100 elementor-top-column elementor-element elementor-element-5032dad0\" data-id=\"5032dad0\" data-element_type=\"column\">\n\t\t\t<div class=\"elementor-widget-wrap elementor-element-populated\">\n\t\t\t\t\t\t<div class=\"elementor-element elementor-element-51be85bd elementor-widget elementor-widget-heading\" data-id=\"51be85bd\" data-element_type=\"widget\" data-widget_type=\"heading.default\">\n\t\t\t\t<div class=\"elementor-widget-container\">\n\t\t\t<h1 class=\"elementor-heading-title elementor-size-default\">Eliminaci\u00f3n de metales pesados<\/h1>\t\t<\/div>\n\t\t\t\t<\/div>\n\t\t\t\t<div class=\"elementor-element elementor-element-5345169e elementor-widget elementor-widget-text-editor\" data-id=\"5345169e\" data-element_type=\"widget\" data-widget_type=\"text-editor.default\">\n\t\t\t\t<div class=\"elementor-widget-container\">\n\t\t\t\t\t\t\t<p>Absorci\u00f3n de metales pesados por la clinoptilolita de zeolita natural, puede reducir la transferencia de metales pesados, como el cobre, el plomo y el zinc de los suelos a las plantas.<\/p>\t\t\t\t\t\t<\/div>\n\t\t\t\t<\/div>\n\t\t\t\t\t<\/div>\n\t\t<\/div>\n\t\t\t\t\t<\/div>\n\t\t<\/section>\n\t\t\t\t<section class=\"elementor-section elementor-top-section elementor-element elementor-element-a4fee7d elementor-section-boxed elementor-section-height-default elementor-section-height-default\" data-id=\"a4fee7d\" data-element_type=\"section\">\n\t\t\t\t\t\t<div class=\"elementor-container elementor-column-gap-default\">\n\t\t\t\t\t<div class=\"elementor-column elementor-col-100 elementor-top-column elementor-element elementor-element-3d4fa47\" data-id=\"3d4fa47\" data-element_type=\"column\">\n\t\t\t<div class=\"elementor-widget-wrap elementor-element-populated\">\n\t\t\t\t\t\t<div class=\"elementor-element elementor-element-98c72cd elementor-widget elementor-widget-spacer\" data-id=\"98c72cd\" data-element_type=\"widget\" data-widget_type=\"spacer.default\">\n\t\t\t\t<div class=\"elementor-widget-container\">\n\t\t\t\t\t<div class=\"elementor-spacer\">\n\t\t\t<div class=\"elementor-spacer-inner\"><\/div>\n\t\t<\/div>\n\t\t\t\t<\/div>\n\t\t\t\t<\/div>\n\t\t\t\t<div class=\"elementor-element elementor-element-71a7295 elementor-widget elementor-widget-heading\" data-id=\"71a7295\" data-element_type=\"widget\" data-widget_type=\"heading.default\">\n\t\t\t\t<div class=\"elementor-widget-container\">\n\t\t\t<h2 class=\"elementor-heading-title elementor-size-default\">Zeolita natural - Eliminaci\u00f3n de metales pesados<\/h2>\t\t<\/div>\n\t\t\t\t<\/div>\n\t\t\t\t<div class=\"elementor-element elementor-element-66b0110 elementor-widget elementor-widget-heading\" data-id=\"66b0110\" data-element_type=\"widget\" data-widget_type=\"heading.default\">\n\t\t\t\t<div class=\"elementor-widget-container\">\n\t\t\t<h3 class=\"elementor-heading-title elementor-size-default\">EL EFECTO DE LA ZEOLITA NATURAL EN LA ABSORCI\u00d3N DE METALES PESADOS<\/h3>\t\t<\/div>\n\t\t\t\t<\/div>\n\t\t\t\t<div class=\"elementor-element elementor-element-1794f46a elementor-widget elementor-widget-text-editor\" data-id=\"1794f46a\" data-element_type=\"widget\" data-widget_type=\"text-editor.default\">\n\t\t\t\t<div class=\"elementor-widget-container\">\n\t\t\t\t\t\t\t<figure id=\"attachment_1386\" aria-describedby=\"caption-attachment-1386\" style=\"width: 300px\" class=\"wp-caption alignleft\"><img decoding=\"async\" class=\"wp-image-1386 size-medium\" src=\"https:\/\/zeolitemin.com\/wp-content\/uploads\/2021\/08\/heavy-metals-300x164.jpg\" alt=\"La clinoptilolita de zeolita natural se utiliza como adsorbente de metales pesados en el medio ambiente.\" width=\"300\" height=\"164\" srcset=\"https:\/\/zeolitemin.com\/wp-content\/uploads\/2021\/08\/heavy-metals-300x164.jpg 300w, https:\/\/zeolitemin.com\/wp-content\/uploads\/2021\/08\/heavy-metals.jpg 720w\" sizes=\"(max-width: 300px) 100vw, 300px\" \/><figcaption id=\"caption-attachment-1386\" class=\"wp-caption-text\">La clinoptilolita de zeolita natural se utiliza como adsorbente de metales pesados en el medio ambiente, es decir, es una aplicaci\u00f3n de absorci\u00f3n de metales pesados.<\/figcaption><\/figure><p>La contaminaci\u00f3n de metales pesados en el suelo y los suministros de agua ha aumentado constantemente como resultado de la superpoblaci\u00f3n y la expansi\u00f3n de las actividades industriales. La presencia de metales pesados en los suministros de agua es motivo de gran preocupaci\u00f3n debido a su toxicidad para los seres humanos, los animales y las plantas. Los contaminantes incluyen cianuro, disolvente, cobalto, manganeso, aluminio, magnesio, ars\u00e9nico, cobre, hierro, plomo y mercurio. La aplicaci\u00f3n de zeolitas naturales como <a href=\"https:\/\/antenchem.com\" rel=\"noopener\">tamiz molecular<\/a> por <a href=\"https:\/\/zeolitemin.com\/es\/zeolite-applications\/absorbent-adsorbent\/heavy-metal-removal\/\">eliminaci\u00f3n de metales pesados<\/a> es una t\u00e9cnica prometedora en el proceso de limpieza ambiental. La utilizaci\u00f3n de zeolitas naturales se ha centrado en la eliminaci\u00f3n de amonio y metales pesados mediante intercambio i\u00f3nico.<\/p><p>Las propiedades de intercambio i\u00f3nico de las zeolitas les permiten atrapar metales indeseables y evitar que entren en los ecosistemas y la cadena alimentaria (Mumpton, 1985). Los estudios informan que las zeolitas pulverizadas, particularmente la clinoptilolita, reducen la transferencia de metales pesados, como el cobre, el plomo y el zinc, de los suelos a las plantas (Mumpton, 1985).<\/p><p>Turkman et al. (2004) examinaron el efecto de la zeolita clinoptilolita pretratada y sin tratar en el <a href=\"https:\/\/zeolitemin.com\/es\/zeolite-applications\/absorbent-adsorbent\/heavy-metal-removal\/\">eliminaci\u00f3n de plomo, cadmio, n\u00edquel y zinc<\/a> de <a href=\"https:\/\/zeolitemin.com\/es\/zeolite-applications\/industrial-absorbent\/\">aguas residuales<\/a>s. El mineral demostr\u00f3 una eficiencia de eliminaci\u00f3n del 96 por ciento de plomo, zinc y cadmio. Las capacidades m\u00e1ximas de sorci\u00f3n para la zeolita no tratada se midieron como 0,18 y 0,12 meq\/g, mientras que los minerales pretratados demostraron un rango de 0,72 y 0,41 meq Cd\/g.<\/p><p>Moreno et al. (2001) realizaron una serie de pruebas de descontaminaci\u00f3n para estudiar el impacto de la zeolita en la purificaci\u00f3n de aguas \u00e1cidas de mina. Los resultados sugieren que los materiales zeol\u00edticos se pueden utilizar con \u00e9xito para la absorci\u00f3n de metales pesados en la <a href=\"https:\/\/zeolitemin.com\/es\/zeolite-applications\/water-treatment\/\">Purificaci\u00f3n del agua<\/a> proceso. Se aplicaron dosis de 5-30 g de zeolita\/L seg\u00fan <a href=\"https:\/\/zeolitemin.com\/es\/zeolite-applications\/absorbent-adsorbent\/heavy-metal-removal\/\">Metal pesado<\/a> niveles Los investigadores tambi\u00e9n encontraron que la zeolita aumenta <a href=\"https:\/\/zeolitemin.com\/es\/zeolite-science\/cation-exchange-capacity\/\">pH general<\/a>, que provoca la precipitaci\u00f3n de las fases s\u00f3lidas portadoras de metales y mejora la eficiencia del proceso de descontaminaci\u00f3n (Moreno et al., 2001).<\/p><p>Un estudio de Mamba et al. (2009) examinaron la eliminaci\u00f3n de metales del agua contaminada mediante la aplicaci\u00f3n de una mezcla de bacterias y clinoptilolita activada con HCl. Los resultados indicaron que la clinoptilolita elimin\u00f3 el 98 por ciento del cobre, el hierro y el cobalto. Los investigadores concluyeron que la clinoptilolita elimina con \u00e9xito la recuperaci\u00f3n de metales de las soluciones de miner\u00eda y procesamiento de minerales. Es efectivo como descontaminante de agua.<\/p>\t\t\t\t\t\t<\/div>\n\t\t\t\t<\/div>\n\t\t\t\t\t<\/div>\n\t\t<\/div>\n\t\t\t\t\t<\/div>\n\t\t<\/section>\n\t\t\t\t<section class=\"elementor-section elementor-top-section elementor-element elementor-element-a779044 elementor-section-boxed elementor-section-height-default elementor-section-height-default\" data-id=\"a779044\" data-element_type=\"section\" data-settings=\"{&quot;background_background&quot;:&quot;classic&quot;}\">\n\t\t\t\t\t\t<div class=\"elementor-container elementor-column-gap-default\">\n\t\t\t\t\t<div class=\"elementor-column elementor-col-100 elementor-top-column elementor-element elementor-element-2ff40696\" data-id=\"2ff40696\" data-element_type=\"column\">\n\t\t\t<div class=\"elementor-widget-wrap elementor-element-populated\">\n\t\t\t\t\t\t<div class=\"elementor-element elementor-element-470b1ba4 elementor-widget elementor-widget-heading\" data-id=\"470b1ba4\" data-element_type=\"widget\" data-widget_type=\"heading.default\">\n\t\t\t\t<div class=\"elementor-widget-container\">\n\t\t\t<h3 class=\"elementor-heading-title elementor-size-default\">Beneficios de la zeolita clinoptilolita UZ-Min en la eliminaci\u00f3n de metales pesados<\/h3>\t\t<\/div>\n\t\t\t\t<\/div>\n\t\t\t\t<div class=\"elementor-element elementor-element-b2fd898 elementor-widget elementor-widget-spacer\" data-id=\"b2fd898\" data-element_type=\"widget\" data-widget_type=\"spacer.default\">\n\t\t\t\t<div class=\"elementor-widget-container\">\n\t\t\t\t\t<div class=\"elementor-spacer\">\n\t\t\t<div class=\"elementor-spacer-inner\"><\/div>\n\t\t<\/div>\n\t\t\t\t<\/div>\n\t\t\t\t<\/div>\n\t\t\t\t<div class=\"elementor-element elementor-element-a4f5224 elementor-widget elementor-widget-text-editor\" data-id=\"a4f5224\" data-element_type=\"widget\" data-widget_type=\"text-editor.default\">\n\t\t\t\t<div class=\"elementor-widget-container\">\n\t\t\t\t\t\t\t<ul><li>Altamente eficaz en la eliminaci\u00f3n de contaminantes del drenaje industrial y\/o minero.<\/li><li>Se une y absorbe cationes de metales pesados en suelos contaminados y ambientes acuosos<\/li><li>Las fuertes capacidades de adsorci\u00f3n y absorci\u00f3n evitan que las toxinas se filtren al medio ambiente.<\/li><li>Crea enlaces fuertes con cationes que incluyen plomo (Pb), zinc (Zn), cobre (Cu), mercurio (Hg), cromo (Cr), hierro (Fe), manganeso (MN), aluminio (Al), plata (Ag) y cobalto (Co)<\/li><\/ul>\t\t\t\t\t\t<\/div>\n\t\t\t\t<\/div>\n\t\t\t\t\t<\/div>\n\t\t<\/div>\n\t\t\t\t\t<\/div>\n\t\t<\/section>\n\t\t\t\t<section class=\"elementor-section elementor-top-section elementor-element elementor-element-17677018 elementor-section-boxed elementor-section-height-default elementor-section-height-default\" data-id=\"17677018\" data-element_type=\"section\">\n\t\t\t\t\t\t<div class=\"elementor-container elementor-column-gap-default\">\n\t\t\t\t\t<div class=\"elementor-column elementor-col-100 elementor-top-column elementor-element elementor-element-7a35d92a\" data-id=\"7a35d92a\" data-element_type=\"column\">\n\t\t\t<div class=\"elementor-widget-wrap elementor-element-populated\">\n\t\t\t\t\t\t<section class=\"elementor-section elementor-inner-section elementor-element elementor-element-5e7aec8 elementor-section-boxed elementor-section-height-default elementor-section-height-default\" data-id=\"5e7aec8\" data-element_type=\"section\" data-settings=\"{&quot;sticky&quot;:&quot;top&quot;,&quot;sticky_on&quot;:[&quot;desktop&quot;,&quot;tablet&quot;],&quot;sticky_parent&quot;:&quot;yes&quot;,&quot;sticky_offset&quot;:0,&quot;sticky_effects_offset&quot;:0}\">\n\t\t\t\t\t\t<div class=\"elementor-container elementor-column-gap-default\">\n\t\t\t\t\t<div class=\"elementor-column elementor-col-100 elementor-inner-column elementor-element elementor-element-60a8686d\" data-id=\"60a8686d\" data-element_type=\"column\" data-settings=\"{&quot;background_background&quot;:&quot;classic&quot;}\">\n\t\t\t<div class=\"elementor-widget-wrap elementor-element-populated\">\n\t\t\t\t\t\t<div class=\"elementor-element elementor-element-46fe41c6 elementor-widget elementor-widget-heading\" data-id=\"46fe41c6\" data-element_type=\"widget\" data-widget_type=\"heading.default\">\n\t\t\t\t<div class=\"elementor-widget-container\">\n\t\t\t<h2 class=\"elementor-heading-title elementor-size-default\">Env\u00ede su consulta hoy<\/h2>\t\t<\/div>\n\t\t\t\t<\/div>\n\t\t\t\t<div class=\"elementor-element elementor-element-2cd06d00 elementor-widget elementor-widget-template\" data-id=\"2cd06d00\" data-element_type=\"widget\" data-widget_type=\"template.default\">\n\t\t\t\t<div class=\"elementor-widget-container\">\n\t\t\t\t\t<div class=\"elementor-template\">\n\t\t\t\t\t<div data-elementor-type=\"section\" data-elementor-id=\"213\" class=\"elementor elementor-213\" data-elementor-post-type=\"elementor_library\">\n\t\t\t\t\t<section class=\"elementor-section elementor-top-section elementor-element elementor-element-147d694 elementor-section-boxed elementor-section-height-default elementor-section-height-default\" data-id=\"147d694\" data-element_type=\"section\">\n\t\t\t\t\t\t<div class=\"elementor-container elementor-column-gap-default\">\n\t\t\t\t\t<div class=\"elementor-column elementor-col-100 elementor-top-column elementor-element elementor-element-8955c09\" data-id=\"8955c09\" data-element_type=\"column\">\n\t\t\t<div class=\"elementor-widget-wrap elementor-element-populated\">\n\t\t\t\t\t\t<div class=\"elementor-element elementor-element-5294796 elementor-button-align-stretch elementor-widget elementor-widget-global elementor-global-2532 elementor-widget-form\" data-id=\"5294796\" data-element_type=\"widget\" data-settings=\"{&quot;step_next_label&quot;:&quot;Next&quot;,&quot;step_previous_label&quot;:&quot;Previous&quot;,&quot;button_width&quot;:&quot;100&quot;,&quot;step_type&quot;:&quot;number_text&quot;,&quot;step_icon_shape&quot;:&quot;circle&quot;}\" data-widget_type=\"form.default\">\n\t\t\t\t<div class=\"elementor-widget-container\">\n\t\t\t\t\t<form class=\"elementor-form\" method=\"post\" name=\"New Form\" action=\"\">\n\t\t\t<input type=\"hidden\" name=\"post_id\" value=\"213\"\/>\n\t\t\t<input type=\"hidden\" name=\"form_id\" value=\"5294796\"\/>\n\t\t\t<input type=\"hidden\" name=\"referer_title\" value=\"\" \/>\n\n\t\t\t\n\t\t\t<div class=\"elementor-form-fields-wrapper elementor-labels-\">\n\t\t\t\t\t\t\t\t<div class=\"elementor-field-type-text elementor-field-group elementor-column elementor-field-group-name elementor-col-50 elementor-field-required\">\n\t\t\t\t\t\t\t\t\t\t\t\t\t<input size=\"1\" type=\"text\" name=\"form_fields[name]\" id=\"form-field-name\" class=\"elementor-field elementor-size-sm  elementor-field-textual\" placeholder=\"Nombre *\" required=\"required\" aria-required=\"true\">\n\t\t\t\t\t\t\t\t\t\t\t<\/div>\n\t\t\t\t\t\t\t\t<div class=\"elementor-field-type-email elementor-field-group elementor-column elementor-field-group-email elementor-col-50 elementor-field-required\">\n\t\t\t\t\t\t\t\t\t\t\t\t\t<input size=\"1\" type=\"email\" name=\"form_fields[email]\" id=\"form-field-email\" class=\"elementor-field elementor-size-sm  elementor-field-textual\" placeholder=\"Correo electr\u00f3nico *\" required=\"required\" aria-required=\"true\">\n\t\t\t\t\t\t\t\t\t\t\t<\/div>\n\t\t\t\t\t\t\t\t<div class=\"elementor-field-type-text elementor-field-group elementor-column elementor-field-group-yourcompany elementor-col-50 elementor-field-required\">\n\t\t\t\t\t\t\t\t\t\t\t\t\t<input size=\"1\" type=\"text\" name=\"form_fields[yourcompany]\" id=\"form-field-yourcompany\" class=\"elementor-field elementor-size-sm  elementor-field-textual\" placeholder=\"Compa\u00f1\u00eda *\" required=\"required\" aria-required=\"true\">\n\t\t\t\t\t\t\t\t\t\t\t<\/div>\n\t\t\t\t\t\t\t\t<div class=\"elementor-field-type-tel elementor-field-group elementor-column elementor-field-group-phone elementor-col-50 elementor-field-required\">\n\t\t\t\t\t\t\t<input size=\"1\" type=\"tel\" name=\"form_fields[phone]\" id=\"form-field-phone\" class=\"elementor-field elementor-size-sm  elementor-field-textual\" placeholder=\"Tel\u00e9fono *\" required=\"required\" aria-required=\"true\" pattern=\"[0-9()#&amp;+*-=.]+\" title=\"Solo se aceptan n\u00fameros y caracteres telef\u00f3nicos (#, -, *, etc.).\">\n\n\t\t\t\t\t\t<\/div>\n\t\t\t\t\t\t\t\t<div class=\"elementor-field-type-text elementor-field-group elementor-column elementor-field-group-country elementor-col-50 elementor-field-required\">\n\t\t\t\t\t\t\t\t\t\t\t\t\t<input size=\"1\" type=\"text\" name=\"form_fields[country]\" id=\"form-field-country\" class=\"elementor-field elementor-size-sm  elementor-field-textual\" placeholder=\"Pa\u00eds\" required=\"required\" aria-required=\"true\">\n\t\t\t\t\t\t\t\t\t\t\t<\/div>\n\t\t\t\t\t\t\t\t<div class=\"elementor-field-type-text elementor-field-group elementor-column elementor-field-group-yourmobile elementor-col-50 elementor-field-required\">\n\t\t\t\t\t\t\t\t\t\t\t\t\t<input size=\"1\" type=\"text\" name=\"form_fields[yourmobile]\" id=\"form-field-yourmobile\" class=\"elementor-field elementor-size-sm  elementor-field-textual\" placeholder=\"M\u00f3vil *\" required=\"required\" aria-required=\"true\">\n\t\t\t\t\t\t\t\t\t\t\t<\/div>\n\t\t\t\t\t\t\t\t<div class=\"elementor-field-type-textarea elementor-field-group elementor-column elementor-field-group-message elementor-col-100 elementor-field-required\">\n\t\t\t\t\t<textarea class=\"elementor-field-textual elementor-field  elementor-size-sm\" name=\"form_fields[message]\" id=\"form-field-message\" rows=\"4\" placeholder=\"Mensaje *\" required=\"required\" aria-required=\"true\"><\/textarea>\t\t\t\t<\/div>\n\t\t\t\t\t\t\t\t<div class=\"elementor-field-type-recaptcha elementor-field-group elementor-column elementor-field-group-field_recaptcha elementor-col-100\">\n\t\t\t\t\t<div class=\"elementor-field\" id=\"form-field-field_recaptcha\"><div class=\"elementor-g-recaptcha\" data-sitekey=\"6LdTXg0iAAAAAJQWCjxvpI7P0vJF3Al_7EIzWP9u\" data-type=\"v2_checkbox\" data-theme=\"light\" data-size=\"normal\"><\/div><\/div>\t\t\t\t<\/div>\n\t\t\t\t\t\t\t\t<div class=\"elementor-field-group elementor-column elementor-field-type-submit elementor-col-100 e-form__buttons\">\n\t\t\t\t\t<button class=\"elementor-button elementor-size-sm\" type=\"submit\">\n\t\t\t\t\t\t<span class=\"elementor-button-content-wrapper\">\n\t\t\t\t\t\t\t\t\t\t\t\t\t\t\t\t\t\t\t\t\t\t<span class=\"elementor-button-text\">Enviar<\/span>\n\t\t\t\t\t\t\t\t\t\t\t\t\t<\/span>\n\t\t\t\t\t<\/button>\n\t\t\t\t<\/div>\n\t\t\t<\/div>\n\t\t<input type=\"hidden\" name=\"trp-form-language\" value=\"es\"\/><\/form>\n\t\t\t\t<\/div>\n\t\t\t\t<\/div>\n\t\t\t\t\t<\/div>\n\t\t<\/div>\n\t\t\t\t\t<\/div>\n\t\t<\/section>\n\t\t\t\t<\/div>\n\t\t\t\t<\/div>\n\t\t\t\t<\/div>\n\t\t\t\t<\/div>\n\t\t\t\t\t<\/div>\n\t\t<\/div>\n\t\t\t\t\t<\/div>\n\t\t<\/section>\n\t\t\t\t\t<\/div>\n\t\t<\/div>\n\t\t\t\t\t<\/div>\n\t\t<\/section>\n\t\t\t\t<\/div>","protected":false},"excerpt":{"rendered":"<p>Absorci\u00f3n de metales pesados Por la clinoptilolita de zeolita natural, puede reducir la transferencia de metales pesados, como cobre, plomo y zinc del suelo a las plantas EL EFECTO DE LA ZEOLITA NATURAL EN LA ABSORCI\u00d3N DE METALES PESADOS La contaminaci\u00f3n de metales pesados en el suelo y los suministros de agua ha aumentado constantemente como resultado de la sobrepoblaci\u00f3n y la expansi\u00f3n de [\u2026]<\/p>","protected":false},"author":1,"featured_media":662,"parent":1604,"menu_order":2,"comment_status":"closed","ping_status":"closed","template":"elementor_header_footer","meta":{"footnotes":""},"class_list":["post-1966","page","type-page","status-publish","has-post-thumbnail","hentry"],"_links":{"self":[{"href":"https:\/\/zeolitemin.com\/es\/wp-json\/wp\/v2\/pages\/1966","targetHints":{"allow":["GET"]}}],"collection":[{"href":"https:\/\/zeolitemin.com\/es\/wp-json\/wp\/v2\/pages"}],"about":[{"href":"https:\/\/zeolitemin.com\/es\/wp-json\/wp\/v2\/types\/page"}],"author":[{"embeddable":true,"href":"https:\/\/zeolitemin.com\/es\/wp-json\/wp\/v2\/users\/1"}],"replies":[{"embeddable":true,"href":"https:\/\/zeolitemin.com\/es\/wp-json\/wp\/v2\/comments?post=1966"}],"version-history":[{"count":0,"href":"https:\/\/zeolitemin.com\/es\/wp-json\/wp\/v2\/pages\/1966\/revisions"}],"up":[{"embeddable":true,"href":"https:\/\/zeolitemin.com\/es\/wp-json\/wp\/v2\/pages\/1604"}],"wp:featuredmedia":[{"embeddable":true,"href":"https:\/\/zeolitemin.com\/es\/wp-json\/wp\/v2\/media\/662"}],"wp:attachment":[{"href":"https:\/\/zeolitemin.com\/es\/wp-json\/wp\/v2\/media?parent=1966"}],"curies":[{"name":"wp","href":"https:\/\/api.w.org\/{rel}","templated":true}]}}