{"id":1964,"date":"2022-03-30T20:58:22","date_gmt":"2022-03-30T12:58:22","guid":{"rendered":"https:\/\/www.oklee.ga\/?page_id=1964"},"modified":"2022-11-09T14:46:06","modified_gmt":"2022-11-09T06:46:06","slug":"ammonia-removal-in-water","status":"publish","type":"page","link":"https:\/\/zeolitemin.com\/es\/zeolite-applications\/ammonia-removal-in-water\/","title":{"rendered":"Eliminaci\u00f3n de amon\u00edaco"},"content":{"rendered":"<div data-elementor-type=\"wp-page\" data-elementor-id=\"1964\" class=\"elementor elementor-1964\" data-elementor-post-type=\"page\">\n\t\t\t\t\t\t<section class=\"elementor-section elementor-top-section elementor-element elementor-element-efc9b79 elementor-section-height-min-height elementor-section-boxed elementor-section-height-default elementor-section-items-middle\" data-id=\"efc9b79\" data-element_type=\"section\" data-settings=\"{&quot;background_background&quot;:&quot;classic&quot;}\">\n\t\t\t\t\t\t<div class=\"elementor-container elementor-column-gap-default\">\n\t\t\t\t\t<div class=\"elementor-column elementor-col-100 elementor-top-column elementor-element elementor-element-782bce37\" data-id=\"782bce37\" data-element_type=\"column\">\n\t\t\t<div class=\"elementor-widget-wrap elementor-element-populated\">\n\t\t\t\t\t\t<div class=\"elementor-element elementor-element-40c9f9a5 elementor-widget elementor-widget-heading\" data-id=\"40c9f9a5\" data-element_type=\"widget\" data-widget_type=\"heading.default\">\n\t\t\t\t<div class=\"elementor-widget-container\">\n\t\t\t<h1 class=\"elementor-heading-title elementor-size-default\">Eliminaci\u00f3n de amon\u00edaco<\/h1>\t\t<\/div>\n\t\t\t\t<\/div>\n\t\t\t\t<div class=\"elementor-element elementor-element-63fb6420 elementor-widget elementor-widget-text-editor\" data-id=\"63fb6420\" data-element_type=\"widget\" data-widget_type=\"text-editor.default\">\n\t\t\t\t<div class=\"elementor-widget-container\">\n\t\t\t\t\t\t\t<p>Eliminaci\u00f3n de amon\u00edaco mediante zeolita natural Clinoptilolita, la zeolita no solo es capaz de eliminar el amon\u00edaco de las aguas residuales, sino que tambi\u00e9n se puede reutilizar una y otra vez.<\/p>\t\t\t\t\t\t<\/div>\n\t\t\t\t<\/div>\n\t\t\t\t\t<\/div>\n\t\t<\/div>\n\t\t\t\t\t<\/div>\n\t\t<\/section>\n\t\t\t\t<section class=\"elementor-section elementor-top-section elementor-element elementor-element-8c5d9eb elementor-section-boxed elementor-section-height-default elementor-section-height-default\" data-id=\"8c5d9eb\" data-element_type=\"section\">\n\t\t\t\t\t\t<div class=\"elementor-container elementor-column-gap-default\">\n\t\t\t\t\t<div class=\"elementor-column elementor-col-100 elementor-top-column elementor-element elementor-element-1cca2e82\" data-id=\"1cca2e82\" data-element_type=\"column\">\n\t\t\t<div class=\"elementor-widget-wrap elementor-element-populated\">\n\t\t\t\t\t\t<div class=\"elementor-element elementor-element-015f408 elementor-widget elementor-widget-spacer\" data-id=\"015f408\" data-element_type=\"widget\" data-widget_type=\"spacer.default\">\n\t\t\t\t<div class=\"elementor-widget-container\">\n\t\t\t\t\t<div class=\"elementor-spacer\">\n\t\t\t<div class=\"elementor-spacer-inner\"><\/div>\n\t\t<\/div>\n\t\t\t\t<\/div>\n\t\t\t\t<\/div>\n\t\t\t\t<div class=\"elementor-element elementor-element-6c9211d elementor-widget elementor-widget-heading\" data-id=\"6c9211d\" data-element_type=\"widget\" data-widget_type=\"heading.default\">\n\t\t\t\t<div class=\"elementor-widget-container\">\n\t\t\t<h2 class=\"elementor-heading-title elementor-size-default\">Uso de zeolita natural para eliminar el amon\u00edaco del agua<\/h2>\t\t<\/div>\n\t\t\t\t<\/div>\n\t\t\t\t<div class=\"elementor-element elementor-element-649ee23f elementor-widget elementor-widget-text-editor\" data-id=\"649ee23f\" data-element_type=\"widget\" data-widget_type=\"text-editor.default\">\n\t\t\t\t<div class=\"elementor-widget-container\">\n\t\t\t\t\t\t\t<p><span data-preserver-spaces=\"true\">Hoy en d\u00eda, todas las personas disfrutan de una vida hermosa y se enfocan m\u00e1s en el medio ambiente de la agricultura, los alimentos, la casa y la salud del cuerpo. Muchas familias pasan mucho tiempo cultivando frutas y verduras en el jard\u00edn, pero la gente tambi\u00e9n encuentra fuertes ventas de amon\u00edaco en productos para el hogar y fertilizantes agr\u00edcolas. Quieren encontrar la fuente del olor a amon\u00edaco en la casa o al aire libre y conocer m\u00e1s definiciones y usos seguros del amon\u00edaco en los \u00faltimos a\u00f1os. El amon\u00edaco y los cationes de metales pesados plantean graves riesgos para la salud y el medio ambiente.<\/span><\/p><h3><span data-preserver-spaces=\"true\">\u00bfQu\u00e9 es el amon\u00edaco?\u00a0<\/span><\/h3><p><span data-preserver-spaces=\"true\"><img fetchpriority=\"high\" decoding=\"async\" class=\"alignleft\" src=\"https:\/\/zeolitemin.com\/wp-content\/uploads\/2022\/05\/nh2_proc-e1652431021668-300x277.jpg\" alt=\"Eliminaci\u00f3n de amon\u00edaco por zeolita. En acuicultura o acuarios, el nitr\u00f3geno amoniacal se disolvi\u00f3 en las aguas residuales y se us\u00f3 zeolita para eliminar el amon\u00edaco del agua.\" width=\"300\" height=\"277\" \/>La f\u00f3rmula qu\u00edmica del amon\u00edaco es Nh3 llamado un compuesto de nitr\u00f3geno e hidr\u00f3geno. Las diferentes propiedades y estructuras del amon\u00edaco contienen amon\u00edaco s\u00f3lido, amon\u00edaco gaseoso y amon\u00edaco l\u00edquido. la masa molar del amoniaco es 17,031 g\/mol y el punto de ebullici\u00f3n del Nh3 es \u221233,34 \u00b0C.<\/span><\/p><p><span data-preserver-spaces=\"true\">Ocurre en la naturaleza y se produce principalmente comercialmente a trav\u00e9s de la <a href=\"https:\/\/antenchem.com\" rel=\"noopener\">catal\u00edtico<\/a> reacci\u00f3n de nitr\u00f3geno e hidr\u00f3geno a alta temperatura y presi\u00f3n. El uso principal del amon\u00edaco es en fertilizantes agr\u00edcolas, la planta se cultiv\u00f3 usando muchos fertilizantes de amon\u00edaco en el suelo. Es un trabajo bien efectivo en la nutrici\u00f3n del suelo.\u00a0<\/span><\/p><p><span data-preserver-spaces=\"true\">En acuicultura o acuarios, el nitr\u00f3geno amoniacal se disolv\u00eda en agua y aguas residuales. La composici\u00f3n del nitr\u00f3geno amoniacal en el agua contiene amon\u00edaco libre (NH3) e iones de amonio (NH4+). El contenido de nitr\u00f3geno de la materia org\u00e1nica animal es generalmente mayor que el de la materia org\u00e1nica vegetal. Al mismo tiempo, la materia org\u00e1nica que contiene nitr\u00f3geno en el esti\u00e9rcol humano y animal es muy inestable y se descompone f\u00e1cilmente en amon\u00edaco.\u00a0<\/span><\/p><p><span data-preserver-spaces=\"true\">Por lo tanto, cuando el\u00a0<\/span><span style=\"color: var( --e-global-color-text ); font-family: var( --e-global-typography-text-font-family ), Sans-serif; font-size: var( --e-global-typography-text-font-size ); font-weight: var( --e-global-typography-text-font-weight );\">nitr\u00f3geno y<\/span><span style=\"color: var( --e-global-color-text ); font-family: var( --e-global-typography-text-font-family ), Sans-serif; font-size: var( --e-global-typography-text-font-size ); font-weight: var( --e-global-typography-text-font-weight );\" data-preserver-spaces=\"true\">\u00a0amon\u00edaco en agua son<\/span><span style=\"color: var( --e-global-color-text ); font-family: var( --e-global-typography-text-font-family ), Sans-serif; font-size: var( --e-global-typography-text-font-size ); font-weight: var( --e-global-typography-text-font-weight );\">\u00a0<\/span><span style=\"color: var( --e-global-color-text ); font-family: var( --e-global-typography-text-font-family ), Sans-serif; font-size: var( --e-global-typography-text-font-size ); font-weight: var( --e-global-typography-text-font-weight );\">aumentado, se refiere al nitr\u00f3geno compuesto en forma de amon\u00edaco o iones de amonio. El nitr\u00f3geno amoniacal es un nutriente en el agua que puede conducir a la eutrofizaci\u00f3n del agua. Es el principal contaminante que consume ox\u00edgeno en el agua y es t\u00f3xico para los peces y algunos organismos acu\u00e1ticos.<\/span><\/p><h3><span data-preserver-spaces=\"true\">C\u00f3mo adsorber amon\u00edaco en agua<\/span><\/h3><p><span data-preserver-spaces=\"true\">Los investigadores han determinado que la zeolita clinoptilolita natural es selectiva para estos cationes, lo que significa que los absorber\u00e1 y los unir\u00e1 en su estructura de panal incluso en presencia de grandes cantidades de cationes competidores. Adem\u00e1s, la zeolita forma fuertes enlaces con amon\u00edaco y metales pesados que son dif\u00edciles de romper. Esto evita la lixiviaci\u00f3n de contaminantes al medio ambiente. El agua superficial, el agua subterr\u00e1nea y las aguas residuales contienen muchos contaminantes, incluidos compuestos inorg\u00e1nicos y org\u00e1nicos, que son peligrosos para los seres humanos, los animales y las plantas. <\/span><\/p><figure id=\"attachment_721\" aria-describedby=\"caption-attachment-721\" style=\"width: 300px\" class=\"wp-caption alignright\"><img decoding=\"async\" src=\"https:\/\/zeolitemin.com\/wp-content\/uploads\/2022\/03\/Zeolite_Clinoptilolite-1-300x216.jpg\" alt=\"Zeolita natural Clinoptilolita TDS MSDS\" width=\"300\" height=\"216\" \/><figcaption id=\"caption-attachment-721\" class=\"wp-caption-text\">Zeolita natural Clinoptilolita TDS MSDS<\/figcaption><\/figure><p><span data-preserver-spaces=\"true\">Uno de los contaminantes m\u00e1s potentes es el amon\u00edaco porque contribuye a la eutrofizaci\u00f3n acelerada de lagos y r\u00edos, al agotamiento del ox\u00edgeno disuelto y a la toxicidad de los peces. El principal mecanismo que explica la adsorci\u00f3n de iones de amonio en las zeolitas naturales es el intercambio i\u00f3nico.<\/span><\/p><p><span data-preserver-spaces=\"true\">La capacidad de adsorci\u00f3n de la clinoptilolita es de 2 a 30 mg NH4+\/g. Los cient\u00edficos tambi\u00e9n han descubierto que algunos tratamientos, incluido el ciclo de agotamiento y regeneraci\u00f3n, aumentan la capacidad de adsorci\u00f3n. B\u00e1sicamente, esto significa que la zeolita se puede reutilizar una y otra vez y que su capacidad para eliminar el amon\u00edaco aumenta con el tiempo. Bolan et al. (2003) probaron el efecto de la clinoptilolita en la eliminaci\u00f3n de amonio de las corrientes de aguas residuales. Antes de la aplicaci\u00f3n, el mineral se trat\u00f3 con soluciones alcalinas y la capacidad de intercambio cati\u00f3nico aument\u00f3 hasta en un 74 por ciento. la zeolita retuvo hasta 18,7\u201320,1 mg NH4+\/g. <\/span><\/p><p><span data-preserver-spaces=\"true\">Despu\u00e9s de que los minerales de zeolita se cargaron con cationes, el mineral podr\u00eda regenerarse y reutilizarse mediante la lixiviaci\u00f3n de iones de amonio con 0,5 M de cloruro de hidr\u00f3geno. El proceso de lixiviaci\u00f3n no afect\u00f3 la capacidad de adsorci\u00f3n de la zeolita y los minerales permanecieron efectivos despu\u00e9s de 12 ciclos de regeneraci\u00f3n.<\/span><\/p><p><span data-preserver-spaces=\"true\">Los ingenieros de I+D examinaron el uso de clinoptilolita como intercambiador cati\u00f3nico para <a href=\"https:\/\/zeolitemin.com\/es\/products\/uz-min-aqua\/\">eliminar el amon\u00edaco<\/a> de aguas residuales. Los resultados indicaron que la clinoptilolita tuvo un aumento significativo en el rendimiento despu\u00e9s de ciclos de agotamiento y regeneraci\u00f3n; La clinoptilolita regenerada mostr\u00f3 una capacidad m\u00e1xima de adsorci\u00f3n de 450 vol\u00famenes de lecho. Una vez m\u00e1s, los resultados demuestran que la zeolita no solo es capaz de eliminar el amon\u00edaco de las aguas, sino que tambi\u00e9n se puede reutilizar en la acuicultura y el acuario una y otra vez.\u00a0<\/span><\/p><p><span data-preserver-spaces=\"true\">Es la mejor idea para la soluci\u00f3n de amon\u00edaco utilizando clinoptilolita de zeolita natural. Ahora<\/span><strong><span data-preserver-spaces=\"true\">\u00a0<\/span><\/strong><span data-preserver-spaces=\"true\">puede usarse como combustible para el transporte, y este uso m\u00e1s ecol\u00f3gico tiene \u00e9xito para la carga de amon\u00edaco. Si desea obtener m\u00e1s informaci\u00f3n, le sugerimos que busque m\u00e1s TDS y MSDS de amon\u00edaco en Internet.<\/span><\/p>\t\t\t\t\t\t<\/div>\n\t\t\t\t<\/div>\n\t\t\t\t\t<\/div>\n\t\t<\/div>\n\t\t\t\t\t<\/div>\n\t\t<\/section>\n\t\t\t\t<section class=\"elementor-section elementor-top-section elementor-element elementor-element-4858cdb5 elementor-section-boxed elementor-section-height-default elementor-section-height-default\" data-id=\"4858cdb5\" data-element_type=\"section\" data-settings=\"{&quot;background_background&quot;:&quot;classic&quot;}\">\n\t\t\t\t\t\t<div class=\"elementor-container elementor-column-gap-default\">\n\t\t\t\t\t<div class=\"elementor-column elementor-col-100 elementor-top-column elementor-element elementor-element-3f376bef\" data-id=\"3f376bef\" data-element_type=\"column\">\n\t\t\t<div class=\"elementor-widget-wrap elementor-element-populated\">\n\t\t\t\t\t\t<div class=\"elementor-element elementor-element-385d39e6 elementor-widget elementor-widget-heading\" data-id=\"385d39e6\" data-element_type=\"widget\" data-widget_type=\"heading.default\">\n\t\t\t\t<div class=\"elementor-widget-container\">\n\t\t\t<h3 class=\"elementor-heading-title elementor-size-default\">Beneficios de la zeolita clinoptilolita UZ-Min en la eliminaci\u00f3n de amon\u00edaco<\/h3>\t\t<\/div>\n\t\t\t\t<\/div>\n\t\t\t\t<div class=\"elementor-element elementor-element-2fb7fb9 elementor-widget elementor-widget-spacer\" data-id=\"2fb7fb9\" data-element_type=\"widget\" data-widget_type=\"spacer.default\">\n\t\t\t\t<div class=\"elementor-widget-container\">\n\t\t\t\t\t<div class=\"elementor-spacer\">\n\t\t\t<div class=\"elementor-spacer-inner\"><\/div>\n\t\t<\/div>\n\t\t\t\t<\/div>\n\t\t\t\t<\/div>\n\t\t\t\t<div class=\"elementor-element elementor-element-74aa33e elementor-widget elementor-widget-text-editor\" data-id=\"74aa33e\" data-element_type=\"widget\" data-widget_type=\"text-editor.default\">\n\t\t\t\t<div class=\"elementor-widget-container\">\n\t\t\t\t\t\t\t<ul><li>Muy eficaz para unir amon\u00edaco (NH3) y sulfuro de hidr\u00f3geno (H2S) producidos en plantas de procesamiento, plantas de tratamiento de aguas residuales, plantas de tratamiento de aguas residuales y entornos agr\u00edcolas<\/li><li>Previene la fuga de amon\u00edaco en las aguas subterr\u00e1neas y los acu\u00edferos.<\/li><li>Elimina el olor creado durante los procesos de tratamiento de aguas residuales.<\/li><li>Altamente efectivo en el manejo de esti\u00e9rcol y pr\u00e1cticas de compost<\/li><li>Desodoriza entornos como corrales de engorde, graneros y establos<\/li><\/ul>\t\t\t\t\t\t<\/div>\n\t\t\t\t<\/div>\n\t\t\t\t\t<\/div>\n\t\t<\/div>\n\t\t\t\t\t<\/div>\n\t\t<\/section>\n\t\t\t\t<section class=\"elementor-section elementor-top-section elementor-element elementor-element-2308591a elementor-section-boxed elementor-section-height-default elementor-section-height-default\" data-id=\"2308591a\" data-element_type=\"section\">\n\t\t\t\t\t\t<div class=\"elementor-container elementor-column-gap-default\">\n\t\t\t\t\t<div class=\"elementor-column elementor-col-100 elementor-top-column elementor-element elementor-element-18ff6758\" data-id=\"18ff6758\" data-element_type=\"column\">\n\t\t\t<div class=\"elementor-widget-wrap elementor-element-populated\">\n\t\t\t\t\t\t<section class=\"elementor-section elementor-inner-section elementor-element elementor-element-79535442 elementor-section-boxed elementor-section-height-default elementor-section-height-default\" data-id=\"79535442\" data-element_type=\"section\" data-settings=\"{&quot;sticky&quot;:&quot;top&quot;,&quot;sticky_on&quot;:[&quot;desktop&quot;,&quot;tablet&quot;],&quot;sticky_parent&quot;:&quot;yes&quot;,&quot;sticky_offset&quot;:0,&quot;sticky_effects_offset&quot;:0}\">\n\t\t\t\t\t\t<div class=\"elementor-container elementor-column-gap-default\">\n\t\t\t\t\t<div class=\"elementor-column elementor-col-100 elementor-inner-column elementor-element elementor-element-1f757ebf\" data-id=\"1f757ebf\" data-element_type=\"column\" data-settings=\"{&quot;background_background&quot;:&quot;classic&quot;}\">\n\t\t\t<div class=\"elementor-widget-wrap elementor-element-populated\">\n\t\t\t\t\t\t<div class=\"elementor-element elementor-element-1460af67 elementor-widget elementor-widget-heading\" data-id=\"1460af67\" data-element_type=\"widget\" data-widget_type=\"heading.default\">\n\t\t\t\t<div class=\"elementor-widget-container\">\n\t\t\t<h2 class=\"elementor-heading-title elementor-size-default\">Env\u00ede su consulta hoy<\/h2>\t\t<\/div>\n\t\t\t\t<\/div>\n\t\t\t\t<div class=\"elementor-element elementor-element-40fb82da elementor-widget elementor-widget-template\" data-id=\"40fb82da\" data-element_type=\"widget\" data-widget_type=\"template.default\">\n\t\t\t\t<div class=\"elementor-widget-container\">\n\t\t\t\t\t<div class=\"elementor-template\">\n\t\t\t\t\t<div data-elementor-type=\"section\" data-elementor-id=\"213\" class=\"elementor elementor-213\" data-elementor-post-type=\"elementor_library\">\n\t\t\t\t\t<section class=\"elementor-section elementor-top-section elementor-element elementor-element-147d694 elementor-section-boxed elementor-section-height-default elementor-section-height-default\" data-id=\"147d694\" data-element_type=\"section\">\n\t\t\t\t\t\t<div class=\"elementor-container elementor-column-gap-default\">\n\t\t\t\t\t<div class=\"elementor-column elementor-col-100 elementor-top-column elementor-element elementor-element-8955c09\" data-id=\"8955c09\" data-element_type=\"column\">\n\t\t\t<div class=\"elementor-widget-wrap elementor-element-populated\">\n\t\t\t\t\t\t<div class=\"elementor-element elementor-element-5294796 elementor-button-align-stretch elementor-widget elementor-widget-global elementor-global-2532 elementor-widget-form\" data-id=\"5294796\" data-element_type=\"widget\" data-settings=\"{&quot;step_next_label&quot;:&quot;Next&quot;,&quot;step_previous_label&quot;:&quot;Previous&quot;,&quot;button_width&quot;:&quot;100&quot;,&quot;step_type&quot;:&quot;number_text&quot;,&quot;step_icon_shape&quot;:&quot;circle&quot;}\" data-widget_type=\"form.default\">\n\t\t\t\t<div class=\"elementor-widget-container\">\n\t\t\t\t\t<form class=\"elementor-form\" method=\"post\" name=\"New Form\" action=\"\">\n\t\t\t<input type=\"hidden\" name=\"post_id\" value=\"213\"\/>\n\t\t\t<input type=\"hidden\" name=\"form_id\" value=\"5294796\"\/>\n\t\t\t<input type=\"hidden\" name=\"referer_title\" value=\"\" \/>\n\n\t\t\t\n\t\t\t<div class=\"elementor-form-fields-wrapper elementor-labels-\">\n\t\t\t\t\t\t\t\t<div class=\"elementor-field-type-text elementor-field-group elementor-column elementor-field-group-name elementor-col-50 elementor-field-required\">\n\t\t\t\t\t\t\t\t\t\t\t\t\t<input size=\"1\" type=\"text\" name=\"form_fields[name]\" id=\"form-field-name\" class=\"elementor-field elementor-size-sm  elementor-field-textual\" placeholder=\"Nombre *\" required=\"required\" aria-required=\"true\">\n\t\t\t\t\t\t\t\t\t\t\t<\/div>\n\t\t\t\t\t\t\t\t<div class=\"elementor-field-type-email elementor-field-group elementor-column elementor-field-group-email elementor-col-50 elementor-field-required\">\n\t\t\t\t\t\t\t\t\t\t\t\t\t<input size=\"1\" type=\"email\" name=\"form_fields[email]\" id=\"form-field-email\" class=\"elementor-field elementor-size-sm  elementor-field-textual\" placeholder=\"Correo electr\u00f3nico *\" required=\"required\" aria-required=\"true\">\n\t\t\t\t\t\t\t\t\t\t\t<\/div>\n\t\t\t\t\t\t\t\t<div class=\"elementor-field-type-text elementor-field-group elementor-column elementor-field-group-yourcompany elementor-col-50 elementor-field-required\">\n\t\t\t\t\t\t\t\t\t\t\t\t\t<input size=\"1\" type=\"text\" name=\"form_fields[yourcompany]\" id=\"form-field-yourcompany\" class=\"elementor-field elementor-size-sm  elementor-field-textual\" placeholder=\"Compa\u00f1\u00eda *\" required=\"required\" aria-required=\"true\">\n\t\t\t\t\t\t\t\t\t\t\t<\/div>\n\t\t\t\t\t\t\t\t<div class=\"elementor-field-type-tel elementor-field-group elementor-column elementor-field-group-phone elementor-col-50 elementor-field-required\">\n\t\t\t\t\t\t\t<input size=\"1\" type=\"tel\" name=\"form_fields[phone]\" id=\"form-field-phone\" class=\"elementor-field elementor-size-sm  elementor-field-textual\" placeholder=\"Tel\u00e9fono *\" required=\"required\" aria-required=\"true\" pattern=\"[0-9()#&amp;+*-=.]+\" title=\"Solo se aceptan n\u00fameros y caracteres telef\u00f3nicos (#, -, *, etc.).\">\n\n\t\t\t\t\t\t<\/div>\n\t\t\t\t\t\t\t\t<div class=\"elementor-field-type-text elementor-field-group elementor-column elementor-field-group-country elementor-col-50 elementor-field-required\">\n\t\t\t\t\t\t\t\t\t\t\t\t\t<input size=\"1\" type=\"text\" name=\"form_fields[country]\" id=\"form-field-country\" class=\"elementor-field elementor-size-sm  elementor-field-textual\" placeholder=\"Pa\u00eds\" required=\"required\" aria-required=\"true\">\n\t\t\t\t\t\t\t\t\t\t\t<\/div>\n\t\t\t\t\t\t\t\t<div class=\"elementor-field-type-text elementor-field-group elementor-column elementor-field-group-yourmobile elementor-col-50 elementor-field-required\">\n\t\t\t\t\t\t\t\t\t\t\t\t\t<input size=\"1\" type=\"text\" name=\"form_fields[yourmobile]\" id=\"form-field-yourmobile\" class=\"elementor-field elementor-size-sm  elementor-field-textual\" placeholder=\"M\u00f3vil *\" required=\"required\" aria-required=\"true\">\n\t\t\t\t\t\t\t\t\t\t\t<\/div>\n\t\t\t\t\t\t\t\t<div class=\"elementor-field-type-textarea elementor-field-group elementor-column elementor-field-group-message elementor-col-100 elementor-field-required\">\n\t\t\t\t\t<textarea class=\"elementor-field-textual elementor-field  elementor-size-sm\" name=\"form_fields[message]\" id=\"form-field-message\" rows=\"4\" placeholder=\"Mensaje *\" required=\"required\" aria-required=\"true\"><\/textarea>\t\t\t\t<\/div>\n\t\t\t\t\t\t\t\t<div class=\"elementor-field-type-recaptcha elementor-field-group elementor-column elementor-field-group-field_recaptcha elementor-col-100\">\n\t\t\t\t\t<div class=\"elementor-field\" id=\"form-field-field_recaptcha\"><div class=\"elementor-g-recaptcha\" data-sitekey=\"6LdTXg0iAAAAAJQWCjxvpI7P0vJF3Al_7EIzWP9u\" data-type=\"v2_checkbox\" data-theme=\"light\" data-size=\"normal\"><\/div><\/div>\t\t\t\t<\/div>\n\t\t\t\t\t\t\t\t<div class=\"elementor-field-group elementor-column elementor-field-type-submit elementor-col-100 e-form__buttons\">\n\t\t\t\t\t<button class=\"elementor-button elementor-size-sm\" type=\"submit\">\n\t\t\t\t\t\t<span class=\"elementor-button-content-wrapper\">\n\t\t\t\t\t\t\t\t\t\t\t\t\t\t\t\t\t\t\t\t\t\t<span class=\"elementor-button-text\">Enviar<\/span>\n\t\t\t\t\t\t\t\t\t\t\t\t\t<\/span>\n\t\t\t\t\t<\/button>\n\t\t\t\t<\/div>\n\t\t\t<\/div>\n\t\t<input type=\"hidden\" name=\"trp-form-language\" value=\"es\"\/><\/form>\n\t\t\t\t<\/div>\n\t\t\t\t<\/div>\n\t\t\t\t\t<\/div>\n\t\t<\/div>\n\t\t\t\t\t<\/div>\n\t\t<\/section>\n\t\t\t\t<\/div>\n\t\t\t\t<\/div>\n\t\t\t\t<\/div>\n\t\t\t\t<\/div>\n\t\t\t\t\t<\/div>\n\t\t<\/div>\n\t\t\t\t\t<\/div>\n\t\t<\/section>\n\t\t\t\t\t<\/div>\n\t\t<\/div>\n\t\t\t\t\t<\/div>\n\t\t<\/section>\n\t\t\t\t<\/div>","protected":false},"excerpt":{"rendered":"<p>Eliminaci\u00f3n de amon\u00edaco mediante zeolita natural Clinoptilolita, la zeolita no solo es capaz de eliminar el amon\u00edaco de las aguas residuales, sino que tambi\u00e9n se puede reutilizar una y otra vez. Uso de zeolita natural para eliminar el amon\u00edaco en el agua Hoy en d\u00eda, todas las personas disfrutan de una vida hermosa y se enfocan m\u00e1s en el medio ambiente de la agricultura, los alimentos, la casa y la salud corporal. Muchas familias pasan [\u2026]<\/p>","protected":false},"author":1,"featured_media":577,"parent":1557,"menu_order":11,"comment_status":"closed","ping_status":"closed","template":"elementor_header_footer","meta":{"footnotes":""},"class_list":["post-1964","page","type-page","status-publish","has-post-thumbnail","hentry"],"_links":{"self":[{"href":"https:\/\/zeolitemin.com\/es\/wp-json\/wp\/v2\/pages\/1964","targetHints":{"allow":["GET"]}}],"collection":[{"href":"https:\/\/zeolitemin.com\/es\/wp-json\/wp\/v2\/pages"}],"about":[{"href":"https:\/\/zeolitemin.com\/es\/wp-json\/wp\/v2\/types\/page"}],"author":[{"embeddable":true,"href":"https:\/\/zeolitemin.com\/es\/wp-json\/wp\/v2\/users\/1"}],"replies":[{"embeddable":true,"href":"https:\/\/zeolitemin.com\/es\/wp-json\/wp\/v2\/comments?post=1964"}],"version-history":[{"count":0,"href":"https:\/\/zeolitemin.com\/es\/wp-json\/wp\/v2\/pages\/1964\/revisions"}],"up":[{"embeddable":true,"href":"https:\/\/zeolitemin.com\/es\/wp-json\/wp\/v2\/pages\/1557"}],"wp:featuredmedia":[{"embeddable":true,"href":"https:\/\/zeolitemin.com\/es\/wp-json\/wp\/v2\/media\/577"}],"wp:attachment":[{"href":"https:\/\/zeolitemin.com\/es\/wp-json\/wp\/v2\/media?parent=1964"}],"curies":[{"name":"wp","href":"https:\/\/api.w.org\/{rel}","templated":true}]}}