{"id":1955,"date":"2022-03-30T20:42:43","date_gmt":"2022-03-30T12:42:43","guid":{"rendered":"https:\/\/www.oklee.ga\/?page_id=1955"},"modified":"2022-11-09T14:45:51","modified_gmt":"2022-11-09T06:45:51","slug":"manure-composting-odor-reduction","status":"publish","type":"page","link":"https:\/\/zeolitemin.com\/es\/zeolite-applications\/manure-composting-odor-reduction\/","title":{"rendered":"Compostaje de esti\u00e9rcol Eliminaci\u00f3n de olores"},"content":{"rendered":"<div data-elementor-type=\"wp-page\" data-elementor-id=\"1955\" class=\"elementor elementor-1955\" data-elementor-post-type=\"page\">\n\t\t\t\t\t\t<section class=\"elementor-section elementor-top-section elementor-element elementor-element-1c40af1b elementor-section-height-min-height elementor-section-boxed elementor-section-height-default elementor-section-items-middle\" data-id=\"1c40af1b\" data-element_type=\"section\" data-settings=\"{&quot;background_background&quot;:&quot;classic&quot;}\">\n\t\t\t\t\t\t<div class=\"elementor-container elementor-column-gap-default\">\n\t\t\t\t\t<div class=\"elementor-column elementor-col-100 elementor-top-column elementor-element elementor-element-2d892fd8\" data-id=\"2d892fd8\" data-element_type=\"column\">\n\t\t\t<div class=\"elementor-widget-wrap elementor-element-populated\">\n\t\t\t\t\t\t<div class=\"elementor-element elementor-element-2644287a elementor-widget elementor-widget-heading\" data-id=\"2644287a\" data-element_type=\"widget\" data-widget_type=\"heading.default\">\n\t\t\t\t<div class=\"elementor-widget-container\">\n\t\t\t<h1 class=\"elementor-heading-title elementor-size-default\">Compostaje de esti\u00e9rcol Eliminaci\u00f3n de olores<\/h1>\t\t<\/div>\n\t\t\t\t<\/div>\n\t\t\t\t<div class=\"elementor-element elementor-element-4f064e1 elementor-widget elementor-widget-text-editor\" data-id=\"4f064e1\" data-element_type=\"widget\" data-widget_type=\"text-editor.default\">\n\t\t\t\t<div class=\"elementor-widget-container\">\n\t\t\t\t\t\t\t<p>Compostaje de esti\u00e9rcol Eliminaci\u00f3n de olores mediante clinoptilolita Zeolita Aditivo para piensos<\/p>\t\t\t\t\t\t<\/div>\n\t\t\t\t<\/div>\n\t\t\t\t\t<\/div>\n\t\t<\/div>\n\t\t\t\t\t<\/div>\n\t\t<\/section>\n\t\t\t\t<section class=\"elementor-section elementor-top-section elementor-element elementor-element-7e457f4d elementor-section-stretched elementor-section-boxed elementor-section-height-default elementor-section-height-default\" data-id=\"7e457f4d\" data-element_type=\"section\" data-settings=\"{&quot;stretch_section&quot;:&quot;section-stretched&quot;,&quot;background_background&quot;:&quot;classic&quot;}\">\n\t\t\t\t\t\t<div class=\"elementor-container elementor-column-gap-default\">\n\t\t\t\t\t<div class=\"elementor-column elementor-col-50 elementor-top-column elementor-element elementor-element-1f382fd2\" data-id=\"1f382fd2\" data-element_type=\"column\">\n\t\t\t<div class=\"elementor-widget-wrap elementor-element-populated\">\n\t\t\t\t\t\t<div class=\"elementor-element elementor-element-57da55ce elementor-widget elementor-widget-image\" data-id=\"57da55ce\" data-element_type=\"widget\" data-widget_type=\"image.default\">\n\t\t\t\t<div class=\"elementor-widget-container\">\n\t\t\t\t\t\t\t\t\t\t\t\t\t<img fetchpriority=\"high\" decoding=\"async\" width=\"800\" height=\"480\" src=\"https:\/\/zeolitemin.com\/wp-content\/uploads\/2021\/08\/innovative-feed-lowers-social-costs-for-livestock-production-2000x1200-1-1024x614.jpg\" class=\"attachment-large size-large wp-image-1422\" alt=\"COMPOSTAJE DE ESTI\u00c9RCOL Y REDUCCI\u00d3N DE OLORES\" srcset=\"https:\/\/zeolitemin.com\/wp-content\/uploads\/2021\/08\/innovative-feed-lowers-social-costs-for-livestock-production-2000x1200-1-1024x614.jpg 1024w, https:\/\/zeolitemin.com\/wp-content\/uploads\/2021\/08\/innovative-feed-lowers-social-costs-for-livestock-production-2000x1200-1-300x180.jpg 300w, https:\/\/zeolitemin.com\/wp-content\/uploads\/2021\/08\/innovative-feed-lowers-social-costs-for-livestock-production-2000x1200-1-768x461.jpg 768w, https:\/\/zeolitemin.com\/wp-content\/uploads\/2021\/08\/innovative-feed-lowers-social-costs-for-livestock-production-2000x1200-1-1536x922.jpg 1536w, https:\/\/zeolitemin.com\/wp-content\/uploads\/2021\/08\/innovative-feed-lowers-social-costs-for-livestock-production-2000x1200-1-800x480.jpg 800w, https:\/\/zeolitemin.com\/wp-content\/uploads\/2021\/08\/innovative-feed-lowers-social-costs-for-livestock-production-2000x1200-1.jpg 2000w\" sizes=\"(max-width: 800px) 100vw, 800px\" \/>\t\t\t\t\t\t\t\t\t\t\t\t\t<\/div>\n\t\t\t\t<\/div>\n\t\t\t\t\t<\/div>\n\t\t<\/div>\n\t\t\t\t<div class=\"elementor-column elementor-col-50 elementor-top-column elementor-element elementor-element-14153c25\" data-id=\"14153c25\" data-element_type=\"column\">\n\t\t\t<div class=\"elementor-widget-wrap elementor-element-populated\">\n\t\t\t\t\t\t<div class=\"elementor-element elementor-element-11639a70 elementor-widget elementor-widget-heading\" data-id=\"11639a70\" data-element_type=\"widget\" data-widget_type=\"heading.default\">\n\t\t\t\t<div class=\"elementor-widget-container\">\n\t\t\t<h2 class=\"elementor-heading-title elementor-size-default\">Compostaje de esti\u00e9rcol Eliminaci\u00f3n de olores<\/h2>\t\t<\/div>\n\t\t\t\t<\/div>\n\t\t\t\t<div class=\"elementor-element elementor-element-74de29db elementor-widget elementor-widget-text-editor\" data-id=\"74de29db\" data-element_type=\"widget\" data-widget_type=\"text-editor.default\">\n\t\t\t\t<div class=\"elementor-widget-container\">\n\t\t\t\t\t\t\t<p>La producci\u00f3n ganadera genera miles de millones de toneladas m\u00e9tricas de desechos s\u00f3lidos y l\u00edquidos cada a\u00f1o (Mumpton, 1985). La acumulaci\u00f3n de heces y orina plantea riesgos para la salud de los seres humanos y los animales, al mismo tiempo que crea un entorno desagradable para vivir y trabajar. Se utiliz\u00f3 zeolita natural para la eliminaci\u00f3n de olores del compostaje de esti\u00e9rcol.<\/p><p>El proceso digestivo y el excremento animal juntos producen compuestos de metano, di\u00f3xido de carbono y azufre. Se estima que se podr\u00edan producir 700 Btu\/pie de gas metano despu\u00e9s de tratar las 250 000 toneladas de esti\u00e9rcol que se producen cada d\u00eda en los Estados Unidos (Mumpton, 1985). En muchos casos, el metano producido por el ganado en una granja t\u00edpica podr\u00eda ser equivalente a los requisitos completos de combustibles f\u00f3siles de la granja (Mumpton, 1985).<\/p><p>La zeolita ayuda en el proceso de compostaje de esti\u00e9rcol y act\u00faa como agente de control de olores debido a su capacidad para absorber y adsorber l\u00edquidos, gases y materia en suspensi\u00f3n. Ambas propiedades trabajan juntas para combatir los olores relacionados con el compostaje de esti\u00e9rcol. El amonio (NH4+) en los desechos l\u00edquidos y s\u00f3lidos se convierte constantemente en amon\u00edaco gaseoso (NH3). La zeolita controla los olores al absorber la humedad de los desechos y adsorber el amon\u00edaco producido por la actividad microbiana en los l\u00edquidos (Hogg, 2003).<\/p>\t\t\t\t\t\t<\/div>\n\t\t\t\t<\/div>\n\t\t\t\t\t<\/div>\n\t\t<\/div>\n\t\t\t\t\t<\/div>\n\t\t<\/section>\n\t\t\t\t<section class=\"elementor-section elementor-top-section elementor-element elementor-element-13615d0 elementor-section-boxed elementor-section-height-default elementor-section-height-default\" data-id=\"13615d0\" data-element_type=\"section\">\n\t\t\t\t\t\t<div class=\"elementor-container elementor-column-gap-default\">\n\t\t\t\t\t<div class=\"elementor-column elementor-col-100 elementor-top-column elementor-element elementor-element-ff0e939\" data-id=\"ff0e939\" data-element_type=\"column\">\n\t\t\t<div class=\"elementor-widget-wrap elementor-element-populated\">\n\t\t\t\t\t\t<div class=\"elementor-element elementor-element-39110f2 elementor-widget elementor-widget-text-editor\" data-id=\"39110f2\" data-element_type=\"widget\" data-widget_type=\"text-editor.default\">\n\t\t\t\t<div class=\"elementor-widget-container\">\n\t\t\t\t\t\t\t<p>Los investigadores han identificado tres beneficios principales que proporciona la zeolita a los esfuerzos de compostaje de esti\u00e9rcol y eliminaci\u00f3n de olores. En primer lugar, promueve la retenci\u00f3n de nitr\u00f3geno en <a href=\"https:\/\/zeolitemin.com\/es\/zeolite-applications\/animal-feed-ingredient\/\">desecho animal<\/a> por <a href=\"https:\/\/zeolitemin.com\/es\/zeolite-applications\/absorbent-adsorbent\/\">adsorci\u00f3n de amon\u00edaco<\/a>. El esti\u00e9rcol mezclado con zeolita sirve como fertilizante de alta calidad porque el nitr\u00f3geno disponible para las plantas se retiene y se devuelve al suelo (Meisinger et al., 2001). En segundo lugar, la zeolita controla el contenido de humedad en los excrementos a trav\u00e9s de sus propiedades de absorci\u00f3n de agua (Mumpton, 1999). Finalmente, la zeolita purifica el gas metano producido por la digesti\u00f3n anaerobia del esti\u00e9rcol (Mumpton, 1999).<\/p><p>Un estudio de Bernal et al. (1993) examinaron el nivel de p\u00e9rdida de amon\u00edaco de varias mezclas de paja y lodo colocadas en un simulador de compostaje. Luego, los investigadores pasaron aire a trav\u00e9s de los materiales de compostaje y, finalmente, canalizaron la corriente de aire gastado sobre una muestra de zeolita. Los resultados indicaron que entre 53 g kg y 82 g kg de zeolita retuvieron el 80 % del nitr\u00f3geno en el compost de esti\u00e9rcol. Bernal et al. concluy\u00f3 que cubrir los materiales de compostaje con una combinaci\u00f3n de paja y zeolita es un m\u00e9todo altamente efectivo para reducir las emisiones de amon\u00edaco.<\/p><p>Meisinger et al. (2001) tambi\u00e9n realizaron un estudio que examin\u00f3 la volatilizaci\u00f3n del amon\u00edaco en los purines de granja. Los resultados indicaron que agregar un 6,25 % de zeolita al lodo l\u00e1cteo almacenado en el establo redujo las emisiones de amon\u00edaco en un 55 % en comparaci\u00f3n con el lodo no tratado. Adem\u00e1s, se redujeron los niveles de f\u00f3sforo soluble en la suspensi\u00f3n, lo que tiene implicaciones ambientales positivas.<\/p><p>Un estudio que examin\u00f3 el uso de zeolita en la digesti\u00f3n anaer\u00f3bica de desechos porcinos encontr\u00f3 que el uso de dosis de zeolita de 8 y 12 gl mejor\u00f3 el rendimiento de la digesti\u00f3n, principalmente debido a la capacidad de la zeolita para eliminar el amonio a trav\u00e9s del intercambio i\u00f3nico (Kotsopoulos et al., 2008). . Los resultados sugirieron que la zeolita ten\u00eda un impacto positivo en la toxicidad del amon\u00edaco, el nivel de metano producido y regulaba la acidez de los desechos porcinos (Kotsopoulos et al., 2008).<\/p><p>Los excrementos semil\u00edquidos en los gallineros emiten vapores nocivos de amon\u00edaco y sulfuro de hidr\u00f3geno que no solo generan un ambiente desagradable, sino que tambi\u00e9n reducen la resistencia de las aves a las enfermedades respiratorias y tienen un impacto negativo en la salud general. Mumpton (1985) inform\u00f3 que la clinoptilolita se puede mezclar con excrementos para <a href=\"https:\/\/zeolitemin.com\/es\/zeolite-applications\/ammonia-removal-in-water\/\">eliminar el amon\u00edaco<\/a> vapores y mejorar la calidad general del aire y la atm\u00f3sfera en las naves av\u00edcolas. Al mismo tiempo, Mumpton (1985) sugiri\u00f3 que agregar zeolita a los desechos av\u00edcolas podr\u00eda reducir los costos de mano de obra asociados con el secado al aire de los excrementos y, al mismo tiempo, retener los componentes del fertilizante en los excrementos que cumplen con los est\u00e1ndares ambientales. Zeolita como <a href=\"https:\/\/antenchem.com\" rel=\"noopener\">tamiz molecular<\/a> es mineral natural.<\/p>\t\t\t\t\t\t<\/div>\n\t\t\t\t<\/div>\n\t\t\t\t\t<\/div>\n\t\t<\/div>\n\t\t\t\t\t<\/div>\n\t\t<\/section>\n\t\t\t\t<section class=\"elementor-section elementor-top-section elementor-element elementor-element-1e823352 elementor-section-boxed elementor-section-height-default elementor-section-height-default\" data-id=\"1e823352\" data-element_type=\"section\">\n\t\t\t\t\t\t<div class=\"elementor-container elementor-column-gap-default\">\n\t\t\t\t\t<div class=\"elementor-column elementor-col-100 elementor-top-column elementor-element elementor-element-653a2d3b\" data-id=\"653a2d3b\" data-element_type=\"column\">\n\t\t\t<div class=\"elementor-widget-wrap elementor-element-populated\">\n\t\t\t\t\t\t<section class=\"elementor-section elementor-inner-section elementor-element elementor-element-5e221285 elementor-section-boxed elementor-section-height-default elementor-section-height-default\" data-id=\"5e221285\" data-element_type=\"section\" data-settings=\"{&quot;sticky&quot;:&quot;top&quot;,&quot;sticky_on&quot;:[&quot;desktop&quot;,&quot;tablet&quot;],&quot;sticky_parent&quot;:&quot;yes&quot;,&quot;sticky_offset&quot;:0,&quot;sticky_effects_offset&quot;:0}\">\n\t\t\t\t\t\t<div class=\"elementor-container elementor-column-gap-default\">\n\t\t\t\t\t<div class=\"elementor-column elementor-col-100 elementor-inner-column elementor-element elementor-element-2068b590\" data-id=\"2068b590\" data-element_type=\"column\" data-settings=\"{&quot;background_background&quot;:&quot;classic&quot;}\">\n\t\t\t<div class=\"elementor-widget-wrap elementor-element-populated\">\n\t\t\t\t\t\t<div class=\"elementor-element elementor-element-3a1e42fa elementor-widget elementor-widget-heading\" data-id=\"3a1e42fa\" data-element_type=\"widget\" data-widget_type=\"heading.default\">\n\t\t\t\t<div class=\"elementor-widget-container\">\n\t\t\t<h2 class=\"elementor-heading-title elementor-size-default\">Env\u00ede su consulta hoy<\/h2>\t\t<\/div>\n\t\t\t\t<\/div>\n\t\t\t\t<div class=\"elementor-element elementor-element-24b7b5ae elementor-widget elementor-widget-template\" data-id=\"24b7b5ae\" data-element_type=\"widget\" data-widget_type=\"template.default\">\n\t\t\t\t<div class=\"elementor-widget-container\">\n\t\t\t\t\t<div class=\"elementor-template\">\n\t\t\t\t\t<div data-elementor-type=\"section\" data-elementor-id=\"213\" class=\"elementor elementor-213\" data-elementor-post-type=\"elementor_library\">\n\t\t\t\t\t<section class=\"elementor-section elementor-top-section elementor-element elementor-element-147d694 elementor-section-boxed elementor-section-height-default elementor-section-height-default\" data-id=\"147d694\" data-element_type=\"section\">\n\t\t\t\t\t\t<div class=\"elementor-container elementor-column-gap-default\">\n\t\t\t\t\t<div class=\"elementor-column elementor-col-100 elementor-top-column elementor-element elementor-element-8955c09\" data-id=\"8955c09\" data-element_type=\"column\">\n\t\t\t<div class=\"elementor-widget-wrap elementor-element-populated\">\n\t\t\t\t\t\t<div class=\"elementor-element elementor-element-5294796 elementor-button-align-stretch elementor-widget elementor-widget-global elementor-global-2532 elementor-widget-form\" data-id=\"5294796\" data-element_type=\"widget\" data-settings=\"{&quot;step_next_label&quot;:&quot;Next&quot;,&quot;step_previous_label&quot;:&quot;Previous&quot;,&quot;button_width&quot;:&quot;100&quot;,&quot;step_type&quot;:&quot;number_text&quot;,&quot;step_icon_shape&quot;:&quot;circle&quot;}\" data-widget_type=\"form.default\">\n\t\t\t\t<div class=\"elementor-widget-container\">\n\t\t\t\t\t<form class=\"elementor-form\" method=\"post\" name=\"New Form\" action=\"\">\n\t\t\t<input type=\"hidden\" name=\"post_id\" value=\"213\"\/>\n\t\t\t<input type=\"hidden\" name=\"form_id\" value=\"5294796\"\/>\n\t\t\t<input type=\"hidden\" name=\"referer_title\" value=\"\" \/>\n\n\t\t\t\n\t\t\t<div class=\"elementor-form-fields-wrapper elementor-labels-\">\n\t\t\t\t\t\t\t\t<div class=\"elementor-field-type-text elementor-field-group elementor-column elementor-field-group-name elementor-col-50 elementor-field-required\">\n\t\t\t\t\t\t\t\t\t\t\t\t\t<input size=\"1\" type=\"text\" name=\"form_fields[name]\" id=\"form-field-name\" class=\"elementor-field elementor-size-sm  elementor-field-textual\" placeholder=\"Nombre *\" required=\"required\" aria-required=\"true\">\n\t\t\t\t\t\t\t\t\t\t\t<\/div>\n\t\t\t\t\t\t\t\t<div class=\"elementor-field-type-email elementor-field-group elementor-column elementor-field-group-email elementor-col-50 elementor-field-required\">\n\t\t\t\t\t\t\t\t\t\t\t\t\t<input size=\"1\" type=\"email\" name=\"form_fields[email]\" id=\"form-field-email\" class=\"elementor-field elementor-size-sm  elementor-field-textual\" placeholder=\"Correo electr\u00f3nico *\" required=\"required\" aria-required=\"true\">\n\t\t\t\t\t\t\t\t\t\t\t<\/div>\n\t\t\t\t\t\t\t\t<div class=\"elementor-field-type-text elementor-field-group elementor-column elementor-field-group-yourcompany elementor-col-50 elementor-field-required\">\n\t\t\t\t\t\t\t\t\t\t\t\t\t<input size=\"1\" type=\"text\" name=\"form_fields[yourcompany]\" id=\"form-field-yourcompany\" class=\"elementor-field elementor-size-sm  elementor-field-textual\" placeholder=\"Compa\u00f1\u00eda *\" required=\"required\" aria-required=\"true\">\n\t\t\t\t\t\t\t\t\t\t\t<\/div>\n\t\t\t\t\t\t\t\t<div class=\"elementor-field-type-tel elementor-field-group elementor-column elementor-field-group-phone elementor-col-50 elementor-field-required\">\n\t\t\t\t\t\t\t<input size=\"1\" type=\"tel\" name=\"form_fields[phone]\" id=\"form-field-phone\" class=\"elementor-field elementor-size-sm  elementor-field-textual\" placeholder=\"Tel\u00e9fono *\" required=\"required\" aria-required=\"true\" pattern=\"[0-9()#&amp;+*-=.]+\" title=\"Solo se aceptan n\u00fameros y caracteres telef\u00f3nicos (#, -, *, etc.).\">\n\n\t\t\t\t\t\t<\/div>\n\t\t\t\t\t\t\t\t<div class=\"elementor-field-type-text elementor-field-group elementor-column elementor-field-group-country elementor-col-50 elementor-field-required\">\n\t\t\t\t\t\t\t\t\t\t\t\t\t<input size=\"1\" type=\"text\" name=\"form_fields[country]\" id=\"form-field-country\" class=\"elementor-field elementor-size-sm  elementor-field-textual\" placeholder=\"Pa\u00eds\" required=\"required\" aria-required=\"true\">\n\t\t\t\t\t\t\t\t\t\t\t<\/div>\n\t\t\t\t\t\t\t\t<div class=\"elementor-field-type-text elementor-field-group elementor-column elementor-field-group-yourmobile elementor-col-50 elementor-field-required\">\n\t\t\t\t\t\t\t\t\t\t\t\t\t<input size=\"1\" type=\"text\" name=\"form_fields[yourmobile]\" id=\"form-field-yourmobile\" class=\"elementor-field elementor-size-sm  elementor-field-textual\" placeholder=\"M\u00f3vil *\" required=\"required\" aria-required=\"true\">\n\t\t\t\t\t\t\t\t\t\t\t<\/div>\n\t\t\t\t\t\t\t\t<div class=\"elementor-field-type-textarea elementor-field-group elementor-column elementor-field-group-message elementor-col-100 elementor-field-required\">\n\t\t\t\t\t<textarea class=\"elementor-field-textual elementor-field  elementor-size-sm\" name=\"form_fields[message]\" id=\"form-field-message\" rows=\"4\" placeholder=\"Mensaje *\" required=\"required\" aria-required=\"true\"><\/textarea>\t\t\t\t<\/div>\n\t\t\t\t\t\t\t\t<div class=\"elementor-field-type-recaptcha elementor-field-group elementor-column elementor-field-group-field_recaptcha elementor-col-100\">\n\t\t\t\t\t<div class=\"elementor-field\" id=\"form-field-field_recaptcha\"><div class=\"elementor-g-recaptcha\" data-sitekey=\"6LdTXg0iAAAAAJQWCjxvpI7P0vJF3Al_7EIzWP9u\" data-type=\"v2_checkbox\" data-theme=\"light\" data-size=\"normal\"><\/div><\/div>\t\t\t\t<\/div>\n\t\t\t\t\t\t\t\t<div class=\"elementor-field-group elementor-column elementor-field-type-submit elementor-col-100 e-form__buttons\">\n\t\t\t\t\t<button class=\"elementor-button elementor-size-sm\" type=\"submit\">\n\t\t\t\t\t\t<span class=\"elementor-button-content-wrapper\">\n\t\t\t\t\t\t\t\t\t\t\t\t\t\t\t\t\t\t\t\t\t\t<span class=\"elementor-button-text\">Enviar<\/span>\n\t\t\t\t\t\t\t\t\t\t\t\t\t<\/span>\n\t\t\t\t\t<\/button>\n\t\t\t\t<\/div>\n\t\t\t<\/div>\n\t\t<input type=\"hidden\" name=\"trp-form-language\" value=\"es\"\/><\/form>\n\t\t\t\t<\/div>\n\t\t\t\t<\/div>\n\t\t\t\t\t<\/div>\n\t\t<\/div>\n\t\t\t\t\t<\/div>\n\t\t<\/section>\n\t\t\t\t<\/div>\n\t\t\t\t<\/div>\n\t\t\t\t<\/div>\n\t\t\t\t<\/div>\n\t\t\t\t\t<\/div>\n\t\t<\/div>\n\t\t\t\t\t<\/div>\n\t\t<\/section>\n\t\t\t\t\t<\/div>\n\t\t<\/div>\n\t\t\t\t\t<\/div>\n\t\t<\/section>\n\t\t\t\t<\/div>","protected":false},"excerpt":{"rendered":"<p>Compostaje de esti\u00e9rcol Eliminaci\u00f3n de olores mediante clinoptilolita Zeolita Aditivo para piensos La producci\u00f3n ganadera genera miles de millones de toneladas m\u00e9tricas de desechos s\u00f3lidos y l\u00edquidos cada a\u00f1o (Mumpton, 1985). La acumulaci\u00f3n de heces y orina plantea riesgos para la salud de los seres humanos y los animales, al mismo tiempo que crea un entorno desagradable para vivir y trabajar. Se utiliz\u00f3 zeolita natural para [\u2026]<\/p>","protected":false},"author":1,"featured_media":1422,"parent":1557,"menu_order":6,"comment_status":"closed","ping_status":"closed","template":"elementor_header_footer","meta":{"footnotes":""},"class_list":["post-1955","page","type-page","status-publish","has-post-thumbnail","hentry"],"_links":{"self":[{"href":"https:\/\/zeolitemin.com\/es\/wp-json\/wp\/v2\/pages\/1955","targetHints":{"allow":["GET"]}}],"collection":[{"href":"https:\/\/zeolitemin.com\/es\/wp-json\/wp\/v2\/pages"}],"about":[{"href":"https:\/\/zeolitemin.com\/es\/wp-json\/wp\/v2\/types\/page"}],"author":[{"embeddable":true,"href":"https:\/\/zeolitemin.com\/es\/wp-json\/wp\/v2\/users\/1"}],"replies":[{"embeddable":true,"href":"https:\/\/zeolitemin.com\/es\/wp-json\/wp\/v2\/comments?post=1955"}],"version-history":[{"count":0,"href":"https:\/\/zeolitemin.com\/es\/wp-json\/wp\/v2\/pages\/1955\/revisions"}],"up":[{"embeddable":true,"href":"https:\/\/zeolitemin.com\/es\/wp-json\/wp\/v2\/pages\/1557"}],"wp:featuredmedia":[{"embeddable":true,"href":"https:\/\/zeolitemin.com\/es\/wp-json\/wp\/v2\/media\/1422"}],"wp:attachment":[{"href":"https:\/\/zeolitemin.com\/es\/wp-json\/wp\/v2\/media?parent=1955"}],"curies":[{"name":"wp","href":"https:\/\/api.w.org\/{rel}","templated":true}]}}