{"id":1949,"date":"2022-03-30T20:29:11","date_gmt":"2022-03-30T12:29:11","guid":{"rendered":"https:\/\/www.oklee.ga\/?page_id=1949"},"modified":"2022-11-09T14:43:15","modified_gmt":"2022-11-09T06:43:15","slug":"animal-bedding-barn-deodorizer","status":"publish","type":"page","link":"https:\/\/zeolitemin.com\/es\/zeolite-applications\/animal-bedding-barn-deodorizer\/","title":{"rendered":"Desodorante de granero para ropa de cama de animales"},"content":{"rendered":"<div data-elementor-type=\"wp-page\" data-elementor-id=\"1949\" class=\"elementor elementor-1949\" data-elementor-post-type=\"page\">\n\t\t\t\t\t\t<section class=\"elementor-section elementor-top-section elementor-element elementor-element-2282a7d elementor-section-height-min-height elementor-section-boxed elementor-section-height-default elementor-section-items-middle\" data-id=\"2282a7d\" data-element_type=\"section\" data-settings=\"{&quot;background_background&quot;:&quot;classic&quot;}\">\n\t\t\t\t\t\t<div class=\"elementor-container elementor-column-gap-default\">\n\t\t\t\t\t<div class=\"elementor-column elementor-col-100 elementor-top-column elementor-element elementor-element-77248f9c\" data-id=\"77248f9c\" data-element_type=\"column\">\n\t\t\t<div class=\"elementor-widget-wrap elementor-element-populated\">\n\t\t\t\t\t\t<div class=\"elementor-element elementor-element-5e9086e9 elementor-widget elementor-widget-heading\" data-id=\"5e9086e9\" data-element_type=\"widget\" data-widget_type=\"heading.default\">\n\t\t\t\t<div class=\"elementor-widget-container\">\n\t\t\t<h1 class=\"elementor-heading-title elementor-size-default\">Desodorante de granero para ropa de cama de animales<\/h1>\t\t<\/div>\n\t\t\t\t<\/div>\n\t\t\t\t<div class=\"elementor-element elementor-element-51b4b86c elementor-widget elementor-widget-text-editor\" data-id=\"51b4b86c\" data-element_type=\"widget\" data-widget_type=\"text-editor.default\">\n\t\t\t\t<div class=\"elementor-widget-container\">\n\t\t\t\t\t\t\t<p>La zeolita se utiliza como el mejor desodorante para lechos de animales, lo que disminuye los niveles de amon\u00edaco en las casas de los animales.<\/p>\t\t\t\t\t\t<\/div>\n\t\t\t\t<\/div>\n\t\t\t\t\t<\/div>\n\t\t<\/div>\n\t\t\t\t\t<\/div>\n\t\t<\/section>\n\t\t\t\t<section class=\"elementor-section elementor-top-section elementor-element elementor-element-7595006c elementor-section-stretched elementor-section-boxed elementor-section-height-default elementor-section-height-default\" data-id=\"7595006c\" data-element_type=\"section\" data-settings=\"{&quot;stretch_section&quot;:&quot;section-stretched&quot;,&quot;background_background&quot;:&quot;classic&quot;}\">\n\t\t\t\t\t\t<div class=\"elementor-container elementor-column-gap-default\">\n\t\t\t\t\t<div class=\"elementor-column elementor-col-50 elementor-top-column elementor-element elementor-element-3db585c0\" data-id=\"3db585c0\" data-element_type=\"column\">\n\t\t\t<div class=\"elementor-widget-wrap elementor-element-populated\">\n\t\t\t\t\t\t<div class=\"elementor-element elementor-element-3b94c09 elementor-pagination-position-outside elementor-widget elementor-widget-image-carousel\" data-id=\"3b94c09\" data-element_type=\"widget\" data-settings=\"{&quot;slides_to_show&quot;:&quot;1&quot;,&quot;navigation&quot;:&quot;dots&quot;,&quot;autoplay&quot;:&quot;yes&quot;,&quot;pause_on_hover&quot;:&quot;yes&quot;,&quot;pause_on_interaction&quot;:&quot;yes&quot;,&quot;autoplay_speed&quot;:5000,&quot;infinite&quot;:&quot;yes&quot;,&quot;effect&quot;:&quot;slide&quot;,&quot;speed&quot;:500}\" data-widget_type=\"image-carousel.default\">\n\t\t\t\t<div class=\"elementor-widget-container\">\n\t\t\t\t\t<div class=\"elementor-image-carousel-wrapper swiper\" dir=\"ltr\">\n\t\t\t<div class=\"elementor-image-carousel swiper-wrapper swiper-image-stretch\" aria-live=\"off\">\n\t\t\t\t\t\t\t\t<div class=\"swiper-slide\" role=\"group\" aria-roledescription=\"slide\" aria-label=\"1 de 3\"><figure class=\"swiper-slide-inner\"><img decoding=\"async\" class=\"swiper-slide-image\" src=\"https:\/\/zeolitemin.com\/wp-content\/uploads\/2021\/08\/feed-Chickens_1500x900-300x180.jpg\" alt=\"DESODORIZANTE DE GRANERO PARA LECHO DE ANIMALES\" \/><\/figure><\/div><div class=\"swiper-slide\" role=\"group\" aria-roledescription=\"slide\" aria-label=\"2 de 3\"><figure class=\"swiper-slide-inner\"><img decoding=\"async\" class=\"swiper-slide-image\" src=\"https:\/\/zeolitemin.com\/wp-content\/uploads\/2022\/05\/deodorizer-1-300x225.jpg\" alt=\"Zeolita natural como desodorante ecol\u00f3gico y desodorante natural no t\u00f3xico para establos de cuentas de animales.\" \/><\/figure><\/div><div class=\"swiper-slide\" role=\"group\" aria-roledescription=\"slide\" aria-label=\"3 de 3\"><figure class=\"swiper-slide-inner\"><img decoding=\"async\" class=\"swiper-slide-image\" src=\"https:\/\/zeolitemin.com\/wp-content\/uploads\/2022\/05\/deodorizer-2-300x200.jpg\" alt=\"Zeolita natural como desodorante ecol\u00f3gico y desodorante natural no t\u00f3xico para establos de cuentas de animales.\" \/><\/figure><\/div>\t\t\t<\/div>\n\t\t\t\t\t\t\t\n\t\t\t\t\t\t\t\t\t<div class=\"swiper-pagination\"><\/div>\n\t\t\t\t\t\t\t\t\t<\/div>\n\t\t\t\t<\/div>\n\t\t\t\t<\/div>\n\t\t\t\t\t<\/div>\n\t\t<\/div>\n\t\t\t\t<div class=\"elementor-column elementor-col-50 elementor-top-column elementor-element elementor-element-7f7086bc\" data-id=\"7f7086bc\" data-element_type=\"column\">\n\t\t\t<div class=\"elementor-widget-wrap elementor-element-populated\">\n\t\t\t\t\t\t<div class=\"elementor-element elementor-element-17f5705a elementor-widget elementor-widget-heading\" data-id=\"17f5705a\" data-element_type=\"widget\" data-widget_type=\"heading.default\">\n\t\t\t\t<div class=\"elementor-widget-container\">\n\t\t\t<h2 class=\"elementor-heading-title elementor-size-default\">Desodorante de granero para ropa de cama de animales<\/h2>\t\t<\/div>\n\t\t\t\t<\/div>\n\t\t\t\t<div class=\"elementor-element elementor-element-5f85635 elementor-widget elementor-widget-text-editor\" data-id=\"5f85635\" data-element_type=\"widget\" data-widget_type=\"text-editor.default\">\n\t\t\t\t<div class=\"elementor-widget-container\">\n\t\t\t\t\t\t\t<p>La evidencia y los datos recopilados por los investigadores indican que la zeolita como desodorante llamado desodorante natural es un agente de control de olores exitoso debido a su capacidad para absorber y adsorber l\u00edquidos, gases y materia suspendida. Esencialmente, el mineral sirve como una esponja que bebe l\u00edquidos (absorci\u00f3n) y en el proceso, la materia y los gases se adhieren a la superficie de los poros internos (adsorci\u00f3n). Estas dos propiedades trabajan juntas para combatir los olores en las \u00e1reas de desechos de animales.<\/p><p>El amonio (NH4+) en los desechos l\u00edquidos y s\u00f3lidos se convierte constantemente en amon\u00edaco gaseoso (NH3). El desodorante de zeolita controla los olores al absorber la humedad de los desechos y adsorber el amon\u00edaco producido por la actividad microbiana en los l\u00edquidos (Hogg, 2003). Como beneficio adicional, la zeolita natural mejora la calidad del esti\u00e9rcol que se usa como fertilizante porque evita la p\u00e9rdida de nitr\u00f3geno disponible para las plantas que se libera de los desechos s\u00f3lidos cuando se vaporiza el amon\u00edaco (Meisinger et al., 2001). En lugar de perderse en la atm\u00f3sfera, el nitr\u00f3geno vuelve al suelo.<\/p><p>La zeolita natural es un producto desodorante no t\u00f3xico y respetuoso con el medio ambiente y es seguro para su uso en \u00e1reas ocupadas por entrenadores, personal y animales (Hill, 2012).<\/p>\t\t\t\t\t\t<\/div>\n\t\t\t\t<\/div>\n\t\t\t\t\t<\/div>\n\t\t<\/div>\n\t\t\t\t\t<\/div>\n\t\t<\/section>\n\t\t\t\t<section class=\"elementor-section elementor-top-section elementor-element elementor-element-22b26afc elementor-section-boxed elementor-section-height-default elementor-section-height-default\" data-id=\"22b26afc\" data-element_type=\"section\" data-settings=\"{&quot;background_background&quot;:&quot;classic&quot;}\">\n\t\t\t\t\t\t<div class=\"elementor-container elementor-column-gap-default\">\n\t\t\t\t\t<div class=\"elementor-column elementor-col-100 elementor-top-column elementor-element elementor-element-65afb636\" data-id=\"65afb636\" data-element_type=\"column\">\n\t\t\t<div class=\"elementor-widget-wrap elementor-element-populated\">\n\t\t\t\t\t\t<div class=\"elementor-element elementor-element-6d73401b elementor-widget elementor-widget-heading\" data-id=\"6d73401b\" data-element_type=\"widget\" data-widget_type=\"heading.default\">\n\t\t\t\t<div class=\"elementor-widget-container\">\n\t\t\t<h3 class=\"elementor-heading-title elementor-size-default\">Zeolita natural como desodorante ecol\u00f3gico<\/h3>\t\t<\/div>\n\t\t\t\t<\/div>\n\t\t\t\t<div class=\"elementor-element elementor-element-2482232a elementor-widget elementor-widget-text-editor\" data-id=\"2482232a\" data-element_type=\"widget\" data-widget_type=\"text-editor.default\">\n\t\t\t\t<div class=\"elementor-widget-container\">\n\t\t\t\t\t\t\t<p>Durante las \u00faltimas tres d\u00e9cadas, los investigadores han examinado c\u00f3mo se puede aplicar el desodorante de zeolitas naturales en establos y corrales de engorde para combatir los olores y reducir los niveles de amon\u00edaco. Los olores emitidos por estos ambientes a menudo son el resultado de compuestos de amon\u00edaco y azufre que se generan en las instalaciones de almacenamiento o manejo de esti\u00e9rcol (Lemay, 1999). El amon\u00edaco plantea desaf\u00edos adicionales debido al estr\u00e9s y la irritaci\u00f3n que provoca en los tractos de reparaci\u00f3n y las membranas mucosas, los cuales pueden comprometer la salud general del ganado, los caballos y las aves de corral (Ullman et al., 2004).<\/p><p>Los investigadores encontraron que esparcir 25 toneladas de desodorante de zeolita por mes en los pisos de una instalaci\u00f3n de cr\u00eda de cerdos absorbi\u00f3 el exceso de desechos l\u00edquidos y redujo el contenido de humedad de los excrementos. Los edificios se describieron como secos, limpios y significativamente menos olorosos.<\/p><p>Koelliker et al. examin\u00f3 el uso de desodorantes de zeolita en gallineros para reducir las concentraciones de amon\u00edaco en el aire. Esencialmente, los investigadores construyeron un dispositivo que les permiti\u00f3 pasar aire cargado de amon\u00edaco sobre seis bandejas apiladas que conten\u00edan perlas de zeolita finas (1,17 a 2,36 mm) y gruesas (2,36 a 4,70 mm). El dispositivo elimin\u00f3 del 15 al 45 por ciento de amon\u00edaco en un tiempo de contacto de 1 segundo (Ullman, 2004).<\/p><p>Los ingenieros de LAB tambi\u00e9n descubrieron que el desodorante de zeolita es efectivo para reducir los vapores de amon\u00edaco. Los investigadores agregaron desodorante de zeolita natural (38 por ciento en peso) a los excrementos de las aves y produjeron una reducci\u00f3n del 44 por ciento en la p\u00e9rdida de amon\u00edaco. Como beneficio adicional, los excrementos tratados con zeolita conten\u00edan niveles m\u00e1s altos de nitr\u00f3geno, ya que no se liberaba de los desechos en forma de amon\u00edaco (Ullman, 2004).<\/p>\t\t\t\t\t\t<\/div>\n\t\t\t\t<\/div>\n\t\t\t\t\t<\/div>\n\t\t<\/div>\n\t\t\t\t\t<\/div>\n\t\t<\/section>\n\t\t\t\t<section class=\"elementor-section elementor-top-section elementor-element elementor-element-4c466f90 elementor-section-boxed elementor-section-height-default elementor-section-height-default\" data-id=\"4c466f90\" data-element_type=\"section\">\n\t\t\t\t\t\t<div class=\"elementor-container elementor-column-gap-default\">\n\t\t\t\t\t<div class=\"elementor-column elementor-col-100 elementor-top-column elementor-element elementor-element-6346bd52\" data-id=\"6346bd52\" data-element_type=\"column\">\n\t\t\t<div class=\"elementor-widget-wrap elementor-element-populated\">\n\t\t\t\t\t\t<div class=\"elementor-element elementor-element-8fd288a elementor-widget elementor-widget-text-editor\" data-id=\"8fd288a\" data-element_type=\"widget\" data-widget_type=\"text-editor.default\">\n\t\t\t\t<div class=\"elementor-widget-container\">\n\t\t\t\t\t\t\t<p>Karamanlis et al. (2008) alimentaron a un grupo de 5.200 pollos de engorde con una dieta de albahaca complementada con desodorante de zeolita y tambi\u00e9n zeolita mezclada con aserr\u00edn utilizada como <a href=\"https:\/\/zeolitemin.com\/es\/zeolite-applications\/animal-bedding-barn-deodorizer\/\">lecho<\/a> material. El objetivo del estudio fue examinar el efecto de la clinoptilolita en el rendimiento de los pollos de engorde y en la calidad de su <a href=\"https:\/\/zeolitemin.com\/es\/zeolite-applications\/animal-bedding-barn-deodorizer\/\">lecho<\/a>. Los resultados indicaron que los pollos con la dieta y las camas con zeolita crecieron a un ritmo m\u00e1s r\u00e1pido (p&lt;0,05) y los cient\u00edficos notaron una disminuci\u00f3n en el nivel de contenido org\u00e1nico en las muestras de cama. En general, la concentraci\u00f3n media de amon\u00edaco en la cama fue significativamente menor en comparaci\u00f3n con otros grupos de pollos de engorde.\u00a0<\/p><p>Los investigadores concluyeron que la incorporaci\u00f3n de <a style=\"background-color: #ffffff;\" href=\"https:\/\/zeolitemin.com\/es\/zeolite-science\/what-is-natural-clinoptilolite\/\">clinoptilolita<\/a> en el alimento y la cama tuvo un efecto positivo sobre el crecimiento y la calidad de la cama (Karamanlis et al., 2008). Debido a que el desodorante de zeolita <a href=\"https:\/\/zeolitemin.com\/es\/zeolite-applications\/absorbent-adsorbent\/\">absorbe l\u00edquidos<\/a>, los minerales no se vuelven resbaladizos cuando se mojan, lo cual es una importante caracter\u00edstica de seguridad en cualquier estructura que contenga pisos de madera o esteras de goma s\u00f3lida (Hill, 2012). de zeolita <a href=\"https:\/\/zeolitemin.com\/es\/zeolite-science\/zeolite-tds\/\">capacidades de absorci\u00f3n<\/a> tambi\u00e9n crea eficiencias al limpiar graneros o establos; no es necesario secar completamente las instalaciones cuando se usa zeolita ya que el mineral absorbe la humedad y los olores al entrar en contacto.<\/p><p>A <a href=\"https:\/\/zeolitemin.com\/es\/zeolite-applications\/absorbent-adsorbent\/odor-control\/\">controlar los olores<\/a> entre limpiezas, se puede rociar desodorante de zeolita sobre los lugares h\u00famedos o excrementos observados. Zeolita como <a href=\"https:\/\/antenchem.com\" rel=\"noopener\">tamiz molecular<\/a> no es t\u00f3xico para las personas y los animales; no causa da\u00f1o si se ingiere, toca la piel o entra en contacto con los ojos (Hill 2012). El mineral es \u201cno inflamable, no da\u00f1a el medio ambiente y se puede manejar de manera segura alrededor del agua y el alimento con las manos descubiertas, lo cual es especialmente bueno para quienes sufren de sensibilidad qu\u00edmica\u201d (Hill, 2012, p. 46).<\/p>\t\t\t\t\t\t<\/div>\n\t\t\t\t<\/div>\n\t\t\t\t\t<\/div>\n\t\t<\/div>\n\t\t\t\t\t<\/div>\n\t\t<\/section>\n\t\t\t\t<section class=\"elementor-section elementor-top-section elementor-element elementor-element-63b4ab8a elementor-section-boxed elementor-section-height-default elementor-section-height-default\" data-id=\"63b4ab8a\" data-element_type=\"section\">\n\t\t\t\t\t\t<div class=\"elementor-container elementor-column-gap-default\">\n\t\t\t\t\t<div class=\"elementor-column elementor-col-100 elementor-top-column elementor-element elementor-element-6eb1956b\" data-id=\"6eb1956b\" data-element_type=\"column\">\n\t\t\t<div class=\"elementor-widget-wrap elementor-element-populated\">\n\t\t\t\t\t\t<section class=\"elementor-section elementor-inner-section elementor-element elementor-element-444b1d9d elementor-section-boxed elementor-section-height-default elementor-section-height-default\" data-id=\"444b1d9d\" data-element_type=\"section\" data-settings=\"{&quot;sticky&quot;:&quot;top&quot;,&quot;sticky_on&quot;:[&quot;desktop&quot;,&quot;tablet&quot;],&quot;sticky_parent&quot;:&quot;yes&quot;,&quot;sticky_offset&quot;:0,&quot;sticky_effects_offset&quot;:0}\">\n\t\t\t\t\t\t<div class=\"elementor-container elementor-column-gap-default\">\n\t\t\t\t\t<div class=\"elementor-column elementor-col-100 elementor-inner-column elementor-element elementor-element-4c7178d2\" data-id=\"4c7178d2\" data-element_type=\"column\" data-settings=\"{&quot;background_background&quot;:&quot;classic&quot;}\">\n\t\t\t<div class=\"elementor-widget-wrap elementor-element-populated\">\n\t\t\t\t\t\t<div class=\"elementor-element elementor-element-480d165c elementor-widget elementor-widget-heading\" data-id=\"480d165c\" data-element_type=\"widget\" data-widget_type=\"heading.default\">\n\t\t\t\t<div class=\"elementor-widget-container\">\n\t\t\t<h2 class=\"elementor-heading-title elementor-size-default\">Env\u00ede su consulta hoy<\/h2>\t\t<\/div>\n\t\t\t\t<\/div>\n\t\t\t\t<div class=\"elementor-element elementor-element-48f2e5a8 elementor-widget elementor-widget-template\" data-id=\"48f2e5a8\" data-element_type=\"widget\" data-widget_type=\"template.default\">\n\t\t\t\t<div class=\"elementor-widget-container\">\n\t\t\t\t\t<div class=\"elementor-template\">\n\t\t\t\t\t<div data-elementor-type=\"section\" data-elementor-id=\"213\" class=\"elementor elementor-213\" data-elementor-post-type=\"elementor_library\">\n\t\t\t\t\t<section class=\"elementor-section elementor-top-section elementor-element elementor-element-147d694 elementor-section-boxed elementor-section-height-default elementor-section-height-default\" data-id=\"147d694\" data-element_type=\"section\">\n\t\t\t\t\t\t<div class=\"elementor-container elementor-column-gap-default\">\n\t\t\t\t\t<div class=\"elementor-column elementor-col-100 elementor-top-column elementor-element elementor-element-8955c09\" data-id=\"8955c09\" data-element_type=\"column\">\n\t\t\t<div class=\"elementor-widget-wrap elementor-element-populated\">\n\t\t\t\t\t\t<div class=\"elementor-element elementor-element-5294796 elementor-button-align-stretch elementor-widget elementor-widget-global elementor-global-2532 elementor-widget-form\" data-id=\"5294796\" data-element_type=\"widget\" data-settings=\"{&quot;step_next_label&quot;:&quot;Next&quot;,&quot;step_previous_label&quot;:&quot;Previous&quot;,&quot;button_width&quot;:&quot;100&quot;,&quot;step_type&quot;:&quot;number_text&quot;,&quot;step_icon_shape&quot;:&quot;circle&quot;}\" data-widget_type=\"form.default\">\n\t\t\t\t<div class=\"elementor-widget-container\">\n\t\t\t\t\t<form class=\"elementor-form\" method=\"post\" name=\"New Form\" action=\"\">\n\t\t\t<input type=\"hidden\" name=\"post_id\" value=\"213\"\/>\n\t\t\t<input type=\"hidden\" name=\"form_id\" value=\"5294796\"\/>\n\t\t\t<input type=\"hidden\" name=\"referer_title\" value=\"\" \/>\n\n\t\t\t\n\t\t\t<div class=\"elementor-form-fields-wrapper elementor-labels-\">\n\t\t\t\t\t\t\t\t<div class=\"elementor-field-type-text elementor-field-group elementor-column elementor-field-group-name elementor-col-50 elementor-field-required\">\n\t\t\t\t\t\t\t\t\t\t\t\t\t<input size=\"1\" type=\"text\" name=\"form_fields[name]\" id=\"form-field-name\" class=\"elementor-field elementor-size-sm  elementor-field-textual\" placeholder=\"Nombre *\" required=\"required\" aria-required=\"true\">\n\t\t\t\t\t\t\t\t\t\t\t<\/div>\n\t\t\t\t\t\t\t\t<div class=\"elementor-field-type-email elementor-field-group elementor-column elementor-field-group-email elementor-col-50 elementor-field-required\">\n\t\t\t\t\t\t\t\t\t\t\t\t\t<input size=\"1\" type=\"email\" name=\"form_fields[email]\" id=\"form-field-email\" class=\"elementor-field elementor-size-sm  elementor-field-textual\" placeholder=\"Correo electr\u00f3nico *\" required=\"required\" aria-required=\"true\">\n\t\t\t\t\t\t\t\t\t\t\t<\/div>\n\t\t\t\t\t\t\t\t<div class=\"elementor-field-type-text elementor-field-group elementor-column elementor-field-group-yourcompany elementor-col-50 elementor-field-required\">\n\t\t\t\t\t\t\t\t\t\t\t\t\t<input size=\"1\" type=\"text\" name=\"form_fields[yourcompany]\" id=\"form-field-yourcompany\" class=\"elementor-field elementor-size-sm  elementor-field-textual\" placeholder=\"Compa\u00f1\u00eda *\" required=\"required\" aria-required=\"true\">\n\t\t\t\t\t\t\t\t\t\t\t<\/div>\n\t\t\t\t\t\t\t\t<div class=\"elementor-field-type-tel elementor-field-group elementor-column elementor-field-group-phone elementor-col-50 elementor-field-required\">\n\t\t\t\t\t\t\t<input size=\"1\" type=\"tel\" name=\"form_fields[phone]\" id=\"form-field-phone\" class=\"elementor-field elementor-size-sm  elementor-field-textual\" placeholder=\"Tel\u00e9fono *\" required=\"required\" aria-required=\"true\" pattern=\"[0-9()#&amp;+*-=.]+\" title=\"Solo se aceptan n\u00fameros y caracteres telef\u00f3nicos (#, -, *, etc.).\">\n\n\t\t\t\t\t\t<\/div>\n\t\t\t\t\t\t\t\t<div class=\"elementor-field-type-text elementor-field-group elementor-column elementor-field-group-country elementor-col-50 elementor-field-required\">\n\t\t\t\t\t\t\t\t\t\t\t\t\t<input size=\"1\" type=\"text\" name=\"form_fields[country]\" id=\"form-field-country\" class=\"elementor-field elementor-size-sm  elementor-field-textual\" placeholder=\"Pa\u00eds\" required=\"required\" aria-required=\"true\">\n\t\t\t\t\t\t\t\t\t\t\t<\/div>\n\t\t\t\t\t\t\t\t<div class=\"elementor-field-type-text elementor-field-group elementor-column elementor-field-group-yourmobile elementor-col-50 elementor-field-required\">\n\t\t\t\t\t\t\t\t\t\t\t\t\t<input size=\"1\" type=\"text\" name=\"form_fields[yourmobile]\" id=\"form-field-yourmobile\" class=\"elementor-field elementor-size-sm  elementor-field-textual\" placeholder=\"M\u00f3vil *\" required=\"required\" aria-required=\"true\">\n\t\t\t\t\t\t\t\t\t\t\t<\/div>\n\t\t\t\t\t\t\t\t<div class=\"elementor-field-type-textarea elementor-field-group elementor-column elementor-field-group-message elementor-col-100 elementor-field-required\">\n\t\t\t\t\t<textarea class=\"elementor-field-textual elementor-field  elementor-size-sm\" name=\"form_fields[message]\" id=\"form-field-message\" rows=\"4\" placeholder=\"Mensaje *\" required=\"required\" aria-required=\"true\"><\/textarea>\t\t\t\t<\/div>\n\t\t\t\t\t\t\t\t<div class=\"elementor-field-type-recaptcha elementor-field-group elementor-column elementor-field-group-field_recaptcha elementor-col-100\">\n\t\t\t\t\t<div class=\"elementor-field\" id=\"form-field-field_recaptcha\"><div class=\"elementor-g-recaptcha\" data-sitekey=\"6LdTXg0iAAAAAJQWCjxvpI7P0vJF3Al_7EIzWP9u\" data-type=\"v2_checkbox\" data-theme=\"light\" data-size=\"normal\"><\/div><\/div>\t\t\t\t<\/div>\n\t\t\t\t\t\t\t\t<div class=\"elementor-field-group elementor-column elementor-field-type-submit elementor-col-100 e-form__buttons\">\n\t\t\t\t\t<button class=\"elementor-button elementor-size-sm\" type=\"submit\">\n\t\t\t\t\t\t<span class=\"elementor-button-content-wrapper\">\n\t\t\t\t\t\t\t\t\t\t\t\t\t\t\t\t\t\t\t\t\t\t<span class=\"elementor-button-text\">Enviar<\/span>\n\t\t\t\t\t\t\t\t\t\t\t\t\t<\/span>\n\t\t\t\t\t<\/button>\n\t\t\t\t<\/div>\n\t\t\t<\/div>\n\t\t<input type=\"hidden\" name=\"trp-form-language\" value=\"es\"\/><\/form>\n\t\t\t\t<\/div>\n\t\t\t\t<\/div>\n\t\t\t\t\t<\/div>\n\t\t<\/div>\n\t\t\t\t\t<\/div>\n\t\t<\/section>\n\t\t\t\t<\/div>\n\t\t\t\t<\/div>\n\t\t\t\t<\/div>\n\t\t\t\t<\/div>\n\t\t\t\t\t<\/div>\n\t\t<\/div>\n\t\t\t\t\t<\/div>\n\t\t<\/section>\n\t\t\t\t\t<\/div>\n\t\t<\/div>\n\t\t\t\t\t<\/div>\n\t\t<\/section>\n\t\t\t\t<\/div>","protected":false},"excerpt":{"rendered":"<p>La zeolita se usa como el mejor desodorante para el establo de camas de animales, que disminuye los niveles de amon\u00edaco en las casas de los animales. La evidencia y los datos recopilados por los investigadores indican que la zeolita como desodorante llamado desodorante natural es un agente de control de olores exitoso debido a su capacidad para absorber y adsorber l\u00edquidos, gases y materia en suspensi\u00f3n. Esencialmente, el mineral sirve como [\u2026]<\/p>","protected":false},"author":1,"featured_media":1421,"parent":1557,"menu_order":5,"comment_status":"closed","ping_status":"closed","template":"elementor_header_footer","meta":{"footnotes":""},"class_list":["post-1949","page","type-page","status-publish","has-post-thumbnail","hentry"],"_links":{"self":[{"href":"https:\/\/zeolitemin.com\/es\/wp-json\/wp\/v2\/pages\/1949","targetHints":{"allow":["GET"]}}],"collection":[{"href":"https:\/\/zeolitemin.com\/es\/wp-json\/wp\/v2\/pages"}],"about":[{"href":"https:\/\/zeolitemin.com\/es\/wp-json\/wp\/v2\/types\/page"}],"author":[{"embeddable":true,"href":"https:\/\/zeolitemin.com\/es\/wp-json\/wp\/v2\/users\/1"}],"replies":[{"embeddable":true,"href":"https:\/\/zeolitemin.com\/es\/wp-json\/wp\/v2\/comments?post=1949"}],"version-history":[{"count":0,"href":"https:\/\/zeolitemin.com\/es\/wp-json\/wp\/v2\/pages\/1949\/revisions"}],"up":[{"embeddable":true,"href":"https:\/\/zeolitemin.com\/es\/wp-json\/wp\/v2\/pages\/1557"}],"wp:featuredmedia":[{"embeddable":true,"href":"https:\/\/zeolitemin.com\/es\/wp-json\/wp\/v2\/media\/1421"}],"wp:attachment":[{"href":"https:\/\/zeolitemin.com\/es\/wp-json\/wp\/v2\/media?parent=1949"}],"curies":[{"name":"wp","href":"https:\/\/api.w.org\/{rel}","templated":true}]}}