{"id":1936,"date":"2022-03-30T19:54:13","date_gmt":"2022-03-30T11:54:13","guid":{"rendered":"https:\/\/www.oklee.ga\/?page_id=1936"},"modified":"2022-11-09T14:41:02","modified_gmt":"2022-11-09T06:41:02","slug":"cattle-dairy-cows","status":"publish","type":"page","link":"https:\/\/zeolitemin.com\/es\/zeolite-applications\/cattle-dairy-cows\/","title":{"rendered":"Ganado vacas lecheras"},"content":{"rendered":"<div data-elementor-type=\"wp-page\" data-elementor-id=\"1936\" class=\"elementor elementor-1936\" data-elementor-post-type=\"page\">\n\t\t\t\t\t\t<section class=\"elementor-section elementor-top-section elementor-element elementor-element-521b1fb9 elementor-section-height-min-height elementor-section-boxed elementor-section-height-default elementor-section-items-middle\" data-id=\"521b1fb9\" data-element_type=\"section\" data-settings=\"{&quot;background_background&quot;:&quot;classic&quot;}\">\n\t\t\t\t\t\t<div class=\"elementor-container elementor-column-gap-default\">\n\t\t\t\t\t<div class=\"elementor-column elementor-col-100 elementor-top-column elementor-element elementor-element-55849f4d\" data-id=\"55849f4d\" data-element_type=\"column\">\n\t\t\t<div class=\"elementor-widget-wrap elementor-element-populated\">\n\t\t\t\t\t\t<div class=\"elementor-element elementor-element-7c9acc56 elementor-widget elementor-widget-heading\" data-id=\"7c9acc56\" data-element_type=\"widget\" data-widget_type=\"heading.default\">\n\t\t\t\t<div class=\"elementor-widget-container\">\n\t\t\t<h1 class=\"elementor-heading-title elementor-size-default\">Ganado vacuno lechero: aumenta la nutrici\u00f3n para la salud animal<\/h1>\t\t<\/div>\n\t\t\t\t<\/div>\n\t\t\t\t<div class=\"elementor-element elementor-element-b346821 elementor-widget elementor-widget-text-editor\" data-id=\"b346821\" data-element_type=\"widget\" data-widget_type=\"text-editor.default\">\n\t\t\t\t<div class=\"elementor-widget-container\">\n\t\t\t\t\t\t\t<p>El efecto de las dietas con zeolita natural en la salud y el rendimiento del ganado<\/p>\t\t\t\t\t\t<\/div>\n\t\t\t\t<\/div>\n\t\t\t\t\t<\/div>\n\t\t<\/div>\n\t\t\t\t\t<\/div>\n\t\t<\/section>\n\t\t\t\t<section class=\"elementor-section elementor-top-section elementor-element elementor-element-710c0ce elementor-section-boxed elementor-section-height-default elementor-section-height-default\" data-id=\"710c0ce\" data-element_type=\"section\">\n\t\t\t\t\t\t<div class=\"elementor-container elementor-column-gap-default\">\n\t\t\t\t\t<div class=\"elementor-column elementor-col-100 elementor-top-column elementor-element elementor-element-1887e0c\" data-id=\"1887e0c\" data-element_type=\"column\">\n\t\t\t<div class=\"elementor-widget-wrap\">\n\t\t\t\t\t\t\t<\/div>\n\t\t<\/div>\n\t\t\t\t\t<\/div>\n\t\t<\/section>\n\t\t\t\t<section class=\"elementor-section elementor-top-section elementor-element elementor-element-3aada9c elementor-section-stretched elementor-section-boxed elementor-section-height-default elementor-section-height-default\" data-id=\"3aada9c\" data-element_type=\"section\" data-settings=\"{&quot;stretch_section&quot;:&quot;section-stretched&quot;,&quot;background_background&quot;:&quot;classic&quot;}\">\n\t\t\t\t\t\t<div class=\"elementor-container elementor-column-gap-default\">\n\t\t\t\t\t<div class=\"elementor-column elementor-col-50 elementor-top-column elementor-element elementor-element-41afef37\" data-id=\"41afef37\" data-element_type=\"column\">\n\t\t\t<div class=\"elementor-widget-wrap elementor-element-populated\">\n\t\t\t\t\t\t<div class=\"elementor-element elementor-element-7a19abb4 elementor-widget elementor-widget-image\" data-id=\"7a19abb4\" data-element_type=\"widget\" data-widget_type=\"image.default\">\n\t\t\t\t<div class=\"elementor-widget-container\">\n\t\t\t\t\t\t\t\t\t\t\t\t\t<img fetchpriority=\"high\" decoding=\"async\" width=\"724\" height=\"483\" src=\"https:\/\/zeolitemin.com\/wp-content\/uploads\/2021\/08\/Cattle-Feed-Blog-Post.jpg\" class=\"attachment-large size-large wp-image-1423\" alt=\"Clinoptilolita Zeolita Aditivo para piensos\" srcset=\"https:\/\/zeolitemin.com\/wp-content\/uploads\/2021\/08\/Cattle-Feed-Blog-Post.jpg 724w, https:\/\/zeolitemin.com\/wp-content\/uploads\/2021\/08\/Cattle-Feed-Blog-Post-300x200.jpg 300w\" sizes=\"(max-width: 724px) 100vw, 724px\" \/>\t\t\t\t\t\t\t\t\t\t\t\t\t<\/div>\n\t\t\t\t<\/div>\n\t\t\t\t\t<\/div>\n\t\t<\/div>\n\t\t\t\t<div class=\"elementor-column elementor-col-50 elementor-top-column elementor-element elementor-element-a78228d\" data-id=\"a78228d\" data-element_type=\"column\">\n\t\t\t<div class=\"elementor-widget-wrap elementor-element-populated\">\n\t\t\t\t\t\t<div class=\"elementor-element elementor-element-2edfcb3a elementor-widget elementor-widget-heading\" data-id=\"2edfcb3a\" data-element_type=\"widget\" data-widget_type=\"heading.default\">\n\t\t\t\t<div class=\"elementor-widget-container\">\n\t\t\t<h2 class=\"elementor-heading-title elementor-size-default\">Ganado vacas lecheras<\/h2>\t\t<\/div>\n\t\t\t\t<\/div>\n\t\t\t\t<div class=\"elementor-element elementor-element-6bb4e88d elementor-widget elementor-widget-text-editor\" data-id=\"6bb4e88d\" data-element_type=\"widget\" data-widget_type=\"text-editor.default\">\n\t\t\t\t<div class=\"elementor-widget-container\">\n\t\t\t\t\t\t\t<p>El efecto de las dietas con zeolita natural en la salud y el rendimiento del ganado<\/p>\t\t\t\t\t\t<\/div>\n\t\t\t\t<\/div>\n\t\t\t\t<div class=\"elementor-element elementor-element-19ae85ab elementor-widget elementor-widget-text-editor\" data-id=\"19ae85ab\" data-element_type=\"widget\" data-widget_type=\"text-editor.default\">\n\t\t\t\t<div class=\"elementor-widget-container\">\n\t\t\t\t\t\t\t<h5>LA INVESTIGACI\u00d3N DESCUBRE MUCHOS BENEFICIOS PARA EL GANADO Y LOS TERNEROS CON EL USO DIET\u00c9TICO DE ZEOLITA NATURAL<\/h5><p>En graneros y establos, \u201clos gases malolientes se adhieren a las part\u00edculas de polvo que tienen una carga molecular positiva. Zeolita <a href=\"https:\/\/antenchem.com\" rel=\"noopener\">mol\u00e9culas<\/a> tienen una carga molecular negativa, por lo que act\u00faan como imanes para atraer part\u00edculas de polvo, ayudando as\u00ed a limpiar el aire de olores y polvo\u201d (Hill, 2012, p. 46). Los capacitadores han descubierto que colocar un recipiente de zeolita con la parte superior abierta cerca de los puestos ayuda a absorber los olores y el polvo del aire (Hill, 2012).<\/p>\t\t\t\t\t\t<\/div>\n\t\t\t\t<\/div>\n\t\t\t\t\t<\/div>\n\t\t<\/div>\n\t\t\t\t\t<\/div>\n\t\t<\/section>\n\t\t\t\t<section class=\"elementor-section elementor-top-section elementor-element elementor-element-1a7d76b elementor-section-boxed elementor-section-height-default elementor-section-height-default\" data-id=\"1a7d76b\" data-element_type=\"section\">\n\t\t\t\t\t\t<div class=\"elementor-container elementor-column-gap-default\">\n\t\t\t\t\t<div class=\"elementor-column elementor-col-100 elementor-top-column elementor-element elementor-element-2f4c968\" data-id=\"2f4c968\" data-element_type=\"column\">\n\t\t\t<div class=\"elementor-widget-wrap elementor-element-populated\">\n\t\t\t\t\t\t<div class=\"elementor-element elementor-element-a61f03c elementor-widget elementor-widget-text-editor\" data-id=\"a61f03c\" data-element_type=\"widget\" data-widget_type=\"text-editor.default\">\n\t\t\t\t<div class=\"elementor-widget-container\">\n\t\t\t\t\t\t\t<blockquote><p><strong>EL CUERPO DE LITERATURA PRODUCIDA POR LA COMUNIDAD CIENT\u00cdFICA SUGIERE QUE LA COMPLEMENTACI\u00d3N DE LA ALIMENTACI\u00d3N CON ZEOLITAS NATURALES, COMO CLINOPTILOLITA, PROMUEVE EL RENDIMIENTO Y LA SALUD GENERAL DEL GANADO.<\/strong><\/p><\/blockquote><p>Los beneficios significativos incluyen disminuciones en la gravedad y duraci\u00f3n de la diarrea y reducci\u00f3n de los trastornos intestinales (Papaioannou et al., 2005). Este beneficio se atribuye a la zeolita <a href=\"https:\/\/zeolitemin.com\/es\/zeolite-applications\/drinking-water-filter\/\">adsorci\u00f3n de agua<\/a> propiedades, lo que se traduce en heces m\u00e1s secas y compactas. Adem\u00e1s, los hallazgos del estudio indican que la zeolita promueve anticuerpos en el suero sangu\u00edneo que luchan contra E. coli y los efectos t\u00f3xicos de las micotoxinas en el torrente sangu\u00edneo. EL CONJUNTO DE LITERATURA PRODUCIDA POR LA COMUNIDAD CIENT\u00cdFICA SUGIERE QUE COMPLEMENTAR LA ALIMENTACI\u00d3N CON ZEOLITA NATURAL, COMO LA CLINOPTILOLITA, PROMUEVE EL RENDIMIENTO Y SALUD GENERAL EN EL GANADO. Para examinar el efecto de la zeolita natural en terneros j\u00f3venes, Mumpton (1985) estudi\u00f3 un grupo de novillas alimentadas con una dieta de pasto y heno. Durante esta prueba de 180 d\u00edas, la mitad del grupo (grupo experimental) recibi\u00f3 un suplemento de 5 por ciento de zeolita clinoptilolita. Mumpton descubri\u00f3 que el grupo experimental gan\u00f3 un 20 por ciento m\u00e1s de peso que los otros animales. Aunque los terneros del grupo experimental consumieron m\u00e1s alimento, el costo de alimentaci\u00f3n por kilogramo de peso ganado fue menor que el de los animales con una dieta normal (Mumpton, 1985). Los terneros del grupo experimental tambi\u00e9n experimentaron una tasa reducida de diarrea y heces blandas. Los excrementos tambi\u00e9n conten\u00edan menos part\u00edculas de s\u00f3lidos no digeridos.<\/p><p>Un estudio de Mohir et al. (2008) examinan c\u00f3mo el uso de zeolitas naturales y sint\u00e9ticas en <a href=\"https:\/\/zeolitemin.com\/es\/zeolite-applications\/animal-feed-ingredient\/\">nutrici\u00f3n animal<\/a> aumenta la salud, el rendimiento y protege contra las micotoxinas. Un grupo de treinta terneros se dividi\u00f3 en tres grupos, dos de los cuales recibieron alimento suplementado con <a href=\"https:\/\/zeolitemin.com\/es\/zeolite-science\/what-is-natural-clinoptilolite\/\">clinoptilolita<\/a> zeolita Se recolectaron muestras de sangre de todos los grupos durante un per\u00edodo de 42 d\u00edas y los cient\u00edficos midieron la prote\u00edna total, alb\u00famina, beta y gamma globulina. Los resultados indicaron que los suplementos de clinoptilolita tuvieron un efecto positivo significativo en los valores de hematocrito, recuento de gl\u00f3bulos rojos, hemoglobina y alb\u00famina.Pourliotis et al. (2012) examinaron los efectos de la zeolita clinoptilolita sobre la incidencia de diarrea y los niveles de anticuerpos en suero sangu\u00edneo que combaten la E. coli. Un grupo de 84 terneros Holstein fueron divididos en tres grupos y alimentados con una dieta de calostro y leche; dos grupos tambi\u00e9n recibieron<a href=\"https:\/\/zeolitemin.com\/es\/zeolite-science\/what-is-natural-clinoptilolite\/\"> clinoptilolita<\/a> suplementaci\u00f3n a raz\u00f3n de 1 g\/kg BW\/d y 2 g\/kg BW\/d. Todos los terneros fueron monitoreados diariamente para detectar diarrea y los niveles de anticuerpos contra E. coli se midieron en el suero sangu\u00edneo al nacer, 12, 24 y 48 horas despu\u00e9s del parto (Pourliotis et al., 2012). Los resultados indicaron que los terneros alimentados con zeolita ten\u00edan niveles m\u00e1s altos de anticuerpos en suero sangu\u00edneo y una menor incidencia de diarrea. El estudio demostr\u00f3 que la zeolita clinoptilolita puede mejorar la absorci\u00f3n intestinal de anticuerpos y eliminar el exceso de l\u00edquidos de las heces.<\/p><h3>Zeolita natural y la prevenci\u00f3n de la fiebre de la leche y la cetosis<\/h3><p>Un estudio de Papaioannou et al., (2005) examin\u00f3 el uso potencial de zeolitas naturales y sint\u00e9ticas en la prevenci\u00f3n de la fiebre de la leche, un trastorno que se encuentra en las vacas lecheras cerca del parto. Esta dolencia est\u00e1 relacionada con una enfermedad metab\u00f3lica causada por niveles bajos de calcio en la sangre. La evidencia previa sugiere que la fiebre de la leche se puede prevenir con dietas bajas en calcio durante el per\u00edodo seco (Papaioannou et al., 2005). El objetivo del estudio fue reducir la biodisponibilidad del calcio de la dieta en el tracto gastrointestinal mediante la administraci\u00f3n de zeolita. Los resultados demostraron que la administraci\u00f3n de zeolita como empapado oral o suplemento alimenticio durante el \u00faltimo mes del per\u00edodo seco y el inicio de la lactancia, de hecho, redujo la biodisponibilidad de calcio y previno la enfermedad; vacas lecheras que recibieron un <a href=\"https:\/\/zeolitemin.com\/es\/zeolite-applications\/animal-feed-ingredient\/\">pienso suplementado<\/a> con zeolita clinoptilolita a un nivel de 2.5 fueron menos susceptibles a la fiebre de la leche. Asimismo, los animales que recibieron clinoptilolita respondieron m\u00e1s r\u00e1pida y eficientemente a la ca\u00edda de calcio s\u00e9rico observada el d\u00eda del parto y no presentaron ning\u00fan s\u00edntoma de fiebre de leche en los d\u00edas siguientes (Papaioannou et al., 2005).<\/p><p>Otro trastorno com\u00fan en las poblaciones de vacas lecheras es la cetosis, un trastorno metab\u00f3lico que ocurre cuando las demandas de energ\u00eda (como la producci\u00f3n de leche) exceden la ingesta de energ\u00eda y da como resultado un balance energ\u00e9tico negativo. Uno de los efectos secundarios de la cetosis es la baja concentraci\u00f3n de az\u00facar en la sangre. La investigaci\u00f3n sugiere que la mejor estrategia para prevenir la cetosis en las vacas es mejorar el consumo de energ\u00eda en el per\u00edodo seco y durante la lactancia (Papaioannou et al., 2005). Un estudio de Katsoulos et al. (2006) encontraron que poner a las vacas lecheras en una dieta suplementada con clinoptilolita a un nivel de 2.5 por ciento result\u00f3 en una incidencia significativamente menor de cetosis (5.9%) durante el primer mes despu\u00e9s del parto. Los resultados sugieren que la clinoptilolita mejor\u00f3 el estado energ\u00e9tico de las vacas lecheras debido en parte a las mejoras en la digesti\u00f3n y la digesti\u00f3n del almid\u00f3n despu\u00e9s del rumen (Katsoulos et al., 2006).<\/p>\t\t\t\t\t\t<\/div>\n\t\t\t\t<\/div>\n\t\t\t\t\t<\/div>\n\t\t<\/div>\n\t\t\t\t\t<\/div>\n\t\t<\/section>\n\t\t\t\t<section class=\"elementor-section elementor-top-section elementor-element elementor-element-37344258 elementor-section-boxed elementor-section-height-default elementor-section-height-default\" data-id=\"37344258\" data-element_type=\"section\" data-settings=\"{&quot;background_background&quot;:&quot;classic&quot;}\">\n\t\t\t\t\t\t<div class=\"elementor-container elementor-column-gap-default\">\n\t\t\t\t\t<div class=\"elementor-column elementor-col-100 elementor-top-column elementor-element elementor-element-2b4c7b44\" data-id=\"2b4c7b44\" data-element_type=\"column\">\n\t\t\t<div class=\"elementor-widget-wrap elementor-element-populated\">\n\t\t\t\t\t\t<div class=\"elementor-element elementor-element-35117f4a elementor-widget elementor-widget-heading\" data-id=\"35117f4a\" data-element_type=\"widget\" data-widget_type=\"heading.default\">\n\t\t\t\t<div class=\"elementor-widget-container\">\n\t\t\t<h3 class=\"elementor-heading-title elementor-size-default\">El efecto de las dietas con zeolitas naturales en la salud de los rumiantes<\/h3>\t\t<\/div>\n\t\t\t\t<\/div>\n\t\t\t\t<div class=\"elementor-element elementor-element-7e7b6e61 elementor-widget elementor-widget-text-editor\" data-id=\"7e7b6e61\" data-element_type=\"widget\" data-widget_type=\"text-editor.default\">\n\t\t\t\t<div class=\"elementor-widget-container\">\n\t\t\t\t\t\t\t<p>Estudios de Papaioannou et al. (2005) y Mumpton (1985) examinaron c\u00f3mo prevenir los efectos de niveles t\u00f3xicos de pH ruminal, amonio y amon\u00edaco en rumiantes (p. ej., bovinos, ovinos, caprinos) mediante la adici\u00f3n de un suplemento de zeolita clinoptilolita al alimento. Los investigadores descubrieron que un nivel de suplementaci\u00f3n que oscilaba entre el 5 y el 6 % reduc\u00eda las concentraciones de amonio en el rumen en un 15 %. Esencialmente, el amonio se mantuvo inmediatamente en la estructura de la zeolita hasta que el sodio entr\u00f3 en el rumen durante el per\u00edodo de fermentaci\u00f3n posterior a la alimentaci\u00f3n. Este proceso permiti\u00f3 una f\u00e1cil asimilaci\u00f3n de los microorganismos del rumen en el sistema digestivo y protegi\u00f3 a los animales contra la acumulaci\u00f3n de niveles t\u00f3xicos de amon\u00edaco en sus sistemas.<\/p>\t\t\t\t\t\t<\/div>\n\t\t\t\t<\/div>\n\t\t\t\t\t<\/div>\n\t\t<\/div>\n\t\t\t\t\t<\/div>\n\t\t<\/section>\n\t\t\t\t<section class=\"elementor-section elementor-top-section elementor-element elementor-element-7232de49 elementor-section-boxed elementor-section-height-default elementor-section-height-default\" data-id=\"7232de49\" data-element_type=\"section\">\n\t\t\t\t\t\t<div class=\"elementor-container elementor-column-gap-default\">\n\t\t\t\t\t<div class=\"elementor-column elementor-col-100 elementor-top-column elementor-element elementor-element-552ce4c\" data-id=\"552ce4c\" data-element_type=\"column\">\n\t\t\t<div class=\"elementor-widget-wrap elementor-element-populated\">\n\t\t\t\t\t\t<section class=\"elementor-section elementor-inner-section elementor-element elementor-element-2fc7a1e4 elementor-section-boxed elementor-section-height-default elementor-section-height-default\" data-id=\"2fc7a1e4\" data-element_type=\"section\" data-settings=\"{&quot;sticky&quot;:&quot;top&quot;,&quot;sticky_on&quot;:[&quot;desktop&quot;,&quot;tablet&quot;],&quot;sticky_parent&quot;:&quot;yes&quot;,&quot;sticky_offset&quot;:0,&quot;sticky_effects_offset&quot;:0}\">\n\t\t\t\t\t\t<div class=\"elementor-container elementor-column-gap-default\">\n\t\t\t\t\t<div class=\"elementor-column elementor-col-100 elementor-inner-column elementor-element elementor-element-55542f76\" data-id=\"55542f76\" data-element_type=\"column\" data-settings=\"{&quot;background_background&quot;:&quot;classic&quot;}\">\n\t\t\t<div class=\"elementor-widget-wrap elementor-element-populated\">\n\t\t\t\t\t\t<div class=\"elementor-element elementor-element-2a47e0be elementor-widget elementor-widget-heading\" data-id=\"2a47e0be\" data-element_type=\"widget\" data-widget_type=\"heading.default\">\n\t\t\t\t<div class=\"elementor-widget-container\">\n\t\t\t<h2 class=\"elementor-heading-title elementor-size-default\">Env\u00ede su consulta hoy<\/h2>\t\t<\/div>\n\t\t\t\t<\/div>\n\t\t\t\t<div class=\"elementor-element elementor-element-9c9045f elementor-widget elementor-widget-template\" data-id=\"9c9045f\" data-element_type=\"widget\" data-widget_type=\"template.default\">\n\t\t\t\t<div class=\"elementor-widget-container\">\n\t\t\t\t\t<div class=\"elementor-template\">\n\t\t\t\t\t<div data-elementor-type=\"section\" data-elementor-id=\"213\" class=\"elementor elementor-213\" data-elementor-post-type=\"elementor_library\">\n\t\t\t\t\t<section class=\"elementor-section elementor-top-section elementor-element elementor-element-147d694 elementor-section-boxed elementor-section-height-default elementor-section-height-default\" data-id=\"147d694\" data-element_type=\"section\">\n\t\t\t\t\t\t<div class=\"elementor-container elementor-column-gap-default\">\n\t\t\t\t\t<div class=\"elementor-column elementor-col-100 elementor-top-column elementor-element elementor-element-8955c09\" data-id=\"8955c09\" data-element_type=\"column\">\n\t\t\t<div class=\"elementor-widget-wrap elementor-element-populated\">\n\t\t\t\t\t\t<div class=\"elementor-element elementor-element-5294796 elementor-button-align-stretch elementor-widget elementor-widget-global elementor-global-2532 elementor-widget-form\" data-id=\"5294796\" data-element_type=\"widget\" data-settings=\"{&quot;step_next_label&quot;:&quot;Next&quot;,&quot;step_previous_label&quot;:&quot;Previous&quot;,&quot;button_width&quot;:&quot;100&quot;,&quot;step_type&quot;:&quot;number_text&quot;,&quot;step_icon_shape&quot;:&quot;circle&quot;}\" data-widget_type=\"form.default\">\n\t\t\t\t<div class=\"elementor-widget-container\">\n\t\t\t\t\t<form class=\"elementor-form\" method=\"post\" name=\"New Form\" action=\"\">\n\t\t\t<input type=\"hidden\" name=\"post_id\" value=\"213\"\/>\n\t\t\t<input type=\"hidden\" name=\"form_id\" value=\"5294796\"\/>\n\t\t\t<input type=\"hidden\" name=\"referer_title\" value=\"\" \/>\n\n\t\t\t\n\t\t\t<div class=\"elementor-form-fields-wrapper elementor-labels-\">\n\t\t\t\t\t\t\t\t<div class=\"elementor-field-type-text elementor-field-group elementor-column elementor-field-group-name elementor-col-50 elementor-field-required\">\n\t\t\t\t\t\t\t\t\t\t\t\t\t<input size=\"1\" type=\"text\" name=\"form_fields[name]\" id=\"form-field-name\" class=\"elementor-field elementor-size-sm  elementor-field-textual\" placeholder=\"Nombre *\" required=\"required\" aria-required=\"true\">\n\t\t\t\t\t\t\t\t\t\t\t<\/div>\n\t\t\t\t\t\t\t\t<div class=\"elementor-field-type-email elementor-field-group elementor-column elementor-field-group-email elementor-col-50 elementor-field-required\">\n\t\t\t\t\t\t\t\t\t\t\t\t\t<input size=\"1\" type=\"email\" name=\"form_fields[email]\" id=\"form-field-email\" class=\"elementor-field elementor-size-sm  elementor-field-textual\" placeholder=\"Correo electr\u00f3nico *\" required=\"required\" aria-required=\"true\">\n\t\t\t\t\t\t\t\t\t\t\t<\/div>\n\t\t\t\t\t\t\t\t<div class=\"elementor-field-type-text elementor-field-group elementor-column elementor-field-group-yourcompany elementor-col-50 elementor-field-required\">\n\t\t\t\t\t\t\t\t\t\t\t\t\t<input size=\"1\" type=\"text\" name=\"form_fields[yourcompany]\" id=\"form-field-yourcompany\" class=\"elementor-field elementor-size-sm  elementor-field-textual\" placeholder=\"Compa\u00f1\u00eda *\" required=\"required\" aria-required=\"true\">\n\t\t\t\t\t\t\t\t\t\t\t<\/div>\n\t\t\t\t\t\t\t\t<div class=\"elementor-field-type-tel elementor-field-group elementor-column elementor-field-group-phone elementor-col-50 elementor-field-required\">\n\t\t\t\t\t\t\t<input size=\"1\" type=\"tel\" name=\"form_fields[phone]\" id=\"form-field-phone\" class=\"elementor-field elementor-size-sm  elementor-field-textual\" placeholder=\"Tel\u00e9fono *\" required=\"required\" aria-required=\"true\" pattern=\"[0-9()#&amp;+*-=.]+\" title=\"Solo se aceptan n\u00fameros y caracteres telef\u00f3nicos (#, -, *, etc.).\">\n\n\t\t\t\t\t\t<\/div>\n\t\t\t\t\t\t\t\t<div class=\"elementor-field-type-text elementor-field-group elementor-column elementor-field-group-country elementor-col-50 elementor-field-required\">\n\t\t\t\t\t\t\t\t\t\t\t\t\t<input size=\"1\" type=\"text\" name=\"form_fields[country]\" id=\"form-field-country\" class=\"elementor-field elementor-size-sm  elementor-field-textual\" placeholder=\"Pa\u00eds\" required=\"required\" aria-required=\"true\">\n\t\t\t\t\t\t\t\t\t\t\t<\/div>\n\t\t\t\t\t\t\t\t<div class=\"elementor-field-type-text elementor-field-group elementor-column elementor-field-group-yourmobile elementor-col-50 elementor-field-required\">\n\t\t\t\t\t\t\t\t\t\t\t\t\t<input size=\"1\" type=\"text\" name=\"form_fields[yourmobile]\" id=\"form-field-yourmobile\" class=\"elementor-field elementor-size-sm  elementor-field-textual\" placeholder=\"M\u00f3vil *\" required=\"required\" aria-required=\"true\">\n\t\t\t\t\t\t\t\t\t\t\t<\/div>\n\t\t\t\t\t\t\t\t<div class=\"elementor-field-type-textarea elementor-field-group elementor-column elementor-field-group-message elementor-col-100 elementor-field-required\">\n\t\t\t\t\t<textarea class=\"elementor-field-textual elementor-field  elementor-size-sm\" name=\"form_fields[message]\" id=\"form-field-message\" rows=\"4\" placeholder=\"Mensaje *\" required=\"required\" aria-required=\"true\"><\/textarea>\t\t\t\t<\/div>\n\t\t\t\t\t\t\t\t<div class=\"elementor-field-type-recaptcha elementor-field-group elementor-column elementor-field-group-field_recaptcha elementor-col-100\">\n\t\t\t\t\t<div class=\"elementor-field\" id=\"form-field-field_recaptcha\"><div class=\"elementor-g-recaptcha\" data-sitekey=\"6LdTXg0iAAAAAJQWCjxvpI7P0vJF3Al_7EIzWP9u\" data-type=\"v2_checkbox\" data-theme=\"light\" data-size=\"normal\"><\/div><\/div>\t\t\t\t<\/div>\n\t\t\t\t\t\t\t\t<div class=\"elementor-field-group elementor-column elementor-field-type-submit elementor-col-100 e-form__buttons\">\n\t\t\t\t\t<button class=\"elementor-button elementor-size-sm\" type=\"submit\">\n\t\t\t\t\t\t<span class=\"elementor-button-content-wrapper\">\n\t\t\t\t\t\t\t\t\t\t\t\t\t\t\t\t\t\t\t\t\t\t<span class=\"elementor-button-text\">Enviar<\/span>\n\t\t\t\t\t\t\t\t\t\t\t\t\t<\/span>\n\t\t\t\t\t<\/button>\n\t\t\t\t<\/div>\n\t\t\t<\/div>\n\t\t<input type=\"hidden\" name=\"trp-form-language\" value=\"es\"\/><\/form>\n\t\t\t\t<\/div>\n\t\t\t\t<\/div>\n\t\t\t\t\t<\/div>\n\t\t<\/div>\n\t\t\t\t\t<\/div>\n\t\t<\/section>\n\t\t\t\t<\/div>\n\t\t\t\t<\/div>\n\t\t\t\t<\/div>\n\t\t\t\t<\/div>\n\t\t\t\t\t<\/div>\n\t\t<\/div>\n\t\t\t\t\t<\/div>\n\t\t<\/section>\n\t\t\t\t\t<\/div>\n\t\t<\/div>\n\t\t\t\t\t<\/div>\n\t\t<\/section>\n\t\t\t\t<\/div>","protected":false},"excerpt":{"rendered":"<p>El efecto de las dietas con zeolita natural en la salud y el rendimiento del ganado El efecto de las dietas con zeolita natural en la salud y el rendimiento del ganado LA INVESTIGACI\u00d3N DESCUBRE MUCHOS BENEFICIOS PARA EL GANADO Y LOS TERNEROS CON EL USO DIET\u00c9TICO DE LA ZEOLITA NATURAL los gases se adhieren a las part\u00edculas de polvo que tienen [\u2026]<\/p>","protected":false},"author":2,"featured_media":1423,"parent":1557,"menu_order":4,"comment_status":"closed","ping_status":"closed","template":"elementor_header_footer","meta":{"footnotes":""},"class_list":["post-1936","page","type-page","status-publish","has-post-thumbnail","hentry"],"_links":{"self":[{"href":"https:\/\/zeolitemin.com\/es\/wp-json\/wp\/v2\/pages\/1936","targetHints":{"allow":["GET"]}}],"collection":[{"href":"https:\/\/zeolitemin.com\/es\/wp-json\/wp\/v2\/pages"}],"about":[{"href":"https:\/\/zeolitemin.com\/es\/wp-json\/wp\/v2\/types\/page"}],"author":[{"embeddable":true,"href":"https:\/\/zeolitemin.com\/es\/wp-json\/wp\/v2\/users\/2"}],"replies":[{"embeddable":true,"href":"https:\/\/zeolitemin.com\/es\/wp-json\/wp\/v2\/comments?post=1936"}],"version-history":[{"count":0,"href":"https:\/\/zeolitemin.com\/es\/wp-json\/wp\/v2\/pages\/1936\/revisions"}],"up":[{"embeddable":true,"href":"https:\/\/zeolitemin.com\/es\/wp-json\/wp\/v2\/pages\/1557"}],"wp:featuredmedia":[{"embeddable":true,"href":"https:\/\/zeolitemin.com\/es\/wp-json\/wp\/v2\/media\/1423"}],"wp:attachment":[{"href":"https:\/\/zeolitemin.com\/es\/wp-json\/wp\/v2\/media?parent=1936"}],"curies":[{"name":"wp","href":"https:\/\/api.w.org\/{rel}","templated":true}]}}