{"id":1921,"date":"2022-03-30T16:04:44","date_gmt":"2022-03-30T08:04:44","guid":{"rendered":"http:\/\/www.oklee.ga\/?page_id=1921"},"modified":"2024-07-02T19:16:50","modified_gmt":"2024-07-02T11:16:50","slug":"swine","status":"publish","type":"page","link":"https:\/\/zeolitemin.com\/es\/zeolite-applications\/animal-feed-ingredient\/swine\/","title":{"rendered":"Aditivo para piensos porcinos"},"content":{"rendered":"<div data-elementor-type=\"wp-page\" data-elementor-id=\"1921\" class=\"elementor elementor-1921\" data-elementor-post-type=\"page\">\n\t\t\t\t\t\t<section class=\"elementor-section elementor-top-section elementor-element elementor-element-15537516 elementor-section-height-min-height elementor-section-boxed elementor-section-height-default elementor-section-items-middle\" data-id=\"15537516\" data-element_type=\"section\" data-settings=\"{&quot;background_background&quot;:&quot;classic&quot;}\">\n\t\t\t\t\t\t<div class=\"elementor-container elementor-column-gap-default\">\n\t\t\t\t\t<div class=\"elementor-column elementor-col-100 elementor-top-column elementor-element elementor-element-1db8b8c7\" data-id=\"1db8b8c7\" data-element_type=\"column\">\n\t\t\t<div class=\"elementor-widget-wrap elementor-element-populated\">\n\t\t\t\t\t\t<div class=\"elementor-element elementor-element-66fb3ccc elementor-widget elementor-widget-heading\" data-id=\"66fb3ccc\" data-element_type=\"widget\" data-widget_type=\"heading.default\">\n\t\t\t\t<div class=\"elementor-widget-container\">\n\t\t\t<h1 class=\"elementor-heading-title elementor-size-default\">Aditivo para piensos porcinos<\/h1>\t\t<\/div>\n\t\t\t\t<\/div>\n\t\t\t\t<div class=\"elementor-element elementor-element-780b0750 elementor-widget elementor-widget-text-editor\" data-id=\"780b0750\" data-element_type=\"widget\" data-widget_type=\"text-editor.default\">\n\t\t\t\t<div class=\"elementor-widget-container\">\n\t\t\t\t\t\t\t<p>La zeolita se utiliza como aditivo para alimentaci\u00f3n animal para aves de corral, lo que aumenta la eficiencia alimenticia y reduce los niveles de amon\u00edaco en las granjas av\u00edcolas.<\/p>\t\t\t\t\t\t<\/div>\n\t\t\t\t<\/div>\n\t\t\t\t\t<\/div>\n\t\t<\/div>\n\t\t\t\t\t<\/div>\n\t\t<\/section>\n\t\t\t\t<section class=\"elementor-section elementor-top-section elementor-element elementor-element-83b4f72 elementor-section-boxed elementor-section-height-default elementor-section-height-default\" data-id=\"83b4f72\" data-element_type=\"section\">\n\t\t\t\t\t\t<div class=\"elementor-container elementor-column-gap-default\">\n\t\t\t\t\t<div class=\"elementor-column elementor-col-100 elementor-top-column elementor-element elementor-element-4206ff8\" data-id=\"4206ff8\" data-element_type=\"column\">\n\t\t\t<div class=\"elementor-widget-wrap elementor-element-populated\">\n\t\t\t\t\t\t<div class=\"elementor-element elementor-element-116cdf7b elementor-widget elementor-widget-heading\" data-id=\"116cdf7b\" data-element_type=\"widget\" data-widget_type=\"heading.default\">\n\t\t\t\t<div class=\"elementor-widget-container\">\n\t\t\t<h2 class=\"elementor-heading-title elementor-size-default\">Aditivo para piensos porcinos<\/h2>\t\t<\/div>\n\t\t\t\t<\/div>\n\t\t\t\t<div class=\"elementor-element elementor-element-bc3bb62 elementor-widget elementor-widget-heading\" data-id=\"bc3bb62\" data-element_type=\"widget\" data-widget_type=\"heading.default\">\n\t\t\t\t<div class=\"elementor-widget-container\">\n\t\t\t<h2 class=\"elementor-heading-title elementor-size-default\">El efecto de una zeolita natural en la salud y la nutrici\u00f3n<\/h2>\t\t<\/div>\n\t\t\t\t<\/div>\n\t\t\t\t<div class=\"elementor-element elementor-element-645e8d1 elementor-widget elementor-widget-image\" data-id=\"645e8d1\" data-element_type=\"widget\" data-widget_type=\"image.default\">\n\t\t\t\t<div class=\"elementor-widget-container\">\n\t\t\t\t\t\t\t\t\t\t\t\t\t<img fetchpriority=\"high\" decoding=\"async\" width=\"580\" height=\"363\" src=\"https:\/\/zeolitemin.com\/wp-content\/uploads\/2022\/07\/using-natural-zeolite-swine-feed-additive.jpg\" class=\"attachment-medium_large size-medium_large wp-image-5910\" alt=\"La zeolita se utiliza como aditivo para piensos en la alimentaci\u00f3n de aves de corral, cerdos y vacas. Mejora la salud y la nutrici\u00f3n del cuerpo animal.\" srcset=\"https:\/\/zeolitemin.com\/wp-content\/uploads\/2022\/07\/using-natural-zeolite-swine-feed-additive.jpg 580w, https:\/\/zeolitemin.com\/wp-content\/uploads\/2022\/07\/using-natural-zeolite-swine-feed-additive-300x188.jpg 300w, https:\/\/zeolitemin.com\/wp-content\/uploads\/2022\/07\/using-natural-zeolite-swine-feed-additive-16x10.jpg 16w\" sizes=\"(max-width: 580px) 100vw, 580px\" \/>\t\t\t\t\t\t\t\t\t\t\t\t\t<\/div>\n\t\t\t\t<\/div>\n\t\t\t\t<div class=\"elementor-element elementor-element-1e4b63ad elementor-widget elementor-widget-text-editor\" data-id=\"1e4b63ad\" data-element_type=\"widget\" data-widget_type=\"text-editor.default\">\n\t\t\t\t<div class=\"elementor-widget-container\">\n\t\t\t\t\t\t\t<p>Cada vez m\u00e1s datos publicados muestran evidencia de los mejores beneficios diet\u00e9ticos de las zeolitas naturales para cerdos y lechones. En muchos casos, <a href=\"https:\/\/zeolitemin.com\/es\/zeolite-science\/what-is-the-best-zeolite\/\">zeolita clinoptilolita<\/a> se les atribuye la reducci\u00f3n de los casos y la gravedad de la diarrea y los trastornos intestinales. Tambi\u00e9n el <a href=\"https:\/\/zeolitemin.com\/es\/zeolite-applications\/water-treatment\/\">adsorci\u00f3n de agua<\/a> Las propiedades del mineral zeolita natural conducen a heces m\u00e1s secas y compactas.<\/p><p>La capacidad de la zeolita para unirse <a href=\"https:\/\/zeolitemin.com\/es\/zeolite-applications\/ammonia-removal-in-water\/\">amon\u00edaco<\/a> y el amonio est\u00e1 relacionado con mejoras generales en la salud y el rendimiento de los cerdos. En el diario de alimentaci\u00f3n, los estudios vincularon la clinoptilolita con reducciones en las concentraciones de amon\u00edaco en el suero sangu\u00edneo. El peso de los \u00f3rganos implicados en el metabolismo del amon\u00edaco (p. ej., el h\u00edgado) se reduce de forma m\u00e1s eficaz cuando se reducen las concentraciones de amon\u00edaco en el tracto gastrointestinal.<\/p><h3>Ganancia de peso del animal despu\u00e9s del uso de zeolita<\/h3><p>Durante un estudio que evalu\u00f3 el uso de zeolita en las dietas de los cerdos durante un per\u00edodo de 80 d\u00edas, los investigadores se entusiasmaron al descubrir que la ganancia de peso de los animales j\u00f3venes y maduros era 25% mayor que la de los que recib\u00edan una dieta est\u00e1ndar. Los hallazgos tambi\u00e9n informaron que &quot;el alimento suplementado con zeolitas dio lugar a eficiencias alimenticias aproximadamente 35% mayores que las de las raciones normales cuando se administr\u00f3 a cerdos j\u00f3venes y 6% mayores cuando se administr\u00f3 a animales mayores&quot;.\u00a0<\/p><p>Los investigadores sugirieron que los animales alimentados con zeolita experimentaron una conversi\u00f3n m\u00e1s eficiente del nitr\u00f3geno del alimento en nutrici\u00f3n de prote\u00edna animal y que el proceso digestivo fue m\u00e1s completo. Finalmente, la presencia de zeolita en las raciones porcinas contribuy\u00f3 al bienestar de los animales. La tasa de mortalidad y los casos de enfermedad fueron significativamente m\u00e1s bajos para los animales alimentados con una dieta que conten\u00eda clinoptilolita 6%.<\/p><p>Los investigadores realizaron dos pruebas para examinar los efectos de la zeolita clinoptilolita como aditivo alimentario para cerdos. El primer experimento examin\u00f3 el potencial de uni\u00f3n de amonio de la zeolita en un tracto digestivo simulado y descubri\u00f3 que el mineral permanece estable, incluso a un pH de 1,5.<span style=\"font-family: var( --e-global-typography-text-font-family ), Sans-serif; font-size: var( --e-global-typography-text-font-size ); font-weight: var( --e-global-typography-text-font-weight );\">La segunda prueba examin\u00f3 cuatro niveles de clinoptilolita (0, 2%, 4% y 6%) agregados a 2 calidades de alimento est\u00e1ndar. Los hallazgos indicaron una mejora de 5% en la digestibilidad del alimento usando clinoptilolita 4%, independientemente de la categor\u00eda de peso de los cerdos involucrados en la prueba.<\/span><\/p><p>Efectos de la micotoxina<\/p><p>Adem\u00e1s de promover la salud de los cerdos en el tracto digestivo, los investigadores encontraron que <a href=\"https:\/\/www.xmzeolite.com\" rel=\"noopener\">zeolita<\/a> tambi\u00e9n puede proteger a los animales contra los efectos de las micotoxinas que se encuentran en los alimentos. La zearalenona, un potente metabolito estrog\u00e9nico, es una toxina que se encuentra en cultivos como el ma\u00edz, la cebada, la avena y el trigo. Preocupa considerablemente a los productores de ganado porcino porque causa infertilidad, aborto espont\u00e1neo y problemas de reproducci\u00f3n, particularmente en las poblaciones porcinas. Descubrieron que cuando se administr\u00f3 una s\u00faplica de clinoptilolita a una tasa de 2% a cerdas pre\u00f1adas, el mineral pareci\u00f3 desempe\u00f1ar un papel protector contra los efectos de la toxina. En el transcurso del estudio, observamos mejoras en todos los rasgos indicativos de rendimiento reproductivo.<\/p>\t\t\t\t\t\t<\/div>\n\t\t\t\t<\/div>\n\t\t\t\t\t<\/div>\n\t\t<\/div>\n\t\t\t\t\t<\/div>\n\t\t<\/section>\n\t\t\t\t<section class=\"elementor-section elementor-top-section elementor-element elementor-element-1e46c071 elementor-section-boxed elementor-section-height-default elementor-section-height-default\" data-id=\"1e46c071\" data-element_type=\"section\" data-settings=\"{&quot;background_background&quot;:&quot;classic&quot;}\">\n\t\t\t\t\t\t<div class=\"elementor-container elementor-column-gap-default\">\n\t\t\t\t\t<div class=\"elementor-column elementor-col-100 elementor-top-column elementor-element elementor-element-28fae947\" data-id=\"28fae947\" data-element_type=\"column\">\n\t\t\t<div class=\"elementor-widget-wrap elementor-element-populated\">\n\t\t\t\t\t\t<div class=\"elementor-element elementor-element-271e6c26 elementor-widget elementor-widget-heading\" data-id=\"271e6c26\" data-element_type=\"widget\" data-widget_type=\"heading.default\">\n\t\t\t\t<div class=\"elementor-widget-container\">\n\t\t\t<h3 class=\"elementor-heading-title elementor-size-default\">Zeolita para Alimentaci\u00f3n Animal Zeolita Natural y Prevenci\u00f3n de la Diarrea<\/h3>\t\t<\/div>\n\t\t\t\t<\/div>\n\t\t\t\t<div class=\"elementor-element elementor-element-480c2d09 elementor-widget elementor-widget-text-editor\" data-id=\"480c2d09\" data-element_type=\"widget\" data-widget_type=\"text-editor.default\">\n\t\t\t\t<div class=\"elementor-widget-container\">\n\t\t\t\t\t\t\t<p>Los datos informaron que la adici\u00f3n de zeolita a la dieta de lechones afectados por diarrea revirti\u00f3 los s\u00edntomas en varios d\u00edas. En una prueba, los lechones fueron alimentados con una dieta que conten\u00eda zeolita 30% durante 15 d\u00edas, seguida de zeolita 10% durante la parte restante de un ensayo de un mes. La severidad de los s\u00edntomas disminuy\u00f3 inmediatamente y despu\u00e9s de 7 d\u00edas, las heces eran duras y normales. Los investigadores no observaron implicaciones para la salud causadas por el alto consumo de zeolita y todos los lechones recuperaron un apetito saludable despu\u00e9s de recuperarse de la enfermedad.<\/p><p>Si bien la zeolita mejora significativamente la salud de los lechones que padecen diarrea, un estudio realizado en la estaci\u00f3n experimental de ganado descubri\u00f3 que es posible prevenir la enfermedad alimentando a las cerdas gestantes con 400 g de clinoptilolita por d\u00eda. El ensayo abarc\u00f3 un per\u00edodo desde la concepci\u00f3n hasta el final de un per\u00edodo de destete de 35 d\u00edas.<\/p><h3>Sustancia diet\u00e9tica adsorbida por polvo de zeolita<\/h3><p>Las conclusiones del estudio vincularon el beneficio central de la zeolita clinoptilolita con la salud intestinal y la promoci\u00f3n de las c\u00e9lulas inmunitarias intestinales. El rendimiento del crecimiento se mantuvo a la par con los lechones que no fueron alimentados con una dieta suplementada con zeolita.<\/p><p>Los investigadores informaron que el efecto vitalizador de la zeolita se transfiere de la madre a la descendencia y aumenta la tasa de crecimiento y el aumento de peso de los lechones durante el per\u00edodo de destete. Los animales de prueba pesaban entre 65 y 85% m\u00e1s que los dem\u00e1s al final del per\u00edodo de destete. Adem\u00e1s, los lechones en el grupo de prueba casi no sufrieron ataques de diarrea, mientras que otros lechones nacidos al mismo tiempo sufrieron graves aflicciones.<\/p><p>Los lechones posdestetados pueden experimentar infecci\u00f3n o inflamaci\u00f3n en el intestino delgado debido a la baja actividad enzim\u00e1tica, condici\u00f3n que suele ir acompa\u00f1ada de diarrea. Los ingenieros descubrieron que la zeolita clinoptilolita puede adsorber sustancias diet\u00e9ticas relacionadas con la hipersensibilidad intestinal y restaurar la actividad de las enzimas digestivas.<\/p><p>Cuando se us\u00f3 zeolita como aditivo para piensos, los lechones reci\u00e9n destetados experimentaron menos casos de s\u00edndrome de diarrea. Como alternativa a los antibi\u00f3ticos diet\u00e9ticos promotores del crecimiento, los investigadores han examinado la zeolita clinoptilolita en el rendimiento del crecimiento, la salud intestinal y las c\u00e9lulas inmunitarias intestinales. Un estudio examin\u00f3 un grupo de lechones que fueron alimentados con una dieta suplementada con clinoptilolita durante cinco semanas. Los resultados indican que su puntuaci\u00f3n de gravedad de la diarrea fue 12,961 TP2T m\u00e1s baja que la de los lechones no tratados.<\/p>\t\t\t\t\t\t<\/div>\n\t\t\t\t<\/div>\n\t\t\t\t\t<\/div>\n\t\t<\/div>\n\t\t\t\t\t<\/div>\n\t\t<\/section>\n\t\t\t\t<section class=\"elementor-section elementor-top-section elementor-element elementor-element-abd9406 elementor-section-boxed elementor-section-height-default elementor-section-height-default\" data-id=\"abd9406\" data-element_type=\"section\" data-settings=\"{&quot;background_background&quot;:&quot;classic&quot;}\">\n\t\t\t\t\t\t<div class=\"elementor-container elementor-column-gap-default\">\n\t\t\t\t\t<div class=\"elementor-column elementor-col-25 elementor-top-column elementor-element elementor-element-db7f021\" data-id=\"db7f021\" data-element_type=\"column\">\n\t\t\t<div class=\"elementor-widget-wrap elementor-element-populated\">\n\t\t\t\t\t\t<div class=\"elementor-element elementor-element-3480ec8 elementor-widget elementor-widget-heading\" data-id=\"3480ec8\" data-element_type=\"widget\" data-widget_type=\"heading.default\">\n\t\t\t\t<div class=\"elementor-widget-container\">\n\t\t\t<h3 class=\"elementor-heading-title elementor-size-default\">Deje que nuestras zeolitas respalden su negocio<\/h3>\t\t<\/div>\n\t\t\t\t<\/div>\n\t\t\t\t\t<\/div>\n\t\t<\/div>\n\t\t\t\t<div class=\"elementor-column elementor-col-25 elementor-top-column elementor-element elementor-element-b96084a\" data-id=\"b96084a\" data-element_type=\"column\">\n\t\t\t<div class=\"elementor-widget-wrap\">\n\t\t\t\t\t\t\t<\/div>\n\t\t<\/div>\n\t\t\t\t<div class=\"elementor-column elementor-col-25 elementor-top-column elementor-element elementor-element-77e60bf\" data-id=\"77e60bf\" data-element_type=\"column\">\n\t\t\t<div class=\"elementor-widget-wrap elementor-element-populated\">\n\t\t\t\t\t\t<div class=\"elementor-element elementor-element-e24e505 elementor-align-justify elementor-widget__width-initial elementor-widget elementor-widget-button\" data-id=\"e24e505\" data-element_type=\"widget\" data-widget_type=\"button.default\">\n\t\t\t\t<div class=\"elementor-widget-container\">\n\t\t\t\t\t<div class=\"elementor-button-wrapper\">\n\t\t\t<a class=\"elementor-button elementor-button-link elementor-size-sm\" href=\"https:\/\/zeolitemin.com\/es\/make-an-inquire\/\">\n\t\t\t\t\t\t<span class=\"elementor-button-content-wrapper\">\n\t\t\t\t\t\t\t\t\t<span class=\"elementor-button-text\">hacer una consulta<\/span>\n\t\t\t\t\t<\/span>\n\t\t\t\t\t<\/a>\n\t\t<\/div>\n\t\t\t\t<\/div>\n\t\t\t\t<\/div>\n\t\t\t\t\t<\/div>\n\t\t<\/div>\n\t\t\t\t<div class=\"elementor-column elementor-col-25 elementor-top-column elementor-element elementor-element-b8fc965\" data-id=\"b8fc965\" data-element_type=\"column\">\n\t\t\t<div class=\"elementor-widget-wrap\">\n\t\t\t\t\t\t\t<\/div>\n\t\t<\/div>\n\t\t\t\t\t<\/div>\n\t\t<\/section>\n\t\t\t\t<\/div>","protected":false},"excerpt":{"rendered":"<p>La zeolita se utiliza como aditivo alimentario para aves de corral, lo que aumenta la eficiencia alimenticia y disminuye los niveles de amon\u00edaco en los gallineros. El efecto de una zeolita natural en la salud y la nutrici\u00f3n Cada vez m\u00e1s datos publicados muestran evidencia de los mejores beneficios diet\u00e9ticos de las zeolitas naturales para los cerdos y lechones. En muchos casos, las zeolitas clinoptilolita son [\u2026]<\/p>","protected":false},"author":1,"featured_media":0,"parent":1588,"menu_order":2,"comment_status":"closed","ping_status":"closed","template":"elementor_header_footer","meta":{"footnotes":""},"class_list":["post-1921","page","type-page","status-publish","hentry"],"_links":{"self":[{"href":"https:\/\/zeolitemin.com\/es\/wp-json\/wp\/v2\/pages\/1921","targetHints":{"allow":["GET"]}}],"collection":[{"href":"https:\/\/zeolitemin.com\/es\/wp-json\/wp\/v2\/pages"}],"about":[{"href":"https:\/\/zeolitemin.com\/es\/wp-json\/wp\/v2\/types\/page"}],"author":[{"embeddable":true,"href":"https:\/\/zeolitemin.com\/es\/wp-json\/wp\/v2\/users\/1"}],"replies":[{"embeddable":true,"href":"https:\/\/zeolitemin.com\/es\/wp-json\/wp\/v2\/comments?post=1921"}],"version-history":[{"count":0,"href":"https:\/\/zeolitemin.com\/es\/wp-json\/wp\/v2\/pages\/1921\/revisions"}],"up":[{"embeddable":true,"href":"https:\/\/zeolitemin.com\/es\/wp-json\/wp\/v2\/pages\/1588"}],"wp:attachment":[{"href":"https:\/\/zeolitemin.com\/es\/wp-json\/wp\/v2\/media?parent=1921"}],"curies":[{"name":"wp","href":"https:\/\/api.w.org\/{rel}","templated":true}]}}