{"id":1911,"date":"2022-03-30T15:19:47","date_gmt":"2022-03-30T07:19:47","guid":{"rendered":"http:\/\/www.oklee.ga\/?page_id=1911"},"modified":"2022-11-09T14:31:43","modified_gmt":"2022-11-09T06:31:43","slug":"poultry-feed-additive","status":"publish","type":"page","link":"https:\/\/zeolitemin.com\/es\/zeolite-applications\/poultry-feed-additive\/","title":{"rendered":"Aditivo para piensos de aves de corral"},"content":{"rendered":"<div data-elementor-type=\"wp-page\" data-elementor-id=\"1911\" class=\"elementor elementor-1911\" data-elementor-post-type=\"page\">\n\t\t\t\t\t\t<section class=\"elementor-section elementor-top-section elementor-element elementor-element-663a3e9d elementor-section-height-min-height elementor-section-boxed elementor-section-height-default elementor-section-items-middle\" data-id=\"663a3e9d\" data-element_type=\"section\" data-settings=\"{&quot;background_background&quot;:&quot;classic&quot;}\">\n\t\t\t\t\t\t<div class=\"elementor-container elementor-column-gap-default\">\n\t\t\t\t\t<div class=\"elementor-column elementor-col-100 elementor-top-column elementor-element elementor-element-1bf30fa1\" data-id=\"1bf30fa1\" data-element_type=\"column\">\n\t\t\t<div class=\"elementor-widget-wrap elementor-element-populated\">\n\t\t\t\t\t\t<div class=\"elementor-element elementor-element-51a73686 elementor-widget elementor-widget-heading\" data-id=\"51a73686\" data-element_type=\"widget\" data-widget_type=\"heading.default\">\n\t\t\t\t<div class=\"elementor-widget-container\">\n\t\t\t<h1 class=\"elementor-heading-title elementor-size-default\">Aditivo para piensos de aves de corral: mayor n\u00famero de huevos clasificables<\/h1>\t\t<\/div>\n\t\t\t\t<\/div>\n\t\t\t\t<div class=\"elementor-element elementor-element-3ff0801e elementor-widget elementor-widget-text-editor\" data-id=\"3ff0801e\" data-element_type=\"widget\" data-widget_type=\"text-editor.default\">\n\t\t\t\t<div class=\"elementor-widget-container\">\n\t\t\t\t\t\t\t<p>La zeolita se utiliza como aditivo para alimentaci\u00f3n animal para aves de corral, lo que aumenta la eficiencia alimenticia y reduce los niveles de amon\u00edaco en las granjas av\u00edcolas.<\/p>\t\t\t\t\t\t<\/div>\n\t\t\t\t<\/div>\n\t\t\t\t\t<\/div>\n\t\t<\/div>\n\t\t\t\t\t<\/div>\n\t\t<\/section>\n\t\t\t\t<section class=\"elementor-section elementor-top-section elementor-element elementor-element-149e67a elementor-section-boxed elementor-section-height-default elementor-section-height-default\" data-id=\"149e67a\" data-element_type=\"section\">\n\t\t\t\t\t\t<div class=\"elementor-container elementor-column-gap-default\">\n\t\t\t\t\t<div class=\"elementor-column elementor-col-100 elementor-top-column elementor-element elementor-element-ea15aa0\" data-id=\"ea15aa0\" data-element_type=\"column\">\n\t\t\t<div class=\"elementor-widget-wrap elementor-element-populated\">\n\t\t\t\t\t\t<div class=\"elementor-element elementor-element-3c3542f3 elementor-widget elementor-widget-heading\" data-id=\"3c3542f3\" data-element_type=\"widget\" data-widget_type=\"heading.default\">\n\t\t\t\t<div class=\"elementor-widget-container\">\n\t\t\t<h2 class=\"elementor-heading-title elementor-size-default\">Aditivo para piensos de aves de corral<\/h2>\t\t<\/div>\n\t\t\t\t<\/div>\n\t\t\t\t<div class=\"elementor-element elementor-element-975abc4 elementor-widget elementor-widget-heading\" data-id=\"975abc4\" data-element_type=\"widget\" data-widget_type=\"heading.default\">\n\t\t\t\t<div class=\"elementor-widget-container\">\n\t\t\t<h2 class=\"elementor-heading-title elementor-size-default\">Uso de Zeolite Help para la cr\u00eda de aves de corral<\/h2>\t\t<\/div>\n\t\t\t\t<\/div>\n\t\t\t\t<div class=\"elementor-element elementor-element-45ba471e elementor-widget elementor-widget-text-editor\" data-id=\"45ba471e\" data-element_type=\"widget\" data-widget_type=\"text-editor.default\">\n\t\t\t\t<div class=\"elementor-widget-container\">\n\t\t\t\t\t\t\t<figure id=\"attachment_1417\" aria-describedby=\"caption-attachment-1417\" style=\"width: 300px\" class=\"wp-caption alignleft\"><img fetchpriority=\"high\" decoding=\"async\" class=\"wp-image-1417 size-medium\" src=\"https:\/\/zeolitemin.com\/wp-content\/uploads\/2021\/08\/arsenic-based-chicken-feed-1200x800_c-300x200.jpg\" alt=\"La clinoptilolita de zeolita natural se utiliza como aditivo para piensos en aves de corral\" width=\"300\" height=\"200\" srcset=\"https:\/\/zeolitemin.com\/wp-content\/uploads\/2021\/08\/arsenic-based-chicken-feed-1200x800_c-300x200.jpg 300w, https:\/\/zeolitemin.com\/wp-content\/uploads\/2021\/08\/arsenic-based-chicken-feed-1200x800_c-1024x683.jpg 1024w, https:\/\/zeolitemin.com\/wp-content\/uploads\/2021\/08\/arsenic-based-chicken-feed-1200x800_c-768x512.jpg 768w, https:\/\/zeolitemin.com\/wp-content\/uploads\/2021\/08\/arsenic-based-chicken-feed-1200x800_c-800x533.jpg 800w, https:\/\/zeolitemin.com\/wp-content\/uploads\/2021\/08\/arsenic-based-chicken-feed-1200x800_c.jpg 1200w\" sizes=\"(max-width: 300px) 100vw, 300px\" \/><figcaption id=\"caption-attachment-1417\" class=\"wp-caption-text\">Zeolita natural como desodorante ecol\u00f3gico<\/figcaption><\/figure><h3>OPERACIONES DE ALIMENTACI\u00d3N DE AVES DE CORRAL<\/h3><h3>LA ZEOLITA AUMENTA LA EFICIENCIA ALIMENTARIA Y DISMINUYE LOS NIVELES DE AMONIACO EN LAS GALPIAS<\/h3><p>Hoy en d\u00eda, las aves de corral son cada vez m\u00e1s importantes para nuestros alimentos, pero tambi\u00e9n traen algunos problemas a los agricultores. Algunos agricultores enfocan la salud animal y el desarrollo futuro paso a paso. Los altos niveles de amon\u00edaco disminuyen la producci\u00f3n de huevos clasificables en ponedoras y limitan la producci\u00f3n en las operaciones de pollos de engorde. Varias agencias estatales y federales exigen que se reduzcan los niveles de amon\u00edaco. Con frecuencia, los niveles de amon\u00edaco en los gallineros superan las 100 ppm, lo que se considera casi letal para humanos y animales. La introducci\u00f3n de la zeolita como <a href=\"https:\/\/zeolitemin.com\/es\/zeolite-applications\/animal-feed-ingredient\/\">aditivo para piensos<\/a> en el alimento es el medio m\u00e1s eficaz de control de olores en las operaciones av\u00edcolas.<\/p><p>Muchas granjas en Am\u00e9rica del Norte han eliminado la mayor parte de su olor y han logrado una mayor salud, bienestar y producci\u00f3n animal al alimentar con zeolita 2% de la proporci\u00f3n total (por peso). Una fina capa de zeolita como <a href=\"https:\/\/antenchem.com\" rel=\"noopener\">tamiz molecular<\/a> debe aplicarse al \u00e1rea de lecho o al campo de esti\u00e9rcol predominante.<\/p><h3>USO DE ZEOLITA COMO ADITIVO PARA ALIMENTOS EN LA OPERACI\u00d3N DE POLLOS<\/h3><div><figure id=\"attachment_1416\" aria-describedby=\"caption-attachment-1416\" style=\"width: 300px\" class=\"wp-caption alignright\"><img decoding=\"async\" class=\"wp-image-1416 size-medium\" src=\"https:\/\/zeolitemin.com\/wp-content\/uploads\/2021\/08\/chickens-eating-300x200.jpg\" alt=\"La zeolita se utiliza como aditivo para piensos en la alimentaci\u00f3n de aves de corral, cerdos y vacas.\" width=\"300\" height=\"200\" srcset=\"https:\/\/zeolitemin.com\/wp-content\/uploads\/2021\/08\/chickens-eating-300x200.jpg 300w, https:\/\/zeolitemin.com\/wp-content\/uploads\/2021\/08\/chickens-eating.jpg 700w\" sizes=\"(max-width: 300px) 100vw, 300px\" \/><figcaption id=\"caption-attachment-1416\" class=\"wp-caption-text\">la zeolita aumenta el peso de las aves y mejora la salud animal<\/figcaption><\/figure><\/div><p>El uso de zeolita descubri\u00f3 que los pollos Leghorn requer\u00edan menos comida y agua y aun as\u00ed ganaron tanto peso en una prueba de 2 semanas como las aves que recibieron una dieta de control. Los valores de eficiencia alimenticia (FEV) fueron notablemente m\u00e1s altos en todos los niveles de sustituci\u00f3n de zeolita. Los alimentos que conten\u00edan zeolita dieron lugar a eficiencias superiores en m\u00e1s de un 20 por ciento a las de las raciones normales.\u00a0<\/p><p>Los excrementos de los grupos que recibieron dietas con zeolita conten\u00edan hasta un 25 por ciento menos de humedad que los de los grupos de control. Considere la prote\u00edna cruda 16.5% y los nutrientes digeribles 66%. Control de aflatoxinas en aves de corral. Un estudio de investigaci\u00f3n revela que la zeolita es eficaz y compensa con creces los efectos perjudiciales de la alimentaci\u00f3n con alimentos contaminados con aflatoxinas. Los pollos de engorde alimentados con 20 libras de zeolita perton (1%) de alimento terminado que conten\u00eda 115 ppm de aflatoxina mostraron una conversi\u00f3n alimenticia mejorada en 5,8 puntos y el peso corporal en 5,3 puntos en comparaci\u00f3n con el alimento de control de 115 ppm de afatoxina. Los pollos de engorde alimentados con raciones de zeolita que conten\u00edan 115 ppm de atoxina tuvieron una conversi\u00f3n alimenticia m\u00e1s baja.<\/p><p>Las pruebas se llevaron a cabo en Leghorns de 48 d\u00edas de edad durante un per\u00edodo de 14 d\u00edas, 30 aves\/grupo. Las raciones normales aumentaron en 1,1 puntos y el peso corporal aument\u00f3 en 3,7 puntos que los pollos de engorde alimentados con raciones que no conten\u00edan zeolita ni aflatoxina.<\/p>\t\t\t\t\t\t<\/div>\n\t\t\t\t<\/div>\n\t\t\t\t\t<\/div>\n\t\t<\/div>\n\t\t\t\t\t<\/div>\n\t\t<\/section>\n\t\t\t\t<section class=\"elementor-section elementor-top-section elementor-element elementor-element-41acdc82 elementor-section-boxed elementor-section-height-default elementor-section-height-default\" data-id=\"41acdc82\" data-element_type=\"section\" data-settings=\"{&quot;background_background&quot;:&quot;classic&quot;}\">\n\t\t\t\t\t\t<div class=\"elementor-container elementor-column-gap-default\">\n\t\t\t\t\t<div class=\"elementor-column elementor-col-100 elementor-top-column elementor-element elementor-element-4e831c21\" data-id=\"4e831c21\" data-element_type=\"column\">\n\t\t\t<div class=\"elementor-widget-wrap elementor-element-populated\">\n\t\t\t\t\t\t<div class=\"elementor-element elementor-element-1d6c9451 elementor-widget elementor-widget-heading\" data-id=\"1d6c9451\" data-element_type=\"widget\" data-widget_type=\"heading.default\">\n\t\t\t\t<div class=\"elementor-widget-container\">\n\t\t\t<h3 class=\"elementor-heading-title elementor-size-default\">Beneficios del aditivo para alimentos para animales UZ-Min (zeolita de clinoptilolita basada)<\/h3>\t\t<\/div>\n\t\t\t\t<\/div>\n\t\t\t\t<div class=\"elementor-element elementor-element-26086ddf elementor-widget elementor-widget-text-editor\" data-id=\"26086ddf\" data-element_type=\"widget\" data-widget_type=\"text-editor.default\">\n\t\t\t\t<div class=\"elementor-widget-container\">\n\t\t\t\t\t\t\t<p>Adem\u00e1s de los muchos beneficios descritos en la Descripci\u00f3n general de suplementos alimenticios en la parte superior de esta secci\u00f3n, una zeolita <a href=\"https:\/\/zeolitemin.com\/es\/zeolite-applications\/natural-soil-amendment\/\">enmienda<\/a> en la alimentaci\u00f3n de las aves tambi\u00e9n tiene:<\/p><p>Aumento de la solubilidad del fosfato en las aves. La zeolita intercambia el calcio de<br \/>Fosfato dic\u00e1lcico y hace que el fosfato sea m\u00e1s soluble y mejor utilizado para los huesos.<\/p><p>El fosfato dic\u00e1lcico en la alimentaci\u00f3n puede reducirse en 50% despu\u00e9s de la prueba<\/p><ul><li>Mayor n\u00famero de huevos clasificables, grosor de la c\u00e1scara y producci\u00f3n de huevos<\/li><li>Reducci\u00f3n de quemaduras en la planta del pie por f\u00f3sforo<\/li><li>Mortalidad reducida<\/li><li>Mayor grosor de la c\u00e1scara<\/li><li>Aumento del contenido de nitr\u00f3geno de <a href=\"https:\/\/zeolitemin.com\/es\/zeolite-applications\/manure-composting-odor-reduction\/\">esti\u00e9rcol<\/a> y compost. La zeolita fija el <a href=\"https:\/\/zeolitemin.com\/es\/zeolite-applications\/ammonia-removal-in-water\/\">nitr\u00f3geno<\/a> en el esti\u00e9rcol y el compost para que sea accesible para las plantas pero no soluble en agua. Detiene las p\u00e9rdidas por gasificaci\u00f3n del nitr\u00f3geno como amon\u00edaco. Muchas de las \u00e1reas que han sido repetidamente fertilizadas con esti\u00e9rcol de pollo ahora tienen problemas de fosfato. Esto es el resultado de un desequilibrio de nitr\u00f3geno en las plantas en su absorci\u00f3n de f\u00f3sforo. Este problema se puede resolver aumentando el nitr\u00f3geno, mediante la adici\u00f3n de fitasa al alimento para solubilizar el fosfato en el ave.<\/li><li>El agua de lavado de huevos se puede reciclar despu\u00e9s de la filtraci\u00f3n en un lecho de zeolita para eliminar los s\u00f3lidos en suspensi\u00f3n y las bacterias.<\/li><\/ul>\t\t\t\t\t\t<\/div>\n\t\t\t\t<\/div>\n\t\t\t\t\t<\/div>\n\t\t<\/div>\n\t\t\t\t\t<\/div>\n\t\t<\/section>\n\t\t\t\t<section class=\"elementor-section elementor-top-section elementor-element elementor-element-50ef93df elementor-section-boxed elementor-section-height-default elementor-section-height-default\" data-id=\"50ef93df\" data-element_type=\"section\">\n\t\t\t\t\t\t<div class=\"elementor-container elementor-column-gap-default\">\n\t\t\t\t\t<div class=\"elementor-column elementor-col-100 elementor-top-column elementor-element elementor-element-55407621\" data-id=\"55407621\" data-element_type=\"column\">\n\t\t\t<div class=\"elementor-widget-wrap elementor-element-populated\">\n\t\t\t\t\t\t<section class=\"elementor-section elementor-inner-section elementor-element elementor-element-49a4128f elementor-section-boxed elementor-section-height-default elementor-section-height-default\" data-id=\"49a4128f\" data-element_type=\"section\" data-settings=\"{&quot;sticky&quot;:&quot;top&quot;,&quot;sticky_on&quot;:[&quot;desktop&quot;,&quot;tablet&quot;],&quot;sticky_parent&quot;:&quot;yes&quot;,&quot;sticky_offset&quot;:0,&quot;sticky_effects_offset&quot;:0}\">\n\t\t\t\t\t\t<div class=\"elementor-container elementor-column-gap-default\">\n\t\t\t\t\t<div class=\"elementor-column elementor-col-100 elementor-inner-column elementor-element elementor-element-623af20\" data-id=\"623af20\" data-element_type=\"column\" data-settings=\"{&quot;background_background&quot;:&quot;classic&quot;}\">\n\t\t\t<div class=\"elementor-widget-wrap elementor-element-populated\">\n\t\t\t\t\t\t<div class=\"elementor-element elementor-element-437e2d84 elementor-widget elementor-widget-heading\" data-id=\"437e2d84\" data-element_type=\"widget\" data-widget_type=\"heading.default\">\n\t\t\t\t<div class=\"elementor-widget-container\">\n\t\t\t<h2 class=\"elementor-heading-title elementor-size-default\">Env\u00ede su consulta hoy<\/h2>\t\t<\/div>\n\t\t\t\t<\/div>\n\t\t\t\t<div class=\"elementor-element elementor-element-235d1e6 elementor-widget elementor-widget-template\" data-id=\"235d1e6\" data-element_type=\"widget\" data-widget_type=\"template.default\">\n\t\t\t\t<div class=\"elementor-widget-container\">\n\t\t\t\t\t<div class=\"elementor-template\">\n\t\t\t\t\t<div data-elementor-type=\"section\" data-elementor-id=\"213\" class=\"elementor elementor-213\" data-elementor-post-type=\"elementor_library\">\n\t\t\t\t\t<section class=\"elementor-section elementor-top-section elementor-element elementor-element-147d694 elementor-section-boxed elementor-section-height-default elementor-section-height-default\" data-id=\"147d694\" data-element_type=\"section\">\n\t\t\t\t\t\t<div class=\"elementor-container elementor-column-gap-default\">\n\t\t\t\t\t<div class=\"elementor-column elementor-col-100 elementor-top-column elementor-element elementor-element-8955c09\" data-id=\"8955c09\" data-element_type=\"column\">\n\t\t\t<div class=\"elementor-widget-wrap elementor-element-populated\">\n\t\t\t\t\t\t<div class=\"elementor-element elementor-element-5294796 elementor-button-align-stretch elementor-widget elementor-widget-global elementor-global-2532 elementor-widget-form\" data-id=\"5294796\" data-element_type=\"widget\" data-settings=\"{&quot;step_next_label&quot;:&quot;Next&quot;,&quot;step_previous_label&quot;:&quot;Previous&quot;,&quot;button_width&quot;:&quot;100&quot;,&quot;step_type&quot;:&quot;number_text&quot;,&quot;step_icon_shape&quot;:&quot;circle&quot;}\" data-widget_type=\"form.default\">\n\t\t\t\t<div class=\"elementor-widget-container\">\n\t\t\t\t\t<form class=\"elementor-form\" method=\"post\" name=\"New Form\" action=\"\">\n\t\t\t<input type=\"hidden\" name=\"post_id\" value=\"213\"\/>\n\t\t\t<input type=\"hidden\" name=\"form_id\" value=\"5294796\"\/>\n\t\t\t<input type=\"hidden\" name=\"referer_title\" value=\"\" \/>\n\n\t\t\t\n\t\t\t<div class=\"elementor-form-fields-wrapper elementor-labels-\">\n\t\t\t\t\t\t\t\t<div class=\"elementor-field-type-text elementor-field-group elementor-column elementor-field-group-name elementor-col-50 elementor-field-required\">\n\t\t\t\t\t\t\t\t\t\t\t\t\t<input size=\"1\" type=\"text\" name=\"form_fields[name]\" id=\"form-field-name\" class=\"elementor-field elementor-size-sm  elementor-field-textual\" placeholder=\"Nombre *\" required=\"required\" aria-required=\"true\">\n\t\t\t\t\t\t\t\t\t\t\t<\/div>\n\t\t\t\t\t\t\t\t<div class=\"elementor-field-type-email elementor-field-group elementor-column elementor-field-group-email elementor-col-50 elementor-field-required\">\n\t\t\t\t\t\t\t\t\t\t\t\t\t<input size=\"1\" type=\"email\" name=\"form_fields[email]\" id=\"form-field-email\" class=\"elementor-field elementor-size-sm  elementor-field-textual\" placeholder=\"Correo electr\u00f3nico *\" required=\"required\" aria-required=\"true\">\n\t\t\t\t\t\t\t\t\t\t\t<\/div>\n\t\t\t\t\t\t\t\t<div class=\"elementor-field-type-text elementor-field-group elementor-column elementor-field-group-yourcompany elementor-col-50 elementor-field-required\">\n\t\t\t\t\t\t\t\t\t\t\t\t\t<input size=\"1\" type=\"text\" name=\"form_fields[yourcompany]\" id=\"form-field-yourcompany\" class=\"elementor-field elementor-size-sm  elementor-field-textual\" placeholder=\"Compa\u00f1\u00eda *\" required=\"required\" aria-required=\"true\">\n\t\t\t\t\t\t\t\t\t\t\t<\/div>\n\t\t\t\t\t\t\t\t<div class=\"elementor-field-type-tel elementor-field-group elementor-column elementor-field-group-phone elementor-col-50 elementor-field-required\">\n\t\t\t\t\t\t\t<input size=\"1\" type=\"tel\" name=\"form_fields[phone]\" id=\"form-field-phone\" class=\"elementor-field elementor-size-sm  elementor-field-textual\" placeholder=\"Tel\u00e9fono *\" required=\"required\" aria-required=\"true\" pattern=\"[0-9()#&amp;+*-=.]+\" title=\"Solo se aceptan n\u00fameros y caracteres telef\u00f3nicos (#, -, *, etc.).\">\n\n\t\t\t\t\t\t<\/div>\n\t\t\t\t\t\t\t\t<div class=\"elementor-field-type-text elementor-field-group elementor-column elementor-field-group-country elementor-col-50 elementor-field-required\">\n\t\t\t\t\t\t\t\t\t\t\t\t\t<input size=\"1\" type=\"text\" name=\"form_fields[country]\" id=\"form-field-country\" class=\"elementor-field elementor-size-sm  elementor-field-textual\" placeholder=\"Pa\u00eds\" required=\"required\" aria-required=\"true\">\n\t\t\t\t\t\t\t\t\t\t\t<\/div>\n\t\t\t\t\t\t\t\t<div class=\"elementor-field-type-text elementor-field-group elementor-column elementor-field-group-yourmobile elementor-col-50 elementor-field-required\">\n\t\t\t\t\t\t\t\t\t\t\t\t\t<input size=\"1\" type=\"text\" name=\"form_fields[yourmobile]\" id=\"form-field-yourmobile\" class=\"elementor-field elementor-size-sm  elementor-field-textual\" placeholder=\"M\u00f3vil *\" required=\"required\" aria-required=\"true\">\n\t\t\t\t\t\t\t\t\t\t\t<\/div>\n\t\t\t\t\t\t\t\t<div class=\"elementor-field-type-textarea elementor-field-group elementor-column elementor-field-group-message elementor-col-100 elementor-field-required\">\n\t\t\t\t\t<textarea class=\"elementor-field-textual elementor-field  elementor-size-sm\" name=\"form_fields[message]\" id=\"form-field-message\" rows=\"4\" placeholder=\"Mensaje *\" required=\"required\" aria-required=\"true\"><\/textarea>\t\t\t\t<\/div>\n\t\t\t\t\t\t\t\t<div class=\"elementor-field-type-recaptcha elementor-field-group elementor-column elementor-field-group-field_recaptcha elementor-col-100\">\n\t\t\t\t\t<div class=\"elementor-field\" id=\"form-field-field_recaptcha\"><div class=\"elementor-g-recaptcha\" data-sitekey=\"6LdTXg0iAAAAAJQWCjxvpI7P0vJF3Al_7EIzWP9u\" data-type=\"v2_checkbox\" data-theme=\"light\" data-size=\"normal\"><\/div><\/div>\t\t\t\t<\/div>\n\t\t\t\t\t\t\t\t<div class=\"elementor-field-group elementor-column elementor-field-type-submit elementor-col-100 e-form__buttons\">\n\t\t\t\t\t<button class=\"elementor-button elementor-size-sm\" type=\"submit\">\n\t\t\t\t\t\t<span class=\"elementor-button-content-wrapper\">\n\t\t\t\t\t\t\t\t\t\t\t\t\t\t\t\t\t\t\t\t\t\t<span class=\"elementor-button-text\">Enviar<\/span>\n\t\t\t\t\t\t\t\t\t\t\t\t\t<\/span>\n\t\t\t\t\t<\/button>\n\t\t\t\t<\/div>\n\t\t\t<\/div>\n\t\t<input type=\"hidden\" name=\"trp-form-language\" value=\"es\"\/><\/form>\n\t\t\t\t<\/div>\n\t\t\t\t<\/div>\n\t\t\t\t\t<\/div>\n\t\t<\/div>\n\t\t\t\t\t<\/div>\n\t\t<\/section>\n\t\t\t\t<\/div>\n\t\t\t\t<\/div>\n\t\t\t\t<\/div>\n\t\t\t\t<\/div>\n\t\t\t\t\t<\/div>\n\t\t<\/div>\n\t\t\t\t\t<\/div>\n\t\t<\/section>\n\t\t\t\t\t<\/div>\n\t\t<\/div>\n\t\t\t\t\t<\/div>\n\t\t<\/section>\n\t\t\t\t<\/div>","protected":false},"excerpt":{"rendered":"<p>La zeolita se utiliza como aditivo para piensos para aves de corral, lo que aumenta la eficiencia de la alimentaci\u00f3n y reduce los niveles de amon\u00edaco en las naves av\u00edcolas. Uso de la ayuda de la zeolita para el crecimiento de las aves de corral OPERACIONES DE ALIMENTACI\u00d3N DE LAS AVES DE CORRAL LA ZEOLITA AUMENTA LA EFICIENCIA ALIMENTARIA Y DISMINUYE LOS NIVELES DE AMON\u00cdACO EN LAS GALPIAS Hoy en d\u00eda, las aves de corral son cada vez m\u00e1s importante para nuestros alimentos, pero tambi\u00e9n trae algunos [\u2026]<\/p>","protected":false},"author":1,"featured_media":1417,"parent":1557,"menu_order":3,"comment_status":"closed","ping_status":"closed","template":"elementor_header_footer","meta":{"footnotes":""},"class_list":["post-1911","page","type-page","status-publish","has-post-thumbnail","hentry"],"_links":{"self":[{"href":"https:\/\/zeolitemin.com\/es\/wp-json\/wp\/v2\/pages\/1911","targetHints":{"allow":["GET"]}}],"collection":[{"href":"https:\/\/zeolitemin.com\/es\/wp-json\/wp\/v2\/pages"}],"about":[{"href":"https:\/\/zeolitemin.com\/es\/wp-json\/wp\/v2\/types\/page"}],"author":[{"embeddable":true,"href":"https:\/\/zeolitemin.com\/es\/wp-json\/wp\/v2\/users\/1"}],"replies":[{"embeddable":true,"href":"https:\/\/zeolitemin.com\/es\/wp-json\/wp\/v2\/comments?post=1911"}],"version-history":[{"count":0,"href":"https:\/\/zeolitemin.com\/es\/wp-json\/wp\/v2\/pages\/1911\/revisions"}],"up":[{"embeddable":true,"href":"https:\/\/zeolitemin.com\/es\/wp-json\/wp\/v2\/pages\/1557"}],"wp:featuredmedia":[{"embeddable":true,"href":"https:\/\/zeolitemin.com\/es\/wp-json\/wp\/v2\/media\/1417"}],"wp:attachment":[{"href":"https:\/\/zeolitemin.com\/es\/wp-json\/wp\/v2\/media?parent=1911"}],"curies":[{"name":"wp","href":"https:\/\/api.w.org\/{rel}","templated":true}]}}