{"id":1620,"date":"2022-03-24T16:53:46","date_gmt":"2022-03-24T08:53:46","guid":{"rendered":"http:\/\/www.oklee.ga\/?page_id=1620"},"modified":"2022-11-09T14:44:42","modified_gmt":"2022-11-09T06:44:42","slug":"construction","status":"publish","type":"page","link":"https:\/\/zeolitemin.com\/es\/zeolite-applications\/construction\/","title":{"rendered":"Construcci\u00f3n"},"content":{"rendered":"<div data-elementor-type=\"wp-page\" data-elementor-id=\"1620\" class=\"elementor elementor-1620\" data-elementor-post-type=\"page\">\n\t\t\t\t\t\t<section class=\"elementor-section elementor-top-section elementor-element elementor-element-45882963 elementor-section-height-min-height elementor-section-content-middle elementor-section-boxed elementor-section-height-default elementor-section-items-middle\" data-id=\"45882963\" data-element_type=\"section\" data-settings=\"{&quot;background_background&quot;:&quot;classic&quot;}\">\n\t\t\t\t\t\t<div class=\"elementor-container elementor-column-gap-default\">\n\t\t\t\t\t<div class=\"elementor-column elementor-col-100 elementor-top-column elementor-element elementor-element-267d0003\" data-id=\"267d0003\" data-element_type=\"column\">\n\t\t\t<div class=\"elementor-widget-wrap elementor-element-populated\">\n\t\t\t\t\t\t<div class=\"elementor-element elementor-element-3393e923 elementor-widget elementor-widget-theme-post-title elementor-page-title elementor-widget-heading\" data-id=\"3393e923\" data-element_type=\"widget\" data-widget_type=\"theme-post-title.default\">\n\t\t\t\t<div class=\"elementor-widget-container\">\n\t\t\t<h1 class=\"elementor-heading-title elementor-size-default\">Construcci\u00f3n<\/h1>\t\t<\/div>\n\t\t\t\t<\/div>\n\t\t\t\t\t<\/div>\n\t\t<\/div>\n\t\t\t\t\t<\/div>\n\t\t<\/section>\n\t\t\t\t<section class=\"elementor-section elementor-top-section elementor-element elementor-element-ea73eb2 elementor-section-boxed elementor-section-height-default elementor-section-height-default\" data-id=\"ea73eb2\" data-element_type=\"section\">\n\t\t\t\t\t\t<div class=\"elementor-container elementor-column-gap-default\">\n\t\t\t\t\t<div class=\"elementor-column elementor-col-100 elementor-top-column elementor-element elementor-element-7e03e7b\" data-id=\"7e03e7b\" data-element_type=\"column\">\n\t\t\t<div class=\"elementor-widget-wrap elementor-element-populated\">\n\t\t\t\t\t\t<div class=\"elementor-element elementor-element-14357298 elementor-widget elementor-widget-heading\" data-id=\"14357298\" data-element_type=\"widget\" data-widget_type=\"heading.default\">\n\t\t\t\t<div class=\"elementor-widget-container\">\n\t\t\t<h2 class=\"elementor-heading-title elementor-size-default\">Construcci\u00f3n<\/h2>\t\t<\/div>\n\t\t\t\t<\/div>\n\t\t\t\t<div class=\"elementor-element elementor-element-de76a9b elementor-widget elementor-widget-text-editor\" data-id=\"de76a9b\" data-element_type=\"widget\" data-widget_type=\"text-editor.default\">\n\t\t\t\t<div class=\"elementor-widget-container\">\n\t\t\t\t\t\t\t<figure id=\"attachment_729\" aria-describedby=\"caption-attachment-729\" style=\"width: 300px\" class=\"wp-caption alignleft\"><img decoding=\"async\" class=\"wp-image-729 size-medium\" title=\"Construcci\u00f3n de clinoptilolita de zeolita natural\" src=\"https:\/\/zeolitemin.com\/wp-content\/uploads\/2022\/03\/zeolite-construction-300x113.jpg\" alt=\"Construcci\u00f3n de clinoptilolita de zeolita natural\" width=\"300\" height=\"113\" srcset=\"https:\/\/zeolitemin.com\/wp-content\/uploads\/2022\/03\/zeolite-construction-300x113.jpg 300w, https:\/\/zeolitemin.com\/wp-content\/uploads\/2022\/03\/zeolite-construction.jpg 480w\" sizes=\"(max-width: 300px) 100vw, 300px\" \/><figcaption id=\"caption-attachment-729\" class=\"wp-caption-text\">El polvo de zeolita es un silicato de aluminio natural y se puede usar como una puzolana altamente efectiva. Consume hidr\u00f3xido de calcio CH y crea un gel CSH de baja densidad que llena los poros vac\u00edos del concreto que deja el agua evaporada.<\/figcaption><\/figure><p>La zeolita desempe\u00f1a muchas funciones en la industria de la construcci\u00f3n, incluida la mejora de los blindajes de hormig\u00f3n y EMI, las pinturas ecol\u00f3gicas e incluso los paneles con aislamiento al vac\u00edo. Desde la antig\u00fcedad, las tobas de zeolita han sido un aditivo muy utilizado en los materiales de construcci\u00f3n. En la industria del cemento, la zeolita natural es una puzolana popular (reacciona con iones de calcio o hidr\u00f3xido de calcio en presencia de agua) que se utiliza como material de mezcla de cemento. Adem\u00e1s, las tobas de zeolita contienen peque\u00f1os poros y canales con grandes superficies internas y externas, una caracter\u00edstica que les permite absorber hasta el 30 % de su peso en agua (Markiv et al., 2014). Juntas, estas propiedades brindan a los aditivos de zeolita la capacidad de aumentar la resistencia a la compresi\u00f3n del concreto y mejorar la durabilidad al reducir la permeabilidad del concreto (Markiv et al., 2014). Varios estudios han examinado c\u00f3mo reducir la cantidad requerida de cemento en la producci\u00f3n de concreto. , tanto desde el punto de vista econ\u00f3mico como medioambiental. <a href=\"https:\/\/zeolitemin.com\/es\/zeolite-science\/what-is-the-best-zeolite\/\">Zeolita natural<\/a> es una materia prima que ha demostrado su eficacia como sustituto parcial de Portland <a href=\"https:\/\/zeolitemin.com\/es\/products\/uz-min-cement-additives\/\">cemento<\/a>.Un ensayo de Sedlmajer et al. (2015) examinaron las propiedades del hormig\u00f3n que contiene zeolita natural como aditivo activo en el hormig\u00f3n.<\/p><h3>Mejores beneficios de la zeolita en la Construcci\u00f3n\u00a0<\/h3><p>\u00a0Zeolita como <a href=\"https:\/\/antenchem.com\" rel=\"noopener\">tamiz molecular<\/a> es un mineral natural. Los investigadores compusieron mezclas de concreto individuales basadas en aumentos graduales en la sustituci\u00f3n del cemento Portland con zeolita natural. Todos los aditivos (que conten\u00edan zeolita) se compararon con un hormig\u00f3n de referencia en el que solo se utiliz\u00f3 cemento Portland (Sedlmajer et al., 2015). La dosificaci\u00f3n de zeolita, que conten\u00eda 45 por ciento de clinoptilolita y 35 por ciento de fase amorfa, oscil\u00f3 entre 7,5 y 30 por ciento de la masa del cemento. Los resultados indicaron que la zeolita es una mezcla activa que contribuye a la formaci\u00f3n de la microestructura y a la mejora de las propiedades requeridas del hormig\u00f3n endurecido (Sedlmajer et al., 2015). Los investigadores concluyeron que una \u201czeolita natural finamente molida parece ser una materia prima adecuada en la producci\u00f3n de hormig\u00f3n con el que es posible sustituir parcialmente el cemento Portland\u201d (Sedlmajer et al., 2015, p. 528). Un art\u00edculo de Jana ( 2007) examin\u00f3 la zeolita clinoptilolita como puzolana y reemplazo del cemento Portland en mezclas de concreto.\u00a0<\/p><p>Los hallazgos indicaron que los efectos m\u00e1s significativos de la zeolita son una reducci\u00f3n en la permeabilidad al cloruro, una reducci\u00f3n significativa en la expansi\u00f3n debido a la reacci\u00f3n de agregados alcalinos y una mejor resistencia a los ataques de \u00e1cidos y sulfatos (Jana, 2007). Ahmadi y Shekarchi (2009) realizaron un experimento que prob\u00f3 la efectividad de la zeolita y el humo de s\u00edlice para mejorar las propiedades mec\u00e1nicas y de durabilidad del concreto. Midieron tanto la reactividad puzol\u00e1nica como la capacidad de sustituir el cemento en diferentes proporciones en mezclas de concreto. Las pruebas experimentales incluyeron asentamiento, resistencia a la compresi\u00f3n, absorci\u00f3n de agua, rendimiento de ox\u00edgeno, difusi\u00f3n de cloruro y resistividad el\u00e9ctrica del concreto (Ahmadi &amp; Shekarchi, 2009). Los resultados indicaron que los hormigones que conten\u00edan zeolita eran comparables o de mayor calidad que los hormigones preparados con humo de s\u00edlice Ahmadi y Shekarchi (2009).<\/p><h3>LOS PRINCIPALES BENEFICIOS DE LA ZEOLITA EN LA PRODUCCI\u00d3N DE HORMIG\u00d3N Y BLINDAJE EMI<\/h3><p>El agua es el principal solvente para el cemento y asegura que los materiales como el agregado grueso, el agregado fino y los aditivos se mezclen uniformemente. Sin embargo, cuando el agua se evapora de los poros del concreto, deja un contenido vac\u00edo que finalmente puede disminuir la resistencia final del producto. Una soluci\u00f3n a este problema ha sido agregar materiales sil\u00edceos y aluminosos llamados puzolanas a las mezclas de cemento para prolongar el tiempo de hidrataci\u00f3n. El resultado final es un aumento de la resistencia inicial y final del hormig\u00f3n. La zeolita es un silicato de aluminio natural y se puede utilizar como una puzolana muy eficaz. Las investigaciones muestran que consume hidr\u00f3xido de calcio (CH) y crea un gel CSH de baja densidad que llena los poros vac\u00edos del concreto que deja el agua evaporada. Este proceso aumenta la resistencia general y la uniformidad del hormig\u00f3n ligero. La investigaci\u00f3n tambi\u00e9n ha descubierto que la composici\u00f3n de silicato de aluminio de zeolitemin\u2122 le proporciona propiedades el\u00e9ctricas, qu\u00edmicas y t\u00e9rmicas que reflejan la radiaci\u00f3n electromagn\u00e9tica. Como resultado, la zeolita se puede usar en mezclas de tinta y composiciones de pintura que forman la capa protectora de los escudos EMI. Estas barreras protegen contra interrupciones en el funcionamiento de los dispositivos electr\u00f3nicos cuando entran en contacto con campos electromagn\u00e9ticos. Esencialmente, el uso de zeolita en escudos EMI protege contra alteraciones en el rendimiento del equipo o la degradaci\u00f3n y p\u00e9rdida de datos importantes.<\/p>\t\t\t\t\t\t<\/div>\n\t\t\t\t<\/div>\n\t\t\t\t\t<\/div>\n\t\t<\/div>\n\t\t\t\t\t<\/div>\n\t\t<\/section>\n\t\t\t\t<section class=\"elementor-section elementor-top-section elementor-element elementor-element-15bb2f31 elementor-section-boxed elementor-section-height-default elementor-section-height-default\" data-id=\"15bb2f31\" data-element_type=\"section\" data-settings=\"{&quot;background_background&quot;:&quot;classic&quot;}\">\n\t\t\t\t\t\t<div class=\"elementor-container elementor-column-gap-default\">\n\t\t\t\t\t<div class=\"elementor-column elementor-col-100 elementor-top-column elementor-element elementor-element-74455dd4\" data-id=\"74455dd4\" data-element_type=\"column\">\n\t\t\t<div class=\"elementor-widget-wrap elementor-element-populated\">\n\t\t\t\t\t\t<div class=\"elementor-element elementor-element-51853e6f elementor-widget elementor-widget-text-editor\" data-id=\"51853e6f\" data-element_type=\"widget\" data-widget_type=\"text-editor.default\">\n\t\t\t\t<div class=\"elementor-widget-container\">\n\t\t\t\t\t\t\t<div class=\"grid_3 grid_5\"><h4 class=\"bars\"><strong>BENEFICIOS ESPEC\u00cdFICOS DE LA APLICACI\u00d3N<\/strong><\/h4><div class=\"bs-docs-example\"><table class=\"table table-hover ke-zeroborder\"><tbody><tr><th>SOLICITUD<\/th><th>BENEFICIOS<\/th><\/tr><tr><td>Concreto ligero<\/td><td>\u2013 Costo m\u00e1s bajo que otras puzolanas, incluido el humo de s\u00edlice<br \/>\u2013 Aumenta la resistencia a la compresi\u00f3n del hormig\u00f3n.<br \/>\u2013 Aumenta la durabilidad del hormig\u00f3n<br \/>\u2013 Mejora la resistencia qu\u00edmica en aplicaciones de agua salada<br \/>\u2013 Resiste la corrosi\u00f3n bajo el agua<br \/>\u2013 Reduce la emisi\u00f3n de gases de efecto invernadero durante la producci\u00f3n de cemento<\/td><\/tr><tr><td>Escudos EMI<\/td><td>\u2013 Altamente rentable<br \/>\u2013 Mejora las propiedades de aislamiento<br \/>\u2013 Refleja la radiaci\u00f3n electromagn\u00e9tica<br \/>\u2013 Muy eficaz en revestimientos, tejas y tejidos conductores<br \/>\u2013 Altamente efectivo en pinturas conductoras para recubrimientos antiest\u00e1ticos<br \/>\u2013 Resistente a \u00e1cidos y \u00e1lcalis<br \/>\u2013 No soluble en agua u otros disolventes<br \/>\u2013 Peso ligero, baja densidad y alta fuerza de part\u00edculas<\/td><\/tr><\/tbody><\/table><\/div><\/div>\t\t\t\t\t\t<\/div>\n\t\t\t\t<\/div>\n\t\t\t\t\t<\/div>\n\t\t<\/div>\n\t\t\t\t\t<\/div>\n\t\t<\/section>\n\t\t\t\t<section class=\"elementor-section elementor-top-section elementor-element elementor-element-6163d21d elementor-section-boxed elementor-section-height-default elementor-section-height-default\" data-id=\"6163d21d\" data-element_type=\"section\">\n\t\t\t\t\t\t<div class=\"elementor-container elementor-column-gap-default\">\n\t\t\t\t\t<div class=\"elementor-column elementor-col-100 elementor-top-column elementor-element elementor-element-d0e6ea4\" data-id=\"d0e6ea4\" data-element_type=\"column\">\n\t\t\t<div class=\"elementor-widget-wrap elementor-element-populated\">\n\t\t\t\t\t\t<section class=\"elementor-section elementor-inner-section elementor-element elementor-element-66e7cb44 elementor-section-boxed elementor-section-height-default elementor-section-height-default\" data-id=\"66e7cb44\" data-element_type=\"section\" data-settings=\"{&quot;sticky&quot;:&quot;top&quot;,&quot;sticky_on&quot;:[&quot;desktop&quot;,&quot;tablet&quot;],&quot;sticky_parent&quot;:&quot;yes&quot;,&quot;sticky_offset&quot;:0,&quot;sticky_effects_offset&quot;:0}\">\n\t\t\t\t\t\t<div class=\"elementor-container elementor-column-gap-default\">\n\t\t\t\t\t<div class=\"elementor-column elementor-col-100 elementor-inner-column elementor-element elementor-element-51ccd4c3\" data-id=\"51ccd4c3\" data-element_type=\"column\" data-settings=\"{&quot;background_background&quot;:&quot;classic&quot;}\">\n\t\t\t<div class=\"elementor-widget-wrap elementor-element-populated\">\n\t\t\t\t\t\t<div class=\"elementor-element elementor-element-aff0f4d elementor-widget elementor-widget-heading\" data-id=\"aff0f4d\" data-element_type=\"widget\" data-widget_type=\"heading.default\">\n\t\t\t\t<div class=\"elementor-widget-container\">\n\t\t\t<h2 class=\"elementor-heading-title elementor-size-default\">Env\u00ede su consulta hoy<\/h2>\t\t<\/div>\n\t\t\t\t<\/div>\n\t\t\t\t<div class=\"elementor-element elementor-element-5446137e elementor-widget elementor-widget-template\" data-id=\"5446137e\" data-element_type=\"widget\" data-widget_type=\"template.default\">\n\t\t\t\t<div class=\"elementor-widget-container\">\n\t\t\t\t\t<div class=\"elementor-template\">\n\t\t\t\t\t<div data-elementor-type=\"section\" data-elementor-id=\"213\" class=\"elementor elementor-213\" data-elementor-post-type=\"elementor_library\">\n\t\t\t\t\t<section class=\"elementor-section elementor-top-section elementor-element elementor-element-147d694 elementor-section-boxed elementor-section-height-default elementor-section-height-default\" data-id=\"147d694\" data-element_type=\"section\">\n\t\t\t\t\t\t<div class=\"elementor-container elementor-column-gap-default\">\n\t\t\t\t\t<div class=\"elementor-column elementor-col-100 elementor-top-column elementor-element elementor-element-8955c09\" data-id=\"8955c09\" data-element_type=\"column\">\n\t\t\t<div class=\"elementor-widget-wrap elementor-element-populated\">\n\t\t\t\t\t\t<div class=\"elementor-element elementor-element-5294796 elementor-button-align-stretch elementor-widget elementor-widget-global elementor-global-2532 elementor-widget-form\" data-id=\"5294796\" data-element_type=\"widget\" data-settings=\"{&quot;step_next_label&quot;:&quot;Next&quot;,&quot;step_previous_label&quot;:&quot;Previous&quot;,&quot;button_width&quot;:&quot;100&quot;,&quot;step_type&quot;:&quot;number_text&quot;,&quot;step_icon_shape&quot;:&quot;circle&quot;}\" data-widget_type=\"form.default\">\n\t\t\t\t<div class=\"elementor-widget-container\">\n\t\t\t\t\t<form class=\"elementor-form\" method=\"post\" name=\"New Form\" action=\"\">\n\t\t\t<input type=\"hidden\" name=\"post_id\" value=\"213\"\/>\n\t\t\t<input type=\"hidden\" name=\"form_id\" value=\"5294796\"\/>\n\t\t\t<input type=\"hidden\" name=\"referer_title\" value=\"\" \/>\n\n\t\t\t\n\t\t\t<div class=\"elementor-form-fields-wrapper elementor-labels-\">\n\t\t\t\t\t\t\t\t<div class=\"elementor-field-type-text elementor-field-group elementor-column elementor-field-group-name elementor-col-50 elementor-field-required\">\n\t\t\t\t\t\t\t\t\t\t\t\t\t<input size=\"1\" type=\"text\" name=\"form_fields[name]\" id=\"form-field-name\" class=\"elementor-field elementor-size-sm  elementor-field-textual\" placeholder=\"Nombre *\" required=\"required\" aria-required=\"true\">\n\t\t\t\t\t\t\t\t\t\t\t<\/div>\n\t\t\t\t\t\t\t\t<div class=\"elementor-field-type-email elementor-field-group elementor-column elementor-field-group-email elementor-col-50 elementor-field-required\">\n\t\t\t\t\t\t\t\t\t\t\t\t\t<input size=\"1\" type=\"email\" name=\"form_fields[email]\" id=\"form-field-email\" class=\"elementor-field elementor-size-sm  elementor-field-textual\" placeholder=\"Correo electr\u00f3nico *\" required=\"required\" aria-required=\"true\">\n\t\t\t\t\t\t\t\t\t\t\t<\/div>\n\t\t\t\t\t\t\t\t<div class=\"elementor-field-type-text elementor-field-group elementor-column elementor-field-group-yourcompany elementor-col-50 elementor-field-required\">\n\t\t\t\t\t\t\t\t\t\t\t\t\t<input size=\"1\" type=\"text\" name=\"form_fields[yourcompany]\" id=\"form-field-yourcompany\" class=\"elementor-field elementor-size-sm  elementor-field-textual\" placeholder=\"Compa\u00f1\u00eda *\" required=\"required\" aria-required=\"true\">\n\t\t\t\t\t\t\t\t\t\t\t<\/div>\n\t\t\t\t\t\t\t\t<div class=\"elementor-field-type-tel elementor-field-group elementor-column elementor-field-group-phone elementor-col-50 elementor-field-required\">\n\t\t\t\t\t\t\t<input size=\"1\" type=\"tel\" name=\"form_fields[phone]\" id=\"form-field-phone\" class=\"elementor-field elementor-size-sm  elementor-field-textual\" placeholder=\"Tel\u00e9fono *\" required=\"required\" aria-required=\"true\" pattern=\"[0-9()#&amp;+*-=.]+\" title=\"Solo se aceptan n\u00fameros y caracteres telef\u00f3nicos (#, -, *, etc.).\">\n\n\t\t\t\t\t\t<\/div>\n\t\t\t\t\t\t\t\t<div class=\"elementor-field-type-text elementor-field-group elementor-column elementor-field-group-country elementor-col-50 elementor-field-required\">\n\t\t\t\t\t\t\t\t\t\t\t\t\t<input size=\"1\" type=\"text\" name=\"form_fields[country]\" id=\"form-field-country\" class=\"elementor-field elementor-size-sm  elementor-field-textual\" placeholder=\"Pa\u00eds\" required=\"required\" aria-required=\"true\">\n\t\t\t\t\t\t\t\t\t\t\t<\/div>\n\t\t\t\t\t\t\t\t<div class=\"elementor-field-type-text elementor-field-group elementor-column elementor-field-group-yourmobile elementor-col-50 elementor-field-required\">\n\t\t\t\t\t\t\t\t\t\t\t\t\t<input size=\"1\" type=\"text\" name=\"form_fields[yourmobile]\" id=\"form-field-yourmobile\" class=\"elementor-field elementor-size-sm  elementor-field-textual\" placeholder=\"M\u00f3vil *\" required=\"required\" aria-required=\"true\">\n\t\t\t\t\t\t\t\t\t\t\t<\/div>\n\t\t\t\t\t\t\t\t<div class=\"elementor-field-type-textarea elementor-field-group elementor-column elementor-field-group-message elementor-col-100 elementor-field-required\">\n\t\t\t\t\t<textarea class=\"elementor-field-textual elementor-field  elementor-size-sm\" name=\"form_fields[message]\" id=\"form-field-message\" rows=\"4\" placeholder=\"Mensaje *\" required=\"required\" aria-required=\"true\"><\/textarea>\t\t\t\t<\/div>\n\t\t\t\t\t\t\t\t<div class=\"elementor-field-type-recaptcha elementor-field-group elementor-column elementor-field-group-field_recaptcha elementor-col-100\">\n\t\t\t\t\t<div class=\"elementor-field\" id=\"form-field-field_recaptcha\"><div class=\"elementor-g-recaptcha\" data-sitekey=\"6LdTXg0iAAAAAJQWCjxvpI7P0vJF3Al_7EIzWP9u\" data-type=\"v2_checkbox\" data-theme=\"light\" data-size=\"normal\"><\/div><\/div>\t\t\t\t<\/div>\n\t\t\t\t\t\t\t\t<div class=\"elementor-field-group elementor-column elementor-field-type-submit elementor-col-100 e-form__buttons\">\n\t\t\t\t\t<button class=\"elementor-button elementor-size-sm\" type=\"submit\">\n\t\t\t\t\t\t<span class=\"elementor-button-content-wrapper\">\n\t\t\t\t\t\t\t\t\t\t\t\t\t\t\t\t\t\t\t\t\t\t<span class=\"elementor-button-text\">Enviar<\/span>\n\t\t\t\t\t\t\t\t\t\t\t\t\t<\/span>\n\t\t\t\t\t<\/button>\n\t\t\t\t<\/div>\n\t\t\t<\/div>\n\t\t<input type=\"hidden\" name=\"trp-form-language\" value=\"es\"\/><\/form>\n\t\t\t\t<\/div>\n\t\t\t\t<\/div>\n\t\t\t\t\t<\/div>\n\t\t<\/div>\n\t\t\t\t\t<\/div>\n\t\t<\/section>\n\t\t\t\t<\/div>\n\t\t\t\t<\/div>\n\t\t\t\t<\/div>\n\t\t\t\t<\/div>\n\t\t\t\t\t<\/div>\n\t\t<\/div>\n\t\t\t\t\t<\/div>\n\t\t<\/section>\n\t\t\t\t\t<\/div>\n\t\t<\/div>\n\t\t\t\t\t<\/div>\n\t\t<\/section>\n\t\t\t\t<\/div>","protected":false},"excerpt":{"rendered":"<p>La zeolita desempe\u00f1a muchas funciones en la industria de la construcci\u00f3n, incluida la mejora de los escudos de hormig\u00f3n y EMI, las pinturas ecol\u00f3gicas e incluso los paneles con aislamiento al vac\u00edo. Desde la antig\u00fcedad, las tobas de zeolita han sido un aditivo muy utilizado en los materiales de construcci\u00f3n. En la industria del cemento, la zeolita natural es una puzolana popular (reacciona con iones de calcio o hidr\u00f3xido de calcio en presencia de [\u2026]<\/p>","protected":false},"author":1,"featured_media":729,"parent":1557,"menu_order":6,"comment_status":"closed","ping_status":"closed","template":"elementor_header_footer","meta":{"footnotes":""},"class_list":["post-1620","page","type-page","status-publish","has-post-thumbnail","hentry"],"_links":{"self":[{"href":"https:\/\/zeolitemin.com\/es\/wp-json\/wp\/v2\/pages\/1620","targetHints":{"allow":["GET"]}}],"collection":[{"href":"https:\/\/zeolitemin.com\/es\/wp-json\/wp\/v2\/pages"}],"about":[{"href":"https:\/\/zeolitemin.com\/es\/wp-json\/wp\/v2\/types\/page"}],"author":[{"embeddable":true,"href":"https:\/\/zeolitemin.com\/es\/wp-json\/wp\/v2\/users\/1"}],"replies":[{"embeddable":true,"href":"https:\/\/zeolitemin.com\/es\/wp-json\/wp\/v2\/comments?post=1620"}],"version-history":[{"count":0,"href":"https:\/\/zeolitemin.com\/es\/wp-json\/wp\/v2\/pages\/1620\/revisions"}],"up":[{"embeddable":true,"href":"https:\/\/zeolitemin.com\/es\/wp-json\/wp\/v2\/pages\/1557"}],"wp:featuredmedia":[{"embeddable":true,"href":"https:\/\/zeolitemin.com\/es\/wp-json\/wp\/v2\/media\/729"}],"wp:attachment":[{"href":"https:\/\/zeolitemin.com\/es\/wp-json\/wp\/v2\/media?parent=1620"}],"curies":[{"name":"wp","href":"https:\/\/api.w.org\/{rel}","templated":true}]}}