{"id":1597,"date":"2022-03-24T16:23:27","date_gmt":"2022-03-24T08:23:27","guid":{"rendered":"http:\/\/www.oklee.ga\/?page_id=1597"},"modified":"2022-11-09T14:31:58","modified_gmt":"2022-11-09T06:31:58","slug":"synthetic-turf-zeolite-infill","status":"publish","type":"page","link":"https:\/\/zeolitemin.com\/es\/zeolite-applications\/synthetic-turf-zeolite-infill\/","title":{"rendered":"C\u00e9sped Sint\u00e9tico ZeoXfill"},"content":{"rendered":"<div data-elementor-type=\"wp-page\" data-elementor-id=\"1597\" class=\"elementor elementor-1597\" data-elementor-post-type=\"page\">\n\t\t\t\t\t\t<section class=\"elementor-section elementor-top-section elementor-element elementor-element-7c92790f elementor-section-height-min-height elementor-section-content-middle elementor-section-boxed elementor-section-height-default elementor-section-items-middle\" data-id=\"7c92790f\" data-element_type=\"section\" data-settings=\"{&quot;background_background&quot;:&quot;classic&quot;}\">\n\t\t\t\t\t\t<div class=\"elementor-container elementor-column-gap-default\">\n\t\t\t\t\t<div class=\"elementor-column elementor-col-100 elementor-top-column elementor-element elementor-element-2dc1703a\" data-id=\"2dc1703a\" data-element_type=\"column\">\n\t\t\t<div class=\"elementor-widget-wrap elementor-element-populated\">\n\t\t\t\t\t\t<div class=\"elementor-element elementor-element-52f42f9f elementor-widget elementor-widget-theme-post-title elementor-page-title elementor-widget-heading\" data-id=\"52f42f9f\" data-element_type=\"widget\" data-widget_type=\"theme-post-title.default\">\n\t\t\t\t<div class=\"elementor-widget-container\">\n\t\t\t<h1 class=\"elementor-heading-title elementor-size-default\">C\u00e9sped Sint\u00e9tico ZeoXfill<\/h1>\t\t<\/div>\n\t\t\t\t<\/div>\n\t\t\t\t\t<\/div>\n\t\t<\/div>\n\t\t\t\t\t<\/div>\n\t\t<\/section>\n\t\t\t\t<section class=\"elementor-section elementor-top-section elementor-element elementor-element-a818ff7 elementor-section-boxed elementor-section-height-default elementor-section-height-default\" data-id=\"a818ff7\" data-element_type=\"section\">\n\t\t\t\t\t\t<div class=\"elementor-container elementor-column-gap-default\">\n\t\t\t\t\t<div class=\"elementor-column elementor-col-100 elementor-top-column elementor-element elementor-element-4205c46\" data-id=\"4205c46\" data-element_type=\"column\">\n\t\t\t<div class=\"elementor-widget-wrap elementor-element-populated\">\n\t\t\t\t\t\t<div class=\"elementor-element elementor-element-556867a2 elementor-widget elementor-widget-heading\" data-id=\"556867a2\" data-element_type=\"widget\" data-widget_type=\"heading.default\">\n\t\t\t\t<div class=\"elementor-widget-container\">\n\t\t\t<h2 class=\"elementor-heading-title elementor-size-default\">C\u00e9sped Sint\u00e9tico ZeoXfill<\/h2>\t\t<\/div>\n\t\t\t\t<\/div>\n\t\t\t\t<div class=\"elementor-element elementor-element-c69098a elementor-widget elementor-widget-text-editor\" data-id=\"c69098a\" data-element_type=\"widget\" data-widget_type=\"text-editor.default\">\n\t\t\t\t<div class=\"elementor-widget-container\">\n\t\t\t\t\t\t\t<h3 style=\"text-align: center;\">C\u00c9SPED SINT\u00c9TICO + ZEOLITA ZEOXFILL<\/h3><p><a href=\"https:\/\/zeolitemin.com\/es\/\">c\u00e9sped sint\u00e9tico<\/a>, tambi\u00e9n conocido como c\u00e9sped artificial, ha sido un producto popular durante d\u00e9cadas. Se utiliza en estadios deportivos, jardines residenciales, perreras para mascotas, balcones y muchos lugares m\u00e1s. Lo que lo hace tan bueno es el bajo mantenimiento y una mayor durabilidad en comparaci\u00f3n con el c\u00e9sped natural. Sin embargo, requiere cierto nivel de cuidado y atenci\u00f3n para poder cumplir su prop\u00f3sito de imitar el c\u00e9sped natural. Esto se hace usando ZeoXfill.<\/p><p>ZeoXfill es una colecci\u00f3n de peque\u00f1as piezas de material triturado que se esparce entre las hojas de hierba. Esto funciona para mantener el c\u00e9sped artificial en posici\u00f3n vertical y le da un aspecto natural. Hay varios rellenos para c\u00e9sped artificial disponibles en el mercado que ofrecen una amplia gama de otros beneficios. Por ejemplo, algunos rellenos controlan las bacterias mientras que otros proporcionan absorci\u00f3n de impactos.<\/p><p>ZeoXfill para usar en c\u00e9sped artificial, c\u00e9sped sint\u00e9tico o casetas para mascotas. Una zeolita es una excelente opci\u00f3n para mezclar con caucho triturado u otras opciones de relleno. Zeolite es un relleno de c\u00e9sped artificial neutralizador de olores natural con una estructura interna de panal fija y estable. La zeolita neutraliza los olores en el c\u00e9sped al utilizar sus caracter\u00edsticas de esponja\/im\u00e1n para atraer y eliminar los olores.<\/p><p>Natural <a href=\"https:\/\/zeolitemin.com\/es\/zeolite-science\/what-is-the-best-zeolite\/\">Zeolita<\/a> mantiene las caracter\u00edsticas de cualquier buen relleno de c\u00e9sped artificial junto con los beneficios adicionales de reducir la temperatura de la superficie a trav\u00e9s de un proceso de evaporaci\u00f3n lenta del agua. han probado y usado otras zeolitas con la esperanza de reducir los costos de env\u00edo.<\/p><p>Durante m\u00e1s de 10 a\u00f1os, ZeoXfill se ha utilizado en aplicaciones de paisajismo, parques infantiles y comerciales. Nuestra zeolita ha sido conocida como el mejor relleno para aplicaciones de enfriamiento y control de olores de perros. Algunas de las principales empresas de instalaci\u00f3n se han cambiado a nuestro <a href=\"https:\/\/zeolitemin.com\/es\/zeolite-science\/what-is-the-best-zeolite\/\">Zeolita<\/a> porque funciona mejor que otros fabricantes de zeolitas. De acuerdo con la investigaci\u00f3n, ZeoXfill se puede utilizar como un producto de relleno independiente en el sistema de c\u00e9sped o se puede agregar a TPE, EPDM, org\u00e1nico, caucho triturado, arena, cualquier relleno que se encuentre actualmente en el mercado. ZeoXfill aporta todos los beneficios de la zeolita clinoptilolita mineral no t\u00f3xica al sistema de c\u00e9sped, lo que mejora el rendimiento de los dem\u00e1s materiales de relleno.<\/p><p>ZeoXfill no contiene s\u00edlice libre de cristales (conocido como causante de c\u00e1ncer o defectos de nacimiento), por lo que es el sustrato preferido. Tambi\u00e9n ayuda a enfriar naturalmente la superficie del campo. Adem\u00e1s, el tama\u00f1o del producto ayuda a llenar el espacio en el sistema de c\u00e9sped para que pueda lograr una mayor profundidad de relleno y a un costo menor. Esto es extremadamente importante cuando comienza a considerar otros productos de relleno alternativos que pueden costar m\u00e1s de $1.00 por libra. El beneficio para ZeoXfill en esta prueba es que muestra un campo construido con un sistema de c\u00e9sped dise\u00f1ado para incorporar el relleno de minerales org\u00e1nicos, puede y se preforma tan bien, si no mejor, que el sistema de arena de s\u00edlice y caucho granulado.<\/p><figure id=\"attachment_707\" aria-describedby=\"caption-attachment-707\" style=\"width: 300px\" class=\"wp-caption alignleft\"><img fetchpriority=\"high\" decoding=\"async\" class=\"wp-image-707 size-medium\" title=\"Clinoptilolita Zeolita Absorci\u00f3n Relleno de c\u00e9sped\" src=\"https:\/\/zeolitemin.com\/wp-content\/uploads\/2022\/03\/turf-300x200.jpg\" alt=\"Clinoptilolita Zeolita Absorci\u00f3n Relleno de c\u00e9sped\" width=\"300\" height=\"200\" srcset=\"https:\/\/zeolitemin.com\/wp-content\/uploads\/2022\/03\/turf-300x200.jpg 300w, https:\/\/zeolitemin.com\/wp-content\/uploads\/2022\/03\/turf-768x513.jpg 768w, https:\/\/zeolitemin.com\/wp-content\/uploads\/2022\/03\/turf.jpg 1023w\" sizes=\"(max-width: 300px) 100vw, 300px\" \/><figcaption id=\"caption-attachment-707\" class=\"wp-caption-text\">Clinoptilolita Zeolita Absorci\u00f3n Relleno de c\u00e9sped<\/figcaption><\/figure><h3>CONTROL DE HUMEDAD Y OLORES DE C\u00c9SPED SINT\u00c9TICO<\/h3><p>Hoy en d\u00eda, una aplicaci\u00f3n ampliamente aceptada del c\u00e9sped sint\u00e9tico son las perreras para mascotas. Preg\u00fantele a cualquier due\u00f1o de mascota que haya usado c\u00e9sped artificial para revestir el suelo de su mascota. Saben que puede ser una tarea dif\u00edcil mantener el c\u00e9sped limpio. Entonces, si se pregunta c\u00f3mo limpiar el c\u00e9sped artificial, ZeoXfill puede hacerlo por usted. Cuando el c\u00e9sped se riega o entra en contacto con l\u00edquidos de desechos de mascotas, los materiales sint\u00e9ticos retienen la humedad y proporcionan un h\u00e1bitat para el crecimiento de bacterias y biopel\u00edculas. Los olores tambi\u00e9n pueden resultar de una acumulaci\u00f3n de amon\u00edaco en el relleno, particularmente cuando se usa c\u00e9sped sint\u00e9tico en \u00e1reas de desechos de animales.<\/p><p><a href=\"https:\/\/zeolitemin.com\/es\/zeolite-science\/what-is-the-best-zeolite\/\">Zeolita<\/a> Al estar cargado negativamente, es capaz de absorber amon\u00edaco, lo que evita que apeste en el c\u00e9sped. La orina seca puede hacer que la jaula de tu mascota huela muy mal. Los cristales de \u00e1cido \u00farico liberados a trav\u00e9s de la orina conducen a la dispersi\u00f3n de amon\u00edaco en condiciones de alta humedad. El amon\u00edaco act\u00faa como el culpable. La naturaleza qu\u00edmica de ZeoXfill puede hacer maravillas en estas situaciones malolientes. . Zeolita <a href=\"https:\/\/zeolitemin.com\/es\/zeolite-applications\/absorbent-adsorbent\/odor-control\/\">control de olores<\/a> funciona a\u00fan mejor con sus propiedades refrescantes. Esto se debe a que estos olores pueden viajar distancias m\u00e1s largas cuando la hierba est\u00e1 extremadamente caliente.<\/p><p>La hierba falsa de zeolita ambientalmente segura se usa en lugares donde es probable que entre en contacto directo con su piel o la de su mascota. Estos lugares incluyen canchas deportivas, perreras para mascotas, jardines con balcones, etc. Por lo tanto, es imperativo contar con rellenos que sean seguros. La zeolita es un relleno de c\u00e9sped artificial muy seguro para el medio ambiente porque es un mineral que es 100% natural en su composici\u00f3n. Tampoco contiene colorantes ni aromas. Es seguro en la medida en que encuentra una aplicaci\u00f3n como aditivo para alimentaci\u00f3n animal.<\/p><p><a href=\"https:\/\/zeolitemin.com\/es\/zeolite-science\/what-is-the-best-zeolite\/\">Zeolita<\/a> es un material org\u00e1nico natural, por lo tanto, su polvo no es da\u00f1ino para sus hijos o mascotas. Sin embargo, un relleno de c\u00e9sped sint\u00e9tico como el caucho esparce el polvo de manera expansiva que puede terminar r\u00e1pidamente en su ropa o zapatos. Esto puede generar problemas de salud a largo plazo. La propiedad m\u00e1s apreciada de ZeoXfill es su enfriamiento. La zeolita evita que el c\u00e9sped se sobrecaliente al absorber el calor de la luz solar. Tiene la capacidad de condensar la luz solar y llevar a cabo la transpiraci\u00f3n a la atm\u00f3sfera. Estos procesos reducen significativamente la temperatura de la superficie del c\u00e9sped. Esta cualidad convierte a la zeolita en un gran relleno para campos deportivos. Tambi\u00e9n funciona muy bien para los c\u00e9spedes que se colocan al aire libre y que probablemente se usar\u00e1n durante el d\u00eda.<\/p><p>Los rellenos de caucho, por otro lado, no son buenos para mantener las temperaturas ideales del c\u00e9sped. El caucho atrapa el calor r\u00e1pidamente, lo que provoca el calentamiento de las hojas de hierba. Puede ver el gr\u00e1fico anterior para ver c\u00f3mo ZeoXfill Zeolite puede enfriar su c\u00e9sped hasta 39% con rellenos de caucho y arena. Esto ayudar\u00e1 a aliviar las patas sensibles de su perro en temperaturas de m\u00e1s de 160F+ en c\u00e9sped artificial.<\/p><p><a href=\"https:\/\/zeolitemin.com\/es\/zeolite-science\/what-is-the-best-zeolite\/\">Zeolita<\/a> como <a href=\"https:\/\/antenchem.com\" rel=\"noopener\">tamiz molecular<\/a> Tiene una estructura molecular altamente porosa. Esto hace que los rellenos de zeolita sean capaces de ofrecer un drenaje r\u00e1pido. Esto es especialmente beneficioso para las camas de c\u00e9sped sint\u00e9tico que se colocan al aire libre y se usan regularmente para practicar deportes. Tener un relleno de zeolita soltar\u00e1 el agua de lluvia r\u00e1pidamente para que puedas reiniciar tu juego lo antes posible. Y la mejor parte es que la densidad del relleno de zeolita utilizado realmente no afecta su capacidad de drenaje r\u00e1pido.<\/p><p>Adem\u00e1s, dado que drena r\u00e1pido, se seca r\u00e1pidamente y, por lo tanto, mantiene alejadas las bacterias. El crecimiento bacteriano suele ser el resultado de la humedad desatendida y el relleno de zeolita puede solucionarlo. As\u00ed que esta es una gran opci\u00f3n para considerar como tu mascota y <a href=\"https:\/\/zeolitemin.com\/es\/zeolite-applications\/natural-soil-amendment\/\">paisaje<\/a> relleno. Ya sea que est\u00e9 buscando renovar el c\u00e9sped de su jard\u00edn con un nuevo relleno o hacer que la caseta de su mascota huela un poco mejor, ZeoXfill es el camino a seguir.<\/p>\t\t\t\t\t\t<\/div>\n\t\t\t\t<\/div>\n\t\t\t\t\t<\/div>\n\t\t<\/div>\n\t\t\t\t\t<\/div>\n\t\t<\/section>\n\t\t\t\t<section class=\"elementor-section elementor-top-section elementor-element elementor-element-1cb6f653 elementor-section-boxed elementor-section-height-default elementor-section-height-default\" data-id=\"1cb6f653\" data-element_type=\"section\">\n\t\t\t\t\t\t<div class=\"elementor-container elementor-column-gap-default\">\n\t\t\t\t\t<div class=\"elementor-column elementor-col-100 elementor-top-column elementor-element elementor-element-138d4974\" data-id=\"138d4974\" data-element_type=\"column\">\n\t\t\t<div class=\"elementor-widget-wrap elementor-element-populated\">\n\t\t\t\t\t\t<section class=\"elementor-section elementor-inner-section elementor-element elementor-element-5a9d94c4 elementor-section-boxed elementor-section-height-default elementor-section-height-default\" data-id=\"5a9d94c4\" data-element_type=\"section\" data-settings=\"{&quot;sticky&quot;:&quot;top&quot;,&quot;sticky_on&quot;:[&quot;desktop&quot;,&quot;tablet&quot;],&quot;sticky_parent&quot;:&quot;yes&quot;,&quot;sticky_offset&quot;:0,&quot;sticky_effects_offset&quot;:0}\">\n\t\t\t\t\t\t<div class=\"elementor-container elementor-column-gap-default\">\n\t\t\t\t\t<div class=\"elementor-column elementor-col-100 elementor-inner-column elementor-element elementor-element-1c9ba861\" data-id=\"1c9ba861\" data-element_type=\"column\" data-settings=\"{&quot;background_background&quot;:&quot;classic&quot;}\">\n\t\t\t<div class=\"elementor-widget-wrap elementor-element-populated\">\n\t\t\t\t\t\t<div class=\"elementor-element elementor-element-6de20956 elementor-widget elementor-widget-heading\" data-id=\"6de20956\" data-element_type=\"widget\" data-widget_type=\"heading.default\">\n\t\t\t\t<div class=\"elementor-widget-container\">\n\t\t\t<h2 class=\"elementor-heading-title elementor-size-default\">Env\u00ede su consulta hoy<\/h2>\t\t<\/div>\n\t\t\t\t<\/div>\n\t\t\t\t<div class=\"elementor-element elementor-element-11a688d4 elementor-widget elementor-widget-template\" data-id=\"11a688d4\" data-element_type=\"widget\" data-widget_type=\"template.default\">\n\t\t\t\t<div class=\"elementor-widget-container\">\n\t\t\t\t\t<div class=\"elementor-template\">\n\t\t\t\t\t<div data-elementor-type=\"section\" data-elementor-id=\"213\" class=\"elementor elementor-213\" data-elementor-post-type=\"elementor_library\">\n\t\t\t\t\t<section class=\"elementor-section elementor-top-section elementor-element elementor-element-147d694 elementor-section-boxed elementor-section-height-default elementor-section-height-default\" data-id=\"147d694\" data-element_type=\"section\">\n\t\t\t\t\t\t<div class=\"elementor-container elementor-column-gap-default\">\n\t\t\t\t\t<div class=\"elementor-column elementor-col-100 elementor-top-column elementor-element elementor-element-8955c09\" data-id=\"8955c09\" data-element_type=\"column\">\n\t\t\t<div class=\"elementor-widget-wrap elementor-element-populated\">\n\t\t\t\t\t\t<div class=\"elementor-element elementor-element-5294796 elementor-button-align-stretch elementor-widget elementor-widget-global elementor-global-2532 elementor-widget-form\" data-id=\"5294796\" data-element_type=\"widget\" data-settings=\"{&quot;step_next_label&quot;:&quot;Next&quot;,&quot;step_previous_label&quot;:&quot;Previous&quot;,&quot;button_width&quot;:&quot;100&quot;,&quot;step_type&quot;:&quot;number_text&quot;,&quot;step_icon_shape&quot;:&quot;circle&quot;}\" data-widget_type=\"form.default\">\n\t\t\t\t<div class=\"elementor-widget-container\">\n\t\t\t\t\t<form class=\"elementor-form\" method=\"post\" name=\"New Form\" action=\"\">\n\t\t\t<input type=\"hidden\" name=\"post_id\" value=\"213\"\/>\n\t\t\t<input type=\"hidden\" name=\"form_id\" value=\"5294796\"\/>\n\t\t\t<input type=\"hidden\" name=\"referer_title\" value=\"\" \/>\n\n\t\t\t\n\t\t\t<div class=\"elementor-form-fields-wrapper elementor-labels-\">\n\t\t\t\t\t\t\t\t<div class=\"elementor-field-type-text elementor-field-group elementor-column elementor-field-group-name elementor-col-50 elementor-field-required\">\n\t\t\t\t\t\t\t\t\t\t\t\t\t<input size=\"1\" type=\"text\" name=\"form_fields[name]\" id=\"form-field-name\" class=\"elementor-field elementor-size-sm  elementor-field-textual\" placeholder=\"Nombre *\" required=\"required\" aria-required=\"true\">\n\t\t\t\t\t\t\t\t\t\t\t<\/div>\n\t\t\t\t\t\t\t\t<div class=\"elementor-field-type-email elementor-field-group elementor-column elementor-field-group-email elementor-col-50 elementor-field-required\">\n\t\t\t\t\t\t\t\t\t\t\t\t\t<input size=\"1\" type=\"email\" name=\"form_fields[email]\" id=\"form-field-email\" class=\"elementor-field elementor-size-sm  elementor-field-textual\" placeholder=\"Correo electr\u00f3nico *\" required=\"required\" aria-required=\"true\">\n\t\t\t\t\t\t\t\t\t\t\t<\/div>\n\t\t\t\t\t\t\t\t<div class=\"elementor-field-type-text elementor-field-group elementor-column elementor-field-group-yourcompany elementor-col-50 elementor-field-required\">\n\t\t\t\t\t\t\t\t\t\t\t\t\t<input size=\"1\" type=\"text\" name=\"form_fields[yourcompany]\" id=\"form-field-yourcompany\" class=\"elementor-field elementor-size-sm  elementor-field-textual\" placeholder=\"Compa\u00f1\u00eda *\" required=\"required\" aria-required=\"true\">\n\t\t\t\t\t\t\t\t\t\t\t<\/div>\n\t\t\t\t\t\t\t\t<div class=\"elementor-field-type-tel elementor-field-group elementor-column elementor-field-group-phone elementor-col-50 elementor-field-required\">\n\t\t\t\t\t\t\t<input size=\"1\" type=\"tel\" name=\"form_fields[phone]\" id=\"form-field-phone\" class=\"elementor-field elementor-size-sm  elementor-field-textual\" placeholder=\"Tel\u00e9fono *\" required=\"required\" aria-required=\"true\" pattern=\"[0-9()#&amp;+*-=.]+\" title=\"Solo se aceptan n\u00fameros y caracteres telef\u00f3nicos (#, -, *, etc.).\">\n\n\t\t\t\t\t\t<\/div>\n\t\t\t\t\t\t\t\t<div class=\"elementor-field-type-text elementor-field-group elementor-column elementor-field-group-country elementor-col-50 elementor-field-required\">\n\t\t\t\t\t\t\t\t\t\t\t\t\t<input size=\"1\" type=\"text\" name=\"form_fields[country]\" id=\"form-field-country\" class=\"elementor-field elementor-size-sm  elementor-field-textual\" placeholder=\"Pa\u00eds\" required=\"required\" aria-required=\"true\">\n\t\t\t\t\t\t\t\t\t\t\t<\/div>\n\t\t\t\t\t\t\t\t<div class=\"elementor-field-type-text elementor-field-group elementor-column elementor-field-group-yourmobile elementor-col-50 elementor-field-required\">\n\t\t\t\t\t\t\t\t\t\t\t\t\t<input size=\"1\" type=\"text\" name=\"form_fields[yourmobile]\" id=\"form-field-yourmobile\" class=\"elementor-field elementor-size-sm  elementor-field-textual\" placeholder=\"M\u00f3vil *\" required=\"required\" aria-required=\"true\">\n\t\t\t\t\t\t\t\t\t\t\t<\/div>\n\t\t\t\t\t\t\t\t<div class=\"elementor-field-type-textarea elementor-field-group elementor-column elementor-field-group-message elementor-col-100 elementor-field-required\">\n\t\t\t\t\t<textarea class=\"elementor-field-textual elementor-field  elementor-size-sm\" name=\"form_fields[message]\" id=\"form-field-message\" rows=\"4\" placeholder=\"Mensaje *\" required=\"required\" aria-required=\"true\"><\/textarea>\t\t\t\t<\/div>\n\t\t\t\t\t\t\t\t<div class=\"elementor-field-type-recaptcha elementor-field-group elementor-column elementor-field-group-field_recaptcha elementor-col-100\">\n\t\t\t\t\t<div class=\"elementor-field\" id=\"form-field-field_recaptcha\"><div class=\"elementor-g-recaptcha\" data-sitekey=\"6LdTXg0iAAAAAJQWCjxvpI7P0vJF3Al_7EIzWP9u\" data-type=\"v2_checkbox\" data-theme=\"light\" data-size=\"normal\"><\/div><\/div>\t\t\t\t<\/div>\n\t\t\t\t\t\t\t\t<div class=\"elementor-field-group elementor-column elementor-field-type-submit elementor-col-100 e-form__buttons\">\n\t\t\t\t\t<button class=\"elementor-button elementor-size-sm\" type=\"submit\">\n\t\t\t\t\t\t<span class=\"elementor-button-content-wrapper\">\n\t\t\t\t\t\t\t\t\t\t\t\t\t\t\t\t\t\t\t\t\t\t<span class=\"elementor-button-text\">Enviar<\/span>\n\t\t\t\t\t\t\t\t\t\t\t\t\t<\/span>\n\t\t\t\t\t<\/button>\n\t\t\t\t<\/div>\n\t\t\t<\/div>\n\t\t<input type=\"hidden\" name=\"trp-form-language\" value=\"es\"\/><\/form>\n\t\t\t\t<\/div>\n\t\t\t\t<\/div>\n\t\t\t\t\t<\/div>\n\t\t<\/div>\n\t\t\t\t\t<\/div>\n\t\t<\/section>\n\t\t\t\t<\/div>\n\t\t\t\t<\/div>\n\t\t\t\t<\/div>\n\t\t\t\t<\/div>\n\t\t\t\t\t<\/div>\n\t\t<\/div>\n\t\t\t\t\t<\/div>\n\t\t<\/section>\n\t\t\t\t\t<\/div>\n\t\t<\/div>\n\t\t\t\t\t<\/div>\n\t\t<\/section>\n\t\t\t\t<\/div>","protected":false},"excerpt":{"rendered":"<p>C\u00c9SPED SINT\u00c9TICO + ZEOLITA ZEOXFILL El c\u00e9sped sint\u00e9tico, tambi\u00e9n conocido como c\u00e9sped artificial, ha sido un producto popular durante d\u00e9cadas. Se utiliza en estadios deportivos, c\u00e9spedes residenciales, perreras para mascotas, balcones y muchos m\u00e1s lugares. Lo que lo hace tan bueno es el bajo mantenimiento y la mayor durabilidad en comparaci\u00f3n con el c\u00e9sped natural. Sin embargo, requiere [\u2026]<\/p>","protected":false},"author":1,"featured_media":1424,"parent":1557,"menu_order":3,"comment_status":"closed","ping_status":"closed","template":"elementor_header_footer","meta":{"footnotes":""},"class_list":["post-1597","page","type-page","status-publish","has-post-thumbnail","hentry"],"_links":{"self":[{"href":"https:\/\/zeolitemin.com\/es\/wp-json\/wp\/v2\/pages\/1597","targetHints":{"allow":["GET"]}}],"collection":[{"href":"https:\/\/zeolitemin.com\/es\/wp-json\/wp\/v2\/pages"}],"about":[{"href":"https:\/\/zeolitemin.com\/es\/wp-json\/wp\/v2\/types\/page"}],"author":[{"embeddable":true,"href":"https:\/\/zeolitemin.com\/es\/wp-json\/wp\/v2\/users\/1"}],"replies":[{"embeddable":true,"href":"https:\/\/zeolitemin.com\/es\/wp-json\/wp\/v2\/comments?post=1597"}],"version-history":[{"count":0,"href":"https:\/\/zeolitemin.com\/es\/wp-json\/wp\/v2\/pages\/1597\/revisions"}],"up":[{"embeddable":true,"href":"https:\/\/zeolitemin.com\/es\/wp-json\/wp\/v2\/pages\/1557"}],"wp:featuredmedia":[{"embeddable":true,"href":"https:\/\/zeolitemin.com\/es\/wp-json\/wp\/v2\/media\/1424"}],"wp:attachment":[{"href":"https:\/\/zeolitemin.com\/es\/wp-json\/wp\/v2\/media?parent=1597"}],"curies":[{"name":"wp","href":"https:\/\/api.w.org\/{rel}","templated":true}]}}