{"id":1588,"date":"2022-03-24T16:09:02","date_gmt":"2022-03-24T08:09:02","guid":{"rendered":"http:\/\/www.oklee.ga\/?page_id=1588"},"modified":"2024-07-02T15:09:23","modified_gmt":"2024-07-02T07:09:23","slug":"animal-feed-ingredient","status":"publish","type":"page","link":"https:\/\/zeolitemin.com\/es\/zeolite-applications\/animal-feed-ingredient\/","title":{"rendered":"Ingrediente de alimentaci\u00f3n animal"},"content":{"rendered":"<div data-elementor-type=\"wp-page\" data-elementor-id=\"1588\" class=\"elementor elementor-1588\" data-elementor-post-type=\"page\">\n\t\t\t\t\t\t<section class=\"elementor-section elementor-top-section elementor-element elementor-element-750ced67 elementor-section-height-min-height elementor-section-content-middle elementor-section-full_width elementor-section-height-default elementor-section-items-middle\" data-id=\"750ced67\" data-element_type=\"section\" data-settings=\"{&quot;background_background&quot;:&quot;classic&quot;}\">\n\t\t\t\t\t\t<div class=\"elementor-container elementor-column-gap-default\">\n\t\t\t\t\t<div class=\"elementor-column elementor-col-100 elementor-top-column elementor-element elementor-element-795f0314\" data-id=\"795f0314\" data-element_type=\"column\">\n\t\t\t<div class=\"elementor-widget-wrap elementor-element-populated\">\n\t\t\t\t\t\t<div class=\"elementor-element elementor-element-204cc54 elementor-widget elementor-widget-theme-post-title elementor-page-title elementor-widget-heading\" data-id=\"204cc54\" data-element_type=\"widget\" data-widget_type=\"theme-post-title.default\">\n\t\t\t\t<div class=\"elementor-widget-container\">\n\t\t\t<h1 class=\"elementor-heading-title elementor-size-default\">Ingrediente para alimentaci\u00f3n animal: nutrici\u00f3n completa mejorada<\/h1>\t\t<\/div>\n\t\t\t\t<\/div>\n\t\t\t\t\t<\/div>\n\t\t<\/div>\n\t\t\t\t\t<\/div>\n\t\t<\/section>\n\t\t\t\t<section class=\"elementor-section elementor-top-section elementor-element elementor-element-66b31f28 elementor-section-stretched elementor-section-boxed elementor-section-height-default elementor-section-height-default\" data-id=\"66b31f28\" data-element_type=\"section\" data-settings=\"{&quot;stretch_section&quot;:&quot;section-stretched&quot;,&quot;background_background&quot;:&quot;classic&quot;}\">\n\t\t\t\t\t\t<div class=\"elementor-container elementor-column-gap-default\">\n\t\t\t\t\t<div class=\"elementor-column elementor-col-50 elementor-top-column elementor-element elementor-element-309eb8d8\" data-id=\"309eb8d8\" data-element_type=\"column\">\n\t\t\t<div class=\"elementor-widget-wrap elementor-element-populated\">\n\t\t\t\t\t\t<div class=\"elementor-element elementor-element-77b098b1 elementor-widget elementor-widget-image\" data-id=\"77b098b1\" data-element_type=\"widget\" data-widget_type=\"image.default\">\n\t\t\t\t<div class=\"elementor-widget-container\">\n\t\t\t\t\t\t\t\t\t\t\t\t\t<img fetchpriority=\"high\" decoding=\"async\" width=\"266\" height=\"190\" src=\"https:\/\/zeolitemin.com\/wp-content\/uploads\/2022\/03\/feed-Chickens.jpg\" class=\"attachment-large size-large wp-image-655\" alt=\"La zeolita se utiliza como aditivo para piensos en la alimentaci\u00f3n de aves de corral, cerdos y vacas.\" \/>\t\t\t\t\t\t\t\t\t\t\t\t\t<\/div>\n\t\t\t\t<\/div>\n\t\t\t\t\t<\/div>\n\t\t<\/div>\n\t\t\t\t<div class=\"elementor-column elementor-col-50 elementor-top-column elementor-element elementor-element-7cc8c3af\" data-id=\"7cc8c3af\" data-element_type=\"column\">\n\t\t\t<div class=\"elementor-widget-wrap elementor-element-populated\">\n\t\t\t\t\t\t<div class=\"elementor-element elementor-element-52a5c74f elementor-widget elementor-widget-heading\" data-id=\"52a5c74f\" data-element_type=\"widget\" data-widget_type=\"heading.default\">\n\t\t\t\t<div class=\"elementor-widget-container\">\n\t\t\t<h2 class=\"elementor-heading-title elementor-size-default\">Ingrediente de alimentaci\u00f3n animal<\/h2>\t\t<\/div>\n\t\t\t\t<\/div>\n\t\t\t\t<div class=\"elementor-element elementor-element-76d188b1 elementor-widget elementor-widget-text-editor\" data-id=\"76d188b1\" data-element_type=\"widget\" data-widget_type=\"text-editor.default\">\n\t\t\t\t<div class=\"elementor-widget-container\">\n\t\t\t\t\t\t\t<p>Env\u00edo: Contenedor \/ Buque a granel<br \/>Tiempo de entrega: 10 d\u00edas despu\u00e9s de PO<br \/>Capacidad: 3500 TM \/ Mes<br \/>Paquete: 25 kg \/ 50 kg \/ 700 kg<\/p>\t\t\t\t\t\t<\/div>\n\t\t\t\t<\/div>\n\t\t\t\t<div class=\"elementor-element elementor-element-18d998ff elementor-widget elementor-widget-text-editor\" data-id=\"18d998ff\" data-element_type=\"widget\" data-widget_type=\"text-editor.default\">\n\t\t\t\t<div class=\"elementor-widget-container\">\n\t\t\t\t\t\t\t<p>Medios filtrantes efectivos de agua mineral natural 100% de calidad superior incomparable con los m\u00e9todos tradicionales de filtraci\u00f3n de piscinas<\/p>\t\t\t\t\t\t<\/div>\n\t\t\t\t<\/div>\n\t\t\t\t\t<\/div>\n\t\t<\/div>\n\t\t\t\t\t<\/div>\n\t\t<\/section>\n\t\t\t\t<section class=\"elementor-section elementor-top-section elementor-element elementor-element-5219520 elementor-section-boxed elementor-section-height-default elementor-section-height-default\" data-id=\"5219520\" data-element_type=\"section\">\n\t\t\t\t\t\t<div class=\"elementor-container elementor-column-gap-default\">\n\t\t\t\t\t<div class=\"elementor-column elementor-col-100 elementor-top-column elementor-element elementor-element-4ec489c\" data-id=\"4ec489c\" data-element_type=\"column\">\n\t\t\t<div class=\"elementor-widget-wrap elementor-element-populated\">\n\t\t\t\t\t\t<div class=\"elementor-element elementor-element-6f895fd elementor-widget elementor-widget-heading\" data-id=\"6f895fd\" data-element_type=\"widget\" data-widget_type=\"heading.default\">\n\t\t\t\t<div class=\"elementor-widget-container\">\n\t\t\t<h2 class=\"elementor-heading-title elementor-size-default\">Ingrediente de alimentaci\u00f3n animal<\/h2>\t\t<\/div>\n\t\t\t\t<\/div>\n\t\t\t\t<div class=\"elementor-element elementor-element-9b6135a elementor-widget elementor-widget-text-editor\" data-id=\"9b6135a\" data-element_type=\"widget\" data-widget_type=\"text-editor.default\">\n\t\t\t\t<div class=\"elementor-widget-container\">\n\t\t\t\t\t\t\t<h3>ADITIVO ZEOLITA PARA ALIMENTOS ANIMALES<\/h3><p>Existen numerosos beneficios para la aplicaci\u00f3n de zeolita clinoptilolita en aditivos para alimentos para animales. <a href=\"https:\/\/zeolitemin.com\/es\/zeolite-science\/what-is-the-best-zeolite\/\">Zeolita<\/a> La clinoptilolita es ampliamente utilizada por los ganaderos como aditivo en la alimentaci\u00f3n animal para ganado vacuno, vacas lecheras, cerdos, aves de corral (pollos de engorde y producci\u00f3n de huevos) y ovejas. Dado que la zeolita clinoptilolita es el \u00fanico mineral del mundo que se presenta de forma natural y tiene carga negativa, una gran cantidad de beneficios en el proceso de alimentaci\u00f3n pueden resultar de la qu\u00edmica b\u00e1sica de la zeolita. <a href=\"https:\/\/zeolitemin.com\/es\/zeolite-science\/what-is-natural-clinoptilolite\/\">clinoptilolita<\/a> como aditivo para alimentaci\u00f3n animal.<\/p><p>La zeolita clinoptilolita es org\u00e1nica certificada, estable y no t\u00f3xica. Esto, combinado con sus otras caracter\u00edsticas \u00fanicas, les permite ser utilizados como aditivos para piensos con m\u00faltiples beneficios complementarios. El aditivo para alimentos para animales de zeolita tambi\u00e9n absorber\u00e1 los olores del grano en mal estado o del grano para pienso y reducir\u00e1 sustancialmente los olores en las instalaciones para animales encerradas. La introducci\u00f3n de la zeolita como aditivo para alimentos para animales brinda las siguientes recompensas:<\/p><ul><li>Mejor crecimiento animal y aumento de peso mediante una mayor eficiencia de la tasa de conversi\u00f3n de alimentos (se requiere menos alimento por libra de aumento de peso)<\/li><li>La fuerte afinidad por el amonio proporciona un control superior del olor y un ambiente saludable. Tambi\u00e9n protege la penetraci\u00f3n de amon\u00edaco en el torrente sangu\u00edneo.<\/li><li>La zeolita clinoptilolita es un tamp\u00f3n ruminal para el tracto digestivo total del ganado lechero de alto rendimiento. Un CEC m\u00e1s alto significa m\u00e1s almacenamiento en b\u00fafer (consulte a continuaci\u00f3n un caso real)<\/li><li>Reducci\u00f3n de Diarrea, acidosis, diarrea, enteritis y otras enfermedades gastrointestinales<\/li><li>Fuerte afinidad por el amonio que ayuda en la digesti\u00f3n y la absorci\u00f3n de nutrientes y mejora el valor de la leche, los huevos clasificables y el \u00edndice de carne<\/li><li>mejor dispersi\u00f3n de los ingredientes de las raciones de alimentaci\u00f3n al reducir la aglomeraci\u00f3n<\/li><li>mayor NPN para rumiantes y mejora la actividad microbiana del rumen (ver la siguiente secci\u00f3n)<\/li><li>Mejor utilizaci\u00f3n de fosfato<\/li><li>Mejora el efecto de la carbamida en la alimentaci\u00f3n del ganado. Absorbe NH4+ liberado por hidr\u00f3lisis de carbamida<\/li><li>Reduce la acidosis (intoxicaci\u00f3n por cereales)<\/li><li>Antiaglomerante\/agente de fluidez para alimento y mayor durabilidad de los gr\u00e1nulos de alimento<\/li><li>Mejora del crecimiento \u00f3seo<\/li><li>Mortalidad reducida<\/li><li>No tiene valor cal\u00f3rico y no es un terap\u00e9utico<\/li><li>Aprobado para su uso en aditivos para alimentaci\u00f3n animal<\/li><li>Aglutinante de micotoxinas.\u00a0<\/li><\/ul><p>\u00a0<\/p><p>La zeolita clinoptilolita cuenta con la aprobaci\u00f3n de la UE para su uso en la industria porcina y av\u00edcola. Aunque actualmente no est\u00e1 aprobada en Am\u00e9rica del Norte para la uni\u00f3n de micotoxinas, la zeolita es el est\u00e1ndar para la uni\u00f3n de micotoxinas en muchos pa\u00edses y tambi\u00e9n en Europa al absorber un amplio espectro de toxinas. Tambi\u00e9n ayuda a controlar las aflatoxinas en la alimentaci\u00f3n animal, lo que reduce las tasas de mortalidad por estr\u00e9s digestivo y reduce la necesidad de antibi\u00f3ticos y medicamentos. En Europa no se utilizan antibi\u00f3ticos cuando se utiliza zeolita clinoptilolita (no <a href=\"https:\/\/antenchem.com\" rel=\"noopener\">tamiz molecular<\/a> ) en la alimentaci\u00f3n<br \/>Despu\u00e9s de a\u00f1os de pruebas de campo exitosas, muchos proveedores de alimentos y usuarios finales han incluido zeolita clinoptilolita en aditivos para alimentos para animales (alrededor de 2% a 5%) en su programa de suministro de alimentos. Hay una mejora general en el crecimiento y la salud de estos animales como resultado<\/p>\t\t\t\t\t\t<\/div>\n\t\t\t\t<\/div>\n\t\t\t\t<div class=\"elementor-element elementor-element-b88fd38 elementor-widget elementor-widget-text-editor\" data-id=\"b88fd38\" data-element_type=\"widget\" data-widget_type=\"text-editor.default\">\n\t\t\t\t<div class=\"elementor-widget-container\">\n\t\t\t\t\t\t\t<h4>BENEFICIOS ESPEC\u00cdFICOS DE LA APLICACI\u00d3N<\/h4><table class=\"table table-hover ke-zeroborder\"><tbody><tr><th>SOLICITUD<\/th><th>BENEFICIOS<\/th><\/tr><tr><td>acuarios<\/td><td>\u2013 Estabiliza los niveles de amon\u00edaco mientras se establece un filtro biol\u00f3gico<br \/>\u2013 Proporciona una gran superficie para el crecimiento de bacterias nitrificantes<br \/>\u2013 Seguro para la vida acu\u00e1tica, plantas y bacterias nitrificantes<br \/>\u2013 Absorbe compuestos org\u00e1nicos disueltos y metales pesados<br \/>\u2013 Previene el s\u00edndrome del tanque nuevo<br \/>\u2013 Filtra micropart\u00edculas<br \/>\u2013 Estabiliza los niveles de pH del agua<br \/>\u2013 Evita el crecimiento de algas<br \/>\u2013 Mejora la claridad del agua<br \/>\u2013 Los filtros de zeolita se pueden limpiar en una soluci\u00f3n de agua salada y la zeolita reutilizada no se debe usar en acuarios de agua salada.<\/td><\/tr><tr><td>Gesti\u00f3n de aguas pluviales<\/td><td>\u2013 Absorbe contaminantes de metales pesados que no se degradan en el entorno natural<br \/>\u2013 Filtra metales disueltos y suspendidos como plomo (Pb), cobre (Cu) y zinc (Zn)<br \/>\u2013 Absorbe arseniato, solventes y componentes de combustible<br \/>\u2013 Altos niveles de absorci\u00f3n de contaminantes ocurren dentro de la primera hora de contacto<\/td><\/tr><tr><td>Agua potable<\/td><td>\u2013 Suaviza el agua absorbiendo calcio (Ca) y magnesio (Mg)<br \/>\u2013 Elimina el cloro (Cl) del agua del grifo<br \/>\u2013 Elimina el hierro (Fe) de las fuentes de agua subterr\u00e1nea<br \/>\u2013 Elimina contaminantes como metales pesados y amon\u00edaco (NH3)<br \/>\u2013 Neutraliza el agua ligeramente \u00e1cida<br \/>\u2013 Mejora la claridad del agua<br \/>\u2013 Proporciona una mejor separaci\u00f3n l\u00edquido\/s\u00f3lido que otros filtros como el alumbre y el pol\u00edmero<br \/>\u2013 Capaz de reemplazar arena y antracita en filtros de recipientes a presi\u00f3n y de gravedad<\/td><\/tr><tr><td>Piscinas y jacuzzis<\/td><td>\u2013 Absorbe nitratos (NO3), amon\u00edaco (NH3), fosfatos (PO43), hierro (Fe), manganeso (Mn)<br \/>\u2013 Atrapa y captura la piel y las c\u00e9lulas sangu\u00edneas<br \/>\u2013 Elimina bacterias algas y cryptosporidium<br \/>\u2013 Evita la lixiviaci\u00f3n de contaminantes<br \/>\u2013 Previene la formaci\u00f3n de cloraminas que causan irritaci\u00f3n ocular<br \/>\u2013 Previene los olores<br \/>\u2013 Mejora la claridad del agua<br \/>\u2013 Los filtros de zeolita se pueden mantener limpios con menos ciclos de retrolavado que los filtros de arena<\/td><\/tr><tr><td>estanques<\/td><td>\u2013 Filtra y absorbe amon\u00edaco (NH3), nitratos (NO3) y fosfatos (PO43)<br \/>\u2013 Absorbe el amon\u00edaco a un ritmo m\u00e1s r\u00e1pido que las bacterias nitrificantes<br \/>\u2013 Evita el crecimiento de algas<br \/>\u2013 Mejora el equilibrio del pH del agua<br \/>\u2013 Filtra part\u00edculas finas y compuestos disueltos<br \/>\u2013 Mejora la claridad del agua<br \/>\u2013 Clasificado como GRAS (Generally Regarded As Safe) para plantas y animales acu\u00e1ticos<br \/>\u2013 El filtro de zeolita se puede limpiar en una soluci\u00f3n de agua salada y la zeolita reutilizada no se debe usar en estanques de agua salada.<\/td><\/tr><tr><td>Estanques de relaves mineros<\/td><td>\u2013 Adsorbe y une metales pesados y cianuro (CN-) que se encuentran en las aguas de mina<br \/>\u2013 Deshidrataci\u00f3n y desodorizaci\u00f3n de lodos<br \/>\u2013 Capaz de reducir los efluentes l\u00edquidos a desechos s\u00f3lidos que se pueden controlar de manera segura<br \/>\u2013 Evita la lixiviaci\u00f3n debido a los fuertes enlaces que se forman entre la zeolita y los metales pesados<br \/>\u2013 Evita que los metales pesados y el cianuro (CN-) entren en arroyos y sistemas acu\u00edferos<br \/>\u2013 Absorbe cationes de metales pesados, incluidos plata (Ag), cobalto (Co), manganeso (Mn), aluminio (Al), cesio (Cs), magnesio (Mg), ars\u00e9nico (As), cobre (Cu), molibdeno (Mo) , cadmio (Cd), hierro (Fe), n\u00edquel (Ni), cromo (Cr), mercurio (Hg), plomo (Pb), estroncio (Sr), uranio (U), zinc (Zn)<\/td><\/tr><\/tbody><\/table>\t\t\t\t\t\t<\/div>\n\t\t\t\t<\/div>\n\t\t\t\t\t<\/div>\n\t\t<\/div>\n\t\t\t\t\t<\/div>\n\t\t<\/section>\n\t\t\t\t<section class=\"elementor-section elementor-top-section elementor-element elementor-element-1eaadfd elementor-section-boxed elementor-section-height-default elementor-section-height-default\" data-id=\"1eaadfd\" data-element_type=\"section\" data-settings=\"{&quot;background_background&quot;:&quot;classic&quot;}\">\n\t\t\t\t\t\t<div class=\"elementor-container elementor-column-gap-default\">\n\t\t\t\t\t<div class=\"elementor-column elementor-col-25 elementor-top-column elementor-element elementor-element-dfd1fe7\" data-id=\"dfd1fe7\" data-element_type=\"column\">\n\t\t\t<div class=\"elementor-widget-wrap elementor-element-populated\">\n\t\t\t\t\t\t<div class=\"elementor-element elementor-element-1c43a9b elementor-widget elementor-widget-heading\" data-id=\"1c43a9b\" data-element_type=\"widget\" data-widget_type=\"heading.default\">\n\t\t\t\t<div class=\"elementor-widget-container\">\n\t\t\t<h3 class=\"elementor-heading-title elementor-size-default\">Deje que nuestras zeolitas respalden su negocio<\/h3>\t\t<\/div>\n\t\t\t\t<\/div>\n\t\t\t\t\t<\/div>\n\t\t<\/div>\n\t\t\t\t<div class=\"elementor-column elementor-col-25 elementor-top-column elementor-element elementor-element-45c6e10\" data-id=\"45c6e10\" data-element_type=\"column\">\n\t\t\t<div class=\"elementor-widget-wrap\">\n\t\t\t\t\t\t\t<\/div>\n\t\t<\/div>\n\t\t\t\t<div class=\"elementor-column elementor-col-25 elementor-top-column elementor-element elementor-element-14a25e9\" data-id=\"14a25e9\" data-element_type=\"column\">\n\t\t\t<div class=\"elementor-widget-wrap elementor-element-populated\">\n\t\t\t\t\t\t<div class=\"elementor-element elementor-element-e7f7b96 elementor-align-justify elementor-widget__width-initial elementor-widget elementor-widget-button\" data-id=\"e7f7b96\" data-element_type=\"widget\" data-widget_type=\"button.default\">\n\t\t\t\t<div class=\"elementor-widget-container\">\n\t\t\t\t\t<div class=\"elementor-button-wrapper\">\n\t\t\t<a class=\"elementor-button elementor-button-link elementor-size-sm\" href=\"https:\/\/zeolitemin.com\/es\/make-an-inquire\/\">\n\t\t\t\t\t\t<span class=\"elementor-button-content-wrapper\">\n\t\t\t\t\t\t\t\t\t<span class=\"elementor-button-text\">hacer una consulta<\/span>\n\t\t\t\t\t<\/span>\n\t\t\t\t\t<\/a>\n\t\t<\/div>\n\t\t\t\t<\/div>\n\t\t\t\t<\/div>\n\t\t\t\t\t<\/div>\n\t\t<\/div>\n\t\t\t\t<div class=\"elementor-column elementor-col-25 elementor-top-column elementor-element elementor-element-850fa4e\" data-id=\"850fa4e\" data-element_type=\"column\">\n\t\t\t<div class=\"elementor-widget-wrap\">\n\t\t\t\t\t\t\t<\/div>\n\t\t<\/div>\n\t\t\t\t\t<\/div>\n\t\t<\/section>\n\t\t\t\t<\/div>","protected":false},"excerpt":{"rendered":"<p>Env\u00edo: Contenedor \/ Buque a granel Tiempo de entrega: 10 d\u00edas despu\u00e9s del PO Capacidad: 3500 TM \/ Mes Paquete: 25 kg \/ 50 kg \/ 700 kg Medio filtrante eficaz del mineral natural 100% Agua de calidad superior incomparable con los m\u00e9todos tradicionales de filtraci\u00f3n de piscinas Ingrediente para alimentaci\u00f3n animal ZEOLITA ADITIVO PARA ALIMENTACI\u00d3N ANIMAL Existen numerosos beneficios de la aplicaci\u00f3n de zeolita clinoptilolita en animales [\u2026]<\/p>","protected":false},"author":1,"featured_media":1388,"parent":1557,"menu_order":2,"comment_status":"closed","ping_status":"closed","template":"elementor_header_footer","meta":{"footnotes":""},"class_list":["post-1588","page","type-page","status-publish","has-post-thumbnail","hentry"],"_links":{"self":[{"href":"https:\/\/zeolitemin.com\/es\/wp-json\/wp\/v2\/pages\/1588","targetHints":{"allow":["GET"]}}],"collection":[{"href":"https:\/\/zeolitemin.com\/es\/wp-json\/wp\/v2\/pages"}],"about":[{"href":"https:\/\/zeolitemin.com\/es\/wp-json\/wp\/v2\/types\/page"}],"author":[{"embeddable":true,"href":"https:\/\/zeolitemin.com\/es\/wp-json\/wp\/v2\/users\/1"}],"replies":[{"embeddable":true,"href":"https:\/\/zeolitemin.com\/es\/wp-json\/wp\/v2\/comments?post=1588"}],"version-history":[{"count":0,"href":"https:\/\/zeolitemin.com\/es\/wp-json\/wp\/v2\/pages\/1588\/revisions"}],"up":[{"embeddable":true,"href":"https:\/\/zeolitemin.com\/es\/wp-json\/wp\/v2\/pages\/1557"}],"wp:featuredmedia":[{"embeddable":true,"href":"https:\/\/zeolitemin.com\/es\/wp-json\/wp\/v2\/media\/1388"}],"wp:attachment":[{"href":"https:\/\/zeolitemin.com\/es\/wp-json\/wp\/v2\/media?parent=1588"}],"curies":[{"name":"wp","href":"https:\/\/api.w.org\/{rel}","templated":true}]}}