{"id":1557,"date":"2022-03-24T10:45:29","date_gmt":"2022-03-24T02:45:29","guid":{"rendered":"http:\/\/www.oklee.ga\/?page_id=1557"},"modified":"2024-05-31T10:33:56","modified_gmt":"2024-05-31T02:33:56","slug":"zeolite-applications","status":"publish","type":"page","link":"https:\/\/zeolitemin.com\/es\/zeolite-applications\/","title":{"rendered":"Aplicaciones"},"content":{"rendered":"<div data-elementor-type=\"wp-page\" data-elementor-id=\"1557\" class=\"elementor elementor-1557\" data-elementor-post-type=\"page\">\n\t\t\t\t\t\t<section class=\"elementor-section elementor-top-section elementor-element elementor-element-42c0811 elementor-section-height-min-height elementor-section-boxed elementor-section-height-default elementor-section-items-middle\" data-id=\"42c0811\" data-element_type=\"section\" data-settings=\"{&quot;background_background&quot;:&quot;classic&quot;}\">\n\t\t\t\t\t\t<div class=\"elementor-container elementor-column-gap-default\">\n\t\t\t\t\t<div class=\"elementor-column elementor-col-100 elementor-top-column elementor-element elementor-element-370e65ef\" data-id=\"370e65ef\" data-element_type=\"column\">\n\t\t\t<div class=\"elementor-widget-wrap elementor-element-populated\">\n\t\t\t\t\t\t<div class=\"elementor-element elementor-element-9724985 elementor-widget elementor-widget-heading\" data-id=\"9724985\" data-element_type=\"widget\" data-widget_type=\"heading.default\">\n\t\t\t\t<div class=\"elementor-widget-container\">\n\t\t\t<h1 class=\"elementor-heading-title elementor-size-default\">Usos y aplicaciones de la zeolita: deber\u00eda saber m\u00e1s<\/h1>\t\t<\/div>\n\t\t\t\t<\/div>\n\t\t\t\t<div class=\"elementor-element elementor-element-3066d79f elementor-widget elementor-widget-text-editor\" data-id=\"3066d79f\" data-element_type=\"widget\" data-widget_type=\"text-editor.default\">\n\t\t\t\t<div class=\"elementor-widget-container\">\n\t\t\t\t\t\t\t<p>Zeolita natural versus zeolita sint\u00e9tica, se obtuvo mediante la funci\u00f3n de adsorbente y capacidad de intercambio cati\u00f3nico de una estructura de aluminosilicato. La zeolita clinoptilolita se prepar\u00f3 en polvo, gr\u00e1nulos.<\/p>\t\t\t\t\t\t<\/div>\n\t\t\t\t<\/div>\n\t\t\t\t\t<\/div>\n\t\t<\/div>\n\t\t\t\t\t<\/div>\n\t\t<\/section>\n\t\t\t\t<section class=\"elementor-section elementor-top-section elementor-element elementor-element-548d29bb elementor-section-boxed elementor-section-height-default elementor-section-height-default\" data-id=\"548d29bb\" data-element_type=\"section\" data-settings=\"{&quot;background_background&quot;:&quot;classic&quot;}\">\n\t\t\t\t\t\t<div class=\"elementor-container elementor-column-gap-default\">\n\t\t\t\t\t<div class=\"elementor-column elementor-col-100 elementor-top-column elementor-element elementor-element-4e1ae401\" data-id=\"4e1ae401\" data-element_type=\"column\">\n\t\t\t<div class=\"elementor-widget-wrap elementor-element-populated\">\n\t\t\t\t\t\t<div class=\"elementor-element elementor-element-5157870b elementor-widget elementor-widget-heading\" data-id=\"5157870b\" data-element_type=\"widget\" data-widget_type=\"heading.default\">\n\t\t\t\t<div class=\"elementor-widget-container\">\n\t\t\t<h3 class=\"elementor-heading-title elementor-size-default\">Usos y aplicaciones de zeolita natural clinoptilolita<\/h3>\t\t<\/div>\n\t\t\t\t<\/div>\n\t\t\t\t<div class=\"elementor-element elementor-element-3dda5bbc elementor-widget elementor-widget-text-editor\" data-id=\"3dda5bbc\" data-element_type=\"widget\" data-widget_type=\"text-editor.default\">\n\t\t\t\t<div class=\"elementor-widget-container\">\n\t\t\t\t\t\t\t<h5>\u00bfQu\u00e9 es la zeolita clinoptilolita y su aplicaci\u00f3n?<\/h5><p>UZ-m\u00edn.<sup>\u00ae<\/sup>\u00a0es una zeolita clinoptilolita natural de alta calidad, especialmente seleccionada por su alta pureza, bajo contenido de metales pesados y estabilidad de los gr\u00e1nulos de zeolita, lo que la convierte en la opci\u00f3n ideal para todos los usos y aplicaciones.<\/p><p>UZ-m\u00edn.<sup>\u00ae<\/sup>\u00a0La clinoptilolita de zeolita natural est\u00e1 disponible en una amplia gama de tama\u00f1os de malla: malla &lt;100, malla &lt;150, malla &lt;200,<\/p><p>gr\u00e1nulos de clinoptilolita de zeolita natural: 1-3 mm, 3-5 mm, 5-8 mm<\/p><p>Para obtener informaci\u00f3n sobre nuestra zeolita clinoptilolita, consulte m\u00e1s informaci\u00f3n en este art\u00edculo \u201d <a href=\"https:\/\/zeolitemin.com\/es\/zeolite-science\/what-is-the-best-zeolite\/\">\u00bfQU\u00c9 ES LA MEJOR ZEOLITA?<\/a> \u201c. seleccionar UZ-M\u00edn.<sup>\u00ae<\/sup>\u00a0Men\u00fa PRODUCTOS en la parte superior de la p\u00e1gina.\u00a0<\/p>\t\t\t\t\t\t<\/div>\n\t\t\t\t<\/div>\n\t\t\t\t\t<\/div>\n\t\t<\/div>\n\t\t\t\t\t<\/div>\n\t\t<\/section>\n\t\t\t\t<section class=\"elementor-section elementor-top-section elementor-element elementor-element-0bd6dc5 elementor-section-boxed elementor-section-height-default elementor-section-height-default\" data-id=\"0bd6dc5\" data-element_type=\"section\" data-settings=\"{&quot;background_background&quot;:&quot;classic&quot;}\">\n\t\t\t\t\t\t<div class=\"elementor-container elementor-column-gap-default\">\n\t\t\t\t\t<div class=\"elementor-column elementor-col-100 elementor-top-column elementor-element elementor-element-f43cba6\" data-id=\"f43cba6\" data-element_type=\"column\">\n\t\t\t<div class=\"elementor-widget-wrap elementor-element-populated\">\n\t\t\t\t\t\t<div class=\"elementor-element elementor-element-a1ec5ae elementor-widget elementor-widget-heading\" data-id=\"a1ec5ae\" data-element_type=\"widget\" data-widget_type=\"heading.default\">\n\t\t\t\t<div class=\"elementor-widget-container\">\n\t\t\t<h2 class=\"elementor-heading-title elementor-size-default\">Usos y aplicaciones de zeolitas de los productos UZ-Min\u00ae<\/h2>\t\t<\/div>\n\t\t\t\t<\/div>\n\t\t\t\t<div class=\"elementor-element elementor-element-f1052cc elementor-widget elementor-widget-text-editor\" data-id=\"f1052cc\" data-element_type=\"widget\" data-widget_type=\"text-editor.default\">\n\t\t\t\t<div class=\"elementor-widget-container\">\n\t\t\t\t\t\t\t<p>Zeolita Min&#039;s <a href=\"https:\/\/zeolitemin.com\/es\/products\/\">productos<\/a> est\u00e1n hechos de polvo de zeolita org\u00e1nico puro, de primera calidad y micronizado. Los gr\u00e1nulos de polvo de zeolita natural y la arena se denominan clinoptilolita, que se usa ampliamente en la agricultura <a href=\"https:\/\/zeolitemin.com\/es\/zeolite-applications\/natural-soil-amendment\/\">fertilizante<\/a>, <a href=\"https:\/\/zeolitemin.com\/es\/zeolite-applications\/drinking-water-filter\/\">filtro de agua<\/a>, <a href=\"https:\/\/zeolitemin.com\/es\/zeolite-applications\/absorbent-adsorbent\/heavy-metal-removal\/\">absorci\u00f3n de metales pesados<\/a>, <a href=\"https:\/\/zeolitemin.com\/es\/zeolite-applications\/animal-feed-ingredient\/\">aditivo para piensos<\/a>, petr\u00f3leo-gas <a href=\"https:\/\/zeolitemin.com\/es\/zeolite-applications\/absorbent-adsorbent\/\">absorbente<\/a>, acuicultura <a href=\"https:\/\/zeolitemin.com\/es\/zeolite-applications\/ammonia-removal-in-water\/\">eliminaci\u00f3n de amon\u00edaco<\/a>, construcci\u00f3n, <a href=\"https:\/\/zeolitemin.com\/es\/zeolite-applications\/filter-for-aquarium-care\/\">acuarios<\/a>, ganader\u00eda, protecci\u00f3n del medio ambiente y en diversos usos industriales. La toxicidad qu\u00edmica y de metales pesados puede ser la causa de problemas de salud en muchos cuerpos. Por lo tanto, el polvo de zeolita altamente puro y seguro como <a href=\"https:\/\/antenchem.com\" rel=\"noopener\">tamiz molecular<\/a> puede ayudar a desintoxicar metales pesados y muchos otros contaminantes del medio ambiente, puede ayudar a mejorar de manera efectiva la salud del suelo, los animales, las plantas y el cuerpo.<\/p>\t\t\t\t\t\t<\/div>\n\t\t\t\t<\/div>\n\t\t\t\t\t<\/div>\n\t\t<\/div>\n\t\t\t\t\t<\/div>\n\t\t<\/section>\n\t\t\t\t<section class=\"elementor-section elementor-top-section elementor-element elementor-element-f151e7b elementor-section-boxed elementor-section-height-default elementor-section-height-default\" data-id=\"f151e7b\" data-element_type=\"section\" data-settings=\"{&quot;background_background&quot;:&quot;classic&quot;}\">\n\t\t\t\t\t\t<div class=\"elementor-container elementor-column-gap-default\">\n\t\t\t\t\t<div class=\"elementor-column elementor-col-33 elementor-top-column elementor-element elementor-element-dceab6f\" data-id=\"dceab6f\" data-element_type=\"column\">\n\t\t\t<div class=\"elementor-widget-wrap elementor-element-populated\">\n\t\t\t\t\t\t<div class=\"elementor-element elementor-element-6dcc8e2 elementor-widget elementor-widget-heading\" data-id=\"6dcc8e2\" data-element_type=\"widget\" data-widget_type=\"heading.default\">\n\t\t\t\t<div class=\"elementor-widget-container\">\n\t\t\t<h3 class=\"elementor-heading-title elementor-size-default\"><a href=\"https:\/\/zeolitemin.com\/es\/zeolite-applications\/natural-soil-amendment\/\">Enmienda natural del suelo<\/a><\/h3>\t\t<\/div>\n\t\t\t\t<\/div>\n\t\t\t\t<div class=\"elementor-element elementor-element-4e5b269 elementor-widget elementor-widget-image\" data-id=\"4e5b269\" data-element_type=\"widget\" data-widget_type=\"image.default\">\n\t\t\t\t<div class=\"elementor-widget-container\">\n\t\t\t\t\t\t\t\t\t\t\t\t\t\t<a href=\"https:\/\/zeolitemin.com\/es\/zeolite-applications\/natural-soil-amendment\/\">\n\t\t\t\t\t\t\t<img fetchpriority=\"high\" decoding=\"async\" width=\"480\" height=\"180\" src=\"https:\/\/zeolitemin.com\/wp-content\/uploads\/2022\/03\/zeolite-soil-amendment.jpg\" class=\"attachment-large size-large wp-image-735\" alt=\"enmienda del suelo Zeolita natural Clinoptilolita\" srcset=\"https:\/\/zeolitemin.com\/wp-content\/uploads\/2022\/03\/zeolite-soil-amendment.jpg 480w, https:\/\/zeolitemin.com\/wp-content\/uploads\/2022\/03\/zeolite-soil-amendment-300x113.jpg 300w\" sizes=\"(max-width: 480px) 100vw, 480px\" \/>\t\t\t\t\t\t\t\t<\/a>\n\t\t\t\t\t\t\t\t\t\t\t\t\t<\/div>\n\t\t\t\t<\/div>\n\t\t\t\t<div class=\"elementor-element elementor-element-954f756 elementor-widget elementor-widget-text-editor\" data-id=\"954f756\" data-element_type=\"widget\" data-widget_type=\"text-editor.default\">\n\t\t\t\t<div class=\"elementor-widget-container\">\n\t\t\t\t\t\t\t<p>Cuando se utiliza como fertilizante natural de zeolita para la enmienda del suelo, la zeolita clinoptilolita puede mejorar los niveles de NPK, la retenci\u00f3n de agua, la aireaci\u00f3n del suelo, el aumento de los valores de CIC y la disminuci\u00f3n de la volatilizaci\u00f3n.<\/p>\t\t\t\t\t\t<\/div>\n\t\t\t\t<\/div>\n\t\t\t\t\t<\/div>\n\t\t<\/div>\n\t\t\t\t<div class=\"elementor-column elementor-col-33 elementor-top-column elementor-element elementor-element-e71dc27\" data-id=\"e71dc27\" data-element_type=\"column\">\n\t\t\t<div class=\"elementor-widget-wrap elementor-element-populated\">\n\t\t\t\t\t\t<div class=\"elementor-element elementor-element-e2f7472 elementor-widget elementor-widget-heading\" data-id=\"e2f7472\" data-element_type=\"widget\" data-widget_type=\"heading.default\">\n\t\t\t\t<div class=\"elementor-widget-container\">\n\t\t\t<h3 class=\"elementor-heading-title elementor-size-default\"><a href=\"https:\/\/zeolitemin.com\/es\/zeolite-applications\/animal-feed-ingredient\/\">Ingrediente de alimentaci\u00f3n animal<\/a><\/h3>\t\t<\/div>\n\t\t\t\t<\/div>\n\t\t\t\t<div class=\"elementor-element elementor-element-abdc3f5 elementor-widget elementor-widget-image\" data-id=\"abdc3f5\" data-element_type=\"widget\" data-widget_type=\"image.default\">\n\t\t\t\t<div class=\"elementor-widget-container\">\n\t\t\t\t\t\t\t\t\t\t\t\t\t\t<a href=\"https:\/\/zeolitemin.com\/es\/zeolite-applications\/animal-feed-ingredient\/\">\n\t\t\t\t\t\t\t<img decoding=\"async\" width=\"480\" height=\"180\" src=\"https:\/\/zeolitemin.com\/wp-content\/uploads\/2021\/08\/zeolite-feed-additive.jpg\" class=\"attachment-large size-large wp-image-1388\" alt=\"ADITIVO ZEOLITA PARA ALIMENTOS ANIMALES\" srcset=\"https:\/\/zeolitemin.com\/wp-content\/uploads\/2021\/08\/zeolite-feed-additive.jpg 480w, https:\/\/zeolitemin.com\/wp-content\/uploads\/2021\/08\/zeolite-feed-additive-300x113.jpg 300w\" sizes=\"(max-width: 480px) 100vw, 480px\" \/>\t\t\t\t\t\t\t\t<\/a>\n\t\t\t\t\t\t\t\t\t\t\t\t\t<\/div>\n\t\t\t\t<\/div>\n\t\t\t\t<div class=\"elementor-element elementor-element-64729a5 elementor-widget elementor-widget-text-editor\" data-id=\"64729a5\" data-element_type=\"widget\" data-widget_type=\"text-editor.default\">\n\t\t\t\t<div class=\"elementor-widget-container\">\n\t\t\t\t\t\t\t<p>El polvo de clinoptilolita de zeolita natural es un tamp\u00f3n de rumen eficaz y un agente antiaglomerante cuando se usa como aditivo de alimentos para animales para absorber los olores del grano en mal estado o el grano de alimentaci\u00f3n y NPN aumentado para rumiantes.<\/p>\t\t\t\t\t\t<\/div>\n\t\t\t\t<\/div>\n\t\t\t\t\t<\/div>\n\t\t<\/div>\n\t\t\t\t<div class=\"elementor-column elementor-col-33 elementor-top-column elementor-element elementor-element-32301df\" data-id=\"32301df\" data-element_type=\"column\">\n\t\t\t<div class=\"elementor-widget-wrap elementor-element-populated\">\n\t\t\t\t\t\t<div class=\"elementor-element elementor-element-90fc558 elementor-widget elementor-widget-heading\" data-id=\"90fc558\" data-element_type=\"widget\" data-widget_type=\"heading.default\">\n\t\t\t\t<div class=\"elementor-widget-container\">\n\t\t\t<h3 class=\"elementor-heading-title elementor-size-default\"><a href=\"https:\/\/zeolitemin.com\/es\/zeolite-applications\/synthetic-turf-zeolite-infill\/\">C\u00e9sped Sint\u00e9tico ZeoXfill<\/a><\/h3>\t\t<\/div>\n\t\t\t\t<\/div>\n\t\t\t\t<div class=\"elementor-element elementor-element-f701f8a elementor-widget elementor-widget-image\" data-id=\"f701f8a\" data-element_type=\"widget\" data-widget_type=\"image.default\">\n\t\t\t\t<div class=\"elementor-widget-container\">\n\t\t\t\t\t\t\t\t\t\t\t\t\t\t<a href=\"https:\/\/zeolitemin.com\/es\/zeolite-applications\/synthetic-turf-zeolite-infill\/\">\n\t\t\t\t\t\t\t<img decoding=\"async\" width=\"480\" height=\"180\" src=\"https:\/\/zeolitemin.com\/wp-content\/uploads\/2021\/08\/zeolite-infill-ariticalgrass.jpg\" class=\"attachment-large size-large wp-image-1387\" alt=\"ZeoXfill trae todos los beneficios de la zeolita de clinoptilolita mineral no t\u00f3xica al c\u00e9sped, c\u00e9sped artificial, c\u00e9sped sint\u00e9tico o perreras.\" srcset=\"https:\/\/zeolitemin.com\/wp-content\/uploads\/2021\/08\/zeolite-infill-ariticalgrass.jpg 480w, https:\/\/zeolitemin.com\/wp-content\/uploads\/2021\/08\/zeolite-infill-ariticalgrass-300x113.jpg 300w\" sizes=\"(max-width: 480px) 100vw, 480px\" \/>\t\t\t\t\t\t\t\t<\/a>\n\t\t\t\t\t\t\t\t\t\t\t\t\t<\/div>\n\t\t\t\t<\/div>\n\t\t\t\t<div class=\"elementor-element elementor-element-6df7c01 elementor-widget elementor-widget-text-editor\" data-id=\"6df7c01\" data-element_type=\"widget\" data-widget_type=\"text-editor.default\">\n\t\t\t\t<div class=\"elementor-widget-container\">\n\t\t\t\t\t\t\t<p>ZeoXfill trae todos los beneficios de la zeolita de clinoptilolita mineral no t\u00f3xica al c\u00e9sped, c\u00e9sped artificial, c\u00e9sped sint\u00e9tico o perreras. Las zeolitas no contienen s\u00edlice libre de cristales (conocido como causante de c\u00e1ncer).<\/p>\t\t\t\t\t\t<\/div>\n\t\t\t\t<\/div>\n\t\t\t\t\t<\/div>\n\t\t<\/div>\n\t\t\t\t\t<\/div>\n\t\t<\/section>\n\t\t\t\t<section class=\"elementor-section elementor-top-section elementor-element elementor-element-2b5adaf elementor-section-boxed elementor-section-height-default elementor-section-height-default\" data-id=\"2b5adaf\" data-element_type=\"section\" data-settings=\"{&quot;background_background&quot;:&quot;classic&quot;}\">\n\t\t\t\t\t\t<div class=\"elementor-container elementor-column-gap-default\">\n\t\t\t\t\t<div class=\"elementor-column elementor-col-33 elementor-top-column elementor-element elementor-element-efc6c5f\" data-id=\"efc6c5f\" data-element_type=\"column\">\n\t\t\t<div class=\"elementor-widget-wrap elementor-element-populated\">\n\t\t\t\t\t\t<div class=\"elementor-element elementor-element-4b975f1 elementor-widget elementor-widget-heading\" data-id=\"4b975f1\" data-element_type=\"widget\" data-widget_type=\"heading.default\">\n\t\t\t\t<div class=\"elementor-widget-container\">\n\t\t\t<h3 class=\"elementor-heading-title elementor-size-default\"><a href=\"https:\/\/zeolitemin.com\/es\/zeolite-applications\/absorbent-adsorbent\/\">Absorbente y adsorbente<\/a><\/h3>\t\t<\/div>\n\t\t\t\t<\/div>\n\t\t\t\t<div class=\"elementor-element elementor-element-5a1865f elementor-widget elementor-widget-image\" data-id=\"5a1865f\" data-element_type=\"widget\" data-widget_type=\"image.default\">\n\t\t\t\t<div class=\"elementor-widget-container\">\n\t\t\t\t\t\t\t\t\t\t\t\t\t\t<a href=\"https:\/\/zeolitemin.com\/es\/zeolite-applications\/absorbent-adsorbent\/\">\n\t\t\t\t\t\t\t<img loading=\"lazy\" decoding=\"async\" width=\"480\" height=\"180\" src=\"https:\/\/zeolitemin.com\/wp-content\/uploads\/2021\/08\/zeolite-adsorbent.jpg\" class=\"attachment-large size-large wp-image-1390\" alt=\"El polvo de zeolita clinoptilolita es un absorbente muy eficaz para eliminar amon\u00edaco, metales pesados\" srcset=\"https:\/\/zeolitemin.com\/wp-content\/uploads\/2021\/08\/zeolite-adsorbent.jpg 480w, https:\/\/zeolitemin.com\/wp-content\/uploads\/2021\/08\/zeolite-adsorbent-300x113.jpg 300w\" sizes=\"(max-width: 480px) 100vw, 480px\" \/>\t\t\t\t\t\t\t\t<\/a>\n\t\t\t\t\t\t\t\t\t\t\t\t\t<\/div>\n\t\t\t\t<\/div>\n\t\t\t\t<div class=\"elementor-element elementor-element-819efd2 elementor-widget elementor-widget-text-editor\" data-id=\"819efd2\" data-element_type=\"widget\" data-widget_type=\"text-editor.default\">\n\t\t\t\t<div class=\"elementor-widget-container\">\n\t\t\t\t\t\t\t<p>El polvo de zeolita clinoptilolita es un absorbente altamente efectivo para eliminar amon\u00edaco, metales pesados, hidrocarburos, desechos radiactivos, olores, humedad, gasolina, aceite, grasa y suelos de jard\u00edn contaminados.<\/p>\t\t\t\t\t\t<\/div>\n\t\t\t\t<\/div>\n\t\t\t\t\t<\/div>\n\t\t<\/div>\n\t\t\t\t<div class=\"elementor-column elementor-col-33 elementor-top-column elementor-element elementor-element-78b9c74\" data-id=\"78b9c74\" data-element_type=\"column\">\n\t\t\t<div class=\"elementor-widget-wrap elementor-element-populated\">\n\t\t\t\t\t\t<div class=\"elementor-element elementor-element-3782399 elementor-widget elementor-widget-heading\" data-id=\"3782399\" data-element_type=\"widget\" data-widget_type=\"heading.default\">\n\t\t\t\t<div class=\"elementor-widget-container\">\n\t\t\t<h3 class=\"elementor-heading-title elementor-size-default\"><a href=\"https:\/\/zeolitemin.com\/es\/zeolite-applications\/water-treatment\/\">Tratamiento de aguas<\/a><\/h3>\t\t<\/div>\n\t\t\t\t<\/div>\n\t\t\t\t<div class=\"elementor-element elementor-element-93c1c1b elementor-widget elementor-widget-image\" data-id=\"93c1c1b\" data-element_type=\"widget\" data-widget_type=\"image.default\">\n\t\t\t\t<div class=\"elementor-widget-container\">\n\t\t\t\t\t\t\t\t\t\t\t\t\t\t<a href=\"https:\/\/zeolitemin.com\/es\/zeolite-applications\/water-treatment\/\">\n\t\t\t\t\t\t\t<img loading=\"lazy\" decoding=\"async\" width=\"480\" height=\"180\" src=\"https:\/\/zeolitemin.com\/wp-content\/uploads\/2021\/08\/zeolite-water-treatment.jpg\" class=\"attachment-large size-large wp-image-1391\" alt=\"filtro de tratamiento de agua\" srcset=\"https:\/\/zeolitemin.com\/wp-content\/uploads\/2021\/08\/zeolite-water-treatment.jpg 480w, https:\/\/zeolitemin.com\/wp-content\/uploads\/2021\/08\/zeolite-water-treatment-300x113.jpg 300w\" sizes=\"(max-width: 480px) 100vw, 480px\" \/>\t\t\t\t\t\t\t\t<\/a>\n\t\t\t\t\t\t\t\t\t\t\t\t\t<\/div>\n\t\t\t\t<\/div>\n\t\t\t\t<div class=\"elementor-element elementor-element-5e4fbdf elementor-widget elementor-widget-text-editor\" data-id=\"5e4fbdf\" data-element_type=\"widget\" data-widget_type=\"text-editor.default\">\n\t\t\t\t<div class=\"elementor-widget-container\">\n\t\t\t\t\t\t\t<p>La arena\/roca de zeolita mineral naturalmente absorbente y no t\u00f3xica se utiliza en el tratamiento de agua y en los medios de filtraci\u00f3n de piscinas. Purifica el agua a un ritmo m\u00e1s r\u00e1pido que las bacterias nitrificantes. Absorbe el calcio (Ca) y el magnesio (Mg)<\/p>\t\t\t\t\t\t<\/div>\n\t\t\t\t<\/div>\n\t\t\t\t\t<\/div>\n\t\t<\/div>\n\t\t\t\t<div class=\"elementor-column elementor-col-33 elementor-top-column elementor-element elementor-element-6186855\" data-id=\"6186855\" data-element_type=\"column\">\n\t\t\t<div class=\"elementor-widget-wrap elementor-element-populated\">\n\t\t\t\t\t\t<div class=\"elementor-element elementor-element-d526abd elementor-widget elementor-widget-heading\" data-id=\"d526abd\" data-element_type=\"widget\" data-widget_type=\"heading.default\">\n\t\t\t\t<div class=\"elementor-widget-container\">\n\t\t\t<h3 class=\"elementor-heading-title elementor-size-default\"><a href=\"https:\/\/zeolitemin.com\/es\/zeolite-applications\/construction\/\">Construcci\u00f3n<\/a><\/h3>\t\t<\/div>\n\t\t\t\t<\/div>\n\t\t\t\t<div class=\"elementor-element elementor-element-ca3f88f elementor-widget elementor-widget-image\" data-id=\"ca3f88f\" data-element_type=\"widget\" data-widget_type=\"image.default\">\n\t\t\t\t<div class=\"elementor-widget-container\">\n\t\t\t\t\t\t\t\t\t\t\t\t\t\t<a href=\"https:\/\/zeolitemin.com\/es\/zeolite-applications\/construction\/\">\n\t\t\t\t\t\t\t<img loading=\"lazy\" decoding=\"async\" width=\"480\" height=\"180\" src=\"https:\/\/zeolitemin.com\/wp-content\/uploads\/2021\/08\/zeolite-construction.jpg\" class=\"attachment-large size-large wp-image-1392\" alt=\"Construcci\u00f3n natural de zeolita clinoptilolita\" srcset=\"https:\/\/zeolitemin.com\/wp-content\/uploads\/2021\/08\/zeolite-construction.jpg 480w, https:\/\/zeolitemin.com\/wp-content\/uploads\/2021\/08\/zeolite-construction-300x113.jpg 300w\" sizes=\"(max-width: 480px) 100vw, 480px\" \/>\t\t\t\t\t\t\t\t<\/a>\n\t\t\t\t\t\t\t\t\t\t\t\t\t<\/div>\n\t\t\t\t<\/div>\n\t\t\t\t<div class=\"elementor-element elementor-element-4ccc48a elementor-widget elementor-widget-text-editor\" data-id=\"4ccc48a\" data-element_type=\"widget\" data-widget_type=\"text-editor.default\">\n\t\t\t\t<div class=\"elementor-widget-container\">\n\t\t\t\t\t\t\t<p>El polvo de zeolita es un silicato de aluminio natural y puede aumentar la resistencia general, la uniformidad y la durabilidad del concreto liviano. Mejora las propiedades de aislamiento de los escudos EMI.<\/p>\t\t\t\t\t\t<\/div>\n\t\t\t\t<\/div>\n\t\t\t\t\t<\/div>\n\t\t<\/div>\n\t\t\t\t\t<\/div>\n\t\t<\/section>\n\t\t\t\t<section class=\"elementor-section elementor-top-section elementor-element elementor-element-f538423 elementor-section-boxed elementor-section-height-default elementor-section-height-default\" data-id=\"f538423\" data-element_type=\"section\">\n\t\t\t\t\t\t<div class=\"elementor-container elementor-column-gap-default\">\n\t\t\t\t\t<div class=\"elementor-column elementor-col-100 elementor-top-column elementor-element elementor-element-683574b\" data-id=\"683574b\" data-element_type=\"column\">\n\t\t\t<div class=\"elementor-widget-wrap elementor-element-populated\">\n\t\t\t\t\t\t<div class=\"elementor-element elementor-element-c26a9f8 elementor-widget elementor-widget-text-editor\" data-id=\"c26a9f8\" data-element_type=\"widget\" data-widget_type=\"text-editor.default\">\n\t\t\t\t<div class=\"elementor-widget-container\">\n\t\t\t\t\t\t\t<h6>Con m\u00e1s de 20 a\u00f1os de experiencia en la fabricaci\u00f3n, m\u00faltiples certificaciones industriales globales y m\u00e1s de 10 patentes relacionadas con la zeolita, ZeoliteMin es l\u00edder mundial en el mercado de la zeolita. Eleva la productividad de tu negocio con nuestras zeolitas.<\/h6>\t\t\t\t\t\t<\/div>\n\t\t\t\t<\/div>\n\t\t\t\t\t<\/div>\n\t\t<\/div>\n\t\t\t\t\t<\/div>\n\t\t<\/section>\n\t\t\t\t<\/div>","protected":false},"excerpt":{"rendered":"<p>Usos y aplicaciones de la zeolita: debe saber m\u00e1s Zeolita natural frente a zeolita sint\u00e9tica. Se fabric\u00f3 mediante la funci\u00f3n de adsorbente y capacidad de intercambio cati\u00f3nico de una estructura de aluminosilicato. La zeolita clinoptilolita se prepar\u00f3 en polvo, gr\u00e1nulos. Usos y aplicaciones de zeolita clinoptilolita natural \u00bfQu\u00e9 es la zeolita clinoptilolita y su aplicaci\u00f3n? UZ-Min\u00ae es una zeolita clinoptilolita natural de alta calidad, especialmente seleccionada por su [\u2026]<\/p>","protected":false},"author":1,"featured_media":577,"parent":0,"menu_order":3,"comment_status":"closed","ping_status":"closed","template":"elementor_header_footer","meta":{"footnotes":""},"class_list":["post-1557","page","type-page","status-publish","has-post-thumbnail","hentry"],"_links":{"self":[{"href":"https:\/\/zeolitemin.com\/es\/wp-json\/wp\/v2\/pages\/1557","targetHints":{"allow":["GET"]}}],"collection":[{"href":"https:\/\/zeolitemin.com\/es\/wp-json\/wp\/v2\/pages"}],"about":[{"href":"https:\/\/zeolitemin.com\/es\/wp-json\/wp\/v2\/types\/page"}],"author":[{"embeddable":true,"href":"https:\/\/zeolitemin.com\/es\/wp-json\/wp\/v2\/users\/1"}],"replies":[{"embeddable":true,"href":"https:\/\/zeolitemin.com\/es\/wp-json\/wp\/v2\/comments?post=1557"}],"version-history":[{"count":0,"href":"https:\/\/zeolitemin.com\/es\/wp-json\/wp\/v2\/pages\/1557\/revisions"}],"wp:featuredmedia":[{"embeddable":true,"href":"https:\/\/zeolitemin.com\/es\/wp-json\/wp\/v2\/media\/577"}],"wp:attachment":[{"href":"https:\/\/zeolitemin.com\/es\/wp-json\/wp\/v2\/media?parent=1557"}],"curies":[{"name":"wp","href":"https:\/\/api.w.org\/{rel}","templated":true}]}}