{"id":1499,"date":"2022-03-24T09:48:13","date_gmt":"2022-03-24T01:48:13","guid":{"rendered":"http:\/\/www.oklee.ga\/?page_id=1499"},"modified":"2024-07-01T14:11:39","modified_gmt":"2024-07-01T06:11:39","slug":"zeolite-tds","status":"publish","type":"page","link":"https:\/\/zeolitemin.com\/es\/zeolite-science\/zeolite-tds\/","title":{"rendered":"Zeolita TDS"},"content":{"rendered":"<div data-elementor-type=\"wp-page\" data-elementor-id=\"1499\" class=\"elementor elementor-1499\" data-elementor-post-type=\"page\">\n\t\t\t\t\t\t<section class=\"elementor-section elementor-top-section elementor-element elementor-element-12fe4f6b elementor-section-height-min-height elementor-section-boxed elementor-section-height-default elementor-section-items-middle\" data-id=\"12fe4f6b\" data-element_type=\"section\" data-settings=\"{&quot;background_background&quot;:&quot;classic&quot;}\">\n\t\t\t\t\t\t<div class=\"elementor-container elementor-column-gap-default\">\n\t\t\t\t\t<div class=\"elementor-column elementor-col-100 elementor-top-column elementor-element elementor-element-56cdf64d\" data-id=\"56cdf64d\" data-element_type=\"column\">\n\t\t\t<div class=\"elementor-widget-wrap elementor-element-populated\">\n\t\t\t\t\t\t<div class=\"elementor-element elementor-element-17d80afe elementor-widget elementor-widget-theme-post-title elementor-page-title elementor-widget-heading\" data-id=\"17d80afe\" data-element_type=\"widget\" data-widget_type=\"theme-post-title.default\">\n\t\t\t\t<div class=\"elementor-widget-container\">\n\t\t\t<h1 class=\"elementor-heading-title elementor-size-default\">Zeolita TDS MSDS - 100% An\u00e1lisis completo de minerales<\/h1>\t\t<\/div>\n\t\t\t\t<\/div>\n\t\t\t\t<div class=\"elementor-element elementor-element-50e8b968 elementor-widget elementor-widget-text-editor\" data-id=\"50e8b968\" data-element_type=\"widget\" data-widget_type=\"text-editor.default\">\n\t\t\t\t<div class=\"elementor-widget-container\">\n\t\t\t\t\t\t\t<p>Zeolita natural frente a zeolita sint\u00e9tica. Se fabric\u00f3 mediante la funci\u00f3n adsorbente y la capacidad de intercambio cati\u00f3nico de un marco de aluminosilicato. La zeolita clinoptilolita se hizo en polvo, gr\u00e1nulos.<\/p>\t\t\t\t\t\t<\/div>\n\t\t\t\t<\/div>\n\t\t\t\t\t<\/div>\n\t\t<\/div>\n\t\t\t\t\t<\/div>\n\t\t<\/section>\n\t\t\t\t<section class=\"elementor-section elementor-top-section elementor-element elementor-element-2359161b elementor-section-boxed elementor-section-height-default elementor-section-height-default\" data-id=\"2359161b\" data-element_type=\"section\" data-settings=\"{&quot;background_background&quot;:&quot;classic&quot;}\">\n\t\t\t\t\t\t<div class=\"elementor-container elementor-column-gap-default\">\n\t\t\t\t\t<div class=\"elementor-column elementor-col-100 elementor-top-column elementor-element elementor-element-363f13d\" data-id=\"363f13d\" data-element_type=\"column\">\n\t\t\t<div class=\"elementor-widget-wrap elementor-element-populated\">\n\t\t\t\t\t\t<div class=\"elementor-element elementor-element-64301f69 elementor-widget elementor-widget-heading\" data-id=\"64301f69\" data-element_type=\"widget\" data-widget_type=\"heading.default\">\n\t\t\t\t<div class=\"elementor-widget-container\">\n\t\t\t<h2 class=\"elementor-heading-title elementor-size-default\">An\u00e1lisis qu\u00edmico del dep\u00f3sito mineral de zeolita clinoptilolita<\/h2>\t\t<\/div>\n\t\t\t\t<\/div>\n\t\t\t\t<section class=\"elementor-section elementor-inner-section elementor-element elementor-element-5015b01 elementor-section-boxed elementor-section-height-default elementor-section-height-default\" data-id=\"5015b01\" data-element_type=\"section\">\n\t\t\t\t\t\t<div class=\"elementor-container elementor-column-gap-default\">\n\t\t\t\t\t<div class=\"elementor-column elementor-col-50 elementor-inner-column elementor-element elementor-element-86226b3\" data-id=\"86226b3\" data-element_type=\"column\">\n\t\t\t<div class=\"elementor-widget-wrap elementor-element-populated\">\n\t\t\t\t\t\t<div class=\"elementor-element elementor-element-8e6238b elementor-widget elementor-widget-image\" data-id=\"8e6238b\" data-element_type=\"widget\" data-widget_type=\"image.default\">\n\t\t\t\t<div class=\"elementor-widget-container\">\n\t\t\t\t\t\t\t\t\t\t\t\t\t<img fetchpriority=\"high\" decoding=\"async\" width=\"700\" height=\"505\" src=\"https:\/\/zeolitemin.com\/wp-content\/uploads\/2022\/03\/Zeolite_Clinoptilolite-1.jpg\" class=\"attachment-large size-large wp-image-721\" alt=\"Zeolita natural Clinoptilolita TDS MSDS\" srcset=\"https:\/\/zeolitemin.com\/wp-content\/uploads\/2022\/03\/Zeolite_Clinoptilolite-1.jpg 700w, https:\/\/zeolitemin.com\/wp-content\/uploads\/2022\/03\/Zeolite_Clinoptilolite-1-300x216.jpg 300w\" sizes=\"(max-width: 700px) 100vw, 700px\" \/>\t\t\t\t\t\t\t\t\t\t\t\t\t<\/div>\n\t\t\t\t<\/div>\n\t\t\t\t\t<\/div>\n\t\t<\/div>\n\t\t\t\t<div class=\"elementor-column elementor-col-50 elementor-inner-column elementor-element elementor-element-ddbf37a\" data-id=\"ddbf37a\" data-element_type=\"column\">\n\t\t\t<div class=\"elementor-widget-wrap elementor-element-populated\">\n\t\t\t\t\t\t<div class=\"elementor-element elementor-element-5be1181 elementor-widget elementor-widget-text-editor\" data-id=\"5be1181\" data-element_type=\"widget\" data-widget_type=\"text-editor.default\">\n\t\t\t\t<div class=\"elementor-widget-container\">\n\t\t\t\t\t\t\t<h3>Visi\u00f3n general<\/h3><h5>100% Mineral de clinoptilolita de zeolita pura<\/h5><p><strong>N\u00famero de cat\u00e1logo de Pubchem:\u00a0 \u00a0 \u00a0 \u00a0 <a href=\"https:\/\/pubchem.ncbi.nlm.nih.gov\/substance\/445470370\" rel=\"noopener\">UZ620211008<\/a><\/strong><br \/><strong>N\u00ba CAS: 12173-10-3<\/strong><br \/><strong>F\u00f3rmula molecular: AlCaH6KNaO3Si<\/strong><br \/><strong>Peso molecular: 211,28 g\/mol<\/strong><\/p><p>El principio de funcionamiento de <a href=\"https:\/\/zeolitemin.com\/es\/zeolite-science\/what-is-the-best-zeolite\/\">zeolita<\/a> Absorci\u00f3n: El marco \u00fanico de alumino-silicato de <a href=\"https:\/\/zeolitemin.com\/es\/zeolite-science\/what-is-natural-clinoptilolite\/\">clinoptilolita<\/a>, se aplica para mantener y absorber la humedad y los nutrientes hasta que la planta est\u00e9 lista para usarlos a tiempo.<\/p><p><strong>ISO9001 | CERTIFICACI\u00d3N CFS | FDA de EE. UU.<\/strong><\/p><p>Aplicamos la filosof\u00eda de &quot;Mejora continua de la calidad&quot; para cumplir y superar todas las expectativas de los clientes y garantizar la entrega de productos superiores acompa\u00f1ados de un alto nivel de soporte t\u00e9cnico. El control de calidad es un elemento clave en nuestro programa de satisfacci\u00f3n del cliente y es una forma de vida en todas nuestras instalaciones de fabricaci\u00f3n. Todas nuestras plantas de producci\u00f3n cuentan con la certificaci\u00f3n ISO 9001. Nuestras pr\u00e1cticas de mejora de la calidad optimizan todas las facetas de la producci\u00f3n de zeolita, desde el laboratorio hasta la planta.<\/p>\t\t\t\t\t\t<\/div>\n\t\t\t\t<\/div>\n\t\t\t\t\t<\/div>\n\t\t<\/div>\n\t\t\t\t\t<\/div>\n\t\t<\/section>\n\t\t\t\t<section class=\"elementor-section elementor-inner-section elementor-element elementor-element-bd23772 elementor-section-boxed elementor-section-height-default elementor-section-height-default\" data-id=\"bd23772\" data-element_type=\"section\">\n\t\t\t\t\t\t<div class=\"elementor-container elementor-column-gap-default\">\n\t\t\t\t\t<div class=\"elementor-column elementor-col-50 elementor-inner-column elementor-element elementor-element-1d993da\" data-id=\"1d993da\" data-element_type=\"column\">\n\t\t\t<div class=\"elementor-widget-wrap elementor-element-populated\">\n\t\t\t\t\t\t<div class=\"elementor-element elementor-element-b0e05e2 elementor-widget elementor-widget-heading\" data-id=\"b0e05e2\" data-element_type=\"widget\" data-widget_type=\"heading.default\">\n\t\t\t\t<div class=\"elementor-widget-container\">\n\t\t\t<h3 class=\"elementor-heading-title elementor-size-default\">Propiedades f\u00edsicas<\/h3>\t\t<\/div>\n\t\t\t\t<\/div>\n\t\t\t\t<div class=\"elementor-element elementor-element-7fdb63a elementor-widget elementor-widget-text-editor\" data-id=\"7fdb63a\" data-element_type=\"widget\" data-widget_type=\"text-editor.default\">\n\t\t\t\t<div class=\"elementor-widget-container\">\n\t\t\t\t\t\t\t<table class=\"table table-hover ke-zeroborder\"><tbody><tr><td>1<\/td><td>Contenido de clinoptilolita<\/td><td>&gt;70%<\/td><\/tr><tr><td>2<\/td><td>Capacidad de intercambio cati\u00f3nico (CEC)<\/td><td>160\u2013 200 megas\/100 g<\/td><\/tr><tr><td>3<\/td><td>Di\u00e1metro de poro<\/td><td>4,0 \u2013 7,0 angstroms<\/td><\/tr><tr><td>4<\/td><td>Gravedad espec\u00edfica<\/td><td>Gravedad espec\u00edfica<\/td><\/tr><tr><td>5<\/td><td>\u00c1rea superficial espec\u00edfica<\/td><td>40m2\/g<\/td><\/tr><tr><td>6<\/td><td>Densidad a Granel<\/td><td>50 \u2013 65 libras\/pie3<\/td><\/tr><tr><td>7<\/td><td>pH (natural)<\/td><td>3.0 \u2013 7.00<\/td><\/tr><tr><td>8<\/td><td>Estabilidad alcalina<\/td><td>pH de 7 \u2013 10<\/td><\/tr><tr><td>9<\/td><td>Estabilidad \u00e1cida<\/td><td>pH de 3 \u2013 7<\/td><\/tr><tr><td>10<\/td><td>Dureza<\/td><td>4.0 \u2013 5.0 Mohs<\/td><\/tr><tr><td>11<\/td><td>\u00cdndice de hinchaz\u00f3n<\/td><td>Nulo<\/td><\/tr><\/tbody><\/table><table class=\"table table-hover ke-zeroborder\"><thead><tr><th>\u00a0<\/th><th colspan=\"2\">Caracter\u00edsticas<\/th><\/tr><\/thead><tbody><tr><td>1<\/td><td>Forma<\/td><td>Granular y en polvo<\/td><\/tr><tr><td>2<\/td><td>Forma<\/td><td>Angular<\/td><\/tr><tr><td>3<\/td><td>Color<\/td><td>Beis \/ Gris<\/td><\/tr><\/tbody><\/table>\t\t\t\t\t\t<\/div>\n\t\t\t\t<\/div>\n\t\t\t\t\t<\/div>\n\t\t<\/div>\n\t\t\t\t<div class=\"elementor-column elementor-col-50 elementor-inner-column elementor-element elementor-element-211565d\" data-id=\"211565d\" data-element_type=\"column\">\n\t\t\t<div class=\"elementor-widget-wrap elementor-element-populated\">\n\t\t\t\t\t\t<div class=\"elementor-element elementor-element-f533695 elementor-widget elementor-widget-image-carousel\" data-id=\"f533695\" data-element_type=\"widget\" data-settings=\"{&quot;slides_to_show&quot;:&quot;2&quot;,&quot;slides_to_scroll&quot;:&quot;2&quot;,&quot;navigation&quot;:&quot;none&quot;,&quot;autoplay&quot;:&quot;yes&quot;,&quot;pause_on_hover&quot;:&quot;yes&quot;,&quot;pause_on_interaction&quot;:&quot;yes&quot;,&quot;autoplay_speed&quot;:5000,&quot;infinite&quot;:&quot;yes&quot;,&quot;speed&quot;:500}\" data-widget_type=\"image-carousel.default\">\n\t\t\t\t<div class=\"elementor-widget-container\">\n\t\t\t\t\t<div class=\"elementor-image-carousel-wrapper swiper\" dir=\"ltr\">\n\t\t\t<div class=\"elementor-image-carousel swiper-wrapper swiper-image-stretch\" aria-live=\"off\">\n\t\t\t\t\t\t\t\t<div class=\"swiper-slide\" role=\"group\" aria-roledescription=\"slide\" aria-label=\"1 de 2\"><figure class=\"swiper-slide-inner\"><img decoding=\"async\" class=\"swiper-slide-image\" src=\"https:\/\/zeolitemin.com\/wp-content\/uploads\/2022\/03\/usfda.png\" alt=\"usfda\" \/><\/figure><\/div><div class=\"swiper-slide\" role=\"group\" aria-roledescription=\"slide\" aria-label=\"2 de 2\"><figure class=\"swiper-slide-inner\"><img decoding=\"async\" class=\"swiper-slide-image\" src=\"https:\/\/zeolitemin.com\/wp-content\/uploads\/2022\/03\/logo03-free-img.png\" alt=\"logo03-gratis-img\" \/><\/figure><\/div>\t\t\t<\/div>\n\t\t\t\t\t\t\t\n\t\t\t\t\t\t\t\t\t<\/div>\n\t\t\t\t<\/div>\n\t\t\t\t<\/div>\n\t\t\t\t<div class=\"elementor-element elementor-element-65b99d6 elementor-widget elementor-widget-text-editor\" data-id=\"65b99d6\" data-element_type=\"widget\" data-widget_type=\"text-editor.default\">\n\t\t\t\t<div class=\"elementor-widget-container\">\n\t\t\t\t\t\t\t<p>La clinoptilolita de zeolita UZ-MIN tiene diferentes tipos de tama\u00f1o de part\u00edcula que se utilizan en un campo diferente. Hay dos tipos de gr\u00e1nulos y polvos seg\u00fan los requisitos del cliente.&nbsp;<\/p>\t\t\t\t\t\t<\/div>\n\t\t\t\t<\/div>\n\t\t\t\t<div class=\"elementor-element elementor-element-afcdee7 elementor-icon-list--layout-traditional elementor-list-item-link-full_width elementor-widget elementor-widget-icon-list\" data-id=\"afcdee7\" data-element_type=\"widget\" data-widget_type=\"icon-list.default\">\n\t\t\t\t<div class=\"elementor-widget-container\">\n\t\t\t\t\t<ul class=\"elementor-icon-list-items\">\n\t\t\t\t\t\t\t<li class=\"elementor-icon-list-item\">\n\t\t\t\t\t\t\t\t\t\t\t<a href=\"https:\/\/zeolitemin.com\/wp-content\/uploads\/2022\/04\/zeolitemin-zeolite-msds.pdf\">\n\n\t\t\t\t\t\t\t\t\t\t\t\t<span class=\"elementor-icon-list-icon\">\n\t\t\t\t\t\t\t<i aria-hidden=\"true\" class=\"fas fa-check\"><\/i>\t\t\t\t\t\t<\/span>\n\t\t\t\t\t\t\t\t\t\t<span class=\"elementor-icon-list-text\">FICHA T\u00c9CNICA<\/span>\n\t\t\t\t\t\t\t\t\t\t\t<\/a>\n\t\t\t\t\t\t\t\t\t<\/li>\n\t\t\t\t\t\t\t\t<li class=\"elementor-icon-list-item\">\n\t\t\t\t\t\t\t\t\t\t\t<a href=\"https:\/\/zeolitemin.com\/wp-content\/uploads\/2022\/04\/zeolitemin-zeolite-msds.pdf\">\n\n\t\t\t\t\t\t\t\t\t\t\t\t<span class=\"elementor-icon-list-icon\">\n\t\t\t\t\t\t\t<i aria-hidden=\"true\" class=\"fas fa-check\"><\/i>\t\t\t\t\t\t<\/span>\n\t\t\t\t\t\t\t\t\t\t<span class=\"elementor-icon-list-text\">FICHA DE DATOS DE SEGURIDAD DE MATERIALES<\/span>\n\t\t\t\t\t\t\t\t\t\t\t<\/a>\n\t\t\t\t\t\t\t\t\t<\/li>\n\t\t\t\t\t\t\t\t<li class=\"elementor-icon-list-item\">\n\t\t\t\t\t\t\t\t\t\t\t<a href=\"https:\/\/zeolitemin.com\/wp-content\/uploads\/2022\/04\/zeolitemin-sem-xrd-image.pdf\">\n\n\t\t\t\t\t\t\t\t\t\t\t\t<span class=\"elementor-icon-list-icon\">\n\t\t\t\t\t\t\t<i aria-hidden=\"true\" class=\"fas fa-check\"><\/i>\t\t\t\t\t\t<\/span>\n\t\t\t\t\t\t\t\t\t\t<span class=\"elementor-icon-list-text\">IM\u00c1GENES SEM Y XRD<\/span>\n\t\t\t\t\t\t\t\t\t\t\t<\/a>\n\t\t\t\t\t\t\t\t\t<\/li>\n\t\t\t\t\t\t<\/ul>\n\t\t\t\t<\/div>\n\t\t\t\t<\/div>\n\t\t\t\t<div class=\"elementor-element elementor-element-4ad3010 elementor-widget elementor-widget-image\" data-id=\"4ad3010\" data-element_type=\"widget\" data-widget_type=\"image.default\">\n\t\t\t\t<div class=\"elementor-widget-container\">\n\t\t\t\t\t\t\t\t\t\t\t\t\t<img decoding=\"async\" width=\"485\" height=\"364\" src=\"https:\/\/zeolitemin.com\/wp-content\/uploads\/2022\/03\/zeolitemin-sem-xrd-sm.jpg\" class=\"attachment-large size-large wp-image-1287\" alt=\"IM\u00c1GENES SEM &amp; XRD de Zeolita Clinoptilolita Natural\" srcset=\"https:\/\/zeolitemin.com\/wp-content\/uploads\/2022\/03\/zeolitemin-sem-xrd-sm.jpg 485w, https:\/\/zeolitemin.com\/wp-content\/uploads\/2022\/03\/zeolitemin-sem-xrd-sm-300x225.jpg 300w\" sizes=\"(max-width: 485px) 100vw, 485px\" \/>\t\t\t\t\t\t\t\t\t\t\t\t\t<\/div>\n\t\t\t\t<\/div>\n\t\t\t\t\t<\/div>\n\t\t<\/div>\n\t\t\t\t\t<\/div>\n\t\t<\/section>\n\t\t\t\t<div class=\"elementor-element elementor-element-7ffdd1a elementor-tabs-view-horizontal elementor-widget elementor-widget-tabs\" data-id=\"7ffdd1a\" data-element_type=\"widget\" data-widget_type=\"tabs.default\">\n\t\t\t\t<div class=\"elementor-widget-container\">\n\t\t\t\t\t<div class=\"elementor-tabs\">\n\t\t\t<div class=\"elementor-tabs-wrapper\" role=\"tablist\" >\n\t\t\t\t\t\t\t\t\t<div id=\"elementor-tab-title-1341\" class=\"elementor-tab-title elementor-tab-desktop-title\" aria-selected=\"true\" data-tab=\"1\" role=\"tab\" tabindex=\"0\" aria-controls=\"elementor-tab-content-1341\" aria-expanded=\"false\">An\u00e1lisis fisicoqu\u00edmico<\/div>\n\t\t\t\t\t\t\t\t\t<div id=\"elementor-tab-title-1342\" class=\"elementor-tab-title elementor-tab-desktop-title\" aria-selected=\"false\" data-tab=\"2\" role=\"tab\" tabindex=\"-1\" aria-controls=\"elementor-tab-content-1342\" aria-expanded=\"false\">Tabla de intercambio de cationes<\/div>\n\t\t\t\t\t\t\t\t\t<div id=\"elementor-tab-title-1343\" class=\"elementor-tab-title elementor-tab-desktop-title\" aria-selected=\"false\" data-tab=\"3\" role=\"tab\" tabindex=\"-1\" aria-controls=\"elementor-tab-content-1343\" aria-expanded=\"false\">Principales cationes intercambiables (USBM)<\/div>\n\t\t\t\t\t\t\t\t\t<div id=\"elementor-tab-title-1344\" class=\"elementor-tab-title elementor-tab-desktop-title\" aria-selected=\"false\" data-tab=\"4\" role=\"tab\" tabindex=\"-1\" aria-controls=\"elementor-tab-content-1344\" aria-expanded=\"false\">Cationes de metales pesados (USBM)<\/div>\n\t\t\t\t\t\t\t\t\t<div id=\"elementor-tab-title-1345\" class=\"elementor-tab-title elementor-tab-desktop-title\" aria-selected=\"false\" data-tab=\"5\" role=\"tab\" tabindex=\"-1\" aria-controls=\"elementor-tab-content-1345\" aria-expanded=\"false\">Gases primarios absorbidos<\/div>\n\t\t\t\t\t\t\t<\/div>\n\t\t\t<div class=\"elementor-tabs-content-wrapper\" role=\"tablist\" aria-orientation=\"vertical\">\n\t\t\t\t\t\t\t\t\t<div class=\"elementor-tab-title elementor-tab-mobile-title\" aria-selected=\"true\" data-tab=\"1\" role=\"tab\" tabindex=\"0\" aria-controls=\"elementor-tab-content-1341\" aria-expanded=\"false\">An\u00e1lisis fisicoqu\u00edmico<\/div>\n\t\t\t\t\t<div id=\"elementor-tab-content-1341\" class=\"elementor-tab-content elementor-clearfix\" data-tab=\"1\" role=\"tabpanel\" aria-labelledby=\"elementor-tab-title-1341\" tabindex=\"0\" hidden=\"false\"><table style=\"border-collapse: collapse; width: 486.02pt;\" border=\"0\" width=\"648\" cellspacing=\"0\" cellpadding=\"0\">\n<tbody>\n<tr style=\"height: 15.75pt;\">\n<td class=\"et3\" style=\"height: 15.75pt; width: 54.00pt;\" width=\"72\" height=\"21\">SiO2<\/td>\n<td class=\"et3\" style=\"width: 54.00pt;\" width=\"72\">AI2O3<\/td>\n<td class=\"et3\" style=\"width: 54.00pt;\" width=\"72\">Fe2O3<\/td>\n<td class=\"et3\" style=\"width: 54.00pt;\" width=\"72\">CaO<\/td>\n<td class=\"et3\" style=\"width: 54.00pt;\" width=\"72\">MgO<\/td>\n<td class=\"et3\" style=\"width: 54.00pt;\" width=\"72\">Na2O<\/td>\n<td class=\"et3\" style=\"width: 54.00pt;\" width=\"72\">K2O<\/td>\n<td class=\"et3\" style=\"width: 54.00pt;\" width=\"72\">K2O<\/td>\n<td class=\"et3\" style=\"width: 54.00pt;\" width=\"72\">TiO2<\/td>\n<\/tr>\n<tr style=\"height: 15.00pt;\">\n<td class=\"et4\" style=\"height: 15.00pt; width: 54.00pt;\" width=\"72\" height=\"20\">66.70%<\/td>\n<td class=\"et4\" style=\"width: 54.00pt;\" width=\"72\">11.48%<\/td>\n<td class=\"et4\" style=\"width: 54.00pt;\" width=\"72\">0.90%<\/td>\n<td class=\"et4\" style=\"width: 54.00pt;\" width=\"72\">1.33%<\/td>\n<td class=\"et4\" style=\"width: 54.00pt;\" width=\"72\">0.27%<\/td>\n<td class=\"et4\" style=\"width: 54.00pt;\" width=\"72\">1.80%<\/td>\n<td class=\"et4\" style=\"width: 54.00pt;\" width=\"72\">3.42%<\/td>\n<td class=\"et4\" style=\"width: 54.00pt;\" width=\"72\">3.42%<\/td>\n<td class=\"et4\" style=\"width: 54.00pt;\" width=\"72\">0.13%<\/td>\n<\/tr>\n<\/tbody>\n<\/table>\n<h3><\/h3><\/div>\n\t\t\t\t\t\t\t\t\t<div class=\"elementor-tab-title elementor-tab-mobile-title\" aria-selected=\"false\" data-tab=\"2\" role=\"tab\" tabindex=\"-1\" aria-controls=\"elementor-tab-content-1342\" aria-expanded=\"false\">Tabla de intercambio de cationes<\/div>\n\t\t\t\t\t<div id=\"elementor-tab-content-1342\" class=\"elementor-tab-content elementor-clearfix\" data-tab=\"2\" role=\"tabpanel\" aria-labelledby=\"elementor-tab-title-1342\" tabindex=\"0\" hidden=\"hidden\"><table style=\"border-collapse: collapse; width: 540.02pt;\" border=\"0\" width=\"100%\" cellspacing=\"0\" cellpadding=\"0\"><tbody><tr style=\"height: 15.75pt;\"><td class=\"et3\" style=\"height: 15.75pt; width: 54.00pt;\" width=\"72\" height=\"21\">Rb+<\/td><td class=\"et3\" style=\"width: 54.00pt;\" width=\"72\">Na+<\/td><td class=\"et3\" style=\"width: 54.00pt;\" width=\"72\">Ba+2<\/td><td class=\"et3\" style=\"width: 54.00pt;\" width=\"72\">mg+2<\/td><td class=\"et3\" style=\"width: 54.00pt;\" width=\"72\">li+<\/td><td class=\"et3\" style=\"width: 54.00pt;\" width=\"72\">Ag+<\/td><td class=\"et3\" style=\"width: 54.00pt;\" width=\"72\">Sr+2<\/td><td class=\"et3\" style=\"width: 54.00pt;\" width=\"72\">Fe+3<\/td><td class=\"et3\" style=\"width: 54.00pt;\" width=\"72\">K+<\/td><td class=\"et3\" style=\"width: 54.00pt;\" width=\"72\">CD+2<\/td><\/tr><tr style=\"height: 15.00pt;\"><td class=\"et4\" style=\"height: 15.00pt; width: 54.00pt;\" width=\"72\" height=\"20\">Cu+2<\/td><td class=\"et4\" style=\"width: 54.00pt;\" width=\"72\">Co+3<\/td><td class=\"et4\" style=\"width: 54.00pt;\" width=\"72\">CS+<\/td><td class=\"et4\" style=\"width: 54.00pt;\" width=\"72\">Pb+2<\/td><td class=\"et4\" style=\"width: 54.00pt;\" width=\"72\">Ca+2<\/td><td class=\"et4\" style=\"width: 54.00pt;\" width=\"72\">IA+3<\/td><td class=\"et4\" style=\"width: 54.00pt;\" width=\"72\">NH+4<\/td><td class=\"et4\" style=\"width: 54.00pt;\" width=\"72\">Zn+2<\/td><td class=\"et4\" style=\"width: 54.00pt;\" width=\"72\">Hg+2<\/td><td class=\"et4\" style=\"width: 54.00pt;\" width=\"72\">Cr+3<\/td><\/tr><\/tbody><\/table><\/div>\n\t\t\t\t\t\t\t\t\t<div class=\"elementor-tab-title elementor-tab-mobile-title\" aria-selected=\"false\" data-tab=\"3\" role=\"tab\" tabindex=\"-1\" aria-controls=\"elementor-tab-content-1343\" aria-expanded=\"false\">Principales cationes intercambiables (USBM)<\/div>\n\t\t\t\t\t<div id=\"elementor-tab-content-1343\" class=\"elementor-tab-content elementor-clearfix\" data-tab=\"3\" role=\"tabpanel\" aria-labelledby=\"elementor-tab-title-1343\" tabindex=\"0\" hidden=\"hidden\"><p>Cs+&gt; Rb+ &gt;K+ &gt;Ca+2&gt; NH4+&gt; Sr+&gt; Na+ &gt;Li+<\/p><p>(En orden de selectividad para el intercambio)<\/p><\/div>\n\t\t\t\t\t\t\t\t\t<div class=\"elementor-tab-title elementor-tab-mobile-title\" aria-selected=\"false\" data-tab=\"4\" role=\"tab\" tabindex=\"-1\" aria-controls=\"elementor-tab-content-1344\" aria-expanded=\"false\">Cationes de metales pesados (USBM)<\/div>\n\t\t\t\t\t<div id=\"elementor-tab-content-1344\" class=\"elementor-tab-content elementor-clearfix\" data-tab=\"4\" role=\"tabpanel\" aria-labelledby=\"elementor-tab-title-1344\" tabindex=\"0\" hidden=\"hidden\"><p>Cs+&gt; Rb+ &gt;K+ &gt;Ca+2&gt; NH4+&gt; Sr+&gt; Na+ &gt;Li+<\/p><p>(En orden de selectividad para el intercambio)<\/p><\/div>\n\t\t\t\t\t\t\t\t\t<div class=\"elementor-tab-title elementor-tab-mobile-title\" aria-selected=\"false\" data-tab=\"5\" role=\"tab\" tabindex=\"-1\" aria-controls=\"elementor-tab-content-1345\" aria-expanded=\"false\">Gases primarios absorbidos<\/div>\n\t\t\t\t\t<div id=\"elementor-tab-content-1345\" class=\"elementor-tab-content elementor-clearfix\" data-tab=\"5\" role=\"tabpanel\" aria-labelledby=\"elementor-tab-title-1345\" tabindex=\"0\" hidden=\"hidden\"><p>NH3, CO, CO2, SO4, H2S, H20, N2, fre\u00f3n, formaldeh\u00eddo, mercaptanos, benceno, metanol<\/p><\/div>\n\t\t\t\t\t\t\t<\/div>\n\t\t<\/div>\n\t\t\t\t<\/div>\n\t\t\t\t<\/div>\n\t\t\t\t\t<\/div>\n\t\t<\/div>\n\t\t\t\t\t<\/div>\n\t\t<\/section>\n\t\t\t\t<section class=\"elementor-section elementor-top-section elementor-element elementor-element-c85e18a elementor-section-boxed elementor-section-height-default elementor-section-height-default\" data-id=\"c85e18a\" data-element_type=\"section\" data-settings=\"{&quot;background_background&quot;:&quot;classic&quot;}\">\n\t\t\t\t\t\t<div class=\"elementor-container elementor-column-gap-default\">\n\t\t\t\t\t<div class=\"elementor-column elementor-col-25 elementor-top-column elementor-element elementor-element-d47fdd8\" data-id=\"d47fdd8\" data-element_type=\"column\">\n\t\t\t<div class=\"elementor-widget-wrap elementor-element-populated\">\n\t\t\t\t\t\t<div class=\"elementor-element elementor-element-c4b747b elementor-widget elementor-widget-heading\" data-id=\"c4b747b\" data-element_type=\"widget\" data-widget_type=\"heading.default\">\n\t\t\t\t<div class=\"elementor-widget-container\">\n\t\t\t<h3 class=\"elementor-heading-title elementor-size-default\">Deje que nuestras zeolitas respalden su negocio<\/h3>\t\t<\/div>\n\t\t\t\t<\/div>\n\t\t\t\t\t<\/div>\n\t\t<\/div>\n\t\t\t\t<div class=\"elementor-column elementor-col-25 elementor-top-column elementor-element elementor-element-97ce650\" data-id=\"97ce650\" data-element_type=\"column\">\n\t\t\t<div class=\"elementor-widget-wrap\">\n\t\t\t\t\t\t\t<\/div>\n\t\t<\/div>\n\t\t\t\t<div class=\"elementor-column elementor-col-25 elementor-top-column elementor-element elementor-element-b547b5c\" data-id=\"b547b5c\" data-element_type=\"column\">\n\t\t\t<div class=\"elementor-widget-wrap elementor-element-populated\">\n\t\t\t\t\t\t<div class=\"elementor-element elementor-element-14b8946 elementor-align-justify elementor-widget__width-initial elementor-widget elementor-widget-button\" data-id=\"14b8946\" data-element_type=\"widget\" data-widget_type=\"button.default\">\n\t\t\t\t<div class=\"elementor-widget-container\">\n\t\t\t\t\t<div class=\"elementor-button-wrapper\">\n\t\t\t<a class=\"elementor-button elementor-button-link elementor-size-sm\" href=\"https:\/\/zeolitemin.com\/es\/make-an-inquire\/\">\n\t\t\t\t\t\t<span class=\"elementor-button-content-wrapper\">\n\t\t\t\t\t\t\t\t\t<span class=\"elementor-button-text\">hacer una consulta<\/span>\n\t\t\t\t\t<\/span>\n\t\t\t\t\t<\/a>\n\t\t<\/div>\n\t\t\t\t<\/div>\n\t\t\t\t<\/div>\n\t\t\t\t\t<\/div>\n\t\t<\/div>\n\t\t\t\t<div class=\"elementor-column elementor-col-25 elementor-top-column elementor-element elementor-element-8d925e5\" data-id=\"8d925e5\" data-element_type=\"column\">\n\t\t\t<div class=\"elementor-widget-wrap\">\n\t\t\t\t\t\t\t<\/div>\n\t\t<\/div>\n\t\t\t\t\t<\/div>\n\t\t<\/section>\n\t\t\t\t<\/div>","protected":false},"excerpt":{"rendered":"<p>Zeolita natural versus zeolita sint\u00e9tica, se obtuvo mediante la funci\u00f3n de adsorbente y capacidad de intercambio cati\u00f3nico de una estructura de aluminosilicato. La zeolita clinoptilolita se hizo en polvo, gr\u00e1nulos. Descripci\u00f3n general del an\u00e1lisis qu\u00edmico del dep\u00f3sito mineral de zeolita clinoptilolita 100% Mineral de clinoptilolita pura zeolita Pubchem No. de cat\u00e1logo: UZ620211008 No. CAS: [\u2026]<\/p>","protected":false},"author":1,"featured_media":1287,"parent":3059,"menu_order":1,"comment_status":"closed","ping_status":"closed","template":"elementor_header_footer","meta":{"footnotes":""},"class_list":["post-1499","page","type-page","status-publish","has-post-thumbnail","hentry"],"_links":{"self":[{"href":"https:\/\/zeolitemin.com\/es\/wp-json\/wp\/v2\/pages\/1499","targetHints":{"allow":["GET"]}}],"collection":[{"href":"https:\/\/zeolitemin.com\/es\/wp-json\/wp\/v2\/pages"}],"about":[{"href":"https:\/\/zeolitemin.com\/es\/wp-json\/wp\/v2\/types\/page"}],"author":[{"embeddable":true,"href":"https:\/\/zeolitemin.com\/es\/wp-json\/wp\/v2\/users\/1"}],"replies":[{"embeddable":true,"href":"https:\/\/zeolitemin.com\/es\/wp-json\/wp\/v2\/comments?post=1499"}],"version-history":[{"count":0,"href":"https:\/\/zeolitemin.com\/es\/wp-json\/wp\/v2\/pages\/1499\/revisions"}],"up":[{"embeddable":true,"href":"https:\/\/zeolitemin.com\/es\/wp-json\/wp\/v2\/pages\/3059"}],"wp:featuredmedia":[{"embeddable":true,"href":"https:\/\/zeolitemin.com\/es\/wp-json\/wp\/v2\/media\/1287"}],"wp:attachment":[{"href":"https:\/\/zeolitemin.com\/es\/wp-json\/wp\/v2\/media?parent=1499"}],"curies":[{"name":"wp","href":"https:\/\/api.w.org\/{rel}","templated":true}]}}