{"id":1492,"date":"2022-03-24T09:37:14","date_gmt":"2022-03-24T01:37:14","guid":{"rendered":"http:\/\/www.oklee.ga\/?page_id=1492"},"modified":"2024-07-01T14:41:42","modified_gmt":"2024-07-01T06:41:42","slug":"mesh-size-chart","status":"publish","type":"page","link":"https:\/\/zeolitemin.com\/es\/zeolite-science\/mesh-size-chart\/","title":{"rendered":"Tabla de tama\u00f1o de malla de zeolita"},"content":{"rendered":"<div data-elementor-type=\"wp-page\" data-elementor-id=\"1492\" class=\"elementor elementor-1492\" data-elementor-post-type=\"page\">\n\t\t\t\t\t\t<section class=\"elementor-section elementor-top-section elementor-element elementor-element-17921eab elementor-section-height-min-height elementor-section-boxed elementor-section-height-default elementor-section-items-middle\" data-id=\"17921eab\" data-element_type=\"section\" data-settings=\"{&quot;background_background&quot;:&quot;classic&quot;}\">\n\t\t\t\t\t\t<div class=\"elementor-container elementor-column-gap-default\">\n\t\t\t\t\t<div class=\"elementor-column elementor-col-100 elementor-top-column elementor-element elementor-element-6b94b06d\" data-id=\"6b94b06d\" data-element_type=\"column\">\n\t\t\t<div class=\"elementor-widget-wrap elementor-element-populated\">\n\t\t\t\t\t\t<div class=\"elementor-element elementor-element-5e6121e5 elementor-widget elementor-widget-theme-post-title elementor-page-title elementor-widget-heading\" data-id=\"5e6121e5\" data-element_type=\"widget\" data-widget_type=\"theme-post-title.default\">\n\t\t\t\t<div class=\"elementor-widget-container\">\n\t\t\t<h1 class=\"elementor-heading-title elementor-size-default\">Tabla de tama\u00f1os de malla de polvo de zeolita - Zeolita micronizada m\u00e1gica<\/h1>\t\t<\/div>\n\t\t\t\t<\/div>\n\t\t\t\t<div class=\"elementor-element elementor-element-63293297 elementor-widget elementor-widget-text-editor\" data-id=\"63293297\" data-element_type=\"widget\" data-widget_type=\"text-editor.default\">\n\t\t\t\t<div class=\"elementor-widget-container\">\n\t\t\t\t\t\t\t<p>Zeolita natural frente a zeolita sint\u00e9tica. Se fabric\u00f3 mediante la funci\u00f3n adsorbente y la capacidad de intercambio cati\u00f3nico de un marco de aluminosilicato. La zeolita clinoptilolita se hizo en polvo, gr\u00e1nulos.<\/p>\t\t\t\t\t\t<\/div>\n\t\t\t\t<\/div>\n\t\t\t\t\t<\/div>\n\t\t<\/div>\n\t\t\t\t\t<\/div>\n\t\t<\/section>\n\t\t\t\t<section class=\"elementor-section elementor-top-section elementor-element elementor-element-e7131f0 elementor-section-boxed elementor-section-height-default elementor-section-height-default\" data-id=\"e7131f0\" data-element_type=\"section\" data-settings=\"{&quot;background_background&quot;:&quot;classic&quot;}\">\n\t\t\t\t\t\t<div class=\"elementor-container elementor-column-gap-default\">\n\t\t\t\t\t<div class=\"elementor-column elementor-col-100 elementor-top-column elementor-element elementor-element-5e344ee3\" data-id=\"5e344ee3\" data-element_type=\"column\">\n\t\t\t<div class=\"elementor-widget-wrap elementor-element-populated\">\n\t\t\t\t\t\t<div class=\"elementor-element elementor-element-7575ebd6 elementor-widget elementor-widget-spacer\" data-id=\"7575ebd6\" data-element_type=\"widget\" data-widget_type=\"spacer.default\">\n\t\t\t\t<div class=\"elementor-widget-container\">\n\t\t\t\t\t<div class=\"elementor-spacer\">\n\t\t\t<div class=\"elementor-spacer-inner\"><\/div>\n\t\t<\/div>\n\t\t\t\t<\/div>\n\t\t\t\t<\/div>\n\t\t\t\t<div class=\"elementor-element elementor-element-5444f2d4 elementor-widget elementor-widget-heading\" data-id=\"5444f2d4\" data-element_type=\"widget\" data-widget_type=\"heading.default\">\n\t\t\t\t<div class=\"elementor-widget-container\">\n\t\t\t<h2 class=\"elementor-heading-title elementor-size-default\">Tabla de tama\u00f1os de malla de zeolita natural UZ-Min\u00ae <\/h2>\t\t<\/div>\n\t\t\t\t<\/div>\n\t\t\t\t<div class=\"elementor-element elementor-element-41428f3f elementor-widget elementor-widget-text-editor\" data-id=\"41428f3f\" data-element_type=\"widget\" data-widget_type=\"text-editor.default\">\n\t\t\t\t<div class=\"elementor-widget-container\">\n\t\t\t\t\t\t\t<h3>\u00bfQu\u00e9 significa el tama\u00f1o de malla y el gr\u00e1fico de malla?<\/h3><p>Averiguar los tama\u00f1os de malla es f\u00e1cil. Todo lo que est\u00e1 haciendo es contar la cantidad de aperturas en una pantalla de una pulgada. la cantidad de aberturas es que el tama\u00f1o de la malla. Entonces, una pantalla de 4 mallas significa que hay cuatro peque\u00f1os cuadrados en una pulgada lineal de pantalla. Una pantalla de malla 325 tiene 325 aberturas y as\u00ed sucesivamente. debido a que el n\u00famero que describe el tama\u00f1o de la malla aumenta, el tama\u00f1o de las part\u00edculas disminuye. Los n\u00fameros m\u00e1s altos equivalen a un material m\u00e1s fino. El tama\u00f1o de la malla no es una medida particular del tama\u00f1o de las part\u00edculas. La zeolita a menudo usa esta forma para evaluar el tama\u00f1o de la malla.<\/p><h3>\u00bfQu\u00e9 significan los signos (&lt;) y (&gt;) cuando describimos los tama\u00f1os de malla?<\/h3><p>\u00bfC\u00f3mo trabajar con nosotros? Por ejemplo, &lt;100-mesh significar\u00eda que cada part\u00edcula m\u00e1s peque\u00f1a que 100-mesh pasar\u00eda. &gt;100 mesh significa que se retienen todas las part\u00edculas de 100 mesh o m\u00e1s grandes.<\/p><h3>\u00bfQu\u00e9 tan finas se vuelven las pantallas de malla de tamiz?<\/h3><p>Tamizar o tamizar es un m\u00e9todo para separar una mezcla o granos o part\u00edculas en 2 o m\u00e1s fracciones de tama\u00f1o, los materiales de gran tama\u00f1o quedan atrapados sobre la pantalla, mientras que los materiales de tama\u00f1o inferior pueden pasar a trav\u00e9s de la pantalla. Eso depende del grosor del alambre. Si piensas en eso, cuanto m\u00e1s fino es el tejido, m\u00e1s cerca se juntan los cables, y eventualmente no dejan espacio entre ellos en lo m\u00e1s m\u00ednimo. Por esta raz\u00f3n, el tama\u00f1o de part\u00edcula m\u00e1s all\u00e1 de la malla 325 generalmente se describe en &quot;micras&quot;.<\/p><p>Los tamices y pantallas se utilizan ampliamente en la fabricaci\u00f3n de zeolita natural (clinoptilolita), as\u00ed como en el control de calidad para determinar el tama\u00f1o de part\u00edcula de los minerales de zeolita. La malla es la unidad de medida m\u00e1s com\u00fan utilizada para tamices y pantallas.<\/p><h3>\u00bfQu\u00e9 es una micra?<\/h3><p>Una micra es otra medida del tama\u00f1o de las part\u00edculas. Una micra es la millon\u00e9sima parte de un metro o la veinticinco mil\u00e9sima parte de una pulgada.<\/p>\t\t\t\t\t\t<\/div>\n\t\t\t\t<\/div>\n\t\t\t\t<section class=\"elementor-section elementor-inner-section elementor-element elementor-element-b8be07b elementor-section-boxed elementor-section-height-default elementor-section-height-default\" data-id=\"b8be07b\" data-element_type=\"section\">\n\t\t\t\t\t\t<div class=\"elementor-container elementor-column-gap-default\">\n\t\t\t\t\t<div class=\"elementor-column elementor-col-50 elementor-inner-column elementor-element elementor-element-6d6c9d2\" data-id=\"6d6c9d2\" data-element_type=\"column\">\n\t\t\t<div class=\"elementor-widget-wrap elementor-element-populated\">\n\t\t\t\t\t\t<div class=\"elementor-element elementor-element-6009a1f elementor-widget elementor-widget-text-editor\" data-id=\"6009a1f\" data-element_type=\"widget\" data-widget_type=\"text-editor.default\">\n\t\t\t\t<div class=\"elementor-widget-container\">\n\t\t\t\t\t\t\t<p>UZ-Min\u00ae es una alta calidad <a href=\"https:\/\/zeolitemin.com\/es\/zeolite-science\/what-is-the-best-zeolite\/\">zeolita natural<\/a> (<a href=\"https:\/\/zeolitemin.com\/es\/zeolite-science\/what-is-natural-clinoptilolite\/\">clinoptilolita<\/a>) <a href=\"https:\/\/antenchem.com\" rel=\"noopener\">productos<\/a>, especialmente seleccionado por su alta pureza, bajo contenido de metales pesados y estabilidad de <a href=\"https:\/\/zeolitemin.com\/es\/products\/uz-min-clinoptilolite-zeolite-granular\/\">gr\u00e1nulos de zeolita<\/a>, por lo que es la opci\u00f3n ideal para todas las aplicaciones.<\/p><p>La zeolita natural UZ-Min\u00ae (clinoptilolita) est\u00e1 disponible en una amplia gama de tama\u00f1os de malla: &lt;100 Mesh, &lt;150 Mesh, &lt;200 Mesh,<\/p><p>zeolita natural (clinoptilolita) granular: 1-3 mm, 3-5 mm, 5-8 mm<\/p>\t\t\t\t\t\t<\/div>\n\t\t\t\t<\/div>\n\t\t\t\t<div class=\"elementor-element elementor-element-94d8647 elementor-widget elementor-widget-image-carousel\" data-id=\"94d8647\" data-element_type=\"widget\" data-settings=\"{&quot;slides_to_show&quot;:&quot;2&quot;,&quot;slides_to_scroll&quot;:&quot;2&quot;,&quot;navigation&quot;:&quot;none&quot;,&quot;autoplay&quot;:&quot;yes&quot;,&quot;pause_on_hover&quot;:&quot;yes&quot;,&quot;pause_on_interaction&quot;:&quot;yes&quot;,&quot;autoplay_speed&quot;:5000,&quot;infinite&quot;:&quot;yes&quot;,&quot;speed&quot;:500}\" data-widget_type=\"image-carousel.default\">\n\t\t\t\t<div class=\"elementor-widget-container\">\n\t\t\t\t\t<div class=\"elementor-image-carousel-wrapper swiper\" dir=\"ltr\">\n\t\t\t<div class=\"elementor-image-carousel swiper-wrapper swiper-image-stretch\" aria-live=\"off\">\n\t\t\t\t\t\t\t\t<div class=\"swiper-slide\" role=\"group\" aria-roledescription=\"slide\" aria-label=\"1 de 2\"><figure class=\"swiper-slide-inner\"><img decoding=\"async\" class=\"swiper-slide-image\" src=\"https:\/\/zeolitemin.com\/wp-content\/uploads\/2022\/03\/mesh-size-2-300x300.jpg\" alt=\"malla-tama\u00f1o-2\" \/><\/figure><\/div><div class=\"swiper-slide\" role=\"group\" aria-roledescription=\"slide\" aria-label=\"2 de 2\"><figure class=\"swiper-slide-inner\"><img decoding=\"async\" class=\"swiper-slide-image\" src=\"https:\/\/zeolitemin.com\/wp-content\/uploads\/2022\/03\/mesh-size-1-300x300.jpg\" alt=\"Tama\u00f1o de malla y gr\u00e1fico de malla de zeolita natural (clinoptilolita)\" \/><\/figure><\/div>\t\t\t<\/div>\n\t\t\t\t\t\t\t\n\t\t\t\t\t\t\t\t\t<\/div>\n\t\t\t\t<\/div>\n\t\t\t\t<\/div>\n\t\t\t\t\t<\/div>\n\t\t<\/div>\n\t\t\t\t<div class=\"elementor-column elementor-col-50 elementor-inner-column elementor-element elementor-element-c92c6fe\" data-id=\"c92c6fe\" data-element_type=\"column\">\n\t\t\t<div class=\"elementor-widget-wrap elementor-element-populated\">\n\t\t\t\t\t\t<div class=\"elementor-element elementor-element-56ecdf0 elementor-widget elementor-widget-text-editor\" data-id=\"56ecdf0\" data-element_type=\"widget\" data-widget_type=\"text-editor.default\">\n\t\t\t\t<div class=\"elementor-widget-container\">\n\t\t\t\t\t\t\t<table class=\"table table-hover ke-zeroborder\"><tbody><tr><th colspan=\"4\"><h3>TABLA DE CONVERSI\u00d3N DE MALLA A MICRAS DE TAMA\u00d1O PARTICAL<\/h3><\/th><\/tr><tr><td>MALLA ESTADOUNIDENSE<\/td><td>PULGADAS<\/td><td>MICRONES<\/td><td>MIL\u00cdMETROS<\/td><\/tr><tr><td>3<\/td><td>0.2650<\/td><td>6730<\/td><td>6.730<\/td><\/tr><tr><td>4<\/td><td>0.1870<\/td><td>4760<\/td><td>4.760<\/td><\/tr><tr><td>5<\/td><td>0.1570<\/td><td>4000<\/td><td>4.000<\/td><\/tr><tr><td>6<\/td><td>0.1320<\/td><td>3360<\/td><td>3.360<\/td><\/tr><tr><td>7<\/td><td>0.1110<\/td><td>2830<\/td><td>2.830<\/td><\/tr><tr><td>8<\/td><td>0.0937<\/td><td>2380<\/td><td>2.380<\/td><\/tr><tr><td>10<\/td><td>0.0787<\/td><td>2000<\/td><td>2.000<\/td><\/tr><tr><td>12<\/td><td>0.0661<\/td><td>1680<\/td><td>1.680<\/td><\/tr><tr><td>14<\/td><td>0.0555<\/td><td>1410<\/td><td>1.410<\/td><\/tr><tr><td>16<\/td><td>0.0469<\/td><td>1190<\/td><td>1.190<\/td><\/tr><tr><td>18<\/td><td>0.0394<\/td><td>1000<\/td><td>1.000<\/td><\/tr><tr><td>20<\/td><td>0.0331<\/td><td>841<\/td><td>0.841<\/td><\/tr><tr><td>25<\/td><td>0.0280<\/td><td>707<\/td><td>0.707<\/td><\/tr><tr><td>30<\/td><td>0.0232<\/td><td>595<\/td><td>0.595<\/td><\/tr><tr><td>35<\/td><td>0.0197<\/td><td>500<\/td><td>0.500<\/td><\/tr><tr><td>40<\/td><td>0.0165<\/td><td>400<\/td><td>0.400<\/td><\/tr><tr><td>45<\/td><td>0.0138<\/td><td>354<\/td><td>0.354<\/td><\/tr><tr><td>50<\/td><td>0.0117<\/td><td>297<\/td><td>0.297<\/td><\/tr><tr><td>60<\/td><td>0.0098<\/td><td>250<\/td><td>0.250<\/td><\/tr><tr><td>70<\/td><td>0.0083<\/td><td>210<\/td><td>0.210<\/td><\/tr><tr><td>80<\/td><td>0.0070<\/td><td>177<\/td><td>0.177<\/td><\/tr><tr><td>100<\/td><td>0.0059<\/td><td>149<\/td><td>0.149<\/td><\/tr><tr><td>120<\/td><td>0.0049<\/td><td>125<\/td><td>0.125<\/td><\/tr><tr><td>140<\/td><td>0.0041<\/td><td>105<\/td><td>0.105<\/td><\/tr><tr><td>170<\/td><td>0.0035<\/td><td>88<\/td><td>0.088<\/td><\/tr><tr><td>200<\/td><td>0.0029<\/td><td>74<\/td><td>0.074<\/td><\/tr><tr><td>230<\/td><td>0.0024<\/td><td>63<\/td><td>0.063<\/td><\/tr><tr><td>270<\/td><td>0.0021<\/td><td>53<\/td><td>0.053<\/td><\/tr><tr><td>325<\/td><td>0.0017<\/td><td>44<\/td><td>0.044<\/td><\/tr><tr><td>400<\/td><td>0.0015<\/td><td>37<\/td><td>0.037<\/td><\/tr><tr><td>500<\/td><td>0.00098<\/td><td>25\u00a0<\/td><td>0.031<\/td><\/tr><tr><td>600<\/td><td>0.00091<\/td><td>23<\/td><td>0.025<\/td><\/tr><tr><td>800<\/td><td>0.00071<\/td><td>18<\/td><td>0.019<\/td><\/tr><tr><td>1000<\/td><td>0.00051<\/td><td>13<\/td><td>0.013<\/td><\/tr><tr><td>1340<\/td><td>0.00039<\/td><td>10<\/td><td>0.010<\/td><\/tr><tr><td>2000<\/td><td>0.00026<\/td><td>6.5<\/td><td>0.0065<\/td><\/tr><tr><td>3000<\/td><td>0.0002<\/td><td>5.08<\/td><td>0.0050<\/td><\/tr><\/tbody><\/table><h3>\u00a0<\/h3>\t\t\t\t\t\t<\/div>\n\t\t\t\t<\/div>\n\t\t\t\t\t<\/div>\n\t\t<\/div>\n\t\t\t\t\t<\/div>\n\t\t<\/section>\n\t\t\t\t\t<\/div>\n\t\t<\/div>\n\t\t\t\t\t<\/div>\n\t\t<\/section>\n\t\t\t\t<section class=\"elementor-section elementor-top-section elementor-element elementor-element-6bd6f55 elementor-section-boxed elementor-section-height-default elementor-section-height-default\" data-id=\"6bd6f55\" data-element_type=\"section\" data-settings=\"{&quot;background_background&quot;:&quot;classic&quot;}\">\n\t\t\t\t\t\t<div class=\"elementor-container elementor-column-gap-default\">\n\t\t\t\t\t<div class=\"elementor-column elementor-col-25 elementor-top-column elementor-element elementor-element-ac08c0d\" data-id=\"ac08c0d\" data-element_type=\"column\">\n\t\t\t<div class=\"elementor-widget-wrap elementor-element-populated\">\n\t\t\t\t\t\t<div class=\"elementor-element elementor-element-aea348d elementor-widget elementor-widget-heading\" data-id=\"aea348d\" data-element_type=\"widget\" data-widget_type=\"heading.default\">\n\t\t\t\t<div class=\"elementor-widget-container\">\n\t\t\t<h3 class=\"elementor-heading-title elementor-size-default\">Deje que nuestras zeolitas respalden su negocio<\/h3>\t\t<\/div>\n\t\t\t\t<\/div>\n\t\t\t\t\t<\/div>\n\t\t<\/div>\n\t\t\t\t<div class=\"elementor-column elementor-col-25 elementor-top-column elementor-element elementor-element-e97113d\" data-id=\"e97113d\" data-element_type=\"column\">\n\t\t\t<div class=\"elementor-widget-wrap\">\n\t\t\t\t\t\t\t<\/div>\n\t\t<\/div>\n\t\t\t\t<div class=\"elementor-column elementor-col-25 elementor-top-column elementor-element elementor-element-ca472b1\" data-id=\"ca472b1\" data-element_type=\"column\">\n\t\t\t<div class=\"elementor-widget-wrap elementor-element-populated\">\n\t\t\t\t\t\t<div class=\"elementor-element elementor-element-37e41c2 elementor-align-justify elementor-widget__width-initial elementor-widget elementor-widget-button\" data-id=\"37e41c2\" data-element_type=\"widget\" data-widget_type=\"button.default\">\n\t\t\t\t<div class=\"elementor-widget-container\">\n\t\t\t\t\t<div class=\"elementor-button-wrapper\">\n\t\t\t<a class=\"elementor-button elementor-button-link elementor-size-sm\" href=\"https:\/\/zeolitemin.com\/es\/make-an-inquire\/\">\n\t\t\t\t\t\t<span class=\"elementor-button-content-wrapper\">\n\t\t\t\t\t\t\t\t\t<span class=\"elementor-button-text\">hacer una consulta<\/span>\n\t\t\t\t\t<\/span>\n\t\t\t\t\t<\/a>\n\t\t<\/div>\n\t\t\t\t<\/div>\n\t\t\t\t<\/div>\n\t\t\t\t\t<\/div>\n\t\t<\/div>\n\t\t\t\t<div class=\"elementor-column elementor-col-25 elementor-top-column elementor-element elementor-element-52ea975\" data-id=\"52ea975\" data-element_type=\"column\">\n\t\t\t<div class=\"elementor-widget-wrap\">\n\t\t\t\t\t\t\t<\/div>\n\t\t<\/div>\n\t\t\t\t\t<\/div>\n\t\t<\/section>\n\t\t\t\t<\/div>","protected":false},"excerpt":{"rendered":"<p>Zeolita natural frente a zeolita sint\u00e9tica. Se fabric\u00f3 mediante la funci\u00f3n adsorbente y la capacidad de intercambio cati\u00f3nico de un marco de aluminosilicato. La zeolita clinoptilolita se hizo en polvo, gr\u00e1nulos. Tabla de tama\u00f1o de malla de la zeolita natural UZ-Min\u00ae \u00bfQu\u00e9 significa el tama\u00f1o de malla y la tabla de malla? Averiguar los tama\u00f1os de malla es f\u00e1cil. Todo lo que est\u00e1 haciendo es contar la cantidad de vacantes en [\u2026]<\/p>","protected":false},"author":1,"featured_media":670,"parent":3059,"menu_order":5,"comment_status":"closed","ping_status":"closed","template":"elementor_header_footer","meta":{"footnotes":""},"class_list":["post-1492","page","type-page","status-publish","has-post-thumbnail","hentry"],"_links":{"self":[{"href":"https:\/\/zeolitemin.com\/es\/wp-json\/wp\/v2\/pages\/1492","targetHints":{"allow":["GET"]}}],"collection":[{"href":"https:\/\/zeolitemin.com\/es\/wp-json\/wp\/v2\/pages"}],"about":[{"href":"https:\/\/zeolitemin.com\/es\/wp-json\/wp\/v2\/types\/page"}],"author":[{"embeddable":true,"href":"https:\/\/zeolitemin.com\/es\/wp-json\/wp\/v2\/users\/1"}],"replies":[{"embeddable":true,"href":"https:\/\/zeolitemin.com\/es\/wp-json\/wp\/v2\/comments?post=1492"}],"version-history":[{"count":0,"href":"https:\/\/zeolitemin.com\/es\/wp-json\/wp\/v2\/pages\/1492\/revisions"}],"up":[{"embeddable":true,"href":"https:\/\/zeolitemin.com\/es\/wp-json\/wp\/v2\/pages\/3059"}],"wp:featuredmedia":[{"embeddable":true,"href":"https:\/\/zeolitemin.com\/es\/wp-json\/wp\/v2\/media\/670"}],"wp:attachment":[{"href":"https:\/\/zeolitemin.com\/es\/wp-json\/wp\/v2\/media?parent=1492"}],"curies":[{"name":"wp","href":"https:\/\/api.w.org\/{rel}","templated":true}]}}