{"id":1472,"date":"2022-03-24T09:27:24","date_gmt":"2022-03-24T01:27:24","guid":{"rendered":"http:\/\/www.oklee.ga\/?page_id=1472"},"modified":"2024-07-02T14:41:52","modified_gmt":"2024-07-02T06:41:52","slug":"zeolitemins-natural-zeolite","status":"publish","type":"page","link":"https:\/\/zeolitemin.com\/es\/zeolite-science\/zeolitemins-natural-zeolite\/","title":{"rendered":"Zeolita Zeolita natural de Min"},"content":{"rendered":"<div data-elementor-type=\"wp-page\" data-elementor-id=\"1472\" class=\"elementor elementor-1472\" data-elementor-post-type=\"page\">\n\t\t\t\t\t\t<section class=\"elementor-section elementor-top-section elementor-element elementor-element-1c5dae69 elementor-section-height-min-height elementor-section-boxed elementor-section-height-default elementor-section-items-middle\" data-id=\"1c5dae69\" data-element_type=\"section\" data-settings=\"{&quot;background_background&quot;:&quot;classic&quot;}\">\n\t\t\t\t\t\t<div class=\"elementor-container elementor-column-gap-default\">\n\t\t\t\t\t<div class=\"elementor-column elementor-col-100 elementor-top-column elementor-element elementor-element-4b21a2d3\" data-id=\"4b21a2d3\" data-element_type=\"column\">\n\t\t\t<div class=\"elementor-widget-wrap elementor-element-populated\">\n\t\t\t\t\t\t<div class=\"elementor-element elementor-element-484ef243 elementor-widget elementor-widget-theme-post-title elementor-page-title elementor-widget-heading\" data-id=\"484ef243\" data-element_type=\"widget\" data-widget_type=\"theme-post-title.default\">\n\t\t\t\t<div class=\"elementor-widget-container\">\n\t\t\t<h1 class=\"elementor-heading-title elementor-size-default\">Zeolita natural de ZeoliteMin: conf\u00ede en la calidad que conoce<\/h1>\t\t<\/div>\n\t\t\t\t<\/div>\n\t\t\t\t<div class=\"elementor-element elementor-element-4f77f65d elementor-widget elementor-widget-text-editor\" data-id=\"4f77f65d\" data-element_type=\"widget\" data-widget_type=\"text-editor.default\">\n\t\t\t\t<div class=\"elementor-widget-container\">\n\t\t\t\t\t\t\t<p>Zeolita natural frente a zeolita sint\u00e9tica. Se fabric\u00f3 mediante la funci\u00f3n adsorbente y la capacidad de intercambio cati\u00f3nico de un marco de aluminosilicato. La zeolita clinoptilolita se hizo en polvo, gr\u00e1nulos.<\/p>\t\t\t\t\t\t<\/div>\n\t\t\t\t<\/div>\n\t\t\t\t\t<\/div>\n\t\t<\/div>\n\t\t\t\t\t<\/div>\n\t\t<\/section>\n\t\t\t\t<section class=\"elementor-section elementor-top-section elementor-element elementor-element-4b876269 elementor-section-boxed elementor-section-height-default elementor-section-height-default\" data-id=\"4b876269\" data-element_type=\"section\" data-settings=\"{&quot;background_background&quot;:&quot;classic&quot;}\">\n\t\t\t\t\t\t<div class=\"elementor-container elementor-column-gap-default\">\n\t\t\t\t\t<div class=\"elementor-column elementor-col-100 elementor-top-column elementor-element elementor-element-860d7ed\" data-id=\"860d7ed\" data-element_type=\"column\">\n\t\t\t<div class=\"elementor-widget-wrap elementor-element-populated\">\n\t\t\t\t\t\t<div class=\"elementor-element elementor-element-74fffdc0 elementor-widget elementor-widget-heading\" data-id=\"74fffdc0\" data-element_type=\"widget\" data-widget_type=\"heading.default\">\n\t\t\t\t<div class=\"elementor-widget-container\">\n\t\t\t<h3 class=\"elementor-heading-title elementor-size-default\">MINERALES DE ZEOLITA NATURAL UZ-MIN A PARTIR DE ZEOLITEMINA<\/h3>\t\t<\/div>\n\t\t\t\t<\/div>\n\t\t\t\t<div class=\"elementor-element elementor-element-607bab21 elementor-widget elementor-widget-text-editor\" data-id=\"607bab21\" data-element_type=\"widget\" data-widget_type=\"text-editor.default\">\n\t\t\t\t<div class=\"elementor-widget-container\">\n\t\t\t\t\t\t\t<h3>\u00bfPor qu\u00e9 elegir nuestra Zeolita \u2013 Clinoptilolita?<\/h3><p>ZEOLITEMIN es el principal productor y exportador de minerales de zeolita natural a los pa\u00edses asi\u00e1ticos. Posee reservas de alta calidad en China. Aqu\u00ed hay algunos datos r\u00e1pidos de por qu\u00e9 elegir la zeolita de ZEOLITEMIN: clinoptilolita.<\/p><h3>Pureza incre\u00edble<\/h3><p>m\u00edn. 85%<\/p><p>ZEOLITEMIN garantiza una pureza m\u00ednima de 85% en sus productos. La pureza del producto se controla constantemente mediante an\u00e1lisis. Se est\u00e1n realizando pruebas peri\u00f3dicas para comprobar la reserva. Lleva toda la producci\u00f3n bajo un estricto sistema de control de calidad ISO.<\/p><h3>Alta capacidad de intercambio de iones cati\u00f3nicos (CEC)<\/h3><p>Hasta 170 meq\/100 g de ZEOLITEMIN ofrece clinoptilolita con una de las capacidades de intercambio i\u00f3nico cati\u00f3nico (CEC) m\u00e1s altas.<\/p><h3>\u00c1rea de superficie espec\u00edfica alta<\/h3><p>Hasta 60 m2\/g<\/p><p>Los productos de ZEOLITEMIN pueden alcanzar una superficie espec\u00edfica (SSA) de hasta 60 m2\/gr. Dimensionamiento y denominaci\u00f3n precisos Dv90% Al nombrar un producto en polvo, el nombre muestra que 90% del producto est\u00e1 por debajo del &quot;tama\u00f1o indicado&quot;. Por ejemplo, cuando nombramos el producto 200 micras, garantizamos que el 90% del producto est\u00e1 por debajo de las 200 micras.<\/p><h3>Producci\u00f3n simult\u00e1nea<\/h3><p>11 productos Podemos producir hasta 11 grados diferentes de producto simult\u00e1neamente, en nuestras dos instalaciones diferentes.<\/p><h3>Fabricaci\u00f3n continua<\/h3><p>4 estaciones<\/p><p>ZEOLITEMIN opera durante 4 estaciones del a\u00f1o. Por lo general, los pedidos en bolsas gigantes y los pedidos a granel se env\u00edan y entregan de inmediato. Por lo general, enviamos pedidos con paquetes m\u00e1s peque\u00f1os en 3 a 10 d\u00edas.<\/p><h3>Proveedor Sostenible<\/h3><p>500 hect\u00e1reas ZEOLITEMIN posee 500 hect\u00e1reas de reservorio de zeolita \u2013 clinoptilolita natural de alta calidad. La reserva calculada supera los 10 millones de toneladas. Productor confiable 29 a\u00f1os ZEOLITEMIN ha estado en el negocio de la zeolita por m\u00e1s de 29 a\u00f1os. Hemos establecido una asociaci\u00f3n mutua a largo plazo con la mayor\u00eda de nuestros clientes. Tenemos el know-how y la experiencia para el proceso de fabricaci\u00f3n y la aplicaci\u00f3n de <a href=\"https:\/\/zeolitemin.com\/es\/zeolite-science\/what-is-the-best-zeolite\/\">zeolita<\/a> &#8211; <a href=\"https:\/\/zeolitemin.com\/es\/zeolite-science\/what-is-natural-clinoptilolite\/\">clinoptilolita<\/a>.<\/p><h3>Abasteciendo al mundo<\/h3><p>En 55 pa\u00edses, ya enviamos a m\u00e1s de 40 pa\u00edses en el mundo. No hay otro productor de zeolitas que pueda entregar sus productos a tantos pa\u00edses del mundo. Plazos de entrega cortos Dentro de 10 d\u00edas Normalmente enviamos su <a href=\"https:\/\/antenchem.com\" rel=\"noopener\">venta al por mayor<\/a> Pedidos entre 3 \u2013 10 d\u00edas.<\/p><h3>Servicio r\u00e1pido<\/h3><p>24 horas<\/p><p>Respondemos a sus correos electr\u00f3nicos en el mismo d\u00eda. Cerca del puerto Menos de 50 km Nuestras instalaciones de producci\u00f3n est\u00e1n a solo 50 km de uno de los puertos de contenedores m\u00e1s grandes de China.<\/p><h3>Precios favorables<\/h3><p>Descuento 20%<\/p><p>Si es el primero en realizar un pedido desde un pa\u00eds al que nunca antes hemos enviado, ZEOLITEMIN le ofrece un descuento de 20% en su primer pedido.<\/p>\t\t\t\t\t\t<\/div>\n\t\t\t\t<\/div>\n\t\t\t\t\t<\/div>\n\t\t<\/div>\n\t\t\t\t\t<\/div>\n\t\t<\/section>\n\t\t\t\t<section class=\"elementor-section elementor-top-section elementor-element elementor-element-9a002c1 elementor-section-boxed elementor-section-height-default elementor-section-height-default\" data-id=\"9a002c1\" data-element_type=\"section\" data-settings=\"{&quot;background_background&quot;:&quot;classic&quot;}\">\n\t\t\t\t\t\t<div class=\"elementor-container elementor-column-gap-default\">\n\t\t\t\t\t<div class=\"elementor-column elementor-col-25 elementor-top-column elementor-element elementor-element-7023164\" data-id=\"7023164\" data-element_type=\"column\">\n\t\t\t<div class=\"elementor-widget-wrap elementor-element-populated\">\n\t\t\t\t\t\t<div class=\"elementor-element elementor-element-ea403e0 elementor-widget elementor-widget-heading\" data-id=\"ea403e0\" data-element_type=\"widget\" data-widget_type=\"heading.default\">\n\t\t\t\t<div class=\"elementor-widget-container\">\n\t\t\t<h3 class=\"elementor-heading-title elementor-size-default\">Deje que nuestras zeolitas respalden su negocio<\/h3>\t\t<\/div>\n\t\t\t\t<\/div>\n\t\t\t\t\t<\/div>\n\t\t<\/div>\n\t\t\t\t<div class=\"elementor-column elementor-col-25 elementor-top-column elementor-element elementor-element-1dfc1f0\" data-id=\"1dfc1f0\" data-element_type=\"column\">\n\t\t\t<div class=\"elementor-widget-wrap\">\n\t\t\t\t\t\t\t<\/div>\n\t\t<\/div>\n\t\t\t\t<div class=\"elementor-column elementor-col-25 elementor-top-column elementor-element elementor-element-34a0678\" data-id=\"34a0678\" data-element_type=\"column\">\n\t\t\t<div class=\"elementor-widget-wrap elementor-element-populated\">\n\t\t\t\t\t\t<div class=\"elementor-element elementor-element-8ae1ad4 elementor-align-justify elementor-widget__width-initial elementor-widget elementor-widget-button\" data-id=\"8ae1ad4\" data-element_type=\"widget\" data-widget_type=\"button.default\">\n\t\t\t\t<div class=\"elementor-widget-container\">\n\t\t\t\t\t<div class=\"elementor-button-wrapper\">\n\t\t\t<a class=\"elementor-button elementor-button-link elementor-size-sm\" href=\"https:\/\/zeolitemin.com\/es\/make-an-inquire\/\">\n\t\t\t\t\t\t<span class=\"elementor-button-content-wrapper\">\n\t\t\t\t\t\t\t\t\t<span class=\"elementor-button-text\">hacer una consulta<\/span>\n\t\t\t\t\t<\/span>\n\t\t\t\t\t<\/a>\n\t\t<\/div>\n\t\t\t\t<\/div>\n\t\t\t\t<\/div>\n\t\t\t\t\t<\/div>\n\t\t<\/div>\n\t\t\t\t<div class=\"elementor-column elementor-col-25 elementor-top-column elementor-element elementor-element-f3786c9\" data-id=\"f3786c9\" data-element_type=\"column\">\n\t\t\t<div class=\"elementor-widget-wrap\">\n\t\t\t\t\t\t\t<\/div>\n\t\t<\/div>\n\t\t\t\t\t<\/div>\n\t\t<\/section>\n\t\t\t\t<\/div>","protected":false},"excerpt":{"rendered":"<p>Zeolita natural frente a zeolita sint\u00e9tica. Se fabric\u00f3 mediante la funci\u00f3n adsorbente y la capacidad de intercambio cati\u00f3nico de un marco de aluminosilicato. La zeolita clinoptilolita se hizo en polvo, gr\u00e1nulos. UZ-MIN ZEOLITA NATURAL MINERAL DE ZEOLITEMINA \u00bfPor qu\u00e9 elegir nuestra Zeolita \u2013 Clinoptilolita? ZEOLITEMIN es el principal productor y exportador de minerales de zeolita natural a los pa\u00edses asi\u00e1ticos. Posee reservas de alta calidad en China. Aqu\u00ed [\u2026]<\/p>","protected":false},"author":1,"featured_media":1390,"parent":3059,"menu_order":4,"comment_status":"closed","ping_status":"closed","template":"elementor_header_footer","meta":{"footnotes":""},"class_list":["post-1472","page","type-page","status-publish","has-post-thumbnail","hentry"],"_links":{"self":[{"href":"https:\/\/zeolitemin.com\/es\/wp-json\/wp\/v2\/pages\/1472","targetHints":{"allow":["GET"]}}],"collection":[{"href":"https:\/\/zeolitemin.com\/es\/wp-json\/wp\/v2\/pages"}],"about":[{"href":"https:\/\/zeolitemin.com\/es\/wp-json\/wp\/v2\/types\/page"}],"author":[{"embeddable":true,"href":"https:\/\/zeolitemin.com\/es\/wp-json\/wp\/v2\/users\/1"}],"replies":[{"embeddable":true,"href":"https:\/\/zeolitemin.com\/es\/wp-json\/wp\/v2\/comments?post=1472"}],"version-history":[{"count":0,"href":"https:\/\/zeolitemin.com\/es\/wp-json\/wp\/v2\/pages\/1472\/revisions"}],"up":[{"embeddable":true,"href":"https:\/\/zeolitemin.com\/es\/wp-json\/wp\/v2\/pages\/3059"}],"wp:featuredmedia":[{"embeddable":true,"href":"https:\/\/zeolitemin.com\/es\/wp-json\/wp\/v2\/media\/1390"}],"wp:attachment":[{"href":"https:\/\/zeolitemin.com\/es\/wp-json\/wp\/v2\/media?parent=1472"}],"curies":[{"name":"wp","href":"https:\/\/api.w.org\/{rel}","templated":true}]}}