{"id":1460,"date":"2022-03-24T09:20:22","date_gmt":"2022-03-24T01:20:22","guid":{"rendered":"http:\/\/www.oklee.ga\/?page_id=1460"},"modified":"2024-07-01T18:42:24","modified_gmt":"2024-07-01T10:42:24","slug":"what-is-natural-clinoptilolite","status":"publish","type":"page","link":"https:\/\/zeolitemin.com\/es\/zeolite-science\/what-is-natural-clinoptilolite\/","title":{"rendered":"\u00bfQu\u00e9 es la Clinoptilolita Natural?"},"content":{"rendered":"<div data-elementor-type=\"wp-page\" data-elementor-id=\"1460\" class=\"elementor elementor-1460\" data-elementor-post-type=\"page\">\n\t\t\t\t\t\t<section class=\"elementor-section elementor-top-section elementor-element elementor-element-3b8c7e8f elementor-section-height-min-height elementor-section-boxed elementor-section-height-default elementor-section-items-middle\" data-id=\"3b8c7e8f\" data-element_type=\"section\" data-settings=\"{&quot;background_background&quot;:&quot;classic&quot;}\">\n\t\t\t\t\t\t<div class=\"elementor-container elementor-column-gap-default\">\n\t\t\t\t\t<div class=\"elementor-column elementor-col-100 elementor-top-column elementor-element elementor-element-36986852\" data-id=\"36986852\" data-element_type=\"column\">\n\t\t\t<div class=\"elementor-widget-wrap elementor-element-populated\">\n\t\t\t\t\t\t<div class=\"elementor-element elementor-element-4612f4f6 elementor-widget elementor-widget-theme-post-title elementor-page-title elementor-widget-heading\" data-id=\"4612f4f6\" data-element_type=\"widget\" data-widget_type=\"theme-post-title.default\">\n\t\t\t\t<div class=\"elementor-widget-container\">\n\t\t\t<h1 class=\"elementor-heading-title elementor-size-default\">\u00bfQu\u00e9 es la Clinoptilolita Natural? F\u00e1cil saber m\u00e1s<\/h1>\t\t<\/div>\n\t\t\t\t<\/div>\n\t\t\t\t<div class=\"elementor-element elementor-element-230f0694 elementor-widget elementor-widget-text-editor\" data-id=\"230f0694\" data-element_type=\"widget\" data-widget_type=\"text-editor.default\">\n\t\t\t\t<div class=\"elementor-widget-container\">\n\t\t\t\t\t\t\t<p>Zeolita natural frente a zeolita sint\u00e9tica. Se fabric\u00f3 mediante la funci\u00f3n adsorbente y la capacidad de intercambio cati\u00f3nico de un marco de aluminosilicato. La zeolita clinoptilolita se hizo en polvo, gr\u00e1nulos.<\/p>\t\t\t\t\t\t<\/div>\n\t\t\t\t<\/div>\n\t\t\t\t\t<\/div>\n\t\t<\/div>\n\t\t\t\t\t<\/div>\n\t\t<\/section>\n\t\t\t\t<section class=\"elementor-section elementor-top-section elementor-element elementor-element-2c1ef1a7 elementor-section-boxed elementor-section-height-default elementor-section-height-default\" data-id=\"2c1ef1a7\" data-element_type=\"section\" data-settings=\"{&quot;background_background&quot;:&quot;classic&quot;}\">\n\t\t\t\t\t\t<div class=\"elementor-container elementor-column-gap-default\">\n\t\t\t\t\t<div class=\"elementor-column elementor-col-100 elementor-top-column elementor-element elementor-element-70122d36\" data-id=\"70122d36\" data-element_type=\"column\">\n\t\t\t<div class=\"elementor-widget-wrap elementor-element-populated\">\n\t\t\t\t\t\t<div class=\"elementor-element elementor-element-241f2074 elementor-widget elementor-widget-heading\" data-id=\"241f2074\" data-element_type=\"widget\" data-widget_type=\"heading.default\">\n\t\t\t\t<div class=\"elementor-widget-container\">\n\t\t\t<h3 class=\"elementor-heading-title elementor-size-default\">Clinoptilolita - Estructura,Propiedades,Hechos<\/h3>\t\t<\/div>\n\t\t\t\t<\/div>\n\t\t\t\t<div class=\"elementor-element elementor-element-2e5e2146 elementor-widget elementor-widget-text-editor\" data-id=\"2e5e2146\" data-element_type=\"widget\" data-widget_type=\"text-editor.default\">\n\t\t\t\t<div class=\"elementor-widget-container\">\n\t\t\t\t\t\t\t<p><!-- wp:heading {\"level\":3} --><\/p>\n<h3>\u00a0<\/h3>\n<p><!-- \/wp:heading --><!-- wp:image {\"align\":\"left\",\"id\":721,\"sizeSlug\":\"medium\",\"linkDestination\":\"none\"} --><\/p>\n<div class=\"wp-block-image\">\n<figure class=\"alignleft size-medium\">\n<figure id=\"attachment_672\" aria-describedby=\"caption-attachment-672\" style=\"width: 280px\" class=\"wp-caption alignleft\"><img fetchpriority=\"high\" decoding=\"async\" class=\"wp-image-672 size-full\" src=\"https:\/\/zeolitemin.com\/wp-content\/uploads\/2022\/03\/molecule_clinoptilolite-.gif\" alt=\"mol\u00e9cula de zeolita natural clinoptilolita\" width=\"280\" height=\"280\" \/><figcaption id=\"caption-attachment-672\" class=\"wp-caption-text\">mol\u00e9cula de zeolita natural clinoptilolita<\/figcaption><\/figure>\n<p>\u00a0<\/p>\n<figcaption><\/figcaption>\n<\/figure>\n<\/div>\n<p><!-- \/wp:image --><!-- wp:paragraph --><\/p>\n<p>Hoy en d\u00eda, hay muchas zeolitas naturales identificadas en el mundo. <a href=\"https:\/\/zeolitemin.com\/es\/zeolite-science\/what-is-natural-clinoptilolite\/\">Clinoptilolita<\/a>, mordenita, phillipsita, chabazita, estilbita, analcima y laumontita son formas muy comunes, mientras que fuera del sitio, paulingita, barrerita y mazzita son mucho m\u00e1s raras. Hay m\u00e1s de 50 tipos de minerales naturales de zeolita y m\u00e1s de 200 <a href=\"https:\/\/antenchem.com\" rel=\"noopener\">zeolitas sint\u00e9ticas<\/a> en el mundo. Entre las zeolitas, las Clinoptilolitas (del grupo de las heulanditas) son las m\u00e1s abundantes. <a href=\"https:\/\/zeolitemin.com\/es\/zeolite-science\/what-is-the-best-zeolite\/\">zeolita natural<\/a>. Clientes comerciales e industriales ampliamente utilizados en zeolitas naturales y aptas en el mundo.<\/p>\n<p><!-- \/wp:paragraph --><!-- wp:paragraph --><\/p>\n<p>La producci\u00f3n mundial anual de zeolita natural se aproxima a los 3 millones de toneladas. M\u00e1s del 80% de la producci\u00f3n mundial de zeolita es del tipo clinoptilolita de mineral de zeolita natural. Adem\u00e1s de las naturales, desarroll\u00f3 zeolitas sint\u00e9ticas personalizadas en todo el mundo.<\/p>\n<p><!-- \/wp:paragraph --><!-- wp:heading {\"level\":3} --><\/p>\n<h3>Tipo de Zeolitas<\/h3>\n<p><!-- \/wp:heading --><!-- wp:paragraph --><\/p>\n<p>Sin embargo, los cient\u00edficos descubrieron 232 zeolitas en estas estructuras y las sintetizaron hasta el momento. Los ingenieros observaron solo esta peque\u00f1a fracci\u00f3n de posibilidades. Las zeolitas naturales son recursos de bajo costo. Se trata de aluminosilicatos hidratados cristalinos con estructura de entramado, que contiene poros ocupados por agua, cationes alcalinos y alcalinot\u00e9rreos. Nos centramos en dos elementos. Tales como alta capacidad de intercambio cati\u00f3nico y propiedades de tamiz molecular. Los ingenieros utilizan ampliamente la zeolita como adsorbente en los procesos de separaci\u00f3n y purificaci\u00f3n en las \u00faltimas d\u00e9cadas.<\/p>\n<p><!-- \/wp:paragraph --><!-- wp:heading {\"level\":3} --><\/p>\n<p><!-- \/wp:paragraph --><\/p>\t\t\t\t\t\t<\/div>\n\t\t\t\t<\/div>\n\t\t\t\t<div class=\"elementor-element elementor-element-cd01192 elementor-widget elementor-widget-heading\" data-id=\"cd01192\" data-element_type=\"widget\" data-widget_type=\"heading.default\">\n\t\t\t\t<div class=\"elementor-widget-container\">\n\t\t\t<h3 class=\"elementor-heading-title elementor-size-default\">Estructura de clinoptilolita<\/h3>\t\t<\/div>\n\t\t\t\t<\/div>\n\t\t\t\t<div class=\"elementor-element elementor-element-4d3f878 elementor-widget elementor-widget-text-editor\" data-id=\"4d3f878\" data-element_type=\"widget\" data-widget_type=\"text-editor.default\">\n\t\t\t\t<div class=\"elementor-widget-container\">\n\t\t\t\t\t\t\t<p><!-- \/wp:heading --><!-- wp:paragraph --><\/p>\n<p>Actualmente, la mayor\u00eda de los fabricantes procesan zeolita natural en el mercado. Sin embargo, no todos los productos de zeolita tienen un alto contenido de clinoptilolita. La calidad de un mineral de zeolita depende del contenido del producto ya que el agente activo (que puede intercambiar cationes) en el mineral. Desafortunadamente, en el mercado, algunos productos tienen un contenido de clinoptilolita tan bajo como 50%, incluso a veces 40%, por lo que el resto del producto es piedra o arcilla normal.<\/p>\n<p><!-- \/wp:paragraph --><!-- wp:paragraph --><\/p>\n<p>La clinoptilolita posee una estructura tetra\u00e9drica y forma una serie de composici\u00f3n continua denominada Productos de Zeolitemina. Para conocer m\u00e1s informaci\u00f3n t\u00e9cnica, visite el sitio web de la Asociaci\u00f3n Internacional de Zeolita (IZA). Encontraron una animaci\u00f3n 3D informativa de la estructura tetra\u00e9drica de la zeolita en su sitio web y c\u00f3mo absorbe los cationes en su jaula como un im\u00e1n.<\/p>\n<p><!-- \/wp:paragraph --><!-- wp:heading {\"level\":3} --><\/p>\n<h3>Forma una serie con heulandita:<\/h3>\n<p><!-- \/wp:heading --><!-- wp:list --><\/p>\n<ul>\n<li>Serie de soluciones s\u00f3lidas de clinoptilolita-Ca \u2013 heulandita-Ca<\/li>\n<li>Serie de soluciones s\u00f3lidas de clinoptilolita-K \u2013 heulandita-K<\/li>\n<li>Serie de soluciones s\u00f3lidas de clinoptilolita-Na \u2013 heulandita-Na<\/li>\n<\/ul>\n<p><!-- \/wp:list --><!-- wp:paragraph --><\/p>\n<p><!-- \/wp:paragraph --><!-- wp:paragraph --><\/p>\n<p>La zeolita natural consiste en tetraedros de SiO4 enlazados. El diagrama demuestra la relaci\u00f3n entre el ion de cesio atrapado y la estructura.<\/p>\n<p><!-- \/wp:paragraph --><!-- wp:heading {\"level\":3} --><\/p>\n<h3>Propiedades fisicoqu\u00edmicas espec\u00edficas de la zeolita:<\/h3>\n<p><!-- \/wp:heading --><!-- wp:list --><\/p>\n<ul>\n<li>alta selectividad de intercambio i\u00f3nico<\/li>\n<li>hidrataci\u00f3n y deshidrataci\u00f3n reversibles<\/li>\n<li>alta capacidad de sorci\u00f3n de gas<\/li>\n<li>alta termoestabilidad<\/li>\n<li>resistencia a medios agresivos<\/li>\n<\/ul>\n<p><!-- \/wp:list --><!-- wp:paragraph --><\/p>\n<p><!-- \/wp:paragraph --><!-- wp:paragraph --><\/p>\n<p>Zeolitas naturales La clinoptilolita es un mineral de aluminosilicato hidratado de estructura porosa con valiosas propiedades fisicoqu\u00edmicas. Tales como intercambio cati\u00f3nico, tamizado molecular, cat\u00e1lisis y sorci\u00f3n. El uso de zeolitas naturales para aplicaciones medioambientales est\u00e1 ganando inter\u00e9s en la investigaci\u00f3n reciente, principalmente debido a sus propiedades y su presencia significativa en todo el mundo.<\/p>\n<p><!-- \/wp:paragraph --><!-- wp:paragraph --><\/p>\n<p>Adem\u00e1s, el laboratorio SGS aprob\u00f3 nuestra calidad de Xiamen Zeolitemin Biotech Co., Ltd. El mineral de pureza tiene un contenido de aproximadamente 91% y los compradores lo utilizan para los mercados de alimentaci\u00f3n animal, acuicultura, agricultura, tratamiento de agua y construcci\u00f3n. De lo contrario, el agregado es clinoptilolita de baja calidad.<\/p>\n<p><!-- \/wp:paragraph --><!-- wp:paragraph --><\/p>\n<p>Estos elementos se intercambian durante el intercambio cati\u00f3nico a favor de metales pesados, toxinas, amon\u00edaco, etc. que tienen una mayor atracci\u00f3n por el mineral. Consulte El Museo Virtual de Minerales y Mol\u00e9culas para obtener m\u00e1s informaci\u00f3n.<\/p>\t\t\t\t\t\t<\/div>\n\t\t\t\t<\/div>\n\t\t\t\t\t<\/div>\n\t\t<\/div>\n\t\t\t\t\t<\/div>\n\t\t<\/section>\n\t\t\t\t<section class=\"elementor-section elementor-top-section elementor-element elementor-element-94e37ee elementor-section-boxed elementor-section-height-default elementor-section-height-default\" data-id=\"94e37ee\" data-element_type=\"section\" data-settings=\"{&quot;background_background&quot;:&quot;classic&quot;}\">\n\t\t\t\t\t\t<div class=\"elementor-container elementor-column-gap-default\">\n\t\t\t\t\t<div class=\"elementor-column elementor-col-25 elementor-top-column elementor-element elementor-element-4f3c6eb\" data-id=\"4f3c6eb\" data-element_type=\"column\">\n\t\t\t<div class=\"elementor-widget-wrap elementor-element-populated\">\n\t\t\t\t\t\t<div class=\"elementor-element elementor-element-eab9786 elementor-widget elementor-widget-heading\" data-id=\"eab9786\" data-element_type=\"widget\" data-widget_type=\"heading.default\">\n\t\t\t\t<div class=\"elementor-widget-container\">\n\t\t\t<h3 class=\"elementor-heading-title elementor-size-default\">Deje que nuestras zeolitas respalden su negocio<\/h3>\t\t<\/div>\n\t\t\t\t<\/div>\n\t\t\t\t\t<\/div>\n\t\t<\/div>\n\t\t\t\t<div class=\"elementor-column elementor-col-25 elementor-top-column elementor-element elementor-element-a5af200\" data-id=\"a5af200\" data-element_type=\"column\">\n\t\t\t<div class=\"elementor-widget-wrap\">\n\t\t\t\t\t\t\t<\/div>\n\t\t<\/div>\n\t\t\t\t<div class=\"elementor-column elementor-col-25 elementor-top-column elementor-element elementor-element-42474a1\" data-id=\"42474a1\" data-element_type=\"column\">\n\t\t\t<div class=\"elementor-widget-wrap elementor-element-populated\">\n\t\t\t\t\t\t<div class=\"elementor-element elementor-element-8f60ded elementor-align-justify elementor-widget__width-initial elementor-widget elementor-widget-button\" data-id=\"8f60ded\" data-element_type=\"widget\" data-widget_type=\"button.default\">\n\t\t\t\t<div class=\"elementor-widget-container\">\n\t\t\t\t\t<div class=\"elementor-button-wrapper\">\n\t\t\t<a class=\"elementor-button elementor-button-link elementor-size-sm\" href=\"https:\/\/zeolitemin.com\/es\/make-an-inquire\/\">\n\t\t\t\t\t\t<span class=\"elementor-button-content-wrapper\">\n\t\t\t\t\t\t\t\t\t<span class=\"elementor-button-text\">hacer una consulta<\/span>\n\t\t\t\t\t<\/span>\n\t\t\t\t\t<\/a>\n\t\t<\/div>\n\t\t\t\t<\/div>\n\t\t\t\t<\/div>\n\t\t\t\t\t<\/div>\n\t\t<\/div>\n\t\t\t\t<div class=\"elementor-column elementor-col-25 elementor-top-column elementor-element elementor-element-152805b\" data-id=\"152805b\" data-element_type=\"column\">\n\t\t\t<div class=\"elementor-widget-wrap\">\n\t\t\t\t\t\t\t<\/div>\n\t\t<\/div>\n\t\t\t\t\t<\/div>\n\t\t<\/section>\n\t\t\t\t<\/div>","protected":false},"excerpt":{"rendered":"<p>Zeolita natural frente a zeolita sint\u00e9tica. Se fabric\u00f3 mediante la funci\u00f3n adsorbente y la capacidad de intercambio cati\u00f3nico de un marco de aluminosilicato. La zeolita clinoptilolita se hizo en polvo, gr\u00e1nulos. Clinoptilolita \u2013 Estructura,Propiedades,Hechos Hoy en d\u00eda, hay muchas zeolitas naturales identificadas en el mundo. Clinoptilolita, mordenita, phillipsita, chabazita, estilbita, analcima y laumontita son formas muy comunes, mientras que fuera del sitio, paulingita, barrerita y mazzita, [\u2026]<\/p>","protected":false},"author":1,"featured_media":1390,"parent":3059,"menu_order":3,"comment_status":"closed","ping_status":"closed","template":"elementor_header_footer","meta":{"footnotes":""},"class_list":["post-1460","page","type-page","status-publish","has-post-thumbnail","hentry"],"_links":{"self":[{"href":"https:\/\/zeolitemin.com\/es\/wp-json\/wp\/v2\/pages\/1460","targetHints":{"allow":["GET"]}}],"collection":[{"href":"https:\/\/zeolitemin.com\/es\/wp-json\/wp\/v2\/pages"}],"about":[{"href":"https:\/\/zeolitemin.com\/es\/wp-json\/wp\/v2\/types\/page"}],"author":[{"embeddable":true,"href":"https:\/\/zeolitemin.com\/es\/wp-json\/wp\/v2\/users\/1"}],"replies":[{"embeddable":true,"href":"https:\/\/zeolitemin.com\/es\/wp-json\/wp\/v2\/comments?post=1460"}],"version-history":[{"count":0,"href":"https:\/\/zeolitemin.com\/es\/wp-json\/wp\/v2\/pages\/1460\/revisions"}],"up":[{"embeddable":true,"href":"https:\/\/zeolitemin.com\/es\/wp-json\/wp\/v2\/pages\/3059"}],"wp:featuredmedia":[{"embeddable":true,"href":"https:\/\/zeolitemin.com\/es\/wp-json\/wp\/v2\/media\/1390"}],"wp:attachment":[{"href":"https:\/\/zeolitemin.com\/es\/wp-json\/wp\/v2\/media?parent=1460"}],"curies":[{"name":"wp","href":"https:\/\/api.w.org\/{rel}","templated":true}]}}